{"id":122669,"date":"2025-02-14T08:25:15","date_gmt":"2025-02-14T08:25:15","guid":{"rendered":"https:\/\/storax.be\/producten\/uncategorized\/acrovyn-crc-150\/"},"modified":"2026-02-17T15:35:02","modified_gmt":"2026-02-17T15:35:02","slug":"acrovyn-crc-150","status":"publish","type":"product","link":"https:\/\/storax.be\/fr\/producten\/protection-des-murs\/acrovyn-crc-150\/","title":{"rendered":"Acrovyn CRC-150"},"content":{"rendered":"\n<p>Pare-chocs bomb\u00e9 haute r\u00e9sistance en acier inoxydable de 150 mm de haut avec profil incurv\u00e9, adapt\u00e9 aux environnements o\u00f9 l\u2019hygi\u00e8ne stricte est primordiale.<\/p>\n\n\n\n<h3 class=\"wp-block-heading\"><strong>Caract\u00e9ristiques et avantages<\/strong><\/h3>\n\n\n\n<ul class=\"wp-block-list\">\n<li>Rev\u00eatement en acier inoxydable (finition bross\u00e9e)<\/li>\n\n\n\n<li>Profil\u00e9 disponible \u00e0 la longueur souhait\u00e9e avec embouts standard soud\u00e9s pour faciliter l&rsquo;installation<\/li>\n\n\n\n<li>Mont\u00e9 sur un profil\u00e9 filant continu en aluminium pour une solidit\u00e9 sup\u00e9rieure.<\/li>\n\n\n\n<li>Recoupe sur mesure \u00e0 partir des longueurs standard de 3000 mm max.<\/li>\n\n\n\n<li>Entraxe de 400 mm max.<\/li>\n<\/ul>\n\n\n\n<p><strong>Accessoires<\/strong><\/p>\n\n\n\n<ul class=\"wp-block-list\">\n<li>Profil\u00e9 \u00e0 la longueur souhait\u00e9e avec embouts standard soud\u00e9s<\/li>\n<\/ul>\n\n\n\n<h3 class=\"wp-block-heading\"><strong>Applications<\/strong><\/h3>\n\n\n\n<ul class=\"wp-block-list\">\n<li>Cuisines et espaces de restauration<\/li>\n\n\n\n<li>Laboratoires<\/li>\n\n\n\n<li>Industries pharmaceutiques<\/li>\n\n\n\n<li>Industries agro-alimentaires<\/li>\n\n\n\n<li>Commerces<\/li>\n\n\n\n<li>Couloirs avec passage r\u00e9gulier d&rsquo;engins roulants<\/li>\n\n\n\n<li>Zones d&rsquo;acc\u00e8s priv\u00e9<\/li>\n<\/ul>\n\n\n\n<p><\/p>\n","protected":false},"excerpt":{"rendered":"<p>Pare-chocs bomb\u00e9 haute r\u00e9sistance en acier inoxydable de 150 mm de haut avec profil incurv\u00e9, adapt\u00e9 aux environnements o\u00f9 l\u2019hygi\u00e8ne stricte est primordiale. Caract\u00e9ristiques et avantages Accessoires Applications<\/p>\n","protected":false},"featured_media":122671,"template":"","meta":{"_acf_changed":true},"product_category":[622,612],"product_tag":[901,903],"class_list":["post-122669","product","type-product","status-publish","has-post-thumbnail","hentry","product_category-acrovyn-pare-chocs","product_category-protection-des-murs","product_tag-rvs-stootlijst-fr","product_tag-stootlijst-150-mm-fr"],"acf":[],"yoast_head":"<!-- This site is optimized with the Yoast SEO plugin v27.3 - https:\/\/yoast.com\/product\/yoast-seo-wordpress\/ -->\n<title>Acrovyn CRC-150 | RVS stootlijst voor hygi\u00ebnische omgevingen - Storax Belgium<\/title>\n<meta name=\"description\" content=\"150 mm hoge, robuuste roestvrijstalen stootlijst met een gebogen profiel, geschikt voor zeer hygi\u00ebnische omgevingen.\" \/>\n<meta name=\"robots\" content=\"index, follow, max-snippet:-1, max-image-preview:large, max-video-preview:-1\" \/>\n<link rel=\"canonical\" href=\"https:\/\/storax.be\/fr\/producten\/protection-des-murs\/acrovyn-crc-150\/\" \/>\n<meta property=\"og:locale\" content=\"fr_FR\" \/>\n<meta property=\"og:type\" content=\"article\" \/>\n<meta property=\"og:title\" content=\"Acrovyn CRC-150 | RVS stootlijst voor hygi\u00ebnische omgevingen - Storax Belgium\" \/>\n<meta property=\"og:description\" content=\"150 mm hoge, robuuste roestvrijstalen stootlijst met een gebogen profiel, geschikt voor zeer hygi\u00ebnische omgevingen.\" \/>\n<meta property=\"og:url\" content=\"https:\/\/storax.be\/fr\/producten\/protection-des-murs\/acrovyn-crc-150\/\" \/>\n<meta property=\"og:site_name\" content=\"Storax Belgium\" \/>\n<meta property=\"article:modified_time\" content=\"2026-02-17T15:35:02+00:00\" \/>\n<meta property=\"og:image\" content=\"https:\/\/storax.be\/wp-content\/uploads\/sites\/2\/2025\/02\/CRC-RVS-Stootlijst-voor-muren-en-wanden-.png\" \/>\n\t<meta property=\"og:image:width\" content=\"470\" \/>\n\t<meta property=\"og:image:height\" content=\"470\" \/>\n\t<meta property=\"og:image:type\" content=\"image\/png\" \/>\n<meta name=\"twitter:card\" content=\"summary_large_image\" \/>\n<meta name=\"twitter:label1\" content=\"Dur\u00e9e de lecture estim\u00e9e\" \/>\n\t<meta name=\"twitter:data1\" content=\"1 minute\" \/>\n<script type=\"application\/ld+json\" class=\"yoast-schema-graph\">{\"@context\":\"https:\\\/\\\/schema.org\",\"@graph\":[{\"@type\":\"WebPage\",\"@id\":\"https:\\\/\\\/storax.be\\\/fr\\\/producten\\\/protection-des-murs\\\/acrovyn-crc-150\\\/\",\"url\":\"https:\\\/\\\/storax.be\\\/fr\\\/producten\\\/protection-des-murs\\\/acrovyn-crc-150\\\/\",\"name\":\"Acrovyn CRC-150 | RVS stootlijst voor hygi\u00ebnische omgevingen - Storax Belgium\",\"isPartOf\":{\"@id\":\"https:\\\/\\\/storax.be\\\/fr\\\/#website\"},\"primaryImageOfPage\":{\"@id\":\"https:\\\/\\\/storax.be\\\/fr\\\/producten\\\/protection-des-murs\\\/acrovyn-crc-150\\\/#primaryimage\"},\"image\":{\"@id\":\"https:\\\/\\\/storax.be\\\/fr\\\/producten\\\/protection-des-murs\\\/acrovyn-crc-150\\\/#primaryimage\"},\"thumbnailUrl\":\"https:\\\/\\\/storax.be\\\/wp-content\\\/uploads\\\/sites\\\/2\\\/2025\\\/02\\\/CRC-RVS-Stootlijst-voor-muren-en-wanden-.png\",\"datePublished\":\"2025-02-14T08:25:15+00:00\",\"dateModified\":\"2026-02-17T15:35:02+00:00\",\"description\":\"150 mm hoge, robuuste roestvrijstalen stootlijst met een gebogen profiel, geschikt voor zeer hygi\u00ebnische omgevingen.\",\"breadcrumb\":{\"@id\":\"https:\\\/\\\/storax.be\\\/fr\\\/producten\\\/protection-des-murs\\\/acrovyn-crc-150\\\/#breadcrumb\"},\"inLanguage\":\"fr-FR\",\"potentialAction\":[{\"@type\":\"ReadAction\",\"target\":[\"https:\\\/\\\/storax.be\\\/fr\\\/producten\\\/protection-des-murs\\\/acrovyn-crc-150\\\/\"]}]},{\"@type\":\"ImageObject\",\"inLanguage\":\"fr-FR\",\"@id\":\"https:\\\/\\\/storax.be\\\/fr\\\/producten\\\/protection-des-murs\\\/acrovyn-crc-150\\\/#primaryimage\",\"url\":\"https:\\\/\\\/storax.be\\\/wp-content\\\/uploads\\\/sites\\\/2\\\/2025\\\/02\\\/CRC-RVS-Stootlijst-voor-muren-en-wanden-.png\",\"contentUrl\":\"https:\\\/\\\/storax.be\\\/wp-content\\\/uploads\\\/sites\\\/2\\\/2025\\\/02\\\/CRC-RVS-Stootlijst-voor-muren-en-wanden-.png\",\"width\":470,\"height\":470},{\"@type\":\"BreadcrumbList\",\"@id\":\"https:\\\/\\\/storax.be\\\/fr\\\/producten\\\/protection-des-murs\\\/acrovyn-crc-150\\\/#breadcrumb\",\"itemListElement\":[{\"@type\":\"ListItem\",\"position\":1,\"name\":\"Home\",\"item\":\"https:\\\/\\\/storax.be\\\/fr\\\/\"},{\"@type\":\"ListItem\",\"position\":2,\"name\":\"Producten\",\"item\":\"https:\\\/\\\/storax.be\\\/fr\\\/producten\\\/%product_category%\\\/\"},{\"@type\":\"ListItem\",\"position\":3,\"name\":\"Protection des murs\",\"item\":\"https:\\\/\\\/storax.be\\\/fr\\\/producten\\\/protection-des-murs\\\/\"},{\"@type\":\"ListItem\",\"position\":4,\"name\":\"Acrovyn CRC-150\"}]},{\"@type\":\"WebSite\",\"@id\":\"https:\\\/\\\/storax.be\\\/fr\\\/#website\",\"url\":\"https:\\\/\\\/storax.be\\\/fr\\\/\",\"name\":\"Storax Belgium\",\"description\":\"Uw betrouwbare partner voor bouwprojecten\",\"potentialAction\":[{\"@type\":\"SearchAction\",\"target\":{\"@type\":\"EntryPoint\",\"urlTemplate\":\"https:\\\/\\\/storax.be\\\/fr\\\/?s={search_term_string}\"},\"query-input\":{\"@type\":\"PropertyValueSpecification\",\"valueRequired\":true,\"valueName\":\"search_term_string\"}}],\"inLanguage\":\"fr-FR\"}]}<\/script>\n<!-- \/ Yoast SEO plugin. -->","yoast_head_json":{"title":"Acrovyn CRC-150 | RVS stootlijst voor hygi\u00ebnische omgevingen - Storax Belgium","description":"150 mm hoge, robuuste roestvrijstalen stootlijst met een gebogen profiel, geschikt voor zeer hygi\u00ebnische omgevingen.","robots":{"index":"index","follow":"follow","max-snippet":"max-snippet:-1","max-image-preview":"max-image-preview:large","max-video-preview":"max-video-preview:-1"},"canonical":"https:\/\/storax.be\/fr\/producten\/protection-des-murs\/acrovyn-crc-150\/","og_locale":"fr_FR","og_type":"article","og_title":"Acrovyn CRC-150 | RVS stootlijst voor hygi\u00ebnische omgevingen - Storax Belgium","og_description":"150 mm hoge, robuuste roestvrijstalen stootlijst met een gebogen profiel, geschikt voor zeer hygi\u00ebnische omgevingen.","og_url":"https:\/\/storax.be\/fr\/producten\/protection-des-murs\/acrovyn-crc-150\/","og_site_name":"Storax Belgium","article_modified_time":"2026-02-17T15:35:02+00:00","og_image":[{"width":470,"height":470,"url":"https:\/\/storax.be\/wp-content\/uploads\/sites\/2\/2025\/02\/CRC-RVS-Stootlijst-voor-muren-en-wanden-.png","type":"image\/png"}],"twitter_card":"summary_large_image","twitter_misc":{"Dur\u00e9e de lecture estim\u00e9e":"1 minute"},"schema":{"@context":"https:\/\/schema.org","@graph":[{"@type":"WebPage","@id":"https:\/\/storax.be\/fr\/producten\/protection-des-murs\/acrovyn-crc-150\/","url":"https:\/\/storax.be\/fr\/producten\/protection-des-murs\/acrovyn-crc-150\/","name":"Acrovyn CRC-150 | RVS stootlijst voor hygi\u00ebnische omgevingen - Storax Belgium","isPartOf":{"@id":"https:\/\/storax.be\/fr\/#website"},"primaryImageOfPage":{"@id":"https:\/\/storax.be\/fr\/producten\/protection-des-murs\/acrovyn-crc-150\/#primaryimage"},"image":{"@id":"https:\/\/storax.be\/fr\/producten\/protection-des-murs\/acrovyn-crc-150\/#primaryimage"},"thumbnailUrl":"https:\/\/storax.be\/wp-content\/uploads\/sites\/2\/2025\/02\/CRC-RVS-Stootlijst-voor-muren-en-wanden-.png","datePublished":"2025-02-14T08:25:15+00:00","dateModified":"2026-02-17T15:35:02+00:00","description":"150 mm hoge, robuuste roestvrijstalen stootlijst met een gebogen profiel, geschikt voor zeer hygi\u00ebnische omgevingen.","breadcrumb":{"@id":"https:\/\/storax.be\/fr\/producten\/protection-des-murs\/acrovyn-crc-150\/#breadcrumb"},"inLanguage":"fr-FR","potentialAction":[{"@type":"ReadAction","target":["https:\/\/storax.be\/fr\/producten\/protection-des-murs\/acrovyn-crc-150\/"]}]},{"@type":"ImageObject","inLanguage":"fr-FR","@id":"https:\/\/storax.be\/fr\/producten\/protection-des-murs\/acrovyn-crc-150\/#primaryimage","url":"https:\/\/storax.be\/wp-content\/uploads\/sites\/2\/2025\/02\/CRC-RVS-Stootlijst-voor-muren-en-wanden-.png","contentUrl":"https:\/\/storax.be\/wp-content\/uploads\/sites\/2\/2025\/02\/CRC-RVS-Stootlijst-voor-muren-en-wanden-.png","width":470,"height":470},{"@type":"BreadcrumbList","@id":"https:\/\/storax.be\/fr\/producten\/protection-des-murs\/acrovyn-crc-150\/#breadcrumb","itemListElement":[{"@type":"ListItem","position":1,"name":"Home","item":"https:\/\/storax.be\/fr\/"},{"@type":"ListItem","position":2,"name":"Producten","item":"https:\/\/storax.be\/fr\/producten\/%product_category%\/"},{"@type":"ListItem","position":3,"name":"Protection des murs","item":"https:\/\/storax.be\/fr\/producten\/protection-des-murs\/"},{"@type":"ListItem","position":4,"name":"Acrovyn CRC-150"}]},{"@type":"WebSite","@id":"https:\/\/storax.be\/fr\/#website","url":"https:\/\/storax.be\/fr\/","name":"Storax Belgium","description":"Uw betrouwbare partner voor bouwprojecten","potentialAction":[{"@type":"SearchAction","target":{"@type":"EntryPoint","urlTemplate":"https:\/\/storax.be\/fr\/?s={search_term_string}"},"query-input":{"@type":"PropertyValueSpecification","valueRequired":true,"valueName":"search_term_string"}}],"inLanguage":"fr-FR"}]}},"_links":{"self":[{"href":"https:\/\/storax.be\/fr\/wp-json\/wp\/v2\/product\/122669","targetHints":{"allow":["GET"]}}],"collection":[{"href":"https:\/\/storax.be\/fr\/wp-json\/wp\/v2\/product"}],"about":[{"href":"https:\/\/storax.be\/fr\/wp-json\/wp\/v2\/types\/product"}],"wp:featuredmedia":[{"embeddable":true,"href":"https:\/\/storax.be\/fr\/wp-json\/wp\/v2\/media\/122671"}],"wp:attachment":[{"href":"https:\/\/storax.be\/fr\/wp-json\/wp\/v2\/media?parent=122669"}],"wp:term":[{"taxonomy":"product_category","embeddable":true,"href":"https:\/\/storax.be\/fr\/wp-json\/wp\/v2\/product_category?post=122669"},{"taxonomy":"product_tag","embeddable":true,"href":"https:\/\/storax.be\/fr\/wp-json\/wp\/v2\/product_tag?post=122669"}],"curies":[{"name":"wp","href":"https:\/\/api.w.org\/{rel}","templated":true}]}}