{"id":122649,"date":"2025-02-13T15:48:44","date_gmt":"2025-02-13T15:48:44","guid":{"rendered":"https:\/\/storax.be\/producten\/uncategorized\/stelatex-200-w-50\/"},"modified":"2026-02-17T15:33:37","modified_gmt":"2026-02-17T15:33:37","slug":"stelatex-200-w-50","status":"publish","type":"product","link":"https:\/\/storax.be\/fr\/producten\/protection-des-murs\/stelatex-200-w-50\/","title":{"rendered":"Stelatex 200 W 50"},"content":{"rendered":"\n<h2 class=\"wp-block-heading\">Pare-chocs EPDM pour espaces logistiques<\/h2>\n\n\n\n<p>Pare-chocs ultra r\u00e9sistant en \u00e9lastom\u00e8re EPDM de 200 mm de hauteur capable de supporter les impacts les plus violents. Convient parfaitement aux zones d&rsquo;acc\u00e8s priv\u00e9, aux quais de livraison et aux parkings.<\/p>\n\n\n\n<p><strong>Over dit product<\/strong><\/p>\n\n\n\n<ul class=\"wp-block-list\">\n<li>Disponible en deux tailles pour r\u00e9pondre aux exigences de tous les projets<\/li>\n\n\n\n<li>Adapt\u00e9 \u00e0 une utilisation en int\u00e9rieur comme en ext\u00e9rieur<\/li>\n\n\n\n<li>Bandes adh\u00e9sives r\u00e9fl\u00e9chissantes ou de signalisation en option<\/li>\n\n\n\n<li>Mise en oeuvre sur les poteaux et \u00e9l\u00e9ments circulaires possibles \u00e0 l&rsquo;aide d&rsquo;un dispositif de serrage en acier<\/li>\n\n\n\n<li>Angles interne et externe possibles par coupe \u00e0 onglet sur site<\/li>\n\n\n\n<li>Dimensions : 200 mm (h) x 50 mm (l)<\/li>\n\n\n\n<li>Longueur standard : 3000 mm<\/li>\n\n\n\n<li>Fixation en quinconce avec entraxe de 300 mm max.<\/li>\n<\/ul>\n\n\n\n<p><strong>Accessoires<\/strong><\/p>\n\n\n\n<ul class=\"wp-block-list\">\n<li>Inserts auto-adh\u00e9sifs r\u00e9fl\u00e9chissants (en option &#8211; blanc ou jaune\/noir)<\/li>\n<\/ul>\n\n\n\n<p><strong>Applications<\/strong><br><\/p>\n\n\n\n<ul class=\"wp-block-list\">\n<li>Couloirs de service<\/li>\n\n\n\n<li>Zones d&rsquo;acc\u00e8s priv\u00e9<\/li>\n\n\n\n<li>Quais de chargement<\/li>\n\n\n\n<li>Zones de retrait des bagages<\/li>\n\n\n\n<li>Entrep\u00f4ts<\/li>\n\n\n\n<li>Parkings<\/li>\n<\/ul>\n\n\n\n<p><\/p>\n","protected":false},"excerpt":{"rendered":"<p>Pare-chocs EPDM pour espaces logistiques Pare-chocs ultra r\u00e9sistant en \u00e9lastom\u00e8re EPDM de 200 mm de hauteur capable de supporter les impacts les plus violents. Convient parfaitement aux zones d&rsquo;acc\u00e8s priv\u00e9, aux quais de livraison et aux parkings. Over dit product Accessoires Applications<\/p>\n","protected":false},"featured_media":122651,"template":"","meta":{"_acf_changed":true},"product_category":[622,612],"product_tag":[899,895],"class_list":["post-122649","product","type-product","status-publish","has-post-thumbnail","hentry","product_category-acrovyn-pare-chocs","product_category-protection-des-murs","product_tag-epdm-stootlijst-fr","product_tag-stootlijst-200-mm-fr"],"acf":[],"yoast_head":"<!-- This site is optimized with the Yoast SEO plugin v27.3 - https:\/\/yoast.com\/product\/yoast-seo-wordpress\/ -->\n<title>Stelatex 200 W 50 | Stootlijst voor logisteke ruimtes - Storax Belgium<\/title>\n<meta name=\"description\" content=\"Zware EPDM rubberen stootlijst, bestand tegen de zwaarste stoten zoals in logistieke ruimtes en parkeergarage-gebieden.\" \/>\n<meta name=\"robots\" content=\"index, follow, max-snippet:-1, max-image-preview:large, max-video-preview:-1\" \/>\n<link rel=\"canonical\" href=\"https:\/\/storax.be\/fr\/producten\/protection-des-murs\/stelatex-200-w-50\/\" \/>\n<meta property=\"og:locale\" content=\"fr_FR\" \/>\n<meta property=\"og:type\" content=\"article\" \/>\n<meta property=\"og:title\" content=\"Stelatex 200 W 50 | Stootlijst voor logisteke ruimtes - Storax Belgium\" \/>\n<meta property=\"og:description\" content=\"Zware EPDM rubberen stootlijst, bestand tegen de zwaarste stoten zoals in logistieke ruimtes en parkeergarage-gebieden.\" \/>\n<meta property=\"og:url\" content=\"https:\/\/storax.be\/fr\/producten\/protection-des-murs\/stelatex-200-w-50\/\" \/>\n<meta property=\"og:site_name\" content=\"Storax Belgium\" \/>\n<meta property=\"article:modified_time\" content=\"2026-02-17T15:33:37+00:00\" \/>\n<meta property=\"og:image\" content=\"https:\/\/storax.be\/wp-content\/uploads\/sites\/2\/2025\/02\/200W-Series.png\" \/>\n\t<meta property=\"og:image:width\" content=\"470\" \/>\n\t<meta property=\"og:image:height\" content=\"470\" \/>\n\t<meta property=\"og:image:type\" content=\"image\/png\" \/>\n<meta name=\"twitter:card\" content=\"summary_large_image\" \/>\n<meta name=\"twitter:label1\" content=\"Dur\u00e9e de lecture estim\u00e9e\" \/>\n\t<meta name=\"twitter:data1\" content=\"1 minute\" \/>\n<script type=\"application\/ld+json\" class=\"yoast-schema-graph\">{\"@context\":\"https:\\\/\\\/schema.org\",\"@graph\":[{\"@type\":\"WebPage\",\"@id\":\"https:\\\/\\\/storax.be\\\/fr\\\/producten\\\/protection-des-murs\\\/stelatex-200-w-50\\\/\",\"url\":\"https:\\\/\\\/storax.be\\\/fr\\\/producten\\\/protection-des-murs\\\/stelatex-200-w-50\\\/\",\"name\":\"Stelatex 200 W 50 | Stootlijst voor logisteke ruimtes - Storax Belgium\",\"isPartOf\":{\"@id\":\"https:\\\/\\\/storax.be\\\/fr\\\/#website\"},\"primaryImageOfPage\":{\"@id\":\"https:\\\/\\\/storax.be\\\/fr\\\/producten\\\/protection-des-murs\\\/stelatex-200-w-50\\\/#primaryimage\"},\"image\":{\"@id\":\"https:\\\/\\\/storax.be\\\/fr\\\/producten\\\/protection-des-murs\\\/stelatex-200-w-50\\\/#primaryimage\"},\"thumbnailUrl\":\"https:\\\/\\\/storax.be\\\/wp-content\\\/uploads\\\/sites\\\/2\\\/2025\\\/02\\\/200W-Series.png\",\"datePublished\":\"2025-02-13T15:48:44+00:00\",\"dateModified\":\"2026-02-17T15:33:37+00:00\",\"description\":\"Zware EPDM rubberen stootlijst, bestand tegen de zwaarste stoten zoals in logistieke ruimtes en parkeergarage-gebieden.\",\"breadcrumb\":{\"@id\":\"https:\\\/\\\/storax.be\\\/fr\\\/producten\\\/protection-des-murs\\\/stelatex-200-w-50\\\/#breadcrumb\"},\"inLanguage\":\"fr-FR\",\"potentialAction\":[{\"@type\":\"ReadAction\",\"target\":[\"https:\\\/\\\/storax.be\\\/fr\\\/producten\\\/protection-des-murs\\\/stelatex-200-w-50\\\/\"]}]},{\"@type\":\"ImageObject\",\"inLanguage\":\"fr-FR\",\"@id\":\"https:\\\/\\\/storax.be\\\/fr\\\/producten\\\/protection-des-murs\\\/stelatex-200-w-50\\\/#primaryimage\",\"url\":\"https:\\\/\\\/storax.be\\\/wp-content\\\/uploads\\\/sites\\\/2\\\/2025\\\/02\\\/200W-Series.png\",\"contentUrl\":\"https:\\\/\\\/storax.be\\\/wp-content\\\/uploads\\\/sites\\\/2\\\/2025\\\/02\\\/200W-Series.png\",\"width\":470,\"height\":470},{\"@type\":\"BreadcrumbList\",\"@id\":\"https:\\\/\\\/storax.be\\\/fr\\\/producten\\\/protection-des-murs\\\/stelatex-200-w-50\\\/#breadcrumb\",\"itemListElement\":[{\"@type\":\"ListItem\",\"position\":1,\"name\":\"Home\",\"item\":\"https:\\\/\\\/storax.be\\\/fr\\\/\"},{\"@type\":\"ListItem\",\"position\":2,\"name\":\"Producten\",\"item\":\"https:\\\/\\\/storax.be\\\/fr\\\/producten\\\/%product_category%\\\/\"},{\"@type\":\"ListItem\",\"position\":3,\"name\":\"Protection des murs\",\"item\":\"https:\\\/\\\/storax.be\\\/fr\\\/producten\\\/protection-des-murs\\\/\"},{\"@type\":\"ListItem\",\"position\":4,\"name\":\"Pare-chocs\",\"item\":\"https:\\\/\\\/storax.be\\\/fr\\\/producten\\\/acrovyn-pare-chocs\\\/\"},{\"@type\":\"ListItem\",\"position\":5,\"name\":\"Stelatex 200 W 50\"}]},{\"@type\":\"WebSite\",\"@id\":\"https:\\\/\\\/storax.be\\\/fr\\\/#website\",\"url\":\"https:\\\/\\\/storax.be\\\/fr\\\/\",\"name\":\"Storax Belgium\",\"description\":\"Uw betrouwbare partner voor bouwprojecten\",\"potentialAction\":[{\"@type\":\"SearchAction\",\"target\":{\"@type\":\"EntryPoint\",\"urlTemplate\":\"https:\\\/\\\/storax.be\\\/fr\\\/?s={search_term_string}\"},\"query-input\":{\"@type\":\"PropertyValueSpecification\",\"valueRequired\":true,\"valueName\":\"search_term_string\"}}],\"inLanguage\":\"fr-FR\"}]}<\/script>\n<!-- \/ Yoast SEO plugin. -->","yoast_head_json":{"title":"Stelatex 200 W 50 | Stootlijst voor logisteke ruimtes - Storax Belgium","description":"Zware EPDM rubberen stootlijst, bestand tegen de zwaarste stoten zoals in logistieke ruimtes en parkeergarage-gebieden.","robots":{"index":"index","follow":"follow","max-snippet":"max-snippet:-1","max-image-preview":"max-image-preview:large","max-video-preview":"max-video-preview:-1"},"canonical":"https:\/\/storax.be\/fr\/producten\/protection-des-murs\/stelatex-200-w-50\/","og_locale":"fr_FR","og_type":"article","og_title":"Stelatex 200 W 50 | Stootlijst voor logisteke ruimtes - Storax Belgium","og_description":"Zware EPDM rubberen stootlijst, bestand tegen de zwaarste stoten zoals in logistieke ruimtes en parkeergarage-gebieden.","og_url":"https:\/\/storax.be\/fr\/producten\/protection-des-murs\/stelatex-200-w-50\/","og_site_name":"Storax Belgium","article_modified_time":"2026-02-17T15:33:37+00:00","og_image":[{"width":470,"height":470,"url":"https:\/\/storax.be\/wp-content\/uploads\/sites\/2\/2025\/02\/200W-Series.png","type":"image\/png"}],"twitter_card":"summary_large_image","twitter_misc":{"Dur\u00e9e de lecture estim\u00e9e":"1 minute"},"schema":{"@context":"https:\/\/schema.org","@graph":[{"@type":"WebPage","@id":"https:\/\/storax.be\/fr\/producten\/protection-des-murs\/stelatex-200-w-50\/","url":"https:\/\/storax.be\/fr\/producten\/protection-des-murs\/stelatex-200-w-50\/","name":"Stelatex 200 W 50 | Stootlijst voor logisteke ruimtes - Storax Belgium","isPartOf":{"@id":"https:\/\/storax.be\/fr\/#website"},"primaryImageOfPage":{"@id":"https:\/\/storax.be\/fr\/producten\/protection-des-murs\/stelatex-200-w-50\/#primaryimage"},"image":{"@id":"https:\/\/storax.be\/fr\/producten\/protection-des-murs\/stelatex-200-w-50\/#primaryimage"},"thumbnailUrl":"https:\/\/storax.be\/wp-content\/uploads\/sites\/2\/2025\/02\/200W-Series.png","datePublished":"2025-02-13T15:48:44+00:00","dateModified":"2026-02-17T15:33:37+00:00","description":"Zware EPDM rubberen stootlijst, bestand tegen de zwaarste stoten zoals in logistieke ruimtes en parkeergarage-gebieden.","breadcrumb":{"@id":"https:\/\/storax.be\/fr\/producten\/protection-des-murs\/stelatex-200-w-50\/#breadcrumb"},"inLanguage":"fr-FR","potentialAction":[{"@type":"ReadAction","target":["https:\/\/storax.be\/fr\/producten\/protection-des-murs\/stelatex-200-w-50\/"]}]},{"@type":"ImageObject","inLanguage":"fr-FR","@id":"https:\/\/storax.be\/fr\/producten\/protection-des-murs\/stelatex-200-w-50\/#primaryimage","url":"https:\/\/storax.be\/wp-content\/uploads\/sites\/2\/2025\/02\/200W-Series.png","contentUrl":"https:\/\/storax.be\/wp-content\/uploads\/sites\/2\/2025\/02\/200W-Series.png","width":470,"height":470},{"@type":"BreadcrumbList","@id":"https:\/\/storax.be\/fr\/producten\/protection-des-murs\/stelatex-200-w-50\/#breadcrumb","itemListElement":[{"@type":"ListItem","position":1,"name":"Home","item":"https:\/\/storax.be\/fr\/"},{"@type":"ListItem","position":2,"name":"Producten","item":"https:\/\/storax.be\/fr\/producten\/%product_category%\/"},{"@type":"ListItem","position":3,"name":"Protection des murs","item":"https:\/\/storax.be\/fr\/producten\/protection-des-murs\/"},{"@type":"ListItem","position":4,"name":"Pare-chocs","item":"https:\/\/storax.be\/fr\/producten\/acrovyn-pare-chocs\/"},{"@type":"ListItem","position":5,"name":"Stelatex 200 W 50"}]},{"@type":"WebSite","@id":"https:\/\/storax.be\/fr\/#website","url":"https:\/\/storax.be\/fr\/","name":"Storax Belgium","description":"Uw betrouwbare partner voor bouwprojecten","potentialAction":[{"@type":"SearchAction","target":{"@type":"EntryPoint","urlTemplate":"https:\/\/storax.be\/fr\/?s={search_term_string}"},"query-input":{"@type":"PropertyValueSpecification","valueRequired":true,"valueName":"search_term_string"}}],"inLanguage":"fr-FR"}]}},"_links":{"self":[{"href":"https:\/\/storax.be\/fr\/wp-json\/wp\/v2\/product\/122649","targetHints":{"allow":["GET"]}}],"collection":[{"href":"https:\/\/storax.be\/fr\/wp-json\/wp\/v2\/product"}],"about":[{"href":"https:\/\/storax.be\/fr\/wp-json\/wp\/v2\/types\/product"}],"wp:featuredmedia":[{"embeddable":true,"href":"https:\/\/storax.be\/fr\/wp-json\/wp\/v2\/media\/122651"}],"wp:attachment":[{"href":"https:\/\/storax.be\/fr\/wp-json\/wp\/v2\/media?parent=122649"}],"wp:term":[{"taxonomy":"product_category","embeddable":true,"href":"https:\/\/storax.be\/fr\/wp-json\/wp\/v2\/product_category?post=122649"},{"taxonomy":"product_tag","embeddable":true,"href":"https:\/\/storax.be\/fr\/wp-json\/wp\/v2\/product_tag?post=122649"}],"curies":[{"name":"wp","href":"https:\/\/api.w.org\/{rel}","templated":true}]}}