{"id":122638,"date":"2026-02-17T11:05:55","date_gmt":"2026-02-17T11:05:55","guid":{"rendered":"https:\/\/storax.be\/?post_type=product&#038;p=122638"},"modified":"2026-02-17T15:33:53","modified_gmt":"2026-02-17T15:33:53","slug":"stelatex-100-d","status":"publish","type":"product","link":"https:\/\/storax.be\/fr\/producten\/protection-des-murs\/stelatex-100-d\/","title":{"rendered":"Stelatex 100 D"},"content":{"rendered":"\n<h2 class=\"wp-block-heading\">Pare-chocs EPDM pour espaces logistiques<\/h2>\n\n\n\n<p>Pare-chocs en forme de D con\u00e7u en \u00e9lastom\u00e8re EPDM de 100 mm de hauteur, offrant une protection contre les chocs intenses. Profil\u00e9 adapt\u00e9 \u00e0 un usage int\u00e9rieur et ext\u00e9rieur.<\/p>\n\n\n\n<h3 class=\"wp-block-heading\"><strong>Over dit product <\/strong><\/h3>\n\n\n\n<ul class=\"wp-block-list\">\n<li>Pare-chocs robuste en \u00e9lastom\u00e8re EPDM<\/li>\n\n\n\n<li>Disponible en deux tailles pour r\u00e9pondre aux exigences de tous les projets<\/li>\n\n\n\n<li>Adapt\u00e9 \u00e0 une utilisation en int\u00e9rieur comme en ext\u00e9rieur<\/li>\n\n\n\n<li>L\u2019alv\u00e9ole au coeur du profil\u00e9 se d\u00e9forme pour mieux absorber les impacts et l\u2019onde de choc<\/li>\n\n\n\n<li>Embouts et caches boulons en \u00e9lastom\u00e8re disponibles en option<\/li>\n\n\n\n<li>Angles interne et externe possibles par coupe \u00e0 onglet sur site<\/li>\n\n\n\n<li>Longueur standard : 3000 mm<\/li>\n\n\n\n<li>Entraxe de 400 mm max. Les sections peuvent \u00eatre perc\u00e9es sur site, ou peuvent \u00eatre fournies pr\u00e9-perc\u00e9es sur demande sp\u00e9cifique.<\/li>\n<\/ul>\n\n\n\n<p><strong>Accessoires <\/strong><\/p>\n\n\n\n<ul class=\"wp-block-list\">\n<li>Embouts<\/li>\n\n\n\n<li>Caches boulons<\/li>\n<\/ul>\n\n\n\n<h3 class=\"wp-block-heading\"><strong>Toepassingen<\/strong><\/h3>\n\n\n\n<ul class=\"wp-block-list\">\n<li>Service corridors<\/li>\n\n\n\n<li>Zones d\u2019acc\u00e8s priv\u00e9<\/li>\n\n\n\n<li>Ascenseurs techniques<\/li>\n\n\n\n<li>Zones de retrait des bagages<\/li>\n\n\n\n<li>Entrep\u00f4ts<\/li>\n\n\n\n<li>Quais logistiques<\/li>\n<\/ul>\n\n\n\n<p><\/p>\n","protected":false},"excerpt":{"rendered":"<p>Pare-chocs EPDM pour espaces logistiques Pare-chocs en forme de D con\u00e7u en \u00e9lastom\u00e8re EPDM de 100 mm de hauteur, offrant une protection contre les chocs intenses. Profil\u00e9 adapt\u00e9 \u00e0 un usage int\u00e9rieur et ext\u00e9rieur. Over dit product Accessoires Toepassingen<\/p>\n","protected":false},"featured_media":122639,"template":"","meta":{"_acf_changed":true},"product_category":[622,612],"product_tag":[],"class_list":["post-122638","product","type-product","status-publish","has-post-thumbnail","hentry","product_category-acrovyn-pare-chocs","product_category-protection-des-murs"],"acf":[],"yoast_head":"<!-- This site is optimized with the Yoast SEO plugin v27.3 - https:\/\/yoast.com\/product\/yoast-seo-wordpress\/ -->\n<title>Stelatex 100 D - Storax Belgium<\/title>\n<meta name=\"robots\" content=\"index, follow, max-snippet:-1, max-image-preview:large, max-video-preview:-1\" \/>\n<link rel=\"canonical\" href=\"https:\/\/storax.be\/fr\/producten\/protection-des-murs\/stelatex-100-d\/\" \/>\n<meta property=\"og:locale\" content=\"fr_FR\" \/>\n<meta property=\"og:type\" content=\"article\" \/>\n<meta property=\"og:title\" content=\"Stelatex 100 D - Storax Belgium\" \/>\n<meta property=\"og:description\" content=\"Pare-chocs EPDM pour espaces logistiques Pare-chocs en forme de D con\u00e7u en \u00e9lastom\u00e8re EPDM de 100 mm de hauteur, offrant une protection contre les chocs intenses. Profil\u00e9 adapt\u00e9 \u00e0 un usage int\u00e9rieur et ext\u00e9rieur. Over dit product Accessoires Toepassingen\" \/>\n<meta property=\"og:url\" content=\"https:\/\/storax.be\/fr\/producten\/protection-des-murs\/stelatex-100-d\/\" \/>\n<meta property=\"og:site_name\" content=\"Storax Belgium\" \/>\n<meta property=\"article:modified_time\" content=\"2026-02-17T15:33:53+00:00\" \/>\n<meta property=\"og:image\" content=\"https:\/\/storax.be\/wp-content\/uploads\/sites\/2\/2026\/02\/Stelatex-100-D-epdm-stootlijst-logisteke-.png\" \/>\n\t<meta property=\"og:image:width\" content=\"470\" \/>\n\t<meta property=\"og:image:height\" content=\"470\" \/>\n\t<meta property=\"og:image:type\" content=\"image\/png\" \/>\n<meta name=\"twitter:card\" content=\"summary_large_image\" \/>\n<meta name=\"twitter:label1\" content=\"Dur\u00e9e de lecture estim\u00e9e\" \/>\n\t<meta name=\"twitter:data1\" content=\"1 minute\" \/>\n<script type=\"application\/ld+json\" class=\"yoast-schema-graph\">{\"@context\":\"https:\\\/\\\/schema.org\",\"@graph\":[{\"@type\":\"WebPage\",\"@id\":\"https:\\\/\\\/storax.be\\\/fr\\\/producten\\\/protection-des-murs\\\/stelatex-100-d\\\/\",\"url\":\"https:\\\/\\\/storax.be\\\/fr\\\/producten\\\/protection-des-murs\\\/stelatex-100-d\\\/\",\"name\":\"Stelatex 100 D - Storax Belgium\",\"isPartOf\":{\"@id\":\"https:\\\/\\\/storax.be\\\/fr\\\/#website\"},\"primaryImageOfPage\":{\"@id\":\"https:\\\/\\\/storax.be\\\/fr\\\/producten\\\/protection-des-murs\\\/stelatex-100-d\\\/#primaryimage\"},\"image\":{\"@id\":\"https:\\\/\\\/storax.be\\\/fr\\\/producten\\\/protection-des-murs\\\/stelatex-100-d\\\/#primaryimage\"},\"thumbnailUrl\":\"https:\\\/\\\/storax.be\\\/wp-content\\\/uploads\\\/sites\\\/2\\\/2026\\\/02\\\/Stelatex-100-D-epdm-stootlijst-logisteke-.png\",\"datePublished\":\"2026-02-17T11:05:55+00:00\",\"dateModified\":\"2026-02-17T15:33:53+00:00\",\"breadcrumb\":{\"@id\":\"https:\\\/\\\/storax.be\\\/fr\\\/producten\\\/protection-des-murs\\\/stelatex-100-d\\\/#breadcrumb\"},\"inLanguage\":\"fr-FR\",\"potentialAction\":[{\"@type\":\"ReadAction\",\"target\":[\"https:\\\/\\\/storax.be\\\/fr\\\/producten\\\/protection-des-murs\\\/stelatex-100-d\\\/\"]}]},{\"@type\":\"ImageObject\",\"inLanguage\":\"fr-FR\",\"@id\":\"https:\\\/\\\/storax.be\\\/fr\\\/producten\\\/protection-des-murs\\\/stelatex-100-d\\\/#primaryimage\",\"url\":\"https:\\\/\\\/storax.be\\\/wp-content\\\/uploads\\\/sites\\\/2\\\/2026\\\/02\\\/Stelatex-100-D-epdm-stootlijst-logisteke-.png\",\"contentUrl\":\"https:\\\/\\\/storax.be\\\/wp-content\\\/uploads\\\/sites\\\/2\\\/2026\\\/02\\\/Stelatex-100-D-epdm-stootlijst-logisteke-.png\",\"width\":470,\"height\":470,\"caption\":\"Stelatex-100-D-epdm-stootlijst-logisteke-\"},{\"@type\":\"BreadcrumbList\",\"@id\":\"https:\\\/\\\/storax.be\\\/fr\\\/producten\\\/protection-des-murs\\\/stelatex-100-d\\\/#breadcrumb\",\"itemListElement\":[{\"@type\":\"ListItem\",\"position\":1,\"name\":\"Home\",\"item\":\"https:\\\/\\\/storax.be\\\/fr\\\/\"},{\"@type\":\"ListItem\",\"position\":2,\"name\":\"Producten\",\"item\":\"https:\\\/\\\/storax.be\\\/fr\\\/producten\\\/%product_category%\\\/\"},{\"@type\":\"ListItem\",\"position\":3,\"name\":\"Protection des murs\",\"item\":\"https:\\\/\\\/storax.be\\\/fr\\\/producten\\\/protection-des-murs\\\/\"},{\"@type\":\"ListItem\",\"position\":4,\"name\":\"Pare-chocs\",\"item\":\"https:\\\/\\\/storax.be\\\/fr\\\/producten\\\/acrovyn-pare-chocs\\\/\"},{\"@type\":\"ListItem\",\"position\":5,\"name\":\"Stelatex 100 D\"}]},{\"@type\":\"WebSite\",\"@id\":\"https:\\\/\\\/storax.be\\\/fr\\\/#website\",\"url\":\"https:\\\/\\\/storax.be\\\/fr\\\/\",\"name\":\"Storax Belgium\",\"description\":\"Uw betrouwbare partner voor bouwprojecten\",\"potentialAction\":[{\"@type\":\"SearchAction\",\"target\":{\"@type\":\"EntryPoint\",\"urlTemplate\":\"https:\\\/\\\/storax.be\\\/fr\\\/?s={search_term_string}\"},\"query-input\":{\"@type\":\"PropertyValueSpecification\",\"valueRequired\":true,\"valueName\":\"search_term_string\"}}],\"inLanguage\":\"fr-FR\"}]}<\/script>\n<!-- \/ Yoast SEO plugin. -->","yoast_head_json":{"title":"Stelatex 100 D - Storax Belgium","robots":{"index":"index","follow":"follow","max-snippet":"max-snippet:-1","max-image-preview":"max-image-preview:large","max-video-preview":"max-video-preview:-1"},"canonical":"https:\/\/storax.be\/fr\/producten\/protection-des-murs\/stelatex-100-d\/","og_locale":"fr_FR","og_type":"article","og_title":"Stelatex 100 D - Storax Belgium","og_description":"Pare-chocs EPDM pour espaces logistiques Pare-chocs en forme de D con\u00e7u en \u00e9lastom\u00e8re EPDM de 100 mm de hauteur, offrant une protection contre les chocs intenses. Profil\u00e9 adapt\u00e9 \u00e0 un usage int\u00e9rieur et ext\u00e9rieur. Over dit product Accessoires Toepassingen","og_url":"https:\/\/storax.be\/fr\/producten\/protection-des-murs\/stelatex-100-d\/","og_site_name":"Storax Belgium","article_modified_time":"2026-02-17T15:33:53+00:00","og_image":[{"width":470,"height":470,"url":"https:\/\/storax.be\/wp-content\/uploads\/sites\/2\/2026\/02\/Stelatex-100-D-epdm-stootlijst-logisteke-.png","type":"image\/png"}],"twitter_card":"summary_large_image","twitter_misc":{"Dur\u00e9e de lecture estim\u00e9e":"1 minute"},"schema":{"@context":"https:\/\/schema.org","@graph":[{"@type":"WebPage","@id":"https:\/\/storax.be\/fr\/producten\/protection-des-murs\/stelatex-100-d\/","url":"https:\/\/storax.be\/fr\/producten\/protection-des-murs\/stelatex-100-d\/","name":"Stelatex 100 D - Storax Belgium","isPartOf":{"@id":"https:\/\/storax.be\/fr\/#website"},"primaryImageOfPage":{"@id":"https:\/\/storax.be\/fr\/producten\/protection-des-murs\/stelatex-100-d\/#primaryimage"},"image":{"@id":"https:\/\/storax.be\/fr\/producten\/protection-des-murs\/stelatex-100-d\/#primaryimage"},"thumbnailUrl":"https:\/\/storax.be\/wp-content\/uploads\/sites\/2\/2026\/02\/Stelatex-100-D-epdm-stootlijst-logisteke-.png","datePublished":"2026-02-17T11:05:55+00:00","dateModified":"2026-02-17T15:33:53+00:00","breadcrumb":{"@id":"https:\/\/storax.be\/fr\/producten\/protection-des-murs\/stelatex-100-d\/#breadcrumb"},"inLanguage":"fr-FR","potentialAction":[{"@type":"ReadAction","target":["https:\/\/storax.be\/fr\/producten\/protection-des-murs\/stelatex-100-d\/"]}]},{"@type":"ImageObject","inLanguage":"fr-FR","@id":"https:\/\/storax.be\/fr\/producten\/protection-des-murs\/stelatex-100-d\/#primaryimage","url":"https:\/\/storax.be\/wp-content\/uploads\/sites\/2\/2026\/02\/Stelatex-100-D-epdm-stootlijst-logisteke-.png","contentUrl":"https:\/\/storax.be\/wp-content\/uploads\/sites\/2\/2026\/02\/Stelatex-100-D-epdm-stootlijst-logisteke-.png","width":470,"height":470,"caption":"Stelatex-100-D-epdm-stootlijst-logisteke-"},{"@type":"BreadcrumbList","@id":"https:\/\/storax.be\/fr\/producten\/protection-des-murs\/stelatex-100-d\/#breadcrumb","itemListElement":[{"@type":"ListItem","position":1,"name":"Home","item":"https:\/\/storax.be\/fr\/"},{"@type":"ListItem","position":2,"name":"Producten","item":"https:\/\/storax.be\/fr\/producten\/%product_category%\/"},{"@type":"ListItem","position":3,"name":"Protection des murs","item":"https:\/\/storax.be\/fr\/producten\/protection-des-murs\/"},{"@type":"ListItem","position":4,"name":"Pare-chocs","item":"https:\/\/storax.be\/fr\/producten\/acrovyn-pare-chocs\/"},{"@type":"ListItem","position":5,"name":"Stelatex 100 D"}]},{"@type":"WebSite","@id":"https:\/\/storax.be\/fr\/#website","url":"https:\/\/storax.be\/fr\/","name":"Storax Belgium","description":"Uw betrouwbare partner voor bouwprojecten","potentialAction":[{"@type":"SearchAction","target":{"@type":"EntryPoint","urlTemplate":"https:\/\/storax.be\/fr\/?s={search_term_string}"},"query-input":{"@type":"PropertyValueSpecification","valueRequired":true,"valueName":"search_term_string"}}],"inLanguage":"fr-FR"}]}},"_links":{"self":[{"href":"https:\/\/storax.be\/fr\/wp-json\/wp\/v2\/product\/122638","targetHints":{"allow":["GET"]}}],"collection":[{"href":"https:\/\/storax.be\/fr\/wp-json\/wp\/v2\/product"}],"about":[{"href":"https:\/\/storax.be\/fr\/wp-json\/wp\/v2\/types\/product"}],"wp:featuredmedia":[{"embeddable":true,"href":"https:\/\/storax.be\/fr\/wp-json\/wp\/v2\/media\/122639"}],"wp:attachment":[{"href":"https:\/\/storax.be\/fr\/wp-json\/wp\/v2\/media?parent=122638"}],"wp:term":[{"taxonomy":"product_category","embeddable":true,"href":"https:\/\/storax.be\/fr\/wp-json\/wp\/v2\/product_category?post=122638"},{"taxonomy":"product_tag","embeddable":true,"href":"https:\/\/storax.be\/fr\/wp-json\/wp\/v2\/product_tag?post=122638"}],"curies":[{"name":"wp","href":"https:\/\/api.w.org\/{rel}","templated":true}]}}