{"id":122623,"date":"2026-02-17T10:55:13","date_gmt":"2026-02-17T10:55:13","guid":{"rendered":"https:\/\/storax.be\/?post_type=product&#038;p=122623"},"modified":"2026-02-17T15:35:49","modified_gmt":"2026-02-17T15:35:49","slug":"acrovyn-bg-10","status":"publish","type":"product","link":"https:\/\/storax.be\/fr\/producten\/protection-des-murs\/acrovyn-bg-10\/","title":{"rendered":"Acrovyn BG-10"},"content":{"rendered":"\n<h2 class=\"wp-block-heading\">Pare-chocs pour circulation roulante<\/h2>\n\n\n\n<p>Pare-chocs bomb\u00e9 de 102 mm de haut destin\u00e9 \u00e0 prot\u00e9ger les murs contre les chocs li\u00e9s aux passages d\u2019engins roulants. Ce profil\u00e9, souvent positionn\u00e9 sur la partie inf\u00e9rieure du mur est id\u00e9al lorsqu\u2019il compl\u00e8te une main-courante ou d&rsquo;autres pare-chocs.<\/p>\n\n\n\n<h3 class=\"wp-block-heading\"><strong>Over dit product<\/strong><\/h3>\n\n\n\n<ul class=\"wp-block-list\">\n<li>Rev\u00eatement en Acrovyn textur\u00e9 mont\u00e9 sur un profil\u00e9 filant en aluminium<\/li>\n\n\n\n<li>Le pare-chocs amorti efficacement les chocs<\/li>\n\n\n\n<li>Montage sur entretoises pour plus de distance par rapport au mur<\/li>\n\n\n\n<li>Les rev\u00eatements sont faciles \u00e0 remplacer<\/li>\n\n\n\n<li>Longueurs standard : 4000 mm<\/li>\n\n\n\n<li>Entraxe de fixation de 600 mm max.<\/li>\n<\/ul>\n\n\n\n<h3 class=\"wp-block-heading\"><strong>Applications<\/strong><\/h3>\n\n\n\n<ul class=\"wp-block-list\">\n<li>Couloirs<\/li>\n\n\n\n<li>Espaces d&rsquo;accueil<\/li>\n\n\n\n<li>Zones d&rsquo;acc\u00e8s priv\u00e9<\/li>\n\n\n\n<li>Cages d&rsquo;escaliers et ascenseurs<\/li>\n<\/ul>\n\n\n\n<h3 class=\"wp-block-heading\"><strong>Accessoires<\/strong><\/h3>\n\n\n\n<ul class=\"wp-block-list\">\n<li>Embouts standard<\/li>\n\n\n\n<li>Embouts d&rsquo;angle externe<\/li>\n<\/ul>\n\n\n\n<p><\/p>\n","protected":false},"excerpt":{"rendered":"<p>Pare-chocs pour circulation roulante Pare-chocs bomb\u00e9 de 102 mm de haut destin\u00e9 \u00e0 prot\u00e9ger les murs contre les chocs li\u00e9s aux passages d\u2019engins roulants. Ce profil\u00e9, souvent positionn\u00e9 sur la partie inf\u00e9rieure du mur est id\u00e9al lorsqu\u2019il compl\u00e8te une main-courante ou d&rsquo;autres pare-chocs. Over dit product Applications Accessoires<\/p>\n","protected":false},"featured_media":122626,"template":"","meta":{"_acf_changed":true},"product_category":[622,612],"product_tag":[],"class_list":["post-122623","product","type-product","status-publish","has-post-thumbnail","hentry","product_category-acrovyn-pare-chocs","product_category-protection-des-murs"],"acf":[],"yoast_head":"<!-- This site is optimized with the Yoast SEO plugin v27.3 - https:\/\/yoast.com\/product\/yoast-seo-wordpress\/ -->\n<title>Acrovyn BG-10 - Storax Belgium<\/title>\n<meta name=\"robots\" content=\"index, follow, max-snippet:-1, max-image-preview:large, max-video-preview:-1\" \/>\n<link rel=\"canonical\" href=\"https:\/\/storax.be\/fr\/producten\/protection-des-murs\/acrovyn-bg-10\/\" \/>\n<meta property=\"og:locale\" content=\"fr_FR\" \/>\n<meta property=\"og:type\" content=\"article\" \/>\n<meta property=\"og:title\" content=\"Acrovyn BG-10 - Storax Belgium\" \/>\n<meta property=\"og:description\" content=\"Pare-chocs pour circulation roulante Pare-chocs bomb\u00e9 de 102 mm de haut destin\u00e9 \u00e0 prot\u00e9ger les murs contre les chocs li\u00e9s aux passages d\u2019engins roulants. Ce profil\u00e9, souvent positionn\u00e9 sur la partie inf\u00e9rieure du mur est id\u00e9al lorsqu\u2019il compl\u00e8te une main-courante ou d&rsquo;autres pare-chocs. Over dit product Applications Accessoires\" \/>\n<meta property=\"og:url\" content=\"https:\/\/storax.be\/fr\/producten\/protection-des-murs\/acrovyn-bg-10\/\" \/>\n<meta property=\"og:site_name\" content=\"Storax Belgium\" \/>\n<meta property=\"article:modified_time\" content=\"2026-02-17T15:35:49+00:00\" \/>\n<meta property=\"og:image\" content=\"https:\/\/storax.be\/wp-content\/uploads\/sites\/2\/2026\/02\/BG10-stootlijst-1.png\" \/>\n\t<meta property=\"og:image:width\" content=\"470\" \/>\n\t<meta property=\"og:image:height\" content=\"470\" \/>\n\t<meta property=\"og:image:type\" content=\"image\/png\" \/>\n<meta name=\"twitter:card\" content=\"summary_large_image\" \/>\n<meta name=\"twitter:label1\" content=\"Dur\u00e9e de lecture estim\u00e9e\" \/>\n\t<meta name=\"twitter:data1\" content=\"1 minute\" \/>\n<script type=\"application\/ld+json\" class=\"yoast-schema-graph\">{\"@context\":\"https:\\\/\\\/schema.org\",\"@graph\":[{\"@type\":\"WebPage\",\"@id\":\"https:\\\/\\\/storax.be\\\/fr\\\/producten\\\/protection-des-murs\\\/acrovyn-bg-10\\\/\",\"url\":\"https:\\\/\\\/storax.be\\\/fr\\\/producten\\\/protection-des-murs\\\/acrovyn-bg-10\\\/\",\"name\":\"Acrovyn BG-10 - Storax Belgium\",\"isPartOf\":{\"@id\":\"https:\\\/\\\/storax.be\\\/fr\\\/#website\"},\"primaryImageOfPage\":{\"@id\":\"https:\\\/\\\/storax.be\\\/fr\\\/producten\\\/protection-des-murs\\\/acrovyn-bg-10\\\/#primaryimage\"},\"image\":{\"@id\":\"https:\\\/\\\/storax.be\\\/fr\\\/producten\\\/protection-des-murs\\\/acrovyn-bg-10\\\/#primaryimage\"},\"thumbnailUrl\":\"https:\\\/\\\/storax.be\\\/wp-content\\\/uploads\\\/sites\\\/2\\\/2026\\\/02\\\/BG10-stootlijst-1.png\",\"datePublished\":\"2026-02-17T10:55:13+00:00\",\"dateModified\":\"2026-02-17T15:35:49+00:00\",\"breadcrumb\":{\"@id\":\"https:\\\/\\\/storax.be\\\/fr\\\/producten\\\/protection-des-murs\\\/acrovyn-bg-10\\\/#breadcrumb\"},\"inLanguage\":\"fr-FR\",\"potentialAction\":[{\"@type\":\"ReadAction\",\"target\":[\"https:\\\/\\\/storax.be\\\/fr\\\/producten\\\/protection-des-murs\\\/acrovyn-bg-10\\\/\"]}]},{\"@type\":\"ImageObject\",\"inLanguage\":\"fr-FR\",\"@id\":\"https:\\\/\\\/storax.be\\\/fr\\\/producten\\\/protection-des-murs\\\/acrovyn-bg-10\\\/#primaryimage\",\"url\":\"https:\\\/\\\/storax.be\\\/wp-content\\\/uploads\\\/sites\\\/2\\\/2026\\\/02\\\/BG10-stootlijst-1.png\",\"contentUrl\":\"https:\\\/\\\/storax.be\\\/wp-content\\\/uploads\\\/sites\\\/2\\\/2026\\\/02\\\/BG10-stootlijst-1.png\",\"width\":470,\"height\":470,\"caption\":\"stootplaat rollend verkeer\"},{\"@type\":\"BreadcrumbList\",\"@id\":\"https:\\\/\\\/storax.be\\\/fr\\\/producten\\\/protection-des-murs\\\/acrovyn-bg-10\\\/#breadcrumb\",\"itemListElement\":[{\"@type\":\"ListItem\",\"position\":1,\"name\":\"Home\",\"item\":\"https:\\\/\\\/storax.be\\\/fr\\\/\"},{\"@type\":\"ListItem\",\"position\":2,\"name\":\"Producten\",\"item\":\"https:\\\/\\\/storax.be\\\/fr\\\/producten\\\/%product_category%\\\/\"},{\"@type\":\"ListItem\",\"position\":3,\"name\":\"Protection des murs\",\"item\":\"https:\\\/\\\/storax.be\\\/fr\\\/producten\\\/protection-des-murs\\\/\"},{\"@type\":\"ListItem\",\"position\":4,\"name\":\"Pare-chocs\",\"item\":\"https:\\\/\\\/storax.be\\\/fr\\\/producten\\\/acrovyn-pare-chocs\\\/\"},{\"@type\":\"ListItem\",\"position\":5,\"name\":\"Acrovyn BG-10\"}]},{\"@type\":\"WebSite\",\"@id\":\"https:\\\/\\\/storax.be\\\/fr\\\/#website\",\"url\":\"https:\\\/\\\/storax.be\\\/fr\\\/\",\"name\":\"Storax Belgium\",\"description\":\"Uw betrouwbare partner voor bouwprojecten\",\"potentialAction\":[{\"@type\":\"SearchAction\",\"target\":{\"@type\":\"EntryPoint\",\"urlTemplate\":\"https:\\\/\\\/storax.be\\\/fr\\\/?s={search_term_string}\"},\"query-input\":{\"@type\":\"PropertyValueSpecification\",\"valueRequired\":true,\"valueName\":\"search_term_string\"}}],\"inLanguage\":\"fr-FR\"}]}<\/script>\n<!-- \/ Yoast SEO plugin. -->","yoast_head_json":{"title":"Acrovyn BG-10 - Storax Belgium","robots":{"index":"index","follow":"follow","max-snippet":"max-snippet:-1","max-image-preview":"max-image-preview:large","max-video-preview":"max-video-preview:-1"},"canonical":"https:\/\/storax.be\/fr\/producten\/protection-des-murs\/acrovyn-bg-10\/","og_locale":"fr_FR","og_type":"article","og_title":"Acrovyn BG-10 - Storax Belgium","og_description":"Pare-chocs pour circulation roulante Pare-chocs bomb\u00e9 de 102 mm de haut destin\u00e9 \u00e0 prot\u00e9ger les murs contre les chocs li\u00e9s aux passages d\u2019engins roulants. Ce profil\u00e9, souvent positionn\u00e9 sur la partie inf\u00e9rieure du mur est id\u00e9al lorsqu\u2019il compl\u00e8te une main-courante ou d&rsquo;autres pare-chocs. Over dit product Applications Accessoires","og_url":"https:\/\/storax.be\/fr\/producten\/protection-des-murs\/acrovyn-bg-10\/","og_site_name":"Storax Belgium","article_modified_time":"2026-02-17T15:35:49+00:00","og_image":[{"width":470,"height":470,"url":"https:\/\/storax.be\/wp-content\/uploads\/sites\/2\/2026\/02\/BG10-stootlijst-1.png","type":"image\/png"}],"twitter_card":"summary_large_image","twitter_misc":{"Dur\u00e9e de lecture estim\u00e9e":"1 minute"},"schema":{"@context":"https:\/\/schema.org","@graph":[{"@type":"WebPage","@id":"https:\/\/storax.be\/fr\/producten\/protection-des-murs\/acrovyn-bg-10\/","url":"https:\/\/storax.be\/fr\/producten\/protection-des-murs\/acrovyn-bg-10\/","name":"Acrovyn BG-10 - Storax Belgium","isPartOf":{"@id":"https:\/\/storax.be\/fr\/#website"},"primaryImageOfPage":{"@id":"https:\/\/storax.be\/fr\/producten\/protection-des-murs\/acrovyn-bg-10\/#primaryimage"},"image":{"@id":"https:\/\/storax.be\/fr\/producten\/protection-des-murs\/acrovyn-bg-10\/#primaryimage"},"thumbnailUrl":"https:\/\/storax.be\/wp-content\/uploads\/sites\/2\/2026\/02\/BG10-stootlijst-1.png","datePublished":"2026-02-17T10:55:13+00:00","dateModified":"2026-02-17T15:35:49+00:00","breadcrumb":{"@id":"https:\/\/storax.be\/fr\/producten\/protection-des-murs\/acrovyn-bg-10\/#breadcrumb"},"inLanguage":"fr-FR","potentialAction":[{"@type":"ReadAction","target":["https:\/\/storax.be\/fr\/producten\/protection-des-murs\/acrovyn-bg-10\/"]}]},{"@type":"ImageObject","inLanguage":"fr-FR","@id":"https:\/\/storax.be\/fr\/producten\/protection-des-murs\/acrovyn-bg-10\/#primaryimage","url":"https:\/\/storax.be\/wp-content\/uploads\/sites\/2\/2026\/02\/BG10-stootlijst-1.png","contentUrl":"https:\/\/storax.be\/wp-content\/uploads\/sites\/2\/2026\/02\/BG10-stootlijst-1.png","width":470,"height":470,"caption":"stootplaat rollend verkeer"},{"@type":"BreadcrumbList","@id":"https:\/\/storax.be\/fr\/producten\/protection-des-murs\/acrovyn-bg-10\/#breadcrumb","itemListElement":[{"@type":"ListItem","position":1,"name":"Home","item":"https:\/\/storax.be\/fr\/"},{"@type":"ListItem","position":2,"name":"Producten","item":"https:\/\/storax.be\/fr\/producten\/%product_category%\/"},{"@type":"ListItem","position":3,"name":"Protection des murs","item":"https:\/\/storax.be\/fr\/producten\/protection-des-murs\/"},{"@type":"ListItem","position":4,"name":"Pare-chocs","item":"https:\/\/storax.be\/fr\/producten\/acrovyn-pare-chocs\/"},{"@type":"ListItem","position":5,"name":"Acrovyn BG-10"}]},{"@type":"WebSite","@id":"https:\/\/storax.be\/fr\/#website","url":"https:\/\/storax.be\/fr\/","name":"Storax Belgium","description":"Uw betrouwbare partner voor bouwprojecten","potentialAction":[{"@type":"SearchAction","target":{"@type":"EntryPoint","urlTemplate":"https:\/\/storax.be\/fr\/?s={search_term_string}"},"query-input":{"@type":"PropertyValueSpecification","valueRequired":true,"valueName":"search_term_string"}}],"inLanguage":"fr-FR"}]}},"_links":{"self":[{"href":"https:\/\/storax.be\/fr\/wp-json\/wp\/v2\/product\/122623","targetHints":{"allow":["GET"]}}],"collection":[{"href":"https:\/\/storax.be\/fr\/wp-json\/wp\/v2\/product"}],"about":[{"href":"https:\/\/storax.be\/fr\/wp-json\/wp\/v2\/types\/product"}],"wp:featuredmedia":[{"embeddable":true,"href":"https:\/\/storax.be\/fr\/wp-json\/wp\/v2\/media\/122626"}],"wp:attachment":[{"href":"https:\/\/storax.be\/fr\/wp-json\/wp\/v2\/media?parent=122623"}],"wp:term":[{"taxonomy":"product_category","embeddable":true,"href":"https:\/\/storax.be\/fr\/wp-json\/wp\/v2\/product_category?post=122623"},{"taxonomy":"product_tag","embeddable":true,"href":"https:\/\/storax.be\/fr\/wp-json\/wp\/v2\/product_tag?post=122623"}],"curies":[{"name":"wp","href":"https:\/\/api.w.org\/{rel}","templated":true}]}}