{"id":122618,"date":"2025-02-13T13:56:55","date_gmt":"2025-02-13T13:56:55","guid":{"rendered":"https:\/\/storax.be\/producten\/uncategorized\/hrb-50n\/"},"modified":"2026-02-17T15:06:09","modified_gmt":"2026-02-17T15:06:09","slug":"hrb-50n","status":"publish","type":"product","link":"https:\/\/storax.be\/fr\/producten\/leuningen-fr\/hrb-50n\/","title":{"rendered":"HRB 50N"},"content":{"rendered":"\n<p>D&rsquo;une hauteur de 220 mm, le profil\u00e9 HRB-50N combine une main-courante et un pare-chocs en Acrovyn PVC-free mont\u00e9 sur une structure en acier inoxydable pour offrir un soutien fiable \u00e0 la mobilit\u00e9 et une protection accrue contre les impacts.<\/p>\n\n\n\n<p><\/p>\n\n\n\n<p><strong>Caract\u00e9ristiques et avantages<\/strong><\/p>\n\n\n\n<ul class=\"wp-block-list\">\n<li>Main-courante\/pare-chocs conforme aux normes en vigueur pour les zones \u00e0 forte circulation<\/li>\n\n\n\n<li>Main-courante de 40 mm de \u00d8 avec un rev\u00eatement textur\u00e9 clips\u00e9 sur un profil\u00e9 en aluminium pour une prise s\u00fbre et confortable<\/li>\n\n\n\n<li>Pare-chocs de 127 mm de haut avec rev\u00eatement textur\u00e9, associ\u00e9 \u00e0 un profil\u00e9 filant en aluminium et dot\u00e9 d\u2019un amortisseur filant pour une protection efficace contre les chocs<\/li>\n\n\n\n<li>Des couleurs assorties ou contrast\u00e9es peuvent \u00eatre s\u00e9lectionn\u00e9es pour r\u00e9pondre aux exigences de tous les projets<\/li>\n\n\n\n<li>Parclose jointive pour une hygi\u00e8ne maitris\u00e9e et un nettoyage ais\u00e9<\/li>\n\n\n\n<li>Montage sur consoles robustes en inox<\/li>\n\n\n\n<li>Longueur standard : 3000 mm<\/li>\n\n\n\n<li>Entraxe de fixation de 800 mm max. ; fixation sur montant<br>ou panneau recommand\u00e9e<\/li>\n<\/ul>\n\n\n\n<p><strong>Accessoires<\/strong><\/p>\n\n\n\n<ul class=\"wp-block-list\">\n<li>Embouts standard<\/li>\n\n\n\n<li>Embouts d&rsquo;angle externe<\/li>\n\n\n\n<li>Embouts d&rsquo;angle interne disponibles pour la maincourante<\/li>\n\n\n\n<li>Consoles en acier inoxydable<\/li>\n\n\n\n<li>Bagues d\u00e9coratives verticales (en option : mains-courantes<\/li>\n\n\n\n<li>transparente ; pare-chocs &#8211; noir)<\/li>\n<\/ul>\n\n\n\n<p><strong>Applications<\/strong><\/p>\n\n\n\n<ul class=\"wp-block-list\">\n<li>Couloirs avec acc\u00e8s pi\u00e9ton et passage r\u00e9gulier de chariots<\/li>\n\n\n\n<li>Ascenseurs et halls d&rsquo;ascenseur<\/li>\n<\/ul>\n\n\n\n<p><strong><br><\/strong><\/p>\n","protected":false},"excerpt":{"rendered":"<p>D&rsquo;une hauteur de 220 mm, le profil\u00e9 HRB-50N combine une main-courante et un pare-chocs en Acrovyn PVC-free mont\u00e9 sur une structure en acier inoxydable pour offrir un soutien fiable \u00e0 la mobilit\u00e9 et une protection accrue contre les impacts. Caract\u00e9ristiques et avantages Accessoires Applications<\/p>\n","protected":false},"featured_media":122621,"template":"","meta":{"_acf_changed":true},"product_category":[622,612,605],"product_tag":[894,897,898,896],"class_list":["post-122618","product","type-product","status-publish","has-post-thumbnail","hentry","product_category-acrovyn-pare-chocs","product_category-protection-des-murs","product_category-leuningen-fr","product_tag-kunststof-stootlijst-fr","product_tag-met-leuning-fr","product_tag-stootlijst-220-mm-fr","product_tag-stootvast-en-krasvrije-acrovyn-beschermlaag-fr"],"acf":[],"yoast_head":"<!-- This site is optimized with the Yoast SEO plugin v27.3 - https:\/\/yoast.com\/product\/yoast-seo-wordpress\/ -->\n<title>HRB 50N - Storax Belgium<\/title>\n<meta name=\"robots\" content=\"index, follow, max-snippet:-1, max-image-preview:large, max-video-preview:-1\" \/>\n<link rel=\"canonical\" href=\"https:\/\/storax.be\/fr\/producten\/leuningen-fr\/hrb-50n\/\" \/>\n<meta property=\"og:locale\" content=\"fr_FR\" \/>\n<meta property=\"og:type\" content=\"article\" \/>\n<meta property=\"og:title\" content=\"HRB 50N - Storax Belgium\" \/>\n<meta property=\"og:description\" content=\"D&rsquo;une hauteur de 220 mm, le profil\u00e9 HRB-50N combine une main-courante et un pare-chocs en Acrovyn PVC-free mont\u00e9 sur une structure en acier inoxydable pour offrir un soutien fiable \u00e0 la mobilit\u00e9 et une protection accrue contre les impacts. Caract\u00e9ristiques et avantages Accessoires Applications\" \/>\n<meta property=\"og:url\" content=\"https:\/\/storax.be\/fr\/producten\/leuningen-fr\/hrb-50n\/\" \/>\n<meta property=\"og:site_name\" content=\"Storax Belgium\" \/>\n<meta property=\"article:modified_time\" content=\"2026-02-17T15:06:09+00:00\" \/>\n<meta property=\"og:image\" content=\"https:\/\/storax.be\/wp-content\/uploads\/sites\/2\/2025\/02\/HRB-50-N-stootlijst-met-leuning-.png\" \/>\n\t<meta property=\"og:image:width\" content=\"470\" \/>\n\t<meta property=\"og:image:height\" content=\"470\" \/>\n\t<meta property=\"og:image:type\" content=\"image\/png\" \/>\n<meta name=\"twitter:card\" content=\"summary_large_image\" \/>\n<meta name=\"twitter:label1\" content=\"Dur\u00e9e de lecture estim\u00e9e\" \/>\n\t<meta name=\"twitter:data1\" content=\"2 minutes\" \/>\n<script type=\"application\/ld+json\" class=\"yoast-schema-graph\">{\"@context\":\"https:\\\/\\\/schema.org\",\"@graph\":[{\"@type\":\"WebPage\",\"@id\":\"https:\\\/\\\/storax.be\\\/fr\\\/producten\\\/leuningen-fr\\\/hrb-50n\\\/\",\"url\":\"https:\\\/\\\/storax.be\\\/fr\\\/producten\\\/leuningen-fr\\\/hrb-50n\\\/\",\"name\":\"HRB 50N - Storax Belgium\",\"isPartOf\":{\"@id\":\"https:\\\/\\\/storax.be\\\/fr\\\/#website\"},\"primaryImageOfPage\":{\"@id\":\"https:\\\/\\\/storax.be\\\/fr\\\/producten\\\/leuningen-fr\\\/hrb-50n\\\/#primaryimage\"},\"image\":{\"@id\":\"https:\\\/\\\/storax.be\\\/fr\\\/producten\\\/leuningen-fr\\\/hrb-50n\\\/#primaryimage\"},\"thumbnailUrl\":\"https:\\\/\\\/storax.be\\\/wp-content\\\/uploads\\\/sites\\\/2\\\/2025\\\/02\\\/HRB-50-N-stootlijst-met-leuning-.png\",\"datePublished\":\"2025-02-13T13:56:55+00:00\",\"dateModified\":\"2026-02-17T15:06:09+00:00\",\"breadcrumb\":{\"@id\":\"https:\\\/\\\/storax.be\\\/fr\\\/producten\\\/leuningen-fr\\\/hrb-50n\\\/#breadcrumb\"},\"inLanguage\":\"fr-FR\",\"potentialAction\":[{\"@type\":\"ReadAction\",\"target\":[\"https:\\\/\\\/storax.be\\\/fr\\\/producten\\\/leuningen-fr\\\/hrb-50n\\\/\"]}]},{\"@type\":\"ImageObject\",\"inLanguage\":\"fr-FR\",\"@id\":\"https:\\\/\\\/storax.be\\\/fr\\\/producten\\\/leuningen-fr\\\/hrb-50n\\\/#primaryimage\",\"url\":\"https:\\\/\\\/storax.be\\\/wp-content\\\/uploads\\\/sites\\\/2\\\/2025\\\/02\\\/HRB-50-N-stootlijst-met-leuning-.png\",\"contentUrl\":\"https:\\\/\\\/storax.be\\\/wp-content\\\/uploads\\\/sites\\\/2\\\/2025\\\/02\\\/HRB-50-N-stootlijst-met-leuning-.png\",\"width\":470,\"height\":470},{\"@type\":\"BreadcrumbList\",\"@id\":\"https:\\\/\\\/storax.be\\\/fr\\\/producten\\\/leuningen-fr\\\/hrb-50n\\\/#breadcrumb\",\"itemListElement\":[{\"@type\":\"ListItem\",\"position\":1,\"name\":\"Home\",\"item\":\"https:\\\/\\\/storax.be\\\/fr\\\/\"},{\"@type\":\"ListItem\",\"position\":2,\"name\":\"Producten\",\"item\":\"https:\\\/\\\/storax.be\\\/fr\\\/producten\\\/%product_category%\\\/\"},{\"@type\":\"ListItem\",\"position\":3,\"name\":\"Protection des murs\",\"item\":\"https:\\\/\\\/storax.be\\\/fr\\\/producten\\\/protection-des-murs\\\/\"},{\"@type\":\"ListItem\",\"position\":4,\"name\":\"HRB 50N\"}]},{\"@type\":\"WebSite\",\"@id\":\"https:\\\/\\\/storax.be\\\/fr\\\/#website\",\"url\":\"https:\\\/\\\/storax.be\\\/fr\\\/\",\"name\":\"Storax Belgium\",\"description\":\"Uw betrouwbare partner voor bouwprojecten\",\"potentialAction\":[{\"@type\":\"SearchAction\",\"target\":{\"@type\":\"EntryPoint\",\"urlTemplate\":\"https:\\\/\\\/storax.be\\\/fr\\\/?s={search_term_string}\"},\"query-input\":{\"@type\":\"PropertyValueSpecification\",\"valueRequired\":true,\"valueName\":\"search_term_string\"}}],\"inLanguage\":\"fr-FR\"}]}<\/script>\n<!-- \/ Yoast SEO plugin. -->","yoast_head_json":{"title":"HRB 50N - Storax Belgium","robots":{"index":"index","follow":"follow","max-snippet":"max-snippet:-1","max-image-preview":"max-image-preview:large","max-video-preview":"max-video-preview:-1"},"canonical":"https:\/\/storax.be\/fr\/producten\/leuningen-fr\/hrb-50n\/","og_locale":"fr_FR","og_type":"article","og_title":"HRB 50N - Storax Belgium","og_description":"D&rsquo;une hauteur de 220 mm, le profil\u00e9 HRB-50N combine une main-courante et un pare-chocs en Acrovyn PVC-free mont\u00e9 sur une structure en acier inoxydable pour offrir un soutien fiable \u00e0 la mobilit\u00e9 et une protection accrue contre les impacts. Caract\u00e9ristiques et avantages Accessoires Applications","og_url":"https:\/\/storax.be\/fr\/producten\/leuningen-fr\/hrb-50n\/","og_site_name":"Storax Belgium","article_modified_time":"2026-02-17T15:06:09+00:00","og_image":[{"width":470,"height":470,"url":"https:\/\/storax.be\/wp-content\/uploads\/sites\/2\/2025\/02\/HRB-50-N-stootlijst-met-leuning-.png","type":"image\/png"}],"twitter_card":"summary_large_image","twitter_misc":{"Dur\u00e9e de lecture estim\u00e9e":"2 minutes"},"schema":{"@context":"https:\/\/schema.org","@graph":[{"@type":"WebPage","@id":"https:\/\/storax.be\/fr\/producten\/leuningen-fr\/hrb-50n\/","url":"https:\/\/storax.be\/fr\/producten\/leuningen-fr\/hrb-50n\/","name":"HRB 50N - Storax Belgium","isPartOf":{"@id":"https:\/\/storax.be\/fr\/#website"},"primaryImageOfPage":{"@id":"https:\/\/storax.be\/fr\/producten\/leuningen-fr\/hrb-50n\/#primaryimage"},"image":{"@id":"https:\/\/storax.be\/fr\/producten\/leuningen-fr\/hrb-50n\/#primaryimage"},"thumbnailUrl":"https:\/\/storax.be\/wp-content\/uploads\/sites\/2\/2025\/02\/HRB-50-N-stootlijst-met-leuning-.png","datePublished":"2025-02-13T13:56:55+00:00","dateModified":"2026-02-17T15:06:09+00:00","breadcrumb":{"@id":"https:\/\/storax.be\/fr\/producten\/leuningen-fr\/hrb-50n\/#breadcrumb"},"inLanguage":"fr-FR","potentialAction":[{"@type":"ReadAction","target":["https:\/\/storax.be\/fr\/producten\/leuningen-fr\/hrb-50n\/"]}]},{"@type":"ImageObject","inLanguage":"fr-FR","@id":"https:\/\/storax.be\/fr\/producten\/leuningen-fr\/hrb-50n\/#primaryimage","url":"https:\/\/storax.be\/wp-content\/uploads\/sites\/2\/2025\/02\/HRB-50-N-stootlijst-met-leuning-.png","contentUrl":"https:\/\/storax.be\/wp-content\/uploads\/sites\/2\/2025\/02\/HRB-50-N-stootlijst-met-leuning-.png","width":470,"height":470},{"@type":"BreadcrumbList","@id":"https:\/\/storax.be\/fr\/producten\/leuningen-fr\/hrb-50n\/#breadcrumb","itemListElement":[{"@type":"ListItem","position":1,"name":"Home","item":"https:\/\/storax.be\/fr\/"},{"@type":"ListItem","position":2,"name":"Producten","item":"https:\/\/storax.be\/fr\/producten\/%product_category%\/"},{"@type":"ListItem","position":3,"name":"Protection des murs","item":"https:\/\/storax.be\/fr\/producten\/protection-des-murs\/"},{"@type":"ListItem","position":4,"name":"HRB 50N"}]},{"@type":"WebSite","@id":"https:\/\/storax.be\/fr\/#website","url":"https:\/\/storax.be\/fr\/","name":"Storax Belgium","description":"Uw betrouwbare partner voor bouwprojecten","potentialAction":[{"@type":"SearchAction","target":{"@type":"EntryPoint","urlTemplate":"https:\/\/storax.be\/fr\/?s={search_term_string}"},"query-input":{"@type":"PropertyValueSpecification","valueRequired":true,"valueName":"search_term_string"}}],"inLanguage":"fr-FR"}]}},"_links":{"self":[{"href":"https:\/\/storax.be\/fr\/wp-json\/wp\/v2\/product\/122618","targetHints":{"allow":["GET"]}}],"collection":[{"href":"https:\/\/storax.be\/fr\/wp-json\/wp\/v2\/product"}],"about":[{"href":"https:\/\/storax.be\/fr\/wp-json\/wp\/v2\/types\/product"}],"wp:featuredmedia":[{"embeddable":true,"href":"https:\/\/storax.be\/fr\/wp-json\/wp\/v2\/media\/122621"}],"wp:attachment":[{"href":"https:\/\/storax.be\/fr\/wp-json\/wp\/v2\/media?parent=122618"}],"wp:term":[{"taxonomy":"product_category","embeddable":true,"href":"https:\/\/storax.be\/fr\/wp-json\/wp\/v2\/product_category?post=122618"},{"taxonomy":"product_tag","embeddable":true,"href":"https:\/\/storax.be\/fr\/wp-json\/wp\/v2\/product_tag?post=122618"}],"curies":[{"name":"wp","href":"https:\/\/api.w.org\/{rel}","templated":true}]}}