{"id":122606,"date":"2025-03-21T15:10:13","date_gmt":"2025-03-21T15:10:13","guid":{"rendered":"https:\/\/storax.be\/producten\/uncategorized\/acrovyn-scr200\/"},"modified":"2026-02-17T09:49:37","modified_gmt":"2026-02-17T09:49:37","slug":"acrovyn-scr200","status":"publish","type":"product","link":"https:\/\/storax.be\/fr\/producten\/protection-des-murs\/acrovyn-scr200\/","title":{"rendered":"Acrovyn SCR-200"},"content":{"rendered":"\n<h2 class=\"wp-block-heading\">Plaque de pare-chocs robuste<\/h2>\n\n\n\n<p>Pare-chocs plat au design \u00e9pur\u00e9 de 203 mm de hauteur destin\u00e9 \u00e0 pr\u00e9venir la d\u00e9t\u00e9rioration des murs dans les \u00e9tablissements tr\u00e8s fr\u00e9quent\u00e9s.<\/p>\n\n\n\n<p><strong>Caract\u00e9ristiques et avantages<\/strong><\/p>\n\n\n\n<ul class=\"wp-block-list\">\n<li>Rev\u00eatement en Acrovyn textur\u00e9 antichocs mont\u00e9 sur un profil\u00e9 filant en aluminium, dans sa version standard<\/li>\n\n\n\n<li>Une variante mise en oeuvre \u00e0 l\u2019aide de coussinets en aluminium est \u00e9galement disponible pour les espaces moins expos\u00e9s aux chocs<\/li>\n\n\n\n<li>Le rev\u00eatement en Acrovyn combin\u00e9 \u00e0 un amortisseur interne continu assurent une absorption redoutable des chocs<\/li>\n\n\n\n<li>Les rev\u00eatements sont faciles \u00e0 remplacer<\/li>\n\n\n\n<li>Longueurs standard : 4000 mm<\/li>\n\n\n\n<li>Entraxe de fixation de 600 mm max. ; coussinets en aluminium tous les 600 mm max.<\/li>\n<\/ul>\n\n\n\n<p><strong>Applications<\/strong><\/p>\n\n\n\n<ul class=\"wp-block-list\">\n<li>Couloirs avec passage fr\u00e9quent de chariots ou de lits<\/li>\n\n\n\n<li>Zones de production et laboratoires<\/li>\n\n\n\n<li>Zones d\u2019acc\u00e8s priv\u00e9 dans les commerces et les h\u00f4tels<\/li>\n\n\n\n<li>Cages d\u2019escaliers et ascenseurs<\/li>\n<\/ul>\n\n\n\n<p><strong>Accessoires<\/strong><\/p>\n\n\n\n<ul class=\"wp-block-list\">\n<li>Embouts standard<\/li>\n\n\n\n<li>Embouts d&rsquo;angle externe<\/li>\n<\/ul>\n\n\n\n<div class=\"wp-block-columns is-layout-flex wp-container-core-columns-is-layout-9d6595d7 wp-block-columns-is-layout-flex\">\n<div class=\"wp-block-column is-layout-flow wp-block-column-is-layout-flow\">\n<figure class=\"wp-block-image size-medium\"><img decoding=\"async\" src=\"https:\/\/storax.be\/wp-content\/uploads\/sites\/2\/2025\/05\/Deurbescherming-scr-150-stootlijsten-2-300x300.png\" alt=\"\" class=\"wp-image-123711\"\/><figcaption class=\"wp-element-caption\"><strong>SCR-200M<\/strong><\/figcaption><\/figure>\n\n\n\n<p>Profil\u00e9 filant<\/p>\n<\/div>\n\n\n\n<div class=\"wp-block-column is-layout-flow wp-block-column-is-layout-flow\">\n<figure class=\"wp-block-image size-medium\"><img decoding=\"async\" src=\"https:\/\/storax.be\/wp-content\/uploads\/sites\/2\/2025\/05\/Deurbescherming-scr-150-stootlijsten-4-300x300.png\" alt=\"\" class=\"wp-image-123713\"\/><figcaption class=\"wp-element-caption\"><strong>SCR-200<\/strong><\/figcaption><\/figure>\n\n\n\n<p>Coussinets de fixation<\/p>\n<\/div>\n<\/div>\n","protected":false},"excerpt":{"rendered":"<p>Plaque de pare-chocs robuste Pare-chocs plat au design \u00e9pur\u00e9 de 203 mm de hauteur destin\u00e9 \u00e0 pr\u00e9venir la d\u00e9t\u00e9rioration des murs dans les \u00e9tablissements tr\u00e8s fr\u00e9quent\u00e9s. Caract\u00e9ristiques et avantages Applications Accessoires Profil\u00e9 filant Coussinets de fixation<\/p>\n","protected":false},"featured_media":0,"template":"","meta":{"_acf_changed":true},"product_category":[622,612],"product_tag":[894,895,896],"class_list":["post-122606","product","type-product","status-publish","hentry","product_category-acrovyn-pare-chocs","product_category-protection-des-murs","product_tag-kunststof-stootlijst-fr","product_tag-stootlijst-200-mm-fr","product_tag-stootvast-en-krasvrije-acrovyn-beschermlaag-fr"],"acf":[],"yoast_head":"<!-- This site is optimized with the Yoast SEO plugin v27.3 - https:\/\/yoast.com\/product\/yoast-seo-wordpress\/ -->\n<title>Acrovyn SCR-200 - Storax Belgium<\/title>\n<meta name=\"robots\" content=\"index, follow, max-snippet:-1, max-image-preview:large, max-video-preview:-1\" \/>\n<link rel=\"canonical\" href=\"https:\/\/storax.be\/fr\/producten\/protection-des-murs\/acrovyn-scr200\/\" \/>\n<meta property=\"og:locale\" content=\"fr_FR\" \/>\n<meta property=\"og:type\" content=\"article\" \/>\n<meta property=\"og:title\" content=\"Acrovyn SCR-200 - Storax Belgium\" \/>\n<meta property=\"og:description\" content=\"Plaque de pare-chocs robuste Pare-chocs plat au design \u00e9pur\u00e9 de 203 mm de hauteur destin\u00e9 \u00e0 pr\u00e9venir la d\u00e9t\u00e9rioration des murs dans les \u00e9tablissements tr\u00e8s fr\u00e9quent\u00e9s. Caract\u00e9ristiques et avantages Applications Accessoires Profil\u00e9 filant Coussinets de fixation\" \/>\n<meta property=\"og:url\" content=\"https:\/\/storax.be\/fr\/producten\/protection-des-murs\/acrovyn-scr200\/\" \/>\n<meta property=\"og:site_name\" content=\"Storax Belgium\" \/>\n<meta property=\"article:modified_time\" content=\"2026-02-17T09:49:37+00:00\" \/>\n<meta name=\"twitter:card\" content=\"summary_large_image\" \/>\n<meta name=\"twitter:label1\" content=\"Dur\u00e9e de lecture estim\u00e9e\" \/>\n\t<meta name=\"twitter:data1\" content=\"2 minutes\" \/>\n<script type=\"application\/ld+json\" class=\"yoast-schema-graph\">{\"@context\":\"https:\\\/\\\/schema.org\",\"@graph\":[{\"@type\":\"WebPage\",\"@id\":\"https:\\\/\\\/storax.be\\\/fr\\\/producten\\\/protection-des-murs\\\/acrovyn-scr200\\\/\",\"url\":\"https:\\\/\\\/storax.be\\\/fr\\\/producten\\\/protection-des-murs\\\/acrovyn-scr200\\\/\",\"name\":\"Acrovyn SCR-200 - Storax Belgium\",\"isPartOf\":{\"@id\":\"https:\\\/\\\/storax.be\\\/fr\\\/#website\"},\"primaryImageOfPage\":{\"@id\":\"https:\\\/\\\/storax.be\\\/fr\\\/producten\\\/protection-des-murs\\\/acrovyn-scr200\\\/#primaryimage\"},\"image\":{\"@id\":\"https:\\\/\\\/storax.be\\\/fr\\\/producten\\\/protection-des-murs\\\/acrovyn-scr200\\\/#primaryimage\"},\"thumbnailUrl\":\"https:\\\/\\\/storax.be\\\/wp-content\\\/uploads\\\/sites\\\/2\\\/2025\\\/05\\\/Deurbescherming-scr-150-stootlijsten-2-300x300.png\",\"datePublished\":\"2025-03-21T15:10:13+00:00\",\"dateModified\":\"2026-02-17T09:49:37+00:00\",\"breadcrumb\":{\"@id\":\"https:\\\/\\\/storax.be\\\/fr\\\/producten\\\/protection-des-murs\\\/acrovyn-scr200\\\/#breadcrumb\"},\"inLanguage\":\"fr-FR\",\"potentialAction\":[{\"@type\":\"ReadAction\",\"target\":[\"https:\\\/\\\/storax.be\\\/fr\\\/producten\\\/protection-des-murs\\\/acrovyn-scr200\\\/\"]}]},{\"@type\":\"ImageObject\",\"inLanguage\":\"fr-FR\",\"@id\":\"https:\\\/\\\/storax.be\\\/fr\\\/producten\\\/protection-des-murs\\\/acrovyn-scr200\\\/#primaryimage\",\"url\":\"https:\\\/\\\/storax.be\\\/wp-content\\\/uploads\\\/sites\\\/2\\\/2025\\\/05\\\/Deurbescherming-scr-150-stootlijsten-2-300x300.png\",\"contentUrl\":\"https:\\\/\\\/storax.be\\\/wp-content\\\/uploads\\\/sites\\\/2\\\/2025\\\/05\\\/Deurbescherming-scr-150-stootlijsten-2-300x300.png\"},{\"@type\":\"BreadcrumbList\",\"@id\":\"https:\\\/\\\/storax.be\\\/fr\\\/producten\\\/protection-des-murs\\\/acrovyn-scr200\\\/#breadcrumb\",\"itemListElement\":[{\"@type\":\"ListItem\",\"position\":1,\"name\":\"Home\",\"item\":\"https:\\\/\\\/storax.be\\\/fr\\\/\"},{\"@type\":\"ListItem\",\"position\":2,\"name\":\"Producten\",\"item\":\"https:\\\/\\\/storax.be\\\/fr\\\/producten\\\/%product_category%\\\/\"},{\"@type\":\"ListItem\",\"position\":3,\"name\":\"Protection des murs\",\"item\":\"https:\\\/\\\/storax.be\\\/fr\\\/producten\\\/protection-des-murs\\\/\"},{\"@type\":\"ListItem\",\"position\":4,\"name\":\"Acrovyn SCR-200\"}]},{\"@type\":\"WebSite\",\"@id\":\"https:\\\/\\\/storax.be\\\/fr\\\/#website\",\"url\":\"https:\\\/\\\/storax.be\\\/fr\\\/\",\"name\":\"Storax Belgium\",\"description\":\"Uw betrouwbare partner voor bouwprojecten\",\"potentialAction\":[{\"@type\":\"SearchAction\",\"target\":{\"@type\":\"EntryPoint\",\"urlTemplate\":\"https:\\\/\\\/storax.be\\\/fr\\\/?s={search_term_string}\"},\"query-input\":{\"@type\":\"PropertyValueSpecification\",\"valueRequired\":true,\"valueName\":\"search_term_string\"}}],\"inLanguage\":\"fr-FR\"}]}<\/script>\n<!-- \/ Yoast SEO plugin. -->","yoast_head_json":{"title":"Acrovyn SCR-200 - Storax Belgium","robots":{"index":"index","follow":"follow","max-snippet":"max-snippet:-1","max-image-preview":"max-image-preview:large","max-video-preview":"max-video-preview:-1"},"canonical":"https:\/\/storax.be\/fr\/producten\/protection-des-murs\/acrovyn-scr200\/","og_locale":"fr_FR","og_type":"article","og_title":"Acrovyn SCR-200 - Storax Belgium","og_description":"Plaque de pare-chocs robuste Pare-chocs plat au design \u00e9pur\u00e9 de 203 mm de hauteur destin\u00e9 \u00e0 pr\u00e9venir la d\u00e9t\u00e9rioration des murs dans les \u00e9tablissements tr\u00e8s fr\u00e9quent\u00e9s. Caract\u00e9ristiques et avantages Applications Accessoires Profil\u00e9 filant Coussinets de fixation","og_url":"https:\/\/storax.be\/fr\/producten\/protection-des-murs\/acrovyn-scr200\/","og_site_name":"Storax Belgium","article_modified_time":"2026-02-17T09:49:37+00:00","twitter_card":"summary_large_image","twitter_misc":{"Dur\u00e9e de lecture estim\u00e9e":"2 minutes"},"schema":{"@context":"https:\/\/schema.org","@graph":[{"@type":"WebPage","@id":"https:\/\/storax.be\/fr\/producten\/protection-des-murs\/acrovyn-scr200\/","url":"https:\/\/storax.be\/fr\/producten\/protection-des-murs\/acrovyn-scr200\/","name":"Acrovyn SCR-200 - Storax Belgium","isPartOf":{"@id":"https:\/\/storax.be\/fr\/#website"},"primaryImageOfPage":{"@id":"https:\/\/storax.be\/fr\/producten\/protection-des-murs\/acrovyn-scr200\/#primaryimage"},"image":{"@id":"https:\/\/storax.be\/fr\/producten\/protection-des-murs\/acrovyn-scr200\/#primaryimage"},"thumbnailUrl":"https:\/\/storax.be\/wp-content\/uploads\/sites\/2\/2025\/05\/Deurbescherming-scr-150-stootlijsten-2-300x300.png","datePublished":"2025-03-21T15:10:13+00:00","dateModified":"2026-02-17T09:49:37+00:00","breadcrumb":{"@id":"https:\/\/storax.be\/fr\/producten\/protection-des-murs\/acrovyn-scr200\/#breadcrumb"},"inLanguage":"fr-FR","potentialAction":[{"@type":"ReadAction","target":["https:\/\/storax.be\/fr\/producten\/protection-des-murs\/acrovyn-scr200\/"]}]},{"@type":"ImageObject","inLanguage":"fr-FR","@id":"https:\/\/storax.be\/fr\/producten\/protection-des-murs\/acrovyn-scr200\/#primaryimage","url":"https:\/\/storax.be\/wp-content\/uploads\/sites\/2\/2025\/05\/Deurbescherming-scr-150-stootlijsten-2-300x300.png","contentUrl":"https:\/\/storax.be\/wp-content\/uploads\/sites\/2\/2025\/05\/Deurbescherming-scr-150-stootlijsten-2-300x300.png"},{"@type":"BreadcrumbList","@id":"https:\/\/storax.be\/fr\/producten\/protection-des-murs\/acrovyn-scr200\/#breadcrumb","itemListElement":[{"@type":"ListItem","position":1,"name":"Home","item":"https:\/\/storax.be\/fr\/"},{"@type":"ListItem","position":2,"name":"Producten","item":"https:\/\/storax.be\/fr\/producten\/%product_category%\/"},{"@type":"ListItem","position":3,"name":"Protection des murs","item":"https:\/\/storax.be\/fr\/producten\/protection-des-murs\/"},{"@type":"ListItem","position":4,"name":"Acrovyn SCR-200"}]},{"@type":"WebSite","@id":"https:\/\/storax.be\/fr\/#website","url":"https:\/\/storax.be\/fr\/","name":"Storax Belgium","description":"Uw betrouwbare partner voor bouwprojecten","potentialAction":[{"@type":"SearchAction","target":{"@type":"EntryPoint","urlTemplate":"https:\/\/storax.be\/fr\/?s={search_term_string}"},"query-input":{"@type":"PropertyValueSpecification","valueRequired":true,"valueName":"search_term_string"}}],"inLanguage":"fr-FR"}]}},"_links":{"self":[{"href":"https:\/\/storax.be\/fr\/wp-json\/wp\/v2\/product\/122606","targetHints":{"allow":["GET"]}}],"collection":[{"href":"https:\/\/storax.be\/fr\/wp-json\/wp\/v2\/product"}],"about":[{"href":"https:\/\/storax.be\/fr\/wp-json\/wp\/v2\/types\/product"}],"wp:attachment":[{"href":"https:\/\/storax.be\/fr\/wp-json\/wp\/v2\/media?parent=122606"}],"wp:term":[{"taxonomy":"product_category","embeddable":true,"href":"https:\/\/storax.be\/fr\/wp-json\/wp\/v2\/product_category?post=122606"},{"taxonomy":"product_tag","embeddable":true,"href":"https:\/\/storax.be\/fr\/wp-json\/wp\/v2\/product_tag?post=122606"}],"curies":[{"name":"wp","href":"https:\/\/api.w.org\/{rel}","templated":true}]}}