{"id":122597,"date":"2025-02-14T10:16:07","date_gmt":"2025-02-14T10:16:07","guid":{"rendered":"https:\/\/storax.be\/producten\/uncategorized\/acrovyn-hcr-200\/"},"modified":"2026-02-17T15:05:57","modified_gmt":"2026-02-17T15:05:57","slug":"acrovyn-hcr-200","status":"publish","type":"product","link":"https:\/\/storax.be\/fr\/producten\/protection-des-murs\/acrovyn-hcr-200\/","title":{"rendered":"Acrovyn HCR-200"},"content":{"rendered":"\n<h2 class=\"wp-block-heading\">Pare-chocs plat au design \u00e9pur\u00e9 de 203 mm de haut<\/h2>\n\n\n\n<p><\/p>\n\n\n\n<p><strong>Caract\u00e9ristiques et avantages<\/strong><\/p>\n\n\n\n<ul class=\"wp-block-list\">\n<li>Rev\u00eatement en Acrovyn textur\u00e9 antichocs mont\u00e9 sur unprofil\u00e9 filant en aluminium<\/li>\n\n\n\n<li>Le rev\u00eatement en Acrovyn combin\u00e9 \u00e0 un triple amortisseur interne continu assurent une absorption redoutable des chocs de forte intensit\u00e9<\/li>\n\n\n\n<li>Mont\u00e9 sur consoles longues Quick Lock pour une grande facilit\u00e9 d&rsquo;installation et d&rsquo;entretien<\/li>\n\n\n\n<li>La grande distance entre la surface du profil\u00e9 et du mur, prot\u00e8ge des chocs li\u00e9s au passage d\u2019engins roulants<\/li>\n\n\n\n<li>Embouts standard retournant au mur pour une protection suppl\u00e9mentaire<\/li>\n<\/ul>\n\n\n\n<p><strong>Accessoires<\/strong><\/p>\n\n\n\n<ul class=\"wp-block-list\">\n<li>Embouts standard<\/li>\n\n\n\n<li>Embouts d&rsquo;angle externe<\/li>\n\n\n\n<li>Consoles longues Quick Lock<\/li>\n<\/ul>\n\n\n\n<p><strong>Applications<\/strong><\/p>\n\n\n\n<ul class=\"wp-block-list\">\n<li>Couloirs avec passage fr\u00e9quent de chariots ou de lits<\/li>\n\n\n\n<li>Zones de production et laboratoires<\/li>\n\n\n\n<li>Zones d&rsquo;acc\u00e8s priv\u00e9<\/li>\n\n\n\n<li>Zones d&rsquo;escaliers et ascenseurs<\/li>\n<\/ul>\n\n\n\n<p><strong>Longueurs standard et fixations<\/strong><\/p>\n\n\n\n<ul class=\"wp-block-list\">\n<li>Longueurs standard : 4 m<\/li>\n\n\n\n<li>Entraxe de fixation de 600 mm max. ; fixation sur montant<br>ou panneau recommand\u00e9e.<\/li>\n<\/ul>\n\n\n\n<p><\/p>\n","protected":false},"excerpt":{"rendered":"<p>Pare-chocs plat au design \u00e9pur\u00e9 de 203 mm de haut Caract\u00e9ristiques et avantages Accessoires Applications Longueurs standard et fixations<\/p>\n","protected":false},"featured_media":122599,"template":"","meta":{"_acf_changed":true},"product_category":[622,612],"product_tag":[894,895,896],"class_list":["post-122597","product","type-product","status-publish","has-post-thumbnail","hentry","product_category-acrovyn-pare-chocs","product_category-protection-des-murs","product_tag-kunststof-stootlijst-fr","product_tag-stootlijst-200-mm-fr","product_tag-stootvast-en-krasvrije-acrovyn-beschermlaag-fr"],"acf":[],"yoast_head":"<!-- This site is optimized with the Yoast SEO plugin v27.3 - https:\/\/yoast.com\/product\/yoast-seo-wordpress\/ -->\n<title>Acrovyn HCR-200 - Storax Belgium<\/title>\n<meta name=\"robots\" content=\"index, follow, max-snippet:-1, max-image-preview:large, max-video-preview:-1\" \/>\n<link rel=\"canonical\" href=\"https:\/\/storax.be\/fr\/producten\/protection-des-murs\/acrovyn-hcr-200\/\" \/>\n<meta property=\"og:locale\" content=\"fr_FR\" \/>\n<meta property=\"og:type\" content=\"article\" \/>\n<meta property=\"og:title\" content=\"Acrovyn HCR-200 - Storax Belgium\" \/>\n<meta property=\"og:description\" content=\"Pare-chocs plat au design \u00e9pur\u00e9 de 203 mm de haut Caract\u00e9ristiques et avantages Accessoires Applications Longueurs standard et fixations\" \/>\n<meta property=\"og:url\" content=\"https:\/\/storax.be\/fr\/producten\/protection-des-murs\/acrovyn-hcr-200\/\" \/>\n<meta property=\"og:site_name\" content=\"Storax Belgium\" \/>\n<meta property=\"article:modified_time\" content=\"2026-02-17T15:05:57+00:00\" \/>\n<meta property=\"og:image\" content=\"https:\/\/storax.be\/wp-content\/uploads\/sites\/2\/2025\/02\/HCR-200-stootlijst-a-200-mm-hoog.png\" \/>\n\t<meta property=\"og:image:width\" content=\"470\" \/>\n\t<meta property=\"og:image:height\" content=\"470\" \/>\n\t<meta property=\"og:image:type\" content=\"image\/png\" \/>\n<meta name=\"twitter:card\" content=\"summary_large_image\" \/>\n<meta name=\"twitter:label1\" content=\"Dur\u00e9e de lecture estim\u00e9e\" \/>\n\t<meta name=\"twitter:data1\" content=\"1 minute\" \/>\n<script type=\"application\/ld+json\" class=\"yoast-schema-graph\">{\"@context\":\"https:\\\/\\\/schema.org\",\"@graph\":[{\"@type\":\"WebPage\",\"@id\":\"https:\\\/\\\/storax.be\\\/fr\\\/producten\\\/protection-des-murs\\\/acrovyn-hcr-200\\\/\",\"url\":\"https:\\\/\\\/storax.be\\\/fr\\\/producten\\\/protection-des-murs\\\/acrovyn-hcr-200\\\/\",\"name\":\"Acrovyn HCR-200 - Storax Belgium\",\"isPartOf\":{\"@id\":\"https:\\\/\\\/storax.be\\\/fr\\\/#website\"},\"primaryImageOfPage\":{\"@id\":\"https:\\\/\\\/storax.be\\\/fr\\\/producten\\\/protection-des-murs\\\/acrovyn-hcr-200\\\/#primaryimage\"},\"image\":{\"@id\":\"https:\\\/\\\/storax.be\\\/fr\\\/producten\\\/protection-des-murs\\\/acrovyn-hcr-200\\\/#primaryimage\"},\"thumbnailUrl\":\"https:\\\/\\\/storax.be\\\/wp-content\\\/uploads\\\/sites\\\/2\\\/2025\\\/02\\\/HCR-200-stootlijst-a-200-mm-hoog.png\",\"datePublished\":\"2025-02-14T10:16:07+00:00\",\"dateModified\":\"2026-02-17T15:05:57+00:00\",\"breadcrumb\":{\"@id\":\"https:\\\/\\\/storax.be\\\/fr\\\/producten\\\/protection-des-murs\\\/acrovyn-hcr-200\\\/#breadcrumb\"},\"inLanguage\":\"fr-FR\",\"potentialAction\":[{\"@type\":\"ReadAction\",\"target\":[\"https:\\\/\\\/storax.be\\\/fr\\\/producten\\\/protection-des-murs\\\/acrovyn-hcr-200\\\/\"]}]},{\"@type\":\"ImageObject\",\"inLanguage\":\"fr-FR\",\"@id\":\"https:\\\/\\\/storax.be\\\/fr\\\/producten\\\/protection-des-murs\\\/acrovyn-hcr-200\\\/#primaryimage\",\"url\":\"https:\\\/\\\/storax.be\\\/wp-content\\\/uploads\\\/sites\\\/2\\\/2025\\\/02\\\/HCR-200-stootlijst-a-200-mm-hoog.png\",\"contentUrl\":\"https:\\\/\\\/storax.be\\\/wp-content\\\/uploads\\\/sites\\\/2\\\/2025\\\/02\\\/HCR-200-stootlijst-a-200-mm-hoog.png\",\"width\":470,\"height\":470,\"caption\":\"Pare-chocs plat au design \u00e9pur\u00e9 de 203 mm de haur\"},{\"@type\":\"BreadcrumbList\",\"@id\":\"https:\\\/\\\/storax.be\\\/fr\\\/producten\\\/protection-des-murs\\\/acrovyn-hcr-200\\\/#breadcrumb\",\"itemListElement\":[{\"@type\":\"ListItem\",\"position\":1,\"name\":\"Home\",\"item\":\"https:\\\/\\\/storax.be\\\/fr\\\/\"},{\"@type\":\"ListItem\",\"position\":2,\"name\":\"Producten\",\"item\":\"https:\\\/\\\/storax.be\\\/fr\\\/producten\\\/%product_category%\\\/\"},{\"@type\":\"ListItem\",\"position\":3,\"name\":\"Protection des murs\",\"item\":\"https:\\\/\\\/storax.be\\\/fr\\\/producten\\\/protection-des-murs\\\/\"},{\"@type\":\"ListItem\",\"position\":4,\"name\":\"Acrovyn HCR-200\"}]},{\"@type\":\"WebSite\",\"@id\":\"https:\\\/\\\/storax.be\\\/fr\\\/#website\",\"url\":\"https:\\\/\\\/storax.be\\\/fr\\\/\",\"name\":\"Storax Belgium\",\"description\":\"Uw betrouwbare partner voor bouwprojecten\",\"potentialAction\":[{\"@type\":\"SearchAction\",\"target\":{\"@type\":\"EntryPoint\",\"urlTemplate\":\"https:\\\/\\\/storax.be\\\/fr\\\/?s={search_term_string}\"},\"query-input\":{\"@type\":\"PropertyValueSpecification\",\"valueRequired\":true,\"valueName\":\"search_term_string\"}}],\"inLanguage\":\"fr-FR\"}]}<\/script>\n<!-- \/ Yoast SEO plugin. -->","yoast_head_json":{"title":"Acrovyn HCR-200 - Storax Belgium","robots":{"index":"index","follow":"follow","max-snippet":"max-snippet:-1","max-image-preview":"max-image-preview:large","max-video-preview":"max-video-preview:-1"},"canonical":"https:\/\/storax.be\/fr\/producten\/protection-des-murs\/acrovyn-hcr-200\/","og_locale":"fr_FR","og_type":"article","og_title":"Acrovyn HCR-200 - Storax Belgium","og_description":"Pare-chocs plat au design \u00e9pur\u00e9 de 203 mm de haut Caract\u00e9ristiques et avantages Accessoires Applications Longueurs standard et fixations","og_url":"https:\/\/storax.be\/fr\/producten\/protection-des-murs\/acrovyn-hcr-200\/","og_site_name":"Storax Belgium","article_modified_time":"2026-02-17T15:05:57+00:00","og_image":[{"width":470,"height":470,"url":"https:\/\/storax.be\/wp-content\/uploads\/sites\/2\/2025\/02\/HCR-200-stootlijst-a-200-mm-hoog.png","type":"image\/png"}],"twitter_card":"summary_large_image","twitter_misc":{"Dur\u00e9e de lecture estim\u00e9e":"1 minute"},"schema":{"@context":"https:\/\/schema.org","@graph":[{"@type":"WebPage","@id":"https:\/\/storax.be\/fr\/producten\/protection-des-murs\/acrovyn-hcr-200\/","url":"https:\/\/storax.be\/fr\/producten\/protection-des-murs\/acrovyn-hcr-200\/","name":"Acrovyn HCR-200 - Storax Belgium","isPartOf":{"@id":"https:\/\/storax.be\/fr\/#website"},"primaryImageOfPage":{"@id":"https:\/\/storax.be\/fr\/producten\/protection-des-murs\/acrovyn-hcr-200\/#primaryimage"},"image":{"@id":"https:\/\/storax.be\/fr\/producten\/protection-des-murs\/acrovyn-hcr-200\/#primaryimage"},"thumbnailUrl":"https:\/\/storax.be\/wp-content\/uploads\/sites\/2\/2025\/02\/HCR-200-stootlijst-a-200-mm-hoog.png","datePublished":"2025-02-14T10:16:07+00:00","dateModified":"2026-02-17T15:05:57+00:00","breadcrumb":{"@id":"https:\/\/storax.be\/fr\/producten\/protection-des-murs\/acrovyn-hcr-200\/#breadcrumb"},"inLanguage":"fr-FR","potentialAction":[{"@type":"ReadAction","target":["https:\/\/storax.be\/fr\/producten\/protection-des-murs\/acrovyn-hcr-200\/"]}]},{"@type":"ImageObject","inLanguage":"fr-FR","@id":"https:\/\/storax.be\/fr\/producten\/protection-des-murs\/acrovyn-hcr-200\/#primaryimage","url":"https:\/\/storax.be\/wp-content\/uploads\/sites\/2\/2025\/02\/HCR-200-stootlijst-a-200-mm-hoog.png","contentUrl":"https:\/\/storax.be\/wp-content\/uploads\/sites\/2\/2025\/02\/HCR-200-stootlijst-a-200-mm-hoog.png","width":470,"height":470,"caption":"Pare-chocs plat au design \u00e9pur\u00e9 de 203 mm de haur"},{"@type":"BreadcrumbList","@id":"https:\/\/storax.be\/fr\/producten\/protection-des-murs\/acrovyn-hcr-200\/#breadcrumb","itemListElement":[{"@type":"ListItem","position":1,"name":"Home","item":"https:\/\/storax.be\/fr\/"},{"@type":"ListItem","position":2,"name":"Producten","item":"https:\/\/storax.be\/fr\/producten\/%product_category%\/"},{"@type":"ListItem","position":3,"name":"Protection des murs","item":"https:\/\/storax.be\/fr\/producten\/protection-des-murs\/"},{"@type":"ListItem","position":4,"name":"Acrovyn HCR-200"}]},{"@type":"WebSite","@id":"https:\/\/storax.be\/fr\/#website","url":"https:\/\/storax.be\/fr\/","name":"Storax Belgium","description":"Uw betrouwbare partner voor bouwprojecten","potentialAction":[{"@type":"SearchAction","target":{"@type":"EntryPoint","urlTemplate":"https:\/\/storax.be\/fr\/?s={search_term_string}"},"query-input":{"@type":"PropertyValueSpecification","valueRequired":true,"valueName":"search_term_string"}}],"inLanguage":"fr-FR"}]}},"_links":{"self":[{"href":"https:\/\/storax.be\/fr\/wp-json\/wp\/v2\/product\/122597","targetHints":{"allow":["GET"]}}],"collection":[{"href":"https:\/\/storax.be\/fr\/wp-json\/wp\/v2\/product"}],"about":[{"href":"https:\/\/storax.be\/fr\/wp-json\/wp\/v2\/types\/product"}],"wp:featuredmedia":[{"embeddable":true,"href":"https:\/\/storax.be\/fr\/wp-json\/wp\/v2\/media\/122599"}],"wp:attachment":[{"href":"https:\/\/storax.be\/fr\/wp-json\/wp\/v2\/media?parent=122597"}],"wp:term":[{"taxonomy":"product_category","embeddable":true,"href":"https:\/\/storax.be\/fr\/wp-json\/wp\/v2\/product_category?post=122597"},{"taxonomy":"product_tag","embeddable":true,"href":"https:\/\/storax.be\/fr\/wp-json\/wp\/v2\/product_tag?post=122597"}],"curies":[{"name":"wp","href":"https:\/\/api.w.org\/{rel}","templated":true}]}}