{"id":122546,"date":"2026-01-21T14:45:43","date_gmt":"2026-01-21T14:45:43","guid":{"rendered":"https:\/\/storax.be\/?post_type=product&#038;p=122546"},"modified":"2026-01-27T08:38:45","modified_gmt":"2026-01-27T08:38:45","slug":"forza-classic","status":"publish","type":"product","link":"https:\/\/storax.be\/fr\/producten\/schoonloopzones-fr\/forza-classic\/","title":{"rendered":"Forza Classic"},"content":{"rendered":"\n<h2 class=\"wp-block-heading\"><strong>Qualit\u00e9 premium \u00e0 un prix tr\u00e8s comp\u00e9titif<\/strong><br><\/h2>\n\n\n\n<p>Le <strong>Forza Classic<\/strong> r\u00e9pond \u00e0 toutes les sp\u00e9cifications de la <strong>plus haute qualit\u00e9<\/strong>, avec une <strong>classe d\u2019usage 33<\/strong> et une <strong>classe de r\u00e9action au feu Bfl-s1<\/strong>. De plus, il est propos\u00e9 \u00e0 un <strong>prix particuli\u00e8rement attractif<\/strong><\/p>\n\n\n\n<h3 class=\"wp-block-heading\">\u00c0 propos de ce produit<\/h3>\n\n\n\n<ul class=\"wp-block-list\">\n<li>Classe d\u2019usage 33<\/li>\n\n\n\n<li>Classe de r\u00e9action au feu Bfl-s1<\/li>\n\n\n\n<li>Zone de nettoyage&nbsp;\u00e0 passage intensif, robuste et de haute qualit\u00e9<\/li>\n\n\n\n<li>Pouvoir d\u2019absorption et de s\u00e9chage optimal<\/li>\n\n\n\n<li>\u00c9paisseur : 9 mm<\/li>\n\n\n\n<li>Convient exclusivement \u00e0 un usage int\u00e9rieur<\/li>\n\n\n\n<li>Facile \u00e0 nettoyer<\/li>\n\n\n\n<li>Disponible en 6 couleurs couramment utilis\u00e9es<\/li>\n\n\n\n<li>Livrable en rouleaux, \u00e0 la coupe (m\u00e9trage) et en dalles<\/li>\n<\/ul>\n\n\n\n<h3 class=\"wp-block-heading\">Rouleaux<\/h3>\n\n\n\n<ul class=\"wp-block-list\">\n<li>130 cm*<\/li>\n\n\n\n<li>200 cm*<\/li>\n\n\n\n<li>Longueur du rouleau : \u00b1 25 m\u00b9<\/li>\n<\/ul>\n\n\n\n<p>* dimensions incluant des bordures en vinyle de 2,5 cm de largeur tout autour<\/p>\n\n\n\n<h3 class=\"wp-block-heading\"><strong>Carreaux<\/strong><\/h3>\n\n\n\n<ul class=\"wp-block-list\">\n<li>Dimensions : 50 \u00d7 50 cm<\/li>\n\n\n\n<li>Disponibles en anthracite 1070 et noir graphite 1050<\/li>\n\n\n\n<li>1 bo\u00eete contient 16 carreaux&nbsp;(4 m\u00b2)<\/li>\n\n\n\n<li>UE = 1 bo\u00eete<\/li>\n<\/ul>\n","protected":false},"excerpt":{"rendered":"<p>Qualit\u00e9 premium \u00e0 un prix tr\u00e8s comp\u00e9titif Le Forza Classic r\u00e9pond \u00e0 toutes les sp\u00e9cifications de la plus haute qualit\u00e9, avec une classe d\u2019usage 33 et une classe de r\u00e9action au feu Bfl-s1. De plus, il est propos\u00e9 \u00e0 un prix particuli\u00e8rement attractif \u00c0 propos de ce produit Rouleaux * dimensions incluant des bordures en\u2026<\/p>\n","protected":false},"featured_media":122539,"template":"","meta":{"_acf_changed":true},"product_category":[621],"product_tag":[],"class_list":["post-122546","product","type-product","status-publish","has-post-thumbnail","hentry","product_category-schoonloopzones-fr"],"acf":[],"yoast_head":"<!-- This site is optimized with the Yoast SEO plugin v27.3 - https:\/\/yoast.com\/product\/yoast-seo-wordpress\/ -->\n<title>Forza Classic - Storax Belgium<\/title>\n<meta name=\"robots\" content=\"index, follow, max-snippet:-1, max-image-preview:large, max-video-preview:-1\" \/>\n<link rel=\"canonical\" href=\"https:\/\/storax.be\/fr\/producten\/schoonloopzones-fr\/forza-classic\/\" \/>\n<meta property=\"og:locale\" content=\"fr_FR\" \/>\n<meta property=\"og:type\" content=\"article\" \/>\n<meta property=\"og:title\" content=\"Forza Classic - Storax Belgium\" \/>\n<meta property=\"og:description\" content=\"Qualit\u00e9 premium \u00e0 un prix tr\u00e8s comp\u00e9titif Le Forza Classic r\u00e9pond \u00e0 toutes les sp\u00e9cifications de la plus haute qualit\u00e9, avec une classe d\u2019usage 33 et une classe de r\u00e9action au feu Bfl-s1. De plus, il est propos\u00e9 \u00e0 un prix particuli\u00e8rement attractif \u00c0 propos de ce produit Rouleaux * dimensions incluant des bordures en\u2026\" \/>\n<meta property=\"og:url\" content=\"https:\/\/storax.be\/fr\/producten\/schoonloopzones-fr\/forza-classic\/\" \/>\n<meta property=\"og:site_name\" content=\"Storax Belgium\" \/>\n<meta property=\"article:modified_time\" content=\"2026-01-27T08:38:45+00:00\" \/>\n<meta property=\"og:image\" content=\"https:\/\/storax.be\/wp-content\/uploads\/sites\/2\/2026\/01\/forza-classic-2.jpg\" \/>\n\t<meta property=\"og:image:width\" content=\"280\" \/>\n\t<meta property=\"og:image:height\" content=\"280\" \/>\n\t<meta property=\"og:image:type\" content=\"image\/jpeg\" \/>\n<meta name=\"twitter:card\" content=\"summary_large_image\" \/>\n<meta name=\"twitter:label1\" content=\"Dur\u00e9e de lecture estim\u00e9e\" \/>\n\t<meta name=\"twitter:data1\" content=\"1 minute\" \/>\n<script type=\"application\/ld+json\" class=\"yoast-schema-graph\">{\"@context\":\"https:\\\/\\\/schema.org\",\"@graph\":[{\"@type\":\"WebPage\",\"@id\":\"https:\\\/\\\/storax.be\\\/fr\\\/producten\\\/schoonloopzones-fr\\\/forza-classic\\\/\",\"url\":\"https:\\\/\\\/storax.be\\\/fr\\\/producten\\\/schoonloopzones-fr\\\/forza-classic\\\/\",\"name\":\"Forza Classic - Storax Belgium\",\"isPartOf\":{\"@id\":\"https:\\\/\\\/storax.be\\\/fr\\\/#website\"},\"primaryImageOfPage\":{\"@id\":\"https:\\\/\\\/storax.be\\\/fr\\\/producten\\\/schoonloopzones-fr\\\/forza-classic\\\/#primaryimage\"},\"image\":{\"@id\":\"https:\\\/\\\/storax.be\\\/fr\\\/producten\\\/schoonloopzones-fr\\\/forza-classic\\\/#primaryimage\"},\"thumbnailUrl\":\"https:\\\/\\\/storax.be\\\/wp-content\\\/uploads\\\/sites\\\/2\\\/2026\\\/01\\\/forza-classic-2.jpg\",\"datePublished\":\"2026-01-21T14:45:43+00:00\",\"dateModified\":\"2026-01-27T08:38:45+00:00\",\"breadcrumb\":{\"@id\":\"https:\\\/\\\/storax.be\\\/fr\\\/producten\\\/schoonloopzones-fr\\\/forza-classic\\\/#breadcrumb\"},\"inLanguage\":\"fr-FR\",\"potentialAction\":[{\"@type\":\"ReadAction\",\"target\":[\"https:\\\/\\\/storax.be\\\/fr\\\/producten\\\/schoonloopzones-fr\\\/forza-classic\\\/\"]}]},{\"@type\":\"ImageObject\",\"inLanguage\":\"fr-FR\",\"@id\":\"https:\\\/\\\/storax.be\\\/fr\\\/producten\\\/schoonloopzones-fr\\\/forza-classic\\\/#primaryimage\",\"url\":\"https:\\\/\\\/storax.be\\\/wp-content\\\/uploads\\\/sites\\\/2\\\/2026\\\/01\\\/forza-classic-2.jpg\",\"contentUrl\":\"https:\\\/\\\/storax.be\\\/wp-content\\\/uploads\\\/sites\\\/2\\\/2026\\\/01\\\/forza-classic-2.jpg\",\"width\":280,\"height\":280,\"caption\":\"forza-classic-schoonloopmat\"},{\"@type\":\"BreadcrumbList\",\"@id\":\"https:\\\/\\\/storax.be\\\/fr\\\/producten\\\/schoonloopzones-fr\\\/forza-classic\\\/#breadcrumb\",\"itemListElement\":[{\"@type\":\"ListItem\",\"position\":1,\"name\":\"Home\",\"item\":\"https:\\\/\\\/storax.be\\\/fr\\\/\"},{\"@type\":\"ListItem\",\"position\":2,\"name\":\"Producten\",\"item\":\"https:\\\/\\\/storax.be\\\/fr\\\/producten\\\/%product_category%\\\/\"},{\"@type\":\"ListItem\",\"position\":3,\"name\":\"Tapis d'entr\u00e9e\",\"item\":\"https:\\\/\\\/storax.be\\\/fr\\\/producten\\\/schoonloopzones-fr\\\/\"},{\"@type\":\"ListItem\",\"position\":4,\"name\":\"Forza Classic\"}]},{\"@type\":\"WebSite\",\"@id\":\"https:\\\/\\\/storax.be\\\/fr\\\/#website\",\"url\":\"https:\\\/\\\/storax.be\\\/fr\\\/\",\"name\":\"Storax Belgium\",\"description\":\"Uw betrouwbare partner voor bouwprojecten\",\"potentialAction\":[{\"@type\":\"SearchAction\",\"target\":{\"@type\":\"EntryPoint\",\"urlTemplate\":\"https:\\\/\\\/storax.be\\\/fr\\\/?s={search_term_string}\"},\"query-input\":{\"@type\":\"PropertyValueSpecification\",\"valueRequired\":true,\"valueName\":\"search_term_string\"}}],\"inLanguage\":\"fr-FR\"}]}<\/script>\n<!-- \/ Yoast SEO plugin. -->","yoast_head_json":{"title":"Forza Classic - Storax Belgium","robots":{"index":"index","follow":"follow","max-snippet":"max-snippet:-1","max-image-preview":"max-image-preview:large","max-video-preview":"max-video-preview:-1"},"canonical":"https:\/\/storax.be\/fr\/producten\/schoonloopzones-fr\/forza-classic\/","og_locale":"fr_FR","og_type":"article","og_title":"Forza Classic - Storax Belgium","og_description":"Qualit\u00e9 premium \u00e0 un prix tr\u00e8s comp\u00e9titif Le Forza Classic r\u00e9pond \u00e0 toutes les sp\u00e9cifications de la plus haute qualit\u00e9, avec une classe d\u2019usage 33 et une classe de r\u00e9action au feu Bfl-s1. De plus, il est propos\u00e9 \u00e0 un prix particuli\u00e8rement attractif \u00c0 propos de ce produit Rouleaux * dimensions incluant des bordures en\u2026","og_url":"https:\/\/storax.be\/fr\/producten\/schoonloopzones-fr\/forza-classic\/","og_site_name":"Storax Belgium","article_modified_time":"2026-01-27T08:38:45+00:00","og_image":[{"width":280,"height":280,"url":"https:\/\/storax.be\/wp-content\/uploads\/sites\/2\/2026\/01\/forza-classic-2.jpg","type":"image\/jpeg"}],"twitter_card":"summary_large_image","twitter_misc":{"Dur\u00e9e de lecture estim\u00e9e":"1 minute"},"schema":{"@context":"https:\/\/schema.org","@graph":[{"@type":"WebPage","@id":"https:\/\/storax.be\/fr\/producten\/schoonloopzones-fr\/forza-classic\/","url":"https:\/\/storax.be\/fr\/producten\/schoonloopzones-fr\/forza-classic\/","name":"Forza Classic - Storax Belgium","isPartOf":{"@id":"https:\/\/storax.be\/fr\/#website"},"primaryImageOfPage":{"@id":"https:\/\/storax.be\/fr\/producten\/schoonloopzones-fr\/forza-classic\/#primaryimage"},"image":{"@id":"https:\/\/storax.be\/fr\/producten\/schoonloopzones-fr\/forza-classic\/#primaryimage"},"thumbnailUrl":"https:\/\/storax.be\/wp-content\/uploads\/sites\/2\/2026\/01\/forza-classic-2.jpg","datePublished":"2026-01-21T14:45:43+00:00","dateModified":"2026-01-27T08:38:45+00:00","breadcrumb":{"@id":"https:\/\/storax.be\/fr\/producten\/schoonloopzones-fr\/forza-classic\/#breadcrumb"},"inLanguage":"fr-FR","potentialAction":[{"@type":"ReadAction","target":["https:\/\/storax.be\/fr\/producten\/schoonloopzones-fr\/forza-classic\/"]}]},{"@type":"ImageObject","inLanguage":"fr-FR","@id":"https:\/\/storax.be\/fr\/producten\/schoonloopzones-fr\/forza-classic\/#primaryimage","url":"https:\/\/storax.be\/wp-content\/uploads\/sites\/2\/2026\/01\/forza-classic-2.jpg","contentUrl":"https:\/\/storax.be\/wp-content\/uploads\/sites\/2\/2026\/01\/forza-classic-2.jpg","width":280,"height":280,"caption":"forza-classic-schoonloopmat"},{"@type":"BreadcrumbList","@id":"https:\/\/storax.be\/fr\/producten\/schoonloopzones-fr\/forza-classic\/#breadcrumb","itemListElement":[{"@type":"ListItem","position":1,"name":"Home","item":"https:\/\/storax.be\/fr\/"},{"@type":"ListItem","position":2,"name":"Producten","item":"https:\/\/storax.be\/fr\/producten\/%product_category%\/"},{"@type":"ListItem","position":3,"name":"Tapis d'entr\u00e9e","item":"https:\/\/storax.be\/fr\/producten\/schoonloopzones-fr\/"},{"@type":"ListItem","position":4,"name":"Forza Classic"}]},{"@type":"WebSite","@id":"https:\/\/storax.be\/fr\/#website","url":"https:\/\/storax.be\/fr\/","name":"Storax Belgium","description":"Uw betrouwbare partner voor bouwprojecten","potentialAction":[{"@type":"SearchAction","target":{"@type":"EntryPoint","urlTemplate":"https:\/\/storax.be\/fr\/?s={search_term_string}"},"query-input":{"@type":"PropertyValueSpecification","valueRequired":true,"valueName":"search_term_string"}}],"inLanguage":"fr-FR"}]}},"_links":{"self":[{"href":"https:\/\/storax.be\/fr\/wp-json\/wp\/v2\/product\/122546","targetHints":{"allow":["GET"]}}],"collection":[{"href":"https:\/\/storax.be\/fr\/wp-json\/wp\/v2\/product"}],"about":[{"href":"https:\/\/storax.be\/fr\/wp-json\/wp\/v2\/types\/product"}],"wp:featuredmedia":[{"embeddable":true,"href":"https:\/\/storax.be\/fr\/wp-json\/wp\/v2\/media\/122539"}],"wp:attachment":[{"href":"https:\/\/storax.be\/fr\/wp-json\/wp\/v2\/media?parent=122546"}],"wp:term":[{"taxonomy":"product_category","embeddable":true,"href":"https:\/\/storax.be\/fr\/wp-json\/wp\/v2\/product_category?post=122546"},{"taxonomy":"product_tag","embeddable":true,"href":"https:\/\/storax.be\/fr\/wp-json\/wp\/v2\/product_tag?post=122546"}],"curies":[{"name":"wp","href":"https:\/\/api.w.org\/{rel}","templated":true}]}}