{"id":117628,"date":"2023-01-13T08:35:57","date_gmt":"2023-01-13T08:35:57","guid":{"rendered":"https:\/\/storax.be\/producten\/uncategorized\/aluminium-draagbalken\/"},"modified":"2024-07-31T08:55:40","modified_gmt":"2024-07-31T08:55:40","slug":"aluminium-draagbalken","status":"publish","type":"product","link":"https:\/\/storax.be\/fr\/producten\/plots-de-carrelage\/aluminium-draagbalken\/","title":{"rendered":"Poutres porteuses en aluminium"},"content":{"rendered":"\n<h2 class=\"wp-block-heading\"><strong>Structure porteuse solide<\/strong><\/h2>\n\n\n\n<p>Les plots r\u00e9glables Storax peuvent \u00eatre \u00e9quip\u00e9s d&rsquo;une poutre porteuse en aluminium. La poutre peut \u00eatre utilis\u00e9e pour presque tous les types de carreaux et de planches. Des accessoires sont disponibles pour renforcer la construction et offrir des solutions permettant de gagner du temps lors du montage.<\/p>\n\n\n\n<p><b style=\"font-size: 20px; font-weight: 600; padding-bottom: 30px;\">Accessoires<\/b><\/p>\n\n\n\n<figure class=\"wp-block-table\"><table><tbody><tr><td><img loading=\"lazy\" decoding=\"async\" class=\"alignnone size-full wp-image-115673\" src=\"https:\/\/storax.be\/wp-content\/uploads\/sites\/2\/2023\/01\/ST-AJ.png\" alt=\"\" width=\"300\" height=\"225\"><\/td><td>&nbsp;<\/td><td><img loading=\"lazy\" decoding=\"async\" class=\"alignnone size-full wp-image-115677\" src=\"https:\/\/storax.be\/wp-content\/uploads\/sites\/2\/2023\/01\/ST-AP-1.png\" alt=\"\" width=\"300\" height=\"225\"><\/td><\/tr><tr><td><b>ST-AJ :<\/b> blocs de connexion et de support pour entretoise<\/td><td>&nbsp;<\/td><td><b>ST-AP : <\/b>base pour la fixation de la poutre porteuse au plot<\/td><\/tr><\/tbody><\/table><\/figure>\n\n\n\n<figure class=\"wp-block-table\"><table><tbody><tr><td><img loading=\"lazy\" decoding=\"async\" class=\"alignnone size-full wp-image-115669\" src=\"https:\/\/storax.be\/wp-content\/uploads\/sites\/2\/2023\/01\/ST-AD.png\" alt=\"\" width=\"300\" height=\"225\"><\/td><td>&nbsp;<\/td><td><img loading=\"lazy\" decoding=\"async\" class=\"alignnone size-full wp-image-115663\" src=\"https:\/\/storax.be\/wp-content\/uploads\/sites\/2\/2023\/01\/ST-ET.png\" alt=\"\" width=\"300\" height=\"225\"><\/td><\/tr><tr><td><b>ST-AD :<strong> <\/strong>bloc de support pour la fixation des lames de terrasse \u00e0 la poutre porteuse<\/b><\/td><td>&nbsp;<\/td><td><b>ST-ET : <strong>plinthe pour la finition verticale des rev\u00eatements<\/strong><\/b><\/td><\/tr><\/tbody><\/table><\/figure>\n\n\n\n<figure class=\"wp-block-table\"><table><tbody><tr><td><img loading=\"lazy\" decoding=\"async\" class=\"alignnone size-full wp-image-115661\" src=\"https:\/\/storax.be\/wp-content\/uploads\/sites\/2\/2023\/01\/ST-EB.png\" alt=\"\" width=\"300\" height=\"225\"><\/td><td>&nbsp;<\/td><td><img loading=\"lazy\" decoding=\"async\" class=\"alignnone wp-image-115681 size-medium\" src=\"https:\/\/storax.be\/wp-content\/uploads\/sites\/2\/2023\/01\/Test-300x221.png\" alt=\"\" width=\"300\" height=\"221\" srcset=\"https:\/\/storax.be\/wp-content\/uploads\/sites\/2\/2023\/01\/Test-300x221.png 300w, https:\/\/storax.be\/wp-content\/uploads\/sites\/2\/2023\/01\/Test.png 753w\" sizes=\"auto, (max-width: 300px) 100vw, 300px\" \/><\/td><\/tr><tr><td><b style=\"font-size: 14px;\">ST-EB : <\/b>plinthe pour la finition verticale des rev\u00eatements<\/td><td>&nbsp;<\/td><td>(exemple de ST-ET et ST-EB)<\/td><\/tr><\/tbody><\/table><\/figure>\n\n\n\n<figure class=\"wp-block-table\"><table><tbody><tr><td><img loading=\"lazy\" decoding=\"async\" width=\"300\" height=\"225\" class=\"alignnone size-full wp-image-115659\" src=\"https:\/\/storax.be\/wp-content\/uploads\/sites\/2\/2023\/01\/ST-TT.png\" alt=\"\" style=\"\"><\/td><td>&nbsp;<\/td><td><img loading=\"lazy\" decoding=\"async\" class=\"alignnone size-full wp-image-115657\" src=\"https:\/\/storax.be\/wp-content\/uploads\/sites\/2\/2023\/01\/ST-L.png\" alt=\"\" width=\"300\" height=\"225\"><\/td><\/tr><tr><td><b>ST-TT : disque de r\u00e9glage pour l&rsquo;ajustement de la hauteur<\/b><\/td><td>&nbsp;<\/td><td><b>ST-L : <\/b>anneau de fixation pour renforcer les composants<\/td><\/tr><\/tbody><\/table><\/figure>\n\n\n\n<figure class=\"wp-block-table\"><table><tbody><tr><td><img loading=\"lazy\" decoding=\"async\" class=\"alignnone size-full wp-image-115667\" src=\"https:\/\/storax.be\/wp-content\/uploads\/sites\/2\/2023\/01\/ST-SC.png\" alt=\"\" width=\"300\" height=\"225\"><\/td><td>&nbsp;<\/td><td><img loading=\"lazy\" decoding=\"async\" class=\"alignnone size-full wp-image-115683\" src=\"https:\/\/storax.be\/wp-content\/uploads\/sites\/2\/2023\/01\/ST-AT.png\" alt=\"\" width=\"300\" height=\"225\"><\/td><\/tr><tr><td><b>ST-SC: <\/b>correcteur de pente de 1% ou 2%<\/td><td>&nbsp;<\/td><td><b>ST-AT : <\/b>embout de finition<\/td><\/tr><\/tbody><\/table><\/figure>\n","protected":false},"excerpt":{"rendered":"<p>Structure porteuse solide Les plots r\u00e9glables Storax peuvent \u00eatre \u00e9quip\u00e9s d&rsquo;une poutre porteuse en aluminium. La poutre peut \u00eatre utilis\u00e9e pour presque tous les types de carreaux et de planches. Des accessoires sont disponibles pour renforcer la construction et offrir des solutions permettant de gagner du temps lors du montage. Accessoires &nbsp; ST-AJ : blocs\u2026<\/p>\n","protected":false},"featured_media":115652,"template":"","meta":{"_acf_changed":false},"product_category":[747],"product_tag":[],"class_list":["post-117628","product","type-product","status-publish","has-post-thumbnail","hentry","product_category-plots-de-carrelage"],"acf":[],"yoast_head":"<!-- This site is optimized with the Yoast SEO plugin v27.3 - https:\/\/yoast.com\/product\/yoast-seo-wordpress\/ -->\n<title>Poutres porteuses en aluminium - Storax Belgium<\/title>\n<meta name=\"robots\" content=\"index, follow, max-snippet:-1, max-image-preview:large, max-video-preview:-1\" \/>\n<link rel=\"canonical\" href=\"https:\/\/storax.be\/fr\/producten\/plots-de-carrelage\/aluminium-draagbalken\/\" \/>\n<meta property=\"og:locale\" content=\"fr_FR\" \/>\n<meta property=\"og:type\" content=\"article\" \/>\n<meta property=\"og:title\" content=\"Poutres porteuses en aluminium - Storax Belgium\" \/>\n<meta property=\"og:description\" content=\"Structure porteuse solide Les plots r\u00e9glables Storax peuvent \u00eatre \u00e9quip\u00e9s d&rsquo;une poutre porteuse en aluminium. La poutre peut \u00eatre utilis\u00e9e pour presque tous les types de carreaux et de planches. Des accessoires sont disponibles pour renforcer la construction et offrir des solutions permettant de gagner du temps lors du montage. Accessoires &nbsp; ST-AJ : blocs\u2026\" \/>\n<meta property=\"og:url\" content=\"https:\/\/storax.be\/fr\/producten\/plots-de-carrelage\/aluminium-draagbalken\/\" \/>\n<meta property=\"og:site_name\" content=\"Storax Belgium\" \/>\n<meta property=\"article:modified_time\" content=\"2024-07-31T08:55:40+00:00\" \/>\n<meta property=\"og:image\" content=\"https:\/\/storax.be\/wp-content\/uploads\/sites\/2\/2023\/01\/Storax-aluminium-plankendrager.png\" \/>\n\t<meta property=\"og:image:width\" content=\"470\" \/>\n\t<meta property=\"og:image:height\" content=\"470\" \/>\n\t<meta property=\"og:image:type\" content=\"image\/png\" \/>\n<meta name=\"twitter:card\" content=\"summary_large_image\" \/>\n<meta name=\"twitter:label1\" content=\"Dur\u00e9e de lecture estim\u00e9e\" \/>\n\t<meta name=\"twitter:data1\" content=\"3 minutes\" \/>\n<script type=\"application\/ld+json\" class=\"yoast-schema-graph\">{\"@context\":\"https:\\\/\\\/schema.org\",\"@graph\":[{\"@type\":\"WebPage\",\"@id\":\"https:\\\/\\\/storax.be\\\/fr\\\/producten\\\/plots-de-carrelage\\\/aluminium-draagbalken\\\/\",\"url\":\"https:\\\/\\\/storax.be\\\/fr\\\/producten\\\/plots-de-carrelage\\\/aluminium-draagbalken\\\/\",\"name\":\"Poutres porteuses en aluminium - Storax Belgium\",\"isPartOf\":{\"@id\":\"https:\\\/\\\/storax.be\\\/fr\\\/#website\"},\"primaryImageOfPage\":{\"@id\":\"https:\\\/\\\/storax.be\\\/fr\\\/producten\\\/plots-de-carrelage\\\/aluminium-draagbalken\\\/#primaryimage\"},\"image\":{\"@id\":\"https:\\\/\\\/storax.be\\\/fr\\\/producten\\\/plots-de-carrelage\\\/aluminium-draagbalken\\\/#primaryimage\"},\"thumbnailUrl\":\"https:\\\/\\\/storax.be\\\/wp-content\\\/uploads\\\/sites\\\/2\\\/2023\\\/01\\\/Storax-aluminium-plankendrager.png\",\"datePublished\":\"2023-01-13T08:35:57+00:00\",\"dateModified\":\"2024-07-31T08:55:40+00:00\",\"breadcrumb\":{\"@id\":\"https:\\\/\\\/storax.be\\\/fr\\\/producten\\\/plots-de-carrelage\\\/aluminium-draagbalken\\\/#breadcrumb\"},\"inLanguage\":\"fr-FR\",\"potentialAction\":[{\"@type\":\"ReadAction\",\"target\":[\"https:\\\/\\\/storax.be\\\/fr\\\/producten\\\/plots-de-carrelage\\\/aluminium-draagbalken\\\/\"]}]},{\"@type\":\"ImageObject\",\"inLanguage\":\"fr-FR\",\"@id\":\"https:\\\/\\\/storax.be\\\/fr\\\/producten\\\/plots-de-carrelage\\\/aluminium-draagbalken\\\/#primaryimage\",\"url\":\"https:\\\/\\\/storax.be\\\/wp-content\\\/uploads\\\/sites\\\/2\\\/2023\\\/01\\\/Storax-aluminium-plankendrager.png\",\"contentUrl\":\"https:\\\/\\\/storax.be\\\/wp-content\\\/uploads\\\/sites\\\/2\\\/2023\\\/01\\\/Storax-aluminium-plankendrager.png\",\"width\":470,\"height\":470,\"caption\":\"Storax aluminium plankendrager\"},{\"@type\":\"BreadcrumbList\",\"@id\":\"https:\\\/\\\/storax.be\\\/fr\\\/producten\\\/plots-de-carrelage\\\/aluminium-draagbalken\\\/#breadcrumb\",\"itemListElement\":[{\"@type\":\"ListItem\",\"position\":1,\"name\":\"Home\",\"item\":\"https:\\\/\\\/storax.be\\\/fr\\\/\"},{\"@type\":\"ListItem\",\"position\":2,\"name\":\"Producten\",\"item\":\"https:\\\/\\\/storax.be\\\/fr\\\/producten\\\/%product_category%\\\/\"},{\"@type\":\"ListItem\",\"position\":3,\"name\":\"Plots de carrelage\",\"item\":\"https:\\\/\\\/storax.be\\\/fr\\\/producten\\\/plots-de-carrelage\\\/\"},{\"@type\":\"ListItem\",\"position\":4,\"name\":\"Poutres porteuses en aluminium\"}]},{\"@type\":\"WebSite\",\"@id\":\"https:\\\/\\\/storax.be\\\/fr\\\/#website\",\"url\":\"https:\\\/\\\/storax.be\\\/fr\\\/\",\"name\":\"Storax Belgium\",\"description\":\"Uw betrouwbare partner voor bouwprojecten\",\"potentialAction\":[{\"@type\":\"SearchAction\",\"target\":{\"@type\":\"EntryPoint\",\"urlTemplate\":\"https:\\\/\\\/storax.be\\\/fr\\\/?s={search_term_string}\"},\"query-input\":{\"@type\":\"PropertyValueSpecification\",\"valueRequired\":true,\"valueName\":\"search_term_string\"}}],\"inLanguage\":\"fr-FR\"}]}<\/script>\n<!-- \/ Yoast SEO plugin. -->","yoast_head_json":{"title":"Poutres porteuses en aluminium - Storax Belgium","robots":{"index":"index","follow":"follow","max-snippet":"max-snippet:-1","max-image-preview":"max-image-preview:large","max-video-preview":"max-video-preview:-1"},"canonical":"https:\/\/storax.be\/fr\/producten\/plots-de-carrelage\/aluminium-draagbalken\/","og_locale":"fr_FR","og_type":"article","og_title":"Poutres porteuses en aluminium - Storax Belgium","og_description":"Structure porteuse solide Les plots r\u00e9glables Storax peuvent \u00eatre \u00e9quip\u00e9s d&rsquo;une poutre porteuse en aluminium. La poutre peut \u00eatre utilis\u00e9e pour presque tous les types de carreaux et de planches. Des accessoires sont disponibles pour renforcer la construction et offrir des solutions permettant de gagner du temps lors du montage. Accessoires &nbsp; ST-AJ : blocs\u2026","og_url":"https:\/\/storax.be\/fr\/producten\/plots-de-carrelage\/aluminium-draagbalken\/","og_site_name":"Storax Belgium","article_modified_time":"2024-07-31T08:55:40+00:00","og_image":[{"width":470,"height":470,"url":"https:\/\/storax.be\/wp-content\/uploads\/sites\/2\/2023\/01\/Storax-aluminium-plankendrager.png","type":"image\/png"}],"twitter_card":"summary_large_image","twitter_misc":{"Dur\u00e9e de lecture estim\u00e9e":"3 minutes"},"schema":{"@context":"https:\/\/schema.org","@graph":[{"@type":"WebPage","@id":"https:\/\/storax.be\/fr\/producten\/plots-de-carrelage\/aluminium-draagbalken\/","url":"https:\/\/storax.be\/fr\/producten\/plots-de-carrelage\/aluminium-draagbalken\/","name":"Poutres porteuses en aluminium - Storax Belgium","isPartOf":{"@id":"https:\/\/storax.be\/fr\/#website"},"primaryImageOfPage":{"@id":"https:\/\/storax.be\/fr\/producten\/plots-de-carrelage\/aluminium-draagbalken\/#primaryimage"},"image":{"@id":"https:\/\/storax.be\/fr\/producten\/plots-de-carrelage\/aluminium-draagbalken\/#primaryimage"},"thumbnailUrl":"https:\/\/storax.be\/wp-content\/uploads\/sites\/2\/2023\/01\/Storax-aluminium-plankendrager.png","datePublished":"2023-01-13T08:35:57+00:00","dateModified":"2024-07-31T08:55:40+00:00","breadcrumb":{"@id":"https:\/\/storax.be\/fr\/producten\/plots-de-carrelage\/aluminium-draagbalken\/#breadcrumb"},"inLanguage":"fr-FR","potentialAction":[{"@type":"ReadAction","target":["https:\/\/storax.be\/fr\/producten\/plots-de-carrelage\/aluminium-draagbalken\/"]}]},{"@type":"ImageObject","inLanguage":"fr-FR","@id":"https:\/\/storax.be\/fr\/producten\/plots-de-carrelage\/aluminium-draagbalken\/#primaryimage","url":"https:\/\/storax.be\/wp-content\/uploads\/sites\/2\/2023\/01\/Storax-aluminium-plankendrager.png","contentUrl":"https:\/\/storax.be\/wp-content\/uploads\/sites\/2\/2023\/01\/Storax-aluminium-plankendrager.png","width":470,"height":470,"caption":"Storax aluminium plankendrager"},{"@type":"BreadcrumbList","@id":"https:\/\/storax.be\/fr\/producten\/plots-de-carrelage\/aluminium-draagbalken\/#breadcrumb","itemListElement":[{"@type":"ListItem","position":1,"name":"Home","item":"https:\/\/storax.be\/fr\/"},{"@type":"ListItem","position":2,"name":"Producten","item":"https:\/\/storax.be\/fr\/producten\/%product_category%\/"},{"@type":"ListItem","position":3,"name":"Plots de carrelage","item":"https:\/\/storax.be\/fr\/producten\/plots-de-carrelage\/"},{"@type":"ListItem","position":4,"name":"Poutres porteuses en aluminium"}]},{"@type":"WebSite","@id":"https:\/\/storax.be\/fr\/#website","url":"https:\/\/storax.be\/fr\/","name":"Storax Belgium","description":"Uw betrouwbare partner voor bouwprojecten","potentialAction":[{"@type":"SearchAction","target":{"@type":"EntryPoint","urlTemplate":"https:\/\/storax.be\/fr\/?s={search_term_string}"},"query-input":{"@type":"PropertyValueSpecification","valueRequired":true,"valueName":"search_term_string"}}],"inLanguage":"fr-FR"}]}},"_links":{"self":[{"href":"https:\/\/storax.be\/fr\/wp-json\/wp\/v2\/product\/117628","targetHints":{"allow":["GET"]}}],"collection":[{"href":"https:\/\/storax.be\/fr\/wp-json\/wp\/v2\/product"}],"about":[{"href":"https:\/\/storax.be\/fr\/wp-json\/wp\/v2\/types\/product"}],"wp:featuredmedia":[{"embeddable":true,"href":"https:\/\/storax.be\/fr\/wp-json\/wp\/v2\/media\/115652"}],"wp:attachment":[{"href":"https:\/\/storax.be\/fr\/wp-json\/wp\/v2\/media?parent=117628"}],"wp:term":[{"taxonomy":"product_category","embeddable":true,"href":"https:\/\/storax.be\/fr\/wp-json\/wp\/v2\/product_category?post=117628"},{"taxonomy":"product_tag","embeddable":true,"href":"https:\/\/storax.be\/fr\/wp-json\/wp\/v2\/product_tag?post=117628"}],"curies":[{"name":"wp","href":"https:\/\/api.w.org\/{rel}","templated":true}]}}