{"id":117623,"date":"2024-07-30T13:22:00","date_gmt":"2024-07-30T13:22:00","guid":{"rendered":"https:\/\/storax.be\/?post_type=product&#038;p=117623"},"modified":"2024-08-20T08:40:32","modified_gmt":"2024-08-20T08:40:32","slug":"schluter-ditra-heat-2","status":"publish","type":"product","link":"https:\/\/storax.be\/fr\/producten\/schluter-ditra\/schluter-ditra-heat-2\/","title":{"rendered":"Schl\u00fcter-Ditra-Heat"},"content":{"rendered":"\n<p>Schl\u00fcter-DITRA-HEAT est une natte en polypropyl\u00e8ne avec une structure \u00e0 plots incis\u00e9s, adapt\u00e9e pour le chauffage par le sol \u00e9lectrique. Elle sert de support universel pour les rev\u00eatements carrel\u00e9s et offre les fonctions de d\u00e9solidarisation, d&rsquo;\u00e9tanch\u00e9it\u00e9 et de r\u00e9gulation de la pression de vapeur.<\/p>\n\n\n\n<p>Le panneau \u00e0 plots pour chauffage par le sol poss\u00e8de une isolation thermique pour r\u00e9duire la transmission des bruits d&rsquo;impact \u00e0 travers les assemblages plancher-plafond, minimiser les pertes de chaleur vers le support et am\u00e9liorer le temps de r\u00e9ponse du chauffage par le sol (notamment sur le b\u00e9ton). Les c\u00e2bles se fixent facilement \u00e0 l&rsquo;endroit souhait\u00e9, ce qui r\u00e9duit consid\u00e9rablement le temps et l&rsquo;effort d&rsquo;installation. Comme cela \u00e9limine les diff\u00e9rences de hauteur, il suffit d&rsquo;appliquer le nivellant sur le dessus pour une installation de sol parfaitement plane.<\/p>\n\n\n\n<p>Le syst\u00e8me comprend tout ce dont vous avez besoin pour installer un chauffage par le sol \u00e9lectrique sous carrelage ou pierre.<\/p>\n\n\n\n<p>Plusieurs variantes sont disponibles :<\/p>\n\n\n\n<ul class=\"wp-block-list\"><li>Thermostat avec \u00e9cran tactile<\/li><li>Int\u00e9gration avec WiFi et contr\u00f4le mobile<\/li><li>Syst\u00e8me de mesure et d&rsquo;alerte<\/li><\/ul>\n\n\n\n<p><strong>Schl\u00fcter\u00ae DITRA HEAT : Chauffage et d\u00e9solidarisation<\/strong> Panneau \u00e0 plots sp\u00e9cialement con\u00e7u pour le chauffage par le sol \u00e9lectrique. Les c\u00e2bles se placent facilement entre les plots. Ce syst\u00e8me offre de nombreux avantages :<\/p>\n\n\n\n<ul class=\"wp-block-list\"><li>D\u00e9solidarisation<\/li><li>\u00c9tanch\u00e9it\u00e9<\/li><li>R\u00e9gulation de la pression de vapeur<\/li><\/ul>\n\n\n\n<p><strong>Schl\u00fcter\u00ae DITRA HEAT DUO : Chauffage et isolation acoustique<\/strong> Le Schl\u00fcter Ditra Heat Duo est le m\u00eame syst\u00e8me de base, mais avec un tissu thermique suppl\u00e9mentaire de 2 mm pour l&rsquo;isolation phonique.<\/p>\n\n\n\n<ul class=\"wp-block-list\"><li>Isolation phonique<\/li><li>\u00c9tanch\u00e9it\u00e9<\/li><li>R\u00e9gulation de la pression de vapeur<\/li><\/ul>\n\n\n\n<p>Les deux variantes sont disponibles en kits complets pour le chauffage au sol et mural. Les kits sont disponibles pour diff\u00e9rentes surfaces allant de 1,5 m\u00b2 \u00e0 7,8 m\u00b2. Pour plus d&rsquo;informations sur le contenu des kits, consultez la brochure Schl\u00fcter Ditra Heat.<\/p>\n\n\n\n<p><strong>Demandez d\u00e8s aujourd\u2019hui un devis, d\u00e9couvrez votre prix d\u2019achat avantageux, et recevez votre offre dans un d\u00e9lai d\u2019un jour ouvrable !<\/strong><\/p>\n","protected":false},"excerpt":{"rendered":"<p>Schl\u00fcter-DITRA-HEAT est une natte en polypropyl\u00e8ne avec une structure \u00e0 plots incis\u00e9s, adapt\u00e9e pour le chauffage par le sol \u00e9lectrique. Elle sert de support universel pour les rev\u00eatements carrel\u00e9s et offre les fonctions de d\u00e9solidarisation, d&rsquo;\u00e9tanch\u00e9it\u00e9 et de r\u00e9gulation de la pression de vapeur. Le panneau \u00e0 plots pour chauffage par le sol poss\u00e8de une\u2026<\/p>\n","protected":false},"featured_media":117624,"template":"","meta":{"_acf_changed":false},"product_category":[741,786],"product_tag":[],"class_list":["post-117623","product","type-product","status-publish","has-post-thumbnail","hentry","product_category-schluter-vloerverwarming-fr","product_category-schluter-ditra"],"acf":[],"yoast_head":"<!-- This site is optimized with the Yoast SEO plugin v27.3 - https:\/\/yoast.com\/product\/yoast-seo-wordpress\/ -->\n<title>Schl\u00fcter-Ditra-Heat - Storax Belgium<\/title>\n<meta name=\"robots\" content=\"index, follow, max-snippet:-1, max-image-preview:large, max-video-preview:-1\" \/>\n<link rel=\"canonical\" href=\"https:\/\/storax.be\/fr\/producten\/schluter-ditra\/schluter-ditra-heat-2\/\" \/>\n<meta property=\"og:locale\" content=\"fr_FR\" \/>\n<meta property=\"og:type\" content=\"article\" \/>\n<meta property=\"og:title\" content=\"Schl\u00fcter-Ditra-Heat - Storax Belgium\" \/>\n<meta property=\"og:description\" content=\"Schl\u00fcter-DITRA-HEAT est une natte en polypropyl\u00e8ne avec une structure \u00e0 plots incis\u00e9s, adapt\u00e9e pour le chauffage par le sol \u00e9lectrique. Elle sert de support universel pour les rev\u00eatements carrel\u00e9s et offre les fonctions de d\u00e9solidarisation, d&rsquo;\u00e9tanch\u00e9it\u00e9 et de r\u00e9gulation de la pression de vapeur. Le panneau \u00e0 plots pour chauffage par le sol poss\u00e8de une\u2026\" \/>\n<meta property=\"og:url\" content=\"https:\/\/storax.be\/fr\/producten\/schluter-ditra\/schluter-ditra-heat-2\/\" \/>\n<meta property=\"og:site_name\" content=\"Storax Belgium\" \/>\n<meta property=\"article:modified_time\" content=\"2024-08-20T08:40:32+00:00\" \/>\n<meta property=\"og:image\" content=\"https:\/\/storax.be\/wp-content\/uploads\/sites\/2\/2024\/07\/Schluter-Ditra-Heat-E.png\" \/>\n\t<meta property=\"og:image:width\" content=\"470\" \/>\n\t<meta property=\"og:image:height\" content=\"470\" \/>\n\t<meta property=\"og:image:type\" content=\"image\/png\" \/>\n<meta name=\"twitter:card\" content=\"summary_large_image\" \/>\n<meta name=\"twitter:label1\" content=\"Dur\u00e9e de lecture estim\u00e9e\" \/>\n\t<meta name=\"twitter:data1\" content=\"2 minutes\" \/>\n<script type=\"application\/ld+json\" class=\"yoast-schema-graph\">{\"@context\":\"https:\\\/\\\/schema.org\",\"@graph\":[{\"@type\":\"WebPage\",\"@id\":\"https:\\\/\\\/storax.be\\\/fr\\\/producten\\\/schluter-ditra\\\/schluter-ditra-heat-2\\\/\",\"url\":\"https:\\\/\\\/storax.be\\\/fr\\\/producten\\\/schluter-ditra\\\/schluter-ditra-heat-2\\\/\",\"name\":\"Schl\u00fcter-Ditra-Heat - Storax Belgium\",\"isPartOf\":{\"@id\":\"https:\\\/\\\/storax.be\\\/fr\\\/#website\"},\"primaryImageOfPage\":{\"@id\":\"https:\\\/\\\/storax.be\\\/fr\\\/producten\\\/schluter-ditra\\\/schluter-ditra-heat-2\\\/#primaryimage\"},\"image\":{\"@id\":\"https:\\\/\\\/storax.be\\\/fr\\\/producten\\\/schluter-ditra\\\/schluter-ditra-heat-2\\\/#primaryimage\"},\"thumbnailUrl\":\"https:\\\/\\\/storax.be\\\/wp-content\\\/uploads\\\/sites\\\/2\\\/2024\\\/07\\\/Schluter-Ditra-Heat-E.png\",\"datePublished\":\"2024-07-30T13:22:00+00:00\",\"dateModified\":\"2024-08-20T08:40:32+00:00\",\"breadcrumb\":{\"@id\":\"https:\\\/\\\/storax.be\\\/fr\\\/producten\\\/schluter-ditra\\\/schluter-ditra-heat-2\\\/#breadcrumb\"},\"inLanguage\":\"fr-FR\",\"potentialAction\":[{\"@type\":\"ReadAction\",\"target\":[\"https:\\\/\\\/storax.be\\\/fr\\\/producten\\\/schluter-ditra\\\/schluter-ditra-heat-2\\\/\"]}]},{\"@type\":\"ImageObject\",\"inLanguage\":\"fr-FR\",\"@id\":\"https:\\\/\\\/storax.be\\\/fr\\\/producten\\\/schluter-ditra\\\/schluter-ditra-heat-2\\\/#primaryimage\",\"url\":\"https:\\\/\\\/storax.be\\\/wp-content\\\/uploads\\\/sites\\\/2\\\/2024\\\/07\\\/Schluter-Ditra-Heat-E.png\",\"contentUrl\":\"https:\\\/\\\/storax.be\\\/wp-content\\\/uploads\\\/sites\\\/2\\\/2024\\\/07\\\/Schluter-Ditra-Heat-E.png\",\"width\":470,\"height\":470,\"caption\":\"Schluter-Ditra-Heat-E\"},{\"@type\":\"BreadcrumbList\",\"@id\":\"https:\\\/\\\/storax.be\\\/fr\\\/producten\\\/schluter-ditra\\\/schluter-ditra-heat-2\\\/#breadcrumb\",\"itemListElement\":[{\"@type\":\"ListItem\",\"position\":1,\"name\":\"Home\",\"item\":\"https:\\\/\\\/storax.be\\\/fr\\\/\"},{\"@type\":\"ListItem\",\"position\":2,\"name\":\"Producten\",\"item\":\"https:\\\/\\\/storax.be\\\/fr\\\/producten\\\/%product_category%\\\/\"},{\"@type\":\"ListItem\",\"position\":3,\"name\":\"Schl\u00fcter Syst\u00e8mes\",\"item\":\"https:\\\/\\\/storax.be\\\/fr\\\/producten\\\/schluter-systems-fr\\\/\"},{\"@type\":\"ListItem\",\"position\":4,\"name\":\"Planchers chauffants\",\"item\":\"https:\\\/\\\/storax.be\\\/fr\\\/producten\\\/schluter-vloerverwarming-fr\\\/\"},{\"@type\":\"ListItem\",\"position\":5,\"name\":\"Schl\u00fcter-Ditra-Heat\"}]},{\"@type\":\"WebSite\",\"@id\":\"https:\\\/\\\/storax.be\\\/fr\\\/#website\",\"url\":\"https:\\\/\\\/storax.be\\\/fr\\\/\",\"name\":\"Storax Belgium\",\"description\":\"Uw betrouwbare partner voor bouwprojecten\",\"potentialAction\":[{\"@type\":\"SearchAction\",\"target\":{\"@type\":\"EntryPoint\",\"urlTemplate\":\"https:\\\/\\\/storax.be\\\/fr\\\/?s={search_term_string}\"},\"query-input\":{\"@type\":\"PropertyValueSpecification\",\"valueRequired\":true,\"valueName\":\"search_term_string\"}}],\"inLanguage\":\"fr-FR\"}]}<\/script>\n<!-- \/ Yoast SEO plugin. -->","yoast_head_json":{"title":"Schl\u00fcter-Ditra-Heat - Storax Belgium","robots":{"index":"index","follow":"follow","max-snippet":"max-snippet:-1","max-image-preview":"max-image-preview:large","max-video-preview":"max-video-preview:-1"},"canonical":"https:\/\/storax.be\/fr\/producten\/schluter-ditra\/schluter-ditra-heat-2\/","og_locale":"fr_FR","og_type":"article","og_title":"Schl\u00fcter-Ditra-Heat - Storax Belgium","og_description":"Schl\u00fcter-DITRA-HEAT est une natte en polypropyl\u00e8ne avec une structure \u00e0 plots incis\u00e9s, adapt\u00e9e pour le chauffage par le sol \u00e9lectrique. Elle sert de support universel pour les rev\u00eatements carrel\u00e9s et offre les fonctions de d\u00e9solidarisation, d&rsquo;\u00e9tanch\u00e9it\u00e9 et de r\u00e9gulation de la pression de vapeur. Le panneau \u00e0 plots pour chauffage par le sol poss\u00e8de une\u2026","og_url":"https:\/\/storax.be\/fr\/producten\/schluter-ditra\/schluter-ditra-heat-2\/","og_site_name":"Storax Belgium","article_modified_time":"2024-08-20T08:40:32+00:00","og_image":[{"width":470,"height":470,"url":"https:\/\/storax.be\/wp-content\/uploads\/sites\/2\/2024\/07\/Schluter-Ditra-Heat-E.png","type":"image\/png"}],"twitter_card":"summary_large_image","twitter_misc":{"Dur\u00e9e de lecture estim\u00e9e":"2 minutes"},"schema":{"@context":"https:\/\/schema.org","@graph":[{"@type":"WebPage","@id":"https:\/\/storax.be\/fr\/producten\/schluter-ditra\/schluter-ditra-heat-2\/","url":"https:\/\/storax.be\/fr\/producten\/schluter-ditra\/schluter-ditra-heat-2\/","name":"Schl\u00fcter-Ditra-Heat - Storax Belgium","isPartOf":{"@id":"https:\/\/storax.be\/fr\/#website"},"primaryImageOfPage":{"@id":"https:\/\/storax.be\/fr\/producten\/schluter-ditra\/schluter-ditra-heat-2\/#primaryimage"},"image":{"@id":"https:\/\/storax.be\/fr\/producten\/schluter-ditra\/schluter-ditra-heat-2\/#primaryimage"},"thumbnailUrl":"https:\/\/storax.be\/wp-content\/uploads\/sites\/2\/2024\/07\/Schluter-Ditra-Heat-E.png","datePublished":"2024-07-30T13:22:00+00:00","dateModified":"2024-08-20T08:40:32+00:00","breadcrumb":{"@id":"https:\/\/storax.be\/fr\/producten\/schluter-ditra\/schluter-ditra-heat-2\/#breadcrumb"},"inLanguage":"fr-FR","potentialAction":[{"@type":"ReadAction","target":["https:\/\/storax.be\/fr\/producten\/schluter-ditra\/schluter-ditra-heat-2\/"]}]},{"@type":"ImageObject","inLanguage":"fr-FR","@id":"https:\/\/storax.be\/fr\/producten\/schluter-ditra\/schluter-ditra-heat-2\/#primaryimage","url":"https:\/\/storax.be\/wp-content\/uploads\/sites\/2\/2024\/07\/Schluter-Ditra-Heat-E.png","contentUrl":"https:\/\/storax.be\/wp-content\/uploads\/sites\/2\/2024\/07\/Schluter-Ditra-Heat-E.png","width":470,"height":470,"caption":"Schluter-Ditra-Heat-E"},{"@type":"BreadcrumbList","@id":"https:\/\/storax.be\/fr\/producten\/schluter-ditra\/schluter-ditra-heat-2\/#breadcrumb","itemListElement":[{"@type":"ListItem","position":1,"name":"Home","item":"https:\/\/storax.be\/fr\/"},{"@type":"ListItem","position":2,"name":"Producten","item":"https:\/\/storax.be\/fr\/producten\/%product_category%\/"},{"@type":"ListItem","position":3,"name":"Schl\u00fcter Syst\u00e8mes","item":"https:\/\/storax.be\/fr\/producten\/schluter-systems-fr\/"},{"@type":"ListItem","position":4,"name":"Planchers chauffants","item":"https:\/\/storax.be\/fr\/producten\/schluter-vloerverwarming-fr\/"},{"@type":"ListItem","position":5,"name":"Schl\u00fcter-Ditra-Heat"}]},{"@type":"WebSite","@id":"https:\/\/storax.be\/fr\/#website","url":"https:\/\/storax.be\/fr\/","name":"Storax Belgium","description":"Uw betrouwbare partner voor bouwprojecten","potentialAction":[{"@type":"SearchAction","target":{"@type":"EntryPoint","urlTemplate":"https:\/\/storax.be\/fr\/?s={search_term_string}"},"query-input":{"@type":"PropertyValueSpecification","valueRequired":true,"valueName":"search_term_string"}}],"inLanguage":"fr-FR"}]}},"_links":{"self":[{"href":"https:\/\/storax.be\/fr\/wp-json\/wp\/v2\/product\/117623","targetHints":{"allow":["GET"]}}],"collection":[{"href":"https:\/\/storax.be\/fr\/wp-json\/wp\/v2\/product"}],"about":[{"href":"https:\/\/storax.be\/fr\/wp-json\/wp\/v2\/types\/product"}],"wp:featuredmedia":[{"embeddable":true,"href":"https:\/\/storax.be\/fr\/wp-json\/wp\/v2\/media\/117624"}],"wp:attachment":[{"href":"https:\/\/storax.be\/fr\/wp-json\/wp\/v2\/media?parent=117623"}],"wp:term":[{"taxonomy":"product_category","embeddable":true,"href":"https:\/\/storax.be\/fr\/wp-json\/wp\/v2\/product_category?post=117623"},{"taxonomy":"product_tag","embeddable":true,"href":"https:\/\/storax.be\/fr\/wp-json\/wp\/v2\/product_tag?post=117623"}],"curies":[{"name":"wp","href":"https:\/\/api.w.org\/{rel}","templated":true}]}}