{"id":117604,"date":"2024-07-30T08:35:12","date_gmt":"2024-07-30T08:35:12","guid":{"rendered":"https:\/\/storax.be\/?post_type=product&#038;p=117604"},"modified":"2024-07-30T08:52:28","modified_gmt":"2024-07-30T08:52:28","slug":"natte-de-drainage","status":"publish","type":"product","link":"https:\/\/storax.be\/fr\/producten\/membrane\/natte-de-drainage\/","title":{"rendered":"Natte de drainage"},"content":{"rendered":"\n<h2 class=\"wp-block-heading\"><strong>Haute r\u00e9sistance et capacit\u00e9 de drainage optimale<\/strong><\/h2>\n\n\n\n<p>La natte de drainage DRAINAGE de Storax est con\u00e7u pour offrir une r\u00e9sistance exceptionnelle et une capacit\u00e9 de drainage \u00e9lev\u00e9e gr\u00e2ce \u00e0 sa structure tridimensionnelle fonctionnelle. Il peut absorber les contraintes statiques et dynamiques, r\u00e9sistant aux forces de pression, de traction, aux chocs et aux perforations, avec une \u00e9paisseur de seulement 8 mm.<\/p>\n\n\n\n<p><strong>Sp\u00e9cifications:<\/strong><\/p>\n\n\n\n<ul class=\"wp-block-list\"><li><strong>\u00c9paisseur :<\/strong> 8 mm pour une protection efficace.<\/li><li><strong>Double Canal :<\/strong> Con\u00e7u pour la compensation du drainage et de la pression hydrostatique, tant sur la chape que sur le joint d\u2019\u00e9tanch\u00e9it\u00e9.<\/li><\/ul>\n\n\n\n<p><strong>Applications:<\/strong> DRAINAGE est id\u00e9al pour prot\u00e9ger les sols en c\u00e9ramique en \u00e9vacuant l&rsquo;eau et en emp\u00eachant les remont\u00e9es d\u2019humidit\u00e9, pr\u00e9servant ainsi la qualit\u00e9 du travail et l&rsquo;esth\u00e9tique du rev\u00eatement. Il est parfait pour :<\/p>\n\n\n\n<ul class=\"wp-block-list\"><li>Terrasses<\/li><li>Balcons<\/li><li>Espaces ext\u00e9rieurs carrel\u00e9s<\/li><\/ul>\n\n\n\n<p><strong>Avantages du Syst\u00e8me DRAINAGE :<\/strong><\/p>\n\n\n\n<ul class=\"wp-block-list\"><li><strong>R\u00e9sistance \u00c9lev\u00e9e :<\/strong> Supporte les forces de pression et de traction, ainsi que les chocs et perforations.<\/li><li><strong>Protection Contre le Gel :<\/strong> \u00c9vacue l&rsquo;eau pour \u00e9viter les dommages dus au gel.<\/li><li><strong>Pr\u00e9vention des D\u00e9colorations :<\/strong> Emp\u00eache les remont\u00e9es capillaires d&rsquo;eau qui peuvent transporter des sels provoquant des d\u00e9colorations.<\/li><li><strong>Installation Facile :<\/strong> La natte peut \u00eatre d\u00e9coup\u00e9e, pli\u00e9e et d\u00e9form\u00e9e pour \u00e9pouser la forme du sol.<\/li><\/ul>\n\n\n\n<p><strong>Importance du Drainage sur les Rev\u00eatements de Sol en C\u00e9ramique:<\/strong> Une installation correcte et l\u2019utilisation de mat\u00e9riaux appropri\u00e9s, comme le syst\u00e8me DRAINAGE de Storax, permettent \u00e0 l&rsquo;eau de pluie de s&rsquo;\u00e9couler vers l&rsquo;ext\u00e9rieur, prot\u00e9geant le sol en c\u00e9ramique contre les d\u00e9g\u00e2ts hivernaux et estivaux.<\/p>\n\n\n\n<p><strong>Risques en Cas de Stagnation de l\u2019Eau :<\/strong><\/p>\n\n\n\n<ul class=\"wp-block-list\"><li><strong>Hiver :<\/strong> Dilatation de l&rsquo;eau pouvant fissurer la couche sup\u00e9rieure.<\/li><li><strong>\u00c9t\u00e9 :<\/strong> Flux capillaire ascendant transportant des sels qui d\u00e9colorent le rev\u00eatement.<\/li><\/ul>\n\n\n\n<p>Pour les pi\u00e8ces situ\u00e9es au niveau inf\u00e9rieur, la natte DRAINAGE bloque l\u2019humidit\u00e9 et prot\u00e8ge les mat\u00e9riaux de construction isolants contre l&rsquo;absorption d&rsquo;humidit\u00e9.<\/p>\n\n\n\n<p><strong>D\u00e9solidarisation et Drainage:<\/strong> En combinaison avec les bandes FCAB125 et la natte de d\u00e9solidarisation Crack-Stop, le syst\u00e8me DRAINAGE offre une solution compl\u00e8te pour la d\u00e9solidarisation, l\u2019\u00e9tanch\u00e9it\u00e9 et le drainage.<\/p>\n\n\n\n<p><strong>Dimensions Disponibles :<\/strong><\/p>\n\n\n\n<ul class=\"wp-block-list\"><li><strong>STMEMD15M :<\/strong> 1m x 15m = 15m\u00b2<\/li><\/ul>\n\n\n\n<p><strong>Demandez d\u00e8s aujourd&rsquo;hui un devis, d\u00e9couvrez votre prix d&rsquo;achat avantageux, et recevez votre offre dans un d\u00e9lai d&rsquo;un jour ouvrable !<\/strong><\/p>\n","protected":false},"excerpt":{"rendered":"<p>Haute r\u00e9sistance et capacit\u00e9 de drainage optimale La natte de drainage DRAINAGE de Storax est con\u00e7u pour offrir une r\u00e9sistance exceptionnelle et une capacit\u00e9 de drainage \u00e9lev\u00e9e gr\u00e2ce \u00e0 sa structure tridimensionnelle fonctionnelle. Il peut absorber les contraintes statiques et dynamiques, r\u00e9sistant aux forces de pression, de traction, aux chocs et aux perforations, avec une\u2026<\/p>\n","protected":false},"featured_media":117605,"template":"","meta":{"_acf_changed":false},"product_category":[785],"product_tag":[],"class_list":["post-117604","product","type-product","status-publish","has-post-thumbnail","hentry","product_category-membrane"],"acf":[],"yoast_head":"<!-- This site is optimized with the Yoast SEO plugin v27.3 - https:\/\/yoast.com\/product\/yoast-seo-wordpress\/ -->\n<title>DRAINAGE | Natte de drainage - Storax Belgium<\/title>\n<meta name=\"robots\" content=\"index, follow, max-snippet:-1, max-image-preview:large, max-video-preview:-1\" \/>\n<link rel=\"canonical\" href=\"https:\/\/storax.be\/fr\/producten\/membrane\/natte-de-drainage\/\" \/>\n<meta property=\"og:locale\" content=\"fr_FR\" \/>\n<meta property=\"og:type\" content=\"article\" \/>\n<meta property=\"og:title\" content=\"DRAINAGE | Natte de drainage - Storax Belgium\" \/>\n<meta property=\"og:description\" content=\"Haute r\u00e9sistance et capacit\u00e9 de drainage optimale La natte de drainage DRAINAGE de Storax est con\u00e7u pour offrir une r\u00e9sistance exceptionnelle et une capacit\u00e9 de drainage \u00e9lev\u00e9e gr\u00e2ce \u00e0 sa structure tridimensionnelle fonctionnelle. Il peut absorber les contraintes statiques et dynamiques, r\u00e9sistant aux forces de pression, de traction, aux chocs et aux perforations, avec une\u2026\" \/>\n<meta property=\"og:url\" content=\"https:\/\/storax.be\/fr\/producten\/membrane\/natte-de-drainage\/\" \/>\n<meta property=\"og:site_name\" content=\"Storax Belgium\" \/>\n<meta property=\"article:modified_time\" content=\"2024-07-30T08:52:28+00:00\" \/>\n<meta property=\"og:image\" content=\"https:\/\/storax.be\/wp-content\/uploads\/sites\/2\/2024\/07\/Natte-de-drainage.jpg\" \/>\n\t<meta property=\"og:image:width\" content=\"469\" \/>\n\t<meta property=\"og:image:height\" content=\"469\" \/>\n\t<meta property=\"og:image:type\" content=\"image\/jpeg\" \/>\n<meta name=\"twitter:card\" content=\"summary_large_image\" \/>\n<script type=\"application\/ld+json\" class=\"yoast-schema-graph\">{\"@context\":\"https:\\\/\\\/schema.org\",\"@graph\":[{\"@type\":\"WebPage\",\"@id\":\"https:\\\/\\\/storax.be\\\/fr\\\/producten\\\/membrane\\\/natte-de-drainage\\\/\",\"url\":\"https:\\\/\\\/storax.be\\\/fr\\\/producten\\\/membrane\\\/natte-de-drainage\\\/\",\"name\":\"DRAINAGE | Natte de drainage - Storax Belgium\",\"isPartOf\":{\"@id\":\"https:\\\/\\\/storax.be\\\/fr\\\/#website\"},\"primaryImageOfPage\":{\"@id\":\"https:\\\/\\\/storax.be\\\/fr\\\/producten\\\/membrane\\\/natte-de-drainage\\\/#primaryimage\"},\"image\":{\"@id\":\"https:\\\/\\\/storax.be\\\/fr\\\/producten\\\/membrane\\\/natte-de-drainage\\\/#primaryimage\"},\"thumbnailUrl\":\"https:\\\/\\\/storax.be\\\/wp-content\\\/uploads\\\/sites\\\/2\\\/2024\\\/07\\\/Natte-de-drainage.jpg\",\"datePublished\":\"2024-07-30T08:35:12+00:00\",\"dateModified\":\"2024-07-30T08:52:28+00:00\",\"breadcrumb\":{\"@id\":\"https:\\\/\\\/storax.be\\\/fr\\\/producten\\\/membrane\\\/natte-de-drainage\\\/#breadcrumb\"},\"inLanguage\":\"fr-FR\",\"potentialAction\":[{\"@type\":\"ReadAction\",\"target\":[\"https:\\\/\\\/storax.be\\\/fr\\\/producten\\\/membrane\\\/natte-de-drainage\\\/\"]}]},{\"@type\":\"ImageObject\",\"inLanguage\":\"fr-FR\",\"@id\":\"https:\\\/\\\/storax.be\\\/fr\\\/producten\\\/membrane\\\/natte-de-drainage\\\/#primaryimage\",\"url\":\"https:\\\/\\\/storax.be\\\/wp-content\\\/uploads\\\/sites\\\/2\\\/2024\\\/07\\\/Natte-de-drainage.jpg\",\"contentUrl\":\"https:\\\/\\\/storax.be\\\/wp-content\\\/uploads\\\/sites\\\/2\\\/2024\\\/07\\\/Natte-de-drainage.jpg\",\"width\":469,\"height\":469,\"caption\":\"Natte de drainage\"},{\"@type\":\"BreadcrumbList\",\"@id\":\"https:\\\/\\\/storax.be\\\/fr\\\/producten\\\/membrane\\\/natte-de-drainage\\\/#breadcrumb\",\"itemListElement\":[{\"@type\":\"ListItem\",\"position\":1,\"name\":\"Home\",\"item\":\"https:\\\/\\\/storax.be\\\/fr\\\/\"},{\"@type\":\"ListItem\",\"position\":2,\"name\":\"Producten\",\"item\":\"https:\\\/\\\/storax.be\\\/fr\\\/producten\\\/%product_category%\\\/\"},{\"@type\":\"ListItem\",\"position\":3,\"name\":\"Membrane\",\"item\":\"https:\\\/\\\/storax.be\\\/fr\\\/producten\\\/membrane\\\/\"},{\"@type\":\"ListItem\",\"position\":4,\"name\":\"Natte de drainage\"}]},{\"@type\":\"WebSite\",\"@id\":\"https:\\\/\\\/storax.be\\\/fr\\\/#website\",\"url\":\"https:\\\/\\\/storax.be\\\/fr\\\/\",\"name\":\"Storax Belgium\",\"description\":\"Uw betrouwbare partner voor bouwprojecten\",\"potentialAction\":[{\"@type\":\"SearchAction\",\"target\":{\"@type\":\"EntryPoint\",\"urlTemplate\":\"https:\\\/\\\/storax.be\\\/fr\\\/?s={search_term_string}\"},\"query-input\":{\"@type\":\"PropertyValueSpecification\",\"valueRequired\":true,\"valueName\":\"search_term_string\"}}],\"inLanguage\":\"fr-FR\"}]}<\/script>\n<!-- \/ Yoast SEO plugin. -->","yoast_head_json":{"title":"DRAINAGE | Natte de drainage - Storax Belgium","robots":{"index":"index","follow":"follow","max-snippet":"max-snippet:-1","max-image-preview":"max-image-preview:large","max-video-preview":"max-video-preview:-1"},"canonical":"https:\/\/storax.be\/fr\/producten\/membrane\/natte-de-drainage\/","og_locale":"fr_FR","og_type":"article","og_title":"DRAINAGE | Natte de drainage - Storax Belgium","og_description":"Haute r\u00e9sistance et capacit\u00e9 de drainage optimale La natte de drainage DRAINAGE de Storax est con\u00e7u pour offrir une r\u00e9sistance exceptionnelle et une capacit\u00e9 de drainage \u00e9lev\u00e9e gr\u00e2ce \u00e0 sa structure tridimensionnelle fonctionnelle. Il peut absorber les contraintes statiques et dynamiques, r\u00e9sistant aux forces de pression, de traction, aux chocs et aux perforations, avec une\u2026","og_url":"https:\/\/storax.be\/fr\/producten\/membrane\/natte-de-drainage\/","og_site_name":"Storax Belgium","article_modified_time":"2024-07-30T08:52:28+00:00","og_image":[{"width":469,"height":469,"url":"https:\/\/storax.be\/wp-content\/uploads\/sites\/2\/2024\/07\/Natte-de-drainage.jpg","type":"image\/jpeg"}],"twitter_card":"summary_large_image","schema":{"@context":"https:\/\/schema.org","@graph":[{"@type":"WebPage","@id":"https:\/\/storax.be\/fr\/producten\/membrane\/natte-de-drainage\/","url":"https:\/\/storax.be\/fr\/producten\/membrane\/natte-de-drainage\/","name":"DRAINAGE | Natte de drainage - Storax Belgium","isPartOf":{"@id":"https:\/\/storax.be\/fr\/#website"},"primaryImageOfPage":{"@id":"https:\/\/storax.be\/fr\/producten\/membrane\/natte-de-drainage\/#primaryimage"},"image":{"@id":"https:\/\/storax.be\/fr\/producten\/membrane\/natte-de-drainage\/#primaryimage"},"thumbnailUrl":"https:\/\/storax.be\/wp-content\/uploads\/sites\/2\/2024\/07\/Natte-de-drainage.jpg","datePublished":"2024-07-30T08:35:12+00:00","dateModified":"2024-07-30T08:52:28+00:00","breadcrumb":{"@id":"https:\/\/storax.be\/fr\/producten\/membrane\/natte-de-drainage\/#breadcrumb"},"inLanguage":"fr-FR","potentialAction":[{"@type":"ReadAction","target":["https:\/\/storax.be\/fr\/producten\/membrane\/natte-de-drainage\/"]}]},{"@type":"ImageObject","inLanguage":"fr-FR","@id":"https:\/\/storax.be\/fr\/producten\/membrane\/natte-de-drainage\/#primaryimage","url":"https:\/\/storax.be\/wp-content\/uploads\/sites\/2\/2024\/07\/Natte-de-drainage.jpg","contentUrl":"https:\/\/storax.be\/wp-content\/uploads\/sites\/2\/2024\/07\/Natte-de-drainage.jpg","width":469,"height":469,"caption":"Natte de drainage"},{"@type":"BreadcrumbList","@id":"https:\/\/storax.be\/fr\/producten\/membrane\/natte-de-drainage\/#breadcrumb","itemListElement":[{"@type":"ListItem","position":1,"name":"Home","item":"https:\/\/storax.be\/fr\/"},{"@type":"ListItem","position":2,"name":"Producten","item":"https:\/\/storax.be\/fr\/producten\/%product_category%\/"},{"@type":"ListItem","position":3,"name":"Membrane","item":"https:\/\/storax.be\/fr\/producten\/membrane\/"},{"@type":"ListItem","position":4,"name":"Natte de drainage"}]},{"@type":"WebSite","@id":"https:\/\/storax.be\/fr\/#website","url":"https:\/\/storax.be\/fr\/","name":"Storax Belgium","description":"Uw betrouwbare partner voor bouwprojecten","potentialAction":[{"@type":"SearchAction","target":{"@type":"EntryPoint","urlTemplate":"https:\/\/storax.be\/fr\/?s={search_term_string}"},"query-input":{"@type":"PropertyValueSpecification","valueRequired":true,"valueName":"search_term_string"}}],"inLanguage":"fr-FR"}]}},"_links":{"self":[{"href":"https:\/\/storax.be\/fr\/wp-json\/wp\/v2\/product\/117604","targetHints":{"allow":["GET"]}}],"collection":[{"href":"https:\/\/storax.be\/fr\/wp-json\/wp\/v2\/product"}],"about":[{"href":"https:\/\/storax.be\/fr\/wp-json\/wp\/v2\/types\/product"}],"wp:featuredmedia":[{"embeddable":true,"href":"https:\/\/storax.be\/fr\/wp-json\/wp\/v2\/media\/117605"}],"wp:attachment":[{"href":"https:\/\/storax.be\/fr\/wp-json\/wp\/v2\/media?parent=117604"}],"wp:term":[{"taxonomy":"product_category","embeddable":true,"href":"https:\/\/storax.be\/fr\/wp-json\/wp\/v2\/product_category?post=117604"},{"taxonomy":"product_tag","embeddable":true,"href":"https:\/\/storax.be\/fr\/wp-json\/wp\/v2\/product_tag?post=117604"}],"curies":[{"name":"wp","href":"https:\/\/api.w.org\/{rel}","templated":true}]}}