{"id":117601,"date":"2024-07-30T08:31:25","date_gmt":"2024-07-30T08:31:25","guid":{"rendered":"https:\/\/storax.be\/?post_type=product&#038;p=117601"},"modified":"2024-08-20T09:13:14","modified_gmt":"2024-08-20T09:13:14","slug":"natte-detancheite","status":"publish","type":"product","link":"https:\/\/www.storax.nl\/fr\/producten\/membrane\/natte-detancheite\/","title":{"rendered":"Natte d\u2019\u00e9tanch\u00e9it\u00e9"},"content":{"rendered":"\n<h2 class=\"wp-block-heading\"><strong>Imperm\u00e9abilisez Efficacement Vos Espaces Humides<\/strong><\/h2>\n\n\n\n<p>La natte d&rsquo;\u00e9tanch\u00e9it\u00e9 Waterstop est con\u00e7ue pour offrir une protection optimale contre l&rsquo;humidit\u00e9. Compos\u00e9e d&rsquo;un film de poly\u00e9thyl\u00e8ne avec un rev\u00eatement synth\u00e9tique sur les deux faces, elle assure une excellente adh\u00e9sion de la colle \u00e0 carrelage.<\/p>\n\n\n\n<p><strong>Sp\u00e9cifications:<\/strong><\/p>\n\n\n\n<ul class=\"wp-block-list\"><li><strong>\u00c9paisseur :<\/strong> 0,5 mm pour une meilleure performance contre la d\u00e9formation.<\/li><li><strong>Hydrofuge :<\/strong> Agit comme pare-vapeur, offrant une solution compl\u00e8te d&rsquo;\u00e9tanch\u00e9it\u00e9.<\/li><\/ul>\n\n\n\n<p><strong>Applications:<\/strong> Waterstop est id\u00e9al pour imperm\u00e9abiliser les zones humides telles que :<\/p>\n\n\n\n<ul class=\"wp-block-list\"><li>Salles de bains<\/li><li>Douches<\/li><li>Installations de bien-\u00eatre<\/li><li>Et plus encore<\/li><\/ul>\n\n\n\n<p><strong>Avantages de Waterstop :<\/strong><\/p>\n\n\n\n<ul class=\"wp-block-list\"><li><strong>Adh\u00e9sion Optimale :<\/strong> Rev\u00eatement synth\u00e9tique sur les deux faces pour une meilleure adh\u00e9rence de la colle \u00e0 carrelage.<\/li><li><strong>Polyvalence :<\/strong> Utilisation derri\u00e8re les murs ou sous les carreaux de sol.<\/li><li><strong>Protection Compl\u00e8te :<\/strong> Solution hydrofuge et pare-vapeur pour une \u00e9tanch\u00e9it\u00e9 maximale.<\/li><li><strong>Prix Comp\u00e9titifs :<\/strong>&nbsp;Propos\u00e9s \u00e0 des prix tr\u00e8s avantageux.<\/li><li><strong>Livraison Rapide :<\/strong>&nbsp;Disponibles en stock pour une livraison imm\u00e9diate<\/li><\/ul>\n\n\n\n<p><strong>Dimensions Disponibles :<\/strong><\/p>\n\n\n\n<ul class=\"wp-block-list\"><li><strong>STMEM WS10M:<\/strong> 1m x 10m = 10m\u00b2<\/li><li><strong>STMEM WS30M:<\/strong> 1m x 30m = 30m\u00b2<\/li><li><strong>STMEM WS50M:<\/strong> 1m x 50m = 50m\u00b2<\/li><\/ul>\n\n\n\n<p><strong>Demandez d\u00e8s aujourd&rsquo;hui un devis, d\u00e9couvrez votre prix d&rsquo;achat avantageux, et recevez votre offre dans un d\u00e9lai d&rsquo;un jour ouvrable !<\/strong><\/p>\n\n\n\n<p><\/p>\n","protected":false},"excerpt":{"rendered":"<p>Imperm\u00e9abilisez Efficacement Vos Espaces Humides La natte d&rsquo;\u00e9tanch\u00e9it\u00e9 Waterstop est con\u00e7ue pour offrir une protection optimale contre l&rsquo;humidit\u00e9. Compos\u00e9e d&rsquo;un film de poly\u00e9thyl\u00e8ne avec un rev\u00eatement synth\u00e9tique sur les deux faces, elle assure une excellente adh\u00e9sion de la colle \u00e0 carrelage. Sp\u00e9cifications: \u00c9paisseur : 0,5 mm pour une meilleure performance contre la d\u00e9formation. Hydrofuge :\u2026<\/p>\n","protected":false},"featured_media":117602,"template":"","meta":{"_acf_changed":false},"product_category":[785],"product_tag":[],"class_list":["post-117601","product","type-product","status-publish","has-post-thumbnail","hentry","product_category-membrane"],"acf":[],"yoast_head":"<!-- This site is optimized with the Yoast SEO plugin v27.3 - https:\/\/yoast.com\/product\/yoast-seo-wordpress\/ -->\n<title>Waterstop | Natte d\u2019\u00e9tanch\u00e9it\u00e9 - Storax Belgium<\/title>\n<meta name=\"robots\" content=\"index, follow, max-snippet:-1, max-image-preview:large, max-video-preview:-1\" \/>\n<link rel=\"canonical\" href=\"https:\/\/www.storax.nl\/fr\/producten\/membrane\/natte-detancheite\/\" \/>\n<meta property=\"og:locale\" content=\"fr_FR\" \/>\n<meta property=\"og:type\" content=\"article\" \/>\n<meta property=\"og:title\" content=\"Waterstop | Natte d\u2019\u00e9tanch\u00e9it\u00e9 - Storax Belgium\" \/>\n<meta property=\"og:description\" content=\"Imperm\u00e9abilisez Efficacement Vos Espaces Humides La natte d&rsquo;\u00e9tanch\u00e9it\u00e9 Waterstop est con\u00e7ue pour offrir une protection optimale contre l&rsquo;humidit\u00e9. Compos\u00e9e d&rsquo;un film de poly\u00e9thyl\u00e8ne avec un rev\u00eatement synth\u00e9tique sur les deux faces, elle assure une excellente adh\u00e9sion de la colle \u00e0 carrelage. Sp\u00e9cifications: \u00c9paisseur : 0,5 mm pour une meilleure performance contre la d\u00e9formation. Hydrofuge :\u2026\" \/>\n<meta property=\"og:url\" content=\"https:\/\/www.storax.nl\/fr\/producten\/membrane\/natte-detancheite\/\" \/>\n<meta property=\"og:site_name\" content=\"Storax Belgium\" \/>\n<meta property=\"article:modified_time\" content=\"2024-08-20T09:13:14+00:00\" \/>\n<meta property=\"og:image\" content=\"https:\/\/storax.be\/wp-content\/uploads\/sites\/2\/2024\/07\/Natte-detancheite.jpg\" \/>\n\t<meta property=\"og:image:width\" content=\"470\" \/>\n\t<meta property=\"og:image:height\" content=\"470\" \/>\n\t<meta property=\"og:image:type\" content=\"image\/jpeg\" \/>\n<meta name=\"twitter:card\" content=\"summary_large_image\" \/>\n<meta name=\"twitter:label1\" content=\"Dur\u00e9e de lecture estim\u00e9e\" \/>\n\t<meta name=\"twitter:data1\" content=\"1 minute\" \/>\n<script type=\"application\/ld+json\" class=\"yoast-schema-graph\">{\"@context\":\"https:\\\/\\\/schema.org\",\"@graph\":[{\"@type\":\"WebPage\",\"@id\":\"https:\\\/\\\/www.storax.nl\\\/fr\\\/producten\\\/membrane\\\/natte-detancheite\\\/\",\"url\":\"https:\\\/\\\/www.storax.nl\\\/fr\\\/producten\\\/membrane\\\/natte-detancheite\\\/\",\"name\":\"Waterstop | Natte d\u2019\u00e9tanch\u00e9it\u00e9 - Storax Belgium\",\"isPartOf\":{\"@id\":\"https:\\\/\\\/storax.be\\\/fr\\\/#website\"},\"primaryImageOfPage\":{\"@id\":\"https:\\\/\\\/www.storax.nl\\\/fr\\\/producten\\\/membrane\\\/natte-detancheite\\\/#primaryimage\"},\"image\":{\"@id\":\"https:\\\/\\\/www.storax.nl\\\/fr\\\/producten\\\/membrane\\\/natte-detancheite\\\/#primaryimage\"},\"thumbnailUrl\":\"https:\\\/\\\/www.storax.nl\\\/wp-content\\\/uploads\\\/sites\\\/2\\\/2024\\\/07\\\/Natte-detancheite.jpg\",\"datePublished\":\"2024-07-30T08:31:25+00:00\",\"dateModified\":\"2024-08-20T09:13:14+00:00\",\"breadcrumb\":{\"@id\":\"https:\\\/\\\/www.storax.nl\\\/fr\\\/producten\\\/membrane\\\/natte-detancheite\\\/#breadcrumb\"},\"inLanguage\":\"fr-FR\",\"potentialAction\":[{\"@type\":\"ReadAction\",\"target\":[\"https:\\\/\\\/www.storax.nl\\\/fr\\\/producten\\\/membrane\\\/natte-detancheite\\\/\"]}]},{\"@type\":\"ImageObject\",\"inLanguage\":\"fr-FR\",\"@id\":\"https:\\\/\\\/www.storax.nl\\\/fr\\\/producten\\\/membrane\\\/natte-detancheite\\\/#primaryimage\",\"url\":\"https:\\\/\\\/www.storax.nl\\\/wp-content\\\/uploads\\\/sites\\\/2\\\/2024\\\/07\\\/Natte-detancheite.jpg\",\"contentUrl\":\"https:\\\/\\\/www.storax.nl\\\/wp-content\\\/uploads\\\/sites\\\/2\\\/2024\\\/07\\\/Natte-detancheite.jpg\",\"width\":470,\"height\":470,\"caption\":\"Natte d\u2019\u00e9tanch\u00e9it\u00e9\"},{\"@type\":\"BreadcrumbList\",\"@id\":\"https:\\\/\\\/www.storax.nl\\\/fr\\\/producten\\\/membrane\\\/natte-detancheite\\\/#breadcrumb\",\"itemListElement\":[{\"@type\":\"ListItem\",\"position\":1,\"name\":\"Home\",\"item\":\"https:\\\/\\\/storax.be\\\/fr\\\/\"},{\"@type\":\"ListItem\",\"position\":2,\"name\":\"Producten\",\"item\":\"https:\\\/\\\/www.storax.nl\\\/fr\\\/producten\\\/%product_category%\\\/\"},{\"@type\":\"ListItem\",\"position\":3,\"name\":\"Membrane\",\"item\":\"https:\\\/\\\/www.storax.nl\\\/fr\\\/producten\\\/membrane\\\/\"},{\"@type\":\"ListItem\",\"position\":4,\"name\":\"Natte d\u2019\u00e9tanch\u00e9it\u00e9\"}]},{\"@type\":\"WebSite\",\"@id\":\"https:\\\/\\\/storax.be\\\/fr\\\/#website\",\"url\":\"https:\\\/\\\/storax.be\\\/fr\\\/\",\"name\":\"Storax Belgium\",\"description\":\"Uw betrouwbare partner voor bouwprojecten\",\"potentialAction\":[{\"@type\":\"SearchAction\",\"target\":{\"@type\":\"EntryPoint\",\"urlTemplate\":\"https:\\\/\\\/storax.be\\\/fr\\\/?s={search_term_string}\"},\"query-input\":{\"@type\":\"PropertyValueSpecification\",\"valueRequired\":true,\"valueName\":\"search_term_string\"}}],\"inLanguage\":\"fr-FR\"}]}<\/script>\n<!-- \/ Yoast SEO plugin. -->","yoast_head_json":{"title":"Waterstop | Natte d\u2019\u00e9tanch\u00e9it\u00e9 - Storax Belgium","robots":{"index":"index","follow":"follow","max-snippet":"max-snippet:-1","max-image-preview":"max-image-preview:large","max-video-preview":"max-video-preview:-1"},"canonical":"https:\/\/www.storax.nl\/fr\/producten\/membrane\/natte-detancheite\/","og_locale":"fr_FR","og_type":"article","og_title":"Waterstop | Natte d\u2019\u00e9tanch\u00e9it\u00e9 - Storax Belgium","og_description":"Imperm\u00e9abilisez Efficacement Vos Espaces Humides La natte d&rsquo;\u00e9tanch\u00e9it\u00e9 Waterstop est con\u00e7ue pour offrir une protection optimale contre l&rsquo;humidit\u00e9. Compos\u00e9e d&rsquo;un film de poly\u00e9thyl\u00e8ne avec un rev\u00eatement synth\u00e9tique sur les deux faces, elle assure une excellente adh\u00e9sion de la colle \u00e0 carrelage. Sp\u00e9cifications: \u00c9paisseur : 0,5 mm pour une meilleure performance contre la d\u00e9formation. Hydrofuge :\u2026","og_url":"https:\/\/www.storax.nl\/fr\/producten\/membrane\/natte-detancheite\/","og_site_name":"Storax Belgium","article_modified_time":"2024-08-20T09:13:14+00:00","og_image":[{"width":470,"height":470,"url":"https:\/\/storax.be\/wp-content\/uploads\/sites\/2\/2024\/07\/Natte-detancheite.jpg","type":"image\/jpeg"}],"twitter_card":"summary_large_image","twitter_misc":{"Dur\u00e9e de lecture estim\u00e9e":"1 minute"},"schema":{"@context":"https:\/\/schema.org","@graph":[{"@type":"WebPage","@id":"https:\/\/www.storax.nl\/fr\/producten\/membrane\/natte-detancheite\/","url":"https:\/\/www.storax.nl\/fr\/producten\/membrane\/natte-detancheite\/","name":"Waterstop | Natte d\u2019\u00e9tanch\u00e9it\u00e9 - Storax Belgium","isPartOf":{"@id":"https:\/\/storax.be\/fr\/#website"},"primaryImageOfPage":{"@id":"https:\/\/www.storax.nl\/fr\/producten\/membrane\/natte-detancheite\/#primaryimage"},"image":{"@id":"https:\/\/www.storax.nl\/fr\/producten\/membrane\/natte-detancheite\/#primaryimage"},"thumbnailUrl":"https:\/\/www.storax.nl\/wp-content\/uploads\/sites\/2\/2024\/07\/Natte-detancheite.jpg","datePublished":"2024-07-30T08:31:25+00:00","dateModified":"2024-08-20T09:13:14+00:00","breadcrumb":{"@id":"https:\/\/www.storax.nl\/fr\/producten\/membrane\/natte-detancheite\/#breadcrumb"},"inLanguage":"fr-FR","potentialAction":[{"@type":"ReadAction","target":["https:\/\/www.storax.nl\/fr\/producten\/membrane\/natte-detancheite\/"]}]},{"@type":"ImageObject","inLanguage":"fr-FR","@id":"https:\/\/www.storax.nl\/fr\/producten\/membrane\/natte-detancheite\/#primaryimage","url":"https:\/\/www.storax.nl\/wp-content\/uploads\/sites\/2\/2024\/07\/Natte-detancheite.jpg","contentUrl":"https:\/\/www.storax.nl\/wp-content\/uploads\/sites\/2\/2024\/07\/Natte-detancheite.jpg","width":470,"height":470,"caption":"Natte d\u2019\u00e9tanch\u00e9it\u00e9"},{"@type":"BreadcrumbList","@id":"https:\/\/www.storax.nl\/fr\/producten\/membrane\/natte-detancheite\/#breadcrumb","itemListElement":[{"@type":"ListItem","position":1,"name":"Home","item":"https:\/\/storax.be\/fr\/"},{"@type":"ListItem","position":2,"name":"Producten","item":"https:\/\/www.storax.nl\/fr\/producten\/%product_category%\/"},{"@type":"ListItem","position":3,"name":"Membrane","item":"https:\/\/www.storax.nl\/fr\/producten\/membrane\/"},{"@type":"ListItem","position":4,"name":"Natte d\u2019\u00e9tanch\u00e9it\u00e9"}]},{"@type":"WebSite","@id":"https:\/\/storax.be\/fr\/#website","url":"https:\/\/storax.be\/fr\/","name":"Storax Belgium","description":"Uw betrouwbare partner voor bouwprojecten","potentialAction":[{"@type":"SearchAction","target":{"@type":"EntryPoint","urlTemplate":"https:\/\/storax.be\/fr\/?s={search_term_string}"},"query-input":{"@type":"PropertyValueSpecification","valueRequired":true,"valueName":"search_term_string"}}],"inLanguage":"fr-FR"}]}},"_links":{"self":[{"href":"https:\/\/www.storax.nl\/fr\/wp-json\/wp\/v2\/product\/117601","targetHints":{"allow":["GET"]}}],"collection":[{"href":"https:\/\/www.storax.nl\/fr\/wp-json\/wp\/v2\/product"}],"about":[{"href":"https:\/\/www.storax.nl\/fr\/wp-json\/wp\/v2\/types\/product"}],"wp:featuredmedia":[{"embeddable":true,"href":"https:\/\/www.storax.nl\/fr\/wp-json\/wp\/v2\/media\/117602"}],"wp:attachment":[{"href":"https:\/\/www.storax.nl\/fr\/wp-json\/wp\/v2\/media?parent=117601"}],"wp:term":[{"taxonomy":"product_category","embeddable":true,"href":"https:\/\/www.storax.nl\/fr\/wp-json\/wp\/v2\/product_category?post=117601"},{"taxonomy":"product_tag","embeddable":true,"href":"https:\/\/www.storax.nl\/fr\/wp-json\/wp\/v2\/product_tag?post=117601"}],"curies":[{"name":"wp","href":"https:\/\/api.w.org\/{rel}","templated":true}]}}