{"id":117598,"date":"2024-07-30T08:32:16","date_gmt":"2024-07-30T08:32:16","guid":{"rendered":"https:\/\/storax.be\/?post_type=product&#038;p=117598"},"modified":"2024-07-30T08:52:20","modified_gmt":"2024-07-30T08:52:20","slug":"natte-de-desolidarisation","status":"publish","type":"product","link":"https:\/\/storax.be\/fr\/producten\/membrane\/natte-de-desolidarisation\/","title":{"rendered":"Natte de D\u00e9solidarisation"},"content":{"rendered":"\n<h2 class=\"wp-block-heading\"><strong>Prot\u00e9gez Vos Carreaux Contre les Fissures et les Cassures<\/strong><\/h2>\n\n\n\n<p>Les nattes de d\u00e9solidarisation Crack-Stop sont fabriqu\u00e9es \u00e0 partir d&rsquo;un film de poly\u00e9thyl\u00e8ne structur\u00e9 avec un rev\u00eatement synth\u00e9tique sur la face inf\u00e9rieure. Avec une \u00e9paisseur de \u00b1 3,5 mm, Crack-Stop offre la solution id\u00e9ale pour la pose de carreaux.<\/p>\n\n\n\n<p><strong>Avantages de Crack-Stop :<\/strong><\/p>\n\n\n\n<ul class=\"wp-block-list\"><li><strong>Pr\u00e9vention des Fissures :<\/strong> D\u00e9solidarise les carreaux du support et prot\u00e8ge contre les fissures et les cassures.<\/li><li><strong>Neutralisation des Contraintes :<\/strong> La structure en forme de bouton neutralise les contraintes sous-jacentes.<\/li><li><strong>Pose Rapide :<\/strong> La pose des carreaux peut commencer d\u00e8s que la chape est praticable, ce qui r\u00e9duit les d\u00e9lais de r\u00e9alisation.<\/li><li><strong>\u00c9tanch\u00e9it\u00e9 :<\/strong> Fabriqu\u00e9 en poly\u00e9thyl\u00e8ne \u00e9tanche, id\u00e9al pour les environnements humides.<\/li><li><strong>Prix Comp\u00e9titifs :<\/strong> Propos\u00e9s \u00e0 des prix tr\u00e8s avantageux.<\/li><li><strong>Livraison Rapide :<\/strong> Disponibles en stock pour une livraison imm\u00e9diate.<\/li><\/ul>\n\n\n\n<p><strong>Dimensions Disponibles :<\/strong><\/p>\n\n\n\n<ul class=\"wp-block-list\"><li><strong>STMEMCS10M:<\/strong> 1m x 10m = 10m\u00b2<\/li><li><strong>STMEMCS30M:<\/strong> 1m x 30m = 30m\u00b2<\/li><\/ul>\n\n\n\n<p><strong>Solution Compl\u00e8te pour D\u00e9solidarisation, \u00c9tanch\u00e9it\u00e9 et Drainage :<\/strong><br>\u00c0 combiner avec les bandes SFCAB125 et la natte de drainage Drainage pour une solution compl\u00e8te.<\/p>\n\n\n\n<p><strong>Demandez d\u00e8s aujourd&rsquo;hui un devis, d\u00e9couvrez votre prix d&rsquo;achat avantageux, et recevez votre offre dans un d\u00e9lai d&rsquo;un jour ouvrable !<\/strong><\/p>\n","protected":false},"excerpt":{"rendered":"<p>Prot\u00e9gez Vos Carreaux Contre les Fissures et les Cassures Les nattes de d\u00e9solidarisation Crack-Stop sont fabriqu\u00e9es \u00e0 partir d&rsquo;un film de poly\u00e9thyl\u00e8ne structur\u00e9 avec un rev\u00eatement synth\u00e9tique sur la face inf\u00e9rieure. Avec une \u00e9paisseur de \u00b1 3,5 mm, Crack-Stop offre la solution id\u00e9ale pour la pose de carreaux. Avantages de Crack-Stop : Pr\u00e9vention des Fissures\u2026<\/p>\n","protected":false},"featured_media":117599,"template":"","meta":{"_acf_changed":false},"product_category":[785],"product_tag":[],"class_list":["post-117598","product","type-product","status-publish","has-post-thumbnail","hentry","product_category-membrane"],"acf":[],"yoast_head":"<!-- This site is optimized with the Yoast SEO plugin v27.3 - https:\/\/yoast.com\/product\/yoast-seo-wordpress\/ -->\n<title>Natte de D\u00e9solidarisation - Storax Belgium<\/title>\n<meta name=\"robots\" content=\"index, follow, max-snippet:-1, max-image-preview:large, max-video-preview:-1\" \/>\n<link rel=\"canonical\" href=\"https:\/\/storax.be\/fr\/producten\/membrane\/natte-de-desolidarisation\/\" \/>\n<meta property=\"og:locale\" content=\"fr_FR\" \/>\n<meta property=\"og:type\" content=\"article\" \/>\n<meta property=\"og:title\" content=\"Natte de D\u00e9solidarisation - Storax Belgium\" \/>\n<meta property=\"og:description\" content=\"Prot\u00e9gez Vos Carreaux Contre les Fissures et les Cassures Les nattes de d\u00e9solidarisation Crack-Stop sont fabriqu\u00e9es \u00e0 partir d&rsquo;un film de poly\u00e9thyl\u00e8ne structur\u00e9 avec un rev\u00eatement synth\u00e9tique sur la face inf\u00e9rieure. Avec une \u00e9paisseur de \u00b1 3,5 mm, Crack-Stop offre la solution id\u00e9ale pour la pose de carreaux. Avantages de Crack-Stop : Pr\u00e9vention des Fissures\u2026\" \/>\n<meta property=\"og:url\" content=\"https:\/\/storax.be\/fr\/producten\/membrane\/natte-de-desolidarisation\/\" \/>\n<meta property=\"og:site_name\" content=\"Storax Belgium\" \/>\n<meta property=\"article:modified_time\" content=\"2024-07-30T08:52:20+00:00\" \/>\n<meta property=\"og:image\" content=\"https:\/\/storax.be\/wp-content\/uploads\/sites\/2\/2024\/07\/crack-stop.jpg\" \/>\n\t<meta property=\"og:image:width\" content=\"469\" \/>\n\t<meta property=\"og:image:height\" content=\"469\" \/>\n\t<meta property=\"og:image:type\" content=\"image\/jpeg\" \/>\n<meta name=\"twitter:card\" content=\"summary_large_image\" \/>\n<script type=\"application\/ld+json\" class=\"yoast-schema-graph\">{\"@context\":\"https:\\\/\\\/schema.org\",\"@graph\":[{\"@type\":\"WebPage\",\"@id\":\"https:\\\/\\\/storax.be\\\/fr\\\/producten\\\/membrane\\\/natte-de-desolidarisation\\\/\",\"url\":\"https:\\\/\\\/storax.be\\\/fr\\\/producten\\\/membrane\\\/natte-de-desolidarisation\\\/\",\"name\":\"Natte de D\u00e9solidarisation - Storax Belgium\",\"isPartOf\":{\"@id\":\"https:\\\/\\\/storax.be\\\/fr\\\/#website\"},\"primaryImageOfPage\":{\"@id\":\"https:\\\/\\\/storax.be\\\/fr\\\/producten\\\/membrane\\\/natte-de-desolidarisation\\\/#primaryimage\"},\"image\":{\"@id\":\"https:\\\/\\\/storax.be\\\/fr\\\/producten\\\/membrane\\\/natte-de-desolidarisation\\\/#primaryimage\"},\"thumbnailUrl\":\"https:\\\/\\\/storax.be\\\/wp-content\\\/uploads\\\/sites\\\/2\\\/2024\\\/07\\\/crack-stop.jpg\",\"datePublished\":\"2024-07-30T08:32:16+00:00\",\"dateModified\":\"2024-07-30T08:52:20+00:00\",\"breadcrumb\":{\"@id\":\"https:\\\/\\\/storax.be\\\/fr\\\/producten\\\/membrane\\\/natte-de-desolidarisation\\\/#breadcrumb\"},\"inLanguage\":\"fr-FR\",\"potentialAction\":[{\"@type\":\"ReadAction\",\"target\":[\"https:\\\/\\\/storax.be\\\/fr\\\/producten\\\/membrane\\\/natte-de-desolidarisation\\\/\"]}]},{\"@type\":\"ImageObject\",\"inLanguage\":\"fr-FR\",\"@id\":\"https:\\\/\\\/storax.be\\\/fr\\\/producten\\\/membrane\\\/natte-de-desolidarisation\\\/#primaryimage\",\"url\":\"https:\\\/\\\/storax.be\\\/wp-content\\\/uploads\\\/sites\\\/2\\\/2024\\\/07\\\/crack-stop.jpg\",\"contentUrl\":\"https:\\\/\\\/storax.be\\\/wp-content\\\/uploads\\\/sites\\\/2\\\/2024\\\/07\\\/crack-stop.jpg\",\"width\":469,\"height\":469,\"caption\":\"Natte de D\u00e9solidarisation\"},{\"@type\":\"BreadcrumbList\",\"@id\":\"https:\\\/\\\/storax.be\\\/fr\\\/producten\\\/membrane\\\/natte-de-desolidarisation\\\/#breadcrumb\",\"itemListElement\":[{\"@type\":\"ListItem\",\"position\":1,\"name\":\"Home\",\"item\":\"https:\\\/\\\/storax.be\\\/fr\\\/\"},{\"@type\":\"ListItem\",\"position\":2,\"name\":\"Producten\",\"item\":\"https:\\\/\\\/storax.be\\\/fr\\\/producten\\\/%product_category%\\\/\"},{\"@type\":\"ListItem\",\"position\":3,\"name\":\"Membrane\",\"item\":\"https:\\\/\\\/storax.be\\\/fr\\\/producten\\\/membrane\\\/\"},{\"@type\":\"ListItem\",\"position\":4,\"name\":\"Natte de D\u00e9solidarisation\"}]},{\"@type\":\"WebSite\",\"@id\":\"https:\\\/\\\/storax.be\\\/fr\\\/#website\",\"url\":\"https:\\\/\\\/storax.be\\\/fr\\\/\",\"name\":\"Storax Belgium\",\"description\":\"Uw betrouwbare partner voor bouwprojecten\",\"potentialAction\":[{\"@type\":\"SearchAction\",\"target\":{\"@type\":\"EntryPoint\",\"urlTemplate\":\"https:\\\/\\\/storax.be\\\/fr\\\/?s={search_term_string}\"},\"query-input\":{\"@type\":\"PropertyValueSpecification\",\"valueRequired\":true,\"valueName\":\"search_term_string\"}}],\"inLanguage\":\"fr-FR\"}]}<\/script>\n<!-- \/ Yoast SEO plugin. -->","yoast_head_json":{"title":"Natte de D\u00e9solidarisation - Storax Belgium","robots":{"index":"index","follow":"follow","max-snippet":"max-snippet:-1","max-image-preview":"max-image-preview:large","max-video-preview":"max-video-preview:-1"},"canonical":"https:\/\/storax.be\/fr\/producten\/membrane\/natte-de-desolidarisation\/","og_locale":"fr_FR","og_type":"article","og_title":"Natte de D\u00e9solidarisation - Storax Belgium","og_description":"Prot\u00e9gez Vos Carreaux Contre les Fissures et les Cassures Les nattes de d\u00e9solidarisation Crack-Stop sont fabriqu\u00e9es \u00e0 partir d&rsquo;un film de poly\u00e9thyl\u00e8ne structur\u00e9 avec un rev\u00eatement synth\u00e9tique sur la face inf\u00e9rieure. Avec une \u00e9paisseur de \u00b1 3,5 mm, Crack-Stop offre la solution id\u00e9ale pour la pose de carreaux. Avantages de Crack-Stop : Pr\u00e9vention des Fissures\u2026","og_url":"https:\/\/storax.be\/fr\/producten\/membrane\/natte-de-desolidarisation\/","og_site_name":"Storax Belgium","article_modified_time":"2024-07-30T08:52:20+00:00","og_image":[{"width":469,"height":469,"url":"https:\/\/storax.be\/wp-content\/uploads\/sites\/2\/2024\/07\/crack-stop.jpg","type":"image\/jpeg"}],"twitter_card":"summary_large_image","schema":{"@context":"https:\/\/schema.org","@graph":[{"@type":"WebPage","@id":"https:\/\/storax.be\/fr\/producten\/membrane\/natte-de-desolidarisation\/","url":"https:\/\/storax.be\/fr\/producten\/membrane\/natte-de-desolidarisation\/","name":"Natte de D\u00e9solidarisation - Storax Belgium","isPartOf":{"@id":"https:\/\/storax.be\/fr\/#website"},"primaryImageOfPage":{"@id":"https:\/\/storax.be\/fr\/producten\/membrane\/natte-de-desolidarisation\/#primaryimage"},"image":{"@id":"https:\/\/storax.be\/fr\/producten\/membrane\/natte-de-desolidarisation\/#primaryimage"},"thumbnailUrl":"https:\/\/storax.be\/wp-content\/uploads\/sites\/2\/2024\/07\/crack-stop.jpg","datePublished":"2024-07-30T08:32:16+00:00","dateModified":"2024-07-30T08:52:20+00:00","breadcrumb":{"@id":"https:\/\/storax.be\/fr\/producten\/membrane\/natte-de-desolidarisation\/#breadcrumb"},"inLanguage":"fr-FR","potentialAction":[{"@type":"ReadAction","target":["https:\/\/storax.be\/fr\/producten\/membrane\/natte-de-desolidarisation\/"]}]},{"@type":"ImageObject","inLanguage":"fr-FR","@id":"https:\/\/storax.be\/fr\/producten\/membrane\/natte-de-desolidarisation\/#primaryimage","url":"https:\/\/storax.be\/wp-content\/uploads\/sites\/2\/2024\/07\/crack-stop.jpg","contentUrl":"https:\/\/storax.be\/wp-content\/uploads\/sites\/2\/2024\/07\/crack-stop.jpg","width":469,"height":469,"caption":"Natte de D\u00e9solidarisation"},{"@type":"BreadcrumbList","@id":"https:\/\/storax.be\/fr\/producten\/membrane\/natte-de-desolidarisation\/#breadcrumb","itemListElement":[{"@type":"ListItem","position":1,"name":"Home","item":"https:\/\/storax.be\/fr\/"},{"@type":"ListItem","position":2,"name":"Producten","item":"https:\/\/storax.be\/fr\/producten\/%product_category%\/"},{"@type":"ListItem","position":3,"name":"Membrane","item":"https:\/\/storax.be\/fr\/producten\/membrane\/"},{"@type":"ListItem","position":4,"name":"Natte de D\u00e9solidarisation"}]},{"@type":"WebSite","@id":"https:\/\/storax.be\/fr\/#website","url":"https:\/\/storax.be\/fr\/","name":"Storax Belgium","description":"Uw betrouwbare partner voor bouwprojecten","potentialAction":[{"@type":"SearchAction","target":{"@type":"EntryPoint","urlTemplate":"https:\/\/storax.be\/fr\/?s={search_term_string}"},"query-input":{"@type":"PropertyValueSpecification","valueRequired":true,"valueName":"search_term_string"}}],"inLanguage":"fr-FR"}]}},"_links":{"self":[{"href":"https:\/\/storax.be\/fr\/wp-json\/wp\/v2\/product\/117598","targetHints":{"allow":["GET"]}}],"collection":[{"href":"https:\/\/storax.be\/fr\/wp-json\/wp\/v2\/product"}],"about":[{"href":"https:\/\/storax.be\/fr\/wp-json\/wp\/v2\/types\/product"}],"wp:featuredmedia":[{"embeddable":true,"href":"https:\/\/storax.be\/fr\/wp-json\/wp\/v2\/media\/117599"}],"wp:attachment":[{"href":"https:\/\/storax.be\/fr\/wp-json\/wp\/v2\/media?parent=117598"}],"wp:term":[{"taxonomy":"product_category","embeddable":true,"href":"https:\/\/storax.be\/fr\/wp-json\/wp\/v2\/product_category?post=117598"},{"taxonomy":"product_tag","embeddable":true,"href":"https:\/\/storax.be\/fr\/wp-json\/wp\/v2\/product_tag?post=117598"}],"curies":[{"name":"wp","href":"https:\/\/api.w.org\/{rel}","templated":true}]}}