{"id":116667,"date":"2024-01-11T12:34:08","date_gmt":"2024-01-11T12:34:08","guid":{"rendered":"https:\/\/storax.be\/producten\/uncategorized\/forza-optima\/"},"modified":"2024-05-16T07:39:24","modified_gmt":"2024-05-16T07:39:24","slug":"forza-optima","status":"publish","type":"product","link":"https:\/\/storax.be\/fr\/producten\/schoonloopzones-fr\/forza-optima\/","title":{"rendered":"Forza Optima"},"content":{"rendered":"<h2>Zone de nettoyage avec des fils doux et durs<\/h2>\n<p><b>FORZA-OPTIMA<\/b>est une zone de nettoyage robuste et de haute qualit\u00e9 avec des fils doux et durs. Cela en fait le tapis de nettoyage id\u00e9al pour pi\u00e9ger la salet\u00e9 et l&rsquo;humidit\u00e9 sans les disperser dans le b\u00e2timent.<\/p>\n<p><b>\u00c0 propos de ce produit<\/b><\/p>\n<ul>\n<li>zone de nettoyage solide et de haute qualit\u00e9<\/li>\n<li>effet de s\u00e9chage optimal<\/li>\n<li>\u00e9paisseur : 7.5 mm.<\/li>\n<li>facile \u00e0 nettoyer<\/li>\n<li>3 couleurs contemporaines<\/li>\n<li>\u00e9galement disponible sous forme de carreaux<\/li>\n<\/ul>\n<p><b>Rouleaux<br \/>\n<\/b><\/p>\n<ul>\n<li>130 cm*<\/li>\n<li>200 cm*<\/li>\n<\/ul>\n<p>*dimensions comprenant des bordures en vinyle de 2,5 cm<\/p>\n<p><strong>Carreaux<\/strong><\/p>\n<ul>\n<li>Dimensions : 50 x 50 cm<\/li>\n<li>1 bo\u00eete contient 16 carreaux (4 m\u00b2) VE = 1 bo\u00eete<\/li>\n<\/ul>\n","protected":false},"excerpt":{"rendered":"<p>Zone de nettoyage avec des fils doux et durs FORZA-OPTIMAest une zone de nettoyage robuste et de haute qualit\u00e9 avec des fils doux et durs. Cela en fait le tapis de nettoyage id\u00e9al pour pi\u00e9ger la salet\u00e9 et l&rsquo;humidit\u00e9 sans les disperser dans le b\u00e2timent. \u00c0 propos de ce produit zone de nettoyage solide et\u2026<\/p>\n","protected":false},"featured_media":116664,"template":"","meta":{"_acf_changed":false},"product_category":[621],"product_tag":[],"class_list":["post-116667","product","type-product","status-publish","has-post-thumbnail","hentry","product_category-schoonloopzones-fr"],"acf":[],"yoast_head":"<!-- This site is optimized with the Yoast SEO plugin v27.3 - https:\/\/yoast.com\/product\/yoast-seo-wordpress\/ -->\n<title>Forza Optima - Storax Belgium<\/title>\n<meta name=\"robots\" content=\"index, follow, max-snippet:-1, max-image-preview:large, max-video-preview:-1\" \/>\n<link rel=\"canonical\" href=\"https:\/\/storax.be\/fr\/producten\/schoonloopzones-fr\/forza-optima\/\" \/>\n<meta property=\"og:locale\" content=\"fr_FR\" \/>\n<meta property=\"og:type\" content=\"article\" \/>\n<meta property=\"og:title\" content=\"Forza Optima - Storax Belgium\" \/>\n<meta property=\"og:description\" content=\"Zone de nettoyage avec des fils doux et durs FORZA-OPTIMAest une zone de nettoyage robuste et de haute qualit\u00e9 avec des fils doux et durs. Cela en fait le tapis de nettoyage id\u00e9al pour pi\u00e9ger la salet\u00e9 et l&rsquo;humidit\u00e9 sans les disperser dans le b\u00e2timent. \u00c0 propos de ce produit zone de nettoyage solide et\u2026\" \/>\n<meta property=\"og:url\" content=\"https:\/\/storax.be\/fr\/producten\/schoonloopzones-fr\/forza-optima\/\" \/>\n<meta property=\"og:site_name\" content=\"Storax Belgium\" \/>\n<meta property=\"article:modified_time\" content=\"2024-05-16T07:39:24+00:00\" \/>\n<meta property=\"og:image\" content=\"https:\/\/storax.be\/wp-content\/uploads\/sites\/2\/2024\/01\/Forza-optima-schoonloopmat.png\" \/>\n\t<meta property=\"og:image:width\" content=\"470\" \/>\n\t<meta property=\"og:image:height\" content=\"470\" \/>\n\t<meta property=\"og:image:type\" content=\"image\/png\" \/>\n<meta name=\"twitter:card\" content=\"summary_large_image\" \/>\n<meta name=\"twitter:label1\" content=\"Dur\u00e9e de lecture estim\u00e9e\" \/>\n\t<meta name=\"twitter:data1\" content=\"1 minute\" \/>\n<script type=\"application\/ld+json\" class=\"yoast-schema-graph\">{\"@context\":\"https:\\\/\\\/schema.org\",\"@graph\":[{\"@type\":\"WebPage\",\"@id\":\"https:\\\/\\\/storax.be\\\/fr\\\/producten\\\/schoonloopzones-fr\\\/forza-optima\\\/\",\"url\":\"https:\\\/\\\/storax.be\\\/fr\\\/producten\\\/schoonloopzones-fr\\\/forza-optima\\\/\",\"name\":\"Forza Optima - Storax Belgium\",\"isPartOf\":{\"@id\":\"https:\\\/\\\/storax.be\\\/fr\\\/#website\"},\"primaryImageOfPage\":{\"@id\":\"https:\\\/\\\/storax.be\\\/fr\\\/producten\\\/schoonloopzones-fr\\\/forza-optima\\\/#primaryimage\"},\"image\":{\"@id\":\"https:\\\/\\\/storax.be\\\/fr\\\/producten\\\/schoonloopzones-fr\\\/forza-optima\\\/#primaryimage\"},\"thumbnailUrl\":\"https:\\\/\\\/storax.be\\\/wp-content\\\/uploads\\\/sites\\\/2\\\/2024\\\/01\\\/Forza-optima-schoonloopmat.png\",\"datePublished\":\"2024-01-11T12:34:08+00:00\",\"dateModified\":\"2024-05-16T07:39:24+00:00\",\"breadcrumb\":{\"@id\":\"https:\\\/\\\/storax.be\\\/fr\\\/producten\\\/schoonloopzones-fr\\\/forza-optima\\\/#breadcrumb\"},\"inLanguage\":\"fr-FR\",\"potentialAction\":[{\"@type\":\"ReadAction\",\"target\":[\"https:\\\/\\\/storax.be\\\/fr\\\/producten\\\/schoonloopzones-fr\\\/forza-optima\\\/\"]}]},{\"@type\":\"ImageObject\",\"inLanguage\":\"fr-FR\",\"@id\":\"https:\\\/\\\/storax.be\\\/fr\\\/producten\\\/schoonloopzones-fr\\\/forza-optima\\\/#primaryimage\",\"url\":\"https:\\\/\\\/storax.be\\\/wp-content\\\/uploads\\\/sites\\\/2\\\/2024\\\/01\\\/Forza-optima-schoonloopmat.png\",\"contentUrl\":\"https:\\\/\\\/storax.be\\\/wp-content\\\/uploads\\\/sites\\\/2\\\/2024\\\/01\\\/Forza-optima-schoonloopmat.png\",\"width\":470,\"height\":470},{\"@type\":\"BreadcrumbList\",\"@id\":\"https:\\\/\\\/storax.be\\\/fr\\\/producten\\\/schoonloopzones-fr\\\/forza-optima\\\/#breadcrumb\",\"itemListElement\":[{\"@type\":\"ListItem\",\"position\":1,\"name\":\"Home\",\"item\":\"https:\\\/\\\/storax.be\\\/fr\\\/\"},{\"@type\":\"ListItem\",\"position\":2,\"name\":\"Producten\",\"item\":\"https:\\\/\\\/storax.be\\\/fr\\\/producten\\\/%product_category%\\\/\"},{\"@type\":\"ListItem\",\"position\":3,\"name\":\"Tapis d'entr\u00e9e\",\"item\":\"https:\\\/\\\/storax.be\\\/fr\\\/producten\\\/schoonloopzones-fr\\\/\"},{\"@type\":\"ListItem\",\"position\":4,\"name\":\"Forza Optima\"}]},{\"@type\":\"WebSite\",\"@id\":\"https:\\\/\\\/storax.be\\\/fr\\\/#website\",\"url\":\"https:\\\/\\\/storax.be\\\/fr\\\/\",\"name\":\"Storax Belgium\",\"description\":\"Uw betrouwbare partner voor bouwprojecten\",\"potentialAction\":[{\"@type\":\"SearchAction\",\"target\":{\"@type\":\"EntryPoint\",\"urlTemplate\":\"https:\\\/\\\/storax.be\\\/fr\\\/?s={search_term_string}\"},\"query-input\":{\"@type\":\"PropertyValueSpecification\",\"valueRequired\":true,\"valueName\":\"search_term_string\"}}],\"inLanguage\":\"fr-FR\"}]}<\/script>\n<!-- \/ Yoast SEO plugin. -->","yoast_head_json":{"title":"Forza Optima - Storax Belgium","robots":{"index":"index","follow":"follow","max-snippet":"max-snippet:-1","max-image-preview":"max-image-preview:large","max-video-preview":"max-video-preview:-1"},"canonical":"https:\/\/storax.be\/fr\/producten\/schoonloopzones-fr\/forza-optima\/","og_locale":"fr_FR","og_type":"article","og_title":"Forza Optima - Storax Belgium","og_description":"Zone de nettoyage avec des fils doux et durs FORZA-OPTIMAest une zone de nettoyage robuste et de haute qualit\u00e9 avec des fils doux et durs. Cela en fait le tapis de nettoyage id\u00e9al pour pi\u00e9ger la salet\u00e9 et l&rsquo;humidit\u00e9 sans les disperser dans le b\u00e2timent. \u00c0 propos de ce produit zone de nettoyage solide et\u2026","og_url":"https:\/\/storax.be\/fr\/producten\/schoonloopzones-fr\/forza-optima\/","og_site_name":"Storax Belgium","article_modified_time":"2024-05-16T07:39:24+00:00","og_image":[{"width":470,"height":470,"url":"https:\/\/storax.be\/wp-content\/uploads\/sites\/2\/2024\/01\/Forza-optima-schoonloopmat.png","type":"image\/png"}],"twitter_card":"summary_large_image","twitter_misc":{"Dur\u00e9e de lecture estim\u00e9e":"1 minute"},"schema":{"@context":"https:\/\/schema.org","@graph":[{"@type":"WebPage","@id":"https:\/\/storax.be\/fr\/producten\/schoonloopzones-fr\/forza-optima\/","url":"https:\/\/storax.be\/fr\/producten\/schoonloopzones-fr\/forza-optima\/","name":"Forza Optima - Storax Belgium","isPartOf":{"@id":"https:\/\/storax.be\/fr\/#website"},"primaryImageOfPage":{"@id":"https:\/\/storax.be\/fr\/producten\/schoonloopzones-fr\/forza-optima\/#primaryimage"},"image":{"@id":"https:\/\/storax.be\/fr\/producten\/schoonloopzones-fr\/forza-optima\/#primaryimage"},"thumbnailUrl":"https:\/\/storax.be\/wp-content\/uploads\/sites\/2\/2024\/01\/Forza-optima-schoonloopmat.png","datePublished":"2024-01-11T12:34:08+00:00","dateModified":"2024-05-16T07:39:24+00:00","breadcrumb":{"@id":"https:\/\/storax.be\/fr\/producten\/schoonloopzones-fr\/forza-optima\/#breadcrumb"},"inLanguage":"fr-FR","potentialAction":[{"@type":"ReadAction","target":["https:\/\/storax.be\/fr\/producten\/schoonloopzones-fr\/forza-optima\/"]}]},{"@type":"ImageObject","inLanguage":"fr-FR","@id":"https:\/\/storax.be\/fr\/producten\/schoonloopzones-fr\/forza-optima\/#primaryimage","url":"https:\/\/storax.be\/wp-content\/uploads\/sites\/2\/2024\/01\/Forza-optima-schoonloopmat.png","contentUrl":"https:\/\/storax.be\/wp-content\/uploads\/sites\/2\/2024\/01\/Forza-optima-schoonloopmat.png","width":470,"height":470},{"@type":"BreadcrumbList","@id":"https:\/\/storax.be\/fr\/producten\/schoonloopzones-fr\/forza-optima\/#breadcrumb","itemListElement":[{"@type":"ListItem","position":1,"name":"Home","item":"https:\/\/storax.be\/fr\/"},{"@type":"ListItem","position":2,"name":"Producten","item":"https:\/\/storax.be\/fr\/producten\/%product_category%\/"},{"@type":"ListItem","position":3,"name":"Tapis d'entr\u00e9e","item":"https:\/\/storax.be\/fr\/producten\/schoonloopzones-fr\/"},{"@type":"ListItem","position":4,"name":"Forza Optima"}]},{"@type":"WebSite","@id":"https:\/\/storax.be\/fr\/#website","url":"https:\/\/storax.be\/fr\/","name":"Storax Belgium","description":"Uw betrouwbare partner voor bouwprojecten","potentialAction":[{"@type":"SearchAction","target":{"@type":"EntryPoint","urlTemplate":"https:\/\/storax.be\/fr\/?s={search_term_string}"},"query-input":{"@type":"PropertyValueSpecification","valueRequired":true,"valueName":"search_term_string"}}],"inLanguage":"fr-FR"}]}},"_links":{"self":[{"href":"https:\/\/storax.be\/fr\/wp-json\/wp\/v2\/product\/116667","targetHints":{"allow":["GET"]}}],"collection":[{"href":"https:\/\/storax.be\/fr\/wp-json\/wp\/v2\/product"}],"about":[{"href":"https:\/\/storax.be\/fr\/wp-json\/wp\/v2\/types\/product"}],"wp:featuredmedia":[{"embeddable":true,"href":"https:\/\/storax.be\/fr\/wp-json\/wp\/v2\/media\/116664"}],"wp:attachment":[{"href":"https:\/\/storax.be\/fr\/wp-json\/wp\/v2\/media?parent=116667"}],"wp:term":[{"taxonomy":"product_category","embeddable":true,"href":"https:\/\/storax.be\/fr\/wp-json\/wp\/v2\/product_category?post=116667"},{"taxonomy":"product_tag","embeddable":true,"href":"https:\/\/storax.be\/fr\/wp-json\/wp\/v2\/product_tag?post=116667"}],"curies":[{"name":"wp","href":"https:\/\/api.w.org\/{rel}","templated":true}]}}