{"id":116610,"date":"2023-02-15T09:27:30","date_gmt":"2023-02-15T09:27:30","guid":{"rendered":"https:\/\/storax.be\/producten\/uncategorized\/bouwplaat-niches\/"},"modified":"2024-05-16T07:39:23","modified_gmt":"2024-05-16T07:39:23","slug":"niches","status":"publish","type":"product","link":"https:\/\/storax.be\/fr\/producten\/panneaux-de-construction\/niches\/","title":{"rendered":"Niches"},"content":{"rendered":"<h2>Assemblage facile et rapide<\/h2>\n<p>Les Niches Storax sont des panneaux de construction pr\u00e9fabriqu\u00e9s de forme rectangulaire permettant de cr\u00e9er des \u00e9tag\u00e8res dans les salles de bains ou les zones humides. Les niches sont plac\u00e9es dans le mur des salles d&rsquo;eau. Elles sont id\u00e9ales pour ranger le shampoing, le gel douche ou simplement pour d\u00e9corer la salle de bains, par exemple. Les niches sont constitu\u00e9es d&rsquo;un noyau \u00e9tanche en mousse XPS avec joint d&rsquo;\u00e9tanch\u00e9it\u00e9. Cela permet une installation rapide et pr\u00e9cise sans construction complexe.<\/p>\n<p>*Les niches 400\u00d7400 et 400\u00d7300 mm sont \u00e9galement disponibles en m\u00e9tal laqu\u00e9: en acier inoxydable noir.<\/p>\n","protected":false},"excerpt":{"rendered":"<p>Assemblage facile et rapide Les Niches Storax sont des panneaux de construction pr\u00e9fabriqu\u00e9s de forme rectangulaire permettant de cr\u00e9er des \u00e9tag\u00e8res dans les salles de bains ou les zones humides. Les niches sont plac\u00e9es dans le mur des salles d&rsquo;eau. Elles sont id\u00e9ales pour ranger le shampoing, le gel douche ou simplement pour d\u00e9corer la\u2026<\/p>\n","protected":false},"featured_media":115820,"template":"","meta":{"_acf_changed":false},"product_category":[742],"product_tag":[],"class_list":["post-116610","product","type-product","status-publish","has-post-thumbnail","hentry","product_category-panneaux-de-construction"],"acf":[],"yoast_head":"<!-- This site is optimized with the Yoast SEO plugin v27.3 - https:\/\/yoast.com\/product\/yoast-seo-wordpress\/ -->\n<title>Niches - Storax Belgium<\/title>\n<meta name=\"robots\" content=\"index, follow, max-snippet:-1, max-image-preview:large, max-video-preview:-1\" \/>\n<link rel=\"canonical\" href=\"https:\/\/storax.be\/fr\/producten\/panneaux-de-construction\/niches\/\" \/>\n<meta property=\"og:locale\" content=\"fr_FR\" \/>\n<meta property=\"og:type\" content=\"article\" \/>\n<meta property=\"og:title\" content=\"Niches - Storax Belgium\" \/>\n<meta property=\"og:description\" content=\"Assemblage facile et rapide Les Niches Storax sont des panneaux de construction pr\u00e9fabriqu\u00e9s de forme rectangulaire permettant de cr\u00e9er des \u00e9tag\u00e8res dans les salles de bains ou les zones humides. Les niches sont plac\u00e9es dans le mur des salles d&rsquo;eau. Elles sont id\u00e9ales pour ranger le shampoing, le gel douche ou simplement pour d\u00e9corer la\u2026\" \/>\n<meta property=\"og:url\" content=\"https:\/\/storax.be\/fr\/producten\/panneaux-de-construction\/niches\/\" \/>\n<meta property=\"og:site_name\" content=\"Storax Belgium\" \/>\n<meta property=\"article:modified_time\" content=\"2024-05-16T07:39:23+00:00\" \/>\n<meta property=\"og:image\" content=\"https:\/\/storax.be\/wp-content\/uploads\/sites\/2\/2023\/02\/Storax-bouwplaat-niche-3.png\" \/>\n\t<meta property=\"og:image:width\" content=\"470\" \/>\n\t<meta property=\"og:image:height\" content=\"470\" \/>\n\t<meta property=\"og:image:type\" content=\"image\/png\" \/>\n<meta name=\"twitter:card\" content=\"summary_large_image\" \/>\n<meta name=\"twitter:label1\" content=\"Dur\u00e9e de lecture estim\u00e9e\" \/>\n\t<meta name=\"twitter:data1\" content=\"1 minute\" \/>\n<script type=\"application\/ld+json\" class=\"yoast-schema-graph\">{\"@context\":\"https:\\\/\\\/schema.org\",\"@graph\":[{\"@type\":\"WebPage\",\"@id\":\"https:\\\/\\\/storax.be\\\/fr\\\/producten\\\/panneaux-de-construction\\\/niches\\\/\",\"url\":\"https:\\\/\\\/storax.be\\\/fr\\\/producten\\\/panneaux-de-construction\\\/niches\\\/\",\"name\":\"Niches - Storax Belgium\",\"isPartOf\":{\"@id\":\"https:\\\/\\\/storax.be\\\/fr\\\/#website\"},\"primaryImageOfPage\":{\"@id\":\"https:\\\/\\\/storax.be\\\/fr\\\/producten\\\/panneaux-de-construction\\\/niches\\\/#primaryimage\"},\"image\":{\"@id\":\"https:\\\/\\\/storax.be\\\/fr\\\/producten\\\/panneaux-de-construction\\\/niches\\\/#primaryimage\"},\"thumbnailUrl\":\"https:\\\/\\\/storax.be\\\/wp-content\\\/uploads\\\/sites\\\/2\\\/2023\\\/02\\\/Storax-bouwplaat-niche-3.png\",\"datePublished\":\"2023-02-15T09:27:30+00:00\",\"dateModified\":\"2024-05-16T07:39:23+00:00\",\"breadcrumb\":{\"@id\":\"https:\\\/\\\/storax.be\\\/fr\\\/producten\\\/panneaux-de-construction\\\/niches\\\/#breadcrumb\"},\"inLanguage\":\"fr-FR\",\"potentialAction\":[{\"@type\":\"ReadAction\",\"target\":[\"https:\\\/\\\/storax.be\\\/fr\\\/producten\\\/panneaux-de-construction\\\/niches\\\/\"]}]},{\"@type\":\"ImageObject\",\"inLanguage\":\"fr-FR\",\"@id\":\"https:\\\/\\\/storax.be\\\/fr\\\/producten\\\/panneaux-de-construction\\\/niches\\\/#primaryimage\",\"url\":\"https:\\\/\\\/storax.be\\\/wp-content\\\/uploads\\\/sites\\\/2\\\/2023\\\/02\\\/Storax-bouwplaat-niche-3.png\",\"contentUrl\":\"https:\\\/\\\/storax.be\\\/wp-content\\\/uploads\\\/sites\\\/2\\\/2023\\\/02\\\/Storax-bouwplaat-niche-3.png\",\"width\":470,\"height\":470,\"caption\":\"Storax bouwplaat niche (3)\"},{\"@type\":\"BreadcrumbList\",\"@id\":\"https:\\\/\\\/storax.be\\\/fr\\\/producten\\\/panneaux-de-construction\\\/niches\\\/#breadcrumb\",\"itemListElement\":[{\"@type\":\"ListItem\",\"position\":1,\"name\":\"Home\",\"item\":\"https:\\\/\\\/storax.be\\\/fr\\\/\"},{\"@type\":\"ListItem\",\"position\":2,\"name\":\"Producten\",\"item\":\"https:\\\/\\\/storax.be\\\/fr\\\/producten\\\/%product_category%\\\/\"},{\"@type\":\"ListItem\",\"position\":3,\"name\":\"Panneaux de construction\",\"item\":\"https:\\\/\\\/storax.be\\\/fr\\\/producten\\\/panneaux-de-construction\\\/\"},{\"@type\":\"ListItem\",\"position\":4,\"name\":\"Niches\"}]},{\"@type\":\"WebSite\",\"@id\":\"https:\\\/\\\/storax.be\\\/fr\\\/#website\",\"url\":\"https:\\\/\\\/storax.be\\\/fr\\\/\",\"name\":\"Storax Belgium\",\"description\":\"Uw betrouwbare partner voor bouwprojecten\",\"potentialAction\":[{\"@type\":\"SearchAction\",\"target\":{\"@type\":\"EntryPoint\",\"urlTemplate\":\"https:\\\/\\\/storax.be\\\/fr\\\/?s={search_term_string}\"},\"query-input\":{\"@type\":\"PropertyValueSpecification\",\"valueRequired\":true,\"valueName\":\"search_term_string\"}}],\"inLanguage\":\"fr-FR\"}]}<\/script>\n<!-- \/ Yoast SEO plugin. -->","yoast_head_json":{"title":"Niches - Storax Belgium","robots":{"index":"index","follow":"follow","max-snippet":"max-snippet:-1","max-image-preview":"max-image-preview:large","max-video-preview":"max-video-preview:-1"},"canonical":"https:\/\/storax.be\/fr\/producten\/panneaux-de-construction\/niches\/","og_locale":"fr_FR","og_type":"article","og_title":"Niches - Storax Belgium","og_description":"Assemblage facile et rapide Les Niches Storax sont des panneaux de construction pr\u00e9fabriqu\u00e9s de forme rectangulaire permettant de cr\u00e9er des \u00e9tag\u00e8res dans les salles de bains ou les zones humides. Les niches sont plac\u00e9es dans le mur des salles d&rsquo;eau. Elles sont id\u00e9ales pour ranger le shampoing, le gel douche ou simplement pour d\u00e9corer la\u2026","og_url":"https:\/\/storax.be\/fr\/producten\/panneaux-de-construction\/niches\/","og_site_name":"Storax Belgium","article_modified_time":"2024-05-16T07:39:23+00:00","og_image":[{"width":470,"height":470,"url":"https:\/\/storax.be\/wp-content\/uploads\/sites\/2\/2023\/02\/Storax-bouwplaat-niche-3.png","type":"image\/png"}],"twitter_card":"summary_large_image","twitter_misc":{"Dur\u00e9e de lecture estim\u00e9e":"1 minute"},"schema":{"@context":"https:\/\/schema.org","@graph":[{"@type":"WebPage","@id":"https:\/\/storax.be\/fr\/producten\/panneaux-de-construction\/niches\/","url":"https:\/\/storax.be\/fr\/producten\/panneaux-de-construction\/niches\/","name":"Niches - Storax Belgium","isPartOf":{"@id":"https:\/\/storax.be\/fr\/#website"},"primaryImageOfPage":{"@id":"https:\/\/storax.be\/fr\/producten\/panneaux-de-construction\/niches\/#primaryimage"},"image":{"@id":"https:\/\/storax.be\/fr\/producten\/panneaux-de-construction\/niches\/#primaryimage"},"thumbnailUrl":"https:\/\/storax.be\/wp-content\/uploads\/sites\/2\/2023\/02\/Storax-bouwplaat-niche-3.png","datePublished":"2023-02-15T09:27:30+00:00","dateModified":"2024-05-16T07:39:23+00:00","breadcrumb":{"@id":"https:\/\/storax.be\/fr\/producten\/panneaux-de-construction\/niches\/#breadcrumb"},"inLanguage":"fr-FR","potentialAction":[{"@type":"ReadAction","target":["https:\/\/storax.be\/fr\/producten\/panneaux-de-construction\/niches\/"]}]},{"@type":"ImageObject","inLanguage":"fr-FR","@id":"https:\/\/storax.be\/fr\/producten\/panneaux-de-construction\/niches\/#primaryimage","url":"https:\/\/storax.be\/wp-content\/uploads\/sites\/2\/2023\/02\/Storax-bouwplaat-niche-3.png","contentUrl":"https:\/\/storax.be\/wp-content\/uploads\/sites\/2\/2023\/02\/Storax-bouwplaat-niche-3.png","width":470,"height":470,"caption":"Storax bouwplaat niche (3)"},{"@type":"BreadcrumbList","@id":"https:\/\/storax.be\/fr\/producten\/panneaux-de-construction\/niches\/#breadcrumb","itemListElement":[{"@type":"ListItem","position":1,"name":"Home","item":"https:\/\/storax.be\/fr\/"},{"@type":"ListItem","position":2,"name":"Producten","item":"https:\/\/storax.be\/fr\/producten\/%product_category%\/"},{"@type":"ListItem","position":3,"name":"Panneaux de construction","item":"https:\/\/storax.be\/fr\/producten\/panneaux-de-construction\/"},{"@type":"ListItem","position":4,"name":"Niches"}]},{"@type":"WebSite","@id":"https:\/\/storax.be\/fr\/#website","url":"https:\/\/storax.be\/fr\/","name":"Storax Belgium","description":"Uw betrouwbare partner voor bouwprojecten","potentialAction":[{"@type":"SearchAction","target":{"@type":"EntryPoint","urlTemplate":"https:\/\/storax.be\/fr\/?s={search_term_string}"},"query-input":{"@type":"PropertyValueSpecification","valueRequired":true,"valueName":"search_term_string"}}],"inLanguage":"fr-FR"}]}},"_links":{"self":[{"href":"https:\/\/storax.be\/fr\/wp-json\/wp\/v2\/product\/116610","targetHints":{"allow":["GET"]}}],"collection":[{"href":"https:\/\/storax.be\/fr\/wp-json\/wp\/v2\/product"}],"about":[{"href":"https:\/\/storax.be\/fr\/wp-json\/wp\/v2\/types\/product"}],"wp:featuredmedia":[{"embeddable":true,"href":"https:\/\/storax.be\/fr\/wp-json\/wp\/v2\/media\/115820"}],"wp:attachment":[{"href":"https:\/\/storax.be\/fr\/wp-json\/wp\/v2\/media?parent=116610"}],"wp:term":[{"taxonomy":"product_category","embeddable":true,"href":"https:\/\/storax.be\/fr\/wp-json\/wp\/v2\/product_category?post=116610"},{"taxonomy":"product_tag","embeddable":true,"href":"https:\/\/storax.be\/fr\/wp-json\/wp\/v2\/product_tag?post=116610"}],"curies":[{"name":"wp","href":"https:\/\/api.w.org\/{rel}","templated":true}]}}