{"id":116323,"date":"2023-06-13T12:10:57","date_gmt":"2023-06-13T12:10:57","guid":{"rendered":"https:\/\/storax.be\/producten\/uncategorized\/forza-hydro\/"},"modified":"2024-05-16T07:39:22","modified_gmt":"2024-05-16T07:39:22","slug":"forza-hydro","status":"publish","type":"product","link":"https:\/\/storax.be\/fr\/producten\/schoonloopzones-fr\/forza-hydro\/","title":{"rendered":"Forza Hydro"},"content":{"rendered":"<h2 style=\"font-size: 1.5em; line-height: 32px; font-weight: 600; margin-top: 10px;\">Zone de nettoyage qui absorbe jusqu&rsquo;\u00e0 3 fois plus d&rsquo;humidit\u00e9, disponible en 10 couleurs naturelles uniques.<\/h2>\n<p><strong>FORZA-HYDRO<\/strong> est une zone de nettoyage solide et de haute qualit\u00e9, dot\u00e9e d&rsquo;une nouvelle construction de fibres de nylon qui convient non seulement \u00e0 une utilisation intensive dans les projets (classe 33), mais qui absorbe \u00e9galement de mani\u00e8re d\u00e9montr\u00e9e trois fois plus d&rsquo;humidit\u00e9. FORZA-HYDRO est disponible en 10 couleurs naturelles, offrant ainsi une combinaison adapt\u00e9e \u00e0 chaque rev\u00eatement de sol. FORZA-HYDRO convient particuli\u00e8rement aux applications professionnelles, permet d&rsquo;\u00e9conomiser sur les co\u00fbts de nettoyage et garantit une dur\u00e9e de vie optimale du rev\u00eatement de sol.<br \/>\n<b><br \/>\n\u00c0 propos de ce produit<br \/>\n<\/b><\/p>\n<ul>\n<li>Fil 100% recycl\u00e9<\/li>\n<li>Zone de nettoyage solide et de haute qualit\u00e9, classe de projet 33<\/li>\n<li>Absorption jusqu&rsquo;\u00e0 3 fois plus \u00e9lev\u00e9e de l&rsquo;humidit\u00e9<\/li>\n<li>\u00c9paisseur : 9 mm<\/li>\n<li>Convient uniquement pour une utilisation en int\u00e9rieur<\/li>\n<li>Facile \u00e0 nettoyer<\/li>\n<li>10 couleurs naturelles offrant une combinaison adapt\u00e9e \u00e0 chaque rev\u00eatement de sol<\/li>\n<li>Disponible en rouleaux, au m\u00e8tre ou en tapis standard<\/li>\n<\/ul>\n<p><strong>Rouleaux<\/strong><\/p>\n<ul>\n<li>200 cm*<\/li>\n<\/ul>\n<p>*dimensions comprenant des bordures en vinyle de 2,5 cm de large tout autour<\/p>\n","protected":false},"excerpt":{"rendered":"<p>Zone de nettoyage qui absorbe jusqu&rsquo;\u00e0 3 fois plus d&rsquo;humidit\u00e9, disponible en 10 couleurs naturelles uniques. FORZA-HYDRO est une zone de nettoyage solide et de haute qualit\u00e9, dot\u00e9e d&rsquo;une nouvelle construction de fibres de nylon qui convient non seulement \u00e0 une utilisation intensive dans les projets (classe 33), mais qui absorbe \u00e9galement de mani\u00e8re d\u00e9montr\u00e9e\u2026<\/p>\n","protected":false},"featured_media":116292,"template":"","meta":{"_acf_changed":false},"product_category":[621],"product_tag":[],"class_list":["post-116323","product","type-product","status-publish","has-post-thumbnail","hentry","product_category-schoonloopzones-fr"],"acf":[],"yoast_head":"<!-- This site is optimized with the Yoast SEO plugin v27.3 - https:\/\/yoast.com\/product\/yoast-seo-wordpress\/ -->\n<title>Forza Hydro - Storax Belgium<\/title>\n<meta name=\"robots\" content=\"index, follow, max-snippet:-1, max-image-preview:large, max-video-preview:-1\" \/>\n<link rel=\"canonical\" href=\"https:\/\/storax.be\/fr\/producten\/schoonloopzones-fr\/forza-hydro\/\" \/>\n<meta property=\"og:locale\" content=\"fr_FR\" \/>\n<meta property=\"og:type\" content=\"article\" \/>\n<meta property=\"og:title\" content=\"Forza Hydro - Storax Belgium\" \/>\n<meta property=\"og:description\" content=\"Zone de nettoyage qui absorbe jusqu&rsquo;\u00e0 3 fois plus d&rsquo;humidit\u00e9, disponible en 10 couleurs naturelles uniques. FORZA-HYDRO est une zone de nettoyage solide et de haute qualit\u00e9, dot\u00e9e d&rsquo;une nouvelle construction de fibres de nylon qui convient non seulement \u00e0 une utilisation intensive dans les projets (classe 33), mais qui absorbe \u00e9galement de mani\u00e8re d\u00e9montr\u00e9e\u2026\" \/>\n<meta property=\"og:url\" content=\"https:\/\/storax.be\/fr\/producten\/schoonloopzones-fr\/forza-hydro\/\" \/>\n<meta property=\"og:site_name\" content=\"Storax Belgium\" \/>\n<meta property=\"article:modified_time\" content=\"2024-05-16T07:39:22+00:00\" \/>\n<meta property=\"og:image\" content=\"https:\/\/storax.be\/wp-content\/uploads\/sites\/2\/2023\/06\/Hydro-projectfoto-470.jpg\" \/>\n\t<meta property=\"og:image:width\" content=\"470\" \/>\n\t<meta property=\"og:image:height\" content=\"470\" \/>\n\t<meta property=\"og:image:type\" content=\"image\/jpeg\" \/>\n<meta name=\"twitter:card\" content=\"summary_large_image\" \/>\n<meta name=\"twitter:label1\" content=\"Dur\u00e9e de lecture estim\u00e9e\" \/>\n\t<meta name=\"twitter:data1\" content=\"1 minute\" \/>\n<script type=\"application\/ld+json\" class=\"yoast-schema-graph\">{\"@context\":\"https:\\\/\\\/schema.org\",\"@graph\":[{\"@type\":\"WebPage\",\"@id\":\"https:\\\/\\\/storax.be\\\/fr\\\/producten\\\/schoonloopzones-fr\\\/forza-hydro\\\/\",\"url\":\"https:\\\/\\\/storax.be\\\/fr\\\/producten\\\/schoonloopzones-fr\\\/forza-hydro\\\/\",\"name\":\"Forza Hydro - Storax Belgium\",\"isPartOf\":{\"@id\":\"https:\\\/\\\/storax.be\\\/fr\\\/#website\"},\"primaryImageOfPage\":{\"@id\":\"https:\\\/\\\/storax.be\\\/fr\\\/producten\\\/schoonloopzones-fr\\\/forza-hydro\\\/#primaryimage\"},\"image\":{\"@id\":\"https:\\\/\\\/storax.be\\\/fr\\\/producten\\\/schoonloopzones-fr\\\/forza-hydro\\\/#primaryimage\"},\"thumbnailUrl\":\"https:\\\/\\\/storax.be\\\/wp-content\\\/uploads\\\/sites\\\/2\\\/2023\\\/06\\\/Hydro-projectfoto-470.jpg\",\"datePublished\":\"2023-06-13T12:10:57+00:00\",\"dateModified\":\"2024-05-16T07:39:22+00:00\",\"breadcrumb\":{\"@id\":\"https:\\\/\\\/storax.be\\\/fr\\\/producten\\\/schoonloopzones-fr\\\/forza-hydro\\\/#breadcrumb\"},\"inLanguage\":\"fr-FR\",\"potentialAction\":[{\"@type\":\"ReadAction\",\"target\":[\"https:\\\/\\\/storax.be\\\/fr\\\/producten\\\/schoonloopzones-fr\\\/forza-hydro\\\/\"]}]},{\"@type\":\"ImageObject\",\"inLanguage\":\"fr-FR\",\"@id\":\"https:\\\/\\\/storax.be\\\/fr\\\/producten\\\/schoonloopzones-fr\\\/forza-hydro\\\/#primaryimage\",\"url\":\"https:\\\/\\\/storax.be\\\/wp-content\\\/uploads\\\/sites\\\/2\\\/2023\\\/06\\\/Hydro-projectfoto-470.jpg\",\"contentUrl\":\"https:\\\/\\\/storax.be\\\/wp-content\\\/uploads\\\/sites\\\/2\\\/2023\\\/06\\\/Hydro-projectfoto-470.jpg\",\"width\":470,\"height\":470},{\"@type\":\"BreadcrumbList\",\"@id\":\"https:\\\/\\\/storax.be\\\/fr\\\/producten\\\/schoonloopzones-fr\\\/forza-hydro\\\/#breadcrumb\",\"itemListElement\":[{\"@type\":\"ListItem\",\"position\":1,\"name\":\"Home\",\"item\":\"https:\\\/\\\/storax.be\\\/fr\\\/\"},{\"@type\":\"ListItem\",\"position\":2,\"name\":\"Producten\",\"item\":\"https:\\\/\\\/storax.be\\\/fr\\\/producten\\\/%product_category%\\\/\"},{\"@type\":\"ListItem\",\"position\":3,\"name\":\"Tapis d'entr\u00e9e\",\"item\":\"https:\\\/\\\/storax.be\\\/fr\\\/producten\\\/schoonloopzones-fr\\\/\"},{\"@type\":\"ListItem\",\"position\":4,\"name\":\"Forza Hydro\"}]},{\"@type\":\"WebSite\",\"@id\":\"https:\\\/\\\/storax.be\\\/fr\\\/#website\",\"url\":\"https:\\\/\\\/storax.be\\\/fr\\\/\",\"name\":\"Storax Belgium\",\"description\":\"Uw betrouwbare partner voor bouwprojecten\",\"potentialAction\":[{\"@type\":\"SearchAction\",\"target\":{\"@type\":\"EntryPoint\",\"urlTemplate\":\"https:\\\/\\\/storax.be\\\/fr\\\/?s={search_term_string}\"},\"query-input\":{\"@type\":\"PropertyValueSpecification\",\"valueRequired\":true,\"valueName\":\"search_term_string\"}}],\"inLanguage\":\"fr-FR\"}]}<\/script>\n<!-- \/ Yoast SEO plugin. -->","yoast_head_json":{"title":"Forza Hydro - Storax Belgium","robots":{"index":"index","follow":"follow","max-snippet":"max-snippet:-1","max-image-preview":"max-image-preview:large","max-video-preview":"max-video-preview:-1"},"canonical":"https:\/\/storax.be\/fr\/producten\/schoonloopzones-fr\/forza-hydro\/","og_locale":"fr_FR","og_type":"article","og_title":"Forza Hydro - Storax Belgium","og_description":"Zone de nettoyage qui absorbe jusqu&rsquo;\u00e0 3 fois plus d&rsquo;humidit\u00e9, disponible en 10 couleurs naturelles uniques. FORZA-HYDRO est une zone de nettoyage solide et de haute qualit\u00e9, dot\u00e9e d&rsquo;une nouvelle construction de fibres de nylon qui convient non seulement \u00e0 une utilisation intensive dans les projets (classe 33), mais qui absorbe \u00e9galement de mani\u00e8re d\u00e9montr\u00e9e\u2026","og_url":"https:\/\/storax.be\/fr\/producten\/schoonloopzones-fr\/forza-hydro\/","og_site_name":"Storax Belgium","article_modified_time":"2024-05-16T07:39:22+00:00","og_image":[{"width":470,"height":470,"url":"https:\/\/storax.be\/wp-content\/uploads\/sites\/2\/2023\/06\/Hydro-projectfoto-470.jpg","type":"image\/jpeg"}],"twitter_card":"summary_large_image","twitter_misc":{"Dur\u00e9e de lecture estim\u00e9e":"1 minute"},"schema":{"@context":"https:\/\/schema.org","@graph":[{"@type":"WebPage","@id":"https:\/\/storax.be\/fr\/producten\/schoonloopzones-fr\/forza-hydro\/","url":"https:\/\/storax.be\/fr\/producten\/schoonloopzones-fr\/forza-hydro\/","name":"Forza Hydro - Storax Belgium","isPartOf":{"@id":"https:\/\/storax.be\/fr\/#website"},"primaryImageOfPage":{"@id":"https:\/\/storax.be\/fr\/producten\/schoonloopzones-fr\/forza-hydro\/#primaryimage"},"image":{"@id":"https:\/\/storax.be\/fr\/producten\/schoonloopzones-fr\/forza-hydro\/#primaryimage"},"thumbnailUrl":"https:\/\/storax.be\/wp-content\/uploads\/sites\/2\/2023\/06\/Hydro-projectfoto-470.jpg","datePublished":"2023-06-13T12:10:57+00:00","dateModified":"2024-05-16T07:39:22+00:00","breadcrumb":{"@id":"https:\/\/storax.be\/fr\/producten\/schoonloopzones-fr\/forza-hydro\/#breadcrumb"},"inLanguage":"fr-FR","potentialAction":[{"@type":"ReadAction","target":["https:\/\/storax.be\/fr\/producten\/schoonloopzones-fr\/forza-hydro\/"]}]},{"@type":"ImageObject","inLanguage":"fr-FR","@id":"https:\/\/storax.be\/fr\/producten\/schoonloopzones-fr\/forza-hydro\/#primaryimage","url":"https:\/\/storax.be\/wp-content\/uploads\/sites\/2\/2023\/06\/Hydro-projectfoto-470.jpg","contentUrl":"https:\/\/storax.be\/wp-content\/uploads\/sites\/2\/2023\/06\/Hydro-projectfoto-470.jpg","width":470,"height":470},{"@type":"BreadcrumbList","@id":"https:\/\/storax.be\/fr\/producten\/schoonloopzones-fr\/forza-hydro\/#breadcrumb","itemListElement":[{"@type":"ListItem","position":1,"name":"Home","item":"https:\/\/storax.be\/fr\/"},{"@type":"ListItem","position":2,"name":"Producten","item":"https:\/\/storax.be\/fr\/producten\/%product_category%\/"},{"@type":"ListItem","position":3,"name":"Tapis d'entr\u00e9e","item":"https:\/\/storax.be\/fr\/producten\/schoonloopzones-fr\/"},{"@type":"ListItem","position":4,"name":"Forza Hydro"}]},{"@type":"WebSite","@id":"https:\/\/storax.be\/fr\/#website","url":"https:\/\/storax.be\/fr\/","name":"Storax Belgium","description":"Uw betrouwbare partner voor bouwprojecten","potentialAction":[{"@type":"SearchAction","target":{"@type":"EntryPoint","urlTemplate":"https:\/\/storax.be\/fr\/?s={search_term_string}"},"query-input":{"@type":"PropertyValueSpecification","valueRequired":true,"valueName":"search_term_string"}}],"inLanguage":"fr-FR"}]}},"_links":{"self":[{"href":"https:\/\/storax.be\/fr\/wp-json\/wp\/v2\/product\/116323","targetHints":{"allow":["GET"]}}],"collection":[{"href":"https:\/\/storax.be\/fr\/wp-json\/wp\/v2\/product"}],"about":[{"href":"https:\/\/storax.be\/fr\/wp-json\/wp\/v2\/types\/product"}],"wp:featuredmedia":[{"embeddable":true,"href":"https:\/\/storax.be\/fr\/wp-json\/wp\/v2\/media\/116292"}],"wp:attachment":[{"href":"https:\/\/storax.be\/fr\/wp-json\/wp\/v2\/media?parent=116323"}],"wp:term":[{"taxonomy":"product_category","embeddable":true,"href":"https:\/\/storax.be\/fr\/wp-json\/wp\/v2\/product_category?post=116323"},{"taxonomy":"product_tag","embeddable":true,"href":"https:\/\/storax.be\/fr\/wp-json\/wp\/v2\/product_tag?post=116323"}],"curies":[{"name":"wp","href":"https:\/\/api.w.org\/{rel}","templated":true}]}}