{"id":116238,"date":"2023-05-30T11:52:15","date_gmt":"2023-05-30T11:52:15","guid":{"rendered":"https:\/\/storax.be\/producten\/uncategorized\/hagolifter-mini\/"},"modified":"2024-05-16T07:39:21","modified_gmt":"2024-05-16T07:39:21","slug":"hagolifter-mini","status":"publish","type":"product","link":"https:\/\/storax.be\/fr\/producten\/couvercle-a-carreler\/hagolifter-mini\/","title":{"rendered":"Hagolifter Mini"},"content":{"rendered":"<h2>Eenvoudige toegang tot de kruipruimte<\/h2>\n<p>Hagolifter Mini Acc\u00e8s facile \u00e0 la cave Le Hagolifter Mini convient \u00e0 tous les utilisateurs et facilite le soul\u00e8vement et le d\u00e9placement de presque tous les trappes de sol HAGO sans charni\u00e8res.<\/p>\n<p><strong>\u00c0 propos de ce produit<\/strong><\/p>\n<ul>\n<li>Hauteur de levage : 190 mm.<\/li>\n<li>Ensemble complet comprenant 2 unit\u00e9s de levage avec des roues en caoutchouc.<\/li>\n<li>Vis de fixation universelles M10 et M12 (pour les trappes de sol HAGO en aluminium, en acier et en acier inoxydable).<\/li>\n<li>Plaques de protection en caoutchouc (\u00e0 placer sur les sols sensibles aux dommages).<\/li>\n<li>Utilisable par une seule personne. Utilisation facile et s\u00fbre.<\/li>\n<\/ul>\n","protected":false},"excerpt":{"rendered":"<p>Eenvoudige toegang tot de kruipruimte Hagolifter Mini Acc\u00e8s facile \u00e0 la cave Le Hagolifter Mini convient \u00e0 tous les utilisateurs et facilite le soul\u00e8vement et le d\u00e9placement de presque tous les trappes de sol HAGO sans charni\u00e8res. \u00c0 propos de ce produit Hauteur de levage : 190 mm. Ensemble complet comprenant 2 unit\u00e9s de levage\u2026<\/p>\n","protected":false},"featured_media":116227,"template":"","meta":{"_acf_changed":false},"product_category":[646],"product_tag":[],"class_list":["post-116238","product","type-product","status-publish","has-post-thumbnail","hentry","product_category-couvercle-a-carreler"],"acf":[],"yoast_head":"<!-- This site is optimized with the Yoast SEO plugin v27.3 - https:\/\/yoast.com\/product\/yoast-seo-wordpress\/ -->\n<title>Hagolifter Mini - Storax Belgium<\/title>\n<meta name=\"robots\" content=\"index, follow, max-snippet:-1, max-image-preview:large, max-video-preview:-1\" \/>\n<link rel=\"canonical\" href=\"https:\/\/storax.be\/fr\/producten\/couvercle-a-carreler\/hagolifter-mini\/\" \/>\n<meta property=\"og:locale\" content=\"fr_FR\" \/>\n<meta property=\"og:type\" content=\"article\" \/>\n<meta property=\"og:title\" content=\"Hagolifter Mini - Storax Belgium\" \/>\n<meta property=\"og:description\" content=\"Eenvoudige toegang tot de kruipruimte Hagolifter Mini Acc\u00e8s facile \u00e0 la cave Le Hagolifter Mini convient \u00e0 tous les utilisateurs et facilite le soul\u00e8vement et le d\u00e9placement de presque tous les trappes de sol HAGO sans charni\u00e8res. \u00c0 propos de ce produit Hauteur de levage : 190 mm. Ensemble complet comprenant 2 unit\u00e9s de levage\u2026\" \/>\n<meta property=\"og:url\" content=\"https:\/\/storax.be\/fr\/producten\/couvercle-a-carreler\/hagolifter-mini\/\" \/>\n<meta property=\"og:site_name\" content=\"Storax Belgium\" \/>\n<meta property=\"article:modified_time\" content=\"2024-05-16T07:39:21+00:00\" \/>\n<meta property=\"og:image\" content=\"https:\/\/storax.be\/wp-content\/uploads\/sites\/2\/2023\/05\/storax-hagolifter-mini.png\" \/>\n\t<meta property=\"og:image:width\" content=\"470\" \/>\n\t<meta property=\"og:image:height\" content=\"470\" \/>\n\t<meta property=\"og:image:type\" content=\"image\/png\" \/>\n<meta name=\"twitter:card\" content=\"summary_large_image\" \/>\n<meta name=\"twitter:label1\" content=\"Dur\u00e9e de lecture estim\u00e9e\" \/>\n\t<meta name=\"twitter:data1\" content=\"1 minute\" \/>\n<script type=\"application\/ld+json\" class=\"yoast-schema-graph\">{\"@context\":\"https:\\\/\\\/schema.org\",\"@graph\":[{\"@type\":\"WebPage\",\"@id\":\"https:\\\/\\\/storax.be\\\/fr\\\/producten\\\/couvercle-a-carreler\\\/hagolifter-mini\\\/\",\"url\":\"https:\\\/\\\/storax.be\\\/fr\\\/producten\\\/couvercle-a-carreler\\\/hagolifter-mini\\\/\",\"name\":\"Hagolifter Mini - Storax Belgium\",\"isPartOf\":{\"@id\":\"https:\\\/\\\/storax.be\\\/fr\\\/#website\"},\"primaryImageOfPage\":{\"@id\":\"https:\\\/\\\/storax.be\\\/fr\\\/producten\\\/couvercle-a-carreler\\\/hagolifter-mini\\\/#primaryimage\"},\"image\":{\"@id\":\"https:\\\/\\\/storax.be\\\/fr\\\/producten\\\/couvercle-a-carreler\\\/hagolifter-mini\\\/#primaryimage\"},\"thumbnailUrl\":\"https:\\\/\\\/storax.be\\\/wp-content\\\/uploads\\\/sites\\\/2\\\/2023\\\/05\\\/storax-hagolifter-mini.png\",\"datePublished\":\"2023-05-30T11:52:15+00:00\",\"dateModified\":\"2024-05-16T07:39:21+00:00\",\"breadcrumb\":{\"@id\":\"https:\\\/\\\/storax.be\\\/fr\\\/producten\\\/couvercle-a-carreler\\\/hagolifter-mini\\\/#breadcrumb\"},\"inLanguage\":\"fr-FR\",\"potentialAction\":[{\"@type\":\"ReadAction\",\"target\":[\"https:\\\/\\\/storax.be\\\/fr\\\/producten\\\/couvercle-a-carreler\\\/hagolifter-mini\\\/\"]}]},{\"@type\":\"ImageObject\",\"inLanguage\":\"fr-FR\",\"@id\":\"https:\\\/\\\/storax.be\\\/fr\\\/producten\\\/couvercle-a-carreler\\\/hagolifter-mini\\\/#primaryimage\",\"url\":\"https:\\\/\\\/storax.be\\\/wp-content\\\/uploads\\\/sites\\\/2\\\/2023\\\/05\\\/storax-hagolifter-mini.png\",\"contentUrl\":\"https:\\\/\\\/storax.be\\\/wp-content\\\/uploads\\\/sites\\\/2\\\/2023\\\/05\\\/storax-hagolifter-mini.png\",\"width\":470,\"height\":470},{\"@type\":\"BreadcrumbList\",\"@id\":\"https:\\\/\\\/storax.be\\\/fr\\\/producten\\\/couvercle-a-carreler\\\/hagolifter-mini\\\/#breadcrumb\",\"itemListElement\":[{\"@type\":\"ListItem\",\"position\":1,\"name\":\"Home\",\"item\":\"https:\\\/\\\/storax.be\\\/fr\\\/\"},{\"@type\":\"ListItem\",\"position\":2,\"name\":\"Producten\",\"item\":\"https:\\\/\\\/storax.be\\\/fr\\\/producten\\\/%product_category%\\\/\"},{\"@type\":\"ListItem\",\"position\":3,\"name\":\"Couvercle \u00e0 carreler\",\"item\":\"https:\\\/\\\/storax.be\\\/fr\\\/producten\\\/couvercle-a-carreler\\\/\"},{\"@type\":\"ListItem\",\"position\":4,\"name\":\"Hagolifter Mini\"}]},{\"@type\":\"WebSite\",\"@id\":\"https:\\\/\\\/storax.be\\\/fr\\\/#website\",\"url\":\"https:\\\/\\\/storax.be\\\/fr\\\/\",\"name\":\"Storax Belgium\",\"description\":\"Uw betrouwbare partner voor bouwprojecten\",\"potentialAction\":[{\"@type\":\"SearchAction\",\"target\":{\"@type\":\"EntryPoint\",\"urlTemplate\":\"https:\\\/\\\/storax.be\\\/fr\\\/?s={search_term_string}\"},\"query-input\":{\"@type\":\"PropertyValueSpecification\",\"valueRequired\":true,\"valueName\":\"search_term_string\"}}],\"inLanguage\":\"fr-FR\"}]}<\/script>\n<!-- \/ Yoast SEO plugin. -->","yoast_head_json":{"title":"Hagolifter Mini - Storax Belgium","robots":{"index":"index","follow":"follow","max-snippet":"max-snippet:-1","max-image-preview":"max-image-preview:large","max-video-preview":"max-video-preview:-1"},"canonical":"https:\/\/storax.be\/fr\/producten\/couvercle-a-carreler\/hagolifter-mini\/","og_locale":"fr_FR","og_type":"article","og_title":"Hagolifter Mini - Storax Belgium","og_description":"Eenvoudige toegang tot de kruipruimte Hagolifter Mini Acc\u00e8s facile \u00e0 la cave Le Hagolifter Mini convient \u00e0 tous les utilisateurs et facilite le soul\u00e8vement et le d\u00e9placement de presque tous les trappes de sol HAGO sans charni\u00e8res. \u00c0 propos de ce produit Hauteur de levage : 190 mm. Ensemble complet comprenant 2 unit\u00e9s de levage\u2026","og_url":"https:\/\/storax.be\/fr\/producten\/couvercle-a-carreler\/hagolifter-mini\/","og_site_name":"Storax Belgium","article_modified_time":"2024-05-16T07:39:21+00:00","og_image":[{"width":470,"height":470,"url":"https:\/\/storax.be\/wp-content\/uploads\/sites\/2\/2023\/05\/storax-hagolifter-mini.png","type":"image\/png"}],"twitter_card":"summary_large_image","twitter_misc":{"Dur\u00e9e de lecture estim\u00e9e":"1 minute"},"schema":{"@context":"https:\/\/schema.org","@graph":[{"@type":"WebPage","@id":"https:\/\/storax.be\/fr\/producten\/couvercle-a-carreler\/hagolifter-mini\/","url":"https:\/\/storax.be\/fr\/producten\/couvercle-a-carreler\/hagolifter-mini\/","name":"Hagolifter Mini - Storax Belgium","isPartOf":{"@id":"https:\/\/storax.be\/fr\/#website"},"primaryImageOfPage":{"@id":"https:\/\/storax.be\/fr\/producten\/couvercle-a-carreler\/hagolifter-mini\/#primaryimage"},"image":{"@id":"https:\/\/storax.be\/fr\/producten\/couvercle-a-carreler\/hagolifter-mini\/#primaryimage"},"thumbnailUrl":"https:\/\/storax.be\/wp-content\/uploads\/sites\/2\/2023\/05\/storax-hagolifter-mini.png","datePublished":"2023-05-30T11:52:15+00:00","dateModified":"2024-05-16T07:39:21+00:00","breadcrumb":{"@id":"https:\/\/storax.be\/fr\/producten\/couvercle-a-carreler\/hagolifter-mini\/#breadcrumb"},"inLanguage":"fr-FR","potentialAction":[{"@type":"ReadAction","target":["https:\/\/storax.be\/fr\/producten\/couvercle-a-carreler\/hagolifter-mini\/"]}]},{"@type":"ImageObject","inLanguage":"fr-FR","@id":"https:\/\/storax.be\/fr\/producten\/couvercle-a-carreler\/hagolifter-mini\/#primaryimage","url":"https:\/\/storax.be\/wp-content\/uploads\/sites\/2\/2023\/05\/storax-hagolifter-mini.png","contentUrl":"https:\/\/storax.be\/wp-content\/uploads\/sites\/2\/2023\/05\/storax-hagolifter-mini.png","width":470,"height":470},{"@type":"BreadcrumbList","@id":"https:\/\/storax.be\/fr\/producten\/couvercle-a-carreler\/hagolifter-mini\/#breadcrumb","itemListElement":[{"@type":"ListItem","position":1,"name":"Home","item":"https:\/\/storax.be\/fr\/"},{"@type":"ListItem","position":2,"name":"Producten","item":"https:\/\/storax.be\/fr\/producten\/%product_category%\/"},{"@type":"ListItem","position":3,"name":"Couvercle \u00e0 carreler","item":"https:\/\/storax.be\/fr\/producten\/couvercle-a-carreler\/"},{"@type":"ListItem","position":4,"name":"Hagolifter Mini"}]},{"@type":"WebSite","@id":"https:\/\/storax.be\/fr\/#website","url":"https:\/\/storax.be\/fr\/","name":"Storax Belgium","description":"Uw betrouwbare partner voor bouwprojecten","potentialAction":[{"@type":"SearchAction","target":{"@type":"EntryPoint","urlTemplate":"https:\/\/storax.be\/fr\/?s={search_term_string}"},"query-input":{"@type":"PropertyValueSpecification","valueRequired":true,"valueName":"search_term_string"}}],"inLanguage":"fr-FR"}]}},"_links":{"self":[{"href":"https:\/\/storax.be\/fr\/wp-json\/wp\/v2\/product\/116238","targetHints":{"allow":["GET"]}}],"collection":[{"href":"https:\/\/storax.be\/fr\/wp-json\/wp\/v2\/product"}],"about":[{"href":"https:\/\/storax.be\/fr\/wp-json\/wp\/v2\/types\/product"}],"wp:featuredmedia":[{"embeddable":true,"href":"https:\/\/storax.be\/fr\/wp-json\/wp\/v2\/media\/116227"}],"wp:attachment":[{"href":"https:\/\/storax.be\/fr\/wp-json\/wp\/v2\/media?parent=116238"}],"wp:term":[{"taxonomy":"product_category","embeddable":true,"href":"https:\/\/storax.be\/fr\/wp-json\/wp\/v2\/product_category?post=116238"},{"taxonomy":"product_tag","embeddable":true,"href":"https:\/\/storax.be\/fr\/wp-json\/wp\/v2\/product_tag?post=116238"}],"curies":[{"name":"wp","href":"https:\/\/api.w.org\/{rel}","templated":true}]}}