{"id":116220,"date":"2023-04-18T08:41:39","date_gmt":"2023-04-18T08:41:39","guid":{"rendered":"https:\/\/storax.be\/producten\/uncategorized\/bekledingsconstructie-op-kiezel-splitbed\/"},"modified":"2024-05-16T07:39:21","modified_gmt":"2024-05-16T07:39:21","slug":"bekledingsconstructie-op-kiezel-splitbed","status":"publish","type":"product","link":"https:\/\/storax.be\/fr\/producten\/systemes-schluter-pour-balcons-et-terrasses\/bekledingsconstructie-op-kiezel-splitbed\/","title":{"rendered":"Construction de rev\u00eatement sur lit de gravier \/ de cailloux"},"content":{"rendered":"<p>Le drainage en surface Schl\u00fcter-TROBA est utilis\u00e9 comme couche de protection et de s\u00e9paration sur l&rsquo;\u00e9tanch\u00e9it\u00e9, la prot\u00e9geant contre les dommages caus\u00e9s par les cailloux l\u00e2ches. Il pr\u00e9vient \u00e9galement les dommages dus au gel en emp\u00eachant l&rsquo;eau gel\u00e9e de p\u00e9n\u00e9trer dans l&rsquo;\u00e9tanch\u00e9it\u00e9. De plus, il assure une \u00e9vacuation permanente de l&rsquo;eau qui p\u00e9n\u00e8tre \u00e0 travers les joints ouverts des \u00e9l\u00e9ments de plaque autoportants. Les charges sont directement transf\u00e9r\u00e9es \u00e0 la surface \u00e9tanch\u00e9e par les surfaces de contact des plots trap\u00e9zo\u00efdaux.<\/p>\n<p>1 Surface inclin\u00e9e<br \/>\n2 \u00c9tanch\u00e9it\u00e9<br \/>\n3 Schl\u00fcter\u00ae-BARA-RKLT Page 317<br \/>\n4 Schl\u00fcter\u00ae-TROBA Page 291<br \/>\n5 Lit de gravier ou de cailloux<br \/>\n6 Schl\u00fcter\u00ae-BARIN Page 320<br \/>\n7 Schl\u00fcter\u00ae-TROBA-LINE-TL Page 296<br \/>\n8 \u00c9l\u00e9ments de plaque<\/p>\n<table style=\"background-color: #ffffff;\" cellspacing=\"0\" cellpadding=\"0\">\n<tbody>\n<tr>\n<td style=\"width: 100%; background-color: #009ee2; -webkit-border-radius: 4px; -moz-border-radius: 4px; border-radius: 4px;\" align=\"center\"><a style=\"display: block; padding: 10px 20px; color: #ffffff; font-size: 18px;\" href=\"https:\/\/Construction de rev\u00eatement sur lit de gravier \/ de cailloux\" target=\"_blank\" rel=\"noopener noreferrer\"><strong>T\u00e9l\u00e9charger la documentation<\/strong><\/a><\/td>\n<\/tr>\n<\/tbody>\n<\/table>\n<p>&nbsp;<\/p>\n","protected":false},"excerpt":{"rendered":"<p>Le drainage en surface Schl\u00fcter-TROBA est utilis\u00e9 comme couche de protection et de s\u00e9paration sur l&rsquo;\u00e9tanch\u00e9it\u00e9, la prot\u00e9geant contre les dommages caus\u00e9s par les cailloux l\u00e2ches. Il pr\u00e9vient \u00e9galement les dommages dus au gel en emp\u00eachant l&rsquo;eau gel\u00e9e de p\u00e9n\u00e9trer dans l&rsquo;\u00e9tanch\u00e9it\u00e9. De plus, il assure une \u00e9vacuation permanente de l&rsquo;eau qui p\u00e9n\u00e8tre \u00e0 travers\u2026<\/p>\n","protected":false},"featured_media":116072,"template":"","meta":{"_acf_changed":false},"product_category":[625,774],"product_tag":[782],"class_list":["post-116220","product","type-product","status-publish","has-post-thumbnail","hentry","product_category-schluter-systems-fr","product_category-systemes-schluter-pour-balcons-et-terrasses","product_tag-opbouwvoorbeelden-fr"],"acf":[],"yoast_head":"<!-- This site is optimized with the Yoast SEO plugin v27.3 - https:\/\/yoast.com\/product\/yoast-seo-wordpress\/ -->\n<title>Construction de rev\u00eatement sur lit de gravier \/ de cailloux - Storax Belgium<\/title>\n<meta name=\"robots\" content=\"index, follow, max-snippet:-1, max-image-preview:large, max-video-preview:-1\" \/>\n<link rel=\"canonical\" href=\"https:\/\/storax.be\/fr\/producten\/systemes-schluter-pour-balcons-et-terrasses\/bekledingsconstructie-op-kiezel-splitbed\/\" \/>\n<meta property=\"og:locale\" content=\"fr_FR\" \/>\n<meta property=\"og:type\" content=\"article\" \/>\n<meta property=\"og:title\" content=\"Construction de rev\u00eatement sur lit de gravier \/ de cailloux - Storax Belgium\" \/>\n<meta property=\"og:description\" content=\"Le drainage en surface Schl\u00fcter-TROBA est utilis\u00e9 comme couche de protection et de s\u00e9paration sur l&rsquo;\u00e9tanch\u00e9it\u00e9, la prot\u00e9geant contre les dommages caus\u00e9s par les cailloux l\u00e2ches. Il pr\u00e9vient \u00e9galement les dommages dus au gel en emp\u00eachant l&rsquo;eau gel\u00e9e de p\u00e9n\u00e9trer dans l&rsquo;\u00e9tanch\u00e9it\u00e9. De plus, il assure une \u00e9vacuation permanente de l&rsquo;eau qui p\u00e9n\u00e8tre \u00e0 travers\u2026\" \/>\n<meta property=\"og:url\" content=\"https:\/\/storax.be\/fr\/producten\/systemes-schluter-pour-balcons-et-terrasses\/bekledingsconstructie-op-kiezel-splitbed\/\" \/>\n<meta property=\"og:site_name\" content=\"Storax Belgium\" \/>\n<meta property=\"article:modified_time\" content=\"2024-05-16T07:39:21+00:00\" \/>\n<meta property=\"og:image\" content=\"https:\/\/storax.be\/wp-content\/uploads\/sites\/2\/2023\/04\/Bekledingsconstructie-op-kiezel-splitbed.png\" \/>\n\t<meta property=\"og:image:width\" content=\"470\" \/>\n\t<meta property=\"og:image:height\" content=\"470\" \/>\n\t<meta property=\"og:image:type\" content=\"image\/png\" \/>\n<meta name=\"twitter:card\" content=\"summary_large_image\" \/>\n<meta name=\"twitter:label1\" content=\"Dur\u00e9e de lecture estim\u00e9e\" \/>\n\t<meta name=\"twitter:data1\" content=\"1 minute\" \/>\n<script type=\"application\/ld+json\" class=\"yoast-schema-graph\">{\"@context\":\"https:\\\/\\\/schema.org\",\"@graph\":[{\"@type\":\"WebPage\",\"@id\":\"https:\\\/\\\/storax.be\\\/fr\\\/producten\\\/systemes-schluter-pour-balcons-et-terrasses\\\/bekledingsconstructie-op-kiezel-splitbed\\\/\",\"url\":\"https:\\\/\\\/storax.be\\\/fr\\\/producten\\\/systemes-schluter-pour-balcons-et-terrasses\\\/bekledingsconstructie-op-kiezel-splitbed\\\/\",\"name\":\"Construction de rev\u00eatement sur lit de gravier \\\/ de cailloux - Storax Belgium\",\"isPartOf\":{\"@id\":\"https:\\\/\\\/storax.be\\\/fr\\\/#website\"},\"primaryImageOfPage\":{\"@id\":\"https:\\\/\\\/storax.be\\\/fr\\\/producten\\\/systemes-schluter-pour-balcons-et-terrasses\\\/bekledingsconstructie-op-kiezel-splitbed\\\/#primaryimage\"},\"image\":{\"@id\":\"https:\\\/\\\/storax.be\\\/fr\\\/producten\\\/systemes-schluter-pour-balcons-et-terrasses\\\/bekledingsconstructie-op-kiezel-splitbed\\\/#primaryimage\"},\"thumbnailUrl\":\"https:\\\/\\\/storax.be\\\/wp-content\\\/uploads\\\/sites\\\/2\\\/2023\\\/04\\\/Bekledingsconstructie-op-kiezel-splitbed.png\",\"datePublished\":\"2023-04-18T08:41:39+00:00\",\"dateModified\":\"2024-05-16T07:39:21+00:00\",\"breadcrumb\":{\"@id\":\"https:\\\/\\\/storax.be\\\/fr\\\/producten\\\/systemes-schluter-pour-balcons-et-terrasses\\\/bekledingsconstructie-op-kiezel-splitbed\\\/#breadcrumb\"},\"inLanguage\":\"fr-FR\",\"potentialAction\":[{\"@type\":\"ReadAction\",\"target\":[\"https:\\\/\\\/storax.be\\\/fr\\\/producten\\\/systemes-schluter-pour-balcons-et-terrasses\\\/bekledingsconstructie-op-kiezel-splitbed\\\/\"]}]},{\"@type\":\"ImageObject\",\"inLanguage\":\"fr-FR\",\"@id\":\"https:\\\/\\\/storax.be\\\/fr\\\/producten\\\/systemes-schluter-pour-balcons-et-terrasses\\\/bekledingsconstructie-op-kiezel-splitbed\\\/#primaryimage\",\"url\":\"https:\\\/\\\/storax.be\\\/wp-content\\\/uploads\\\/sites\\\/2\\\/2023\\\/04\\\/Bekledingsconstructie-op-kiezel-splitbed.png\",\"contentUrl\":\"https:\\\/\\\/storax.be\\\/wp-content\\\/uploads\\\/sites\\\/2\\\/2023\\\/04\\\/Bekledingsconstructie-op-kiezel-splitbed.png\",\"width\":470,\"height\":470,\"caption\":\"Bekledingsconstructie op kiezel-splitbed\"},{\"@type\":\"BreadcrumbList\",\"@id\":\"https:\\\/\\\/storax.be\\\/fr\\\/producten\\\/systemes-schluter-pour-balcons-et-terrasses\\\/bekledingsconstructie-op-kiezel-splitbed\\\/#breadcrumb\",\"itemListElement\":[{\"@type\":\"ListItem\",\"position\":1,\"name\":\"Home\",\"item\":\"https:\\\/\\\/storax.be\\\/fr\\\/\"},{\"@type\":\"ListItem\",\"position\":2,\"name\":\"Producten\",\"item\":\"https:\\\/\\\/storax.be\\\/fr\\\/producten\\\/%product_category%\\\/\"},{\"@type\":\"ListItem\",\"position\":3,\"name\":\"Schl\u00fcter Syst\u00e8mes\",\"item\":\"https:\\\/\\\/storax.be\\\/fr\\\/producten\\\/schluter-systems-fr\\\/\"},{\"@type\":\"ListItem\",\"position\":4,\"name\":\"Construction de rev\u00eatement sur lit de gravier \\\/ de cailloux\"}]},{\"@type\":\"WebSite\",\"@id\":\"https:\\\/\\\/storax.be\\\/fr\\\/#website\",\"url\":\"https:\\\/\\\/storax.be\\\/fr\\\/\",\"name\":\"Storax Belgium\",\"description\":\"Uw betrouwbare partner voor bouwprojecten\",\"potentialAction\":[{\"@type\":\"SearchAction\",\"target\":{\"@type\":\"EntryPoint\",\"urlTemplate\":\"https:\\\/\\\/storax.be\\\/fr\\\/?s={search_term_string}\"},\"query-input\":{\"@type\":\"PropertyValueSpecification\",\"valueRequired\":true,\"valueName\":\"search_term_string\"}}],\"inLanguage\":\"fr-FR\"}]}<\/script>\n<!-- \/ Yoast SEO plugin. -->","yoast_head_json":{"title":"Construction de rev\u00eatement sur lit de gravier \/ de cailloux - Storax Belgium","robots":{"index":"index","follow":"follow","max-snippet":"max-snippet:-1","max-image-preview":"max-image-preview:large","max-video-preview":"max-video-preview:-1"},"canonical":"https:\/\/storax.be\/fr\/producten\/systemes-schluter-pour-balcons-et-terrasses\/bekledingsconstructie-op-kiezel-splitbed\/","og_locale":"fr_FR","og_type":"article","og_title":"Construction de rev\u00eatement sur lit de gravier \/ de cailloux - Storax Belgium","og_description":"Le drainage en surface Schl\u00fcter-TROBA est utilis\u00e9 comme couche de protection et de s\u00e9paration sur l&rsquo;\u00e9tanch\u00e9it\u00e9, la prot\u00e9geant contre les dommages caus\u00e9s par les cailloux l\u00e2ches. Il pr\u00e9vient \u00e9galement les dommages dus au gel en emp\u00eachant l&rsquo;eau gel\u00e9e de p\u00e9n\u00e9trer dans l&rsquo;\u00e9tanch\u00e9it\u00e9. De plus, il assure une \u00e9vacuation permanente de l&rsquo;eau qui p\u00e9n\u00e8tre \u00e0 travers\u2026","og_url":"https:\/\/storax.be\/fr\/producten\/systemes-schluter-pour-balcons-et-terrasses\/bekledingsconstructie-op-kiezel-splitbed\/","og_site_name":"Storax Belgium","article_modified_time":"2024-05-16T07:39:21+00:00","og_image":[{"width":470,"height":470,"url":"https:\/\/storax.be\/wp-content\/uploads\/sites\/2\/2023\/04\/Bekledingsconstructie-op-kiezel-splitbed.png","type":"image\/png"}],"twitter_card":"summary_large_image","twitter_misc":{"Dur\u00e9e de lecture estim\u00e9e":"1 minute"},"schema":{"@context":"https:\/\/schema.org","@graph":[{"@type":"WebPage","@id":"https:\/\/storax.be\/fr\/producten\/systemes-schluter-pour-balcons-et-terrasses\/bekledingsconstructie-op-kiezel-splitbed\/","url":"https:\/\/storax.be\/fr\/producten\/systemes-schluter-pour-balcons-et-terrasses\/bekledingsconstructie-op-kiezel-splitbed\/","name":"Construction de rev\u00eatement sur lit de gravier \/ de cailloux - Storax Belgium","isPartOf":{"@id":"https:\/\/storax.be\/fr\/#website"},"primaryImageOfPage":{"@id":"https:\/\/storax.be\/fr\/producten\/systemes-schluter-pour-balcons-et-terrasses\/bekledingsconstructie-op-kiezel-splitbed\/#primaryimage"},"image":{"@id":"https:\/\/storax.be\/fr\/producten\/systemes-schluter-pour-balcons-et-terrasses\/bekledingsconstructie-op-kiezel-splitbed\/#primaryimage"},"thumbnailUrl":"https:\/\/storax.be\/wp-content\/uploads\/sites\/2\/2023\/04\/Bekledingsconstructie-op-kiezel-splitbed.png","datePublished":"2023-04-18T08:41:39+00:00","dateModified":"2024-05-16T07:39:21+00:00","breadcrumb":{"@id":"https:\/\/storax.be\/fr\/producten\/systemes-schluter-pour-balcons-et-terrasses\/bekledingsconstructie-op-kiezel-splitbed\/#breadcrumb"},"inLanguage":"fr-FR","potentialAction":[{"@type":"ReadAction","target":["https:\/\/storax.be\/fr\/producten\/systemes-schluter-pour-balcons-et-terrasses\/bekledingsconstructie-op-kiezel-splitbed\/"]}]},{"@type":"ImageObject","inLanguage":"fr-FR","@id":"https:\/\/storax.be\/fr\/producten\/systemes-schluter-pour-balcons-et-terrasses\/bekledingsconstructie-op-kiezel-splitbed\/#primaryimage","url":"https:\/\/storax.be\/wp-content\/uploads\/sites\/2\/2023\/04\/Bekledingsconstructie-op-kiezel-splitbed.png","contentUrl":"https:\/\/storax.be\/wp-content\/uploads\/sites\/2\/2023\/04\/Bekledingsconstructie-op-kiezel-splitbed.png","width":470,"height":470,"caption":"Bekledingsconstructie op kiezel-splitbed"},{"@type":"BreadcrumbList","@id":"https:\/\/storax.be\/fr\/producten\/systemes-schluter-pour-balcons-et-terrasses\/bekledingsconstructie-op-kiezel-splitbed\/#breadcrumb","itemListElement":[{"@type":"ListItem","position":1,"name":"Home","item":"https:\/\/storax.be\/fr\/"},{"@type":"ListItem","position":2,"name":"Producten","item":"https:\/\/storax.be\/fr\/producten\/%product_category%\/"},{"@type":"ListItem","position":3,"name":"Schl\u00fcter Syst\u00e8mes","item":"https:\/\/storax.be\/fr\/producten\/schluter-systems-fr\/"},{"@type":"ListItem","position":4,"name":"Construction de rev\u00eatement sur lit de gravier \/ de cailloux"}]},{"@type":"WebSite","@id":"https:\/\/storax.be\/fr\/#website","url":"https:\/\/storax.be\/fr\/","name":"Storax Belgium","description":"Uw betrouwbare partner voor bouwprojecten","potentialAction":[{"@type":"SearchAction","target":{"@type":"EntryPoint","urlTemplate":"https:\/\/storax.be\/fr\/?s={search_term_string}"},"query-input":{"@type":"PropertyValueSpecification","valueRequired":true,"valueName":"search_term_string"}}],"inLanguage":"fr-FR"}]}},"_links":{"self":[{"href":"https:\/\/storax.be\/fr\/wp-json\/wp\/v2\/product\/116220","targetHints":{"allow":["GET"]}}],"collection":[{"href":"https:\/\/storax.be\/fr\/wp-json\/wp\/v2\/product"}],"about":[{"href":"https:\/\/storax.be\/fr\/wp-json\/wp\/v2\/types\/product"}],"wp:featuredmedia":[{"embeddable":true,"href":"https:\/\/storax.be\/fr\/wp-json\/wp\/v2\/media\/116072"}],"wp:attachment":[{"href":"https:\/\/storax.be\/fr\/wp-json\/wp\/v2\/media?parent=116220"}],"wp:term":[{"taxonomy":"product_category","embeddable":true,"href":"https:\/\/storax.be\/fr\/wp-json\/wp\/v2\/product_category?post=116220"},{"taxonomy":"product_tag","embeddable":true,"href":"https:\/\/storax.be\/fr\/wp-json\/wp\/v2\/product_tag?post=116220"}],"curies":[{"name":"wp","href":"https:\/\/api.w.org\/{rel}","templated":true}]}}