{"id":116216,"date":"2023-04-18T08:41:40","date_gmt":"2023-04-18T08:41:40","guid":{"rendered":"https:\/\/storax.be\/producten\/uncategorized\/bekledingsconstructie-op-tegeldragers\/"},"modified":"2024-05-16T07:39:21","modified_gmt":"2024-05-16T07:39:21","slug":"bekledingsconstructie-op-tegeldragers","status":"publish","type":"product","link":"https:\/\/storax.be\/fr\/producten\/systemes-schluter-pour-balcons-et-terrasses\/bekledingsconstructie-op-tegeldragers\/","title":{"rendered":"Construction de rev\u00eatement sur plots de carrelage"},"content":{"rendered":"<p>Avec les plots de carrelage Schl\u00fcter-TROBA-LEVEL combinables de mani\u00e8re variable, toute la surface est \u00e9lev\u00e9e avec des \u00e9l\u00e9ments de plaque autoportants de grand format. Selon la situation de construction, la surface peut \u00eatre ajust\u00e9e avec pr\u00e9cision en termes de niveau et d&rsquo;inclinaison. La structure garantit une \u00e9vacuation rapide de l&rsquo;eau qui p\u00e9n\u00e8tre \u00e0 travers les joints ouverts.<\/p>\n<p>1 Surface inclin\u00e9e<br \/>\n2 \u00c9tanch\u00e9it\u00e9 &#8211; \u00e9ventuellement avec une surface de drainage Schl\u00fcter\u00ae-TROBA-PLUS<br \/>\n3 Schl\u00fcter\u00ae-BARA-RTK Page 301<br \/>\n4 Schl\u00fcter\u00ae-BARA-RWL Page 313<br \/>\n5 Schl\u00fcter\u00ae-TROBA-PLUS Page 289<br \/>\n6 Schl\u00fcter\u00ae-TROBA-LEVEL-PLA 30 Page 294<br \/>\n7 Schl\u00fcter\u00ae-TROBA-LEVEL-PLV 60 Page 294<br \/>\n8 Schl\u00fcter\u00ae-KERDI-KEBA Page 187<br \/>\nSchl\u00fcter\u00ae-KERDI-COLL-L Page 192<br \/>\n9 Schl\u00fcter\u00ae-RONDEC Page 72<br \/>\nSchl\u00fcter\u00ae-JOLLY Page 82<br \/>\nSchl\u00fcter\u00ae-QUADEC Page 63<br \/>\n10 Schl\u00fcter\u00ae-BARIN Page 320<br \/>\n11 \u00c9l\u00e9ments de plaque<\/p>\n<table style=\"background-color: #ffffff;\" cellspacing=\"0\" cellpadding=\"0\">\n<tbody>\n<tr>\n<td style=\"width: 100%; background-color: #009ee2; -webkit-border-radius: 4px; -moz-border-radius: 4px; border-radius: 4px;\" align=\"center\">\n<table style=\"background-color: #ffffff;\" cellspacing=\"0\" cellpadding=\"0\">\n<tbody>\n<tr>\n<td style=\"width: 100%; background-color: #009ee2; -webkit-border-radius: 4px; -moz-border-radius: 4px; border-radius: 4px;\" align=\"center\"><a style=\"display: block; padding: 10px 20px; color: #ffffff; font-size: 18px;\" href=\"https:\/\/storax.be\/wp-content\/uploads\/sites\/2\/2023\/04\/Construction-de-revetement-sur-plots-de-carrelage.pdf\" target=\"_blank\" rel=\"noopener noreferrer\"><strong>T\u00e9l\u00e9charger la documentation<\/strong><\/a><\/td>\n<\/tr>\n<\/tbody>\n<\/table>\n<\/td>\n<\/tr>\n<\/tbody>\n<\/table>\n","protected":false},"excerpt":{"rendered":"<p>Avec les plots de carrelage Schl\u00fcter-TROBA-LEVEL combinables de mani\u00e8re variable, toute la surface est \u00e9lev\u00e9e avec des \u00e9l\u00e9ments de plaque autoportants de grand format. Selon la situation de construction, la surface peut \u00eatre ajust\u00e9e avec pr\u00e9cision en termes de niveau et d&rsquo;inclinaison. La structure garantit une \u00e9vacuation rapide de l&rsquo;eau qui p\u00e9n\u00e8tre \u00e0 travers les\u2026<\/p>\n","protected":false},"featured_media":116067,"template":"","meta":{"_acf_changed":false},"product_category":[625,774],"product_tag":[782],"class_list":["post-116216","product","type-product","status-publish","has-post-thumbnail","hentry","product_category-schluter-systems-fr","product_category-systemes-schluter-pour-balcons-et-terrasses","product_tag-opbouwvoorbeelden-fr"],"acf":[],"yoast_head":"<!-- This site is optimized with the Yoast SEO plugin v27.3 - https:\/\/yoast.com\/product\/yoast-seo-wordpress\/ -->\n<title>Construction de rev\u00eatement sur plots de carrelage - Storax Belgium<\/title>\n<meta name=\"robots\" content=\"index, follow, max-snippet:-1, max-image-preview:large, max-video-preview:-1\" \/>\n<link rel=\"canonical\" href=\"https:\/\/storax.be\/fr\/producten\/systemes-schluter-pour-balcons-et-terrasses\/bekledingsconstructie-op-tegeldragers\/\" \/>\n<meta property=\"og:locale\" content=\"fr_FR\" \/>\n<meta property=\"og:type\" content=\"article\" \/>\n<meta property=\"og:title\" content=\"Construction de rev\u00eatement sur plots de carrelage - Storax Belgium\" \/>\n<meta property=\"og:description\" content=\"Avec les plots de carrelage Schl\u00fcter-TROBA-LEVEL combinables de mani\u00e8re variable, toute la surface est \u00e9lev\u00e9e avec des \u00e9l\u00e9ments de plaque autoportants de grand format. Selon la situation de construction, la surface peut \u00eatre ajust\u00e9e avec pr\u00e9cision en termes de niveau et d&rsquo;inclinaison. La structure garantit une \u00e9vacuation rapide de l&rsquo;eau qui p\u00e9n\u00e8tre \u00e0 travers les\u2026\" \/>\n<meta property=\"og:url\" content=\"https:\/\/storax.be\/fr\/producten\/systemes-schluter-pour-balcons-et-terrasses\/bekledingsconstructie-op-tegeldragers\/\" \/>\n<meta property=\"og:site_name\" content=\"Storax Belgium\" \/>\n<meta property=\"article:modified_time\" content=\"2024-05-16T07:39:21+00:00\" \/>\n<meta property=\"og:image\" content=\"https:\/\/storax.be\/wp-content\/uploads\/sites\/2\/2023\/04\/Bekledingconstructie-op-tegeldragers.png\" \/>\n\t<meta property=\"og:image:width\" content=\"470\" \/>\n\t<meta property=\"og:image:height\" content=\"470\" \/>\n\t<meta property=\"og:image:type\" content=\"image\/png\" \/>\n<meta name=\"twitter:card\" content=\"summary_large_image\" \/>\n<meta name=\"twitter:label1\" content=\"Dur\u00e9e de lecture estim\u00e9e\" \/>\n\t<meta name=\"twitter:data1\" content=\"1 minute\" \/>\n<script type=\"application\/ld+json\" class=\"yoast-schema-graph\">{\"@context\":\"https:\\\/\\\/schema.org\",\"@graph\":[{\"@type\":\"WebPage\",\"@id\":\"https:\\\/\\\/storax.be\\\/fr\\\/producten\\\/systemes-schluter-pour-balcons-et-terrasses\\\/bekledingsconstructie-op-tegeldragers\\\/\",\"url\":\"https:\\\/\\\/storax.be\\\/fr\\\/producten\\\/systemes-schluter-pour-balcons-et-terrasses\\\/bekledingsconstructie-op-tegeldragers\\\/\",\"name\":\"Construction de rev\u00eatement sur plots de carrelage - Storax Belgium\",\"isPartOf\":{\"@id\":\"https:\\\/\\\/storax.be\\\/fr\\\/#website\"},\"primaryImageOfPage\":{\"@id\":\"https:\\\/\\\/storax.be\\\/fr\\\/producten\\\/systemes-schluter-pour-balcons-et-terrasses\\\/bekledingsconstructie-op-tegeldragers\\\/#primaryimage\"},\"image\":{\"@id\":\"https:\\\/\\\/storax.be\\\/fr\\\/producten\\\/systemes-schluter-pour-balcons-et-terrasses\\\/bekledingsconstructie-op-tegeldragers\\\/#primaryimage\"},\"thumbnailUrl\":\"https:\\\/\\\/storax.be\\\/wp-content\\\/uploads\\\/sites\\\/2\\\/2023\\\/04\\\/Bekledingconstructie-op-tegeldragers.png\",\"datePublished\":\"2023-04-18T08:41:40+00:00\",\"dateModified\":\"2024-05-16T07:39:21+00:00\",\"breadcrumb\":{\"@id\":\"https:\\\/\\\/storax.be\\\/fr\\\/producten\\\/systemes-schluter-pour-balcons-et-terrasses\\\/bekledingsconstructie-op-tegeldragers\\\/#breadcrumb\"},\"inLanguage\":\"fr-FR\",\"potentialAction\":[{\"@type\":\"ReadAction\",\"target\":[\"https:\\\/\\\/storax.be\\\/fr\\\/producten\\\/systemes-schluter-pour-balcons-et-terrasses\\\/bekledingsconstructie-op-tegeldragers\\\/\"]}]},{\"@type\":\"ImageObject\",\"inLanguage\":\"fr-FR\",\"@id\":\"https:\\\/\\\/storax.be\\\/fr\\\/producten\\\/systemes-schluter-pour-balcons-et-terrasses\\\/bekledingsconstructie-op-tegeldragers\\\/#primaryimage\",\"url\":\"https:\\\/\\\/storax.be\\\/wp-content\\\/uploads\\\/sites\\\/2\\\/2023\\\/04\\\/Bekledingconstructie-op-tegeldragers.png\",\"contentUrl\":\"https:\\\/\\\/storax.be\\\/wp-content\\\/uploads\\\/sites\\\/2\\\/2023\\\/04\\\/Bekledingconstructie-op-tegeldragers.png\",\"width\":470,\"height\":470,\"caption\":\"Bekledingconstructie op tegeldragers\"},{\"@type\":\"BreadcrumbList\",\"@id\":\"https:\\\/\\\/storax.be\\\/fr\\\/producten\\\/systemes-schluter-pour-balcons-et-terrasses\\\/bekledingsconstructie-op-tegeldragers\\\/#breadcrumb\",\"itemListElement\":[{\"@type\":\"ListItem\",\"position\":1,\"name\":\"Home\",\"item\":\"https:\\\/\\\/storax.be\\\/fr\\\/\"},{\"@type\":\"ListItem\",\"position\":2,\"name\":\"Producten\",\"item\":\"https:\\\/\\\/storax.be\\\/fr\\\/producten\\\/%product_category%\\\/\"},{\"@type\":\"ListItem\",\"position\":3,\"name\":\"Schl\u00fcter Syst\u00e8mes\",\"item\":\"https:\\\/\\\/storax.be\\\/fr\\\/producten\\\/schluter-systems-fr\\\/\"},{\"@type\":\"ListItem\",\"position\":4,\"name\":\"Construction de rev\u00eatement sur plots de carrelage\"}]},{\"@type\":\"WebSite\",\"@id\":\"https:\\\/\\\/storax.be\\\/fr\\\/#website\",\"url\":\"https:\\\/\\\/storax.be\\\/fr\\\/\",\"name\":\"Storax Belgium\",\"description\":\"Uw betrouwbare partner voor bouwprojecten\",\"potentialAction\":[{\"@type\":\"SearchAction\",\"target\":{\"@type\":\"EntryPoint\",\"urlTemplate\":\"https:\\\/\\\/storax.be\\\/fr\\\/?s={search_term_string}\"},\"query-input\":{\"@type\":\"PropertyValueSpecification\",\"valueRequired\":true,\"valueName\":\"search_term_string\"}}],\"inLanguage\":\"fr-FR\"}]}<\/script>\n<!-- \/ Yoast SEO plugin. -->","yoast_head_json":{"title":"Construction de rev\u00eatement sur plots de carrelage - Storax Belgium","robots":{"index":"index","follow":"follow","max-snippet":"max-snippet:-1","max-image-preview":"max-image-preview:large","max-video-preview":"max-video-preview:-1"},"canonical":"https:\/\/storax.be\/fr\/producten\/systemes-schluter-pour-balcons-et-terrasses\/bekledingsconstructie-op-tegeldragers\/","og_locale":"fr_FR","og_type":"article","og_title":"Construction de rev\u00eatement sur plots de carrelage - Storax Belgium","og_description":"Avec les plots de carrelage Schl\u00fcter-TROBA-LEVEL combinables de mani\u00e8re variable, toute la surface est \u00e9lev\u00e9e avec des \u00e9l\u00e9ments de plaque autoportants de grand format. Selon la situation de construction, la surface peut \u00eatre ajust\u00e9e avec pr\u00e9cision en termes de niveau et d&rsquo;inclinaison. La structure garantit une \u00e9vacuation rapide de l&rsquo;eau qui p\u00e9n\u00e8tre \u00e0 travers les\u2026","og_url":"https:\/\/storax.be\/fr\/producten\/systemes-schluter-pour-balcons-et-terrasses\/bekledingsconstructie-op-tegeldragers\/","og_site_name":"Storax Belgium","article_modified_time":"2024-05-16T07:39:21+00:00","og_image":[{"width":470,"height":470,"url":"https:\/\/storax.be\/wp-content\/uploads\/sites\/2\/2023\/04\/Bekledingconstructie-op-tegeldragers.png","type":"image\/png"}],"twitter_card":"summary_large_image","twitter_misc":{"Dur\u00e9e de lecture estim\u00e9e":"1 minute"},"schema":{"@context":"https:\/\/schema.org","@graph":[{"@type":"WebPage","@id":"https:\/\/storax.be\/fr\/producten\/systemes-schluter-pour-balcons-et-terrasses\/bekledingsconstructie-op-tegeldragers\/","url":"https:\/\/storax.be\/fr\/producten\/systemes-schluter-pour-balcons-et-terrasses\/bekledingsconstructie-op-tegeldragers\/","name":"Construction de rev\u00eatement sur plots de carrelage - Storax Belgium","isPartOf":{"@id":"https:\/\/storax.be\/fr\/#website"},"primaryImageOfPage":{"@id":"https:\/\/storax.be\/fr\/producten\/systemes-schluter-pour-balcons-et-terrasses\/bekledingsconstructie-op-tegeldragers\/#primaryimage"},"image":{"@id":"https:\/\/storax.be\/fr\/producten\/systemes-schluter-pour-balcons-et-terrasses\/bekledingsconstructie-op-tegeldragers\/#primaryimage"},"thumbnailUrl":"https:\/\/storax.be\/wp-content\/uploads\/sites\/2\/2023\/04\/Bekledingconstructie-op-tegeldragers.png","datePublished":"2023-04-18T08:41:40+00:00","dateModified":"2024-05-16T07:39:21+00:00","breadcrumb":{"@id":"https:\/\/storax.be\/fr\/producten\/systemes-schluter-pour-balcons-et-terrasses\/bekledingsconstructie-op-tegeldragers\/#breadcrumb"},"inLanguage":"fr-FR","potentialAction":[{"@type":"ReadAction","target":["https:\/\/storax.be\/fr\/producten\/systemes-schluter-pour-balcons-et-terrasses\/bekledingsconstructie-op-tegeldragers\/"]}]},{"@type":"ImageObject","inLanguage":"fr-FR","@id":"https:\/\/storax.be\/fr\/producten\/systemes-schluter-pour-balcons-et-terrasses\/bekledingsconstructie-op-tegeldragers\/#primaryimage","url":"https:\/\/storax.be\/wp-content\/uploads\/sites\/2\/2023\/04\/Bekledingconstructie-op-tegeldragers.png","contentUrl":"https:\/\/storax.be\/wp-content\/uploads\/sites\/2\/2023\/04\/Bekledingconstructie-op-tegeldragers.png","width":470,"height":470,"caption":"Bekledingconstructie op tegeldragers"},{"@type":"BreadcrumbList","@id":"https:\/\/storax.be\/fr\/producten\/systemes-schluter-pour-balcons-et-terrasses\/bekledingsconstructie-op-tegeldragers\/#breadcrumb","itemListElement":[{"@type":"ListItem","position":1,"name":"Home","item":"https:\/\/storax.be\/fr\/"},{"@type":"ListItem","position":2,"name":"Producten","item":"https:\/\/storax.be\/fr\/producten\/%product_category%\/"},{"@type":"ListItem","position":3,"name":"Schl\u00fcter Syst\u00e8mes","item":"https:\/\/storax.be\/fr\/producten\/schluter-systems-fr\/"},{"@type":"ListItem","position":4,"name":"Construction de rev\u00eatement sur plots de carrelage"}]},{"@type":"WebSite","@id":"https:\/\/storax.be\/fr\/#website","url":"https:\/\/storax.be\/fr\/","name":"Storax Belgium","description":"Uw betrouwbare partner voor bouwprojecten","potentialAction":[{"@type":"SearchAction","target":{"@type":"EntryPoint","urlTemplate":"https:\/\/storax.be\/fr\/?s={search_term_string}"},"query-input":{"@type":"PropertyValueSpecification","valueRequired":true,"valueName":"search_term_string"}}],"inLanguage":"fr-FR"}]}},"_links":{"self":[{"href":"https:\/\/storax.be\/fr\/wp-json\/wp\/v2\/product\/116216","targetHints":{"allow":["GET"]}}],"collection":[{"href":"https:\/\/storax.be\/fr\/wp-json\/wp\/v2\/product"}],"about":[{"href":"https:\/\/storax.be\/fr\/wp-json\/wp\/v2\/types\/product"}],"wp:featuredmedia":[{"embeddable":true,"href":"https:\/\/storax.be\/fr\/wp-json\/wp\/v2\/media\/116067"}],"wp:attachment":[{"href":"https:\/\/storax.be\/fr\/wp-json\/wp\/v2\/media?parent=116216"}],"wp:term":[{"taxonomy":"product_category","embeddable":true,"href":"https:\/\/storax.be\/fr\/wp-json\/wp\/v2\/product_category?post=116216"},{"taxonomy":"product_tag","embeddable":true,"href":"https:\/\/storax.be\/fr\/wp-json\/wp\/v2\/product_tag?post=116216"}],"curies":[{"name":"wp","href":"https:\/\/api.w.org\/{rel}","templated":true}]}}