{"id":116212,"date":"2023-04-18T08:41:40","date_gmt":"2023-04-18T08:41:40","guid":{"rendered":"https:\/\/storax.be\/producten\/uncategorized\/losse-plaatsing-schluter-troba-plus-8\/"},"modified":"2024-05-16T07:39:20","modified_gmt":"2024-05-16T07:39:20","slug":"losse-plaatsing-schluter-troba-plus-8","status":"publish","type":"product","link":"https:\/\/storax.be\/fr\/producten\/systemes-schluter-pour-balcons-et-terrasses\/losse-plaatsing-schluter-troba-plus-8\/","title":{"rendered":"Pose libre de Schl\u00fcter\u00ae-TROBA-PLUS 8"},"content":{"rendered":"<p>La surface de drainage r\u00e9sistante \u00e0 la pression Schl\u00fcter-TROBA-PLUS 8G sert de couche porteuse pour les \u00e9l\u00e9ments de plaque autoportants et assure une \u00e9vacuation rapide de l&rsquo;eau qui p\u00e9n\u00e8tre \u00e0 travers les joints ouverts des plaques gr\u00e2ce \u00e0 la surface d&rsquo;\u00e9tanch\u00e9it\u00e9 r\u00e9alis\u00e9e avec Schl\u00fcter-KERDI 200. Les \u00e9l\u00e9ments de support Schl\u00fcter-TROBA-STELZ-DR sont utilis\u00e9s comme anneaux de coffrage pour cr\u00e9er des points d&rsquo;appui uniformes \u00e0 partir d&rsquo;un mortier mince pour les plaques autoportantes. Les anneaux de coffrage peuvent \u00eatre enlev\u00e9s apr\u00e8s l&rsquo;application du mortier mince et r\u00e9utilis\u00e9s.<\/p>\n<p>1 Surface inclin\u00e9e<br \/>\n2 Schl\u00fcter\u00ae-BARA-RTK Page 301<br \/>\n3 Schl\u00fcter\u00ae-KERDI 200 Page 286<br \/>\n4 Schl\u00fcter\u00ae-TROBA-PLUS 8G Page 290<br \/>\n5 Schl\u00fcter\u00ae-TROBA-STELZ-DR Page 292<br \/>\n6 Schl\u00fcter\u00ae-TROBA-LINE-TL Page 296<br \/>\n7 Schl\u00fcter\u00ae-BARA-RT Page 311<br \/>\n8 Schl\u00fcter\u00ae-BARIN Page 320<br \/>\n9 \u00c9l\u00e9ments de plaque<\/p>\n<table style=\"background-color: #ffffff;\" cellspacing=\"0\" cellpadding=\"0\">\n<tbody>\n<tr>\n<td style=\"width: 100%; background-color: #009ee2; -webkit-border-radius: 4px; -moz-border-radius: 4px; border-radius: 4px;\" align=\"center\"><a style=\"display: block; padding: 10px 20px; color: #ffffff; font-size: 18px;\" href=\"https:\/\/storax.be\/wp-content\/uploads\/sites\/2\/2023\/04\/Pose-libre-de-Schluter\u00ae-TROBA-PLUS-8.pdf\" target=\"_blank\" rel=\"noopener noreferrer\"><strong>T\u00e9l\u00e9charger la documentation<\/strong><\/a><\/td>\n<\/tr>\n<\/tbody>\n<\/table>\n<p>&nbsp;<\/p>\n<p>&nbsp;<\/p>\n","protected":false},"excerpt":{"rendered":"<p>La surface de drainage r\u00e9sistante \u00e0 la pression Schl\u00fcter-TROBA-PLUS 8G sert de couche porteuse pour les \u00e9l\u00e9ments de plaque autoportants et assure une \u00e9vacuation rapide de l&rsquo;eau qui p\u00e9n\u00e8tre \u00e0 travers les joints ouverts des plaques gr\u00e2ce \u00e0 la surface d&rsquo;\u00e9tanch\u00e9it\u00e9 r\u00e9alis\u00e9e avec Schl\u00fcter-KERDI 200. Les \u00e9l\u00e9ments de support Schl\u00fcter-TROBA-STELZ-DR sont utilis\u00e9s comme anneaux de\u2026<\/p>\n","protected":false},"featured_media":116060,"template":"","meta":{"_acf_changed":false},"product_category":[625,774],"product_tag":[782],"class_list":["post-116212","product","type-product","status-publish","has-post-thumbnail","hentry","product_category-schluter-systems-fr","product_category-systemes-schluter-pour-balcons-et-terrasses","product_tag-opbouwvoorbeelden-fr"],"acf":[],"yoast_head":"<!-- This site is optimized with the Yoast SEO plugin v27.3 - https:\/\/yoast.com\/product\/yoast-seo-wordpress\/ -->\n<title>Pose libre de Schl\u00fcter\u00ae-TROBA-PLUS 8 - Storax Belgium<\/title>\n<meta name=\"robots\" content=\"index, follow, max-snippet:-1, max-image-preview:large, max-video-preview:-1\" \/>\n<link rel=\"canonical\" href=\"https:\/\/storax.be\/fr\/producten\/systemes-schluter-pour-balcons-et-terrasses\/losse-plaatsing-schluter-troba-plus-8\/\" \/>\n<meta property=\"og:locale\" content=\"fr_FR\" \/>\n<meta property=\"og:type\" content=\"article\" \/>\n<meta property=\"og:title\" content=\"Pose libre de Schl\u00fcter\u00ae-TROBA-PLUS 8 - Storax Belgium\" \/>\n<meta property=\"og:description\" content=\"La surface de drainage r\u00e9sistante \u00e0 la pression Schl\u00fcter-TROBA-PLUS 8G sert de couche porteuse pour les \u00e9l\u00e9ments de plaque autoportants et assure une \u00e9vacuation rapide de l&rsquo;eau qui p\u00e9n\u00e8tre \u00e0 travers les joints ouverts des plaques gr\u00e2ce \u00e0 la surface d&rsquo;\u00e9tanch\u00e9it\u00e9 r\u00e9alis\u00e9e avec Schl\u00fcter-KERDI 200. Les \u00e9l\u00e9ments de support Schl\u00fcter-TROBA-STELZ-DR sont utilis\u00e9s comme anneaux de\u2026\" \/>\n<meta property=\"og:url\" content=\"https:\/\/storax.be\/fr\/producten\/systemes-schluter-pour-balcons-et-terrasses\/losse-plaatsing-schluter-troba-plus-8\/\" \/>\n<meta property=\"og:site_name\" content=\"Storax Belgium\" \/>\n<meta property=\"article:modified_time\" content=\"2024-05-16T07:39:20+00:00\" \/>\n<meta property=\"og:image\" content=\"https:\/\/storax.be\/wp-content\/uploads\/sites\/2\/2023\/04\/Losse-plaatsing-op-Schluter\u00ae-TROBA-PLUS-8G.png\" \/>\n\t<meta property=\"og:image:width\" content=\"470\" \/>\n\t<meta property=\"og:image:height\" content=\"470\" \/>\n\t<meta property=\"og:image:type\" content=\"image\/png\" \/>\n<meta name=\"twitter:card\" content=\"summary_large_image\" \/>\n<meta name=\"twitter:label1\" content=\"Dur\u00e9e de lecture estim\u00e9e\" \/>\n\t<meta name=\"twitter:data1\" content=\"1 minute\" \/>\n<script type=\"application\/ld+json\" class=\"yoast-schema-graph\">{\"@context\":\"https:\\\/\\\/schema.org\",\"@graph\":[{\"@type\":\"WebPage\",\"@id\":\"https:\\\/\\\/storax.be\\\/fr\\\/producten\\\/systemes-schluter-pour-balcons-et-terrasses\\\/losse-plaatsing-schluter-troba-plus-8\\\/\",\"url\":\"https:\\\/\\\/storax.be\\\/fr\\\/producten\\\/systemes-schluter-pour-balcons-et-terrasses\\\/losse-plaatsing-schluter-troba-plus-8\\\/\",\"name\":\"Pose libre de Schl\u00fcter\u00ae-TROBA-PLUS 8 - Storax Belgium\",\"isPartOf\":{\"@id\":\"https:\\\/\\\/storax.be\\\/fr\\\/#website\"},\"primaryImageOfPage\":{\"@id\":\"https:\\\/\\\/storax.be\\\/fr\\\/producten\\\/systemes-schluter-pour-balcons-et-terrasses\\\/losse-plaatsing-schluter-troba-plus-8\\\/#primaryimage\"},\"image\":{\"@id\":\"https:\\\/\\\/storax.be\\\/fr\\\/producten\\\/systemes-schluter-pour-balcons-et-terrasses\\\/losse-plaatsing-schluter-troba-plus-8\\\/#primaryimage\"},\"thumbnailUrl\":\"https:\\\/\\\/storax.be\\\/wp-content\\\/uploads\\\/sites\\\/2\\\/2023\\\/04\\\/Losse-plaatsing-op-Schluter\u00ae-TROBA-PLUS-8G.png\",\"datePublished\":\"2023-04-18T08:41:40+00:00\",\"dateModified\":\"2024-05-16T07:39:20+00:00\",\"breadcrumb\":{\"@id\":\"https:\\\/\\\/storax.be\\\/fr\\\/producten\\\/systemes-schluter-pour-balcons-et-terrasses\\\/losse-plaatsing-schluter-troba-plus-8\\\/#breadcrumb\"},\"inLanguage\":\"fr-FR\",\"potentialAction\":[{\"@type\":\"ReadAction\",\"target\":[\"https:\\\/\\\/storax.be\\\/fr\\\/producten\\\/systemes-schluter-pour-balcons-et-terrasses\\\/losse-plaatsing-schluter-troba-plus-8\\\/\"]}]},{\"@type\":\"ImageObject\",\"inLanguage\":\"fr-FR\",\"@id\":\"https:\\\/\\\/storax.be\\\/fr\\\/producten\\\/systemes-schluter-pour-balcons-et-terrasses\\\/losse-plaatsing-schluter-troba-plus-8\\\/#primaryimage\",\"url\":\"https:\\\/\\\/storax.be\\\/wp-content\\\/uploads\\\/sites\\\/2\\\/2023\\\/04\\\/Losse-plaatsing-op-Schluter\u00ae-TROBA-PLUS-8G.png\",\"contentUrl\":\"https:\\\/\\\/storax.be\\\/wp-content\\\/uploads\\\/sites\\\/2\\\/2023\\\/04\\\/Losse-plaatsing-op-Schluter\u00ae-TROBA-PLUS-8G.png\",\"width\":470,\"height\":470,\"caption\":\"Losse plaatsing op Schl\u00fcter\u00ae-TROBA-PLUS 8G\"},{\"@type\":\"BreadcrumbList\",\"@id\":\"https:\\\/\\\/storax.be\\\/fr\\\/producten\\\/systemes-schluter-pour-balcons-et-terrasses\\\/losse-plaatsing-schluter-troba-plus-8\\\/#breadcrumb\",\"itemListElement\":[{\"@type\":\"ListItem\",\"position\":1,\"name\":\"Home\",\"item\":\"https:\\\/\\\/storax.be\\\/fr\\\/\"},{\"@type\":\"ListItem\",\"position\":2,\"name\":\"Producten\",\"item\":\"https:\\\/\\\/storax.be\\\/fr\\\/producten\\\/%product_category%\\\/\"},{\"@type\":\"ListItem\",\"position\":3,\"name\":\"Schl\u00fcter Syst\u00e8mes\",\"item\":\"https:\\\/\\\/storax.be\\\/fr\\\/producten\\\/schluter-systems-fr\\\/\"},{\"@type\":\"ListItem\",\"position\":4,\"name\":\"Pose libre de Schl\u00fcter\u00ae-TROBA-PLUS 8\"}]},{\"@type\":\"WebSite\",\"@id\":\"https:\\\/\\\/storax.be\\\/fr\\\/#website\",\"url\":\"https:\\\/\\\/storax.be\\\/fr\\\/\",\"name\":\"Storax Belgium\",\"description\":\"Uw betrouwbare partner voor bouwprojecten\",\"potentialAction\":[{\"@type\":\"SearchAction\",\"target\":{\"@type\":\"EntryPoint\",\"urlTemplate\":\"https:\\\/\\\/storax.be\\\/fr\\\/?s={search_term_string}\"},\"query-input\":{\"@type\":\"PropertyValueSpecification\",\"valueRequired\":true,\"valueName\":\"search_term_string\"}}],\"inLanguage\":\"fr-FR\"}]}<\/script>\n<!-- \/ Yoast SEO plugin. -->","yoast_head_json":{"title":"Pose libre de Schl\u00fcter\u00ae-TROBA-PLUS 8 - Storax Belgium","robots":{"index":"index","follow":"follow","max-snippet":"max-snippet:-1","max-image-preview":"max-image-preview:large","max-video-preview":"max-video-preview:-1"},"canonical":"https:\/\/storax.be\/fr\/producten\/systemes-schluter-pour-balcons-et-terrasses\/losse-plaatsing-schluter-troba-plus-8\/","og_locale":"fr_FR","og_type":"article","og_title":"Pose libre de Schl\u00fcter\u00ae-TROBA-PLUS 8 - Storax Belgium","og_description":"La surface de drainage r\u00e9sistante \u00e0 la pression Schl\u00fcter-TROBA-PLUS 8G sert de couche porteuse pour les \u00e9l\u00e9ments de plaque autoportants et assure une \u00e9vacuation rapide de l&rsquo;eau qui p\u00e9n\u00e8tre \u00e0 travers les joints ouverts des plaques gr\u00e2ce \u00e0 la surface d&rsquo;\u00e9tanch\u00e9it\u00e9 r\u00e9alis\u00e9e avec Schl\u00fcter-KERDI 200. Les \u00e9l\u00e9ments de support Schl\u00fcter-TROBA-STELZ-DR sont utilis\u00e9s comme anneaux de\u2026","og_url":"https:\/\/storax.be\/fr\/producten\/systemes-schluter-pour-balcons-et-terrasses\/losse-plaatsing-schluter-troba-plus-8\/","og_site_name":"Storax Belgium","article_modified_time":"2024-05-16T07:39:20+00:00","og_image":[{"width":470,"height":470,"url":"https:\/\/storax.be\/wp-content\/uploads\/sites\/2\/2023\/04\/Losse-plaatsing-op-Schluter\u00ae-TROBA-PLUS-8G.png","type":"image\/png"}],"twitter_card":"summary_large_image","twitter_misc":{"Dur\u00e9e de lecture estim\u00e9e":"1 minute"},"schema":{"@context":"https:\/\/schema.org","@graph":[{"@type":"WebPage","@id":"https:\/\/storax.be\/fr\/producten\/systemes-schluter-pour-balcons-et-terrasses\/losse-plaatsing-schluter-troba-plus-8\/","url":"https:\/\/storax.be\/fr\/producten\/systemes-schluter-pour-balcons-et-terrasses\/losse-plaatsing-schluter-troba-plus-8\/","name":"Pose libre de Schl\u00fcter\u00ae-TROBA-PLUS 8 - Storax Belgium","isPartOf":{"@id":"https:\/\/storax.be\/fr\/#website"},"primaryImageOfPage":{"@id":"https:\/\/storax.be\/fr\/producten\/systemes-schluter-pour-balcons-et-terrasses\/losse-plaatsing-schluter-troba-plus-8\/#primaryimage"},"image":{"@id":"https:\/\/storax.be\/fr\/producten\/systemes-schluter-pour-balcons-et-terrasses\/losse-plaatsing-schluter-troba-plus-8\/#primaryimage"},"thumbnailUrl":"https:\/\/storax.be\/wp-content\/uploads\/sites\/2\/2023\/04\/Losse-plaatsing-op-Schluter\u00ae-TROBA-PLUS-8G.png","datePublished":"2023-04-18T08:41:40+00:00","dateModified":"2024-05-16T07:39:20+00:00","breadcrumb":{"@id":"https:\/\/storax.be\/fr\/producten\/systemes-schluter-pour-balcons-et-terrasses\/losse-plaatsing-schluter-troba-plus-8\/#breadcrumb"},"inLanguage":"fr-FR","potentialAction":[{"@type":"ReadAction","target":["https:\/\/storax.be\/fr\/producten\/systemes-schluter-pour-balcons-et-terrasses\/losse-plaatsing-schluter-troba-plus-8\/"]}]},{"@type":"ImageObject","inLanguage":"fr-FR","@id":"https:\/\/storax.be\/fr\/producten\/systemes-schluter-pour-balcons-et-terrasses\/losse-plaatsing-schluter-troba-plus-8\/#primaryimage","url":"https:\/\/storax.be\/wp-content\/uploads\/sites\/2\/2023\/04\/Losse-plaatsing-op-Schluter\u00ae-TROBA-PLUS-8G.png","contentUrl":"https:\/\/storax.be\/wp-content\/uploads\/sites\/2\/2023\/04\/Losse-plaatsing-op-Schluter\u00ae-TROBA-PLUS-8G.png","width":470,"height":470,"caption":"Losse plaatsing op Schl\u00fcter\u00ae-TROBA-PLUS 8G"},{"@type":"BreadcrumbList","@id":"https:\/\/storax.be\/fr\/producten\/systemes-schluter-pour-balcons-et-terrasses\/losse-plaatsing-schluter-troba-plus-8\/#breadcrumb","itemListElement":[{"@type":"ListItem","position":1,"name":"Home","item":"https:\/\/storax.be\/fr\/"},{"@type":"ListItem","position":2,"name":"Producten","item":"https:\/\/storax.be\/fr\/producten\/%product_category%\/"},{"@type":"ListItem","position":3,"name":"Schl\u00fcter Syst\u00e8mes","item":"https:\/\/storax.be\/fr\/producten\/schluter-systems-fr\/"},{"@type":"ListItem","position":4,"name":"Pose libre de Schl\u00fcter\u00ae-TROBA-PLUS 8"}]},{"@type":"WebSite","@id":"https:\/\/storax.be\/fr\/#website","url":"https:\/\/storax.be\/fr\/","name":"Storax Belgium","description":"Uw betrouwbare partner voor bouwprojecten","potentialAction":[{"@type":"SearchAction","target":{"@type":"EntryPoint","urlTemplate":"https:\/\/storax.be\/fr\/?s={search_term_string}"},"query-input":{"@type":"PropertyValueSpecification","valueRequired":true,"valueName":"search_term_string"}}],"inLanguage":"fr-FR"}]}},"_links":{"self":[{"href":"https:\/\/storax.be\/fr\/wp-json\/wp\/v2\/product\/116212","targetHints":{"allow":["GET"]}}],"collection":[{"href":"https:\/\/storax.be\/fr\/wp-json\/wp\/v2\/product"}],"about":[{"href":"https:\/\/storax.be\/fr\/wp-json\/wp\/v2\/types\/product"}],"wp:featuredmedia":[{"embeddable":true,"href":"https:\/\/storax.be\/fr\/wp-json\/wp\/v2\/media\/116060"}],"wp:attachment":[{"href":"https:\/\/storax.be\/fr\/wp-json\/wp\/v2\/media?parent=116212"}],"wp:term":[{"taxonomy":"product_category","embeddable":true,"href":"https:\/\/storax.be\/fr\/wp-json\/wp\/v2\/product_category?post=116212"},{"taxonomy":"product_tag","embeddable":true,"href":"https:\/\/storax.be\/fr\/wp-json\/wp\/v2\/product_tag?post=116212"}],"curies":[{"name":"wp","href":"https:\/\/api.w.org\/{rel}","templated":true}]}}