{"id":116196,"date":"2023-04-18T08:41:40","date_gmt":"2023-04-18T08:41:40","guid":{"rendered":"https:\/\/storax.be\/producten\/uncategorized\/balkonconstructie-schluter-ditra-drain\/"},"modified":"2024-05-16T07:39:20","modified_gmt":"2024-05-16T07:39:20","slug":"balkonconstructie-schluter-ditra-drain","status":"publish","type":"product","link":"https:\/\/storax.be\/fr\/producten\/systemes-schluter-pour-balcons-et-terrasses\/balkonconstructie-schluter-ditra-drain\/","title":{"rendered":"Construction de balcon avec le drainage adh\u00e9rent Schl\u00fcter\u00ae-DITRA-DRAIN"},"content":{"rendered":"<p>L&rsquo;\u00e9tanch\u00e9it\u00e9 de contact Schl\u00fcter-KERDI prot\u00e8ge la structure porteuse contre l&rsquo;infiltration d&rsquo;eau. Entre l&rsquo;\u00e9tanch\u00e9it\u00e9 et le carrelage, le mat de drainage et de d\u00e9solidarisation capillaire adh\u00e9rente Schl\u00fcter-DITRA-DRAIN est pos\u00e9 avec un mortier mince. Cela permet une ventilation sous toute la surface du rev\u00eatement, permettant ainsi un s\u00e9chage durant et uniforme du mortier mince. Les \u00e9ventuelles contraintes sont neutralis\u00e9es par la fonction de d\u00e9solidarisation de DITRA-DRAIN.<\/p>\n<p>1 Support avec pente<br \/>\n2 Schl\u00fcter\u00ae-BARA-RTKE Page 302<br \/>\n3 Schl\u00fcter\u00ae-KERDI 200 Page 286<br \/>\n4 Schl\u00fcter\u00ae-KERDI-KEBA Page 187<br \/>\nSchl\u00fcter\u00ae-KERDI-COLL-L Page 192<br \/>\n5 Schl\u00fcter\u00ae-DITRA-DRAIN 4 Page 287<br \/>\n6 Schl\u00fcter\u00ae-DITRA-DRAIN 8 Page 288<br \/>\n7 Schl\u00fcter\u00ae-DILEX-EKE Page 138<br \/>\nSchl\u00fcter\u00ae-DILEX-EF Page 138<br \/>\nSchl\u00fcter\u00ae-DILEX-EK Page 140<br \/>\nSchl\u00fcter\u00ae-DILEX-RF Page 139<br \/>\n8 Schl\u00fcter\u00ae-BARIN Page 320<br \/>\n9 Carreaux de c\u00e9ramique ou de pierre naturelle.<\/p>\n<table style=\"background-color: #ffffff;\" cellspacing=\"0\" cellpadding=\"0\">\n<tbody>\n<tr>\n<td style=\"width: 100%; background-color: #009ee2; -webkit-border-radius: 4px; -moz-border-radius: 4px; border-radius: 4px;\" align=\"center\"><a style=\"display: block; padding: 10px 20px; color: #ffffff; font-size: 18px;\" href=\"https:\/\/storax.be\/wp-content\/uploads\/sites\/2\/2023\/04\/Balkonconstructie-Schluter\u00ae-DITRA-DRAIN.pdf\" target=\"_blank\" rel=\"noopener noreferrer\"><strong>T\u00e9l\u00e9charger la documentation<\/strong><\/a><\/td>\n<\/tr>\n<\/tbody>\n<\/table>\n","protected":false},"excerpt":{"rendered":"<p>L&rsquo;\u00e9tanch\u00e9it\u00e9 de contact Schl\u00fcter-KERDI prot\u00e8ge la structure porteuse contre l&rsquo;infiltration d&rsquo;eau. Entre l&rsquo;\u00e9tanch\u00e9it\u00e9 et le carrelage, le mat de drainage et de d\u00e9solidarisation capillaire adh\u00e9rente Schl\u00fcter-DITRA-DRAIN est pos\u00e9 avec un mortier mince. Cela permet une ventilation sous toute la surface du rev\u00eatement, permettant ainsi un s\u00e9chage durant et uniforme du mortier mince. Les \u00e9ventuelles contraintes\u2026<\/p>\n","protected":false},"featured_media":116034,"template":"","meta":{"_acf_changed":false},"product_category":[625,774],"product_tag":[782],"class_list":["post-116196","product","type-product","status-publish","has-post-thumbnail","hentry","product_category-schluter-systems-fr","product_category-systemes-schluter-pour-balcons-et-terrasses","product_tag-opbouwvoorbeelden-fr"],"acf":[],"yoast_head":"<!-- This site is optimized with the Yoast SEO plugin v27.3 - https:\/\/yoast.com\/product\/yoast-seo-wordpress\/ -->\n<title>Construction de balcon avec le drainage adh\u00e9rent Schl\u00fcter\u00ae-DITRA-DRAIN - Storax Belgium<\/title>\n<meta name=\"robots\" content=\"index, follow, max-snippet:-1, max-image-preview:large, max-video-preview:-1\" \/>\n<link rel=\"canonical\" href=\"https:\/\/storax.be\/fr\/producten\/systemes-schluter-pour-balcons-et-terrasses\/balkonconstructie-schluter-ditra-drain\/\" \/>\n<meta property=\"og:locale\" content=\"fr_FR\" \/>\n<meta property=\"og:type\" content=\"article\" \/>\n<meta property=\"og:title\" content=\"Construction de balcon avec le drainage adh\u00e9rent Schl\u00fcter\u00ae-DITRA-DRAIN - Storax Belgium\" \/>\n<meta property=\"og:description\" content=\"L&rsquo;\u00e9tanch\u00e9it\u00e9 de contact Schl\u00fcter-KERDI prot\u00e8ge la structure porteuse contre l&rsquo;infiltration d&rsquo;eau. Entre l&rsquo;\u00e9tanch\u00e9it\u00e9 et le carrelage, le mat de drainage et de d\u00e9solidarisation capillaire adh\u00e9rente Schl\u00fcter-DITRA-DRAIN est pos\u00e9 avec un mortier mince. Cela permet une ventilation sous toute la surface du rev\u00eatement, permettant ainsi un s\u00e9chage durant et uniforme du mortier mince. Les \u00e9ventuelles contraintes\u2026\" \/>\n<meta property=\"og:url\" content=\"https:\/\/storax.be\/fr\/producten\/systemes-schluter-pour-balcons-et-terrasses\/balkonconstructie-schluter-ditra-drain\/\" \/>\n<meta property=\"og:site_name\" content=\"Storax Belgium\" \/>\n<meta property=\"article:modified_time\" content=\"2024-05-16T07:39:20+00:00\" \/>\n<meta property=\"og:image\" content=\"https:\/\/storax.be\/wp-content\/uploads\/sites\/2\/2023\/04\/Balkonconstructie-met-de-hechtende-drainage-Schluter\u00ae-DITRA-DRAIN.png\" \/>\n\t<meta property=\"og:image:width\" content=\"470\" \/>\n\t<meta property=\"og:image:height\" content=\"470\" \/>\n\t<meta property=\"og:image:type\" content=\"image\/png\" \/>\n<meta name=\"twitter:card\" content=\"summary_large_image\" \/>\n<meta name=\"twitter:label1\" content=\"Dur\u00e9e de lecture estim\u00e9e\" \/>\n\t<meta name=\"twitter:data1\" content=\"1 minute\" \/>\n<script type=\"application\/ld+json\" class=\"yoast-schema-graph\">{\"@context\":\"https:\\\/\\\/schema.org\",\"@graph\":[{\"@type\":\"WebPage\",\"@id\":\"https:\\\/\\\/storax.be\\\/fr\\\/producten\\\/systemes-schluter-pour-balcons-et-terrasses\\\/balkonconstructie-schluter-ditra-drain\\\/\",\"url\":\"https:\\\/\\\/storax.be\\\/fr\\\/producten\\\/systemes-schluter-pour-balcons-et-terrasses\\\/balkonconstructie-schluter-ditra-drain\\\/\",\"name\":\"Construction de balcon avec le drainage adh\u00e9rent Schl\u00fcter\u00ae-DITRA-DRAIN - Storax Belgium\",\"isPartOf\":{\"@id\":\"https:\\\/\\\/storax.be\\\/fr\\\/#website\"},\"primaryImageOfPage\":{\"@id\":\"https:\\\/\\\/storax.be\\\/fr\\\/producten\\\/systemes-schluter-pour-balcons-et-terrasses\\\/balkonconstructie-schluter-ditra-drain\\\/#primaryimage\"},\"image\":{\"@id\":\"https:\\\/\\\/storax.be\\\/fr\\\/producten\\\/systemes-schluter-pour-balcons-et-terrasses\\\/balkonconstructie-schluter-ditra-drain\\\/#primaryimage\"},\"thumbnailUrl\":\"https:\\\/\\\/storax.be\\\/wp-content\\\/uploads\\\/sites\\\/2\\\/2023\\\/04\\\/Balkonconstructie-met-de-hechtende-drainage-Schluter\u00ae-DITRA-DRAIN.png\",\"datePublished\":\"2023-04-18T08:41:40+00:00\",\"dateModified\":\"2024-05-16T07:39:20+00:00\",\"breadcrumb\":{\"@id\":\"https:\\\/\\\/storax.be\\\/fr\\\/producten\\\/systemes-schluter-pour-balcons-et-terrasses\\\/balkonconstructie-schluter-ditra-drain\\\/#breadcrumb\"},\"inLanguage\":\"fr-FR\",\"potentialAction\":[{\"@type\":\"ReadAction\",\"target\":[\"https:\\\/\\\/storax.be\\\/fr\\\/producten\\\/systemes-schluter-pour-balcons-et-terrasses\\\/balkonconstructie-schluter-ditra-drain\\\/\"]}]},{\"@type\":\"ImageObject\",\"inLanguage\":\"fr-FR\",\"@id\":\"https:\\\/\\\/storax.be\\\/fr\\\/producten\\\/systemes-schluter-pour-balcons-et-terrasses\\\/balkonconstructie-schluter-ditra-drain\\\/#primaryimage\",\"url\":\"https:\\\/\\\/storax.be\\\/wp-content\\\/uploads\\\/sites\\\/2\\\/2023\\\/04\\\/Balkonconstructie-met-de-hechtende-drainage-Schluter\u00ae-DITRA-DRAIN.png\",\"contentUrl\":\"https:\\\/\\\/storax.be\\\/wp-content\\\/uploads\\\/sites\\\/2\\\/2023\\\/04\\\/Balkonconstructie-met-de-hechtende-drainage-Schluter\u00ae-DITRA-DRAIN.png\",\"width\":470,\"height\":470,\"caption\":\"Balkonconstructie met de hechtende drainage Schl\u00fcter\u00ae-DITRA-DRAIN\"},{\"@type\":\"BreadcrumbList\",\"@id\":\"https:\\\/\\\/storax.be\\\/fr\\\/producten\\\/systemes-schluter-pour-balcons-et-terrasses\\\/balkonconstructie-schluter-ditra-drain\\\/#breadcrumb\",\"itemListElement\":[{\"@type\":\"ListItem\",\"position\":1,\"name\":\"Home\",\"item\":\"https:\\\/\\\/storax.be\\\/fr\\\/\"},{\"@type\":\"ListItem\",\"position\":2,\"name\":\"Producten\",\"item\":\"https:\\\/\\\/storax.be\\\/fr\\\/producten\\\/%product_category%\\\/\"},{\"@type\":\"ListItem\",\"position\":3,\"name\":\"Schl\u00fcter Syst\u00e8mes\",\"item\":\"https:\\\/\\\/storax.be\\\/fr\\\/producten\\\/schluter-systems-fr\\\/\"},{\"@type\":\"ListItem\",\"position\":4,\"name\":\"Construction de balcon avec le drainage adh\u00e9rent Schl\u00fcter\u00ae-DITRA-DRAIN\"}]},{\"@type\":\"WebSite\",\"@id\":\"https:\\\/\\\/storax.be\\\/fr\\\/#website\",\"url\":\"https:\\\/\\\/storax.be\\\/fr\\\/\",\"name\":\"Storax Belgium\",\"description\":\"Uw betrouwbare partner voor bouwprojecten\",\"potentialAction\":[{\"@type\":\"SearchAction\",\"target\":{\"@type\":\"EntryPoint\",\"urlTemplate\":\"https:\\\/\\\/storax.be\\\/fr\\\/?s={search_term_string}\"},\"query-input\":{\"@type\":\"PropertyValueSpecification\",\"valueRequired\":true,\"valueName\":\"search_term_string\"}}],\"inLanguage\":\"fr-FR\"}]}<\/script>\n<!-- \/ Yoast SEO plugin. -->","yoast_head_json":{"title":"Construction de balcon avec le drainage adh\u00e9rent Schl\u00fcter\u00ae-DITRA-DRAIN - Storax Belgium","robots":{"index":"index","follow":"follow","max-snippet":"max-snippet:-1","max-image-preview":"max-image-preview:large","max-video-preview":"max-video-preview:-1"},"canonical":"https:\/\/storax.be\/fr\/producten\/systemes-schluter-pour-balcons-et-terrasses\/balkonconstructie-schluter-ditra-drain\/","og_locale":"fr_FR","og_type":"article","og_title":"Construction de balcon avec le drainage adh\u00e9rent Schl\u00fcter\u00ae-DITRA-DRAIN - Storax Belgium","og_description":"L&rsquo;\u00e9tanch\u00e9it\u00e9 de contact Schl\u00fcter-KERDI prot\u00e8ge la structure porteuse contre l&rsquo;infiltration d&rsquo;eau. Entre l&rsquo;\u00e9tanch\u00e9it\u00e9 et le carrelage, le mat de drainage et de d\u00e9solidarisation capillaire adh\u00e9rente Schl\u00fcter-DITRA-DRAIN est pos\u00e9 avec un mortier mince. Cela permet une ventilation sous toute la surface du rev\u00eatement, permettant ainsi un s\u00e9chage durant et uniforme du mortier mince. Les \u00e9ventuelles contraintes\u2026","og_url":"https:\/\/storax.be\/fr\/producten\/systemes-schluter-pour-balcons-et-terrasses\/balkonconstructie-schluter-ditra-drain\/","og_site_name":"Storax Belgium","article_modified_time":"2024-05-16T07:39:20+00:00","og_image":[{"width":470,"height":470,"url":"https:\/\/storax.be\/wp-content\/uploads\/sites\/2\/2023\/04\/Balkonconstructie-met-de-hechtende-drainage-Schluter\u00ae-DITRA-DRAIN.png","type":"image\/png"}],"twitter_card":"summary_large_image","twitter_misc":{"Dur\u00e9e de lecture estim\u00e9e":"1 minute"},"schema":{"@context":"https:\/\/schema.org","@graph":[{"@type":"WebPage","@id":"https:\/\/storax.be\/fr\/producten\/systemes-schluter-pour-balcons-et-terrasses\/balkonconstructie-schluter-ditra-drain\/","url":"https:\/\/storax.be\/fr\/producten\/systemes-schluter-pour-balcons-et-terrasses\/balkonconstructie-schluter-ditra-drain\/","name":"Construction de balcon avec le drainage adh\u00e9rent Schl\u00fcter\u00ae-DITRA-DRAIN - Storax Belgium","isPartOf":{"@id":"https:\/\/storax.be\/fr\/#website"},"primaryImageOfPage":{"@id":"https:\/\/storax.be\/fr\/producten\/systemes-schluter-pour-balcons-et-terrasses\/balkonconstructie-schluter-ditra-drain\/#primaryimage"},"image":{"@id":"https:\/\/storax.be\/fr\/producten\/systemes-schluter-pour-balcons-et-terrasses\/balkonconstructie-schluter-ditra-drain\/#primaryimage"},"thumbnailUrl":"https:\/\/storax.be\/wp-content\/uploads\/sites\/2\/2023\/04\/Balkonconstructie-met-de-hechtende-drainage-Schluter\u00ae-DITRA-DRAIN.png","datePublished":"2023-04-18T08:41:40+00:00","dateModified":"2024-05-16T07:39:20+00:00","breadcrumb":{"@id":"https:\/\/storax.be\/fr\/producten\/systemes-schluter-pour-balcons-et-terrasses\/balkonconstructie-schluter-ditra-drain\/#breadcrumb"},"inLanguage":"fr-FR","potentialAction":[{"@type":"ReadAction","target":["https:\/\/storax.be\/fr\/producten\/systemes-schluter-pour-balcons-et-terrasses\/balkonconstructie-schluter-ditra-drain\/"]}]},{"@type":"ImageObject","inLanguage":"fr-FR","@id":"https:\/\/storax.be\/fr\/producten\/systemes-schluter-pour-balcons-et-terrasses\/balkonconstructie-schluter-ditra-drain\/#primaryimage","url":"https:\/\/storax.be\/wp-content\/uploads\/sites\/2\/2023\/04\/Balkonconstructie-met-de-hechtende-drainage-Schluter\u00ae-DITRA-DRAIN.png","contentUrl":"https:\/\/storax.be\/wp-content\/uploads\/sites\/2\/2023\/04\/Balkonconstructie-met-de-hechtende-drainage-Schluter\u00ae-DITRA-DRAIN.png","width":470,"height":470,"caption":"Balkonconstructie met de hechtende drainage Schl\u00fcter\u00ae-DITRA-DRAIN"},{"@type":"BreadcrumbList","@id":"https:\/\/storax.be\/fr\/producten\/systemes-schluter-pour-balcons-et-terrasses\/balkonconstructie-schluter-ditra-drain\/#breadcrumb","itemListElement":[{"@type":"ListItem","position":1,"name":"Home","item":"https:\/\/storax.be\/fr\/"},{"@type":"ListItem","position":2,"name":"Producten","item":"https:\/\/storax.be\/fr\/producten\/%product_category%\/"},{"@type":"ListItem","position":3,"name":"Schl\u00fcter Syst\u00e8mes","item":"https:\/\/storax.be\/fr\/producten\/schluter-systems-fr\/"},{"@type":"ListItem","position":4,"name":"Construction de balcon avec le drainage adh\u00e9rent Schl\u00fcter\u00ae-DITRA-DRAIN"}]},{"@type":"WebSite","@id":"https:\/\/storax.be\/fr\/#website","url":"https:\/\/storax.be\/fr\/","name":"Storax Belgium","description":"Uw betrouwbare partner voor bouwprojecten","potentialAction":[{"@type":"SearchAction","target":{"@type":"EntryPoint","urlTemplate":"https:\/\/storax.be\/fr\/?s={search_term_string}"},"query-input":{"@type":"PropertyValueSpecification","valueRequired":true,"valueName":"search_term_string"}}],"inLanguage":"fr-FR"}]}},"_links":{"self":[{"href":"https:\/\/storax.be\/fr\/wp-json\/wp\/v2\/product\/116196","targetHints":{"allow":["GET"]}}],"collection":[{"href":"https:\/\/storax.be\/fr\/wp-json\/wp\/v2\/product"}],"about":[{"href":"https:\/\/storax.be\/fr\/wp-json\/wp\/v2\/types\/product"}],"wp:featuredmedia":[{"embeddable":true,"href":"https:\/\/storax.be\/fr\/wp-json\/wp\/v2\/media\/116034"}],"wp:attachment":[{"href":"https:\/\/storax.be\/fr\/wp-json\/wp\/v2\/media?parent=116196"}],"wp:term":[{"taxonomy":"product_category","embeddable":true,"href":"https:\/\/storax.be\/fr\/wp-json\/wp\/v2\/product_category?post=116196"},{"taxonomy":"product_tag","embeddable":true,"href":"https:\/\/storax.be\/fr\/wp-json\/wp\/v2\/product_tag?post=116196"}],"curies":[{"name":"wp","href":"https:\/\/api.w.org\/{rel}","templated":true}]}}