{"id":116192,"date":"2023-04-18T08:41:40","date_gmt":"2023-04-18T08:41:40","guid":{"rendered":"https:\/\/storax.be\/producten\/uncategorized\/balkonconstructie-schluter-ditra\/"},"modified":"2024-05-16T07:39:20","modified_gmt":"2024-05-16T07:39:20","slug":"balkonconstructie-schluter-ditra","status":"publish","type":"product","link":"https:\/\/storax.be\/fr\/producten\/systemes-schluter-pour-balcons-et-terrasses\/balkonconstructie-schluter-ditra\/","title":{"rendered":"Construction de balcon avec l&rsquo;\u00e9tanch\u00e9it\u00e9 de contact Schl\u00fcter\u00ae-DITRA"},"content":{"rendered":"<p>Schl\u00fcter-DITRA agit en tant qu&rsquo;\u00e9tanch\u00e9it\u00e9 en collaboration avec le carrelage. La fonction de d\u00e9solidarisation du tapis neutralise les contraintes entre le support et le rev\u00eatement qui surviennent en raison des variations de temp\u00e9rature. L&rsquo;humidit\u00e9 r\u00e9siduelle provenant du support (par exemple, d&rsquo;une chape r\u00e9cemment pos\u00e9e) est \u00e9vacu\u00e9e gr\u00e2ce \u00e0 la fonction d&rsquo;\u00e9galisation de la pression de vapeur de DITRA. Les joints de choc et les raccords aux murs et aux \u00e9l\u00e9ments encastr\u00e9s sont r\u00e9alis\u00e9s avec des bandes d&rsquo;\u00e9tanch\u00e9it\u00e9 Schl\u00fcter-KERDI-KEBA et Schl\u00fcter-KERDI-COLL-L.<\/p>\n<p>1 Support avec pente<br \/>\n2 Schl\u00fcter\u00ae-BARA-RTKEG Page 303<br \/>\n3 Schl\u00fcter\u00ae-DITRA Page 287<br \/>\n4 Schl\u00fcter\u00ae-KERDI-KEBA Page 187 Schl\u00fcter\u00ae-KERDI-COLL-L Page 192<br \/>\n5 Schl\u00fcter\u00ae-DILEX-EKE Page 138<br \/>\nSchl\u00fcter\u00ae-DILEX-EF Page 138<br \/>\nSchl\u00fcter\u00ae-DILEX-EK Page 140<br \/>\nSchl\u00fcter\u00ae-DILEX-RF Page 139<br \/>\n6 Schl\u00fcter\u00ae-RONDEC Page 72<br \/>\nSchl\u00fcter\u00ae-JOLLY Page 82<br \/>\nSchl\u00fcter\u00ae-QUADEC Page 63<br \/>\n7 Schl\u00fcter\u00ae-BARIN Page 320<br \/>\n8 Carreaux de c\u00e9ramique ou pierre naturelle<\/p>\n<table style=\"background-color: #ffffff;\" cellspacing=\"0\" cellpadding=\"0\">\n<tbody>\n<tr>\n<td style=\"width: 100%; background-color: #009ee2; -webkit-border-radius: 4px; -moz-border-radius: 4px; border-radius: 4px;\" align=\"center\"><a style=\"display: block; padding: 10px 20px; color: #ffffff; font-size: 18px;\" href=\"https:\/\/storax.be\/wp-content\/uploads\/sites\/2\/2023\/04\/Construction-de-balcon-avec-letancheite-de-contact-Schluter\u00ae-DITRA.pdf\" target=\"_blank\" rel=\"noopener noreferrer\"><strong>T\u00e9l\u00e9charger la documentation<\/strong><\/a><\/td>\n<\/tr>\n<\/tbody>\n<\/table>\n","protected":false},"excerpt":{"rendered":"<p>Schl\u00fcter-DITRA agit en tant qu&rsquo;\u00e9tanch\u00e9it\u00e9 en collaboration avec le carrelage. La fonction de d\u00e9solidarisation du tapis neutralise les contraintes entre le support et le rev\u00eatement qui surviennent en raison des variations de temp\u00e9rature. L&rsquo;humidit\u00e9 r\u00e9siduelle provenant du support (par exemple, d&rsquo;une chape r\u00e9cemment pos\u00e9e) est \u00e9vacu\u00e9e gr\u00e2ce \u00e0 la fonction d&rsquo;\u00e9galisation de la pression de\u2026<\/p>\n","protected":false},"featured_media":116029,"template":"","meta":{"_acf_changed":false},"product_category":[625,774],"product_tag":[782],"class_list":["post-116192","product","type-product","status-publish","has-post-thumbnail","hentry","product_category-schluter-systems-fr","product_category-systemes-schluter-pour-balcons-et-terrasses","product_tag-opbouwvoorbeelden-fr"],"acf":[],"yoast_head":"<!-- This site is optimized with the Yoast SEO plugin v27.3 - https:\/\/yoast.com\/product\/yoast-seo-wordpress\/ -->\n<title>Construction de balcon avec l&#039;\u00e9tanch\u00e9it\u00e9 de contact Schl\u00fcter\u00ae-DITRA - Storax Belgium<\/title>\n<meta name=\"robots\" content=\"index, follow, max-snippet:-1, max-image-preview:large, max-video-preview:-1\" \/>\n<link rel=\"canonical\" href=\"https:\/\/storax.be\/fr\/producten\/systemes-schluter-pour-balcons-et-terrasses\/balkonconstructie-schluter-ditra\/\" \/>\n<meta property=\"og:locale\" content=\"fr_FR\" \/>\n<meta property=\"og:type\" content=\"article\" \/>\n<meta property=\"og:title\" content=\"Construction de balcon avec l&#039;\u00e9tanch\u00e9it\u00e9 de contact Schl\u00fcter\u00ae-DITRA - Storax Belgium\" \/>\n<meta property=\"og:description\" content=\"Schl\u00fcter-DITRA agit en tant qu&rsquo;\u00e9tanch\u00e9it\u00e9 en collaboration avec le carrelage. La fonction de d\u00e9solidarisation du tapis neutralise les contraintes entre le support et le rev\u00eatement qui surviennent en raison des variations de temp\u00e9rature. L&rsquo;humidit\u00e9 r\u00e9siduelle provenant du support (par exemple, d&rsquo;une chape r\u00e9cemment pos\u00e9e) est \u00e9vacu\u00e9e gr\u00e2ce \u00e0 la fonction d&rsquo;\u00e9galisation de la pression de\u2026\" \/>\n<meta property=\"og:url\" content=\"https:\/\/storax.be\/fr\/producten\/systemes-schluter-pour-balcons-et-terrasses\/balkonconstructie-schluter-ditra\/\" \/>\n<meta property=\"og:site_name\" content=\"Storax Belgium\" \/>\n<meta property=\"article:modified_time\" content=\"2024-05-16T07:39:20+00:00\" \/>\n<meta property=\"og:image\" content=\"https:\/\/storax.be\/wp-content\/uploads\/sites\/2\/2023\/04\/Balkoncustructie-ditra-drain.png\" \/>\n\t<meta property=\"og:image:width\" content=\"478\" \/>\n\t<meta property=\"og:image:height\" content=\"484\" \/>\n\t<meta property=\"og:image:type\" content=\"image\/png\" \/>\n<meta name=\"twitter:card\" content=\"summary_large_image\" \/>\n<meta name=\"twitter:label1\" content=\"Dur\u00e9e de lecture estim\u00e9e\" \/>\n\t<meta name=\"twitter:data1\" content=\"1 minute\" \/>\n<script type=\"application\/ld+json\" class=\"yoast-schema-graph\">{\"@context\":\"https:\\\/\\\/schema.org\",\"@graph\":[{\"@type\":\"WebPage\",\"@id\":\"https:\\\/\\\/storax.be\\\/fr\\\/producten\\\/systemes-schluter-pour-balcons-et-terrasses\\\/balkonconstructie-schluter-ditra\\\/\",\"url\":\"https:\\\/\\\/storax.be\\\/fr\\\/producten\\\/systemes-schluter-pour-balcons-et-terrasses\\\/balkonconstructie-schluter-ditra\\\/\",\"name\":\"Construction de balcon avec l'\u00e9tanch\u00e9it\u00e9 de contact Schl\u00fcter\u00ae-DITRA - Storax Belgium\",\"isPartOf\":{\"@id\":\"https:\\\/\\\/storax.be\\\/fr\\\/#website\"},\"primaryImageOfPage\":{\"@id\":\"https:\\\/\\\/storax.be\\\/fr\\\/producten\\\/systemes-schluter-pour-balcons-et-terrasses\\\/balkonconstructie-schluter-ditra\\\/#primaryimage\"},\"image\":{\"@id\":\"https:\\\/\\\/storax.be\\\/fr\\\/producten\\\/systemes-schluter-pour-balcons-et-terrasses\\\/balkonconstructie-schluter-ditra\\\/#primaryimage\"},\"thumbnailUrl\":\"https:\\\/\\\/storax.be\\\/wp-content\\\/uploads\\\/sites\\\/2\\\/2023\\\/04\\\/Balkoncustructie-ditra-drain.png\",\"datePublished\":\"2023-04-18T08:41:40+00:00\",\"dateModified\":\"2024-05-16T07:39:20+00:00\",\"breadcrumb\":{\"@id\":\"https:\\\/\\\/storax.be\\\/fr\\\/producten\\\/systemes-schluter-pour-balcons-et-terrasses\\\/balkonconstructie-schluter-ditra\\\/#breadcrumb\"},\"inLanguage\":\"fr-FR\",\"potentialAction\":[{\"@type\":\"ReadAction\",\"target\":[\"https:\\\/\\\/storax.be\\\/fr\\\/producten\\\/systemes-schluter-pour-balcons-et-terrasses\\\/balkonconstructie-schluter-ditra\\\/\"]}]},{\"@type\":\"ImageObject\",\"inLanguage\":\"fr-FR\",\"@id\":\"https:\\\/\\\/storax.be\\\/fr\\\/producten\\\/systemes-schluter-pour-balcons-et-terrasses\\\/balkonconstructie-schluter-ditra\\\/#primaryimage\",\"url\":\"https:\\\/\\\/storax.be\\\/wp-content\\\/uploads\\\/sites\\\/2\\\/2023\\\/04\\\/Balkoncustructie-ditra-drain.png\",\"contentUrl\":\"https:\\\/\\\/storax.be\\\/wp-content\\\/uploads\\\/sites\\\/2\\\/2023\\\/04\\\/Balkoncustructie-ditra-drain.png\",\"width\":478,\"height\":484},{\"@type\":\"BreadcrumbList\",\"@id\":\"https:\\\/\\\/storax.be\\\/fr\\\/producten\\\/systemes-schluter-pour-balcons-et-terrasses\\\/balkonconstructie-schluter-ditra\\\/#breadcrumb\",\"itemListElement\":[{\"@type\":\"ListItem\",\"position\":1,\"name\":\"Home\",\"item\":\"https:\\\/\\\/storax.be\\\/fr\\\/\"},{\"@type\":\"ListItem\",\"position\":2,\"name\":\"Producten\",\"item\":\"https:\\\/\\\/storax.be\\\/fr\\\/producten\\\/%product_category%\\\/\"},{\"@type\":\"ListItem\",\"position\":3,\"name\":\"Schl\u00fcter Syst\u00e8mes\",\"item\":\"https:\\\/\\\/storax.be\\\/fr\\\/producten\\\/schluter-systems-fr\\\/\"},{\"@type\":\"ListItem\",\"position\":4,\"name\":\"Construction de balcon avec l&#8217;\u00e9tanch\u00e9it\u00e9 de contact Schl\u00fcter\u00ae-DITRA\"}]},{\"@type\":\"WebSite\",\"@id\":\"https:\\\/\\\/storax.be\\\/fr\\\/#website\",\"url\":\"https:\\\/\\\/storax.be\\\/fr\\\/\",\"name\":\"Storax Belgium\",\"description\":\"Uw betrouwbare partner voor bouwprojecten\",\"potentialAction\":[{\"@type\":\"SearchAction\",\"target\":{\"@type\":\"EntryPoint\",\"urlTemplate\":\"https:\\\/\\\/storax.be\\\/fr\\\/?s={search_term_string}\"},\"query-input\":{\"@type\":\"PropertyValueSpecification\",\"valueRequired\":true,\"valueName\":\"search_term_string\"}}],\"inLanguage\":\"fr-FR\"}]}<\/script>\n<!-- \/ Yoast SEO plugin. -->","yoast_head_json":{"title":"Construction de balcon avec l'\u00e9tanch\u00e9it\u00e9 de contact Schl\u00fcter\u00ae-DITRA - Storax Belgium","robots":{"index":"index","follow":"follow","max-snippet":"max-snippet:-1","max-image-preview":"max-image-preview:large","max-video-preview":"max-video-preview:-1"},"canonical":"https:\/\/storax.be\/fr\/producten\/systemes-schluter-pour-balcons-et-terrasses\/balkonconstructie-schluter-ditra\/","og_locale":"fr_FR","og_type":"article","og_title":"Construction de balcon avec l'\u00e9tanch\u00e9it\u00e9 de contact Schl\u00fcter\u00ae-DITRA - Storax Belgium","og_description":"Schl\u00fcter-DITRA agit en tant qu&rsquo;\u00e9tanch\u00e9it\u00e9 en collaboration avec le carrelage. La fonction de d\u00e9solidarisation du tapis neutralise les contraintes entre le support et le rev\u00eatement qui surviennent en raison des variations de temp\u00e9rature. L&rsquo;humidit\u00e9 r\u00e9siduelle provenant du support (par exemple, d&rsquo;une chape r\u00e9cemment pos\u00e9e) est \u00e9vacu\u00e9e gr\u00e2ce \u00e0 la fonction d&rsquo;\u00e9galisation de la pression de\u2026","og_url":"https:\/\/storax.be\/fr\/producten\/systemes-schluter-pour-balcons-et-terrasses\/balkonconstructie-schluter-ditra\/","og_site_name":"Storax Belgium","article_modified_time":"2024-05-16T07:39:20+00:00","og_image":[{"width":478,"height":484,"url":"https:\/\/storax.be\/wp-content\/uploads\/sites\/2\/2023\/04\/Balkoncustructie-ditra-drain.png","type":"image\/png"}],"twitter_card":"summary_large_image","twitter_misc":{"Dur\u00e9e de lecture estim\u00e9e":"1 minute"},"schema":{"@context":"https:\/\/schema.org","@graph":[{"@type":"WebPage","@id":"https:\/\/storax.be\/fr\/producten\/systemes-schluter-pour-balcons-et-terrasses\/balkonconstructie-schluter-ditra\/","url":"https:\/\/storax.be\/fr\/producten\/systemes-schluter-pour-balcons-et-terrasses\/balkonconstructie-schluter-ditra\/","name":"Construction de balcon avec l'\u00e9tanch\u00e9it\u00e9 de contact Schl\u00fcter\u00ae-DITRA - Storax Belgium","isPartOf":{"@id":"https:\/\/storax.be\/fr\/#website"},"primaryImageOfPage":{"@id":"https:\/\/storax.be\/fr\/producten\/systemes-schluter-pour-balcons-et-terrasses\/balkonconstructie-schluter-ditra\/#primaryimage"},"image":{"@id":"https:\/\/storax.be\/fr\/producten\/systemes-schluter-pour-balcons-et-terrasses\/balkonconstructie-schluter-ditra\/#primaryimage"},"thumbnailUrl":"https:\/\/storax.be\/wp-content\/uploads\/sites\/2\/2023\/04\/Balkoncustructie-ditra-drain.png","datePublished":"2023-04-18T08:41:40+00:00","dateModified":"2024-05-16T07:39:20+00:00","breadcrumb":{"@id":"https:\/\/storax.be\/fr\/producten\/systemes-schluter-pour-balcons-et-terrasses\/balkonconstructie-schluter-ditra\/#breadcrumb"},"inLanguage":"fr-FR","potentialAction":[{"@type":"ReadAction","target":["https:\/\/storax.be\/fr\/producten\/systemes-schluter-pour-balcons-et-terrasses\/balkonconstructie-schluter-ditra\/"]}]},{"@type":"ImageObject","inLanguage":"fr-FR","@id":"https:\/\/storax.be\/fr\/producten\/systemes-schluter-pour-balcons-et-terrasses\/balkonconstructie-schluter-ditra\/#primaryimage","url":"https:\/\/storax.be\/wp-content\/uploads\/sites\/2\/2023\/04\/Balkoncustructie-ditra-drain.png","contentUrl":"https:\/\/storax.be\/wp-content\/uploads\/sites\/2\/2023\/04\/Balkoncustructie-ditra-drain.png","width":478,"height":484},{"@type":"BreadcrumbList","@id":"https:\/\/storax.be\/fr\/producten\/systemes-schluter-pour-balcons-et-terrasses\/balkonconstructie-schluter-ditra\/#breadcrumb","itemListElement":[{"@type":"ListItem","position":1,"name":"Home","item":"https:\/\/storax.be\/fr\/"},{"@type":"ListItem","position":2,"name":"Producten","item":"https:\/\/storax.be\/fr\/producten\/%product_category%\/"},{"@type":"ListItem","position":3,"name":"Schl\u00fcter Syst\u00e8mes","item":"https:\/\/storax.be\/fr\/producten\/schluter-systems-fr\/"},{"@type":"ListItem","position":4,"name":"Construction de balcon avec l&#8217;\u00e9tanch\u00e9it\u00e9 de contact Schl\u00fcter\u00ae-DITRA"}]},{"@type":"WebSite","@id":"https:\/\/storax.be\/fr\/#website","url":"https:\/\/storax.be\/fr\/","name":"Storax Belgium","description":"Uw betrouwbare partner voor bouwprojecten","potentialAction":[{"@type":"SearchAction","target":{"@type":"EntryPoint","urlTemplate":"https:\/\/storax.be\/fr\/?s={search_term_string}"},"query-input":{"@type":"PropertyValueSpecification","valueRequired":true,"valueName":"search_term_string"}}],"inLanguage":"fr-FR"}]}},"_links":{"self":[{"href":"https:\/\/storax.be\/fr\/wp-json\/wp\/v2\/product\/116192","targetHints":{"allow":["GET"]}}],"collection":[{"href":"https:\/\/storax.be\/fr\/wp-json\/wp\/v2\/product"}],"about":[{"href":"https:\/\/storax.be\/fr\/wp-json\/wp\/v2\/types\/product"}],"wp:featuredmedia":[{"embeddable":true,"href":"https:\/\/storax.be\/fr\/wp-json\/wp\/v2\/media\/116029"}],"wp:attachment":[{"href":"https:\/\/storax.be\/fr\/wp-json\/wp\/v2\/media?parent=116192"}],"wp:term":[{"taxonomy":"product_category","embeddable":true,"href":"https:\/\/storax.be\/fr\/wp-json\/wp\/v2\/product_category?post=116192"},{"taxonomy":"product_tag","embeddable":true,"href":"https:\/\/storax.be\/fr\/wp-json\/wp\/v2\/product_tag?post=116192"}],"curies":[{"name":"wp","href":"https:\/\/api.w.org\/{rel}","templated":true}]}}