{"id":116186,"date":"2023-04-18T08:41:41","date_gmt":"2023-04-18T08:41:41","guid":{"rendered":"https:\/\/storax.be\/producten\/uncategorized\/schluter-bara-esot\/"},"modified":"2024-05-16T07:39:19","modified_gmt":"2024-05-16T07:39:19","slug":"schluter-bara-esot","status":"publish","type":"product","link":"https:\/\/storax.be\/fr\/producten\/systemes-schluter-pour-balcons-et-terrasses\/schluter-bara-esot\/","title":{"rendered":"Schl\u00fcter-BARA ESOT"},"content":{"rendered":"<p>Schl\u00fcter<sup>\u00ae<\/sup>-BARA-ESOT est un support de plinthe angulaire, destin\u00e9 \u00e0 \u00eatre mis en oeuvre lorsqu\u2019aucun support stable n\u2019est disponible pour les plinthes en c\u00e9ramique. Ce profil\u00e9 peut \u00eatre utilis\u00e9 notamment au niveau des \u00e9tanch\u00e9it\u00e9s bitumeuses ou sur les t\u00f4les de zinc que l\u2019on peut rencontrer dans les transitions murs-sols des balcons et terrasses. Le mur doit \u00eatre pourvu d\u2019une bande de d\u00e9solidarisation \u00e0 hauteur de la plinthe en c\u00e9ramique. L\u2019aile perfor\u00e9e trap\u00e9zo\u00efdale du profil\u00e9 Schl\u00fcter<sup>\u00ae<\/sup>-BARA-ESOT s\u2019ancre dans la couche de mortier-colle, sous le carrelage du sol. Du fait des perforations sp\u00e9ciales de l\u2019aile verticale du profil\u00e9, Schl\u00fcter<sup>\u00ae<\/sup>-BARA-ESOT est pos\u00e9 \u00e0 environ 1 mm de la bande de d\u00e9solidarisation. Une fine couche de colle est d\u2019abord appliqu\u00e9e sur la plinthe en c\u00e9ramique. Puis la plinthe est pos\u00e9e contre l\u2019aile verticale du profil\u00e9. Au niveau des perforations, le mortier-colle appliqu\u00e9e en couche mince p\u00e9n\u00e8tre dans le support de la plinthe et s\u2019imbrique dans la structure pr\u00e9d\u00e9finie du profil\u00e9. Un joint d\u2019environ 5 mm doit \u00eatre pr\u00e9vu entre la plinthe et le carrelage du sol. Ce joint doit ensuite \u00eatre rempli avec du mortier pour joints. Pour finir, un joint \u00e9lastique est pos\u00e9 au-dessus de la plinthe.<\/p>\n","protected":false},"excerpt":{"rendered":"<p>Schl\u00fcter\u00ae-BARA-ESOT est un support de plinthe angulaire, destin\u00e9 \u00e0 \u00eatre mis en oeuvre lorsqu\u2019aucun support stable n\u2019est disponible pour les plinthes en c\u00e9ramique. Ce profil\u00e9 peut \u00eatre utilis\u00e9 notamment au niveau des \u00e9tanch\u00e9it\u00e9s bitumeuses ou sur les t\u00f4les de zinc que l\u2019on peut rencontrer dans les transitions murs-sols des balcons et terrasses. Le mur doit\u2026<\/p>\n","protected":false},"featured_media":116019,"template":"","meta":{"_acf_changed":false},"product_category":[625,774],"product_tag":[780],"class_list":["post-116186","product","type-product","status-publish","has-post-thumbnail","hentry","product_category-schluter-systems-fr","product_category-systemes-schluter-pour-balcons-et-terrasses","product_tag-plintdraagprofiel-fr"],"acf":[],"yoast_head":"<!-- This site is optimized with the Yoast SEO plugin v27.3 - https:\/\/yoast.com\/product\/yoast-seo-wordpress\/ -->\n<title>Schl\u00fcter-BARA ESOT - Storax Belgium<\/title>\n<meta name=\"robots\" content=\"index, follow, max-snippet:-1, max-image-preview:large, max-video-preview:-1\" \/>\n<link rel=\"canonical\" href=\"https:\/\/storax.be\/fr\/producten\/systemes-schluter-pour-balcons-et-terrasses\/schluter-bara-esot\/\" \/>\n<meta property=\"og:locale\" content=\"fr_FR\" \/>\n<meta property=\"og:type\" content=\"article\" \/>\n<meta property=\"og:title\" content=\"Schl\u00fcter-BARA ESOT - Storax Belgium\" \/>\n<meta property=\"og:description\" content=\"Schl\u00fcter\u00ae-BARA-ESOT est un support de plinthe angulaire, destin\u00e9 \u00e0 \u00eatre mis en oeuvre lorsqu\u2019aucun support stable n\u2019est disponible pour les plinthes en c\u00e9ramique. Ce profil\u00e9 peut \u00eatre utilis\u00e9 notamment au niveau des \u00e9tanch\u00e9it\u00e9s bitumeuses ou sur les t\u00f4les de zinc que l\u2019on peut rencontrer dans les transitions murs-sols des balcons et terrasses. Le mur doit\u2026\" \/>\n<meta property=\"og:url\" content=\"https:\/\/storax.be\/fr\/producten\/systemes-schluter-pour-balcons-et-terrasses\/schluter-bara-esot\/\" \/>\n<meta property=\"og:site_name\" content=\"Storax Belgium\" \/>\n<meta property=\"article:modified_time\" content=\"2024-05-16T07:39:19+00:00\" \/>\n<meta property=\"og:image\" content=\"https:\/\/storax.be\/wp-content\/uploads\/sites\/2\/2023\/04\/Schluter-BARA-ESOT.png\" \/>\n\t<meta property=\"og:image:width\" content=\"470\" \/>\n\t<meta property=\"og:image:height\" content=\"470\" \/>\n\t<meta property=\"og:image:type\" content=\"image\/png\" \/>\n<meta name=\"twitter:card\" content=\"summary_large_image\" \/>\n<meta name=\"twitter:label1\" content=\"Dur\u00e9e de lecture estim\u00e9e\" \/>\n\t<meta name=\"twitter:data1\" content=\"1 minute\" \/>\n<script type=\"application\/ld+json\" class=\"yoast-schema-graph\">{\"@context\":\"https:\\\/\\\/schema.org\",\"@graph\":[{\"@type\":\"WebPage\",\"@id\":\"https:\\\/\\\/storax.be\\\/fr\\\/producten\\\/systemes-schluter-pour-balcons-et-terrasses\\\/schluter-bara-esot\\\/\",\"url\":\"https:\\\/\\\/storax.be\\\/fr\\\/producten\\\/systemes-schluter-pour-balcons-et-terrasses\\\/schluter-bara-esot\\\/\",\"name\":\"Schl\u00fcter-BARA ESOT - Storax Belgium\",\"isPartOf\":{\"@id\":\"https:\\\/\\\/storax.be\\\/fr\\\/#website\"},\"primaryImageOfPage\":{\"@id\":\"https:\\\/\\\/storax.be\\\/fr\\\/producten\\\/systemes-schluter-pour-balcons-et-terrasses\\\/schluter-bara-esot\\\/#primaryimage\"},\"image\":{\"@id\":\"https:\\\/\\\/storax.be\\\/fr\\\/producten\\\/systemes-schluter-pour-balcons-et-terrasses\\\/schluter-bara-esot\\\/#primaryimage\"},\"thumbnailUrl\":\"https:\\\/\\\/storax.be\\\/wp-content\\\/uploads\\\/sites\\\/2\\\/2023\\\/04\\\/Schluter-BARA-ESOT.png\",\"datePublished\":\"2023-04-18T08:41:41+00:00\",\"dateModified\":\"2024-05-16T07:39:19+00:00\",\"breadcrumb\":{\"@id\":\"https:\\\/\\\/storax.be\\\/fr\\\/producten\\\/systemes-schluter-pour-balcons-et-terrasses\\\/schluter-bara-esot\\\/#breadcrumb\"},\"inLanguage\":\"fr-FR\",\"potentialAction\":[{\"@type\":\"ReadAction\",\"target\":[\"https:\\\/\\\/storax.be\\\/fr\\\/producten\\\/systemes-schluter-pour-balcons-et-terrasses\\\/schluter-bara-esot\\\/\"]}]},{\"@type\":\"ImageObject\",\"inLanguage\":\"fr-FR\",\"@id\":\"https:\\\/\\\/storax.be\\\/fr\\\/producten\\\/systemes-schluter-pour-balcons-et-terrasses\\\/schluter-bara-esot\\\/#primaryimage\",\"url\":\"https:\\\/\\\/storax.be\\\/wp-content\\\/uploads\\\/sites\\\/2\\\/2023\\\/04\\\/Schluter-BARA-ESOT.png\",\"contentUrl\":\"https:\\\/\\\/storax.be\\\/wp-content\\\/uploads\\\/sites\\\/2\\\/2023\\\/04\\\/Schluter-BARA-ESOT.png\",\"width\":470,\"height\":470,\"caption\":\"Schluter BARA ESOT\"},{\"@type\":\"BreadcrumbList\",\"@id\":\"https:\\\/\\\/storax.be\\\/fr\\\/producten\\\/systemes-schluter-pour-balcons-et-terrasses\\\/schluter-bara-esot\\\/#breadcrumb\",\"itemListElement\":[{\"@type\":\"ListItem\",\"position\":1,\"name\":\"Home\",\"item\":\"https:\\\/\\\/storax.be\\\/fr\\\/\"},{\"@type\":\"ListItem\",\"position\":2,\"name\":\"Producten\",\"item\":\"https:\\\/\\\/storax.be\\\/fr\\\/producten\\\/%product_category%\\\/\"},{\"@type\":\"ListItem\",\"position\":3,\"name\":\"Schl\u00fcter Syst\u00e8mes\",\"item\":\"https:\\\/\\\/storax.be\\\/fr\\\/producten\\\/schluter-systems-fr\\\/\"},{\"@type\":\"ListItem\",\"position\":4,\"name\":\"Schl\u00fcter-BARA ESOT\"}]},{\"@type\":\"WebSite\",\"@id\":\"https:\\\/\\\/storax.be\\\/fr\\\/#website\",\"url\":\"https:\\\/\\\/storax.be\\\/fr\\\/\",\"name\":\"Storax Belgium\",\"description\":\"Uw betrouwbare partner voor bouwprojecten\",\"potentialAction\":[{\"@type\":\"SearchAction\",\"target\":{\"@type\":\"EntryPoint\",\"urlTemplate\":\"https:\\\/\\\/storax.be\\\/fr\\\/?s={search_term_string}\"},\"query-input\":{\"@type\":\"PropertyValueSpecification\",\"valueRequired\":true,\"valueName\":\"search_term_string\"}}],\"inLanguage\":\"fr-FR\"}]}<\/script>\n<!-- \/ Yoast SEO plugin. -->","yoast_head_json":{"title":"Schl\u00fcter-BARA ESOT - Storax Belgium","robots":{"index":"index","follow":"follow","max-snippet":"max-snippet:-1","max-image-preview":"max-image-preview:large","max-video-preview":"max-video-preview:-1"},"canonical":"https:\/\/storax.be\/fr\/producten\/systemes-schluter-pour-balcons-et-terrasses\/schluter-bara-esot\/","og_locale":"fr_FR","og_type":"article","og_title":"Schl\u00fcter-BARA ESOT - Storax Belgium","og_description":"Schl\u00fcter\u00ae-BARA-ESOT est un support de plinthe angulaire, destin\u00e9 \u00e0 \u00eatre mis en oeuvre lorsqu\u2019aucun support stable n\u2019est disponible pour les plinthes en c\u00e9ramique. Ce profil\u00e9 peut \u00eatre utilis\u00e9 notamment au niveau des \u00e9tanch\u00e9it\u00e9s bitumeuses ou sur les t\u00f4les de zinc que l\u2019on peut rencontrer dans les transitions murs-sols des balcons et terrasses. Le mur doit\u2026","og_url":"https:\/\/storax.be\/fr\/producten\/systemes-schluter-pour-balcons-et-terrasses\/schluter-bara-esot\/","og_site_name":"Storax Belgium","article_modified_time":"2024-05-16T07:39:19+00:00","og_image":[{"width":470,"height":470,"url":"https:\/\/storax.be\/wp-content\/uploads\/sites\/2\/2023\/04\/Schluter-BARA-ESOT.png","type":"image\/png"}],"twitter_card":"summary_large_image","twitter_misc":{"Dur\u00e9e de lecture estim\u00e9e":"1 minute"},"schema":{"@context":"https:\/\/schema.org","@graph":[{"@type":"WebPage","@id":"https:\/\/storax.be\/fr\/producten\/systemes-schluter-pour-balcons-et-terrasses\/schluter-bara-esot\/","url":"https:\/\/storax.be\/fr\/producten\/systemes-schluter-pour-balcons-et-terrasses\/schluter-bara-esot\/","name":"Schl\u00fcter-BARA ESOT - Storax Belgium","isPartOf":{"@id":"https:\/\/storax.be\/fr\/#website"},"primaryImageOfPage":{"@id":"https:\/\/storax.be\/fr\/producten\/systemes-schluter-pour-balcons-et-terrasses\/schluter-bara-esot\/#primaryimage"},"image":{"@id":"https:\/\/storax.be\/fr\/producten\/systemes-schluter-pour-balcons-et-terrasses\/schluter-bara-esot\/#primaryimage"},"thumbnailUrl":"https:\/\/storax.be\/wp-content\/uploads\/sites\/2\/2023\/04\/Schluter-BARA-ESOT.png","datePublished":"2023-04-18T08:41:41+00:00","dateModified":"2024-05-16T07:39:19+00:00","breadcrumb":{"@id":"https:\/\/storax.be\/fr\/producten\/systemes-schluter-pour-balcons-et-terrasses\/schluter-bara-esot\/#breadcrumb"},"inLanguage":"fr-FR","potentialAction":[{"@type":"ReadAction","target":["https:\/\/storax.be\/fr\/producten\/systemes-schluter-pour-balcons-et-terrasses\/schluter-bara-esot\/"]}]},{"@type":"ImageObject","inLanguage":"fr-FR","@id":"https:\/\/storax.be\/fr\/producten\/systemes-schluter-pour-balcons-et-terrasses\/schluter-bara-esot\/#primaryimage","url":"https:\/\/storax.be\/wp-content\/uploads\/sites\/2\/2023\/04\/Schluter-BARA-ESOT.png","contentUrl":"https:\/\/storax.be\/wp-content\/uploads\/sites\/2\/2023\/04\/Schluter-BARA-ESOT.png","width":470,"height":470,"caption":"Schluter BARA ESOT"},{"@type":"BreadcrumbList","@id":"https:\/\/storax.be\/fr\/producten\/systemes-schluter-pour-balcons-et-terrasses\/schluter-bara-esot\/#breadcrumb","itemListElement":[{"@type":"ListItem","position":1,"name":"Home","item":"https:\/\/storax.be\/fr\/"},{"@type":"ListItem","position":2,"name":"Producten","item":"https:\/\/storax.be\/fr\/producten\/%product_category%\/"},{"@type":"ListItem","position":3,"name":"Schl\u00fcter Syst\u00e8mes","item":"https:\/\/storax.be\/fr\/producten\/schluter-systems-fr\/"},{"@type":"ListItem","position":4,"name":"Schl\u00fcter-BARA ESOT"}]},{"@type":"WebSite","@id":"https:\/\/storax.be\/fr\/#website","url":"https:\/\/storax.be\/fr\/","name":"Storax Belgium","description":"Uw betrouwbare partner voor bouwprojecten","potentialAction":[{"@type":"SearchAction","target":{"@type":"EntryPoint","urlTemplate":"https:\/\/storax.be\/fr\/?s={search_term_string}"},"query-input":{"@type":"PropertyValueSpecification","valueRequired":true,"valueName":"search_term_string"}}],"inLanguage":"fr-FR"}]}},"_links":{"self":[{"href":"https:\/\/storax.be\/fr\/wp-json\/wp\/v2\/product\/116186","targetHints":{"allow":["GET"]}}],"collection":[{"href":"https:\/\/storax.be\/fr\/wp-json\/wp\/v2\/product"}],"about":[{"href":"https:\/\/storax.be\/fr\/wp-json\/wp\/v2\/types\/product"}],"wp:featuredmedia":[{"embeddable":true,"href":"https:\/\/storax.be\/fr\/wp-json\/wp\/v2\/media\/116019"}],"wp:attachment":[{"href":"https:\/\/storax.be\/fr\/wp-json\/wp\/v2\/media?parent=116186"}],"wp:term":[{"taxonomy":"product_category","embeddable":true,"href":"https:\/\/storax.be\/fr\/wp-json\/wp\/v2\/product_category?post=116186"},{"taxonomy":"product_tag","embeddable":true,"href":"https:\/\/storax.be\/fr\/wp-json\/wp\/v2\/product_tag?post=116186"}],"curies":[{"name":"wp","href":"https:\/\/api.w.org\/{rel}","templated":true}]}}