{"id":116176,"date":"2023-04-18T08:41:41","date_gmt":"2023-04-18T08:41:41","guid":{"rendered":"https:\/\/storax.be\/producten\/uncategorized\/schluter-bara-rap\/"},"modified":"2024-05-16T07:39:18","modified_gmt":"2024-05-16T07:39:18","slug":"schluter-bara-rap","status":"publish","type":"product","link":"https:\/\/storax.be\/fr\/producten\/systemes-schluter-pour-balcons-et-terrasses\/schluter-bara-rap\/","title":{"rendered":"Schl\u00fcter-BARA RAP"},"content":{"rendered":"<p>Schl\u00fcter<sup>\u00ae<\/sup>-BARA-RAP est un profil\u00e9 de recouvrement en aluminium laqu\u00e9. En liaison avec le profil\u00e9-support Schl\u00fcter<sup>\u00ae<\/sup>&#8211; BARA-RW, il sert \u00e0 encadrer les rives de balcons et terrasses. Schl\u00fcter<sup>\u00ae<\/sup>-BARA-RAP se fixe sur le profil\u00e9-support et assure une belle finition de rive ainsi qu\u2019une protection des chants de la chape contre les intemp\u00e9ries et les d\u00e9gradations.<\/p>\n<p>Le profil\u00e9-support Schl\u00fcter<sup>\u00ae<\/sup>-BARA-RW de 30 mm de hauteur est noy\u00e9 avec l\u2019aile de fixation \u00e0 perforations trap\u00e9zo\u00efdales dans le mortier colle et int\u00e9gr\u00e9 dans l\u2019\u00e9tanch\u00e9it\u00e9 composite. Le profil\u00e9 Schl\u00fcter<sup>\u00ae<\/sup>-BARA-RAP vient ensuite se fixer sur ce profil\u00e9-support.<\/p>\n<p>Le bord sup\u00e9rieur du profil\u00e9 d\u00e9 passe le niveau du sol carrel\u00e9 fini d\u2019environ 15 mm et \u00e9vite ainsi un \u00e9coulement incontr\u00f4l\u00e9 de l\u2019eau pluviale.<\/p>\n","protected":false},"excerpt":{"rendered":"<p>Schl\u00fcter\u00ae-BARA-RAP est un profil\u00e9 de recouvrement en aluminium laqu\u00e9. En liaison avec le profil\u00e9-support Schl\u00fcter\u00ae&#8211; BARA-RW, il sert \u00e0 encadrer les rives de balcons et terrasses. Schl\u00fcter\u00ae-BARA-RAP se fixe sur le profil\u00e9-support et assure une belle finition de rive ainsi qu\u2019une protection des chants de la chape contre les intemp\u00e9ries et les d\u00e9gradations. Le profil\u00e9-support\u2026<\/p>\n","protected":false},"featured_media":116003,"template":"","meta":{"_acf_changed":false},"product_category":[625,774],"product_tag":[779],"class_list":["post-116176","product","type-product","status-publish","has-post-thumbnail","hentry","product_category-schluter-systems-fr","product_category-systemes-schluter-pour-balcons-et-terrasses","product_tag-randprofielen-fr"],"acf":[],"yoast_head":"<!-- This site is optimized with the Yoast SEO plugin v27.3 - https:\/\/yoast.com\/product\/yoast-seo-wordpress\/ -->\n<title>Schl\u00fcter-BARA RAP - Storax Belgium<\/title>\n<meta name=\"robots\" content=\"index, follow, max-snippet:-1, max-image-preview:large, max-video-preview:-1\" \/>\n<link rel=\"canonical\" href=\"https:\/\/storax.be\/fr\/producten\/systemes-schluter-pour-balcons-et-terrasses\/schluter-bara-rap\/\" \/>\n<meta property=\"og:locale\" content=\"fr_FR\" \/>\n<meta property=\"og:type\" content=\"article\" \/>\n<meta property=\"og:title\" content=\"Schl\u00fcter-BARA RAP - Storax Belgium\" \/>\n<meta property=\"og:description\" content=\"Schl\u00fcter\u00ae-BARA-RAP est un profil\u00e9 de recouvrement en aluminium laqu\u00e9. En liaison avec le profil\u00e9-support Schl\u00fcter\u00ae&#8211; BARA-RW, il sert \u00e0 encadrer les rives de balcons et terrasses. Schl\u00fcter\u00ae-BARA-RAP se fixe sur le profil\u00e9-support et assure une belle finition de rive ainsi qu\u2019une protection des chants de la chape contre les intemp\u00e9ries et les d\u00e9gradations. Le profil\u00e9-support\u2026\" \/>\n<meta property=\"og:url\" content=\"https:\/\/storax.be\/fr\/producten\/systemes-schluter-pour-balcons-et-terrasses\/schluter-bara-rap\/\" \/>\n<meta property=\"og:site_name\" content=\"Storax Belgium\" \/>\n<meta property=\"article:modified_time\" content=\"2024-05-16T07:39:18+00:00\" \/>\n<meta property=\"og:image\" content=\"https:\/\/storax.be\/wp-content\/uploads\/sites\/2\/2023\/04\/Schluter-BARA-RAP.png\" \/>\n\t<meta property=\"og:image:width\" content=\"470\" \/>\n\t<meta property=\"og:image:height\" content=\"470\" \/>\n\t<meta property=\"og:image:type\" content=\"image\/png\" \/>\n<meta name=\"twitter:card\" content=\"summary_large_image\" \/>\n<meta name=\"twitter:label1\" content=\"Dur\u00e9e de lecture estim\u00e9e\" \/>\n\t<meta name=\"twitter:data1\" content=\"1 minute\" \/>\n<script type=\"application\/ld+json\" class=\"yoast-schema-graph\">{\"@context\":\"https:\\\/\\\/schema.org\",\"@graph\":[{\"@type\":\"WebPage\",\"@id\":\"https:\\\/\\\/storax.be\\\/fr\\\/producten\\\/systemes-schluter-pour-balcons-et-terrasses\\\/schluter-bara-rap\\\/\",\"url\":\"https:\\\/\\\/storax.be\\\/fr\\\/producten\\\/systemes-schluter-pour-balcons-et-terrasses\\\/schluter-bara-rap\\\/\",\"name\":\"Schl\u00fcter-BARA RAP - Storax Belgium\",\"isPartOf\":{\"@id\":\"https:\\\/\\\/storax.be\\\/fr\\\/#website\"},\"primaryImageOfPage\":{\"@id\":\"https:\\\/\\\/storax.be\\\/fr\\\/producten\\\/systemes-schluter-pour-balcons-et-terrasses\\\/schluter-bara-rap\\\/#primaryimage\"},\"image\":{\"@id\":\"https:\\\/\\\/storax.be\\\/fr\\\/producten\\\/systemes-schluter-pour-balcons-et-terrasses\\\/schluter-bara-rap\\\/#primaryimage\"},\"thumbnailUrl\":\"https:\\\/\\\/storax.be\\\/wp-content\\\/uploads\\\/sites\\\/2\\\/2023\\\/04\\\/Schluter-BARA-RAP.png\",\"datePublished\":\"2023-04-18T08:41:41+00:00\",\"dateModified\":\"2024-05-16T07:39:18+00:00\",\"breadcrumb\":{\"@id\":\"https:\\\/\\\/storax.be\\\/fr\\\/producten\\\/systemes-schluter-pour-balcons-et-terrasses\\\/schluter-bara-rap\\\/#breadcrumb\"},\"inLanguage\":\"fr-FR\",\"potentialAction\":[{\"@type\":\"ReadAction\",\"target\":[\"https:\\\/\\\/storax.be\\\/fr\\\/producten\\\/systemes-schluter-pour-balcons-et-terrasses\\\/schluter-bara-rap\\\/\"]}]},{\"@type\":\"ImageObject\",\"inLanguage\":\"fr-FR\",\"@id\":\"https:\\\/\\\/storax.be\\\/fr\\\/producten\\\/systemes-schluter-pour-balcons-et-terrasses\\\/schluter-bara-rap\\\/#primaryimage\",\"url\":\"https:\\\/\\\/storax.be\\\/wp-content\\\/uploads\\\/sites\\\/2\\\/2023\\\/04\\\/Schluter-BARA-RAP.png\",\"contentUrl\":\"https:\\\/\\\/storax.be\\\/wp-content\\\/uploads\\\/sites\\\/2\\\/2023\\\/04\\\/Schluter-BARA-RAP.png\",\"width\":470,\"height\":470,\"caption\":\"Schluter BARA RAP\"},{\"@type\":\"BreadcrumbList\",\"@id\":\"https:\\\/\\\/storax.be\\\/fr\\\/producten\\\/systemes-schluter-pour-balcons-et-terrasses\\\/schluter-bara-rap\\\/#breadcrumb\",\"itemListElement\":[{\"@type\":\"ListItem\",\"position\":1,\"name\":\"Home\",\"item\":\"https:\\\/\\\/storax.be\\\/fr\\\/\"},{\"@type\":\"ListItem\",\"position\":2,\"name\":\"Producten\",\"item\":\"https:\\\/\\\/storax.be\\\/fr\\\/producten\\\/%product_category%\\\/\"},{\"@type\":\"ListItem\",\"position\":3,\"name\":\"Schl\u00fcter Syst\u00e8mes\",\"item\":\"https:\\\/\\\/storax.be\\\/fr\\\/producten\\\/schluter-systems-fr\\\/\"},{\"@type\":\"ListItem\",\"position\":4,\"name\":\"Schl\u00fcter-BARA RAP\"}]},{\"@type\":\"WebSite\",\"@id\":\"https:\\\/\\\/storax.be\\\/fr\\\/#website\",\"url\":\"https:\\\/\\\/storax.be\\\/fr\\\/\",\"name\":\"Storax Belgium\",\"description\":\"Uw betrouwbare partner voor bouwprojecten\",\"potentialAction\":[{\"@type\":\"SearchAction\",\"target\":{\"@type\":\"EntryPoint\",\"urlTemplate\":\"https:\\\/\\\/storax.be\\\/fr\\\/?s={search_term_string}\"},\"query-input\":{\"@type\":\"PropertyValueSpecification\",\"valueRequired\":true,\"valueName\":\"search_term_string\"}}],\"inLanguage\":\"fr-FR\"}]}<\/script>\n<!-- \/ Yoast SEO plugin. -->","yoast_head_json":{"title":"Schl\u00fcter-BARA RAP - Storax Belgium","robots":{"index":"index","follow":"follow","max-snippet":"max-snippet:-1","max-image-preview":"max-image-preview:large","max-video-preview":"max-video-preview:-1"},"canonical":"https:\/\/storax.be\/fr\/producten\/systemes-schluter-pour-balcons-et-terrasses\/schluter-bara-rap\/","og_locale":"fr_FR","og_type":"article","og_title":"Schl\u00fcter-BARA RAP - Storax Belgium","og_description":"Schl\u00fcter\u00ae-BARA-RAP est un profil\u00e9 de recouvrement en aluminium laqu\u00e9. En liaison avec le profil\u00e9-support Schl\u00fcter\u00ae&#8211; BARA-RW, il sert \u00e0 encadrer les rives de balcons et terrasses. Schl\u00fcter\u00ae-BARA-RAP se fixe sur le profil\u00e9-support et assure une belle finition de rive ainsi qu\u2019une protection des chants de la chape contre les intemp\u00e9ries et les d\u00e9gradations. Le profil\u00e9-support\u2026","og_url":"https:\/\/storax.be\/fr\/producten\/systemes-schluter-pour-balcons-et-terrasses\/schluter-bara-rap\/","og_site_name":"Storax Belgium","article_modified_time":"2024-05-16T07:39:18+00:00","og_image":[{"width":470,"height":470,"url":"https:\/\/storax.be\/wp-content\/uploads\/sites\/2\/2023\/04\/Schluter-BARA-RAP.png","type":"image\/png"}],"twitter_card":"summary_large_image","twitter_misc":{"Dur\u00e9e de lecture estim\u00e9e":"1 minute"},"schema":{"@context":"https:\/\/schema.org","@graph":[{"@type":"WebPage","@id":"https:\/\/storax.be\/fr\/producten\/systemes-schluter-pour-balcons-et-terrasses\/schluter-bara-rap\/","url":"https:\/\/storax.be\/fr\/producten\/systemes-schluter-pour-balcons-et-terrasses\/schluter-bara-rap\/","name":"Schl\u00fcter-BARA RAP - Storax Belgium","isPartOf":{"@id":"https:\/\/storax.be\/fr\/#website"},"primaryImageOfPage":{"@id":"https:\/\/storax.be\/fr\/producten\/systemes-schluter-pour-balcons-et-terrasses\/schluter-bara-rap\/#primaryimage"},"image":{"@id":"https:\/\/storax.be\/fr\/producten\/systemes-schluter-pour-balcons-et-terrasses\/schluter-bara-rap\/#primaryimage"},"thumbnailUrl":"https:\/\/storax.be\/wp-content\/uploads\/sites\/2\/2023\/04\/Schluter-BARA-RAP.png","datePublished":"2023-04-18T08:41:41+00:00","dateModified":"2024-05-16T07:39:18+00:00","breadcrumb":{"@id":"https:\/\/storax.be\/fr\/producten\/systemes-schluter-pour-balcons-et-terrasses\/schluter-bara-rap\/#breadcrumb"},"inLanguage":"fr-FR","potentialAction":[{"@type":"ReadAction","target":["https:\/\/storax.be\/fr\/producten\/systemes-schluter-pour-balcons-et-terrasses\/schluter-bara-rap\/"]}]},{"@type":"ImageObject","inLanguage":"fr-FR","@id":"https:\/\/storax.be\/fr\/producten\/systemes-schluter-pour-balcons-et-terrasses\/schluter-bara-rap\/#primaryimage","url":"https:\/\/storax.be\/wp-content\/uploads\/sites\/2\/2023\/04\/Schluter-BARA-RAP.png","contentUrl":"https:\/\/storax.be\/wp-content\/uploads\/sites\/2\/2023\/04\/Schluter-BARA-RAP.png","width":470,"height":470,"caption":"Schluter BARA RAP"},{"@type":"BreadcrumbList","@id":"https:\/\/storax.be\/fr\/producten\/systemes-schluter-pour-balcons-et-terrasses\/schluter-bara-rap\/#breadcrumb","itemListElement":[{"@type":"ListItem","position":1,"name":"Home","item":"https:\/\/storax.be\/fr\/"},{"@type":"ListItem","position":2,"name":"Producten","item":"https:\/\/storax.be\/fr\/producten\/%product_category%\/"},{"@type":"ListItem","position":3,"name":"Schl\u00fcter Syst\u00e8mes","item":"https:\/\/storax.be\/fr\/producten\/schluter-systems-fr\/"},{"@type":"ListItem","position":4,"name":"Schl\u00fcter-BARA RAP"}]},{"@type":"WebSite","@id":"https:\/\/storax.be\/fr\/#website","url":"https:\/\/storax.be\/fr\/","name":"Storax Belgium","description":"Uw betrouwbare partner voor bouwprojecten","potentialAction":[{"@type":"SearchAction","target":{"@type":"EntryPoint","urlTemplate":"https:\/\/storax.be\/fr\/?s={search_term_string}"},"query-input":{"@type":"PropertyValueSpecification","valueRequired":true,"valueName":"search_term_string"}}],"inLanguage":"fr-FR"}]}},"_links":{"self":[{"href":"https:\/\/storax.be\/fr\/wp-json\/wp\/v2\/product\/116176","targetHints":{"allow":["GET"]}}],"collection":[{"href":"https:\/\/storax.be\/fr\/wp-json\/wp\/v2\/product"}],"about":[{"href":"https:\/\/storax.be\/fr\/wp-json\/wp\/v2\/types\/product"}],"wp:featuredmedia":[{"embeddable":true,"href":"https:\/\/storax.be\/fr\/wp-json\/wp\/v2\/media\/116003"}],"wp:attachment":[{"href":"https:\/\/storax.be\/fr\/wp-json\/wp\/v2\/media?parent=116176"}],"wp:term":[{"taxonomy":"product_category","embeddable":true,"href":"https:\/\/storax.be\/fr\/wp-json\/wp\/v2\/product_category?post=116176"},{"taxonomy":"product_tag","embeddable":true,"href":"https:\/\/storax.be\/fr\/wp-json\/wp\/v2\/product_tag?post=116176"}],"curies":[{"name":"wp","href":"https:\/\/api.w.org\/{rel}","templated":true}]}}