{"id":116168,"date":"2023-04-18T08:41:42","date_gmt":"2023-04-18T08:41:42","guid":{"rendered":"https:\/\/storax.be\/producten\/uncategorized\/schluter-bara-rha\/"},"modified":"2024-05-16T07:39:18","modified_gmt":"2024-05-16T07:39:18","slug":"schluter-bara-rha","status":"publish","type":"product","link":"https:\/\/storax.be\/fr\/producten\/systemes-schluter-pour-balcons-et-terrasses\/schluter-bara-rha\/","title":{"rendered":"Schl\u00fcter-BARA RHA"},"content":{"rendered":"<p><strong>Schl\u00fcter-BARA-RHA<\/strong>\u00a0est un profil\u00e9 de recouvrement en aluminium color\u00e9 r\u00e9glable en hauteur.<\/p>\n<p>En liaison avec des profil\u00e9s-supports BARA correspondants, il permet de couvrir les chants libres de balcons et de terrasses. Il est ainsi possible de r\u00e9aliser un recouvrement de structures allant jusqu\u2019\u00e0 220 mm de hauteur. Schl\u00fcter-BARA-RHA est ins\u00e9r\u00e9 dans le profil\u00e9-support adapt\u00e9, et cr\u00e9e une bordure esth\u00e9tique.<\/p>\n<p>Le bord sup\u00e9rieur de la partie verticale du profil\u00e9 peut \u00eatre align\u00e9 par rapport au bord sup\u00e9rieur du rev\u00eatement carrel\u00e9 afin d&rsquo;y affleurer. Schl\u00fcter-BARA-RHA peut \u00eatre combin\u00e9 aux profil\u00e9s-support suivants :<\/p>\n<ul>\n<li>BARA-RW<\/li>\n<li>BARA-RWL<\/li>\n<li>BARA-RKL<\/li>\n<li>BARA-RKLT<\/li>\n<li>BARA-RT<\/li>\n<\/ul>\n","protected":false},"excerpt":{"rendered":"<p>Schl\u00fcter-BARA-RHA\u00a0est un profil\u00e9 de recouvrement en aluminium color\u00e9 r\u00e9glable en hauteur. En liaison avec des profil\u00e9s-supports BARA correspondants, il permet de couvrir les chants libres de balcons et de terrasses. Il est ainsi possible de r\u00e9aliser un recouvrement de structures allant jusqu\u2019\u00e0 220 mm de hauteur. Schl\u00fcter-BARA-RHA est ins\u00e9r\u00e9 dans le profil\u00e9-support adapt\u00e9, et cr\u00e9e\u2026<\/p>\n","protected":false},"featured_media":115986,"template":"","meta":{"_acf_changed":false},"product_category":[625,774],"product_tag":[779],"class_list":["post-116168","product","type-product","status-publish","has-post-thumbnail","hentry","product_category-schluter-systems-fr","product_category-systemes-schluter-pour-balcons-et-terrasses","product_tag-randprofielen-fr"],"acf":[],"yoast_head":"<!-- This site is optimized with the Yoast SEO plugin v27.3 - https:\/\/yoast.com\/product\/yoast-seo-wordpress\/ -->\n<title>Schl\u00fcter-BARA RHA - Storax Belgium<\/title>\n<meta name=\"robots\" content=\"index, follow, max-snippet:-1, max-image-preview:large, max-video-preview:-1\" \/>\n<link rel=\"canonical\" href=\"https:\/\/storax.be\/fr\/producten\/systemes-schluter-pour-balcons-et-terrasses\/schluter-bara-rha\/\" \/>\n<meta property=\"og:locale\" content=\"fr_FR\" \/>\n<meta property=\"og:type\" content=\"article\" \/>\n<meta property=\"og:title\" content=\"Schl\u00fcter-BARA RHA - Storax Belgium\" \/>\n<meta property=\"og:description\" content=\"Schl\u00fcter-BARA-RHA\u00a0est un profil\u00e9 de recouvrement en aluminium color\u00e9 r\u00e9glable en hauteur. En liaison avec des profil\u00e9s-supports BARA correspondants, il permet de couvrir les chants libres de balcons et de terrasses. Il est ainsi possible de r\u00e9aliser un recouvrement de structures allant jusqu\u2019\u00e0 220 mm de hauteur. Schl\u00fcter-BARA-RHA est ins\u00e9r\u00e9 dans le profil\u00e9-support adapt\u00e9, et cr\u00e9e\u2026\" \/>\n<meta property=\"og:url\" content=\"https:\/\/storax.be\/fr\/producten\/systemes-schluter-pour-balcons-et-terrasses\/schluter-bara-rha\/\" \/>\n<meta property=\"og:site_name\" content=\"Storax Belgium\" \/>\n<meta property=\"article:modified_time\" content=\"2024-05-16T07:39:18+00:00\" \/>\n<meta property=\"og:image\" content=\"https:\/\/storax.be\/wp-content\/uploads\/sites\/2\/2023\/04\/Schluter-BARA-RHA-.png\" \/>\n\t<meta property=\"og:image:width\" content=\"470\" \/>\n\t<meta property=\"og:image:height\" content=\"470\" \/>\n\t<meta property=\"og:image:type\" content=\"image\/png\" \/>\n<meta name=\"twitter:card\" content=\"summary_large_image\" \/>\n<meta name=\"twitter:label1\" content=\"Dur\u00e9e de lecture estim\u00e9e\" \/>\n\t<meta name=\"twitter:data1\" content=\"1 minute\" \/>\n<script type=\"application\/ld+json\" class=\"yoast-schema-graph\">{\"@context\":\"https:\\\/\\\/schema.org\",\"@graph\":[{\"@type\":\"WebPage\",\"@id\":\"https:\\\/\\\/storax.be\\\/fr\\\/producten\\\/systemes-schluter-pour-balcons-et-terrasses\\\/schluter-bara-rha\\\/\",\"url\":\"https:\\\/\\\/storax.be\\\/fr\\\/producten\\\/systemes-schluter-pour-balcons-et-terrasses\\\/schluter-bara-rha\\\/\",\"name\":\"Schl\u00fcter-BARA RHA - Storax Belgium\",\"isPartOf\":{\"@id\":\"https:\\\/\\\/storax.be\\\/fr\\\/#website\"},\"primaryImageOfPage\":{\"@id\":\"https:\\\/\\\/storax.be\\\/fr\\\/producten\\\/systemes-schluter-pour-balcons-et-terrasses\\\/schluter-bara-rha\\\/#primaryimage\"},\"image\":{\"@id\":\"https:\\\/\\\/storax.be\\\/fr\\\/producten\\\/systemes-schluter-pour-balcons-et-terrasses\\\/schluter-bara-rha\\\/#primaryimage\"},\"thumbnailUrl\":\"https:\\\/\\\/storax.be\\\/wp-content\\\/uploads\\\/sites\\\/2\\\/2023\\\/04\\\/Schluter-BARA-RHA-.png\",\"datePublished\":\"2023-04-18T08:41:42+00:00\",\"dateModified\":\"2024-05-16T07:39:18+00:00\",\"breadcrumb\":{\"@id\":\"https:\\\/\\\/storax.be\\\/fr\\\/producten\\\/systemes-schluter-pour-balcons-et-terrasses\\\/schluter-bara-rha\\\/#breadcrumb\"},\"inLanguage\":\"fr-FR\",\"potentialAction\":[{\"@type\":\"ReadAction\",\"target\":[\"https:\\\/\\\/storax.be\\\/fr\\\/producten\\\/systemes-schluter-pour-balcons-et-terrasses\\\/schluter-bara-rha\\\/\"]}]},{\"@type\":\"ImageObject\",\"inLanguage\":\"fr-FR\",\"@id\":\"https:\\\/\\\/storax.be\\\/fr\\\/producten\\\/systemes-schluter-pour-balcons-et-terrasses\\\/schluter-bara-rha\\\/#primaryimage\",\"url\":\"https:\\\/\\\/storax.be\\\/wp-content\\\/uploads\\\/sites\\\/2\\\/2023\\\/04\\\/Schluter-BARA-RHA-.png\",\"contentUrl\":\"https:\\\/\\\/storax.be\\\/wp-content\\\/uploads\\\/sites\\\/2\\\/2023\\\/04\\\/Schluter-BARA-RHA-.png\",\"width\":470,\"height\":470,\"caption\":\"Schluter BARA RHA\"},{\"@type\":\"BreadcrumbList\",\"@id\":\"https:\\\/\\\/storax.be\\\/fr\\\/producten\\\/systemes-schluter-pour-balcons-et-terrasses\\\/schluter-bara-rha\\\/#breadcrumb\",\"itemListElement\":[{\"@type\":\"ListItem\",\"position\":1,\"name\":\"Home\",\"item\":\"https:\\\/\\\/storax.be\\\/fr\\\/\"},{\"@type\":\"ListItem\",\"position\":2,\"name\":\"Producten\",\"item\":\"https:\\\/\\\/storax.be\\\/fr\\\/producten\\\/%product_category%\\\/\"},{\"@type\":\"ListItem\",\"position\":3,\"name\":\"Schl\u00fcter Syst\u00e8mes\",\"item\":\"https:\\\/\\\/storax.be\\\/fr\\\/producten\\\/schluter-systems-fr\\\/\"},{\"@type\":\"ListItem\",\"position\":4,\"name\":\"Schl\u00fcter-BARA RHA\"}]},{\"@type\":\"WebSite\",\"@id\":\"https:\\\/\\\/storax.be\\\/fr\\\/#website\",\"url\":\"https:\\\/\\\/storax.be\\\/fr\\\/\",\"name\":\"Storax Belgium\",\"description\":\"Uw betrouwbare partner voor bouwprojecten\",\"potentialAction\":[{\"@type\":\"SearchAction\",\"target\":{\"@type\":\"EntryPoint\",\"urlTemplate\":\"https:\\\/\\\/storax.be\\\/fr\\\/?s={search_term_string}\"},\"query-input\":{\"@type\":\"PropertyValueSpecification\",\"valueRequired\":true,\"valueName\":\"search_term_string\"}}],\"inLanguage\":\"fr-FR\"}]}<\/script>\n<!-- \/ Yoast SEO plugin. -->","yoast_head_json":{"title":"Schl\u00fcter-BARA RHA - Storax Belgium","robots":{"index":"index","follow":"follow","max-snippet":"max-snippet:-1","max-image-preview":"max-image-preview:large","max-video-preview":"max-video-preview:-1"},"canonical":"https:\/\/storax.be\/fr\/producten\/systemes-schluter-pour-balcons-et-terrasses\/schluter-bara-rha\/","og_locale":"fr_FR","og_type":"article","og_title":"Schl\u00fcter-BARA RHA - Storax Belgium","og_description":"Schl\u00fcter-BARA-RHA\u00a0est un profil\u00e9 de recouvrement en aluminium color\u00e9 r\u00e9glable en hauteur. En liaison avec des profil\u00e9s-supports BARA correspondants, il permet de couvrir les chants libres de balcons et de terrasses. Il est ainsi possible de r\u00e9aliser un recouvrement de structures allant jusqu\u2019\u00e0 220 mm de hauteur. Schl\u00fcter-BARA-RHA est ins\u00e9r\u00e9 dans le profil\u00e9-support adapt\u00e9, et cr\u00e9e\u2026","og_url":"https:\/\/storax.be\/fr\/producten\/systemes-schluter-pour-balcons-et-terrasses\/schluter-bara-rha\/","og_site_name":"Storax Belgium","article_modified_time":"2024-05-16T07:39:18+00:00","og_image":[{"width":470,"height":470,"url":"https:\/\/storax.be\/wp-content\/uploads\/sites\/2\/2023\/04\/Schluter-BARA-RHA-.png","type":"image\/png"}],"twitter_card":"summary_large_image","twitter_misc":{"Dur\u00e9e de lecture estim\u00e9e":"1 minute"},"schema":{"@context":"https:\/\/schema.org","@graph":[{"@type":"WebPage","@id":"https:\/\/storax.be\/fr\/producten\/systemes-schluter-pour-balcons-et-terrasses\/schluter-bara-rha\/","url":"https:\/\/storax.be\/fr\/producten\/systemes-schluter-pour-balcons-et-terrasses\/schluter-bara-rha\/","name":"Schl\u00fcter-BARA RHA - Storax Belgium","isPartOf":{"@id":"https:\/\/storax.be\/fr\/#website"},"primaryImageOfPage":{"@id":"https:\/\/storax.be\/fr\/producten\/systemes-schluter-pour-balcons-et-terrasses\/schluter-bara-rha\/#primaryimage"},"image":{"@id":"https:\/\/storax.be\/fr\/producten\/systemes-schluter-pour-balcons-et-terrasses\/schluter-bara-rha\/#primaryimage"},"thumbnailUrl":"https:\/\/storax.be\/wp-content\/uploads\/sites\/2\/2023\/04\/Schluter-BARA-RHA-.png","datePublished":"2023-04-18T08:41:42+00:00","dateModified":"2024-05-16T07:39:18+00:00","breadcrumb":{"@id":"https:\/\/storax.be\/fr\/producten\/systemes-schluter-pour-balcons-et-terrasses\/schluter-bara-rha\/#breadcrumb"},"inLanguage":"fr-FR","potentialAction":[{"@type":"ReadAction","target":["https:\/\/storax.be\/fr\/producten\/systemes-schluter-pour-balcons-et-terrasses\/schluter-bara-rha\/"]}]},{"@type":"ImageObject","inLanguage":"fr-FR","@id":"https:\/\/storax.be\/fr\/producten\/systemes-schluter-pour-balcons-et-terrasses\/schluter-bara-rha\/#primaryimage","url":"https:\/\/storax.be\/wp-content\/uploads\/sites\/2\/2023\/04\/Schluter-BARA-RHA-.png","contentUrl":"https:\/\/storax.be\/wp-content\/uploads\/sites\/2\/2023\/04\/Schluter-BARA-RHA-.png","width":470,"height":470,"caption":"Schluter BARA RHA"},{"@type":"BreadcrumbList","@id":"https:\/\/storax.be\/fr\/producten\/systemes-schluter-pour-balcons-et-terrasses\/schluter-bara-rha\/#breadcrumb","itemListElement":[{"@type":"ListItem","position":1,"name":"Home","item":"https:\/\/storax.be\/fr\/"},{"@type":"ListItem","position":2,"name":"Producten","item":"https:\/\/storax.be\/fr\/producten\/%product_category%\/"},{"@type":"ListItem","position":3,"name":"Schl\u00fcter Syst\u00e8mes","item":"https:\/\/storax.be\/fr\/producten\/schluter-systems-fr\/"},{"@type":"ListItem","position":4,"name":"Schl\u00fcter-BARA RHA"}]},{"@type":"WebSite","@id":"https:\/\/storax.be\/fr\/#website","url":"https:\/\/storax.be\/fr\/","name":"Storax Belgium","description":"Uw betrouwbare partner voor bouwprojecten","potentialAction":[{"@type":"SearchAction","target":{"@type":"EntryPoint","urlTemplate":"https:\/\/storax.be\/fr\/?s={search_term_string}"},"query-input":{"@type":"PropertyValueSpecification","valueRequired":true,"valueName":"search_term_string"}}],"inLanguage":"fr-FR"}]}},"_links":{"self":[{"href":"https:\/\/storax.be\/fr\/wp-json\/wp\/v2\/product\/116168","targetHints":{"allow":["GET"]}}],"collection":[{"href":"https:\/\/storax.be\/fr\/wp-json\/wp\/v2\/product"}],"about":[{"href":"https:\/\/storax.be\/fr\/wp-json\/wp\/v2\/types\/product"}],"wp:featuredmedia":[{"embeddable":true,"href":"https:\/\/storax.be\/fr\/wp-json\/wp\/v2\/media\/115986"}],"wp:attachment":[{"href":"https:\/\/storax.be\/fr\/wp-json\/wp\/v2\/media?parent=116168"}],"wp:term":[{"taxonomy":"product_category","embeddable":true,"href":"https:\/\/storax.be\/fr\/wp-json\/wp\/v2\/product_category?post=116168"},{"taxonomy":"product_tag","embeddable":true,"href":"https:\/\/storax.be\/fr\/wp-json\/wp\/v2\/product_tag?post=116168"}],"curies":[{"name":"wp","href":"https:\/\/api.w.org\/{rel}","templated":true}]}}