{"id":116165,"date":"2023-04-18T08:41:42","date_gmt":"2023-04-18T08:41:42","guid":{"rendered":"https:\/\/storax.be\/producten\/uncategorized\/schluter-bara-rwl\/"},"modified":"2024-05-16T07:39:17","modified_gmt":"2024-05-16T07:39:17","slug":"schluter-bara-rwl","status":"publish","type":"product","link":"https:\/\/storax.be\/fr\/producten\/systemes-schluter-pour-balcons-et-terrasses\/schluter-bara-rwl\/","title":{"rendered":"Schl\u00fcter-BARA RWL"},"content":{"rendered":"<p><strong>Schl\u00fcter-BARA-RWL<\/strong>\u00a0est un profil\u00e9 de finition des chants de dalles de grand format qui peuvent \u00eatre pos\u00e9es, au choix, sur un lit de gravier sans liant ou sur un syst\u00e8me de plots sur natte de drainage au-dessus des \u00e9tanch\u00e9it\u00e9s selon la norme DIN 18531.<\/p>\n<p>L\u2019ailette de fixation \u00e0 perforations trap\u00e9zo\u00efdales du Schl\u00fcter-BARA-RWL doit \u00eatre cal\u00e9e au niveau du rebord. La partie verticale permet de masquer l\u2019ensemble du chant du rev\u00eatement, le lit de gravier ou le syst\u00e8me de plots. Les hauteurs de profil\u00e9 vont de 15 \u00e0 150 mm. La partie inf\u00e9rieure du profil\u00e9 pr\u00e9sente, tous les 7,5 cm, des orifices qui permettent de garantir l\u2019\u00e9vacuation de l\u2019eau drain\u00e9e.<\/p>\n","protected":false},"excerpt":{"rendered":"<p>Schl\u00fcter-BARA-RWL\u00a0est un profil\u00e9 de finition des chants de dalles de grand format qui peuvent \u00eatre pos\u00e9es, au choix, sur un lit de gravier sans liant ou sur un syst\u00e8me de plots sur natte de drainage au-dessus des \u00e9tanch\u00e9it\u00e9s selon la norme DIN 18531. L\u2019ailette de fixation \u00e0 perforations trap\u00e9zo\u00efdales du Schl\u00fcter-BARA-RWL doit \u00eatre cal\u00e9e au\u2026<\/p>\n","protected":false},"featured_media":115981,"template":"","meta":{"_acf_changed":false},"product_category":[625,774],"product_tag":[779],"class_list":["post-116165","product","type-product","status-publish","has-post-thumbnail","hentry","product_category-schluter-systems-fr","product_category-systemes-schluter-pour-balcons-et-terrasses","product_tag-randprofielen-fr"],"acf":[],"yoast_head":"<!-- This site is optimized with the Yoast SEO plugin v27.3 - https:\/\/yoast.com\/product\/yoast-seo-wordpress\/ -->\n<title>Schl\u00fcter-BARA RWL - Storax Belgium<\/title>\n<meta name=\"robots\" content=\"index, follow, max-snippet:-1, max-image-preview:large, max-video-preview:-1\" \/>\n<link rel=\"canonical\" href=\"https:\/\/storax.be\/fr\/producten\/systemes-schluter-pour-balcons-et-terrasses\/schluter-bara-rwl\/\" \/>\n<meta property=\"og:locale\" content=\"fr_FR\" \/>\n<meta property=\"og:type\" content=\"article\" \/>\n<meta property=\"og:title\" content=\"Schl\u00fcter-BARA RWL - Storax Belgium\" \/>\n<meta property=\"og:description\" content=\"Schl\u00fcter-BARA-RWL\u00a0est un profil\u00e9 de finition des chants de dalles de grand format qui peuvent \u00eatre pos\u00e9es, au choix, sur un lit de gravier sans liant ou sur un syst\u00e8me de plots sur natte de drainage au-dessus des \u00e9tanch\u00e9it\u00e9s selon la norme DIN 18531. L\u2019ailette de fixation \u00e0 perforations trap\u00e9zo\u00efdales du Schl\u00fcter-BARA-RWL doit \u00eatre cal\u00e9e au\u2026\" \/>\n<meta property=\"og:url\" content=\"https:\/\/storax.be\/fr\/producten\/systemes-schluter-pour-balcons-et-terrasses\/schluter-bara-rwl\/\" \/>\n<meta property=\"og:site_name\" content=\"Storax Belgium\" \/>\n<meta property=\"article:modified_time\" content=\"2024-05-16T07:39:17+00:00\" \/>\n<meta property=\"og:image\" content=\"https:\/\/storax.be\/wp-content\/uploads\/sites\/2\/2023\/04\/Schluter-BARA-RWL.png\" \/>\n\t<meta property=\"og:image:width\" content=\"470\" \/>\n\t<meta property=\"og:image:height\" content=\"470\" \/>\n\t<meta property=\"og:image:type\" content=\"image\/png\" \/>\n<meta name=\"twitter:card\" content=\"summary_large_image\" \/>\n<meta name=\"twitter:label1\" content=\"Dur\u00e9e de lecture estim\u00e9e\" \/>\n\t<meta name=\"twitter:data1\" content=\"1 minute\" \/>\n<script type=\"application\/ld+json\" class=\"yoast-schema-graph\">{\"@context\":\"https:\\\/\\\/schema.org\",\"@graph\":[{\"@type\":\"WebPage\",\"@id\":\"https:\\\/\\\/storax.be\\\/fr\\\/producten\\\/systemes-schluter-pour-balcons-et-terrasses\\\/schluter-bara-rwl\\\/\",\"url\":\"https:\\\/\\\/storax.be\\\/fr\\\/producten\\\/systemes-schluter-pour-balcons-et-terrasses\\\/schluter-bara-rwl\\\/\",\"name\":\"Schl\u00fcter-BARA RWL - Storax Belgium\",\"isPartOf\":{\"@id\":\"https:\\\/\\\/storax.be\\\/fr\\\/#website\"},\"primaryImageOfPage\":{\"@id\":\"https:\\\/\\\/storax.be\\\/fr\\\/producten\\\/systemes-schluter-pour-balcons-et-terrasses\\\/schluter-bara-rwl\\\/#primaryimage\"},\"image\":{\"@id\":\"https:\\\/\\\/storax.be\\\/fr\\\/producten\\\/systemes-schluter-pour-balcons-et-terrasses\\\/schluter-bara-rwl\\\/#primaryimage\"},\"thumbnailUrl\":\"https:\\\/\\\/storax.be\\\/wp-content\\\/uploads\\\/sites\\\/2\\\/2023\\\/04\\\/Schluter-BARA-RWL.png\",\"datePublished\":\"2023-04-18T08:41:42+00:00\",\"dateModified\":\"2024-05-16T07:39:17+00:00\",\"breadcrumb\":{\"@id\":\"https:\\\/\\\/storax.be\\\/fr\\\/producten\\\/systemes-schluter-pour-balcons-et-terrasses\\\/schluter-bara-rwl\\\/#breadcrumb\"},\"inLanguage\":\"fr-FR\",\"potentialAction\":[{\"@type\":\"ReadAction\",\"target\":[\"https:\\\/\\\/storax.be\\\/fr\\\/producten\\\/systemes-schluter-pour-balcons-et-terrasses\\\/schluter-bara-rwl\\\/\"]}]},{\"@type\":\"ImageObject\",\"inLanguage\":\"fr-FR\",\"@id\":\"https:\\\/\\\/storax.be\\\/fr\\\/producten\\\/systemes-schluter-pour-balcons-et-terrasses\\\/schluter-bara-rwl\\\/#primaryimage\",\"url\":\"https:\\\/\\\/storax.be\\\/wp-content\\\/uploads\\\/sites\\\/2\\\/2023\\\/04\\\/Schluter-BARA-RWL.png\",\"contentUrl\":\"https:\\\/\\\/storax.be\\\/wp-content\\\/uploads\\\/sites\\\/2\\\/2023\\\/04\\\/Schluter-BARA-RWL.png\",\"width\":470,\"height\":470,\"caption\":\"Schluter BARA RWL\"},{\"@type\":\"BreadcrumbList\",\"@id\":\"https:\\\/\\\/storax.be\\\/fr\\\/producten\\\/systemes-schluter-pour-balcons-et-terrasses\\\/schluter-bara-rwl\\\/#breadcrumb\",\"itemListElement\":[{\"@type\":\"ListItem\",\"position\":1,\"name\":\"Home\",\"item\":\"https:\\\/\\\/storax.be\\\/fr\\\/\"},{\"@type\":\"ListItem\",\"position\":2,\"name\":\"Producten\",\"item\":\"https:\\\/\\\/storax.be\\\/fr\\\/producten\\\/%product_category%\\\/\"},{\"@type\":\"ListItem\",\"position\":3,\"name\":\"Schl\u00fcter Syst\u00e8mes\",\"item\":\"https:\\\/\\\/storax.be\\\/fr\\\/producten\\\/schluter-systems-fr\\\/\"},{\"@type\":\"ListItem\",\"position\":4,\"name\":\"Schl\u00fcter-BARA RWL\"}]},{\"@type\":\"WebSite\",\"@id\":\"https:\\\/\\\/storax.be\\\/fr\\\/#website\",\"url\":\"https:\\\/\\\/storax.be\\\/fr\\\/\",\"name\":\"Storax Belgium\",\"description\":\"Uw betrouwbare partner voor bouwprojecten\",\"potentialAction\":[{\"@type\":\"SearchAction\",\"target\":{\"@type\":\"EntryPoint\",\"urlTemplate\":\"https:\\\/\\\/storax.be\\\/fr\\\/?s={search_term_string}\"},\"query-input\":{\"@type\":\"PropertyValueSpecification\",\"valueRequired\":true,\"valueName\":\"search_term_string\"}}],\"inLanguage\":\"fr-FR\"}]}<\/script>\n<!-- \/ Yoast SEO plugin. -->","yoast_head_json":{"title":"Schl\u00fcter-BARA RWL - Storax Belgium","robots":{"index":"index","follow":"follow","max-snippet":"max-snippet:-1","max-image-preview":"max-image-preview:large","max-video-preview":"max-video-preview:-1"},"canonical":"https:\/\/storax.be\/fr\/producten\/systemes-schluter-pour-balcons-et-terrasses\/schluter-bara-rwl\/","og_locale":"fr_FR","og_type":"article","og_title":"Schl\u00fcter-BARA RWL - Storax Belgium","og_description":"Schl\u00fcter-BARA-RWL\u00a0est un profil\u00e9 de finition des chants de dalles de grand format qui peuvent \u00eatre pos\u00e9es, au choix, sur un lit de gravier sans liant ou sur un syst\u00e8me de plots sur natte de drainage au-dessus des \u00e9tanch\u00e9it\u00e9s selon la norme DIN 18531. L\u2019ailette de fixation \u00e0 perforations trap\u00e9zo\u00efdales du Schl\u00fcter-BARA-RWL doit \u00eatre cal\u00e9e au\u2026","og_url":"https:\/\/storax.be\/fr\/producten\/systemes-schluter-pour-balcons-et-terrasses\/schluter-bara-rwl\/","og_site_name":"Storax Belgium","article_modified_time":"2024-05-16T07:39:17+00:00","og_image":[{"width":470,"height":470,"url":"https:\/\/storax.be\/wp-content\/uploads\/sites\/2\/2023\/04\/Schluter-BARA-RWL.png","type":"image\/png"}],"twitter_card":"summary_large_image","twitter_misc":{"Dur\u00e9e de lecture estim\u00e9e":"1 minute"},"schema":{"@context":"https:\/\/schema.org","@graph":[{"@type":"WebPage","@id":"https:\/\/storax.be\/fr\/producten\/systemes-schluter-pour-balcons-et-terrasses\/schluter-bara-rwl\/","url":"https:\/\/storax.be\/fr\/producten\/systemes-schluter-pour-balcons-et-terrasses\/schluter-bara-rwl\/","name":"Schl\u00fcter-BARA RWL - Storax Belgium","isPartOf":{"@id":"https:\/\/storax.be\/fr\/#website"},"primaryImageOfPage":{"@id":"https:\/\/storax.be\/fr\/producten\/systemes-schluter-pour-balcons-et-terrasses\/schluter-bara-rwl\/#primaryimage"},"image":{"@id":"https:\/\/storax.be\/fr\/producten\/systemes-schluter-pour-balcons-et-terrasses\/schluter-bara-rwl\/#primaryimage"},"thumbnailUrl":"https:\/\/storax.be\/wp-content\/uploads\/sites\/2\/2023\/04\/Schluter-BARA-RWL.png","datePublished":"2023-04-18T08:41:42+00:00","dateModified":"2024-05-16T07:39:17+00:00","breadcrumb":{"@id":"https:\/\/storax.be\/fr\/producten\/systemes-schluter-pour-balcons-et-terrasses\/schluter-bara-rwl\/#breadcrumb"},"inLanguage":"fr-FR","potentialAction":[{"@type":"ReadAction","target":["https:\/\/storax.be\/fr\/producten\/systemes-schluter-pour-balcons-et-terrasses\/schluter-bara-rwl\/"]}]},{"@type":"ImageObject","inLanguage":"fr-FR","@id":"https:\/\/storax.be\/fr\/producten\/systemes-schluter-pour-balcons-et-terrasses\/schluter-bara-rwl\/#primaryimage","url":"https:\/\/storax.be\/wp-content\/uploads\/sites\/2\/2023\/04\/Schluter-BARA-RWL.png","contentUrl":"https:\/\/storax.be\/wp-content\/uploads\/sites\/2\/2023\/04\/Schluter-BARA-RWL.png","width":470,"height":470,"caption":"Schluter BARA RWL"},{"@type":"BreadcrumbList","@id":"https:\/\/storax.be\/fr\/producten\/systemes-schluter-pour-balcons-et-terrasses\/schluter-bara-rwl\/#breadcrumb","itemListElement":[{"@type":"ListItem","position":1,"name":"Home","item":"https:\/\/storax.be\/fr\/"},{"@type":"ListItem","position":2,"name":"Producten","item":"https:\/\/storax.be\/fr\/producten\/%product_category%\/"},{"@type":"ListItem","position":3,"name":"Schl\u00fcter Syst\u00e8mes","item":"https:\/\/storax.be\/fr\/producten\/schluter-systems-fr\/"},{"@type":"ListItem","position":4,"name":"Schl\u00fcter-BARA RWL"}]},{"@type":"WebSite","@id":"https:\/\/storax.be\/fr\/#website","url":"https:\/\/storax.be\/fr\/","name":"Storax Belgium","description":"Uw betrouwbare partner voor bouwprojecten","potentialAction":[{"@type":"SearchAction","target":{"@type":"EntryPoint","urlTemplate":"https:\/\/storax.be\/fr\/?s={search_term_string}"},"query-input":{"@type":"PropertyValueSpecification","valueRequired":true,"valueName":"search_term_string"}}],"inLanguage":"fr-FR"}]}},"_links":{"self":[{"href":"https:\/\/storax.be\/fr\/wp-json\/wp\/v2\/product\/116165","targetHints":{"allow":["GET"]}}],"collection":[{"href":"https:\/\/storax.be\/fr\/wp-json\/wp\/v2\/product"}],"about":[{"href":"https:\/\/storax.be\/fr\/wp-json\/wp\/v2\/types\/product"}],"wp:featuredmedia":[{"embeddable":true,"href":"https:\/\/storax.be\/fr\/wp-json\/wp\/v2\/media\/115981"}],"wp:attachment":[{"href":"https:\/\/storax.be\/fr\/wp-json\/wp\/v2\/media?parent=116165"}],"wp:term":[{"taxonomy":"product_category","embeddable":true,"href":"https:\/\/storax.be\/fr\/wp-json\/wp\/v2\/product_category?post=116165"},{"taxonomy":"product_tag","embeddable":true,"href":"https:\/\/storax.be\/fr\/wp-json\/wp\/v2\/product_tag?post=116165"}],"curies":[{"name":"wp","href":"https:\/\/api.w.org\/{rel}","templated":true}]}}