{"id":116158,"date":"2023-04-18T08:41:42","date_gmt":"2023-04-18T08:41:42","guid":{"rendered":"https:\/\/storax.be\/producten\/uncategorized\/schluter-bara-rt\/"},"modified":"2024-05-16T07:39:17","modified_gmt":"2024-05-16T07:39:17","slug":"schluter-bara-rt","status":"publish","type":"product","link":"https:\/\/storax.be\/fr\/producten\/systemes-schluter-pour-balcons-et-terrasses\/schluter-bara-rt\/","title":{"rendered":"Schl\u00fcter-BARA RT"},"content":{"rendered":"<p>Schl\u00fcter<sup>\u00ae<\/sup>-BARA-RT est un profil\u00e9 de rive en T pour rev\u00eatements de balcons et de terrasses. Il peut s\u2019utiliser pour des rev\u00eatements pos\u00e9s sur un lit de gravier, sur des plots ou pour des structures mixtes. Lors de la pose de dalles autoporteuses sur des plots de mortier ou sur un lit de gravier, Schl\u00fcter<sup>\u00ae<\/sup>-BARA-RT sera pos\u00e9 avec l\u2019aile de fixation \u00e0 perforations trap\u00e9zo\u00efdales sur la natte de drainage Schl\u00fcter<sup>\u00ae<\/sup>-TROBA ou Schl\u00fcter<sup>\u00ae<\/sup>-TROBA-PLUS, en laissant un espace d\u2019environ 5 mm entre le chant de la natte et le profil\u00e9 afin de permettre l\u2019\u00e9vacuation de l\u2019eau de drainage. La partie verticale du profil\u00e9 sert de bandeau, elle masque le chant du rev\u00eatement, prot\u00e8ge la natte, et permet l\u2019\u00e9vacuation de l\u2019eau de drainage. Le profil\u00e9 est disponible en hauteurs de 9 \u00e0 65 mm.<\/p>\n<p>En association avec un rev\u00eatement carrel\u00e9, l\u2019aile de fixation \u00e0 perforations trap\u00e9zo\u00efdales du profil\u00e9 de rive Schl\u00fcter<sup>\u00ae<\/sup>-BARA-RT est enti\u00e8rement noy\u00e9e dans le mortier-colle. Un raccord avec la natte Schl\u00fcter<sup>\u00ae<\/sup>-DITRA, r\u00e9alis\u00e9 \u00e0 l\u2019aide de la bande de pontage Schl\u00fcter<sup>\u00ae<\/sup>-KERDI-KEBA associ\u00e9e \u00e0 la colle Schl\u00fcter<sup>\u00ae<\/sup>-KERDI-COLL-L assure la protection \u00e0 l\u2019eau du syst\u00e8me.<\/p>\n<p>Schl\u00fcter<sup>\u00ae<\/sup>-BARA-RT peut aussi \u00eatre mis en oeuvre lors de la r\u00e9alisation d\u2019une forme de mortier, l\u2019aile de fixation \u00e0 perforations trap\u00e9zo\u00efdales \u00e9tant alors noy\u00e9e dans le lit de mortier.<\/p>\n<p>Entre l\u2019\u00e9tanch\u00e9it\u00e9 et le mortier, il convient de poser la natte de drainage Schl\u00fcter<sup>\u00ae<\/sup>&#8211; TROBA-PLUS afin d\u2019\u00e9viter l\u2019accumulation d\u2019eau dans le mortier.<\/p>\n<p>Pour la pose de Schl\u00fcter<sup>\u00ae<\/sup>-DITRA, le mortier devra \u00eatre tir\u00e9 \u00e0 3 mm sous le bord sup\u00e9rieur du profil\u00e9.<br \/>\nLe profil\u00e9 assure une finition esth\u00e9tique et masque le chant du rev\u00eatement ainsi que les bords libres du mortier.<\/p>\n<p><strong>Nota :<\/strong><\/p>\n<p>Schl\u00fcter-BARA-RHA est un pro\ufb01l\u00e9 de recouvrement r\u00e9glable en hauteur en aluminium color\u00e9.<\/p>\n<p>En liaison avec des profil\u00e9s-supports correspondants, comme p. ex. BARA-RT, il permet de d\u00e9limiter les chants libres de balcons et de terrasses.<\/p>\n","protected":false},"excerpt":{"rendered":"<p>Schl\u00fcter\u00ae-BARA-RT est un profil\u00e9 de rive en T pour rev\u00eatements de balcons et de terrasses. Il peut s\u2019utiliser pour des rev\u00eatements pos\u00e9s sur un lit de gravier, sur des plots ou pour des structures mixtes. Lors de la pose de dalles autoporteuses sur des plots de mortier ou sur un lit de gravier, Schl\u00fcter\u00ae-BARA-RT sera\u2026<\/p>\n","protected":false},"featured_media":115971,"template":"","meta":{"_acf_changed":false},"product_category":[625,774],"product_tag":[779],"class_list":["post-116158","product","type-product","status-publish","has-post-thumbnail","hentry","product_category-schluter-systems-fr","product_category-systemes-schluter-pour-balcons-et-terrasses","product_tag-randprofielen-fr"],"acf":[],"yoast_head":"<!-- This site is optimized with the Yoast SEO plugin v27.3 - https:\/\/yoast.com\/product\/yoast-seo-wordpress\/ -->\n<title>Schl\u00fcter-BARA RT - Storax Belgium<\/title>\n<meta name=\"robots\" content=\"index, follow, max-snippet:-1, max-image-preview:large, max-video-preview:-1\" \/>\n<link rel=\"canonical\" href=\"https:\/\/storax.be\/fr\/producten\/systemes-schluter-pour-balcons-et-terrasses\/schluter-bara-rt\/\" \/>\n<meta property=\"og:locale\" content=\"fr_FR\" \/>\n<meta property=\"og:type\" content=\"article\" \/>\n<meta property=\"og:title\" content=\"Schl\u00fcter-BARA RT - Storax Belgium\" \/>\n<meta property=\"og:description\" content=\"Schl\u00fcter\u00ae-BARA-RT est un profil\u00e9 de rive en T pour rev\u00eatements de balcons et de terrasses. Il peut s\u2019utiliser pour des rev\u00eatements pos\u00e9s sur un lit de gravier, sur des plots ou pour des structures mixtes. Lors de la pose de dalles autoporteuses sur des plots de mortier ou sur un lit de gravier, Schl\u00fcter\u00ae-BARA-RT sera\u2026\" \/>\n<meta property=\"og:url\" content=\"https:\/\/storax.be\/fr\/producten\/systemes-schluter-pour-balcons-et-terrasses\/schluter-bara-rt\/\" \/>\n<meta property=\"og:site_name\" content=\"Storax Belgium\" \/>\n<meta property=\"article:modified_time\" content=\"2024-05-16T07:39:17+00:00\" \/>\n<meta property=\"og:image\" content=\"https:\/\/storax.be\/wp-content\/uploads\/sites\/2\/2023\/04\/Schluter-BARA-RT.png\" \/>\n\t<meta property=\"og:image:width\" content=\"470\" \/>\n\t<meta property=\"og:image:height\" content=\"470\" \/>\n\t<meta property=\"og:image:type\" content=\"image\/png\" \/>\n<meta name=\"twitter:card\" content=\"summary_large_image\" \/>\n<meta name=\"twitter:label1\" content=\"Dur\u00e9e de lecture estim\u00e9e\" \/>\n\t<meta name=\"twitter:data1\" content=\"2 minutes\" \/>\n<script type=\"application\/ld+json\" class=\"yoast-schema-graph\">{\"@context\":\"https:\\\/\\\/schema.org\",\"@graph\":[{\"@type\":\"WebPage\",\"@id\":\"https:\\\/\\\/storax.be\\\/fr\\\/producten\\\/systemes-schluter-pour-balcons-et-terrasses\\\/schluter-bara-rt\\\/\",\"url\":\"https:\\\/\\\/storax.be\\\/fr\\\/producten\\\/systemes-schluter-pour-balcons-et-terrasses\\\/schluter-bara-rt\\\/\",\"name\":\"Schl\u00fcter-BARA RT - Storax Belgium\",\"isPartOf\":{\"@id\":\"https:\\\/\\\/storax.be\\\/fr\\\/#website\"},\"primaryImageOfPage\":{\"@id\":\"https:\\\/\\\/storax.be\\\/fr\\\/producten\\\/systemes-schluter-pour-balcons-et-terrasses\\\/schluter-bara-rt\\\/#primaryimage\"},\"image\":{\"@id\":\"https:\\\/\\\/storax.be\\\/fr\\\/producten\\\/systemes-schluter-pour-balcons-et-terrasses\\\/schluter-bara-rt\\\/#primaryimage\"},\"thumbnailUrl\":\"https:\\\/\\\/storax.be\\\/wp-content\\\/uploads\\\/sites\\\/2\\\/2023\\\/04\\\/Schluter-BARA-RT.png\",\"datePublished\":\"2023-04-18T08:41:42+00:00\",\"dateModified\":\"2024-05-16T07:39:17+00:00\",\"breadcrumb\":{\"@id\":\"https:\\\/\\\/storax.be\\\/fr\\\/producten\\\/systemes-schluter-pour-balcons-et-terrasses\\\/schluter-bara-rt\\\/#breadcrumb\"},\"inLanguage\":\"fr-FR\",\"potentialAction\":[{\"@type\":\"ReadAction\",\"target\":[\"https:\\\/\\\/storax.be\\\/fr\\\/producten\\\/systemes-schluter-pour-balcons-et-terrasses\\\/schluter-bara-rt\\\/\"]}]},{\"@type\":\"ImageObject\",\"inLanguage\":\"fr-FR\",\"@id\":\"https:\\\/\\\/storax.be\\\/fr\\\/producten\\\/systemes-schluter-pour-balcons-et-terrasses\\\/schluter-bara-rt\\\/#primaryimage\",\"url\":\"https:\\\/\\\/storax.be\\\/wp-content\\\/uploads\\\/sites\\\/2\\\/2023\\\/04\\\/Schluter-BARA-RT.png\",\"contentUrl\":\"https:\\\/\\\/storax.be\\\/wp-content\\\/uploads\\\/sites\\\/2\\\/2023\\\/04\\\/Schluter-BARA-RT.png\",\"width\":470,\"height\":470,\"caption\":\"Schluter BARA RT\"},{\"@type\":\"BreadcrumbList\",\"@id\":\"https:\\\/\\\/storax.be\\\/fr\\\/producten\\\/systemes-schluter-pour-balcons-et-terrasses\\\/schluter-bara-rt\\\/#breadcrumb\",\"itemListElement\":[{\"@type\":\"ListItem\",\"position\":1,\"name\":\"Home\",\"item\":\"https:\\\/\\\/storax.be\\\/fr\\\/\"},{\"@type\":\"ListItem\",\"position\":2,\"name\":\"Producten\",\"item\":\"https:\\\/\\\/storax.be\\\/fr\\\/producten\\\/%product_category%\\\/\"},{\"@type\":\"ListItem\",\"position\":3,\"name\":\"Schl\u00fcter Syst\u00e8mes\",\"item\":\"https:\\\/\\\/storax.be\\\/fr\\\/producten\\\/schluter-systems-fr\\\/\"},{\"@type\":\"ListItem\",\"position\":4,\"name\":\"Schl\u00fcter-BARA RT\"}]},{\"@type\":\"WebSite\",\"@id\":\"https:\\\/\\\/storax.be\\\/fr\\\/#website\",\"url\":\"https:\\\/\\\/storax.be\\\/fr\\\/\",\"name\":\"Storax Belgium\",\"description\":\"Uw betrouwbare partner voor bouwprojecten\",\"potentialAction\":[{\"@type\":\"SearchAction\",\"target\":{\"@type\":\"EntryPoint\",\"urlTemplate\":\"https:\\\/\\\/storax.be\\\/fr\\\/?s={search_term_string}\"},\"query-input\":{\"@type\":\"PropertyValueSpecification\",\"valueRequired\":true,\"valueName\":\"search_term_string\"}}],\"inLanguage\":\"fr-FR\"}]}<\/script>\n<!-- \/ Yoast SEO plugin. -->","yoast_head_json":{"title":"Schl\u00fcter-BARA RT - Storax Belgium","robots":{"index":"index","follow":"follow","max-snippet":"max-snippet:-1","max-image-preview":"max-image-preview:large","max-video-preview":"max-video-preview:-1"},"canonical":"https:\/\/storax.be\/fr\/producten\/systemes-schluter-pour-balcons-et-terrasses\/schluter-bara-rt\/","og_locale":"fr_FR","og_type":"article","og_title":"Schl\u00fcter-BARA RT - Storax Belgium","og_description":"Schl\u00fcter\u00ae-BARA-RT est un profil\u00e9 de rive en T pour rev\u00eatements de balcons et de terrasses. Il peut s\u2019utiliser pour des rev\u00eatements pos\u00e9s sur un lit de gravier, sur des plots ou pour des structures mixtes. Lors de la pose de dalles autoporteuses sur des plots de mortier ou sur un lit de gravier, Schl\u00fcter\u00ae-BARA-RT sera\u2026","og_url":"https:\/\/storax.be\/fr\/producten\/systemes-schluter-pour-balcons-et-terrasses\/schluter-bara-rt\/","og_site_name":"Storax Belgium","article_modified_time":"2024-05-16T07:39:17+00:00","og_image":[{"width":470,"height":470,"url":"https:\/\/storax.be\/wp-content\/uploads\/sites\/2\/2023\/04\/Schluter-BARA-RT.png","type":"image\/png"}],"twitter_card":"summary_large_image","twitter_misc":{"Dur\u00e9e de lecture estim\u00e9e":"2 minutes"},"schema":{"@context":"https:\/\/schema.org","@graph":[{"@type":"WebPage","@id":"https:\/\/storax.be\/fr\/producten\/systemes-schluter-pour-balcons-et-terrasses\/schluter-bara-rt\/","url":"https:\/\/storax.be\/fr\/producten\/systemes-schluter-pour-balcons-et-terrasses\/schluter-bara-rt\/","name":"Schl\u00fcter-BARA RT - Storax Belgium","isPartOf":{"@id":"https:\/\/storax.be\/fr\/#website"},"primaryImageOfPage":{"@id":"https:\/\/storax.be\/fr\/producten\/systemes-schluter-pour-balcons-et-terrasses\/schluter-bara-rt\/#primaryimage"},"image":{"@id":"https:\/\/storax.be\/fr\/producten\/systemes-schluter-pour-balcons-et-terrasses\/schluter-bara-rt\/#primaryimage"},"thumbnailUrl":"https:\/\/storax.be\/wp-content\/uploads\/sites\/2\/2023\/04\/Schluter-BARA-RT.png","datePublished":"2023-04-18T08:41:42+00:00","dateModified":"2024-05-16T07:39:17+00:00","breadcrumb":{"@id":"https:\/\/storax.be\/fr\/producten\/systemes-schluter-pour-balcons-et-terrasses\/schluter-bara-rt\/#breadcrumb"},"inLanguage":"fr-FR","potentialAction":[{"@type":"ReadAction","target":["https:\/\/storax.be\/fr\/producten\/systemes-schluter-pour-balcons-et-terrasses\/schluter-bara-rt\/"]}]},{"@type":"ImageObject","inLanguage":"fr-FR","@id":"https:\/\/storax.be\/fr\/producten\/systemes-schluter-pour-balcons-et-terrasses\/schluter-bara-rt\/#primaryimage","url":"https:\/\/storax.be\/wp-content\/uploads\/sites\/2\/2023\/04\/Schluter-BARA-RT.png","contentUrl":"https:\/\/storax.be\/wp-content\/uploads\/sites\/2\/2023\/04\/Schluter-BARA-RT.png","width":470,"height":470,"caption":"Schluter BARA RT"},{"@type":"BreadcrumbList","@id":"https:\/\/storax.be\/fr\/producten\/systemes-schluter-pour-balcons-et-terrasses\/schluter-bara-rt\/#breadcrumb","itemListElement":[{"@type":"ListItem","position":1,"name":"Home","item":"https:\/\/storax.be\/fr\/"},{"@type":"ListItem","position":2,"name":"Producten","item":"https:\/\/storax.be\/fr\/producten\/%product_category%\/"},{"@type":"ListItem","position":3,"name":"Schl\u00fcter Syst\u00e8mes","item":"https:\/\/storax.be\/fr\/producten\/schluter-systems-fr\/"},{"@type":"ListItem","position":4,"name":"Schl\u00fcter-BARA RT"}]},{"@type":"WebSite","@id":"https:\/\/storax.be\/fr\/#website","url":"https:\/\/storax.be\/fr\/","name":"Storax Belgium","description":"Uw betrouwbare partner voor bouwprojecten","potentialAction":[{"@type":"SearchAction","target":{"@type":"EntryPoint","urlTemplate":"https:\/\/storax.be\/fr\/?s={search_term_string}"},"query-input":{"@type":"PropertyValueSpecification","valueRequired":true,"valueName":"search_term_string"}}],"inLanguage":"fr-FR"}]}},"_links":{"self":[{"href":"https:\/\/storax.be\/fr\/wp-json\/wp\/v2\/product\/116158","targetHints":{"allow":["GET"]}}],"collection":[{"href":"https:\/\/storax.be\/fr\/wp-json\/wp\/v2\/product"}],"about":[{"href":"https:\/\/storax.be\/fr\/wp-json\/wp\/v2\/types\/product"}],"wp:featuredmedia":[{"embeddable":true,"href":"https:\/\/storax.be\/fr\/wp-json\/wp\/v2\/media\/115971"}],"wp:attachment":[{"href":"https:\/\/storax.be\/fr\/wp-json\/wp\/v2\/media?parent=116158"}],"wp:term":[{"taxonomy":"product_category","embeddable":true,"href":"https:\/\/storax.be\/fr\/wp-json\/wp\/v2\/product_category?post=116158"},{"taxonomy":"product_tag","embeddable":true,"href":"https:\/\/storax.be\/fr\/wp-json\/wp\/v2\/product_tag?post=116158"}],"curies":[{"name":"wp","href":"https:\/\/api.w.org\/{rel}","templated":true}]}}