{"id":116152,"date":"2023-04-18T08:41:42","date_gmt":"2023-04-18T08:41:42","guid":{"rendered":"https:\/\/storax.be\/producten\/uncategorized\/schluter-bara-rw\/"},"modified":"2024-05-16T07:39:17","modified_gmt":"2024-05-16T07:39:17","slug":"schluter-bara-rw","status":"publish","type":"product","link":"https:\/\/storax.be\/fr\/producten\/systemes-schluter-pour-balcons-et-terrasses\/schluter-bara-rw\/","title":{"rendered":"Schl\u00fcter-BARA RW"},"content":{"rendered":"<p><strong>chl\u00fcter-BARA-RW<\/strong>\u00a0est un profil\u00e9 de finition \u00e0 angle droit en acier inoxydable ou en aluminium laqu\u00e9, permettant de d\u00e9limiter les rives de balcons et terrasses. Le profil\u00e9 en assure \u00e0 la fois une finition \u00e9l\u00e9gante et soign\u00e9e et prot\u00e8ge le chant apparent de la chape des d\u00e9gradations dues aux intemp\u00e9ries. Le profil\u00e9 de finition Schl\u00fcter-BARA-RW se pose avec l\u2019ailette de fixation \u00e0 perforations trap\u00e9zo\u00efdales noy\u00e9e dans le mortier-colle et est int\u00e9gr\u00e9 dans l\u2019\u00e9tanch\u00e9it\u00e9 composite.<\/p>\n<p>Le profil\u00e9 Schl\u00fcter-BARA-RW convient \u00e9galement pour la r\u00e9novation de balcons et de terrasses en pose coll\u00e9e.<\/p>\n","protected":false},"excerpt":{"rendered":"<p>chl\u00fcter-BARA-RW\u00a0est un profil\u00e9 de finition \u00e0 angle droit en acier inoxydable ou en aluminium laqu\u00e9, permettant de d\u00e9limiter les rives de balcons et terrasses. Le profil\u00e9 en assure \u00e0 la fois une finition \u00e9l\u00e9gante et soign\u00e9e et prot\u00e8ge le chant apparent de la chape des d\u00e9gradations dues aux intemp\u00e9ries. Le profil\u00e9 de finition Schl\u00fcter-BARA-RW se\u2026<\/p>\n","protected":false},"featured_media":115963,"template":"","meta":{"_acf_changed":false},"product_category":[625,774],"product_tag":[779],"class_list":["post-116152","product","type-product","status-publish","has-post-thumbnail","hentry","product_category-schluter-systems-fr","product_category-systemes-schluter-pour-balcons-et-terrasses","product_tag-randprofielen-fr"],"acf":[],"yoast_head":"<!-- This site is optimized with the Yoast SEO plugin v27.3 - https:\/\/yoast.com\/product\/yoast-seo-wordpress\/ -->\n<title>Schl\u00fcter-BARA RW - Storax Belgium<\/title>\n<meta name=\"robots\" content=\"index, follow, max-snippet:-1, max-image-preview:large, max-video-preview:-1\" \/>\n<link rel=\"canonical\" href=\"https:\/\/storax.be\/fr\/producten\/systemes-schluter-pour-balcons-et-terrasses\/schluter-bara-rw\/\" \/>\n<meta property=\"og:locale\" content=\"fr_FR\" \/>\n<meta property=\"og:type\" content=\"article\" \/>\n<meta property=\"og:title\" content=\"Schl\u00fcter-BARA RW - Storax Belgium\" \/>\n<meta property=\"og:description\" content=\"chl\u00fcter-BARA-RW\u00a0est un profil\u00e9 de finition \u00e0 angle droit en acier inoxydable ou en aluminium laqu\u00e9, permettant de d\u00e9limiter les rives de balcons et terrasses. Le profil\u00e9 en assure \u00e0 la fois une finition \u00e9l\u00e9gante et soign\u00e9e et prot\u00e8ge le chant apparent de la chape des d\u00e9gradations dues aux intemp\u00e9ries. Le profil\u00e9 de finition Schl\u00fcter-BARA-RW se\u2026\" \/>\n<meta property=\"og:url\" content=\"https:\/\/storax.be\/fr\/producten\/systemes-schluter-pour-balcons-et-terrasses\/schluter-bara-rw\/\" \/>\n<meta property=\"og:site_name\" content=\"Storax Belgium\" \/>\n<meta property=\"article:modified_time\" content=\"2024-05-16T07:39:17+00:00\" \/>\n<meta property=\"og:image\" content=\"https:\/\/storax.be\/wp-content\/uploads\/sites\/2\/2023\/04\/Schluter-BARA-RW.png\" \/>\n\t<meta property=\"og:image:width\" content=\"470\" \/>\n\t<meta property=\"og:image:height\" content=\"470\" \/>\n\t<meta property=\"og:image:type\" content=\"image\/png\" \/>\n<meta name=\"twitter:card\" content=\"summary_large_image\" \/>\n<meta name=\"twitter:label1\" content=\"Dur\u00e9e de lecture estim\u00e9e\" \/>\n\t<meta name=\"twitter:data1\" content=\"1 minute\" \/>\n<script type=\"application\/ld+json\" class=\"yoast-schema-graph\">{\"@context\":\"https:\\\/\\\/schema.org\",\"@graph\":[{\"@type\":\"WebPage\",\"@id\":\"https:\\\/\\\/storax.be\\\/fr\\\/producten\\\/systemes-schluter-pour-balcons-et-terrasses\\\/schluter-bara-rw\\\/\",\"url\":\"https:\\\/\\\/storax.be\\\/fr\\\/producten\\\/systemes-schluter-pour-balcons-et-terrasses\\\/schluter-bara-rw\\\/\",\"name\":\"Schl\u00fcter-BARA RW - Storax Belgium\",\"isPartOf\":{\"@id\":\"https:\\\/\\\/storax.be\\\/fr\\\/#website\"},\"primaryImageOfPage\":{\"@id\":\"https:\\\/\\\/storax.be\\\/fr\\\/producten\\\/systemes-schluter-pour-balcons-et-terrasses\\\/schluter-bara-rw\\\/#primaryimage\"},\"image\":{\"@id\":\"https:\\\/\\\/storax.be\\\/fr\\\/producten\\\/systemes-schluter-pour-balcons-et-terrasses\\\/schluter-bara-rw\\\/#primaryimage\"},\"thumbnailUrl\":\"https:\\\/\\\/storax.be\\\/wp-content\\\/uploads\\\/sites\\\/2\\\/2023\\\/04\\\/Schluter-BARA-RW.png\",\"datePublished\":\"2023-04-18T08:41:42+00:00\",\"dateModified\":\"2024-05-16T07:39:17+00:00\",\"breadcrumb\":{\"@id\":\"https:\\\/\\\/storax.be\\\/fr\\\/producten\\\/systemes-schluter-pour-balcons-et-terrasses\\\/schluter-bara-rw\\\/#breadcrumb\"},\"inLanguage\":\"fr-FR\",\"potentialAction\":[{\"@type\":\"ReadAction\",\"target\":[\"https:\\\/\\\/storax.be\\\/fr\\\/producten\\\/systemes-schluter-pour-balcons-et-terrasses\\\/schluter-bara-rw\\\/\"]}]},{\"@type\":\"ImageObject\",\"inLanguage\":\"fr-FR\",\"@id\":\"https:\\\/\\\/storax.be\\\/fr\\\/producten\\\/systemes-schluter-pour-balcons-et-terrasses\\\/schluter-bara-rw\\\/#primaryimage\",\"url\":\"https:\\\/\\\/storax.be\\\/wp-content\\\/uploads\\\/sites\\\/2\\\/2023\\\/04\\\/Schluter-BARA-RW.png\",\"contentUrl\":\"https:\\\/\\\/storax.be\\\/wp-content\\\/uploads\\\/sites\\\/2\\\/2023\\\/04\\\/Schluter-BARA-RW.png\",\"width\":470,\"height\":470,\"caption\":\"Schluter BARA RW\"},{\"@type\":\"BreadcrumbList\",\"@id\":\"https:\\\/\\\/storax.be\\\/fr\\\/producten\\\/systemes-schluter-pour-balcons-et-terrasses\\\/schluter-bara-rw\\\/#breadcrumb\",\"itemListElement\":[{\"@type\":\"ListItem\",\"position\":1,\"name\":\"Home\",\"item\":\"https:\\\/\\\/storax.be\\\/fr\\\/\"},{\"@type\":\"ListItem\",\"position\":2,\"name\":\"Producten\",\"item\":\"https:\\\/\\\/storax.be\\\/fr\\\/producten\\\/%product_category%\\\/\"},{\"@type\":\"ListItem\",\"position\":3,\"name\":\"Schl\u00fcter Syst\u00e8mes\",\"item\":\"https:\\\/\\\/storax.be\\\/fr\\\/producten\\\/schluter-systems-fr\\\/\"},{\"@type\":\"ListItem\",\"position\":4,\"name\":\"Schl\u00fcter-BARA RW\"}]},{\"@type\":\"WebSite\",\"@id\":\"https:\\\/\\\/storax.be\\\/fr\\\/#website\",\"url\":\"https:\\\/\\\/storax.be\\\/fr\\\/\",\"name\":\"Storax Belgium\",\"description\":\"Uw betrouwbare partner voor bouwprojecten\",\"potentialAction\":[{\"@type\":\"SearchAction\",\"target\":{\"@type\":\"EntryPoint\",\"urlTemplate\":\"https:\\\/\\\/storax.be\\\/fr\\\/?s={search_term_string}\"},\"query-input\":{\"@type\":\"PropertyValueSpecification\",\"valueRequired\":true,\"valueName\":\"search_term_string\"}}],\"inLanguage\":\"fr-FR\"}]}<\/script>\n<!-- \/ Yoast SEO plugin. -->","yoast_head_json":{"title":"Schl\u00fcter-BARA RW - Storax Belgium","robots":{"index":"index","follow":"follow","max-snippet":"max-snippet:-1","max-image-preview":"max-image-preview:large","max-video-preview":"max-video-preview:-1"},"canonical":"https:\/\/storax.be\/fr\/producten\/systemes-schluter-pour-balcons-et-terrasses\/schluter-bara-rw\/","og_locale":"fr_FR","og_type":"article","og_title":"Schl\u00fcter-BARA RW - Storax Belgium","og_description":"chl\u00fcter-BARA-RW\u00a0est un profil\u00e9 de finition \u00e0 angle droit en acier inoxydable ou en aluminium laqu\u00e9, permettant de d\u00e9limiter les rives de balcons et terrasses. Le profil\u00e9 en assure \u00e0 la fois une finition \u00e9l\u00e9gante et soign\u00e9e et prot\u00e8ge le chant apparent de la chape des d\u00e9gradations dues aux intemp\u00e9ries. Le profil\u00e9 de finition Schl\u00fcter-BARA-RW se\u2026","og_url":"https:\/\/storax.be\/fr\/producten\/systemes-schluter-pour-balcons-et-terrasses\/schluter-bara-rw\/","og_site_name":"Storax Belgium","article_modified_time":"2024-05-16T07:39:17+00:00","og_image":[{"width":470,"height":470,"url":"https:\/\/storax.be\/wp-content\/uploads\/sites\/2\/2023\/04\/Schluter-BARA-RW.png","type":"image\/png"}],"twitter_card":"summary_large_image","twitter_misc":{"Dur\u00e9e de lecture estim\u00e9e":"1 minute"},"schema":{"@context":"https:\/\/schema.org","@graph":[{"@type":"WebPage","@id":"https:\/\/storax.be\/fr\/producten\/systemes-schluter-pour-balcons-et-terrasses\/schluter-bara-rw\/","url":"https:\/\/storax.be\/fr\/producten\/systemes-schluter-pour-balcons-et-terrasses\/schluter-bara-rw\/","name":"Schl\u00fcter-BARA RW - Storax Belgium","isPartOf":{"@id":"https:\/\/storax.be\/fr\/#website"},"primaryImageOfPage":{"@id":"https:\/\/storax.be\/fr\/producten\/systemes-schluter-pour-balcons-et-terrasses\/schluter-bara-rw\/#primaryimage"},"image":{"@id":"https:\/\/storax.be\/fr\/producten\/systemes-schluter-pour-balcons-et-terrasses\/schluter-bara-rw\/#primaryimage"},"thumbnailUrl":"https:\/\/storax.be\/wp-content\/uploads\/sites\/2\/2023\/04\/Schluter-BARA-RW.png","datePublished":"2023-04-18T08:41:42+00:00","dateModified":"2024-05-16T07:39:17+00:00","breadcrumb":{"@id":"https:\/\/storax.be\/fr\/producten\/systemes-schluter-pour-balcons-et-terrasses\/schluter-bara-rw\/#breadcrumb"},"inLanguage":"fr-FR","potentialAction":[{"@type":"ReadAction","target":["https:\/\/storax.be\/fr\/producten\/systemes-schluter-pour-balcons-et-terrasses\/schluter-bara-rw\/"]}]},{"@type":"ImageObject","inLanguage":"fr-FR","@id":"https:\/\/storax.be\/fr\/producten\/systemes-schluter-pour-balcons-et-terrasses\/schluter-bara-rw\/#primaryimage","url":"https:\/\/storax.be\/wp-content\/uploads\/sites\/2\/2023\/04\/Schluter-BARA-RW.png","contentUrl":"https:\/\/storax.be\/wp-content\/uploads\/sites\/2\/2023\/04\/Schluter-BARA-RW.png","width":470,"height":470,"caption":"Schluter BARA RW"},{"@type":"BreadcrumbList","@id":"https:\/\/storax.be\/fr\/producten\/systemes-schluter-pour-balcons-et-terrasses\/schluter-bara-rw\/#breadcrumb","itemListElement":[{"@type":"ListItem","position":1,"name":"Home","item":"https:\/\/storax.be\/fr\/"},{"@type":"ListItem","position":2,"name":"Producten","item":"https:\/\/storax.be\/fr\/producten\/%product_category%\/"},{"@type":"ListItem","position":3,"name":"Schl\u00fcter Syst\u00e8mes","item":"https:\/\/storax.be\/fr\/producten\/schluter-systems-fr\/"},{"@type":"ListItem","position":4,"name":"Schl\u00fcter-BARA RW"}]},{"@type":"WebSite","@id":"https:\/\/storax.be\/fr\/#website","url":"https:\/\/storax.be\/fr\/","name":"Storax Belgium","description":"Uw betrouwbare partner voor bouwprojecten","potentialAction":[{"@type":"SearchAction","target":{"@type":"EntryPoint","urlTemplate":"https:\/\/storax.be\/fr\/?s={search_term_string}"},"query-input":{"@type":"PropertyValueSpecification","valueRequired":true,"valueName":"search_term_string"}}],"inLanguage":"fr-FR"}]}},"_links":{"self":[{"href":"https:\/\/storax.be\/fr\/wp-json\/wp\/v2\/product\/116152","targetHints":{"allow":["GET"]}}],"collection":[{"href":"https:\/\/storax.be\/fr\/wp-json\/wp\/v2\/product"}],"about":[{"href":"https:\/\/storax.be\/fr\/wp-json\/wp\/v2\/types\/product"}],"wp:featuredmedia":[{"embeddable":true,"href":"https:\/\/storax.be\/fr\/wp-json\/wp\/v2\/media\/115963"}],"wp:attachment":[{"href":"https:\/\/storax.be\/fr\/wp-json\/wp\/v2\/media?parent=116152"}],"wp:term":[{"taxonomy":"product_category","embeddable":true,"href":"https:\/\/storax.be\/fr\/wp-json\/wp\/v2\/product_category?post=116152"},{"taxonomy":"product_tag","embeddable":true,"href":"https:\/\/storax.be\/fr\/wp-json\/wp\/v2\/product_tag?post=116152"}],"curies":[{"name":"wp","href":"https:\/\/api.w.org\/{rel}","templated":true}]}}