{"id":116138,"date":"2023-04-18T08:41:43","date_gmt":"2023-04-18T08:41:43","guid":{"rendered":"https:\/\/storax.be\/producten\/uncategorized\/schluter-bara-rtke-rtkeg\/"},"modified":"2024-05-16T07:39:16","modified_gmt":"2024-05-16T07:39:16","slug":"schluter-bara-rtke-rtkeg","status":"publish","type":"product","link":"https:\/\/storax.be\/fr\/producten\/systemes-schluter-pour-balcons-et-terrasses\/schluter-bara-rtke-rtkeg\/","title":{"rendered":"Schl\u00fcter-BARA RTKE\/RTKEG"},"content":{"rendered":"<p><strong>Schl\u00fcter-BARA-RTKE\/-RTKEG<\/strong>\u00a0sont des profil\u00e9s de rive destin\u00e9s aux rev\u00eatements sur des balcons ou des terrasses pr\u00e9sentant une forme de pente.<\/p>\n<p>Le profil\u00e9\u00a0<strong>Schl\u00fcter-BARA-RTKE<\/strong>\u00a0convient particuli\u00e8rement pour une mise en \u0153uvre en liaison avec la natte de drainage Schl\u00fcter-DITRA-DRAIN.<\/p>\n<p>Le bord perfor\u00e9 du profil\u00e9 permet l\u2019\u00e9vacuation des eaux de drainage, un s\u00e9chage rapide du mortier-colle et une finition soign\u00e9e du rev\u00eatement carrel\u00e9. L\u2019ailette de fixation \u00e0 perforations trap\u00e9zo\u00efdales Schl\u00fcter-BARA-RTKE se met en \u0153uvre en bordure de la forme de pente \u00e0 l\u2019aide d\u2019un mortier-colle \u00e0 prise hydraulique.<\/p>\n<p>La natte Schl\u00fcter-KERDI peut \u00eatre utilis\u00e9e sous la natte Schl\u00fcter-DITRA-DRAIN en tant que protection \u00e0 l\u2019eau. Le raccordement entre la natte Schl\u00fcter-KERDI et l\u2019ailette de fixation du profil\u00e9 sera r\u00e9alis\u00e9 \u00e0 l\u2019aide de la colle d\u2019\u00e9tanch\u00e9it\u00e9 Schl\u00fcter-KERDI-COLL-L (se r\u00e9f\u00e9rer aux fiches produits 8.1 et 8.4).<\/p>\n<p>Le profil\u00e9\u00a0<strong>Schl\u00fcter-BARA-RTKEG<\/strong>\u00a0convient particuli\u00e8rement pour une mise en \u0153uvre en liaison avec la natte de d\u00e9couplage Schl\u00fcter-DITRA. Le bord ferm\u00e9 permet de r\u00e9aliser une finition soign\u00e9e du rev\u00eatement carrel\u00e9. Les profil\u00e9s Schl\u00fcter-BARA-RTKE\/RTKEG sont dot\u00e9s d\u2019un dispositif pour la fixation du syst\u00e8me de goutti\u00e8re Schl\u00fcter-BARIN (se r\u00e9f\u00e9rer \u00e0 la fiche produit 10.1 Schl\u00fcter-BARIN).<\/p>\n","protected":false},"excerpt":{"rendered":"<p>Schl\u00fcter-BARA-RTKE\/-RTKEG\u00a0sont des profil\u00e9s de rive destin\u00e9s aux rev\u00eatements sur des balcons ou des terrasses pr\u00e9sentant une forme de pente. Le profil\u00e9\u00a0Schl\u00fcter-BARA-RTKE\u00a0convient particuli\u00e8rement pour une mise en \u0153uvre en liaison avec la natte de drainage Schl\u00fcter-DITRA-DRAIN. Le bord perfor\u00e9 du profil\u00e9 permet l\u2019\u00e9vacuation des eaux de drainage, un s\u00e9chage rapide du mortier-colle et une finition soign\u00e9e\u2026<\/p>\n","protected":false},"featured_media":115937,"template":"","meta":{"_acf_changed":false},"product_category":[625,774],"product_tag":[778],"class_list":["post-116138","product","type-product","status-publish","has-post-thumbnail","hentry","product_category-schluter-systems-fr","product_category-systemes-schluter-pour-balcons-et-terrasses","product_tag-randprofielen-gootbevestiging-fr"],"acf":[],"yoast_head":"<!-- This site is optimized with the Yoast SEO plugin v27.3 - https:\/\/yoast.com\/product\/yoast-seo-wordpress\/ -->\n<title>Schl\u00fcter-BARA RTKE\/RTKEG - Storax Belgium<\/title>\n<meta name=\"robots\" content=\"index, follow, max-snippet:-1, max-image-preview:large, max-video-preview:-1\" \/>\n<link rel=\"canonical\" href=\"https:\/\/storax.be\/fr\/producten\/systemes-schluter-pour-balcons-et-terrasses\/schluter-bara-rtke-rtkeg\/\" \/>\n<meta property=\"og:locale\" content=\"fr_FR\" \/>\n<meta property=\"og:type\" content=\"article\" \/>\n<meta property=\"og:title\" content=\"Schl\u00fcter-BARA RTKE\/RTKEG - Storax Belgium\" \/>\n<meta property=\"og:description\" content=\"Schl\u00fcter-BARA-RTKE\/-RTKEG\u00a0sont des profil\u00e9s de rive destin\u00e9s aux rev\u00eatements sur des balcons ou des terrasses pr\u00e9sentant une forme de pente. Le profil\u00e9\u00a0Schl\u00fcter-BARA-RTKE\u00a0convient particuli\u00e8rement pour une mise en \u0153uvre en liaison avec la natte de drainage Schl\u00fcter-DITRA-DRAIN. Le bord perfor\u00e9 du profil\u00e9 permet l\u2019\u00e9vacuation des eaux de drainage, un s\u00e9chage rapide du mortier-colle et une finition soign\u00e9e\u2026\" \/>\n<meta property=\"og:url\" content=\"https:\/\/storax.be\/fr\/producten\/systemes-schluter-pour-balcons-et-terrasses\/schluter-bara-rtke-rtkeg\/\" \/>\n<meta property=\"og:site_name\" content=\"Storax Belgium\" \/>\n<meta property=\"article:modified_time\" content=\"2024-05-16T07:39:16+00:00\" \/>\n<meta property=\"og:image\" content=\"https:\/\/storax.be\/wp-content\/uploads\/sites\/2\/2023\/04\/Schluter-BARA-RTKEG.png\" \/>\n\t<meta property=\"og:image:width\" content=\"470\" \/>\n\t<meta property=\"og:image:height\" content=\"470\" \/>\n\t<meta property=\"og:image:type\" content=\"image\/png\" \/>\n<meta name=\"twitter:card\" content=\"summary_large_image\" \/>\n<meta name=\"twitter:label1\" content=\"Dur\u00e9e de lecture estim\u00e9e\" \/>\n\t<meta name=\"twitter:data1\" content=\"1 minute\" \/>\n<script type=\"application\/ld+json\" class=\"yoast-schema-graph\">{\"@context\":\"https:\\\/\\\/schema.org\",\"@graph\":[{\"@type\":\"WebPage\",\"@id\":\"https:\\\/\\\/storax.be\\\/fr\\\/producten\\\/systemes-schluter-pour-balcons-et-terrasses\\\/schluter-bara-rtke-rtkeg\\\/\",\"url\":\"https:\\\/\\\/storax.be\\\/fr\\\/producten\\\/systemes-schluter-pour-balcons-et-terrasses\\\/schluter-bara-rtke-rtkeg\\\/\",\"name\":\"Schl\u00fcter-BARA RTKE\\\/RTKEG - Storax Belgium\",\"isPartOf\":{\"@id\":\"https:\\\/\\\/storax.be\\\/fr\\\/#website\"},\"primaryImageOfPage\":{\"@id\":\"https:\\\/\\\/storax.be\\\/fr\\\/producten\\\/systemes-schluter-pour-balcons-et-terrasses\\\/schluter-bara-rtke-rtkeg\\\/#primaryimage\"},\"image\":{\"@id\":\"https:\\\/\\\/storax.be\\\/fr\\\/producten\\\/systemes-schluter-pour-balcons-et-terrasses\\\/schluter-bara-rtke-rtkeg\\\/#primaryimage\"},\"thumbnailUrl\":\"https:\\\/\\\/storax.be\\\/wp-content\\\/uploads\\\/sites\\\/2\\\/2023\\\/04\\\/Schluter-BARA-RTKEG.png\",\"datePublished\":\"2023-04-18T08:41:43+00:00\",\"dateModified\":\"2024-05-16T07:39:16+00:00\",\"breadcrumb\":{\"@id\":\"https:\\\/\\\/storax.be\\\/fr\\\/producten\\\/systemes-schluter-pour-balcons-et-terrasses\\\/schluter-bara-rtke-rtkeg\\\/#breadcrumb\"},\"inLanguage\":\"fr-FR\",\"potentialAction\":[{\"@type\":\"ReadAction\",\"target\":[\"https:\\\/\\\/storax.be\\\/fr\\\/producten\\\/systemes-schluter-pour-balcons-et-terrasses\\\/schluter-bara-rtke-rtkeg\\\/\"]}]},{\"@type\":\"ImageObject\",\"inLanguage\":\"fr-FR\",\"@id\":\"https:\\\/\\\/storax.be\\\/fr\\\/producten\\\/systemes-schluter-pour-balcons-et-terrasses\\\/schluter-bara-rtke-rtkeg\\\/#primaryimage\",\"url\":\"https:\\\/\\\/storax.be\\\/wp-content\\\/uploads\\\/sites\\\/2\\\/2023\\\/04\\\/Schluter-BARA-RTKEG.png\",\"contentUrl\":\"https:\\\/\\\/storax.be\\\/wp-content\\\/uploads\\\/sites\\\/2\\\/2023\\\/04\\\/Schluter-BARA-RTKEG.png\",\"width\":470,\"height\":470,\"caption\":\"Schluter BARA RTKEG\"},{\"@type\":\"BreadcrumbList\",\"@id\":\"https:\\\/\\\/storax.be\\\/fr\\\/producten\\\/systemes-schluter-pour-balcons-et-terrasses\\\/schluter-bara-rtke-rtkeg\\\/#breadcrumb\",\"itemListElement\":[{\"@type\":\"ListItem\",\"position\":1,\"name\":\"Home\",\"item\":\"https:\\\/\\\/storax.be\\\/fr\\\/\"},{\"@type\":\"ListItem\",\"position\":2,\"name\":\"Producten\",\"item\":\"https:\\\/\\\/storax.be\\\/fr\\\/producten\\\/%product_category%\\\/\"},{\"@type\":\"ListItem\",\"position\":3,\"name\":\"Schl\u00fcter Syst\u00e8mes\",\"item\":\"https:\\\/\\\/storax.be\\\/fr\\\/producten\\\/schluter-systems-fr\\\/\"},{\"@type\":\"ListItem\",\"position\":4,\"name\":\"Schl\u00fcter-BARA RTKE\\\/RTKEG\"}]},{\"@type\":\"WebSite\",\"@id\":\"https:\\\/\\\/storax.be\\\/fr\\\/#website\",\"url\":\"https:\\\/\\\/storax.be\\\/fr\\\/\",\"name\":\"Storax Belgium\",\"description\":\"Uw betrouwbare partner voor bouwprojecten\",\"potentialAction\":[{\"@type\":\"SearchAction\",\"target\":{\"@type\":\"EntryPoint\",\"urlTemplate\":\"https:\\\/\\\/storax.be\\\/fr\\\/?s={search_term_string}\"},\"query-input\":{\"@type\":\"PropertyValueSpecification\",\"valueRequired\":true,\"valueName\":\"search_term_string\"}}],\"inLanguage\":\"fr-FR\"}]}<\/script>\n<!-- \/ Yoast SEO plugin. -->","yoast_head_json":{"title":"Schl\u00fcter-BARA RTKE\/RTKEG - Storax Belgium","robots":{"index":"index","follow":"follow","max-snippet":"max-snippet:-1","max-image-preview":"max-image-preview:large","max-video-preview":"max-video-preview:-1"},"canonical":"https:\/\/storax.be\/fr\/producten\/systemes-schluter-pour-balcons-et-terrasses\/schluter-bara-rtke-rtkeg\/","og_locale":"fr_FR","og_type":"article","og_title":"Schl\u00fcter-BARA RTKE\/RTKEG - Storax Belgium","og_description":"Schl\u00fcter-BARA-RTKE\/-RTKEG\u00a0sont des profil\u00e9s de rive destin\u00e9s aux rev\u00eatements sur des balcons ou des terrasses pr\u00e9sentant une forme de pente. Le profil\u00e9\u00a0Schl\u00fcter-BARA-RTKE\u00a0convient particuli\u00e8rement pour une mise en \u0153uvre en liaison avec la natte de drainage Schl\u00fcter-DITRA-DRAIN. Le bord perfor\u00e9 du profil\u00e9 permet l\u2019\u00e9vacuation des eaux de drainage, un s\u00e9chage rapide du mortier-colle et une finition soign\u00e9e\u2026","og_url":"https:\/\/storax.be\/fr\/producten\/systemes-schluter-pour-balcons-et-terrasses\/schluter-bara-rtke-rtkeg\/","og_site_name":"Storax Belgium","article_modified_time":"2024-05-16T07:39:16+00:00","og_image":[{"width":470,"height":470,"url":"https:\/\/storax.be\/wp-content\/uploads\/sites\/2\/2023\/04\/Schluter-BARA-RTKEG.png","type":"image\/png"}],"twitter_card":"summary_large_image","twitter_misc":{"Dur\u00e9e de lecture estim\u00e9e":"1 minute"},"schema":{"@context":"https:\/\/schema.org","@graph":[{"@type":"WebPage","@id":"https:\/\/storax.be\/fr\/producten\/systemes-schluter-pour-balcons-et-terrasses\/schluter-bara-rtke-rtkeg\/","url":"https:\/\/storax.be\/fr\/producten\/systemes-schluter-pour-balcons-et-terrasses\/schluter-bara-rtke-rtkeg\/","name":"Schl\u00fcter-BARA RTKE\/RTKEG - Storax Belgium","isPartOf":{"@id":"https:\/\/storax.be\/fr\/#website"},"primaryImageOfPage":{"@id":"https:\/\/storax.be\/fr\/producten\/systemes-schluter-pour-balcons-et-terrasses\/schluter-bara-rtke-rtkeg\/#primaryimage"},"image":{"@id":"https:\/\/storax.be\/fr\/producten\/systemes-schluter-pour-balcons-et-terrasses\/schluter-bara-rtke-rtkeg\/#primaryimage"},"thumbnailUrl":"https:\/\/storax.be\/wp-content\/uploads\/sites\/2\/2023\/04\/Schluter-BARA-RTKEG.png","datePublished":"2023-04-18T08:41:43+00:00","dateModified":"2024-05-16T07:39:16+00:00","breadcrumb":{"@id":"https:\/\/storax.be\/fr\/producten\/systemes-schluter-pour-balcons-et-terrasses\/schluter-bara-rtke-rtkeg\/#breadcrumb"},"inLanguage":"fr-FR","potentialAction":[{"@type":"ReadAction","target":["https:\/\/storax.be\/fr\/producten\/systemes-schluter-pour-balcons-et-terrasses\/schluter-bara-rtke-rtkeg\/"]}]},{"@type":"ImageObject","inLanguage":"fr-FR","@id":"https:\/\/storax.be\/fr\/producten\/systemes-schluter-pour-balcons-et-terrasses\/schluter-bara-rtke-rtkeg\/#primaryimage","url":"https:\/\/storax.be\/wp-content\/uploads\/sites\/2\/2023\/04\/Schluter-BARA-RTKEG.png","contentUrl":"https:\/\/storax.be\/wp-content\/uploads\/sites\/2\/2023\/04\/Schluter-BARA-RTKEG.png","width":470,"height":470,"caption":"Schluter BARA RTKEG"},{"@type":"BreadcrumbList","@id":"https:\/\/storax.be\/fr\/producten\/systemes-schluter-pour-balcons-et-terrasses\/schluter-bara-rtke-rtkeg\/#breadcrumb","itemListElement":[{"@type":"ListItem","position":1,"name":"Home","item":"https:\/\/storax.be\/fr\/"},{"@type":"ListItem","position":2,"name":"Producten","item":"https:\/\/storax.be\/fr\/producten\/%product_category%\/"},{"@type":"ListItem","position":3,"name":"Schl\u00fcter Syst\u00e8mes","item":"https:\/\/storax.be\/fr\/producten\/schluter-systems-fr\/"},{"@type":"ListItem","position":4,"name":"Schl\u00fcter-BARA RTKE\/RTKEG"}]},{"@type":"WebSite","@id":"https:\/\/storax.be\/fr\/#website","url":"https:\/\/storax.be\/fr\/","name":"Storax Belgium","description":"Uw betrouwbare partner voor bouwprojecten","potentialAction":[{"@type":"SearchAction","target":{"@type":"EntryPoint","urlTemplate":"https:\/\/storax.be\/fr\/?s={search_term_string}"},"query-input":{"@type":"PropertyValueSpecification","valueRequired":true,"valueName":"search_term_string"}}],"inLanguage":"fr-FR"}]}},"_links":{"self":[{"href":"https:\/\/storax.be\/fr\/wp-json\/wp\/v2\/product\/116138","targetHints":{"allow":["GET"]}}],"collection":[{"href":"https:\/\/storax.be\/fr\/wp-json\/wp\/v2\/product"}],"about":[{"href":"https:\/\/storax.be\/fr\/wp-json\/wp\/v2\/types\/product"}],"wp:featuredmedia":[{"embeddable":true,"href":"https:\/\/storax.be\/fr\/wp-json\/wp\/v2\/media\/115937"}],"wp:attachment":[{"href":"https:\/\/storax.be\/fr\/wp-json\/wp\/v2\/media?parent=116138"}],"wp:term":[{"taxonomy":"product_category","embeddable":true,"href":"https:\/\/storax.be\/fr\/wp-json\/wp\/v2\/product_category?post=116138"},{"taxonomy":"product_tag","embeddable":true,"href":"https:\/\/storax.be\/fr\/wp-json\/wp\/v2\/product_tag?post=116138"}],"curies":[{"name":"wp","href":"https:\/\/api.w.org\/{rel}","templated":true}]}}