{"id":116134,"date":"2023-04-18T08:41:43","date_gmt":"2023-04-18T08:41:43","guid":{"rendered":"https:\/\/storax.be\/producten\/uncategorized\/schluter-bara-rtk\/"},"modified":"2024-05-16T07:39:16","modified_gmt":"2024-05-16T07:39:16","slug":"schluter-bara-rtk","status":"publish","type":"product","link":"https:\/\/www.storax.nl\/fr\/producten\/systemes-schluter-pour-balcons-et-terrasses\/schluter-bara-rtk\/","title":{"rendered":"Schl\u00fcter-BARA RTK"},"content":{"rendered":"<p><strong>Schl\u00fcter-BARA-RTK<\/strong> est un profil\u00e9 de rive pour la finition des chants de balcons et de terrasses avec forme de pente.\u00a0 La pr\u00e9sence d\u2019un l\u00e9ger d\u00e9caiss\u00e9 dans la platine de collage permet d\u2019utiliser, pour cacher le chant des carreaux, les profil\u00e9s de protection de type Schl\u00fcter-RONDEC ou Schl\u00fcter-SCHIENE de m\u00eame couleur que le profil\u00e9 de rive.<\/p>\n<p>Schl\u00fcter-BARA-RTK se fixe avec l\u2019ailette de fixation \u00e0 perforations trap\u00e9zo\u00efdales noy\u00e9e dans du mortier-colle \u00e0 prise hydraulique. Schl\u00fcter-DITRA peut \u00eatre raccord\u00e9e au profil\u00e9 en tant que S.P.E.C. (Syst\u00e8me de Protection \u00e0 l\u2019eau sous Carrelage). Il est \u00e9galement possible de recourir \u00e0 des \u00e9tanch\u00e9it\u00e9s applicables au rouleau, ou \u00e0 une \u00e9tanch\u00e9it\u00e9 conforme \u00e0 la norme DIN 18531. La partie verticale inf\u00e9rieure du profil\u00e9 Schl\u00fcter-BARA-RTK comporte un rail servant \u00e0 la fixation de la goutti\u00e8re Schl\u00fcter-BARIN.<\/p>\n<p>La pr\u00e9sence d\u2019orifices oblongs dans le syst\u00e8me de goutti\u00e8re Schl\u00fcter-BARIN permet le r\u00e9glage en hauteur.<\/p>\n","protected":false},"excerpt":{"rendered":"<p>Schl\u00fcter-BARA-RTK est un profil\u00e9 de rive pour la finition des chants de balcons et de terrasses avec forme de pente.\u00a0 La pr\u00e9sence d\u2019un l\u00e9ger d\u00e9caiss\u00e9 dans la platine de collage permet d\u2019utiliser, pour cacher le chant des carreaux, les profil\u00e9s de protection de type Schl\u00fcter-RONDEC ou Schl\u00fcter-SCHIENE de m\u00eame couleur que le profil\u00e9 de rive.\u2026<\/p>\n","protected":false},"featured_media":115932,"template":"","meta":{"_acf_changed":false},"product_category":[625,774],"product_tag":[778],"class_list":["post-116134","product","type-product","status-publish","has-post-thumbnail","hentry","product_category-schluter-systems-fr","product_category-systemes-schluter-pour-balcons-et-terrasses","product_tag-randprofielen-gootbevestiging-fr"],"acf":[],"yoast_head":"<!-- This site is optimized with the Yoast SEO plugin v27.3 - https:\/\/yoast.com\/product\/yoast-seo-wordpress\/ -->\n<title>Schl\u00fcter-BARA RTK - Storax Belgium<\/title>\n<meta name=\"robots\" content=\"index, follow, max-snippet:-1, max-image-preview:large, max-video-preview:-1\" \/>\n<link rel=\"canonical\" href=\"https:\/\/www.storax.nl\/fr\/producten\/systemes-schluter-pour-balcons-et-terrasses\/schluter-bara-rtk\/\" \/>\n<meta property=\"og:locale\" content=\"fr_FR\" \/>\n<meta property=\"og:type\" content=\"article\" \/>\n<meta property=\"og:title\" content=\"Schl\u00fcter-BARA RTK - Storax Belgium\" \/>\n<meta property=\"og:description\" content=\"Schl\u00fcter-BARA-RTK est un profil\u00e9 de rive pour la finition des chants de balcons et de terrasses avec forme de pente.\u00a0 La pr\u00e9sence d\u2019un l\u00e9ger d\u00e9caiss\u00e9 dans la platine de collage permet d\u2019utiliser, pour cacher le chant des carreaux, les profil\u00e9s de protection de type Schl\u00fcter-RONDEC ou Schl\u00fcter-SCHIENE de m\u00eame couleur que le profil\u00e9 de rive.\u2026\" \/>\n<meta property=\"og:url\" content=\"https:\/\/www.storax.nl\/fr\/producten\/systemes-schluter-pour-balcons-et-terrasses\/schluter-bara-rtk\/\" \/>\n<meta property=\"og:site_name\" content=\"Storax Belgium\" \/>\n<meta property=\"article:modified_time\" content=\"2024-05-16T07:39:16+00:00\" \/>\n<meta property=\"og:image\" content=\"https:\/\/storax.be\/wp-content\/uploads\/sites\/2\/2023\/04\/Schluter-BARA-RTK.png\" \/>\n\t<meta property=\"og:image:width\" content=\"470\" \/>\n\t<meta property=\"og:image:height\" content=\"470\" \/>\n\t<meta property=\"og:image:type\" content=\"image\/png\" \/>\n<meta name=\"twitter:card\" content=\"summary_large_image\" \/>\n<meta name=\"twitter:label1\" content=\"Dur\u00e9e de lecture estim\u00e9e\" \/>\n\t<meta name=\"twitter:data1\" content=\"1 minute\" \/>\n<script type=\"application\/ld+json\" class=\"yoast-schema-graph\">{\"@context\":\"https:\\\/\\\/schema.org\",\"@graph\":[{\"@type\":\"WebPage\",\"@id\":\"https:\\\/\\\/www.storax.nl\\\/fr\\\/producten\\\/systemes-schluter-pour-balcons-et-terrasses\\\/schluter-bara-rtk\\\/\",\"url\":\"https:\\\/\\\/www.storax.nl\\\/fr\\\/producten\\\/systemes-schluter-pour-balcons-et-terrasses\\\/schluter-bara-rtk\\\/\",\"name\":\"Schl\u00fcter-BARA RTK - Storax Belgium\",\"isPartOf\":{\"@id\":\"https:\\\/\\\/storax.be\\\/fr\\\/#website\"},\"primaryImageOfPage\":{\"@id\":\"https:\\\/\\\/www.storax.nl\\\/fr\\\/producten\\\/systemes-schluter-pour-balcons-et-terrasses\\\/schluter-bara-rtk\\\/#primaryimage\"},\"image\":{\"@id\":\"https:\\\/\\\/www.storax.nl\\\/fr\\\/producten\\\/systemes-schluter-pour-balcons-et-terrasses\\\/schluter-bara-rtk\\\/#primaryimage\"},\"thumbnailUrl\":\"https:\\\/\\\/www.storax.nl\\\/wp-content\\\/uploads\\\/sites\\\/2\\\/2023\\\/04\\\/Schluter-BARA-RTK.png\",\"datePublished\":\"2023-04-18T08:41:43+00:00\",\"dateModified\":\"2024-05-16T07:39:16+00:00\",\"breadcrumb\":{\"@id\":\"https:\\\/\\\/www.storax.nl\\\/fr\\\/producten\\\/systemes-schluter-pour-balcons-et-terrasses\\\/schluter-bara-rtk\\\/#breadcrumb\"},\"inLanguage\":\"fr-FR\",\"potentialAction\":[{\"@type\":\"ReadAction\",\"target\":[\"https:\\\/\\\/www.storax.nl\\\/fr\\\/producten\\\/systemes-schluter-pour-balcons-et-terrasses\\\/schluter-bara-rtk\\\/\"]}]},{\"@type\":\"ImageObject\",\"inLanguage\":\"fr-FR\",\"@id\":\"https:\\\/\\\/www.storax.nl\\\/fr\\\/producten\\\/systemes-schluter-pour-balcons-et-terrasses\\\/schluter-bara-rtk\\\/#primaryimage\",\"url\":\"https:\\\/\\\/www.storax.nl\\\/wp-content\\\/uploads\\\/sites\\\/2\\\/2023\\\/04\\\/Schluter-BARA-RTK.png\",\"contentUrl\":\"https:\\\/\\\/www.storax.nl\\\/wp-content\\\/uploads\\\/sites\\\/2\\\/2023\\\/04\\\/Schluter-BARA-RTK.png\",\"width\":470,\"height\":470,\"caption\":\"Schluter BARA RTK\"},{\"@type\":\"BreadcrumbList\",\"@id\":\"https:\\\/\\\/www.storax.nl\\\/fr\\\/producten\\\/systemes-schluter-pour-balcons-et-terrasses\\\/schluter-bara-rtk\\\/#breadcrumb\",\"itemListElement\":[{\"@type\":\"ListItem\",\"position\":1,\"name\":\"Home\",\"item\":\"https:\\\/\\\/storax.be\\\/fr\\\/\"},{\"@type\":\"ListItem\",\"position\":2,\"name\":\"Producten\",\"item\":\"https:\\\/\\\/www.storax.nl\\\/fr\\\/producten\\\/%product_category%\\\/\"},{\"@type\":\"ListItem\",\"position\":3,\"name\":\"Schl\u00fcter Syst\u00e8mes\",\"item\":\"https:\\\/\\\/www.storax.nl\\\/fr\\\/producten\\\/schluter-systems-fr\\\/\"},{\"@type\":\"ListItem\",\"position\":4,\"name\":\"Schl\u00fcter-BARA RTK\"}]},{\"@type\":\"WebSite\",\"@id\":\"https:\\\/\\\/storax.be\\\/fr\\\/#website\",\"url\":\"https:\\\/\\\/storax.be\\\/fr\\\/\",\"name\":\"Storax Belgium\",\"description\":\"Uw betrouwbare partner voor bouwprojecten\",\"potentialAction\":[{\"@type\":\"SearchAction\",\"target\":{\"@type\":\"EntryPoint\",\"urlTemplate\":\"https:\\\/\\\/storax.be\\\/fr\\\/?s={search_term_string}\"},\"query-input\":{\"@type\":\"PropertyValueSpecification\",\"valueRequired\":true,\"valueName\":\"search_term_string\"}}],\"inLanguage\":\"fr-FR\"}]}<\/script>\n<!-- \/ Yoast SEO plugin. -->","yoast_head_json":{"title":"Schl\u00fcter-BARA RTK - Storax Belgium","robots":{"index":"index","follow":"follow","max-snippet":"max-snippet:-1","max-image-preview":"max-image-preview:large","max-video-preview":"max-video-preview:-1"},"canonical":"https:\/\/www.storax.nl\/fr\/producten\/systemes-schluter-pour-balcons-et-terrasses\/schluter-bara-rtk\/","og_locale":"fr_FR","og_type":"article","og_title":"Schl\u00fcter-BARA RTK - Storax Belgium","og_description":"Schl\u00fcter-BARA-RTK est un profil\u00e9 de rive pour la finition des chants de balcons et de terrasses avec forme de pente.\u00a0 La pr\u00e9sence d\u2019un l\u00e9ger d\u00e9caiss\u00e9 dans la platine de collage permet d\u2019utiliser, pour cacher le chant des carreaux, les profil\u00e9s de protection de type Schl\u00fcter-RONDEC ou Schl\u00fcter-SCHIENE de m\u00eame couleur que le profil\u00e9 de rive.\u2026","og_url":"https:\/\/www.storax.nl\/fr\/producten\/systemes-schluter-pour-balcons-et-terrasses\/schluter-bara-rtk\/","og_site_name":"Storax Belgium","article_modified_time":"2024-05-16T07:39:16+00:00","og_image":[{"width":470,"height":470,"url":"https:\/\/storax.be\/wp-content\/uploads\/sites\/2\/2023\/04\/Schluter-BARA-RTK.png","type":"image\/png"}],"twitter_card":"summary_large_image","twitter_misc":{"Dur\u00e9e de lecture estim\u00e9e":"1 minute"},"schema":{"@context":"https:\/\/schema.org","@graph":[{"@type":"WebPage","@id":"https:\/\/www.storax.nl\/fr\/producten\/systemes-schluter-pour-balcons-et-terrasses\/schluter-bara-rtk\/","url":"https:\/\/www.storax.nl\/fr\/producten\/systemes-schluter-pour-balcons-et-terrasses\/schluter-bara-rtk\/","name":"Schl\u00fcter-BARA RTK - Storax Belgium","isPartOf":{"@id":"https:\/\/storax.be\/fr\/#website"},"primaryImageOfPage":{"@id":"https:\/\/www.storax.nl\/fr\/producten\/systemes-schluter-pour-balcons-et-terrasses\/schluter-bara-rtk\/#primaryimage"},"image":{"@id":"https:\/\/www.storax.nl\/fr\/producten\/systemes-schluter-pour-balcons-et-terrasses\/schluter-bara-rtk\/#primaryimage"},"thumbnailUrl":"https:\/\/www.storax.nl\/wp-content\/uploads\/sites\/2\/2023\/04\/Schluter-BARA-RTK.png","datePublished":"2023-04-18T08:41:43+00:00","dateModified":"2024-05-16T07:39:16+00:00","breadcrumb":{"@id":"https:\/\/www.storax.nl\/fr\/producten\/systemes-schluter-pour-balcons-et-terrasses\/schluter-bara-rtk\/#breadcrumb"},"inLanguage":"fr-FR","potentialAction":[{"@type":"ReadAction","target":["https:\/\/www.storax.nl\/fr\/producten\/systemes-schluter-pour-balcons-et-terrasses\/schluter-bara-rtk\/"]}]},{"@type":"ImageObject","inLanguage":"fr-FR","@id":"https:\/\/www.storax.nl\/fr\/producten\/systemes-schluter-pour-balcons-et-terrasses\/schluter-bara-rtk\/#primaryimage","url":"https:\/\/www.storax.nl\/wp-content\/uploads\/sites\/2\/2023\/04\/Schluter-BARA-RTK.png","contentUrl":"https:\/\/www.storax.nl\/wp-content\/uploads\/sites\/2\/2023\/04\/Schluter-BARA-RTK.png","width":470,"height":470,"caption":"Schluter BARA RTK"},{"@type":"BreadcrumbList","@id":"https:\/\/www.storax.nl\/fr\/producten\/systemes-schluter-pour-balcons-et-terrasses\/schluter-bara-rtk\/#breadcrumb","itemListElement":[{"@type":"ListItem","position":1,"name":"Home","item":"https:\/\/storax.be\/fr\/"},{"@type":"ListItem","position":2,"name":"Producten","item":"https:\/\/www.storax.nl\/fr\/producten\/%product_category%\/"},{"@type":"ListItem","position":3,"name":"Schl\u00fcter Syst\u00e8mes","item":"https:\/\/www.storax.nl\/fr\/producten\/schluter-systems-fr\/"},{"@type":"ListItem","position":4,"name":"Schl\u00fcter-BARA RTK"}]},{"@type":"WebSite","@id":"https:\/\/storax.be\/fr\/#website","url":"https:\/\/storax.be\/fr\/","name":"Storax Belgium","description":"Uw betrouwbare partner voor bouwprojecten","potentialAction":[{"@type":"SearchAction","target":{"@type":"EntryPoint","urlTemplate":"https:\/\/storax.be\/fr\/?s={search_term_string}"},"query-input":{"@type":"PropertyValueSpecification","valueRequired":true,"valueName":"search_term_string"}}],"inLanguage":"fr-FR"}]}},"_links":{"self":[{"href":"https:\/\/www.storax.nl\/fr\/wp-json\/wp\/v2\/product\/116134","targetHints":{"allow":["GET"]}}],"collection":[{"href":"https:\/\/www.storax.nl\/fr\/wp-json\/wp\/v2\/product"}],"about":[{"href":"https:\/\/www.storax.nl\/fr\/wp-json\/wp\/v2\/types\/product"}],"wp:featuredmedia":[{"embeddable":true,"href":"https:\/\/www.storax.nl\/fr\/wp-json\/wp\/v2\/media\/115932"}],"wp:attachment":[{"href":"https:\/\/www.storax.nl\/fr\/wp-json\/wp\/v2\/media?parent=116134"}],"wp:term":[{"taxonomy":"product_category","embeddable":true,"href":"https:\/\/www.storax.nl\/fr\/wp-json\/wp\/v2\/product_category?post=116134"},{"taxonomy":"product_tag","embeddable":true,"href":"https:\/\/www.storax.nl\/fr\/wp-json\/wp\/v2\/product_tag?post=116134"}],"curies":[{"name":"wp","href":"https:\/\/api.w.org\/{rel}","templated":true}]}}