{"id":116131,"date":"2023-04-18T08:41:43","date_gmt":"2023-04-18T08:41:43","guid":{"rendered":"https:\/\/storax.be\/producten\/uncategorized\/schluter-troba-line-tlr\/"},"modified":"2024-05-16T07:39:16","modified_gmt":"2024-05-16T07:39:16","slug":"schluter-troba-line-tlr","status":"publish","type":"product","link":"https:\/\/storax.be\/fr\/producten\/systemes-schluter-pour-balcons-et-terrasses\/schluter-troba-line-tlr\/","title":{"rendered":"Schl\u00fcter\u00ae-TROBA LINE TLR"},"content":{"rendered":"<p><strong>Schl\u00fcter-TROBA-LINE-TLR<\/strong>\u00a0est un caniveau de drainage dont la partie sup\u00e9rieure est en acier galvanis\u00e9 ou en acier inoxydable (pour TLR-E), et s\u2019int\u00e8gre dans la partie inf\u00e9rieure en acier inoxydable.<\/p>\n<p>L\u2019eau passe par les ouvertures du caniveau jusqu\u2019\u00e0 la couche d\u2019\u00e9tanch\u00e9it\u00e9 o\u00f9 elle s\u2019\u00e9coule entre l\u2019\u00e9tanch\u00e9it\u00e9 et la structure du rev\u00eatement jusqu\u2019au point d\u2019\u00e9vacuation. Ainsi, l\u2019eau ne peut plus s\u2019accumuler au devant des portes ou aux endroits ne permettant pas une hauteur de raccordement suffisante.<\/p>\n","protected":false},"excerpt":{"rendered":"<p>Schl\u00fcter-TROBA-LINE-TLR\u00a0est un caniveau de drainage dont la partie sup\u00e9rieure est en acier galvanis\u00e9 ou en acier inoxydable (pour TLR-E), et s\u2019int\u00e8gre dans la partie inf\u00e9rieure en acier inoxydable. L\u2019eau passe par les ouvertures du caniveau jusqu\u2019\u00e0 la couche d\u2019\u00e9tanch\u00e9it\u00e9 o\u00f9 elle s\u2019\u00e9coule entre l\u2019\u00e9tanch\u00e9it\u00e9 et la structure du rev\u00eatement jusqu\u2019au point d\u2019\u00e9vacuation. Ainsi, l\u2019eau ne\u2026<\/p>\n","protected":false},"featured_media":115924,"template":"","meta":{"_acf_changed":false},"product_category":[625,774],"product_tag":[777],"class_list":["post-116131","product","type-product","status-publish","has-post-thumbnail","hentry","product_category-schluter-systems-fr","product_category-systemes-schluter-pour-balcons-et-terrasses","product_tag-drainagegoot-fr"],"acf":[],"yoast_head":"<!-- This site is optimized with the Yoast SEO plugin v27.3 - https:\/\/yoast.com\/product\/yoast-seo-wordpress\/ -->\n<title>Schl\u00fcter\u00ae-TROBA LINE TLR - Storax Belgium<\/title>\n<meta name=\"robots\" content=\"index, follow, max-snippet:-1, max-image-preview:large, max-video-preview:-1\" \/>\n<link rel=\"canonical\" href=\"https:\/\/storax.be\/fr\/producten\/systemes-schluter-pour-balcons-et-terrasses\/schluter-troba-line-tlr\/\" \/>\n<meta property=\"og:locale\" content=\"fr_FR\" \/>\n<meta property=\"og:type\" content=\"article\" \/>\n<meta property=\"og:title\" content=\"Schl\u00fcter\u00ae-TROBA LINE TLR - Storax Belgium\" \/>\n<meta property=\"og:description\" content=\"Schl\u00fcter-TROBA-LINE-TLR\u00a0est un caniveau de drainage dont la partie sup\u00e9rieure est en acier galvanis\u00e9 ou en acier inoxydable (pour TLR-E), et s\u2019int\u00e8gre dans la partie inf\u00e9rieure en acier inoxydable. L\u2019eau passe par les ouvertures du caniveau jusqu\u2019\u00e0 la couche d\u2019\u00e9tanch\u00e9it\u00e9 o\u00f9 elle s\u2019\u00e9coule entre l\u2019\u00e9tanch\u00e9it\u00e9 et la structure du rev\u00eatement jusqu\u2019au point d\u2019\u00e9vacuation. Ainsi, l\u2019eau ne\u2026\" \/>\n<meta property=\"og:url\" content=\"https:\/\/storax.be\/fr\/producten\/systemes-schluter-pour-balcons-et-terrasses\/schluter-troba-line-tlr\/\" \/>\n<meta property=\"og:site_name\" content=\"Storax Belgium\" \/>\n<meta property=\"article:modified_time\" content=\"2024-05-16T07:39:16+00:00\" \/>\n<meta property=\"og:image\" content=\"https:\/\/storax.be\/wp-content\/uploads\/sites\/2\/2023\/04\/Scluter-Troba-Line-TLR-1-1.png\" \/>\n\t<meta property=\"og:image:width\" content=\"470\" \/>\n\t<meta property=\"og:image:height\" content=\"470\" \/>\n\t<meta property=\"og:image:type\" content=\"image\/png\" \/>\n<meta name=\"twitter:card\" content=\"summary_large_image\" \/>\n<meta name=\"twitter:label1\" content=\"Dur\u00e9e de lecture estim\u00e9e\" \/>\n\t<meta name=\"twitter:data1\" content=\"1 minute\" \/>\n<script type=\"application\/ld+json\" class=\"yoast-schema-graph\">{\"@context\":\"https:\\\/\\\/schema.org\",\"@graph\":[{\"@type\":\"WebPage\",\"@id\":\"https:\\\/\\\/storax.be\\\/fr\\\/producten\\\/systemes-schluter-pour-balcons-et-terrasses\\\/schluter-troba-line-tlr\\\/\",\"url\":\"https:\\\/\\\/storax.be\\\/fr\\\/producten\\\/systemes-schluter-pour-balcons-et-terrasses\\\/schluter-troba-line-tlr\\\/\",\"name\":\"Schl\u00fcter\u00ae-TROBA LINE TLR - Storax Belgium\",\"isPartOf\":{\"@id\":\"https:\\\/\\\/storax.be\\\/fr\\\/#website\"},\"primaryImageOfPage\":{\"@id\":\"https:\\\/\\\/storax.be\\\/fr\\\/producten\\\/systemes-schluter-pour-balcons-et-terrasses\\\/schluter-troba-line-tlr\\\/#primaryimage\"},\"image\":{\"@id\":\"https:\\\/\\\/storax.be\\\/fr\\\/producten\\\/systemes-schluter-pour-balcons-et-terrasses\\\/schluter-troba-line-tlr\\\/#primaryimage\"},\"thumbnailUrl\":\"https:\\\/\\\/storax.be\\\/wp-content\\\/uploads\\\/sites\\\/2\\\/2023\\\/04\\\/Scluter-Troba-Line-TLR-1-1.png\",\"datePublished\":\"2023-04-18T08:41:43+00:00\",\"dateModified\":\"2024-05-16T07:39:16+00:00\",\"breadcrumb\":{\"@id\":\"https:\\\/\\\/storax.be\\\/fr\\\/producten\\\/systemes-schluter-pour-balcons-et-terrasses\\\/schluter-troba-line-tlr\\\/#breadcrumb\"},\"inLanguage\":\"fr-FR\",\"potentialAction\":[{\"@type\":\"ReadAction\",\"target\":[\"https:\\\/\\\/storax.be\\\/fr\\\/producten\\\/systemes-schluter-pour-balcons-et-terrasses\\\/schluter-troba-line-tlr\\\/\"]}]},{\"@type\":\"ImageObject\",\"inLanguage\":\"fr-FR\",\"@id\":\"https:\\\/\\\/storax.be\\\/fr\\\/producten\\\/systemes-schluter-pour-balcons-et-terrasses\\\/schluter-troba-line-tlr\\\/#primaryimage\",\"url\":\"https:\\\/\\\/storax.be\\\/wp-content\\\/uploads\\\/sites\\\/2\\\/2023\\\/04\\\/Scluter-Troba-Line-TLR-1-1.png\",\"contentUrl\":\"https:\\\/\\\/storax.be\\\/wp-content\\\/uploads\\\/sites\\\/2\\\/2023\\\/04\\\/Scluter-Troba-Line-TLR-1-1.png\",\"width\":470,\"height\":470,\"caption\":\"Scluter Troba Line TLR\"},{\"@type\":\"BreadcrumbList\",\"@id\":\"https:\\\/\\\/storax.be\\\/fr\\\/producten\\\/systemes-schluter-pour-balcons-et-terrasses\\\/schluter-troba-line-tlr\\\/#breadcrumb\",\"itemListElement\":[{\"@type\":\"ListItem\",\"position\":1,\"name\":\"Home\",\"item\":\"https:\\\/\\\/storax.be\\\/fr\\\/\"},{\"@type\":\"ListItem\",\"position\":2,\"name\":\"Producten\",\"item\":\"https:\\\/\\\/storax.be\\\/fr\\\/producten\\\/%product_category%\\\/\"},{\"@type\":\"ListItem\",\"position\":3,\"name\":\"Schl\u00fcter Syst\u00e8mes\",\"item\":\"https:\\\/\\\/storax.be\\\/fr\\\/producten\\\/schluter-systems-fr\\\/\"},{\"@type\":\"ListItem\",\"position\":4,\"name\":\"Schl\u00fcter\u00ae-TROBA LINE TLR\"}]},{\"@type\":\"WebSite\",\"@id\":\"https:\\\/\\\/storax.be\\\/fr\\\/#website\",\"url\":\"https:\\\/\\\/storax.be\\\/fr\\\/\",\"name\":\"Storax Belgium\",\"description\":\"Uw betrouwbare partner voor bouwprojecten\",\"potentialAction\":[{\"@type\":\"SearchAction\",\"target\":{\"@type\":\"EntryPoint\",\"urlTemplate\":\"https:\\\/\\\/storax.be\\\/fr\\\/?s={search_term_string}\"},\"query-input\":{\"@type\":\"PropertyValueSpecification\",\"valueRequired\":true,\"valueName\":\"search_term_string\"}}],\"inLanguage\":\"fr-FR\"}]}<\/script>\n<!-- \/ Yoast SEO plugin. -->","yoast_head_json":{"title":"Schl\u00fcter\u00ae-TROBA LINE TLR - Storax Belgium","robots":{"index":"index","follow":"follow","max-snippet":"max-snippet:-1","max-image-preview":"max-image-preview:large","max-video-preview":"max-video-preview:-1"},"canonical":"https:\/\/storax.be\/fr\/producten\/systemes-schluter-pour-balcons-et-terrasses\/schluter-troba-line-tlr\/","og_locale":"fr_FR","og_type":"article","og_title":"Schl\u00fcter\u00ae-TROBA LINE TLR - Storax Belgium","og_description":"Schl\u00fcter-TROBA-LINE-TLR\u00a0est un caniveau de drainage dont la partie sup\u00e9rieure est en acier galvanis\u00e9 ou en acier inoxydable (pour TLR-E), et s\u2019int\u00e8gre dans la partie inf\u00e9rieure en acier inoxydable. L\u2019eau passe par les ouvertures du caniveau jusqu\u2019\u00e0 la couche d\u2019\u00e9tanch\u00e9it\u00e9 o\u00f9 elle s\u2019\u00e9coule entre l\u2019\u00e9tanch\u00e9it\u00e9 et la structure du rev\u00eatement jusqu\u2019au point d\u2019\u00e9vacuation. Ainsi, l\u2019eau ne\u2026","og_url":"https:\/\/storax.be\/fr\/producten\/systemes-schluter-pour-balcons-et-terrasses\/schluter-troba-line-tlr\/","og_site_name":"Storax Belgium","article_modified_time":"2024-05-16T07:39:16+00:00","og_image":[{"width":470,"height":470,"url":"https:\/\/storax.be\/wp-content\/uploads\/sites\/2\/2023\/04\/Scluter-Troba-Line-TLR-1-1.png","type":"image\/png"}],"twitter_card":"summary_large_image","twitter_misc":{"Dur\u00e9e de lecture estim\u00e9e":"1 minute"},"schema":{"@context":"https:\/\/schema.org","@graph":[{"@type":"WebPage","@id":"https:\/\/storax.be\/fr\/producten\/systemes-schluter-pour-balcons-et-terrasses\/schluter-troba-line-tlr\/","url":"https:\/\/storax.be\/fr\/producten\/systemes-schluter-pour-balcons-et-terrasses\/schluter-troba-line-tlr\/","name":"Schl\u00fcter\u00ae-TROBA LINE TLR - Storax Belgium","isPartOf":{"@id":"https:\/\/storax.be\/fr\/#website"},"primaryImageOfPage":{"@id":"https:\/\/storax.be\/fr\/producten\/systemes-schluter-pour-balcons-et-terrasses\/schluter-troba-line-tlr\/#primaryimage"},"image":{"@id":"https:\/\/storax.be\/fr\/producten\/systemes-schluter-pour-balcons-et-terrasses\/schluter-troba-line-tlr\/#primaryimage"},"thumbnailUrl":"https:\/\/storax.be\/wp-content\/uploads\/sites\/2\/2023\/04\/Scluter-Troba-Line-TLR-1-1.png","datePublished":"2023-04-18T08:41:43+00:00","dateModified":"2024-05-16T07:39:16+00:00","breadcrumb":{"@id":"https:\/\/storax.be\/fr\/producten\/systemes-schluter-pour-balcons-et-terrasses\/schluter-troba-line-tlr\/#breadcrumb"},"inLanguage":"fr-FR","potentialAction":[{"@type":"ReadAction","target":["https:\/\/storax.be\/fr\/producten\/systemes-schluter-pour-balcons-et-terrasses\/schluter-troba-line-tlr\/"]}]},{"@type":"ImageObject","inLanguage":"fr-FR","@id":"https:\/\/storax.be\/fr\/producten\/systemes-schluter-pour-balcons-et-terrasses\/schluter-troba-line-tlr\/#primaryimage","url":"https:\/\/storax.be\/wp-content\/uploads\/sites\/2\/2023\/04\/Scluter-Troba-Line-TLR-1-1.png","contentUrl":"https:\/\/storax.be\/wp-content\/uploads\/sites\/2\/2023\/04\/Scluter-Troba-Line-TLR-1-1.png","width":470,"height":470,"caption":"Scluter Troba Line TLR"},{"@type":"BreadcrumbList","@id":"https:\/\/storax.be\/fr\/producten\/systemes-schluter-pour-balcons-et-terrasses\/schluter-troba-line-tlr\/#breadcrumb","itemListElement":[{"@type":"ListItem","position":1,"name":"Home","item":"https:\/\/storax.be\/fr\/"},{"@type":"ListItem","position":2,"name":"Producten","item":"https:\/\/storax.be\/fr\/producten\/%product_category%\/"},{"@type":"ListItem","position":3,"name":"Schl\u00fcter Syst\u00e8mes","item":"https:\/\/storax.be\/fr\/producten\/schluter-systems-fr\/"},{"@type":"ListItem","position":4,"name":"Schl\u00fcter\u00ae-TROBA LINE TLR"}]},{"@type":"WebSite","@id":"https:\/\/storax.be\/fr\/#website","url":"https:\/\/storax.be\/fr\/","name":"Storax Belgium","description":"Uw betrouwbare partner voor bouwprojecten","potentialAction":[{"@type":"SearchAction","target":{"@type":"EntryPoint","urlTemplate":"https:\/\/storax.be\/fr\/?s={search_term_string}"},"query-input":{"@type":"PropertyValueSpecification","valueRequired":true,"valueName":"search_term_string"}}],"inLanguage":"fr-FR"}]}},"_links":{"self":[{"href":"https:\/\/storax.be\/fr\/wp-json\/wp\/v2\/product\/116131","targetHints":{"allow":["GET"]}}],"collection":[{"href":"https:\/\/storax.be\/fr\/wp-json\/wp\/v2\/product"}],"about":[{"href":"https:\/\/storax.be\/fr\/wp-json\/wp\/v2\/types\/product"}],"wp:featuredmedia":[{"embeddable":true,"href":"https:\/\/storax.be\/fr\/wp-json\/wp\/v2\/media\/115924"}],"wp:attachment":[{"href":"https:\/\/storax.be\/fr\/wp-json\/wp\/v2\/media?parent=116131"}],"wp:term":[{"taxonomy":"product_category","embeddable":true,"href":"https:\/\/storax.be\/fr\/wp-json\/wp\/v2\/product_category?post=116131"},{"taxonomy":"product_tag","embeddable":true,"href":"https:\/\/storax.be\/fr\/wp-json\/wp\/v2\/product_tag?post=116131"}],"curies":[{"name":"wp","href":"https:\/\/api.w.org\/{rel}","templated":true}]}}