{"id":116124,"date":"2023-04-18T08:41:44","date_gmt":"2023-04-18T08:41:44","guid":{"rendered":"https:\/\/storax.be\/producten\/uncategorized\/schluter-bekotec-drain\/"},"modified":"2024-05-16T07:39:16","modified_gmt":"2024-05-16T07:39:16","slug":"schluter-bekotec-drain","status":"publish","type":"product","link":"https:\/\/storax.be\/fr\/producten\/systemes-schluter-pour-balcons-et-terrasses\/schluter-bekotec-drain\/","title":{"rendered":"Schl\u00fcter\u00ae-BEKOTEC DRAIN"},"content":{"rendered":"<p>Schl\u00fcter<sup>\u00ae<\/sup>-BEKOTEC-DRAIN est un syst\u00e8me permettant la r\u00e9alisation de mortiers en ext\u00e9rieur, n\u2019entra\u00eenant pas la fissuration du rev\u00eatement c\u00e9ramique ou en pierre naturelle.<\/p>\n<p>Ce syst\u00e8me s\u2019articule autour de la dalle \u00e0 plots Schl\u00fcter<sup>\u00ae<\/sup>-BEKOTEC-EN 23 FD. R\u00e9alis\u00e9e par emboutissage \u00e0 partir d\u2019un film de polystyr\u00e8ne pr\u00e9sentant une trame r\u00e9guli\u00e8re d\u2019orifices et de canaux de drainage communicants, cette dalle se pose directement sur l\u2019\u00e9tanch\u00e9it\u00e9 ou sur le drainage de surface Schl\u00fcter<sup>\u00ae<\/sup>-TROBA PLUS mis en oeuvre sur une forme de pente. La g\u00e9om\u00e9trie de la dalle \u00e0 plots Schl\u00fcter<sup>\u00ae<\/sup>-BEKOTEC-EN 23 FD permet de r\u00e9duire l\u2019\u00e9paisseur de la chape \u00e0 31 mm minimum, le recouvrement minimal des plots devant \u00eatre de 8 mm. Le retrait qui se produit pendant la prise est r\u00e9parti entre les plots et provoque une micro-fissuration du mortier. Celui-ci ne se d\u00e9forme plus lors du s\u00e9chage, et il n\u2019est plus n\u00e9cessaire de positionner des joints de fractionnement (il conviendra d\u2019en mettre en oeuvre uniquement lors de la pose du carrelage). La natte de d\u00e9couplage Schl\u00fcter<sup>\u00ae<\/sup>-DITRA-DRAIN peut \u00eatre coll\u00e9e d\u00e8s que le mortier en ciment est accessible \u00e0 la marche. Les carreaux en c\u00e9ramique ou les dalles en pierre naturelle sont ensuite coll\u00e9s directement sur la natte Schl\u00fcter<sup>\u00ae<\/sup>-DITRA-DRAIN.<\/p>\n<p>Il est possible de coller des carreaux de grand format (sans limitation) en gr\u00e8s c\u00e9rame porcelain\u00e9 ou en pierre naturelle. Des joints de fractionnement doivent \u00eatre r\u00e9alis\u00e9s avec les profil\u00e9s de la gamme Schl\u00fcter<sup>\u00ae<\/sup>-DILEX dans le rev\u00eatement selon les normes en vigueur (CPT 32.67V3).<\/p>\n<p>La pose scell\u00e9e de carreaux en c\u00e9ramique ou de dalles en pierre naturelle directement dans un lit de mortier est \u00e9galement possible. Pour ce faire, le mortier de scellement doit \u00eatre r\u00e9alis\u00e9 avec une \u00e9paisseur minimale de 8 mm au-dessus des plots de la dalle Schl\u00fcter<sup>\u00ae<\/sup>-BEKOTEC-EN 23 FD, apr\u00e8s application d\u2019une barbotine de contact (la natte Schl\u00fcter<sup>\u00ae<\/sup>-DITRA-DRAIN n\u2019est pas n\u00e9cessaire dans ce cas).<\/p>\n","protected":false},"excerpt":{"rendered":"<p>Schl\u00fcter\u00ae-BEKOTEC-DRAIN est un syst\u00e8me permettant la r\u00e9alisation de mortiers en ext\u00e9rieur, n\u2019entra\u00eenant pas la fissuration du rev\u00eatement c\u00e9ramique ou en pierre naturelle. Ce syst\u00e8me s\u2019articule autour de la dalle \u00e0 plots Schl\u00fcter\u00ae-BEKOTEC-EN 23 FD. R\u00e9alis\u00e9e par emboutissage \u00e0 partir d\u2019un film de polystyr\u00e8ne pr\u00e9sentant une trame r\u00e9guli\u00e8re d\u2019orifices et de canaux de drainage communicants, cette\u2026<\/p>\n","protected":false},"featured_media":115912,"template":"","meta":{"_acf_changed":false},"product_category":[625,774],"product_tag":[776],"class_list":["post-116124","product","type-product","status-publish","has-post-thumbnail","hentry","product_category-schluter-systems-fr","product_category-systemes-schluter-pour-balcons-et-terrasses","product_tag-ontkoppelingsmat-fr"],"acf":[],"yoast_head":"<!-- This site is optimized with the Yoast SEO plugin v27.3 - https:\/\/yoast.com\/product\/yoast-seo-wordpress\/ -->\n<title>Schl\u00fcter\u00ae-BEKOTEC DRAIN - Storax Belgium<\/title>\n<meta name=\"robots\" content=\"index, follow, max-snippet:-1, max-image-preview:large, max-video-preview:-1\" \/>\n<link rel=\"canonical\" href=\"https:\/\/storax.be\/fr\/producten\/systemes-schluter-pour-balcons-et-terrasses\/schluter-bekotec-drain\/\" \/>\n<meta property=\"og:locale\" content=\"fr_FR\" \/>\n<meta property=\"og:type\" content=\"article\" \/>\n<meta property=\"og:title\" content=\"Schl\u00fcter\u00ae-BEKOTEC DRAIN - Storax Belgium\" \/>\n<meta property=\"og:description\" content=\"Schl\u00fcter\u00ae-BEKOTEC-DRAIN est un syst\u00e8me permettant la r\u00e9alisation de mortiers en ext\u00e9rieur, n\u2019entra\u00eenant pas la fissuration du rev\u00eatement c\u00e9ramique ou en pierre naturelle. Ce syst\u00e8me s\u2019articule autour de la dalle \u00e0 plots Schl\u00fcter\u00ae-BEKOTEC-EN 23 FD. R\u00e9alis\u00e9e par emboutissage \u00e0 partir d\u2019un film de polystyr\u00e8ne pr\u00e9sentant une trame r\u00e9guli\u00e8re d\u2019orifices et de canaux de drainage communicants, cette\u2026\" \/>\n<meta property=\"og:url\" content=\"https:\/\/storax.be\/fr\/producten\/systemes-schluter-pour-balcons-et-terrasses\/schluter-bekotec-drain\/\" \/>\n<meta property=\"og:site_name\" content=\"Storax Belgium\" \/>\n<meta property=\"article:modified_time\" content=\"2024-05-16T07:39:16+00:00\" \/>\n<meta property=\"og:image\" content=\"https:\/\/storax.be\/wp-content\/uploads\/sites\/2\/2023\/04\/Scluter-Becotec-drain-.png\" \/>\n\t<meta property=\"og:image:width\" content=\"470\" \/>\n\t<meta property=\"og:image:height\" content=\"470\" \/>\n\t<meta property=\"og:image:type\" content=\"image\/png\" \/>\n<meta name=\"twitter:card\" content=\"summary_large_image\" \/>\n<meta name=\"twitter:label1\" content=\"Dur\u00e9e de lecture estim\u00e9e\" \/>\n\t<meta name=\"twitter:data1\" content=\"2 minutes\" \/>\n<script type=\"application\/ld+json\" class=\"yoast-schema-graph\">{\"@context\":\"https:\\\/\\\/schema.org\",\"@graph\":[{\"@type\":\"WebPage\",\"@id\":\"https:\\\/\\\/storax.be\\\/fr\\\/producten\\\/systemes-schluter-pour-balcons-et-terrasses\\\/schluter-bekotec-drain\\\/\",\"url\":\"https:\\\/\\\/storax.be\\\/fr\\\/producten\\\/systemes-schluter-pour-balcons-et-terrasses\\\/schluter-bekotec-drain\\\/\",\"name\":\"Schl\u00fcter\u00ae-BEKOTEC DRAIN - Storax Belgium\",\"isPartOf\":{\"@id\":\"https:\\\/\\\/storax.be\\\/fr\\\/#website\"},\"primaryImageOfPage\":{\"@id\":\"https:\\\/\\\/storax.be\\\/fr\\\/producten\\\/systemes-schluter-pour-balcons-et-terrasses\\\/schluter-bekotec-drain\\\/#primaryimage\"},\"image\":{\"@id\":\"https:\\\/\\\/storax.be\\\/fr\\\/producten\\\/systemes-schluter-pour-balcons-et-terrasses\\\/schluter-bekotec-drain\\\/#primaryimage\"},\"thumbnailUrl\":\"https:\\\/\\\/storax.be\\\/wp-content\\\/uploads\\\/sites\\\/2\\\/2023\\\/04\\\/Scluter-Becotec-drain-.png\",\"datePublished\":\"2023-04-18T08:41:44+00:00\",\"dateModified\":\"2024-05-16T07:39:16+00:00\",\"breadcrumb\":{\"@id\":\"https:\\\/\\\/storax.be\\\/fr\\\/producten\\\/systemes-schluter-pour-balcons-et-terrasses\\\/schluter-bekotec-drain\\\/#breadcrumb\"},\"inLanguage\":\"fr-FR\",\"potentialAction\":[{\"@type\":\"ReadAction\",\"target\":[\"https:\\\/\\\/storax.be\\\/fr\\\/producten\\\/systemes-schluter-pour-balcons-et-terrasses\\\/schluter-bekotec-drain\\\/\"]}]},{\"@type\":\"ImageObject\",\"inLanguage\":\"fr-FR\",\"@id\":\"https:\\\/\\\/storax.be\\\/fr\\\/producten\\\/systemes-schluter-pour-balcons-et-terrasses\\\/schluter-bekotec-drain\\\/#primaryimage\",\"url\":\"https:\\\/\\\/storax.be\\\/wp-content\\\/uploads\\\/sites\\\/2\\\/2023\\\/04\\\/Scluter-Becotec-drain-.png\",\"contentUrl\":\"https:\\\/\\\/storax.be\\\/wp-content\\\/uploads\\\/sites\\\/2\\\/2023\\\/04\\\/Scluter-Becotec-drain-.png\",\"width\":470,\"height\":470,\"caption\":\"Schluter Becotec drain\"},{\"@type\":\"BreadcrumbList\",\"@id\":\"https:\\\/\\\/storax.be\\\/fr\\\/producten\\\/systemes-schluter-pour-balcons-et-terrasses\\\/schluter-bekotec-drain\\\/#breadcrumb\",\"itemListElement\":[{\"@type\":\"ListItem\",\"position\":1,\"name\":\"Home\",\"item\":\"https:\\\/\\\/storax.be\\\/fr\\\/\"},{\"@type\":\"ListItem\",\"position\":2,\"name\":\"Producten\",\"item\":\"https:\\\/\\\/storax.be\\\/fr\\\/producten\\\/%product_category%\\\/\"},{\"@type\":\"ListItem\",\"position\":3,\"name\":\"Schl\u00fcter Syst\u00e8mes\",\"item\":\"https:\\\/\\\/storax.be\\\/fr\\\/producten\\\/schluter-systems-fr\\\/\"},{\"@type\":\"ListItem\",\"position\":4,\"name\":\"Schl\u00fcter\u00ae-BEKOTEC DRAIN\"}]},{\"@type\":\"WebSite\",\"@id\":\"https:\\\/\\\/storax.be\\\/fr\\\/#website\",\"url\":\"https:\\\/\\\/storax.be\\\/fr\\\/\",\"name\":\"Storax Belgium\",\"description\":\"Uw betrouwbare partner voor bouwprojecten\",\"potentialAction\":[{\"@type\":\"SearchAction\",\"target\":{\"@type\":\"EntryPoint\",\"urlTemplate\":\"https:\\\/\\\/storax.be\\\/fr\\\/?s={search_term_string}\"},\"query-input\":{\"@type\":\"PropertyValueSpecification\",\"valueRequired\":true,\"valueName\":\"search_term_string\"}}],\"inLanguage\":\"fr-FR\"}]}<\/script>\n<!-- \/ Yoast SEO plugin. -->","yoast_head_json":{"title":"Schl\u00fcter\u00ae-BEKOTEC DRAIN - Storax Belgium","robots":{"index":"index","follow":"follow","max-snippet":"max-snippet:-1","max-image-preview":"max-image-preview:large","max-video-preview":"max-video-preview:-1"},"canonical":"https:\/\/storax.be\/fr\/producten\/systemes-schluter-pour-balcons-et-terrasses\/schluter-bekotec-drain\/","og_locale":"fr_FR","og_type":"article","og_title":"Schl\u00fcter\u00ae-BEKOTEC DRAIN - Storax Belgium","og_description":"Schl\u00fcter\u00ae-BEKOTEC-DRAIN est un syst\u00e8me permettant la r\u00e9alisation de mortiers en ext\u00e9rieur, n\u2019entra\u00eenant pas la fissuration du rev\u00eatement c\u00e9ramique ou en pierre naturelle. Ce syst\u00e8me s\u2019articule autour de la dalle \u00e0 plots Schl\u00fcter\u00ae-BEKOTEC-EN 23 FD. R\u00e9alis\u00e9e par emboutissage \u00e0 partir d\u2019un film de polystyr\u00e8ne pr\u00e9sentant une trame r\u00e9guli\u00e8re d\u2019orifices et de canaux de drainage communicants, cette\u2026","og_url":"https:\/\/storax.be\/fr\/producten\/systemes-schluter-pour-balcons-et-terrasses\/schluter-bekotec-drain\/","og_site_name":"Storax Belgium","article_modified_time":"2024-05-16T07:39:16+00:00","og_image":[{"width":470,"height":470,"url":"https:\/\/storax.be\/wp-content\/uploads\/sites\/2\/2023\/04\/Scluter-Becotec-drain-.png","type":"image\/png"}],"twitter_card":"summary_large_image","twitter_misc":{"Dur\u00e9e de lecture estim\u00e9e":"2 minutes"},"schema":{"@context":"https:\/\/schema.org","@graph":[{"@type":"WebPage","@id":"https:\/\/storax.be\/fr\/producten\/systemes-schluter-pour-balcons-et-terrasses\/schluter-bekotec-drain\/","url":"https:\/\/storax.be\/fr\/producten\/systemes-schluter-pour-balcons-et-terrasses\/schluter-bekotec-drain\/","name":"Schl\u00fcter\u00ae-BEKOTEC DRAIN - Storax Belgium","isPartOf":{"@id":"https:\/\/storax.be\/fr\/#website"},"primaryImageOfPage":{"@id":"https:\/\/storax.be\/fr\/producten\/systemes-schluter-pour-balcons-et-terrasses\/schluter-bekotec-drain\/#primaryimage"},"image":{"@id":"https:\/\/storax.be\/fr\/producten\/systemes-schluter-pour-balcons-et-terrasses\/schluter-bekotec-drain\/#primaryimage"},"thumbnailUrl":"https:\/\/storax.be\/wp-content\/uploads\/sites\/2\/2023\/04\/Scluter-Becotec-drain-.png","datePublished":"2023-04-18T08:41:44+00:00","dateModified":"2024-05-16T07:39:16+00:00","breadcrumb":{"@id":"https:\/\/storax.be\/fr\/producten\/systemes-schluter-pour-balcons-et-terrasses\/schluter-bekotec-drain\/#breadcrumb"},"inLanguage":"fr-FR","potentialAction":[{"@type":"ReadAction","target":["https:\/\/storax.be\/fr\/producten\/systemes-schluter-pour-balcons-et-terrasses\/schluter-bekotec-drain\/"]}]},{"@type":"ImageObject","inLanguage":"fr-FR","@id":"https:\/\/storax.be\/fr\/producten\/systemes-schluter-pour-balcons-et-terrasses\/schluter-bekotec-drain\/#primaryimage","url":"https:\/\/storax.be\/wp-content\/uploads\/sites\/2\/2023\/04\/Scluter-Becotec-drain-.png","contentUrl":"https:\/\/storax.be\/wp-content\/uploads\/sites\/2\/2023\/04\/Scluter-Becotec-drain-.png","width":470,"height":470,"caption":"Schluter Becotec drain"},{"@type":"BreadcrumbList","@id":"https:\/\/storax.be\/fr\/producten\/systemes-schluter-pour-balcons-et-terrasses\/schluter-bekotec-drain\/#breadcrumb","itemListElement":[{"@type":"ListItem","position":1,"name":"Home","item":"https:\/\/storax.be\/fr\/"},{"@type":"ListItem","position":2,"name":"Producten","item":"https:\/\/storax.be\/fr\/producten\/%product_category%\/"},{"@type":"ListItem","position":3,"name":"Schl\u00fcter Syst\u00e8mes","item":"https:\/\/storax.be\/fr\/producten\/schluter-systems-fr\/"},{"@type":"ListItem","position":4,"name":"Schl\u00fcter\u00ae-BEKOTEC DRAIN"}]},{"@type":"WebSite","@id":"https:\/\/storax.be\/fr\/#website","url":"https:\/\/storax.be\/fr\/","name":"Storax Belgium","description":"Uw betrouwbare partner voor bouwprojecten","potentialAction":[{"@type":"SearchAction","target":{"@type":"EntryPoint","urlTemplate":"https:\/\/storax.be\/fr\/?s={search_term_string}"},"query-input":{"@type":"PropertyValueSpecification","valueRequired":true,"valueName":"search_term_string"}}],"inLanguage":"fr-FR"}]}},"_links":{"self":[{"href":"https:\/\/storax.be\/fr\/wp-json\/wp\/v2\/product\/116124","targetHints":{"allow":["GET"]}}],"collection":[{"href":"https:\/\/storax.be\/fr\/wp-json\/wp\/v2\/product"}],"about":[{"href":"https:\/\/storax.be\/fr\/wp-json\/wp\/v2\/types\/product"}],"wp:featuredmedia":[{"embeddable":true,"href":"https:\/\/storax.be\/fr\/wp-json\/wp\/v2\/media\/115912"}],"wp:attachment":[{"href":"https:\/\/storax.be\/fr\/wp-json\/wp\/v2\/media?parent=116124"}],"wp:term":[{"taxonomy":"product_category","embeddable":true,"href":"https:\/\/storax.be\/fr\/wp-json\/wp\/v2\/product_category?post=116124"},{"taxonomy":"product_tag","embeddable":true,"href":"https:\/\/storax.be\/fr\/wp-json\/wp\/v2\/product_tag?post=116124"}],"curies":[{"name":"wp","href":"https:\/\/api.w.org\/{rel}","templated":true}]}}