{"id":116120,"date":"2023-04-18T08:41:44","date_gmt":"2023-04-18T08:41:44","guid":{"rendered":"https:\/\/storax.be\/producten\/uncategorized\/schluter-troba-plus\/"},"modified":"2024-05-16T07:39:15","modified_gmt":"2024-05-16T07:39:15","slug":"schluter-troba-plus","status":"publish","type":"product","link":"https:\/\/storax.be\/fr\/producten\/systemes-schluter-pour-balcons-et-terrasses\/schluter-troba-plus\/","title":{"rendered":"Schl\u00fcter\u00ae-Troba Plus (G)"},"content":{"rendered":"<h2>Tapis de drainage ext\u00e9rieur<\/h2>\n<p><strong>Schl\u00fcter-TROBA-PLUS<\/strong>\u00a0est un drainage de surface s\u00fbr et p\u00e9renne, destin\u00e9 \u00e0 \u00eatre mis en oeuvre sur une forme de pente (\u00e9tanch\u00e9it\u00e9, dalle sur terre plein, etc&#8230;). Ce drainage est compos\u00e9 d\u2019une natte de poly\u00e9thyl\u00e8ne, dot\u00e9e de bossages recouverts d\u2019un nontiss\u00e9 perm\u00e9able.<\/p>\n<p>Pour TROBA PLUS 8G, le non-tiss\u00e9 pr\u00e9sente un maillage d\u2019environ 2 x 2 mm. L\u2019espace entre les plots recouverts de nontiss\u00e9, sur lesquels repose le rev\u00eatement, permet un drainage dot\u00e9 d\u2019une tr\u00e8s grande capacit\u00e9 d\u2019\u00e9vacuation de l\u2019eau.<\/p>\n<p>Lorsqu\u2019elle est pos\u00e9e sur une \u00e9tanch\u00e9it\u00e9, Schl\u00fcter-TROBA-PLUS prot\u00e8ge cette derni\u00e8re. Les bossages, dispos\u00e9s en un r\u00e9seau dense, ont la forme de c\u00f4nes tronqu\u00e9s et r\u00e9sistent \u00e0 de fortes charges de pression, allant de 300 kN\/m\u00b2 (30 t\/m\u00b2) \u00e0 390 kN\/m\u00b2 (39 t\/m\u00b2). Le vide d\u2019air cr\u00e9\u00e9 entre la natte dot\u00e9e de bossages et le nontiss\u00e9 constitue une isolation thermique et acoustique, qui prot\u00e8ge le support contre les m\u00e9faits des contraintes thermiques. Il en r\u00e9sulte une r\u00e9partition \u00e9quilibr\u00e9e de la charge sur toute la surface du support.<\/p>\n<p>Schl\u00fcter-TROBA-PLUS 8 et 8G sur\u00e9l\u00e8vent le rev\u00eatement de 8 mm sur toute sa surface, Schl\u00fcter-TROBA-PLUS 12 le sur\u00e9levant de 12 mm.<\/p>\n<p>Les faibles diff\u00e9rences de niveau, comme par exemple les irr\u00e9gularit\u00e9s (ou les bosses apparaissant dans la zone de chevauchement des \u00e9tanch\u00e9it\u00e9s) qui peuvent entra\u00eener des r\u00e9tentions d\u2019eau, sont recouvertes efficacement par TROBA-PLUS. Les d\u00e9fauts notoires doivent cependant \u00eatre \u00e9limin\u00e9s avant la pose de Schl\u00fcter-TROBA-PLUS, avec du mortier de ragr\u00e9age.<\/p>\n","protected":false},"excerpt":{"rendered":"<p>Tapis de drainage ext\u00e9rieur Schl\u00fcter-TROBA-PLUS\u00a0est un drainage de surface s\u00fbr et p\u00e9renne, destin\u00e9 \u00e0 \u00eatre mis en oeuvre sur une forme de pente (\u00e9tanch\u00e9it\u00e9, dalle sur terre plein, etc&#8230;). Ce drainage est compos\u00e9 d\u2019une natte de poly\u00e9thyl\u00e8ne, dot\u00e9e de bossages recouverts d\u2019un nontiss\u00e9 perm\u00e9able. Pour TROBA PLUS 8G, le non-tiss\u00e9 pr\u00e9sente un maillage d\u2019environ 2\u2026<\/p>\n","protected":false},"featured_media":115896,"template":"","meta":{"_acf_changed":false},"product_category":[625,774],"product_tag":[775],"class_list":["post-116120","product","type-product","status-publish","has-post-thumbnail","hentry","product_category-schluter-systems-fr","product_category-systemes-schluter-pour-balcons-et-terrasses","product_tag-drainagemat-fr"],"acf":[],"yoast_head":"<!-- This site is optimized with the Yoast SEO plugin v27.3 - https:\/\/yoast.com\/product\/yoast-seo-wordpress\/ -->\n<title>Schl\u00fcter\u00ae-Troba Plus (G) | drainagemat voor buiten - Storax Belgium<\/title>\n<meta name=\"description\" content=\"Schl\u00fcter-TROBA-PLUS\u00a0is een betrouwbare en duurzaam functionerende oppervlaktedrainage voor buiten toepassingen &gt;&gt;\" \/>\n<meta name=\"robots\" content=\"index, follow, max-snippet:-1, max-image-preview:large, max-video-preview:-1\" \/>\n<link rel=\"canonical\" href=\"https:\/\/storax.be\/fr\/producten\/systemes-schluter-pour-balcons-et-terrasses\/schluter-troba-plus\/\" \/>\n<meta property=\"og:locale\" content=\"fr_FR\" \/>\n<meta property=\"og:type\" content=\"article\" \/>\n<meta property=\"og:title\" content=\"Schl\u00fcter\u00ae-Troba Plus (G) | drainagemat voor buiten - Storax Belgium\" \/>\n<meta property=\"og:description\" content=\"Schl\u00fcter-TROBA-PLUS\u00a0is een betrouwbare en duurzaam functionerende oppervlaktedrainage voor buiten toepassingen &gt;&gt;\" \/>\n<meta property=\"og:url\" content=\"https:\/\/storax.be\/fr\/producten\/systemes-schluter-pour-balcons-et-terrasses\/schluter-troba-plus\/\" \/>\n<meta property=\"og:site_name\" content=\"Storax Belgium\" \/>\n<meta property=\"article:modified_time\" content=\"2024-05-16T07:39:15+00:00\" \/>\n<meta property=\"og:image\" content=\"https:\/\/storax.be\/wp-content\/uploads\/sites\/2\/2023\/04\/Schluter-Troba-Plus.png\" \/>\n\t<meta property=\"og:image:width\" content=\"470\" \/>\n\t<meta property=\"og:image:height\" content=\"470\" \/>\n\t<meta property=\"og:image:type\" content=\"image\/png\" \/>\n<meta name=\"twitter:card\" content=\"summary_large_image\" \/>\n<meta name=\"twitter:label1\" content=\"Dur\u00e9e de lecture estim\u00e9e\" \/>\n\t<meta name=\"twitter:data1\" content=\"2 minutes\" \/>\n<script type=\"application\/ld+json\" class=\"yoast-schema-graph\">{\"@context\":\"https:\\\/\\\/schema.org\",\"@graph\":[{\"@type\":\"WebPage\",\"@id\":\"https:\\\/\\\/storax.be\\\/fr\\\/producten\\\/systemes-schluter-pour-balcons-et-terrasses\\\/schluter-troba-plus\\\/\",\"url\":\"https:\\\/\\\/storax.be\\\/fr\\\/producten\\\/systemes-schluter-pour-balcons-et-terrasses\\\/schluter-troba-plus\\\/\",\"name\":\"Schl\u00fcter\u00ae-Troba Plus (G) | drainagemat voor buiten - Storax Belgium\",\"isPartOf\":{\"@id\":\"https:\\\/\\\/storax.be\\\/fr\\\/#website\"},\"primaryImageOfPage\":{\"@id\":\"https:\\\/\\\/storax.be\\\/fr\\\/producten\\\/systemes-schluter-pour-balcons-et-terrasses\\\/schluter-troba-plus\\\/#primaryimage\"},\"image\":{\"@id\":\"https:\\\/\\\/storax.be\\\/fr\\\/producten\\\/systemes-schluter-pour-balcons-et-terrasses\\\/schluter-troba-plus\\\/#primaryimage\"},\"thumbnailUrl\":\"https:\\\/\\\/storax.be\\\/wp-content\\\/uploads\\\/sites\\\/2\\\/2023\\\/04\\\/Schluter-Troba-Plus.png\",\"datePublished\":\"2023-04-18T08:41:44+00:00\",\"dateModified\":\"2024-05-16T07:39:15+00:00\",\"description\":\"Schl\u00fcter-TROBA-PLUS\u00a0is een betrouwbare en duurzaam functionerende oppervlaktedrainage voor buiten toepassingen >>\",\"breadcrumb\":{\"@id\":\"https:\\\/\\\/storax.be\\\/fr\\\/producten\\\/systemes-schluter-pour-balcons-et-terrasses\\\/schluter-troba-plus\\\/#breadcrumb\"},\"inLanguage\":\"fr-FR\",\"potentialAction\":[{\"@type\":\"ReadAction\",\"target\":[\"https:\\\/\\\/storax.be\\\/fr\\\/producten\\\/systemes-schluter-pour-balcons-et-terrasses\\\/schluter-troba-plus\\\/\"]}]},{\"@type\":\"ImageObject\",\"inLanguage\":\"fr-FR\",\"@id\":\"https:\\\/\\\/storax.be\\\/fr\\\/producten\\\/systemes-schluter-pour-balcons-et-terrasses\\\/schluter-troba-plus\\\/#primaryimage\",\"url\":\"https:\\\/\\\/storax.be\\\/wp-content\\\/uploads\\\/sites\\\/2\\\/2023\\\/04\\\/Schluter-Troba-Plus.png\",\"contentUrl\":\"https:\\\/\\\/storax.be\\\/wp-content\\\/uploads\\\/sites\\\/2\\\/2023\\\/04\\\/Schluter-Troba-Plus.png\",\"width\":470,\"height\":470,\"caption\":\"Schluter Troba Plus drainagemat voor buiten\"},{\"@type\":\"BreadcrumbList\",\"@id\":\"https:\\\/\\\/storax.be\\\/fr\\\/producten\\\/systemes-schluter-pour-balcons-et-terrasses\\\/schluter-troba-plus\\\/#breadcrumb\",\"itemListElement\":[{\"@type\":\"ListItem\",\"position\":1,\"name\":\"Home\",\"item\":\"https:\\\/\\\/storax.be\\\/fr\\\/\"},{\"@type\":\"ListItem\",\"position\":2,\"name\":\"Producten\",\"item\":\"https:\\\/\\\/storax.be\\\/fr\\\/producten\\\/%product_category%\\\/\"},{\"@type\":\"ListItem\",\"position\":3,\"name\":\"Schl\u00fcter Syst\u00e8mes\",\"item\":\"https:\\\/\\\/storax.be\\\/fr\\\/producten\\\/schluter-systems-fr\\\/\"},{\"@type\":\"ListItem\",\"position\":4,\"name\":\"Syst\u00e8mes Schl\u00fcter pour balcons et terrasses\",\"item\":\"https:\\\/\\\/storax.be\\\/fr\\\/producten\\\/systemes-schluter-pour-balcons-et-terrasses\\\/\"},{\"@type\":\"ListItem\",\"position\":5,\"name\":\"Schl\u00fcter\u00ae-Troba Plus (G)\"}]},{\"@type\":\"WebSite\",\"@id\":\"https:\\\/\\\/storax.be\\\/fr\\\/#website\",\"url\":\"https:\\\/\\\/storax.be\\\/fr\\\/\",\"name\":\"Storax Belgium\",\"description\":\"Uw betrouwbare partner voor bouwprojecten\",\"potentialAction\":[{\"@type\":\"SearchAction\",\"target\":{\"@type\":\"EntryPoint\",\"urlTemplate\":\"https:\\\/\\\/storax.be\\\/fr\\\/?s={search_term_string}\"},\"query-input\":{\"@type\":\"PropertyValueSpecification\",\"valueRequired\":true,\"valueName\":\"search_term_string\"}}],\"inLanguage\":\"fr-FR\"}]}<\/script>\n<!-- \/ Yoast SEO plugin. -->","yoast_head_json":{"title":"Schl\u00fcter\u00ae-Troba Plus (G) | drainagemat voor buiten - Storax Belgium","description":"Schl\u00fcter-TROBA-PLUS\u00a0is een betrouwbare en duurzaam functionerende oppervlaktedrainage voor buiten toepassingen >>","robots":{"index":"index","follow":"follow","max-snippet":"max-snippet:-1","max-image-preview":"max-image-preview:large","max-video-preview":"max-video-preview:-1"},"canonical":"https:\/\/storax.be\/fr\/producten\/systemes-schluter-pour-balcons-et-terrasses\/schluter-troba-plus\/","og_locale":"fr_FR","og_type":"article","og_title":"Schl\u00fcter\u00ae-Troba Plus (G) | drainagemat voor buiten - Storax Belgium","og_description":"Schl\u00fcter-TROBA-PLUS\u00a0is een betrouwbare en duurzaam functionerende oppervlaktedrainage voor buiten toepassingen >>","og_url":"https:\/\/storax.be\/fr\/producten\/systemes-schluter-pour-balcons-et-terrasses\/schluter-troba-plus\/","og_site_name":"Storax Belgium","article_modified_time":"2024-05-16T07:39:15+00:00","og_image":[{"width":470,"height":470,"url":"https:\/\/storax.be\/wp-content\/uploads\/sites\/2\/2023\/04\/Schluter-Troba-Plus.png","type":"image\/png"}],"twitter_card":"summary_large_image","twitter_misc":{"Dur\u00e9e de lecture estim\u00e9e":"2 minutes"},"schema":{"@context":"https:\/\/schema.org","@graph":[{"@type":"WebPage","@id":"https:\/\/storax.be\/fr\/producten\/systemes-schluter-pour-balcons-et-terrasses\/schluter-troba-plus\/","url":"https:\/\/storax.be\/fr\/producten\/systemes-schluter-pour-balcons-et-terrasses\/schluter-troba-plus\/","name":"Schl\u00fcter\u00ae-Troba Plus (G) | drainagemat voor buiten - Storax Belgium","isPartOf":{"@id":"https:\/\/storax.be\/fr\/#website"},"primaryImageOfPage":{"@id":"https:\/\/storax.be\/fr\/producten\/systemes-schluter-pour-balcons-et-terrasses\/schluter-troba-plus\/#primaryimage"},"image":{"@id":"https:\/\/storax.be\/fr\/producten\/systemes-schluter-pour-balcons-et-terrasses\/schluter-troba-plus\/#primaryimage"},"thumbnailUrl":"https:\/\/storax.be\/wp-content\/uploads\/sites\/2\/2023\/04\/Schluter-Troba-Plus.png","datePublished":"2023-04-18T08:41:44+00:00","dateModified":"2024-05-16T07:39:15+00:00","description":"Schl\u00fcter-TROBA-PLUS\u00a0is een betrouwbare en duurzaam functionerende oppervlaktedrainage voor buiten toepassingen >>","breadcrumb":{"@id":"https:\/\/storax.be\/fr\/producten\/systemes-schluter-pour-balcons-et-terrasses\/schluter-troba-plus\/#breadcrumb"},"inLanguage":"fr-FR","potentialAction":[{"@type":"ReadAction","target":["https:\/\/storax.be\/fr\/producten\/systemes-schluter-pour-balcons-et-terrasses\/schluter-troba-plus\/"]}]},{"@type":"ImageObject","inLanguage":"fr-FR","@id":"https:\/\/storax.be\/fr\/producten\/systemes-schluter-pour-balcons-et-terrasses\/schluter-troba-plus\/#primaryimage","url":"https:\/\/storax.be\/wp-content\/uploads\/sites\/2\/2023\/04\/Schluter-Troba-Plus.png","contentUrl":"https:\/\/storax.be\/wp-content\/uploads\/sites\/2\/2023\/04\/Schluter-Troba-Plus.png","width":470,"height":470,"caption":"Schluter Troba Plus drainagemat voor buiten"},{"@type":"BreadcrumbList","@id":"https:\/\/storax.be\/fr\/producten\/systemes-schluter-pour-balcons-et-terrasses\/schluter-troba-plus\/#breadcrumb","itemListElement":[{"@type":"ListItem","position":1,"name":"Home","item":"https:\/\/storax.be\/fr\/"},{"@type":"ListItem","position":2,"name":"Producten","item":"https:\/\/storax.be\/fr\/producten\/%product_category%\/"},{"@type":"ListItem","position":3,"name":"Schl\u00fcter Syst\u00e8mes","item":"https:\/\/storax.be\/fr\/producten\/schluter-systems-fr\/"},{"@type":"ListItem","position":4,"name":"Syst\u00e8mes Schl\u00fcter pour balcons et terrasses","item":"https:\/\/storax.be\/fr\/producten\/systemes-schluter-pour-balcons-et-terrasses\/"},{"@type":"ListItem","position":5,"name":"Schl\u00fcter\u00ae-Troba Plus (G)"}]},{"@type":"WebSite","@id":"https:\/\/storax.be\/fr\/#website","url":"https:\/\/storax.be\/fr\/","name":"Storax Belgium","description":"Uw betrouwbare partner voor bouwprojecten","potentialAction":[{"@type":"SearchAction","target":{"@type":"EntryPoint","urlTemplate":"https:\/\/storax.be\/fr\/?s={search_term_string}"},"query-input":{"@type":"PropertyValueSpecification","valueRequired":true,"valueName":"search_term_string"}}],"inLanguage":"fr-FR"}]}},"_links":{"self":[{"href":"https:\/\/storax.be\/fr\/wp-json\/wp\/v2\/product\/116120","targetHints":{"allow":["GET"]}}],"collection":[{"href":"https:\/\/storax.be\/fr\/wp-json\/wp\/v2\/product"}],"about":[{"href":"https:\/\/storax.be\/fr\/wp-json\/wp\/v2\/types\/product"}],"wp:featuredmedia":[{"embeddable":true,"href":"https:\/\/storax.be\/fr\/wp-json\/wp\/v2\/media\/115896"}],"wp:attachment":[{"href":"https:\/\/storax.be\/fr\/wp-json\/wp\/v2\/media?parent=116120"}],"wp:term":[{"taxonomy":"product_category","embeddable":true,"href":"https:\/\/storax.be\/fr\/wp-json\/wp\/v2\/product_category?post=116120"},{"taxonomy":"product_tag","embeddable":true,"href":"https:\/\/storax.be\/fr\/wp-json\/wp\/v2\/product_tag?post=116120"}],"curies":[{"name":"wp","href":"https:\/\/api.w.org\/{rel}","templated":true}]}}