{"id":116118,"date":"2023-04-14T14:11:12","date_gmt":"2023-04-14T14:11:12","guid":{"rendered":"https:\/\/storax.be\/producten\/uncategorized\/schluter-troba\/"},"modified":"2024-05-16T07:39:15","modified_gmt":"2024-05-16T07:39:15","slug":"schluter-troba","status":"publish","type":"product","link":"https:\/\/storax.be\/fr\/producten\/systemes-schluter-pour-balcons-et-terrasses\/schluter-troba\/","title":{"rendered":"Schl\u00fcter\u00ae- Troba"},"content":{"rendered":"<p>Schl\u00fcter-TROBA est un drainage de surface s\u00fbr et durable, destin\u00e9 \u00e0 \u00eatre mis en oeuvre au-dessus d\u2019\u00e9tanch\u00e9it\u00e9s horizontales sur une forme de pente. Schl\u00fcter- TROBA est une natte en poly\u00e9thyl\u00e8ne \u00e0 bossages, r\u00e9sistant \u00e0 la pression, qui m\u00e9nage des galeries entre l\u2019\u00e9tanch\u00e9it\u00e9 et la couche de graviers ou de concass\u00e9. L\u2019eau d\u2019infiltration p\u00e9n\u00e9trant par la chape parviendra jusqu\u2019\u00e0 l\u2019\u00e9tanch\u00e9it\u00e9 par les orifices de la natte trap\u00e9zo\u00efdale, puis sera \u00e9vacu\u00e9e sans pression par les galeries, gr\u00e2ce \u00e0 une pente. Le drainage de surface Schl\u00fcter-TROBA est utilis\u00e9 avec succ\u00e8s depuis plus de 25 ans.<\/p>\n","protected":false},"excerpt":{"rendered":"<p>Schl\u00fcter-TROBA est un drainage de surface s\u00fbr et durable, destin\u00e9 \u00e0 \u00eatre mis en oeuvre au-dessus d\u2019\u00e9tanch\u00e9it\u00e9s horizontales sur une forme de pente. Schl\u00fcter- TROBA est une natte en poly\u00e9thyl\u00e8ne \u00e0 bossages, r\u00e9sistant \u00e0 la pression, qui m\u00e9nage des galeries entre l\u2019\u00e9tanch\u00e9it\u00e9 et la couche de graviers ou de concass\u00e9. L\u2019eau d\u2019infiltration p\u00e9n\u00e9trant par la\u2026<\/p>\n","protected":false},"featured_media":115904,"template":"","meta":{"_acf_changed":false},"product_category":[625,774],"product_tag":[775],"class_list":["post-116118","product","type-product","status-publish","has-post-thumbnail","hentry","product_category-schluter-systems-fr","product_category-systemes-schluter-pour-balcons-et-terrasses","product_tag-drainagemat-fr"],"acf":[],"yoast_head":"<!-- This site is optimized with the Yoast SEO plugin v27.3 - https:\/\/yoast.com\/product\/yoast-seo-wordpress\/ -->\n<title>Schl\u00fcter\u00ae- Troba | Drainagemat voor het terras - Storax Belgium<\/title>\n<meta name=\"robots\" content=\"index, follow, max-snippet:-1, max-image-preview:large, max-video-preview:-1\" \/>\n<link rel=\"canonical\" href=\"https:\/\/storax.be\/fr\/producten\/systemes-schluter-pour-balcons-et-terrasses\/schluter-troba\/\" \/>\n<meta property=\"og:locale\" content=\"fr_FR\" \/>\n<meta property=\"og:type\" content=\"article\" \/>\n<meta property=\"og:title\" content=\"Schl\u00fcter\u00ae- Troba | Drainagemat voor het terras - Storax Belgium\" \/>\n<meta property=\"og:description\" content=\"Schl\u00fcter-TROBA est un drainage de surface s\u00fbr et durable, destin\u00e9 \u00e0 \u00eatre mis en oeuvre au-dessus d\u2019\u00e9tanch\u00e9it\u00e9s horizontales sur une forme de pente. Schl\u00fcter- TROBA est une natte en poly\u00e9thyl\u00e8ne \u00e0 bossages, r\u00e9sistant \u00e0 la pression, qui m\u00e9nage des galeries entre l\u2019\u00e9tanch\u00e9it\u00e9 et la couche de graviers ou de concass\u00e9. L\u2019eau d\u2019infiltration p\u00e9n\u00e9trant par la\u2026\" \/>\n<meta property=\"og:url\" content=\"https:\/\/storax.be\/fr\/producten\/systemes-schluter-pour-balcons-et-terrasses\/schluter-troba\/\" \/>\n<meta property=\"og:site_name\" content=\"Storax Belgium\" \/>\n<meta property=\"article:modified_time\" content=\"2024-05-16T07:39:15+00:00\" \/>\n<meta property=\"og:image\" content=\"https:\/\/storax.be\/wp-content\/uploads\/sites\/2\/2023\/04\/Schluter-Troba-ontkoppelingsmat-buiten.png\" \/>\n\t<meta property=\"og:image:width\" content=\"470\" \/>\n\t<meta property=\"og:image:height\" content=\"470\" \/>\n\t<meta property=\"og:image:type\" content=\"image\/png\" \/>\n<meta name=\"twitter:card\" content=\"summary_large_image\" \/>\n<meta name=\"twitter:label1\" content=\"Dur\u00e9e de lecture estim\u00e9e\" \/>\n\t<meta name=\"twitter:data1\" content=\"1 minute\" \/>\n<script type=\"application\/ld+json\" class=\"yoast-schema-graph\">{\"@context\":\"https:\\\/\\\/schema.org\",\"@graph\":[{\"@type\":\"WebPage\",\"@id\":\"https:\\\/\\\/storax.be\\\/fr\\\/producten\\\/systemes-schluter-pour-balcons-et-terrasses\\\/schluter-troba\\\/\",\"url\":\"https:\\\/\\\/storax.be\\\/fr\\\/producten\\\/systemes-schluter-pour-balcons-et-terrasses\\\/schluter-troba\\\/\",\"name\":\"Schl\u00fcter\u00ae- Troba | Drainagemat voor het terras - Storax Belgium\",\"isPartOf\":{\"@id\":\"https:\\\/\\\/storax.be\\\/fr\\\/#website\"},\"primaryImageOfPage\":{\"@id\":\"https:\\\/\\\/storax.be\\\/fr\\\/producten\\\/systemes-schluter-pour-balcons-et-terrasses\\\/schluter-troba\\\/#primaryimage\"},\"image\":{\"@id\":\"https:\\\/\\\/storax.be\\\/fr\\\/producten\\\/systemes-schluter-pour-balcons-et-terrasses\\\/schluter-troba\\\/#primaryimage\"},\"thumbnailUrl\":\"https:\\\/\\\/storax.be\\\/wp-content\\\/uploads\\\/sites\\\/2\\\/2023\\\/04\\\/Schluter-Troba-ontkoppelingsmat-buiten.png\",\"datePublished\":\"2023-04-14T14:11:12+00:00\",\"dateModified\":\"2024-05-16T07:39:15+00:00\",\"breadcrumb\":{\"@id\":\"https:\\\/\\\/storax.be\\\/fr\\\/producten\\\/systemes-schluter-pour-balcons-et-terrasses\\\/schluter-troba\\\/#breadcrumb\"},\"inLanguage\":\"fr-FR\",\"potentialAction\":[{\"@type\":\"ReadAction\",\"target\":[\"https:\\\/\\\/storax.be\\\/fr\\\/producten\\\/systemes-schluter-pour-balcons-et-terrasses\\\/schluter-troba\\\/\"]}]},{\"@type\":\"ImageObject\",\"inLanguage\":\"fr-FR\",\"@id\":\"https:\\\/\\\/storax.be\\\/fr\\\/producten\\\/systemes-schluter-pour-balcons-et-terrasses\\\/schluter-troba\\\/#primaryimage\",\"url\":\"https:\\\/\\\/storax.be\\\/wp-content\\\/uploads\\\/sites\\\/2\\\/2023\\\/04\\\/Schluter-Troba-ontkoppelingsmat-buiten.png\",\"contentUrl\":\"https:\\\/\\\/storax.be\\\/wp-content\\\/uploads\\\/sites\\\/2\\\/2023\\\/04\\\/Schluter-Troba-ontkoppelingsmat-buiten.png\",\"width\":470,\"height\":470,\"caption\":\"Schluter Troba ontkoppelingsmat buiten\"},{\"@type\":\"BreadcrumbList\",\"@id\":\"https:\\\/\\\/storax.be\\\/fr\\\/producten\\\/systemes-schluter-pour-balcons-et-terrasses\\\/schluter-troba\\\/#breadcrumb\",\"itemListElement\":[{\"@type\":\"ListItem\",\"position\":1,\"name\":\"Home\",\"item\":\"https:\\\/\\\/storax.be\\\/fr\\\/\"},{\"@type\":\"ListItem\",\"position\":2,\"name\":\"Producten\",\"item\":\"https:\\\/\\\/storax.be\\\/fr\\\/producten\\\/%product_category%\\\/\"},{\"@type\":\"ListItem\",\"position\":3,\"name\":\"Schl\u00fcter Syst\u00e8mes\",\"item\":\"https:\\\/\\\/storax.be\\\/fr\\\/producten\\\/schluter-systems-fr\\\/\"},{\"@type\":\"ListItem\",\"position\":4,\"name\":\"Syst\u00e8mes Schl\u00fcter pour balcons et terrasses\",\"item\":\"https:\\\/\\\/storax.be\\\/fr\\\/producten\\\/systemes-schluter-pour-balcons-et-terrasses\\\/\"},{\"@type\":\"ListItem\",\"position\":5,\"name\":\"Schl\u00fcter\u00ae- Troba\"}]},{\"@type\":\"WebSite\",\"@id\":\"https:\\\/\\\/storax.be\\\/fr\\\/#website\",\"url\":\"https:\\\/\\\/storax.be\\\/fr\\\/\",\"name\":\"Storax Belgium\",\"description\":\"Uw betrouwbare partner voor bouwprojecten\",\"potentialAction\":[{\"@type\":\"SearchAction\",\"target\":{\"@type\":\"EntryPoint\",\"urlTemplate\":\"https:\\\/\\\/storax.be\\\/fr\\\/?s={search_term_string}\"},\"query-input\":{\"@type\":\"PropertyValueSpecification\",\"valueRequired\":true,\"valueName\":\"search_term_string\"}}],\"inLanguage\":\"fr-FR\"}]}<\/script>\n<!-- \/ Yoast SEO plugin. -->","yoast_head_json":{"title":"Schl\u00fcter\u00ae- Troba | Drainagemat voor het terras - Storax Belgium","robots":{"index":"index","follow":"follow","max-snippet":"max-snippet:-1","max-image-preview":"max-image-preview:large","max-video-preview":"max-video-preview:-1"},"canonical":"https:\/\/storax.be\/fr\/producten\/systemes-schluter-pour-balcons-et-terrasses\/schluter-troba\/","og_locale":"fr_FR","og_type":"article","og_title":"Schl\u00fcter\u00ae- Troba | Drainagemat voor het terras - Storax Belgium","og_description":"Schl\u00fcter-TROBA est un drainage de surface s\u00fbr et durable, destin\u00e9 \u00e0 \u00eatre mis en oeuvre au-dessus d\u2019\u00e9tanch\u00e9it\u00e9s horizontales sur une forme de pente. Schl\u00fcter- TROBA est une natte en poly\u00e9thyl\u00e8ne \u00e0 bossages, r\u00e9sistant \u00e0 la pression, qui m\u00e9nage des galeries entre l\u2019\u00e9tanch\u00e9it\u00e9 et la couche de graviers ou de concass\u00e9. L\u2019eau d\u2019infiltration p\u00e9n\u00e9trant par la\u2026","og_url":"https:\/\/storax.be\/fr\/producten\/systemes-schluter-pour-balcons-et-terrasses\/schluter-troba\/","og_site_name":"Storax Belgium","article_modified_time":"2024-05-16T07:39:15+00:00","og_image":[{"width":470,"height":470,"url":"https:\/\/storax.be\/wp-content\/uploads\/sites\/2\/2023\/04\/Schluter-Troba-ontkoppelingsmat-buiten.png","type":"image\/png"}],"twitter_card":"summary_large_image","twitter_misc":{"Dur\u00e9e de lecture estim\u00e9e":"1 minute"},"schema":{"@context":"https:\/\/schema.org","@graph":[{"@type":"WebPage","@id":"https:\/\/storax.be\/fr\/producten\/systemes-schluter-pour-balcons-et-terrasses\/schluter-troba\/","url":"https:\/\/storax.be\/fr\/producten\/systemes-schluter-pour-balcons-et-terrasses\/schluter-troba\/","name":"Schl\u00fcter\u00ae- Troba | Drainagemat voor het terras - Storax Belgium","isPartOf":{"@id":"https:\/\/storax.be\/fr\/#website"},"primaryImageOfPage":{"@id":"https:\/\/storax.be\/fr\/producten\/systemes-schluter-pour-balcons-et-terrasses\/schluter-troba\/#primaryimage"},"image":{"@id":"https:\/\/storax.be\/fr\/producten\/systemes-schluter-pour-balcons-et-terrasses\/schluter-troba\/#primaryimage"},"thumbnailUrl":"https:\/\/storax.be\/wp-content\/uploads\/sites\/2\/2023\/04\/Schluter-Troba-ontkoppelingsmat-buiten.png","datePublished":"2023-04-14T14:11:12+00:00","dateModified":"2024-05-16T07:39:15+00:00","breadcrumb":{"@id":"https:\/\/storax.be\/fr\/producten\/systemes-schluter-pour-balcons-et-terrasses\/schluter-troba\/#breadcrumb"},"inLanguage":"fr-FR","potentialAction":[{"@type":"ReadAction","target":["https:\/\/storax.be\/fr\/producten\/systemes-schluter-pour-balcons-et-terrasses\/schluter-troba\/"]}]},{"@type":"ImageObject","inLanguage":"fr-FR","@id":"https:\/\/storax.be\/fr\/producten\/systemes-schluter-pour-balcons-et-terrasses\/schluter-troba\/#primaryimage","url":"https:\/\/storax.be\/wp-content\/uploads\/sites\/2\/2023\/04\/Schluter-Troba-ontkoppelingsmat-buiten.png","contentUrl":"https:\/\/storax.be\/wp-content\/uploads\/sites\/2\/2023\/04\/Schluter-Troba-ontkoppelingsmat-buiten.png","width":470,"height":470,"caption":"Schluter Troba ontkoppelingsmat buiten"},{"@type":"BreadcrumbList","@id":"https:\/\/storax.be\/fr\/producten\/systemes-schluter-pour-balcons-et-terrasses\/schluter-troba\/#breadcrumb","itemListElement":[{"@type":"ListItem","position":1,"name":"Home","item":"https:\/\/storax.be\/fr\/"},{"@type":"ListItem","position":2,"name":"Producten","item":"https:\/\/storax.be\/fr\/producten\/%product_category%\/"},{"@type":"ListItem","position":3,"name":"Schl\u00fcter Syst\u00e8mes","item":"https:\/\/storax.be\/fr\/producten\/schluter-systems-fr\/"},{"@type":"ListItem","position":4,"name":"Syst\u00e8mes Schl\u00fcter pour balcons et terrasses","item":"https:\/\/storax.be\/fr\/producten\/systemes-schluter-pour-balcons-et-terrasses\/"},{"@type":"ListItem","position":5,"name":"Schl\u00fcter\u00ae- Troba"}]},{"@type":"WebSite","@id":"https:\/\/storax.be\/fr\/#website","url":"https:\/\/storax.be\/fr\/","name":"Storax Belgium","description":"Uw betrouwbare partner voor bouwprojecten","potentialAction":[{"@type":"SearchAction","target":{"@type":"EntryPoint","urlTemplate":"https:\/\/storax.be\/fr\/?s={search_term_string}"},"query-input":{"@type":"PropertyValueSpecification","valueRequired":true,"valueName":"search_term_string"}}],"inLanguage":"fr-FR"}]}},"_links":{"self":[{"href":"https:\/\/storax.be\/fr\/wp-json\/wp\/v2\/product\/116118","targetHints":{"allow":["GET"]}}],"collection":[{"href":"https:\/\/storax.be\/fr\/wp-json\/wp\/v2\/product"}],"about":[{"href":"https:\/\/storax.be\/fr\/wp-json\/wp\/v2\/types\/product"}],"wp:featuredmedia":[{"embeddable":true,"href":"https:\/\/storax.be\/fr\/wp-json\/wp\/v2\/media\/115904"}],"wp:attachment":[{"href":"https:\/\/storax.be\/fr\/wp-json\/wp\/v2\/media?parent=116118"}],"wp:term":[{"taxonomy":"product_category","embeddable":true,"href":"https:\/\/storax.be\/fr\/wp-json\/wp\/v2\/product_category?post=116118"},{"taxonomy":"product_tag","embeddable":true,"href":"https:\/\/storax.be\/fr\/wp-json\/wp\/v2\/product_tag?post=116118"}],"curies":[{"name":"wp","href":"https:\/\/api.w.org\/{rel}","templated":true}]}}