{"id":116095,"date":"2023-04-25T07:13:15","date_gmt":"2023-04-25T07:13:15","guid":{"rendered":"https:\/\/storax.be\/producten\/uncategorized\/schluter-trep-v\/"},"modified":"2024-08-01T14:50:52","modified_gmt":"2024-08-01T14:50:52","slug":"schluter-trep-v","status":"publish","type":"product","link":"https:\/\/storax.be\/fr\/producten\/schluter-systems-fr\/schluter-trep-v\/","title":{"rendered":"Schl\u00fcter\u00ae-TREP-V"},"content":{"rendered":"\n<h2 class=\"wp-block-heading\">Schl\u00fcter nez de march<\/h2>\n\n\n\n<p>Les profils d&rsquo;escalier Schl\u00fcter-TREP-V offrent une solution de haute qualit\u00e9 pour le rev\u00eatement esth\u00e9tique et s\u00e9curisant des bords de marches, tant dans les environnements commerciaux que priv\u00e9s. Con\u00e7us pour un usage int\u00e9rieur, ces profils s&rsquo;int\u00e8grent parfaitement aux carreaux, pierres naturelles, chapes et mat\u00e9riaux de rev\u00eatement. Avec leur insert antid\u00e9rapant rempla\u00e7able et leur construction robuste en aluminium, ils sont id\u00e9aux pour les escaliers soumis \u00e0 une utilisation intensive.<\/p>\n\n\n\n<p><strong>Caract\u00e9ristiques Principales :<\/strong><\/p>\n\n\n\n<ul class=\"wp-block-list\"><li><strong>S\u00e9curit\u00e9 Antid\u00e9rapante :<\/strong> Equip\u00e9 d&rsquo;une surface de marche antid\u00e9rapante avec un relief sp\u00e9cial, test\u00e9 et certifi\u00e9 R10 selon la norme DIN EN 16165.<\/li><li><strong>Insert Rempla\u00e7able :<\/strong> En cas d&rsquo;endommagement ou d&rsquo;usure, le rev\u00eatement peut \u00eatre facilement remplac\u00e9.<\/li><li><strong>Mat\u00e9riau Durable :<\/strong> Fabriqu\u00e9 en aluminium avec une couche inf\u00e9rieure en PVC dur et une surface antid\u00e9rapante en PVC souple.<\/li><li><strong>Installation Facile :<\/strong> La surface de fixation perfor\u00e9e en forme de trap\u00e8ze assure une ancrage solide dans le mortier-colle.<\/li><\/ul>\n\n\n\n<p><strong>Dimensions Disponibles :<\/strong><\/p>\n\n\n\n<ul class=\"wp-block-list\"><li><strong>TREP-V 42\/12 :<\/strong><ul><li><strong>Largeur de la Surface de Marche :<\/strong> 42 mm<\/li><li><strong>Largeur du Rebord :<\/strong> 12 mm<\/li><li><strong>Longueurs :<\/strong> 1,00 m, 1,50 m, 2,00 m, 3,00 m<\/li><\/ul><\/li><li><strong>TREP-V 60\/32 :<\/strong><ul><li><strong>Largeur de la Surface de Marche :<\/strong> 60 mm<\/li><li><strong>Largeur du Rebord :<\/strong> 32 mm<\/li><li><strong>Longueurs :<\/strong> 1,00 m, 1,50 m, 2,00 m, 3,00 m<\/li><\/ul><\/li><\/ul>\n\n\n\n<p><strong>Choix de Couleurs :<\/strong><\/p>\n\n\n\n<ul class=\"wp-block-list\"><li><strong>SG :<\/strong> Gris Pierre<\/li><li><strong>HB :<\/strong> Beige Clair<\/li><li><strong>HG :<\/strong> Gris Clair<\/li><li><strong>SP :<\/strong> P\u00eache Douce<\/li><li><strong>FG :<\/strong> Gris Joint<\/li><li><strong>GS :<\/strong> Noir Graphite<\/li><li><strong>NB :<\/strong> Marron Noisette<\/li><\/ul>\n\n\n\n<p><strong>Options de Commande :<\/strong><\/p>\n\n\n\n<ul class=\"wp-block-list\"><li><strong>Capuchons de Fin :<\/strong> Disponibles en option.<\/li><li><strong>Mat\u00e9riau et Prix :<\/strong> Sur demande.<\/li><\/ul>\n","protected":false},"excerpt":{"rendered":"<p>Schl\u00fcter nez de march Les profils d&rsquo;escalier Schl\u00fcter-TREP-V offrent une solution de haute qualit\u00e9 pour le rev\u00eatement esth\u00e9tique et s\u00e9curisant des bords de marches, tant dans les environnements commerciaux que priv\u00e9s. Con\u00e7us pour un usage int\u00e9rieur, ces profils s&rsquo;int\u00e8grent parfaitement aux carreaux, pierres naturelles, chapes et mat\u00e9riaux de rev\u00eatement. Avec leur insert antid\u00e9rapant rempla\u00e7able et\u2026<\/p>\n","protected":false},"featured_media":116090,"template":"","meta":{"_acf_changed":false},"product_category":[738,625],"product_tag":[],"class_list":["post-116095","product","type-product","status-publish","has-post-thumbnail","hentry","product_category-schluter-nez-de-marche","product_category-schluter-systems-fr"],"acf":[],"yoast_head":"<!-- This site is optimized with the Yoast SEO plugin v27.3 - https:\/\/yoast.com\/product\/yoast-seo-wordpress\/ -->\n<title>Schl\u00fcter\u00ae-TREP-V | Schl\u00fcter nez de march - Storax Belgium<\/title>\n<meta name=\"robots\" content=\"index, follow, max-snippet:-1, max-image-preview:large, max-video-preview:-1\" \/>\n<link rel=\"canonical\" href=\"https:\/\/storax.be\/fr\/producten\/schluter-systems-fr\/schluter-trep-v\/\" \/>\n<meta property=\"og:locale\" content=\"fr_FR\" \/>\n<meta property=\"og:type\" content=\"article\" \/>\n<meta property=\"og:title\" content=\"Schl\u00fcter\u00ae-TREP-V | Schl\u00fcter nez de march - Storax Belgium\" \/>\n<meta property=\"og:description\" content=\"Schl\u00fcter nez de march Les profils d&rsquo;escalier Schl\u00fcter-TREP-V offrent une solution de haute qualit\u00e9 pour le rev\u00eatement esth\u00e9tique et s\u00e9curisant des bords de marches, tant dans les environnements commerciaux que priv\u00e9s. Con\u00e7us pour un usage int\u00e9rieur, ces profils s&rsquo;int\u00e8grent parfaitement aux carreaux, pierres naturelles, chapes et mat\u00e9riaux de rev\u00eatement. Avec leur insert antid\u00e9rapant rempla\u00e7able et\u2026\" \/>\n<meta property=\"og:url\" content=\"https:\/\/storax.be\/fr\/producten\/schluter-systems-fr\/schluter-trep-v\/\" \/>\n<meta property=\"og:site_name\" content=\"Storax Belgium\" \/>\n<meta property=\"article:modified_time\" content=\"2024-08-01T14:50:52+00:00\" \/>\n<meta property=\"og:image\" content=\"https:\/\/storax.be\/wp-content\/uploads\/sites\/2\/2023\/04\/1.png\" \/>\n\t<meta property=\"og:image:width\" content=\"470\" \/>\n\t<meta property=\"og:image:height\" content=\"470\" \/>\n\t<meta property=\"og:image:type\" content=\"image\/png\" \/>\n<meta name=\"twitter:card\" content=\"summary_large_image\" \/>\n<meta name=\"twitter:label1\" content=\"Dur\u00e9e de lecture estim\u00e9e\" \/>\n\t<meta name=\"twitter:data1\" content=\"2 minutes\" \/>\n<script type=\"application\/ld+json\" class=\"yoast-schema-graph\">{\"@context\":\"https:\\\/\\\/schema.org\",\"@graph\":[{\"@type\":\"WebPage\",\"@id\":\"https:\\\/\\\/storax.be\\\/fr\\\/producten\\\/schluter-systems-fr\\\/schluter-trep-v\\\/\",\"url\":\"https:\\\/\\\/storax.be\\\/fr\\\/producten\\\/schluter-systems-fr\\\/schluter-trep-v\\\/\",\"name\":\"Schl\u00fcter\u00ae-TREP-V | Schl\u00fcter nez de march - Storax Belgium\",\"isPartOf\":{\"@id\":\"https:\\\/\\\/storax.be\\\/fr\\\/#website\"},\"primaryImageOfPage\":{\"@id\":\"https:\\\/\\\/storax.be\\\/fr\\\/producten\\\/schluter-systems-fr\\\/schluter-trep-v\\\/#primaryimage\"},\"image\":{\"@id\":\"https:\\\/\\\/storax.be\\\/fr\\\/producten\\\/schluter-systems-fr\\\/schluter-trep-v\\\/#primaryimage\"},\"thumbnailUrl\":\"https:\\\/\\\/storax.be\\\/wp-content\\\/uploads\\\/sites\\\/2\\\/2023\\\/04\\\/1.png\",\"datePublished\":\"2023-04-25T07:13:15+00:00\",\"dateModified\":\"2024-08-01T14:50:52+00:00\",\"breadcrumb\":{\"@id\":\"https:\\\/\\\/storax.be\\\/fr\\\/producten\\\/schluter-systems-fr\\\/schluter-trep-v\\\/#breadcrumb\"},\"inLanguage\":\"fr-FR\",\"potentialAction\":[{\"@type\":\"ReadAction\",\"target\":[\"https:\\\/\\\/storax.be\\\/fr\\\/producten\\\/schluter-systems-fr\\\/schluter-trep-v\\\/\"]}]},{\"@type\":\"ImageObject\",\"inLanguage\":\"fr-FR\",\"@id\":\"https:\\\/\\\/storax.be\\\/fr\\\/producten\\\/schluter-systems-fr\\\/schluter-trep-v\\\/#primaryimage\",\"url\":\"https:\\\/\\\/storax.be\\\/wp-content\\\/uploads\\\/sites\\\/2\\\/2023\\\/04\\\/1.png\",\"contentUrl\":\"https:\\\/\\\/storax.be\\\/wp-content\\\/uploads\\\/sites\\\/2\\\/2023\\\/04\\\/1.png\",\"width\":470,\"height\":470,\"caption\":\"Schluter trep v antislip trapneuzen voor tegelbekleding\"},{\"@type\":\"BreadcrumbList\",\"@id\":\"https:\\\/\\\/storax.be\\\/fr\\\/producten\\\/schluter-systems-fr\\\/schluter-trep-v\\\/#breadcrumb\",\"itemListElement\":[{\"@type\":\"ListItem\",\"position\":1,\"name\":\"Home\",\"item\":\"https:\\\/\\\/storax.be\\\/fr\\\/\"},{\"@type\":\"ListItem\",\"position\":2,\"name\":\"Producten\",\"item\":\"https:\\\/\\\/storax.be\\\/fr\\\/producten\\\/%product_category%\\\/\"},{\"@type\":\"ListItem\",\"position\":3,\"name\":\"Schl\u00fcter Syst\u00e8mes\",\"item\":\"https:\\\/\\\/storax.be\\\/fr\\\/producten\\\/schluter-systems-fr\\\/\"},{\"@type\":\"ListItem\",\"position\":4,\"name\":\"Schl\u00fcter\u00ae-TREP-V\"}]},{\"@type\":\"WebSite\",\"@id\":\"https:\\\/\\\/storax.be\\\/fr\\\/#website\",\"url\":\"https:\\\/\\\/storax.be\\\/fr\\\/\",\"name\":\"Storax Belgium\",\"description\":\"Uw betrouwbare partner voor bouwprojecten\",\"potentialAction\":[{\"@type\":\"SearchAction\",\"target\":{\"@type\":\"EntryPoint\",\"urlTemplate\":\"https:\\\/\\\/storax.be\\\/fr\\\/?s={search_term_string}\"},\"query-input\":{\"@type\":\"PropertyValueSpecification\",\"valueRequired\":true,\"valueName\":\"search_term_string\"}}],\"inLanguage\":\"fr-FR\"}]}<\/script>\n<!-- \/ Yoast SEO plugin. -->","yoast_head_json":{"title":"Schl\u00fcter\u00ae-TREP-V | Schl\u00fcter nez de march - Storax Belgium","robots":{"index":"index","follow":"follow","max-snippet":"max-snippet:-1","max-image-preview":"max-image-preview:large","max-video-preview":"max-video-preview:-1"},"canonical":"https:\/\/storax.be\/fr\/producten\/schluter-systems-fr\/schluter-trep-v\/","og_locale":"fr_FR","og_type":"article","og_title":"Schl\u00fcter\u00ae-TREP-V | Schl\u00fcter nez de march - Storax Belgium","og_description":"Schl\u00fcter nez de march Les profils d&rsquo;escalier Schl\u00fcter-TREP-V offrent une solution de haute qualit\u00e9 pour le rev\u00eatement esth\u00e9tique et s\u00e9curisant des bords de marches, tant dans les environnements commerciaux que priv\u00e9s. Con\u00e7us pour un usage int\u00e9rieur, ces profils s&rsquo;int\u00e8grent parfaitement aux carreaux, pierres naturelles, chapes et mat\u00e9riaux de rev\u00eatement. Avec leur insert antid\u00e9rapant rempla\u00e7able et\u2026","og_url":"https:\/\/storax.be\/fr\/producten\/schluter-systems-fr\/schluter-trep-v\/","og_site_name":"Storax Belgium","article_modified_time":"2024-08-01T14:50:52+00:00","og_image":[{"width":470,"height":470,"url":"https:\/\/storax.be\/wp-content\/uploads\/sites\/2\/2023\/04\/1.png","type":"image\/png"}],"twitter_card":"summary_large_image","twitter_misc":{"Dur\u00e9e de lecture estim\u00e9e":"2 minutes"},"schema":{"@context":"https:\/\/schema.org","@graph":[{"@type":"WebPage","@id":"https:\/\/storax.be\/fr\/producten\/schluter-systems-fr\/schluter-trep-v\/","url":"https:\/\/storax.be\/fr\/producten\/schluter-systems-fr\/schluter-trep-v\/","name":"Schl\u00fcter\u00ae-TREP-V | Schl\u00fcter nez de march - Storax Belgium","isPartOf":{"@id":"https:\/\/storax.be\/fr\/#website"},"primaryImageOfPage":{"@id":"https:\/\/storax.be\/fr\/producten\/schluter-systems-fr\/schluter-trep-v\/#primaryimage"},"image":{"@id":"https:\/\/storax.be\/fr\/producten\/schluter-systems-fr\/schluter-trep-v\/#primaryimage"},"thumbnailUrl":"https:\/\/storax.be\/wp-content\/uploads\/sites\/2\/2023\/04\/1.png","datePublished":"2023-04-25T07:13:15+00:00","dateModified":"2024-08-01T14:50:52+00:00","breadcrumb":{"@id":"https:\/\/storax.be\/fr\/producten\/schluter-systems-fr\/schluter-trep-v\/#breadcrumb"},"inLanguage":"fr-FR","potentialAction":[{"@type":"ReadAction","target":["https:\/\/storax.be\/fr\/producten\/schluter-systems-fr\/schluter-trep-v\/"]}]},{"@type":"ImageObject","inLanguage":"fr-FR","@id":"https:\/\/storax.be\/fr\/producten\/schluter-systems-fr\/schluter-trep-v\/#primaryimage","url":"https:\/\/storax.be\/wp-content\/uploads\/sites\/2\/2023\/04\/1.png","contentUrl":"https:\/\/storax.be\/wp-content\/uploads\/sites\/2\/2023\/04\/1.png","width":470,"height":470,"caption":"Schluter trep v antislip trapneuzen voor tegelbekleding"},{"@type":"BreadcrumbList","@id":"https:\/\/storax.be\/fr\/producten\/schluter-systems-fr\/schluter-trep-v\/#breadcrumb","itemListElement":[{"@type":"ListItem","position":1,"name":"Home","item":"https:\/\/storax.be\/fr\/"},{"@type":"ListItem","position":2,"name":"Producten","item":"https:\/\/storax.be\/fr\/producten\/%product_category%\/"},{"@type":"ListItem","position":3,"name":"Schl\u00fcter Syst\u00e8mes","item":"https:\/\/storax.be\/fr\/producten\/schluter-systems-fr\/"},{"@type":"ListItem","position":4,"name":"Schl\u00fcter\u00ae-TREP-V"}]},{"@type":"WebSite","@id":"https:\/\/storax.be\/fr\/#website","url":"https:\/\/storax.be\/fr\/","name":"Storax Belgium","description":"Uw betrouwbare partner voor bouwprojecten","potentialAction":[{"@type":"SearchAction","target":{"@type":"EntryPoint","urlTemplate":"https:\/\/storax.be\/fr\/?s={search_term_string}"},"query-input":{"@type":"PropertyValueSpecification","valueRequired":true,"valueName":"search_term_string"}}],"inLanguage":"fr-FR"}]}},"_links":{"self":[{"href":"https:\/\/storax.be\/fr\/wp-json\/wp\/v2\/product\/116095","targetHints":{"allow":["GET"]}}],"collection":[{"href":"https:\/\/storax.be\/fr\/wp-json\/wp\/v2\/product"}],"about":[{"href":"https:\/\/storax.be\/fr\/wp-json\/wp\/v2\/types\/product"}],"wp:featuredmedia":[{"embeddable":true,"href":"https:\/\/storax.be\/fr\/wp-json\/wp\/v2\/media\/116090"}],"wp:attachment":[{"href":"https:\/\/storax.be\/fr\/wp-json\/wp\/v2\/media?parent=116095"}],"wp:term":[{"taxonomy":"product_category","embeddable":true,"href":"https:\/\/storax.be\/fr\/wp-json\/wp\/v2\/product_category?post=116095"},{"taxonomy":"product_tag","embeddable":true,"href":"https:\/\/storax.be\/fr\/wp-json\/wp\/v2\/product_tag?post=116095"}],"curies":[{"name":"wp","href":"https:\/\/api.w.org\/{rel}","templated":true}]}}