{"id":115633,"date":"2020-01-21T15:42:52","date_gmt":"2020-01-21T15:42:52","guid":{"rendered":"https:\/\/storax.be\/producten\/uncategorized\/vloermatkaders\/"},"modified":"2024-08-01T09:03:23","modified_gmt":"2024-08-01T09:03:23","slug":"cadres-pour-paillasson","status":"publish","type":"product","link":"https:\/\/storax.be\/fr\/producten\/paillassons-dentree\/cadres-pour-paillasson\/","title":{"rendered":"Cadres pour paillasson"},"content":{"rendered":"\n<p>Les cadres pour paillasson Storax sont fabriqu\u00e9s en aluminium anodis\u00e9 et mesurent 30 x 26 x 3&nbsp;mm, avec un bord sup\u00e9rieur de 7&nbsp;mm et un profil\u00e9 d&rsquo;ancrage continu.<\/p>\n\n\n\n<p>Les cadres pour paillasson sont parfaits pour incorporer les paillasson dans le carrelage et peuvent \u00eatre utilis\u00e9s avec un tapis d&rsquo;entr\u00e9e en <a href=\"https:\/\/storax.be\/produits\/tapis-d-entree\/tapis-d-entree-polystar\/\">polyamide (Polystar)<\/a>, en firbes aiguillet\u00e9e (<a href=\"https:\/\/storax.be\/fr\/producten\/inkommatten-fr\/decostar\/\">Decostar<\/a> ou <a href=\"https:\/\/storax.be\/fr\/producten\/inkommatten-fr\/unistar\/\">Unistar<\/a>) ou un paillasson <a href=\"https:\/\/storax.be\/produits\/tapis-d-entree\/tapis-d-entree-tirefloor\/\">durable Tirefloor<\/a>.<\/p>\n\n\n\n<p><strong>\u00c0 propos de nos cadres pour paillasson<\/strong><\/p>\n\n\n\n<ul class=\"wp-block-list\"><li>Installation rapide et facile<\/li><li>Aucun risque de tr\u00e9buchement<\/li><li>Ind\u00e9formable gr\u00e2ce \u00e0 un raccordement d&rsquo;angle solide en acier galvanis\u00e9<\/li><li>Stabilit\u00e9 suppl\u00e9mentaire gr\u00e2ce au bord sup\u00e9rieur<\/li><li>Profil\u00e9 d&rsquo;ancrage continu<\/li><li>Disponible avec insert en polyamide ou en fibres aiguillet\u00e9e<\/li><\/ul>\n\n\n\n<p><a href=\"https:\/\/storax.be\/fr\/producten\/paillassons-dentree\/decostar\/\"><strong>Decostar<\/strong><\/a><\/p>\n\n\n\n<div class=\"wp-block-columns is-layout-flex wp-container-core-columns-is-layout-9d6595d7 wp-block-columns-is-layout-flex\">\n<div class=\"wp-block-column is-layout-flow wp-block-column-is-layout-flow\">\n<figure class=\"wp-block-image size-full\"><img loading=\"lazy\" decoding=\"async\" width=\"200\" height=\"140\" src=\"https:\/\/storax.be\/wp-content\/uploads\/sites\/2\/2024\/08\/1.png\" alt=\"\" class=\"wp-image-117738\"\/><figcaption>Anthracite<\/figcaption><\/figure>\n<\/div>\n\n\n\n<div class=\"wp-block-column is-layout-flow wp-block-column-is-layout-flow\">\n<figure class=\"wp-block-image size-full\"><img loading=\"lazy\" decoding=\"async\" width=\"200\" height=\"140\" src=\"https:\/\/storax.be\/wp-content\/uploads\/sites\/2\/2024\/08\/2.png\" alt=\"\" class=\"wp-image-117740\"\/><figcaption>Beige<\/figcaption><\/figure>\n<\/div>\n\n\n\n<div class=\"wp-block-column is-layout-flow wp-block-column-is-layout-flow\">\n<figure class=\"wp-block-image size-full\"><img loading=\"lazy\" decoding=\"async\" width=\"200\" height=\"140\" src=\"https:\/\/storax.be\/wp-content\/uploads\/sites\/2\/2024\/08\/3.png\" alt=\"\" class=\"wp-image-117742\"\/><figcaption>Gris<\/figcaption><\/figure>\n<\/div>\n<\/div>\n\n\n\n<p><strong><a href=\"https:\/\/storax.be\/fr\/producten\/paillassons-dentree\/unistar\/\" target=\"_blank\" rel=\"noreferrer noopener\">Unistar<\/a><\/strong><\/p>\n\n\n\n<div class=\"wp-block-columns is-layout-flex wp-container-core-columns-is-layout-9d6595d7 wp-block-columns-is-layout-flex\">\n<div class=\"wp-block-column is-layout-flow wp-block-column-is-layout-flow\">\n<figure class=\"wp-block-image size-full\"><img loading=\"lazy\" decoding=\"async\" width=\"200\" height=\"140\" src=\"https:\/\/storax.be\/wp-content\/uploads\/sites\/2\/2024\/08\/Unistar-inkommat-in-kader.png\" alt=\"\" class=\"wp-image-117752\"\/><figcaption>Anthracite<\/figcaption><\/figure>\n<\/div>\n\n\n\n<div class=\"wp-block-column is-layout-flow wp-block-column-is-layout-flow\">\n<figure class=\"wp-block-image size-full\"><img loading=\"lazy\" decoding=\"async\" width=\"200\" height=\"140\" src=\"https:\/\/storax.be\/wp-content\/uploads\/sites\/2\/2024\/08\/Unistar-inkommat-in-kader-1.png\" alt=\"\" class=\"wp-image-117754\"\/><figcaption>Beige<\/figcaption><\/figure>\n<\/div>\n\n\n\n<div class=\"wp-block-column is-layout-flow wp-block-column-is-layout-flow\">\n<figure class=\"wp-block-image size-full\"><img loading=\"lazy\" decoding=\"async\" width=\"200\" height=\"140\" src=\"https:\/\/storax.be\/wp-content\/uploads\/sites\/2\/2024\/08\/Unistar-inkommat-in-kader-2.png\" alt=\"\" class=\"wp-image-117756\"\/><figcaption>Gris<\/figcaption><\/figure>\n<\/div>\n<\/div>\n\n\n\n<p><strong><a href=\"https:\/\/storax.be\/fr\/producten\/paillassons-dentree\/polystar-inkommat\/\" target=\"_blank\" rel=\"noreferrer noopener\">Polystar<\/a><\/strong><\/p>\n\n\n\n<div class=\"wp-block-columns is-layout-flex wp-container-core-columns-is-layout-9d6595d7 wp-block-columns-is-layout-flex\">\n<div class=\"wp-block-column is-layout-flow wp-block-column-is-layout-flow\">\n<figure class=\"wp-block-image size-full\"><img loading=\"lazy\" decoding=\"async\" width=\"200\" height=\"140\" src=\"https:\/\/storax.be\/wp-content\/uploads\/sites\/2\/2024\/08\/Polystar-antraciet-inkommat-in-kader.png\" alt=\"\" class=\"wp-image-117747\"\/><figcaption>Anthracite<\/figcaption><\/figure>\n<\/div>\n\n\n\n<div class=\"wp-block-column is-layout-flow wp-block-column-is-layout-flow\">\n<figure class=\"wp-block-image size-full\"><img loading=\"lazy\" decoding=\"async\" width=\"200\" height=\"140\" src=\"https:\/\/storax.be\/wp-content\/uploads\/sites\/2\/2024\/08\/Grijs-inkommat-in-kader.png\" alt=\"\" class=\"wp-image-117749\"\/><figcaption>Gris<\/figcaption><\/figure>\n<\/div>\n\n\n\n<div class=\"wp-block-column is-layout-flow wp-block-column-is-layout-flow\"><\/div>\n<\/div>\n\n\n\n<p><strong><a href=\"https:\/\/storax.be\/fr\/producten\/paillassons-dentree\/paillasson-de-coco\/\" target=\"_blank\" rel=\"noreferrer noopener\">Tapis coco<\/a><\/strong><\/p>\n\n\n\n<div class=\"wp-block-columns is-layout-flex wp-container-core-columns-is-layout-9d6595d7 wp-block-columns-is-layout-flex\">\n<div class=\"wp-block-column is-layout-flow wp-block-column-is-layout-flow\">\n<figure class=\"wp-block-image size-full\"><img loading=\"lazy\" decoding=\"async\" width=\"200\" height=\"140\" src=\"https:\/\/storax.be\/wp-content\/uploads\/sites\/2\/2024\/08\/kokostmat-in-vloermatkader.png\" alt=\"\" class=\"wp-image-117762\"\/><figcaption>Naturel<\/figcaption><\/figure>\n<\/div>\n\n\n\n<div class=\"wp-block-column is-layout-flow wp-block-column-is-layout-flow\">\n<figure class=\"wp-block-image size-full\"><img loading=\"lazy\" decoding=\"async\" width=\"200\" height=\"140\" src=\"https:\/\/storax.be\/wp-content\/uploads\/sites\/2\/2024\/08\/kokostmat-in-vloermatkader-1.png\" alt=\"\" class=\"wp-image-117764\"\/><figcaption>Anthracite<\/figcaption><\/figure>\n<\/div>\n\n\n\n<div class=\"wp-block-column is-layout-flow wp-block-column-is-layout-flow\"><\/div>\n<\/div>\n\n\n\n<p><strong><a href=\"https:\/\/storax.be\/fr\/producten\/paillassons-dentree\/tirefloor\/\" target=\"_blank\" rel=\"noreferrer noopener\">Tirefloor<\/a><\/strong><\/p>\n\n\n\n<figure class=\"wp-block-image size-full is-resized\"><img loading=\"lazy\" decoding=\"async\" src=\"https:\/\/storax.be\/wp-content\/uploads\/sites\/2\/2021\/05\/Tirefloor.jpg\" alt=\"\" class=\"wp-image-110922\" width=\"208\" height=\"208\" srcset=\"https:\/\/storax.be\/wp-content\/uploads\/sites\/2\/2021\/05\/Tirefloor.jpg 470w, https:\/\/storax.be\/wp-content\/uploads\/sites\/2\/2021\/05\/Tirefloor-300x300.jpg 300w, https:\/\/storax.be\/wp-content\/uploads\/sites\/2\/2021\/05\/Tirefloor-150x150.jpg 150w\" sizes=\"auto, (max-width: 208px) 100vw, 208px\" \/><figcaption><strong>Envoyez une demande de devis pour une taille standard ou demandez une offre enti\u00e8rement personnalis\u00e9e ! Recevez votre prix d&rsquo;achat dans un d\u00e9lai de 1 \u00e0 3 jours ouvrables !<\/strong><\/figcaption><\/figure>\n\n\n<p><\/p>","protected":false},"excerpt":{"rendered":"<p>Les cadres pour paillasson Storax sont fabriqu\u00e9s en aluminium anodis\u00e9 et mesurent 30 x 26 x 3&nbsp;mm, avec un bord sup\u00e9rieur de 7&nbsp;mm et un profil\u00e9 d&rsquo;ancrage continu. Les cadres pour paillasson sont parfaits pour incorporer les paillasson dans le carrelage et peuvent \u00eatre utilis\u00e9s avec un tapis d&rsquo;entr\u00e9e en polyamide (Polystar), en firbes aiguillet\u00e9e\u2026<\/p>\n","protected":false},"featured_media":117726,"template":"","meta":{"_acf_changed":false},"product_category":[744,758],"product_tag":[],"class_list":["post-115633","product","type-product","status-publish","has-post-thumbnail","hentry","product_category-vloermatkaders-fr","product_category-paillassons-dentree"],"acf":[],"yoast_head":"<!-- This site is optimized with the Yoast SEO plugin v27.3 - https:\/\/yoast.com\/product\/yoast-seo-wordpress\/ -->\n<title>Cadres pour paillasson - Storax Belgium<\/title>\n<meta name=\"robots\" content=\"index, follow, max-snippet:-1, max-image-preview:large, max-video-preview:-1\" \/>\n<link rel=\"canonical\" href=\"https:\/\/storax.be\/fr\/producten\/paillassons-dentree\/cadres-pour-paillasson\/\" \/>\n<meta property=\"og:locale\" content=\"fr_FR\" \/>\n<meta property=\"og:type\" content=\"article\" \/>\n<meta property=\"og:title\" content=\"Cadres pour paillasson - Storax Belgium\" \/>\n<meta property=\"og:description\" content=\"Les cadres pour paillasson Storax sont fabriqu\u00e9s en aluminium anodis\u00e9 et mesurent 30 x 26 x 3&nbsp;mm, avec un bord sup\u00e9rieur de 7&nbsp;mm et un profil\u00e9 d&rsquo;ancrage continu. Les cadres pour paillasson sont parfaits pour incorporer les paillasson dans le carrelage et peuvent \u00eatre utilis\u00e9s avec un tapis d&rsquo;entr\u00e9e en polyamide (Polystar), en firbes aiguillet\u00e9e\u2026\" \/>\n<meta property=\"og:url\" content=\"https:\/\/storax.be\/fr\/producten\/paillassons-dentree\/cadres-pour-paillasson\/\" \/>\n<meta property=\"og:site_name\" content=\"Storax Belgium\" \/>\n<meta property=\"article:modified_time\" content=\"2024-08-01T09:03:23+00:00\" \/>\n<meta property=\"og:image\" content=\"https:\/\/storax.be\/wp-content\/uploads\/sites\/2\/2020\/01\/vloermatkaders-voor-inkommatten.png\" \/>\n\t<meta property=\"og:image:width\" content=\"470\" \/>\n\t<meta property=\"og:image:height\" content=\"470\" \/>\n\t<meta property=\"og:image:type\" content=\"image\/png\" \/>\n<meta name=\"twitter:card\" content=\"summary_large_image\" \/>\n<meta name=\"twitter:label1\" content=\"Dur\u00e9e de lecture estim\u00e9e\" \/>\n\t<meta name=\"twitter:data1\" content=\"3 minutes\" \/>\n<script type=\"application\/ld+json\" class=\"yoast-schema-graph\">{\"@context\":\"https:\\\/\\\/schema.org\",\"@graph\":[{\"@type\":\"WebPage\",\"@id\":\"https:\\\/\\\/storax.be\\\/fr\\\/producten\\\/paillassons-dentree\\\/cadres-pour-paillasson\\\/\",\"url\":\"https:\\\/\\\/storax.be\\\/fr\\\/producten\\\/paillassons-dentree\\\/cadres-pour-paillasson\\\/\",\"name\":\"Cadres pour paillasson - Storax Belgium\",\"isPartOf\":{\"@id\":\"https:\\\/\\\/storax.be\\\/fr\\\/#website\"},\"primaryImageOfPage\":{\"@id\":\"https:\\\/\\\/storax.be\\\/fr\\\/producten\\\/paillassons-dentree\\\/cadres-pour-paillasson\\\/#primaryimage\"},\"image\":{\"@id\":\"https:\\\/\\\/storax.be\\\/fr\\\/producten\\\/paillassons-dentree\\\/cadres-pour-paillasson\\\/#primaryimage\"},\"thumbnailUrl\":\"https:\\\/\\\/storax.be\\\/wp-content\\\/uploads\\\/sites\\\/2\\\/2020\\\/01\\\/vloermatkaders-voor-inkommatten.png\",\"datePublished\":\"2020-01-21T15:42:52+00:00\",\"dateModified\":\"2024-08-01T09:03:23+00:00\",\"breadcrumb\":{\"@id\":\"https:\\\/\\\/storax.be\\\/fr\\\/producten\\\/paillassons-dentree\\\/cadres-pour-paillasson\\\/#breadcrumb\"},\"inLanguage\":\"fr-FR\",\"potentialAction\":[{\"@type\":\"ReadAction\",\"target\":[\"https:\\\/\\\/storax.be\\\/fr\\\/producten\\\/paillassons-dentree\\\/cadres-pour-paillasson\\\/\"]}]},{\"@type\":\"ImageObject\",\"inLanguage\":\"fr-FR\",\"@id\":\"https:\\\/\\\/storax.be\\\/fr\\\/producten\\\/paillassons-dentree\\\/cadres-pour-paillasson\\\/#primaryimage\",\"url\":\"https:\\\/\\\/storax.be\\\/wp-content\\\/uploads\\\/sites\\\/2\\\/2020\\\/01\\\/vloermatkaders-voor-inkommatten.png\",\"contentUrl\":\"https:\\\/\\\/storax.be\\\/wp-content\\\/uploads\\\/sites\\\/2\\\/2020\\\/01\\\/vloermatkaders-voor-inkommatten.png\",\"width\":470,\"height\":470,\"caption\":\"vloermatkaders voor inkommatten\"},{\"@type\":\"BreadcrumbList\",\"@id\":\"https:\\\/\\\/storax.be\\\/fr\\\/producten\\\/paillassons-dentree\\\/cadres-pour-paillasson\\\/#breadcrumb\",\"itemListElement\":[{\"@type\":\"ListItem\",\"position\":1,\"name\":\"Home\",\"item\":\"https:\\\/\\\/storax.be\\\/fr\\\/\"},{\"@type\":\"ListItem\",\"position\":2,\"name\":\"Producten\",\"item\":\"https:\\\/\\\/storax.be\\\/fr\\\/producten\\\/%product_category%\\\/\"},{\"@type\":\"ListItem\",\"position\":3,\"name\":\"Paillassons d'entr\u00e9e\",\"item\":\"https:\\\/\\\/storax.be\\\/fr\\\/producten\\\/paillassons-dentree\\\/\"},{\"@type\":\"ListItem\",\"position\":4,\"name\":\"Cadres pour paillasson\"}]},{\"@type\":\"WebSite\",\"@id\":\"https:\\\/\\\/storax.be\\\/fr\\\/#website\",\"url\":\"https:\\\/\\\/storax.be\\\/fr\\\/\",\"name\":\"Storax Belgium\",\"description\":\"Uw betrouwbare partner voor bouwprojecten\",\"potentialAction\":[{\"@type\":\"SearchAction\",\"target\":{\"@type\":\"EntryPoint\",\"urlTemplate\":\"https:\\\/\\\/storax.be\\\/fr\\\/?s={search_term_string}\"},\"query-input\":{\"@type\":\"PropertyValueSpecification\",\"valueRequired\":true,\"valueName\":\"search_term_string\"}}],\"inLanguage\":\"fr-FR\"}]}<\/script>\n<!-- \/ Yoast SEO plugin. -->","yoast_head_json":{"title":"Cadres pour paillasson - Storax Belgium","robots":{"index":"index","follow":"follow","max-snippet":"max-snippet:-1","max-image-preview":"max-image-preview:large","max-video-preview":"max-video-preview:-1"},"canonical":"https:\/\/storax.be\/fr\/producten\/paillassons-dentree\/cadres-pour-paillasson\/","og_locale":"fr_FR","og_type":"article","og_title":"Cadres pour paillasson - Storax Belgium","og_description":"Les cadres pour paillasson Storax sont fabriqu\u00e9s en aluminium anodis\u00e9 et mesurent 30 x 26 x 3&nbsp;mm, avec un bord sup\u00e9rieur de 7&nbsp;mm et un profil\u00e9 d&rsquo;ancrage continu. Les cadres pour paillasson sont parfaits pour incorporer les paillasson dans le carrelage et peuvent \u00eatre utilis\u00e9s avec un tapis d&rsquo;entr\u00e9e en polyamide (Polystar), en firbes aiguillet\u00e9e\u2026","og_url":"https:\/\/storax.be\/fr\/producten\/paillassons-dentree\/cadres-pour-paillasson\/","og_site_name":"Storax Belgium","article_modified_time":"2024-08-01T09:03:23+00:00","og_image":[{"width":470,"height":470,"url":"https:\/\/storax.be\/wp-content\/uploads\/sites\/2\/2020\/01\/vloermatkaders-voor-inkommatten.png","type":"image\/png"}],"twitter_card":"summary_large_image","twitter_misc":{"Dur\u00e9e de lecture estim\u00e9e":"3 minutes"},"schema":{"@context":"https:\/\/schema.org","@graph":[{"@type":"WebPage","@id":"https:\/\/storax.be\/fr\/producten\/paillassons-dentree\/cadres-pour-paillasson\/","url":"https:\/\/storax.be\/fr\/producten\/paillassons-dentree\/cadres-pour-paillasson\/","name":"Cadres pour paillasson - Storax Belgium","isPartOf":{"@id":"https:\/\/storax.be\/fr\/#website"},"primaryImageOfPage":{"@id":"https:\/\/storax.be\/fr\/producten\/paillassons-dentree\/cadres-pour-paillasson\/#primaryimage"},"image":{"@id":"https:\/\/storax.be\/fr\/producten\/paillassons-dentree\/cadres-pour-paillasson\/#primaryimage"},"thumbnailUrl":"https:\/\/storax.be\/wp-content\/uploads\/sites\/2\/2020\/01\/vloermatkaders-voor-inkommatten.png","datePublished":"2020-01-21T15:42:52+00:00","dateModified":"2024-08-01T09:03:23+00:00","breadcrumb":{"@id":"https:\/\/storax.be\/fr\/producten\/paillassons-dentree\/cadres-pour-paillasson\/#breadcrumb"},"inLanguage":"fr-FR","potentialAction":[{"@type":"ReadAction","target":["https:\/\/storax.be\/fr\/producten\/paillassons-dentree\/cadres-pour-paillasson\/"]}]},{"@type":"ImageObject","inLanguage":"fr-FR","@id":"https:\/\/storax.be\/fr\/producten\/paillassons-dentree\/cadres-pour-paillasson\/#primaryimage","url":"https:\/\/storax.be\/wp-content\/uploads\/sites\/2\/2020\/01\/vloermatkaders-voor-inkommatten.png","contentUrl":"https:\/\/storax.be\/wp-content\/uploads\/sites\/2\/2020\/01\/vloermatkaders-voor-inkommatten.png","width":470,"height":470,"caption":"vloermatkaders voor inkommatten"},{"@type":"BreadcrumbList","@id":"https:\/\/storax.be\/fr\/producten\/paillassons-dentree\/cadres-pour-paillasson\/#breadcrumb","itemListElement":[{"@type":"ListItem","position":1,"name":"Home","item":"https:\/\/storax.be\/fr\/"},{"@type":"ListItem","position":2,"name":"Producten","item":"https:\/\/storax.be\/fr\/producten\/%product_category%\/"},{"@type":"ListItem","position":3,"name":"Paillassons d'entr\u00e9e","item":"https:\/\/storax.be\/fr\/producten\/paillassons-dentree\/"},{"@type":"ListItem","position":4,"name":"Cadres pour paillasson"}]},{"@type":"WebSite","@id":"https:\/\/storax.be\/fr\/#website","url":"https:\/\/storax.be\/fr\/","name":"Storax Belgium","description":"Uw betrouwbare partner voor bouwprojecten","potentialAction":[{"@type":"SearchAction","target":{"@type":"EntryPoint","urlTemplate":"https:\/\/storax.be\/fr\/?s={search_term_string}"},"query-input":{"@type":"PropertyValueSpecification","valueRequired":true,"valueName":"search_term_string"}}],"inLanguage":"fr-FR"}]}},"_links":{"self":[{"href":"https:\/\/storax.be\/fr\/wp-json\/wp\/v2\/product\/115633","targetHints":{"allow":["GET"]}}],"collection":[{"href":"https:\/\/storax.be\/fr\/wp-json\/wp\/v2\/product"}],"about":[{"href":"https:\/\/storax.be\/fr\/wp-json\/wp\/v2\/types\/product"}],"wp:featuredmedia":[{"embeddable":true,"href":"https:\/\/storax.be\/fr\/wp-json\/wp\/v2\/media\/117726"}],"wp:attachment":[{"href":"https:\/\/storax.be\/fr\/wp-json\/wp\/v2\/media?parent=115633"}],"wp:term":[{"taxonomy":"product_category","embeddable":true,"href":"https:\/\/storax.be\/fr\/wp-json\/wp\/v2\/product_category?post=115633"},{"taxonomy":"product_tag","embeddable":true,"href":"https:\/\/storax.be\/fr\/wp-json\/wp\/v2\/product_tag?post=115633"}],"curies":[{"name":"wp","href":"https:\/\/api.w.org\/{rel}","templated":true}]}}