{"id":115434,"date":"2020-07-14T13:16:06","date_gmt":"2020-07-14T13:16:06","guid":{"rendered":"https:\/\/storax.be\/producten\/uncategorized\/polystar-inkommat\/"},"modified":"2024-08-01T07:56:25","modified_gmt":"2024-08-01T07:56:25","slug":"polystar-inkommat","status":"publish","type":"product","link":"https:\/\/storax.be\/fr\/producten\/paillassons-dentree\/polystar-inkommat\/","title":{"rendered":"Polystar"},"content":{"rendered":"<h2>Paillasson d&rsquo;entr\u00e9e optimis\u00e9 pour l&rsquo;absorption de l&rsquo;humidit\u00e9<\/h2>\nLe tapis d&rsquo;entr\u00e9e en polyamide Polystar est r\u00e9sistant et optimis\u00e9 pour l&rsquo;absorption de l&rsquo;humidit\u00e9. Le tapis d&rsquo;entr\u00e9e est largement applicable pour les magasins, les immeubles d&rsquo;habitation et les bureaux. Associ\u00e9 \u00e0 un cadre de tapis de sol Storax, le Polystar constitue une carte de visite attrayante \u00e0 l&rsquo;entr\u00e9e.\n\n<strong>\u00a0<\/strong><strong>\u00c0 propos de ce produit :<\/strong>\n<ul>\n \t<li style=\"text-align: left;\">Mati\u00e8re : 100% Polyamide 6<\/li>\n \t<li style=\"text-align: left;\">Hauteur totale : 12 ou 20 mm.<\/li>\n \t<li style=\"text-align: left;\">Poids des poils : 800g\/m2<\/li>\n \t<li style=\"text-align: left;\">Dos : Latex<\/li>\n \t<li style=\"text-align: left;\">Couleurs : gris, noir, brun<\/li>\n \t<li style=\"text-align: left;\">aussi disponible: <a href=\"https:\/\/storax.be\/fr\/producten\/inkommatten-fr\/cadres-pour-paillasson\/\" target=\"_blank\" rel=\"noopener\">cadres pour paillassons<\/a><\/li>\n<\/ul>\n<strong>Dimensions<\/strong>\n\n<!-- \/wp:post-content -->\n\n<!-- wp:html -->\n\n<!-- \/wp:html -->\n\n<!-- wp:spacer {\"height\":30} -->\n<ul>\n \t<li>584 x 384<\/li>\n \t<li>784 x 484<\/li>\n \t<li>784 x 584<\/li>\n \t<li>884 x 584<\/li>\n \t<li>984 x 584<\/li>\n \t<li>1184 x 584<\/li>\n \t<li>984 x 784<\/li>\n \t<li>1184 x 784<\/li>\n \t<li>1184 x 884<\/li>\n \t<li><strong>Disponible pour mesurer<\/strong><\/li>\n<\/ul>\n<strong>Envoyez une demande de devis pour une taille standard ou demandez une offre enti\u00e8rement personnalis\u00e9e ! Recevez votre prix d&rsquo;achat dans un d\u00e9lai de 1 \u00e0 3 jours ouvrables !<\/strong>\n\n<!-- wp:paragraph -->\n\n<!-- \/wp:paragraph -->\n\n<!-- wp:paragraph -->\n\n<!-- \/wp:paragraph -->","protected":false},"excerpt":{"rendered":"<p>Paillasson d&rsquo;entr\u00e9e optimis\u00e9 pour l&rsquo;absorption de l&rsquo;humidit\u00e9 Le tapis d&rsquo;entr\u00e9e en polyamide Polystar est r\u00e9sistant et optimis\u00e9 pour l&rsquo;absorption de l&rsquo;humidit\u00e9. Le tapis d&rsquo;entr\u00e9e est largement applicable pour les magasins, les immeubles d&rsquo;habitation et les bureaux. Associ\u00e9 \u00e0 un cadre de tapis de sol Storax, le Polystar constitue une carte de visite attrayante \u00e0 l&rsquo;entr\u00e9e.\u2026<\/p>\n","protected":false},"featured_media":110061,"template":"","meta":{"_acf_changed":false},"product_category":[758],"product_tag":[],"class_list":["post-115434","product","type-product","status-publish","has-post-thumbnail","hentry","product_category-paillassons-dentree"],"acf":[],"yoast_head":"<!-- This site is optimized with the Yoast SEO plugin v27.3 - https:\/\/yoast.com\/product\/yoast-seo-wordpress\/ -->\n<title>Polystar - Paillasson d&#039;entr\u00e9e - Storax Belgium<\/title>\n<meta name=\"robots\" content=\"index, follow, max-snippet:-1, max-image-preview:large, max-video-preview:-1\" \/>\n<link rel=\"canonical\" href=\"https:\/\/storax.be\/fr\/producten\/paillassons-dentree\/polystar-inkommat\/\" \/>\n<meta property=\"og:locale\" content=\"fr_FR\" \/>\n<meta property=\"og:type\" content=\"article\" \/>\n<meta property=\"og:title\" content=\"Polystar - Paillasson d&#039;entr\u00e9e - Storax Belgium\" \/>\n<meta property=\"og:description\" content=\"Paillasson d&rsquo;entr\u00e9e optimis\u00e9 pour l&rsquo;absorption de l&rsquo;humidit\u00e9 Le tapis d&rsquo;entr\u00e9e en polyamide Polystar est r\u00e9sistant et optimis\u00e9 pour l&rsquo;absorption de l&rsquo;humidit\u00e9. Le tapis d&rsquo;entr\u00e9e est largement applicable pour les magasins, les immeubles d&rsquo;habitation et les bureaux. Associ\u00e9 \u00e0 un cadre de tapis de sol Storax, le Polystar constitue une carte de visite attrayante \u00e0 l&rsquo;entr\u00e9e.\u2026\" \/>\n<meta property=\"og:url\" content=\"https:\/\/storax.be\/fr\/producten\/paillassons-dentree\/polystar-inkommat\/\" \/>\n<meta property=\"og:site_name\" content=\"Storax Belgium\" \/>\n<meta property=\"article:modified_time\" content=\"2024-08-01T07:56:25+00:00\" \/>\n<meta property=\"og:image\" content=\"https:\/\/storax.be\/wp-content\/uploads\/sites\/2\/2020\/07\/slice1-1.jpg\" \/>\n\t<meta property=\"og:image:width\" content=\"470\" \/>\n\t<meta property=\"og:image:height\" content=\"470\" \/>\n\t<meta property=\"og:image:type\" content=\"image\/jpeg\" \/>\n<meta name=\"twitter:card\" content=\"summary_large_image\" \/>\n<meta name=\"twitter:label1\" content=\"Dur\u00e9e de lecture estim\u00e9e\" \/>\n\t<meta name=\"twitter:data1\" content=\"1 minute\" \/>\n<script type=\"application\/ld+json\" class=\"yoast-schema-graph\">{\"@context\":\"https:\\\/\\\/schema.org\",\"@graph\":[{\"@type\":\"WebPage\",\"@id\":\"https:\\\/\\\/storax.be\\\/fr\\\/producten\\\/paillassons-dentree\\\/polystar-inkommat\\\/\",\"url\":\"https:\\\/\\\/storax.be\\\/fr\\\/producten\\\/paillassons-dentree\\\/polystar-inkommat\\\/\",\"name\":\"Polystar - Paillasson d'entr\u00e9e - Storax Belgium\",\"isPartOf\":{\"@id\":\"https:\\\/\\\/storax.be\\\/fr\\\/#website\"},\"primaryImageOfPage\":{\"@id\":\"https:\\\/\\\/storax.be\\\/fr\\\/producten\\\/paillassons-dentree\\\/polystar-inkommat\\\/#primaryimage\"},\"image\":{\"@id\":\"https:\\\/\\\/storax.be\\\/fr\\\/producten\\\/paillassons-dentree\\\/polystar-inkommat\\\/#primaryimage\"},\"thumbnailUrl\":\"https:\\\/\\\/storax.be\\\/wp-content\\\/uploads\\\/sites\\\/2\\\/2020\\\/07\\\/slice1-1.jpg\",\"datePublished\":\"2020-07-14T13:16:06+00:00\",\"dateModified\":\"2024-08-01T07:56:25+00:00\",\"breadcrumb\":{\"@id\":\"https:\\\/\\\/storax.be\\\/fr\\\/producten\\\/paillassons-dentree\\\/polystar-inkommat\\\/#breadcrumb\"},\"inLanguage\":\"fr-FR\",\"potentialAction\":[{\"@type\":\"ReadAction\",\"target\":[\"https:\\\/\\\/storax.be\\\/fr\\\/producten\\\/paillassons-dentree\\\/polystar-inkommat\\\/\"]}]},{\"@type\":\"ImageObject\",\"inLanguage\":\"fr-FR\",\"@id\":\"https:\\\/\\\/storax.be\\\/fr\\\/producten\\\/paillassons-dentree\\\/polystar-inkommat\\\/#primaryimage\",\"url\":\"https:\\\/\\\/storax.be\\\/wp-content\\\/uploads\\\/sites\\\/2\\\/2020\\\/07\\\/slice1-1.jpg\",\"contentUrl\":\"https:\\\/\\\/storax.be\\\/wp-content\\\/uploads\\\/sites\\\/2\\\/2020\\\/07\\\/slice1-1.jpg\",\"width\":470,\"height\":470},{\"@type\":\"BreadcrumbList\",\"@id\":\"https:\\\/\\\/storax.be\\\/fr\\\/producten\\\/paillassons-dentree\\\/polystar-inkommat\\\/#breadcrumb\",\"itemListElement\":[{\"@type\":\"ListItem\",\"position\":1,\"name\":\"Home\",\"item\":\"https:\\\/\\\/storax.be\\\/fr\\\/\"},{\"@type\":\"ListItem\",\"position\":2,\"name\":\"Producten\",\"item\":\"https:\\\/\\\/storax.be\\\/fr\\\/producten\\\/%product_category%\\\/\"},{\"@type\":\"ListItem\",\"position\":3,\"name\":\"Paillassons d'entr\u00e9e\",\"item\":\"https:\\\/\\\/storax.be\\\/fr\\\/producten\\\/paillassons-dentree\\\/\"},{\"@type\":\"ListItem\",\"position\":4,\"name\":\"Polystar\"}]},{\"@type\":\"WebSite\",\"@id\":\"https:\\\/\\\/storax.be\\\/fr\\\/#website\",\"url\":\"https:\\\/\\\/storax.be\\\/fr\\\/\",\"name\":\"Storax Belgium\",\"description\":\"Uw betrouwbare partner voor bouwprojecten\",\"potentialAction\":[{\"@type\":\"SearchAction\",\"target\":{\"@type\":\"EntryPoint\",\"urlTemplate\":\"https:\\\/\\\/storax.be\\\/fr\\\/?s={search_term_string}\"},\"query-input\":{\"@type\":\"PropertyValueSpecification\",\"valueRequired\":true,\"valueName\":\"search_term_string\"}}],\"inLanguage\":\"fr-FR\"}]}<\/script>\n<!-- \/ Yoast SEO plugin. -->","yoast_head_json":{"title":"Polystar - Paillasson d'entr\u00e9e - Storax Belgium","robots":{"index":"index","follow":"follow","max-snippet":"max-snippet:-1","max-image-preview":"max-image-preview:large","max-video-preview":"max-video-preview:-1"},"canonical":"https:\/\/storax.be\/fr\/producten\/paillassons-dentree\/polystar-inkommat\/","og_locale":"fr_FR","og_type":"article","og_title":"Polystar - Paillasson d'entr\u00e9e - Storax Belgium","og_description":"Paillasson d&rsquo;entr\u00e9e optimis\u00e9 pour l&rsquo;absorption de l&rsquo;humidit\u00e9 Le tapis d&rsquo;entr\u00e9e en polyamide Polystar est r\u00e9sistant et optimis\u00e9 pour l&rsquo;absorption de l&rsquo;humidit\u00e9. Le tapis d&rsquo;entr\u00e9e est largement applicable pour les magasins, les immeubles d&rsquo;habitation et les bureaux. Associ\u00e9 \u00e0 un cadre de tapis de sol Storax, le Polystar constitue une carte de visite attrayante \u00e0 l&rsquo;entr\u00e9e.\u2026","og_url":"https:\/\/storax.be\/fr\/producten\/paillassons-dentree\/polystar-inkommat\/","og_site_name":"Storax Belgium","article_modified_time":"2024-08-01T07:56:25+00:00","og_image":[{"width":470,"height":470,"url":"https:\/\/storax.be\/wp-content\/uploads\/sites\/2\/2020\/07\/slice1-1.jpg","type":"image\/jpeg"}],"twitter_card":"summary_large_image","twitter_misc":{"Dur\u00e9e de lecture estim\u00e9e":"1 minute"},"schema":{"@context":"https:\/\/schema.org","@graph":[{"@type":"WebPage","@id":"https:\/\/storax.be\/fr\/producten\/paillassons-dentree\/polystar-inkommat\/","url":"https:\/\/storax.be\/fr\/producten\/paillassons-dentree\/polystar-inkommat\/","name":"Polystar - Paillasson d'entr\u00e9e - Storax Belgium","isPartOf":{"@id":"https:\/\/storax.be\/fr\/#website"},"primaryImageOfPage":{"@id":"https:\/\/storax.be\/fr\/producten\/paillassons-dentree\/polystar-inkommat\/#primaryimage"},"image":{"@id":"https:\/\/storax.be\/fr\/producten\/paillassons-dentree\/polystar-inkommat\/#primaryimage"},"thumbnailUrl":"https:\/\/storax.be\/wp-content\/uploads\/sites\/2\/2020\/07\/slice1-1.jpg","datePublished":"2020-07-14T13:16:06+00:00","dateModified":"2024-08-01T07:56:25+00:00","breadcrumb":{"@id":"https:\/\/storax.be\/fr\/producten\/paillassons-dentree\/polystar-inkommat\/#breadcrumb"},"inLanguage":"fr-FR","potentialAction":[{"@type":"ReadAction","target":["https:\/\/storax.be\/fr\/producten\/paillassons-dentree\/polystar-inkommat\/"]}]},{"@type":"ImageObject","inLanguage":"fr-FR","@id":"https:\/\/storax.be\/fr\/producten\/paillassons-dentree\/polystar-inkommat\/#primaryimage","url":"https:\/\/storax.be\/wp-content\/uploads\/sites\/2\/2020\/07\/slice1-1.jpg","contentUrl":"https:\/\/storax.be\/wp-content\/uploads\/sites\/2\/2020\/07\/slice1-1.jpg","width":470,"height":470},{"@type":"BreadcrumbList","@id":"https:\/\/storax.be\/fr\/producten\/paillassons-dentree\/polystar-inkommat\/#breadcrumb","itemListElement":[{"@type":"ListItem","position":1,"name":"Home","item":"https:\/\/storax.be\/fr\/"},{"@type":"ListItem","position":2,"name":"Producten","item":"https:\/\/storax.be\/fr\/producten\/%product_category%\/"},{"@type":"ListItem","position":3,"name":"Paillassons d'entr\u00e9e","item":"https:\/\/storax.be\/fr\/producten\/paillassons-dentree\/"},{"@type":"ListItem","position":4,"name":"Polystar"}]},{"@type":"WebSite","@id":"https:\/\/storax.be\/fr\/#website","url":"https:\/\/storax.be\/fr\/","name":"Storax Belgium","description":"Uw betrouwbare partner voor bouwprojecten","potentialAction":[{"@type":"SearchAction","target":{"@type":"EntryPoint","urlTemplate":"https:\/\/storax.be\/fr\/?s={search_term_string}"},"query-input":{"@type":"PropertyValueSpecification","valueRequired":true,"valueName":"search_term_string"}}],"inLanguage":"fr-FR"}]}},"_links":{"self":[{"href":"https:\/\/storax.be\/fr\/wp-json\/wp\/v2\/product\/115434","targetHints":{"allow":["GET"]}}],"collection":[{"href":"https:\/\/storax.be\/fr\/wp-json\/wp\/v2\/product"}],"about":[{"href":"https:\/\/storax.be\/fr\/wp-json\/wp\/v2\/types\/product"}],"wp:featuredmedia":[{"embeddable":true,"href":"https:\/\/storax.be\/fr\/wp-json\/wp\/v2\/media\/110061"}],"wp:attachment":[{"href":"https:\/\/storax.be\/fr\/wp-json\/wp\/v2\/media?parent=115434"}],"wp:term":[{"taxonomy":"product_category","embeddable":true,"href":"https:\/\/storax.be\/fr\/wp-json\/wp\/v2\/product_category?post=115434"},{"taxonomy":"product_tag","embeddable":true,"href":"https:\/\/storax.be\/fr\/wp-json\/wp\/v2\/product_tag?post=115434"}],"curies":[{"name":"wp","href":"https:\/\/api.w.org\/{rel}","templated":true}]}}