{"id":115167,"date":"2022-08-02T13:07:01","date_gmt":"2022-08-02T13:07:01","guid":{"rendered":"https:\/\/storax.be\/?post_type=product&#038;p=115167"},"modified":"2024-05-16T07:39:03","modified_gmt":"2024-05-16T07:39:03","slug":"inox-verlijmd","status":"publish","type":"product","link":"https:\/\/storax.be\/fr\/producten\/cornieres\/inox-verlijmd\/","title":{"rendered":"INOX Coll\u00e9"},"content":{"rendered":"<h2 style=\"font-size: 1.5em; line-height: 32px; font-weight: 600; margin-top: 10px;\"><b>Corni\u00e8res sp\u00e9ciales INOX avec c\u00f4t\u00e9s pli\u00e9s, montage en surface avec kit de montage<\/b><\/h2>\n<p><strong>\u00c0 propos de ce produit\u00a0:<\/strong><\/p>\n<ul>\n<li style=\"font-weight: 400;\" aria-level=\"1\"><span style=\"font-weight: 400;\">Rayon du profil\u00e9 en surface 3\u00a0mm<\/span><\/li>\n<li style=\"font-weight: 400;\" aria-level=\"1\"><span style=\"font-weight: 400;\">Qualit\u00e9 INOX AiSi 304 avec surface mate munie d&rsquo;un film de protection \u00e0 retirer apr\u00e8s la pose<\/span><\/li>\n<li style=\"font-weight: 400;\" aria-level=\"1\"><span style=\"font-weight: 400;\">\u00c9paisseur\u00a0: 1,5\u00a0mm<\/span><\/li>\n<li style=\"font-weight: 400;\" aria-level=\"1\"><span style=\"font-weight: 400;\">Longueurs standard\u00a0: 1\u00a0m \u2013 1,25\u00a0m \u2013 1,50\u00a0m \u2013 2\u00a0m \u2013 2,50\u00a0m \u2013 3\u00a0m<\/span><\/li>\n<\/ul>\n<p><strong><br \/>\nDimensions standard\u00a0:<\/strong><\/p>\n<table style=\"width: 100%;\" cellspacing=\"0\">\n<tbody>\n<tr>\n<td style=\"font-size: 14px; height: 40px; text-align: left; padding-left: 10px; vertical-align: middle; border-width: thin;\"><span style=\"color: ##000000;\"><b>R\u00e9f\u00e9rence<\/b><\/span><\/td>\n<td style=\"font-size: 14px; height: 40px; text-align: left; padding-left: 10px; vertical-align: middle; border-right-width: thin; border-bottom-width: thin;\" align=\"left\"><b><span style=\"color: #000000;\">Dimension<\/span><\/b><\/td>\n<td style=\"font-size: 14px; height: 40px; text-align: left; padding-left: 10px; vertical-align: middle;\"><b><span style=\"color: #000000;\">Longeur<\/span><\/b><\/td>\n<\/tr>\n<tr>\n<td style=\"font-size: 14px; height: 40px; text-align: left; padding-left: 10px; vertical-align: middle;\"><b>E2523-AKE<br \/>\n<\/b><\/td>\n<td style=\"font-size: 14px; height: 40px; vertical-align: middle;\">\u00a025 x 25 mm<\/td>\n<td style=\"font-size: 14px; height: 40px; text-align: left; vertical-align: middle;\">\u00a03 m<\/td>\n<\/tr>\n<tr>\n<td style=\"font-size: 14px; height: 40px; text-align: left; padding-left: 10px; vertical-align: middle;\"><b>E3023-AKE<br \/>\n<\/b><\/td>\n<td style=\"font-size: 14px; height: 40px; text-align: left; vertical-align: middle; border-right-width: thin; border-left-width: thin;\" align=\"left\">\u00a030 x 30 mm<\/td>\n<td style=\"font-size: 14px; height: 40px; text-align: left; vertical-align: middle; border-left-width: thin;\">\u00a03 m<\/td>\n<\/tr>\n<tr>\n<td style=\"font-size: 14px; height: 40px; text-align: left; vertical-align: middle; border-right-width: thin;\">\u00a0 <b>E4023-AKE<\/b><\/td>\n<td style=\"font-size: 14px; height: 40px; text-align: left; vertical-align: middle; border-right-width: thin; border-left-width: thin;\">\u00a040 x 40 mm<\/td>\n<td style=\"font-size: 14px; height: 40px; text-align: left; vertical-align: middle; border-left-width: thin;\">\u00a03 m<\/td>\n<\/tr>\n<tr>\n<td style=\"font-size: 14px; height: 40px; text-align: left; padding-left: 10px; vertical-align: middle;\"><b>E5023-AKE<\/b><\/td>\n<td style=\"font-size: 14px; height: 40px; text-align: left; vertical-align: middle; border-right-width: thin; border-left-width: thin;\" align=\"left\">\u00a050 x 50 mm<\/td>\n<td style=\"font-size: 14px; height: 40px; text-align: left; vertical-align: middle; border-left-width: thin;\">\u00a03 m<\/td>\n<\/tr>\n<tr>\n<td style=\"font-size: 14px; height: 40px; text-align: left; vertical-align: middle; border-right-width: thin;\">\u00a0 <b>E6023-AKE<\/b><\/td>\n<td style=\"font-size: 14px; height: 40px; text-align: left; vertical-align: middle; border-right-width: thin; border-left-width: thin;\">\u00a060 x 60 mm<\/td>\n<td style=\"font-size: 14px; height: 40px; text-align: left; vertical-align: middle; border-left-width: thin;\">\u00a03 m<\/td>\n<\/tr>\n<\/tbody>\n<\/table>\n<p><strong>D&rsquo;autres versions sont disponibles sur demande.<\/strong><\/p>\n","protected":false},"excerpt":{"rendered":"<p>Corni\u00e8res sp\u00e9ciales INOX avec c\u00f4t\u00e9s pli\u00e9s, montage en surface avec kit de montage \u00c0 propos de ce produit\u00a0: Rayon du profil\u00e9 en surface 3\u00a0mm Qualit\u00e9 INOX AiSi 304 avec surface mate munie d&rsquo;un film de protection \u00e0 retirer apr\u00e8s la pose \u00c9paisseur\u00a0: 1,5\u00a0mm Longueurs standard\u00a0: 1\u00a0m \u2013 1,25\u00a0m \u2013 1,50\u00a0m \u2013 2\u00a0m \u2013 2,50\u00a0m \u2013\u2026<\/p>\n","protected":false},"featured_media":106843,"template":"","meta":{"_acf_changed":false},"product_category":[643,597],"product_tag":[447,455,459,464,467,474,545,561],"class_list":["post-115167","product","type-product","status-publish","has-post-thumbnail","hentry","product_category-verlijmd-inox-fr","product_category-cornieres","product_tag-25-x-25-mm-fr","product_tag-30-x-30-mm-fr","product_tag-40-x-40-mm-fr","product_tag-50-x-50-mm-fr","product_tag-60-x-60-mm-fr","product_tag-90-graden-fr","product_tag-roestvaststaal-fr","product_tag-verlijmd-fr"],"acf":[],"yoast_head":"<!-- This site is optimized with the Yoast SEO plugin v27.3 - https:\/\/yoast.com\/product\/yoast-seo-wordpress\/ -->\n<title>INOX Coll\u00e9 - Storax Belgium<\/title>\n<meta name=\"robots\" content=\"index, follow, max-snippet:-1, max-image-preview:large, max-video-preview:-1\" \/>\n<link rel=\"canonical\" href=\"https:\/\/storax.be\/fr\/producten\/cornieres\/inox-verlijmd\/\" \/>\n<meta property=\"og:locale\" content=\"fr_FR\" \/>\n<meta property=\"og:type\" content=\"article\" \/>\n<meta property=\"og:title\" content=\"INOX Coll\u00e9 - Storax Belgium\" \/>\n<meta property=\"og:description\" content=\"Corni\u00e8res sp\u00e9ciales INOX avec c\u00f4t\u00e9s pli\u00e9s, montage en surface avec kit de montage \u00c0 propos de ce produit\u00a0: Rayon du profil\u00e9 en surface 3\u00a0mm Qualit\u00e9 INOX AiSi 304 avec surface mate munie d&rsquo;un film de protection \u00e0 retirer apr\u00e8s la pose \u00c9paisseur\u00a0: 1,5\u00a0mm Longueurs standard\u00a0: 1\u00a0m \u2013 1,25\u00a0m \u2013 1,50\u00a0m \u2013 2\u00a0m \u2013 2,50\u00a0m \u2013\u2026\" \/>\n<meta property=\"og:url\" content=\"https:\/\/storax.be\/fr\/producten\/cornieres\/inox-verlijmd\/\" \/>\n<meta property=\"og:site_name\" content=\"Storax Belgium\" \/>\n<meta property=\"article:modified_time\" content=\"2024-05-16T07:39:03+00:00\" \/>\n<meta property=\"og:image\" content=\"https:\/\/storax.be\/wp-content\/uploads\/sites\/2\/2019\/03\/thumb_270x270_177.jpg\" \/>\n\t<meta property=\"og:image:width\" content=\"270\" \/>\n\t<meta property=\"og:image:height\" content=\"270\" \/>\n\t<meta property=\"og:image:type\" content=\"image\/jpeg\" \/>\n<meta name=\"twitter:card\" content=\"summary_large_image\" \/>\n<meta name=\"twitter:label1\" content=\"Dur\u00e9e de lecture estim\u00e9e\" \/>\n\t<meta name=\"twitter:data1\" content=\"1 minute\" \/>\n<script type=\"application\/ld+json\" class=\"yoast-schema-graph\">{\"@context\":\"https:\\\/\\\/schema.org\",\"@graph\":[{\"@type\":\"WebPage\",\"@id\":\"https:\\\/\\\/storax.be\\\/fr\\\/producten\\\/cornieres\\\/inox-verlijmd\\\/\",\"url\":\"https:\\\/\\\/storax.be\\\/fr\\\/producten\\\/cornieres\\\/inox-verlijmd\\\/\",\"name\":\"INOX Coll\u00e9 - Storax Belgium\",\"isPartOf\":{\"@id\":\"https:\\\/\\\/storax.be\\\/fr\\\/#website\"},\"primaryImageOfPage\":{\"@id\":\"https:\\\/\\\/storax.be\\\/fr\\\/producten\\\/cornieres\\\/inox-verlijmd\\\/#primaryimage\"},\"image\":{\"@id\":\"https:\\\/\\\/storax.be\\\/fr\\\/producten\\\/cornieres\\\/inox-verlijmd\\\/#primaryimage\"},\"thumbnailUrl\":\"https:\\\/\\\/storax.be\\\/wp-content\\\/uploads\\\/sites\\\/2\\\/2019\\\/03\\\/thumb_270x270_177.jpg\",\"datePublished\":\"2022-08-02T13:07:01+00:00\",\"dateModified\":\"2024-05-16T07:39:03+00:00\",\"breadcrumb\":{\"@id\":\"https:\\\/\\\/storax.be\\\/fr\\\/producten\\\/cornieres\\\/inox-verlijmd\\\/#breadcrumb\"},\"inLanguage\":\"fr-FR\",\"potentialAction\":[{\"@type\":\"ReadAction\",\"target\":[\"https:\\\/\\\/storax.be\\\/fr\\\/producten\\\/cornieres\\\/inox-verlijmd\\\/\"]}]},{\"@type\":\"ImageObject\",\"inLanguage\":\"fr-FR\",\"@id\":\"https:\\\/\\\/storax.be\\\/fr\\\/producten\\\/cornieres\\\/inox-verlijmd\\\/#primaryimage\",\"url\":\"https:\\\/\\\/storax.be\\\/wp-content\\\/uploads\\\/sites\\\/2\\\/2019\\\/03\\\/thumb_270x270_177.jpg\",\"contentUrl\":\"https:\\\/\\\/storax.be\\\/wp-content\\\/uploads\\\/sites\\\/2\\\/2019\\\/03\\\/thumb_270x270_177.jpg\",\"width\":270,\"height\":270},{\"@type\":\"BreadcrumbList\",\"@id\":\"https:\\\/\\\/storax.be\\\/fr\\\/producten\\\/cornieres\\\/inox-verlijmd\\\/#breadcrumb\",\"itemListElement\":[{\"@type\":\"ListItem\",\"position\":1,\"name\":\"Home\",\"item\":\"https:\\\/\\\/storax.be\\\/fr\\\/\"},{\"@type\":\"ListItem\",\"position\":2,\"name\":\"Producten\",\"item\":\"https:\\\/\\\/storax.be\\\/fr\\\/producten\\\/%product_category%\\\/\"},{\"@type\":\"ListItem\",\"position\":3,\"name\":\"Corni\u00e8res\",\"item\":\"https:\\\/\\\/storax.be\\\/fr\\\/producten\\\/cornieres\\\/\"},{\"@type\":\"ListItem\",\"position\":4,\"name\":\"Coll\u00e9 INOX\",\"item\":\"https:\\\/\\\/storax.be\\\/fr\\\/producten\\\/verlijmd-inox-fr\\\/\"},{\"@type\":\"ListItem\",\"position\":5,\"name\":\"INOX Coll\u00e9\"}]},{\"@type\":\"WebSite\",\"@id\":\"https:\\\/\\\/storax.be\\\/fr\\\/#website\",\"url\":\"https:\\\/\\\/storax.be\\\/fr\\\/\",\"name\":\"Storax Belgium\",\"description\":\"Uw betrouwbare partner voor bouwprojecten\",\"potentialAction\":[{\"@type\":\"SearchAction\",\"target\":{\"@type\":\"EntryPoint\",\"urlTemplate\":\"https:\\\/\\\/storax.be\\\/fr\\\/?s={search_term_string}\"},\"query-input\":{\"@type\":\"PropertyValueSpecification\",\"valueRequired\":true,\"valueName\":\"search_term_string\"}}],\"inLanguage\":\"fr-FR\"}]}<\/script>\n<!-- \/ Yoast SEO plugin. -->","yoast_head_json":{"title":"INOX Coll\u00e9 - Storax Belgium","robots":{"index":"index","follow":"follow","max-snippet":"max-snippet:-1","max-image-preview":"max-image-preview:large","max-video-preview":"max-video-preview:-1"},"canonical":"https:\/\/storax.be\/fr\/producten\/cornieres\/inox-verlijmd\/","og_locale":"fr_FR","og_type":"article","og_title":"INOX Coll\u00e9 - Storax Belgium","og_description":"Corni\u00e8res sp\u00e9ciales INOX avec c\u00f4t\u00e9s pli\u00e9s, montage en surface avec kit de montage \u00c0 propos de ce produit\u00a0: Rayon du profil\u00e9 en surface 3\u00a0mm Qualit\u00e9 INOX AiSi 304 avec surface mate munie d&rsquo;un film de protection \u00e0 retirer apr\u00e8s la pose \u00c9paisseur\u00a0: 1,5\u00a0mm Longueurs standard\u00a0: 1\u00a0m \u2013 1,25\u00a0m \u2013 1,50\u00a0m \u2013 2\u00a0m \u2013 2,50\u00a0m \u2013\u2026","og_url":"https:\/\/storax.be\/fr\/producten\/cornieres\/inox-verlijmd\/","og_site_name":"Storax Belgium","article_modified_time":"2024-05-16T07:39:03+00:00","og_image":[{"width":270,"height":270,"url":"https:\/\/storax.be\/wp-content\/uploads\/sites\/2\/2019\/03\/thumb_270x270_177.jpg","type":"image\/jpeg"}],"twitter_card":"summary_large_image","twitter_misc":{"Dur\u00e9e de lecture estim\u00e9e":"1 minute"},"schema":{"@context":"https:\/\/schema.org","@graph":[{"@type":"WebPage","@id":"https:\/\/storax.be\/fr\/producten\/cornieres\/inox-verlijmd\/","url":"https:\/\/storax.be\/fr\/producten\/cornieres\/inox-verlijmd\/","name":"INOX Coll\u00e9 - Storax Belgium","isPartOf":{"@id":"https:\/\/storax.be\/fr\/#website"},"primaryImageOfPage":{"@id":"https:\/\/storax.be\/fr\/producten\/cornieres\/inox-verlijmd\/#primaryimage"},"image":{"@id":"https:\/\/storax.be\/fr\/producten\/cornieres\/inox-verlijmd\/#primaryimage"},"thumbnailUrl":"https:\/\/storax.be\/wp-content\/uploads\/sites\/2\/2019\/03\/thumb_270x270_177.jpg","datePublished":"2022-08-02T13:07:01+00:00","dateModified":"2024-05-16T07:39:03+00:00","breadcrumb":{"@id":"https:\/\/storax.be\/fr\/producten\/cornieres\/inox-verlijmd\/#breadcrumb"},"inLanguage":"fr-FR","potentialAction":[{"@type":"ReadAction","target":["https:\/\/storax.be\/fr\/producten\/cornieres\/inox-verlijmd\/"]}]},{"@type":"ImageObject","inLanguage":"fr-FR","@id":"https:\/\/storax.be\/fr\/producten\/cornieres\/inox-verlijmd\/#primaryimage","url":"https:\/\/storax.be\/wp-content\/uploads\/sites\/2\/2019\/03\/thumb_270x270_177.jpg","contentUrl":"https:\/\/storax.be\/wp-content\/uploads\/sites\/2\/2019\/03\/thumb_270x270_177.jpg","width":270,"height":270},{"@type":"BreadcrumbList","@id":"https:\/\/storax.be\/fr\/producten\/cornieres\/inox-verlijmd\/#breadcrumb","itemListElement":[{"@type":"ListItem","position":1,"name":"Home","item":"https:\/\/storax.be\/fr\/"},{"@type":"ListItem","position":2,"name":"Producten","item":"https:\/\/storax.be\/fr\/producten\/%product_category%\/"},{"@type":"ListItem","position":3,"name":"Corni\u00e8res","item":"https:\/\/storax.be\/fr\/producten\/cornieres\/"},{"@type":"ListItem","position":4,"name":"Coll\u00e9 INOX","item":"https:\/\/storax.be\/fr\/producten\/verlijmd-inox-fr\/"},{"@type":"ListItem","position":5,"name":"INOX Coll\u00e9"}]},{"@type":"WebSite","@id":"https:\/\/storax.be\/fr\/#website","url":"https:\/\/storax.be\/fr\/","name":"Storax Belgium","description":"Uw betrouwbare partner voor bouwprojecten","potentialAction":[{"@type":"SearchAction","target":{"@type":"EntryPoint","urlTemplate":"https:\/\/storax.be\/fr\/?s={search_term_string}"},"query-input":{"@type":"PropertyValueSpecification","valueRequired":true,"valueName":"search_term_string"}}],"inLanguage":"fr-FR"}]}},"_links":{"self":[{"href":"https:\/\/storax.be\/fr\/wp-json\/wp\/v2\/product\/115167","targetHints":{"allow":["GET"]}}],"collection":[{"href":"https:\/\/storax.be\/fr\/wp-json\/wp\/v2\/product"}],"about":[{"href":"https:\/\/storax.be\/fr\/wp-json\/wp\/v2\/types\/product"}],"wp:featuredmedia":[{"embeddable":true,"href":"https:\/\/storax.be\/fr\/wp-json\/wp\/v2\/media\/106843"}],"wp:attachment":[{"href":"https:\/\/storax.be\/fr\/wp-json\/wp\/v2\/media?parent=115167"}],"wp:term":[{"taxonomy":"product_category","embeddable":true,"href":"https:\/\/storax.be\/fr\/wp-json\/wp\/v2\/product_category?post=115167"},{"taxonomy":"product_tag","embeddable":true,"href":"https:\/\/storax.be\/fr\/wp-json\/wp\/v2\/product_tag?post=115167"}],"curies":[{"name":"wp","href":"https:\/\/api.w.org\/{rel}","templated":true}]}}