{"id":115166,"date":"2022-08-02T13:04:41","date_gmt":"2022-08-02T13:04:41","guid":{"rendered":"https:\/\/storax.be\/?post_type=product&#038;p=115166"},"modified":"2024-05-16T07:39:02","modified_gmt":"2024-05-16T07:39:02","slug":"rail-de-securite","status":"publish","type":"product","link":"https:\/\/storax.be\/fr\/producten\/echelles-escaliers\/rail-de-securite\/","title":{"rendered":"Balustrade de s\u00e9curit\u00e9"},"content":{"rendered":"<p>La balustrade de s\u00e9curit\u00e9 en aluminium \u00e0 3 c\u00f4t\u00e9s est constitu\u00e9 de montants reli\u00e9s entre eux par des barres pour les mains et les genoux \u00e0 l&rsquo;aide de connecteurs. Les tubes en aluminium ont un diam\u00e8tre de 50\u00a0mm.<\/p>\n<p>Les connecteurs sont en fonte d&rsquo;aluminium et sont fix\u00e9s par des vis \u00e0 six pans creuses. Des pieds r\u00e9glables sont fournis s\u00e9par\u00e9ment afin que le rail de s\u00e9curit\u00e9 puisse \u00eatre facilement ajust\u00e9 et fix\u00e9, m\u00eame sur un sol l\u00e9g\u00e8rement irr\u00e9gulier. Ces pieds doivent \u00eatre viss\u00e9s sur des dalles de b\u00e9ton. Les dalles de b\u00e9ton ne sont pas incluses.<\/p>\n<p><strong>Important<\/strong><\/p>\n<p>Mesur\u00e9 \u00e0 partir du haut de la dalle en b\u00e9ton, le rail de s\u00e9curit\u00e9 doit avoir une hauteur minimale de 1\u00a0000\u00a0mm si le risque de chute depuis le bord de la trappe de toit jusqu&rsquo;\u00e0 l&rsquo;\u00e9tage inf\u00e9rieur est inf\u00e9rieur \u00e0 13,5\u00a0m\u00e8tres. Si le risque de chute est sup\u00e9rieur \u00e0 13,5\u00a0m\u00e8tres, le rail de s\u00e9curit\u00e9 doit avoir une hauteur minimale de 1200\u00a0mm.<\/p>\n<p>&nbsp;<\/p>\n<p>&nbsp;<\/p>\n","protected":false},"excerpt":{"rendered":"<p>La balustrade de s\u00e9curit\u00e9 en aluminium \u00e0 3 c\u00f4t\u00e9s est constitu\u00e9 de montants reli\u00e9s entre eux par des barres pour les mains et les genoux \u00e0 l&rsquo;aide de connecteurs. Les tubes en aluminium ont un diam\u00e8tre de 50\u00a0mm. Les connecteurs sont en fonte d&rsquo;aluminium et sont fix\u00e9s par des vis \u00e0 six pans creuses. Des\u2026<\/p>\n","protected":false},"featured_media":106450,"template":"","meta":{"_acf_changed":false},"product_category":[601],"product_tag":[],"class_list":["post-115166","product","type-product","status-publish","has-post-thumbnail","hentry","product_category-echelles-escaliers"],"acf":[],"yoast_head":"<!-- This site is optimized with the Yoast SEO plugin v27.3 - https:\/\/yoast.com\/product\/yoast-seo-wordpress\/ -->\n<title>Balustrade de s\u00e9curit\u00e9 - Storax Belgium<\/title>\n<meta name=\"robots\" content=\"index, follow, max-snippet:-1, max-image-preview:large, max-video-preview:-1\" \/>\n<link rel=\"canonical\" href=\"https:\/\/storax.be\/fr\/producten\/echelles-escaliers\/rail-de-securite\/\" \/>\n<meta property=\"og:locale\" content=\"fr_FR\" \/>\n<meta property=\"og:type\" content=\"article\" \/>\n<meta property=\"og:title\" content=\"Balustrade de s\u00e9curit\u00e9 - Storax Belgium\" \/>\n<meta property=\"og:description\" content=\"La balustrade de s\u00e9curit\u00e9 en aluminium \u00e0 3 c\u00f4t\u00e9s est constitu\u00e9 de montants reli\u00e9s entre eux par des barres pour les mains et les genoux \u00e0 l&rsquo;aide de connecteurs. Les tubes en aluminium ont un diam\u00e8tre de 50\u00a0mm. Les connecteurs sont en fonte d&rsquo;aluminium et sont fix\u00e9s par des vis \u00e0 six pans creuses. Des\u2026\" \/>\n<meta property=\"og:url\" content=\"https:\/\/storax.be\/fr\/producten\/echelles-escaliers\/rail-de-securite\/\" \/>\n<meta property=\"og:site_name\" content=\"Storax Belgium\" \/>\n<meta property=\"article:modified_time\" content=\"2024-05-16T07:39:02+00:00\" \/>\n<meta property=\"og:image\" content=\"https:\/\/storax.be\/wp-content\/uploads\/sites\/2\/2019\/03\/thumb_270x270_448.jpg\" \/>\n\t<meta property=\"og:image:width\" content=\"270\" \/>\n\t<meta property=\"og:image:height\" content=\"270\" \/>\n\t<meta property=\"og:image:type\" content=\"image\/jpeg\" \/>\n<meta name=\"twitter:card\" content=\"summary_large_image\" \/>\n<meta name=\"twitter:label1\" content=\"Dur\u00e9e de lecture estim\u00e9e\" \/>\n\t<meta name=\"twitter:data1\" content=\"1 minute\" \/>\n<script type=\"application\/ld+json\" class=\"yoast-schema-graph\">{\"@context\":\"https:\\\/\\\/schema.org\",\"@graph\":[{\"@type\":\"WebPage\",\"@id\":\"https:\\\/\\\/storax.be\\\/fr\\\/producten\\\/echelles-escaliers\\\/rail-de-securite\\\/\",\"url\":\"https:\\\/\\\/storax.be\\\/fr\\\/producten\\\/echelles-escaliers\\\/rail-de-securite\\\/\",\"name\":\"Balustrade de s\u00e9curit\u00e9 - Storax Belgium\",\"isPartOf\":{\"@id\":\"https:\\\/\\\/storax.be\\\/fr\\\/#website\"},\"primaryImageOfPage\":{\"@id\":\"https:\\\/\\\/storax.be\\\/fr\\\/producten\\\/echelles-escaliers\\\/rail-de-securite\\\/#primaryimage\"},\"image\":{\"@id\":\"https:\\\/\\\/storax.be\\\/fr\\\/producten\\\/echelles-escaliers\\\/rail-de-securite\\\/#primaryimage\"},\"thumbnailUrl\":\"https:\\\/\\\/storax.be\\\/wp-content\\\/uploads\\\/sites\\\/2\\\/2019\\\/03\\\/thumb_270x270_448.jpg\",\"datePublished\":\"2022-08-02T13:04:41+00:00\",\"dateModified\":\"2024-05-16T07:39:02+00:00\",\"breadcrumb\":{\"@id\":\"https:\\\/\\\/storax.be\\\/fr\\\/producten\\\/echelles-escaliers\\\/rail-de-securite\\\/#breadcrumb\"},\"inLanguage\":\"fr-FR\",\"potentialAction\":[{\"@type\":\"ReadAction\",\"target\":[\"https:\\\/\\\/storax.be\\\/fr\\\/producten\\\/echelles-escaliers\\\/rail-de-securite\\\/\"]}]},{\"@type\":\"ImageObject\",\"inLanguage\":\"fr-FR\",\"@id\":\"https:\\\/\\\/storax.be\\\/fr\\\/producten\\\/echelles-escaliers\\\/rail-de-securite\\\/#primaryimage\",\"url\":\"https:\\\/\\\/storax.be\\\/wp-content\\\/uploads\\\/sites\\\/2\\\/2019\\\/03\\\/thumb_270x270_448.jpg\",\"contentUrl\":\"https:\\\/\\\/storax.be\\\/wp-content\\\/uploads\\\/sites\\\/2\\\/2019\\\/03\\\/thumb_270x270_448.jpg\",\"width\":270,\"height\":270},{\"@type\":\"BreadcrumbList\",\"@id\":\"https:\\\/\\\/storax.be\\\/fr\\\/producten\\\/echelles-escaliers\\\/rail-de-securite\\\/#breadcrumb\",\"itemListElement\":[{\"@type\":\"ListItem\",\"position\":1,\"name\":\"Home\",\"item\":\"https:\\\/\\\/storax.be\\\/fr\\\/\"},{\"@type\":\"ListItem\",\"position\":2,\"name\":\"Producten\",\"item\":\"https:\\\/\\\/storax.be\\\/fr\\\/producten\\\/%product_category%\\\/\"},{\"@type\":\"ListItem\",\"position\":3,\"name\":\"\u00c9chelles\\\/escaliers\",\"item\":\"https:\\\/\\\/storax.be\\\/fr\\\/producten\\\/echelles-escaliers\\\/\"},{\"@type\":\"ListItem\",\"position\":4,\"name\":\"Balustrade de s\u00e9curit\u00e9\"}]},{\"@type\":\"WebSite\",\"@id\":\"https:\\\/\\\/storax.be\\\/fr\\\/#website\",\"url\":\"https:\\\/\\\/storax.be\\\/fr\\\/\",\"name\":\"Storax Belgium\",\"description\":\"Uw betrouwbare partner voor bouwprojecten\",\"potentialAction\":[{\"@type\":\"SearchAction\",\"target\":{\"@type\":\"EntryPoint\",\"urlTemplate\":\"https:\\\/\\\/storax.be\\\/fr\\\/?s={search_term_string}\"},\"query-input\":{\"@type\":\"PropertyValueSpecification\",\"valueRequired\":true,\"valueName\":\"search_term_string\"}}],\"inLanguage\":\"fr-FR\"}]}<\/script>\n<!-- \/ Yoast SEO plugin. -->","yoast_head_json":{"title":"Balustrade de s\u00e9curit\u00e9 - Storax Belgium","robots":{"index":"index","follow":"follow","max-snippet":"max-snippet:-1","max-image-preview":"max-image-preview:large","max-video-preview":"max-video-preview:-1"},"canonical":"https:\/\/storax.be\/fr\/producten\/echelles-escaliers\/rail-de-securite\/","og_locale":"fr_FR","og_type":"article","og_title":"Balustrade de s\u00e9curit\u00e9 - Storax Belgium","og_description":"La balustrade de s\u00e9curit\u00e9 en aluminium \u00e0 3 c\u00f4t\u00e9s est constitu\u00e9 de montants reli\u00e9s entre eux par des barres pour les mains et les genoux \u00e0 l&rsquo;aide de connecteurs. Les tubes en aluminium ont un diam\u00e8tre de 50\u00a0mm. Les connecteurs sont en fonte d&rsquo;aluminium et sont fix\u00e9s par des vis \u00e0 six pans creuses. Des\u2026","og_url":"https:\/\/storax.be\/fr\/producten\/echelles-escaliers\/rail-de-securite\/","og_site_name":"Storax Belgium","article_modified_time":"2024-05-16T07:39:02+00:00","og_image":[{"width":270,"height":270,"url":"https:\/\/storax.be\/wp-content\/uploads\/sites\/2\/2019\/03\/thumb_270x270_448.jpg","type":"image\/jpeg"}],"twitter_card":"summary_large_image","twitter_misc":{"Dur\u00e9e de lecture estim\u00e9e":"1 minute"},"schema":{"@context":"https:\/\/schema.org","@graph":[{"@type":"WebPage","@id":"https:\/\/storax.be\/fr\/producten\/echelles-escaliers\/rail-de-securite\/","url":"https:\/\/storax.be\/fr\/producten\/echelles-escaliers\/rail-de-securite\/","name":"Balustrade de s\u00e9curit\u00e9 - Storax Belgium","isPartOf":{"@id":"https:\/\/storax.be\/fr\/#website"},"primaryImageOfPage":{"@id":"https:\/\/storax.be\/fr\/producten\/echelles-escaliers\/rail-de-securite\/#primaryimage"},"image":{"@id":"https:\/\/storax.be\/fr\/producten\/echelles-escaliers\/rail-de-securite\/#primaryimage"},"thumbnailUrl":"https:\/\/storax.be\/wp-content\/uploads\/sites\/2\/2019\/03\/thumb_270x270_448.jpg","datePublished":"2022-08-02T13:04:41+00:00","dateModified":"2024-05-16T07:39:02+00:00","breadcrumb":{"@id":"https:\/\/storax.be\/fr\/producten\/echelles-escaliers\/rail-de-securite\/#breadcrumb"},"inLanguage":"fr-FR","potentialAction":[{"@type":"ReadAction","target":["https:\/\/storax.be\/fr\/producten\/echelles-escaliers\/rail-de-securite\/"]}]},{"@type":"ImageObject","inLanguage":"fr-FR","@id":"https:\/\/storax.be\/fr\/producten\/echelles-escaliers\/rail-de-securite\/#primaryimage","url":"https:\/\/storax.be\/wp-content\/uploads\/sites\/2\/2019\/03\/thumb_270x270_448.jpg","contentUrl":"https:\/\/storax.be\/wp-content\/uploads\/sites\/2\/2019\/03\/thumb_270x270_448.jpg","width":270,"height":270},{"@type":"BreadcrumbList","@id":"https:\/\/storax.be\/fr\/producten\/echelles-escaliers\/rail-de-securite\/#breadcrumb","itemListElement":[{"@type":"ListItem","position":1,"name":"Home","item":"https:\/\/storax.be\/fr\/"},{"@type":"ListItem","position":2,"name":"Producten","item":"https:\/\/storax.be\/fr\/producten\/%product_category%\/"},{"@type":"ListItem","position":3,"name":"\u00c9chelles\/escaliers","item":"https:\/\/storax.be\/fr\/producten\/echelles-escaliers\/"},{"@type":"ListItem","position":4,"name":"Balustrade de s\u00e9curit\u00e9"}]},{"@type":"WebSite","@id":"https:\/\/storax.be\/fr\/#website","url":"https:\/\/storax.be\/fr\/","name":"Storax Belgium","description":"Uw betrouwbare partner voor bouwprojecten","potentialAction":[{"@type":"SearchAction","target":{"@type":"EntryPoint","urlTemplate":"https:\/\/storax.be\/fr\/?s={search_term_string}"},"query-input":{"@type":"PropertyValueSpecification","valueRequired":true,"valueName":"search_term_string"}}],"inLanguage":"fr-FR"}]}},"_links":{"self":[{"href":"https:\/\/storax.be\/fr\/wp-json\/wp\/v2\/product\/115166","targetHints":{"allow":["GET"]}}],"collection":[{"href":"https:\/\/storax.be\/fr\/wp-json\/wp\/v2\/product"}],"about":[{"href":"https:\/\/storax.be\/fr\/wp-json\/wp\/v2\/types\/product"}],"wp:featuredmedia":[{"embeddable":true,"href":"https:\/\/storax.be\/fr\/wp-json\/wp\/v2\/media\/106450"}],"wp:attachment":[{"href":"https:\/\/storax.be\/fr\/wp-json\/wp\/v2\/media?parent=115166"}],"wp:term":[{"taxonomy":"product_category","embeddable":true,"href":"https:\/\/storax.be\/fr\/wp-json\/wp\/v2\/product_category?post=115166"},{"taxonomy":"product_tag","embeddable":true,"href":"https:\/\/storax.be\/fr\/wp-json\/wp\/v2\/product_tag?post=115166"}],"curies":[{"name":"wp","href":"https:\/\/api.w.org\/{rel}","templated":true}]}}