{"id":115163,"date":"2022-08-02T12:59:39","date_gmt":"2022-08-02T12:59:39","guid":{"rendered":"https:\/\/storax.be\/?post_type=product&#038;p=115163"},"modified":"2026-02-05T12:40:59","modified_gmt":"2026-02-05T12:40:59","slug":"nez-de-marche-tredsafe-3","status":"publish","type":"product","link":"https:\/\/storax.be\/fr\/producten\/tredsafe-fr\/nez-de-marche-tredsafe-3\/","title":{"rendered":"Nez de marche Tredsafe"},"content":{"rendered":"<h2><b>Pour escaliers rev\u00eatus de vinyle<\/b><\/h2>\n<p><span style=\"font-weight: 400;\"><strong>Tredsafe<\/strong> a d\u00e9velopp\u00e9 une gamme unique de nez de marche avec une solution s\u00fbre, esth\u00e9tique et abordable pour chaque type d&rsquo;escalier.<\/span><\/p>\n<p><strong>\u00c0 propos de ce produit<\/strong><\/p>\n<ul>\n<li style=\"font-weight: 400;\" aria-level=\"1\"><span style=\"font-weight: 400;\">Nez de marche en aluminium robuste, anodis\u00e9 naturellement et avec des trous frais\u00e9s pour les vis<\/span><\/li>\n<li style=\"font-weight: 400;\" aria-level=\"1\"><span style=\"font-weight: 400;\">Inserts uniques Tredsafe en 4&nbsp;largeurs diff\u00e9rentes (13, 37, 43 et 53&nbsp;mm)<\/span><\/li>\n<li style=\"font-weight: 400;\" aria-level=\"1\"><span style=\"font-weight: 400;\">Plus de 20 couleurs<\/span><\/li>\n<li style=\"font-weight: 400;\" aria-level=\"1\"><span style=\"font-weight: 400;\">Convient \u00e0 un usage int\u00e9rieur et ext\u00e9rieur<\/span><\/li>\n<li style=\"font-weight: 400;\" aria-level=\"1\"><span style=\"font-weight: 400;\">Les inserts avec une structure pyramidale en 3D assurent une haute r\u00e9sistance au glissement sur le sec comme sur le mouill\u00e9<\/span><\/li>\n<li style=\"font-weight: 400;\" aria-level=\"1\"><span style=\"font-weight: 400;\">Les inserts sont ind\u00e9formables et faciles \u00e0 poser gr\u00e2ce \u00e0 leur support autoadh\u00e9sif<\/span><\/li>\n<li style=\"font-weight: 400;\" aria-level=\"1\"><span style=\"font-weight: 400;\">Longueur standard&nbsp;: 2&nbsp;500&nbsp;mm<\/span><\/li>\n<li style=\"font-weight: 400;\" aria-level=\"1\"><span style=\"font-weight: 400;\">Les inserts sont disponibles en longueurs de 2500&nbsp;mm ou en rouleaux de 25&nbsp;m<\/span><\/li>\n<li style=\"font-weight: 400;\" aria-level=\"1\"><span style=\"font-weight: 400;\">Les inserts peuvent \u00e9galement \u00eatre utilis\u00e9s s\u00e9par\u00e9ment sans nez de marche<\/span><\/li>\n<li style=\"font-weight: 400;\" aria-level=\"1\"><span style=\"font-weight: 400;\">Pour une issue de secours s\u00fbre dans l&rsquo;obscurit\u00e9, Tredsafe est \u00e9galement disponible en fluorescent dans les qualit\u00e9s \u00ab&nbsp;nightglow&nbsp;\u00bb et \u00ab&nbsp;super nightglow&nbsp;\u00bb<\/span><\/li>\n<li style=\"font-weight: 400;\" aria-level=\"1\"><span style=\"font-weight: 400;\">R\u00e9pond \u00e0 la classe antid\u00e9rapante R10.V6 selon la norme DIN 51130<\/span><\/li>\n<li style=\"font-weight: 400;\" aria-level=\"1\"><span style=\"font-weight: 400;\">Tout indiqu\u00e9 pour rendre les marches plus visibles en utilisant des couleurs contrast\u00e9es ou pour accentuer la premi\u00e8re et la derni\u00e8re marche<\/span><\/li>\n<\/ul>\n","protected":false},"excerpt":{"rendered":"<p>Pour escaliers rev\u00eatus de vinyle Tredsafe a d\u00e9velopp\u00e9 une gamme unique de nez de marche avec une solution s\u00fbre, esth\u00e9tique et abordable pour chaque type d&rsquo;escalier. \u00c0 propos de ce produit Nez de marche en aluminium robuste, anodis\u00e9 naturellement et avec des trous frais\u00e9s pour les vis Inserts uniques Tredsafe en 4&nbsp;largeurs diff\u00e9rentes (13, 37,\u2026<\/p>\n","protected":false},"featured_media":106779,"template":"","meta":{"_acf_changed":true},"product_category":[634,635],"product_tag":[440,451,453,475,482,484,532,563],"class_list":["post-115163","product","type-product","status-publish","has-post-thumbnail","hentry","product_category-nez-de-marche","product_category-tredsafe-fr","product_tag-2-mm-fr","product_tag-3-mm-fr","product_tag-3-5-mm-fr","product_tag-aanlooprand-fr","product_tag-aluminium-trapneus-fr","product_tag-antislipinlage-los-op-rol-fr","product_tag-normaal-verkeer-fr","product_tag-vinyl-marmoleum-pvc-linoleum-fr"],"acf":[],"yoast_head":"<!-- This site is optimized with the Yoast SEO plugin v27.3 - https:\/\/yoast.com\/product\/yoast-seo-wordpress\/ -->\n<title>Nez de marche Tredsafe - Storax Belgium<\/title>\n<meta name=\"robots\" content=\"index, follow, max-snippet:-1, max-image-preview:large, max-video-preview:-1\" \/>\n<link rel=\"canonical\" href=\"https:\/\/storax.be\/fr\/producten\/tredsafe-fr\/nez-de-marche-tredsafe-3\/\" \/>\n<meta property=\"og:locale\" content=\"fr_FR\" \/>\n<meta property=\"og:type\" content=\"article\" \/>\n<meta property=\"og:title\" content=\"Nez de marche Tredsafe - Storax Belgium\" \/>\n<meta property=\"og:description\" content=\"Pour escaliers rev\u00eatus de vinyle Tredsafe a d\u00e9velopp\u00e9 une gamme unique de nez de marche avec une solution s\u00fbre, esth\u00e9tique et abordable pour chaque type d&rsquo;escalier. \u00c0 propos de ce produit Nez de marche en aluminium robuste, anodis\u00e9 naturellement et avec des trous frais\u00e9s pour les vis Inserts uniques Tredsafe en 4&nbsp;largeurs diff\u00e9rentes (13, 37,\u2026\" \/>\n<meta property=\"og:url\" content=\"https:\/\/storax.be\/fr\/producten\/tredsafe-fr\/nez-de-marche-tredsafe-3\/\" \/>\n<meta property=\"og:site_name\" content=\"Storax Belgium\" \/>\n<meta property=\"article:modified_time\" content=\"2026-02-05T12:40:59+00:00\" \/>\n<meta property=\"og:image\" content=\"https:\/\/storax.be\/wp-content\/uploads\/sites\/2\/2019\/03\/thumb_270x270_348.jpg\" \/>\n\t<meta property=\"og:image:width\" content=\"270\" \/>\n\t<meta property=\"og:image:height\" content=\"270\" \/>\n\t<meta property=\"og:image:type\" content=\"image\/jpeg\" \/>\n<meta name=\"twitter:card\" content=\"summary_large_image\" \/>\n<meta name=\"twitter:label1\" content=\"Dur\u00e9e de lecture estim\u00e9e\" \/>\n\t<meta name=\"twitter:data1\" content=\"2 minutes\" \/>\n<script type=\"application\/ld+json\" class=\"yoast-schema-graph\">{\"@context\":\"https:\\\/\\\/schema.org\",\"@graph\":[{\"@type\":\"WebPage\",\"@id\":\"https:\\\/\\\/storax.be\\\/fr\\\/producten\\\/tredsafe-fr\\\/nez-de-marche-tredsafe-3\\\/\",\"url\":\"https:\\\/\\\/storax.be\\\/fr\\\/producten\\\/tredsafe-fr\\\/nez-de-marche-tredsafe-3\\\/\",\"name\":\"Nez de marche Tredsafe - Storax Belgium\",\"isPartOf\":{\"@id\":\"https:\\\/\\\/storax.be\\\/fr\\\/#website\"},\"primaryImageOfPage\":{\"@id\":\"https:\\\/\\\/storax.be\\\/fr\\\/producten\\\/tredsafe-fr\\\/nez-de-marche-tredsafe-3\\\/#primaryimage\"},\"image\":{\"@id\":\"https:\\\/\\\/storax.be\\\/fr\\\/producten\\\/tredsafe-fr\\\/nez-de-marche-tredsafe-3\\\/#primaryimage\"},\"thumbnailUrl\":\"https:\\\/\\\/storax.be\\\/wp-content\\\/uploads\\\/sites\\\/2\\\/2019\\\/03\\\/thumb_270x270_348.jpg\",\"datePublished\":\"2022-08-02T12:59:39+00:00\",\"dateModified\":\"2026-02-05T12:40:59+00:00\",\"breadcrumb\":{\"@id\":\"https:\\\/\\\/storax.be\\\/fr\\\/producten\\\/tredsafe-fr\\\/nez-de-marche-tredsafe-3\\\/#breadcrumb\"},\"inLanguage\":\"fr-FR\",\"potentialAction\":[{\"@type\":\"ReadAction\",\"target\":[\"https:\\\/\\\/storax.be\\\/fr\\\/producten\\\/tredsafe-fr\\\/nez-de-marche-tredsafe-3\\\/\"]}]},{\"@type\":\"ImageObject\",\"inLanguage\":\"fr-FR\",\"@id\":\"https:\\\/\\\/storax.be\\\/fr\\\/producten\\\/tredsafe-fr\\\/nez-de-marche-tredsafe-3\\\/#primaryimage\",\"url\":\"https:\\\/\\\/storax.be\\\/wp-content\\\/uploads\\\/sites\\\/2\\\/2019\\\/03\\\/thumb_270x270_348.jpg\",\"contentUrl\":\"https:\\\/\\\/storax.be\\\/wp-content\\\/uploads\\\/sites\\\/2\\\/2019\\\/03\\\/thumb_270x270_348.jpg\",\"width\":270,\"height\":270},{\"@type\":\"BreadcrumbList\",\"@id\":\"https:\\\/\\\/storax.be\\\/fr\\\/producten\\\/tredsafe-fr\\\/nez-de-marche-tredsafe-3\\\/#breadcrumb\",\"itemListElement\":[{\"@type\":\"ListItem\",\"position\":1,\"name\":\"Home\",\"item\":\"https:\\\/\\\/storax.be\\\/fr\\\/\"},{\"@type\":\"ListItem\",\"position\":2,\"name\":\"Producten\",\"item\":\"https:\\\/\\\/storax.be\\\/fr\\\/producten\\\/%product_category%\\\/\"},{\"@type\":\"ListItem\",\"position\":3,\"name\":\"Nez de marche\",\"item\":\"https:\\\/\\\/storax.be\\\/fr\\\/producten\\\/nez-de-marche\\\/\"},{\"@type\":\"ListItem\",\"position\":4,\"name\":\"Nez de marche Tredsafe\"}]},{\"@type\":\"WebSite\",\"@id\":\"https:\\\/\\\/storax.be\\\/fr\\\/#website\",\"url\":\"https:\\\/\\\/storax.be\\\/fr\\\/\",\"name\":\"Storax Belgium\",\"description\":\"Uw betrouwbare partner voor bouwprojecten\",\"potentialAction\":[{\"@type\":\"SearchAction\",\"target\":{\"@type\":\"EntryPoint\",\"urlTemplate\":\"https:\\\/\\\/storax.be\\\/fr\\\/?s={search_term_string}\"},\"query-input\":{\"@type\":\"PropertyValueSpecification\",\"valueRequired\":true,\"valueName\":\"search_term_string\"}}],\"inLanguage\":\"fr-FR\"}]}<\/script>\n<!-- \/ Yoast SEO plugin. -->","yoast_head_json":{"title":"Nez de marche Tredsafe - Storax Belgium","robots":{"index":"index","follow":"follow","max-snippet":"max-snippet:-1","max-image-preview":"max-image-preview:large","max-video-preview":"max-video-preview:-1"},"canonical":"https:\/\/storax.be\/fr\/producten\/tredsafe-fr\/nez-de-marche-tredsafe-3\/","og_locale":"fr_FR","og_type":"article","og_title":"Nez de marche Tredsafe - Storax Belgium","og_description":"Pour escaliers rev\u00eatus de vinyle Tredsafe a d\u00e9velopp\u00e9 une gamme unique de nez de marche avec une solution s\u00fbre, esth\u00e9tique et abordable pour chaque type d&rsquo;escalier. \u00c0 propos de ce produit Nez de marche en aluminium robuste, anodis\u00e9 naturellement et avec des trous frais\u00e9s pour les vis Inserts uniques Tredsafe en 4&nbsp;largeurs diff\u00e9rentes (13, 37,\u2026","og_url":"https:\/\/storax.be\/fr\/producten\/tredsafe-fr\/nez-de-marche-tredsafe-3\/","og_site_name":"Storax Belgium","article_modified_time":"2026-02-05T12:40:59+00:00","og_image":[{"width":270,"height":270,"url":"https:\/\/storax.be\/wp-content\/uploads\/sites\/2\/2019\/03\/thumb_270x270_348.jpg","type":"image\/jpeg"}],"twitter_card":"summary_large_image","twitter_misc":{"Dur\u00e9e de lecture estim\u00e9e":"2 minutes"},"schema":{"@context":"https:\/\/schema.org","@graph":[{"@type":"WebPage","@id":"https:\/\/storax.be\/fr\/producten\/tredsafe-fr\/nez-de-marche-tredsafe-3\/","url":"https:\/\/storax.be\/fr\/producten\/tredsafe-fr\/nez-de-marche-tredsafe-3\/","name":"Nez de marche Tredsafe - Storax Belgium","isPartOf":{"@id":"https:\/\/storax.be\/fr\/#website"},"primaryImageOfPage":{"@id":"https:\/\/storax.be\/fr\/producten\/tredsafe-fr\/nez-de-marche-tredsafe-3\/#primaryimage"},"image":{"@id":"https:\/\/storax.be\/fr\/producten\/tredsafe-fr\/nez-de-marche-tredsafe-3\/#primaryimage"},"thumbnailUrl":"https:\/\/storax.be\/wp-content\/uploads\/sites\/2\/2019\/03\/thumb_270x270_348.jpg","datePublished":"2022-08-02T12:59:39+00:00","dateModified":"2026-02-05T12:40:59+00:00","breadcrumb":{"@id":"https:\/\/storax.be\/fr\/producten\/tredsafe-fr\/nez-de-marche-tredsafe-3\/#breadcrumb"},"inLanguage":"fr-FR","potentialAction":[{"@type":"ReadAction","target":["https:\/\/storax.be\/fr\/producten\/tredsafe-fr\/nez-de-marche-tredsafe-3\/"]}]},{"@type":"ImageObject","inLanguage":"fr-FR","@id":"https:\/\/storax.be\/fr\/producten\/tredsafe-fr\/nez-de-marche-tredsafe-3\/#primaryimage","url":"https:\/\/storax.be\/wp-content\/uploads\/sites\/2\/2019\/03\/thumb_270x270_348.jpg","contentUrl":"https:\/\/storax.be\/wp-content\/uploads\/sites\/2\/2019\/03\/thumb_270x270_348.jpg","width":270,"height":270},{"@type":"BreadcrumbList","@id":"https:\/\/storax.be\/fr\/producten\/tredsafe-fr\/nez-de-marche-tredsafe-3\/#breadcrumb","itemListElement":[{"@type":"ListItem","position":1,"name":"Home","item":"https:\/\/storax.be\/fr\/"},{"@type":"ListItem","position":2,"name":"Producten","item":"https:\/\/storax.be\/fr\/producten\/%product_category%\/"},{"@type":"ListItem","position":3,"name":"Nez de marche","item":"https:\/\/storax.be\/fr\/producten\/nez-de-marche\/"},{"@type":"ListItem","position":4,"name":"Nez de marche Tredsafe"}]},{"@type":"WebSite","@id":"https:\/\/storax.be\/fr\/#website","url":"https:\/\/storax.be\/fr\/","name":"Storax Belgium","description":"Uw betrouwbare partner voor bouwprojecten","potentialAction":[{"@type":"SearchAction","target":{"@type":"EntryPoint","urlTemplate":"https:\/\/storax.be\/fr\/?s={search_term_string}"},"query-input":{"@type":"PropertyValueSpecification","valueRequired":true,"valueName":"search_term_string"}}],"inLanguage":"fr-FR"}]}},"_links":{"self":[{"href":"https:\/\/storax.be\/fr\/wp-json\/wp\/v2\/product\/115163","targetHints":{"allow":["GET"]}}],"collection":[{"href":"https:\/\/storax.be\/fr\/wp-json\/wp\/v2\/product"}],"about":[{"href":"https:\/\/storax.be\/fr\/wp-json\/wp\/v2\/types\/product"}],"wp:featuredmedia":[{"embeddable":true,"href":"https:\/\/storax.be\/fr\/wp-json\/wp\/v2\/media\/106779"}],"wp:attachment":[{"href":"https:\/\/storax.be\/fr\/wp-json\/wp\/v2\/media?parent=115163"}],"wp:term":[{"taxonomy":"product_category","embeddable":true,"href":"https:\/\/storax.be\/fr\/wp-json\/wp\/v2\/product_category?post=115163"},{"taxonomy":"product_tag","embeddable":true,"href":"https:\/\/storax.be\/fr\/wp-json\/wp\/v2\/product_tag?post=115163"}],"curies":[{"name":"wp","href":"https:\/\/api.w.org\/{rel}","templated":true}]}}