{"id":115159,"date":"2022-08-02T12:55:35","date_gmt":"2022-08-02T12:55:35","guid":{"rendered":"https:\/\/storax.be\/?post_type=product&#038;p=115159"},"modified":"2024-05-16T07:39:01","modified_gmt":"2024-05-16T07:39:01","slug":"profiles-dapproche-un-profile-dapproche-adapte-a-chaque-situation","status":"publish","type":"product","link":"https:\/\/storax.be\/fr\/producten\/profiles-de-sol\/profiles-dapproche-un-profile-dapproche-adapte-a-chaque-situation\/","title":{"rendered":"Profil\u00e9s d&rsquo;approche Un profil\u00e9 d&rsquo;approche adapt\u00e9 \u00e0 chaque situation"},"content":{"rendered":"<h2 style=\"font-size: 1.5em; line-height: 32px; font-weight: 600; margin-top: 10px;\"><b>Un profil\u00e9 d&rsquo;approche adapt\u00e9 \u00e0 chaque situation<\/b><\/h2>\n<p><span style=\"font-weight: 400;\">Storax propose un programme de profil\u00e9s d&rsquo;approche Dinac et Prinz adapt\u00e9s \u00e9quipements roulants. Les profil\u00e9s sont pr\u00e9-perc\u00e9s et sont pos\u00e9s sous ou contre le rev\u00eatement de sol.<\/span><\/p>\n<p><span style=\"font-weight: 400;\">Pour de plus amples informations sur les profil\u00e9s d&rsquo;approche et d&rsquo;extr\u00e9mit\u00e9, t\u00e9l\u00e9chargez la liste de prix Prinz ou contactez notre responsable produit.<\/span><\/p>\n<p><strong>Longueur standard<\/strong><\/p>\n<ul>\n<li style=\"font-weight: 400;\" aria-level=\"1\"><span style=\"font-weight: 400;\">Dinac\u00a0: 3\u00a0000\u00a0mm<\/span><\/li>\n<li style=\"font-weight: 400;\" aria-level=\"1\"><span style=\"font-weight: 400;\">Longueur standard Prinz\u00a0: 2\u00a0700\u00a0mm<\/span><\/li>\n<\/ul>\n<p><b style=\"font-size: 20px; font-weight: 600; padding-bottom: 30px;\">Les profil\u00e9s les plus courants sont disponibles en stock<\/b><\/p>\n<p>&nbsp;<\/p>\n<table style=\"border-color: #000000; width: 100%; table-layout: fixed;\" cellspacing=\"0\">\n<tbody>\n<tr>\n<td style=\"width: 45%; border: thin solid #d2dee8;\"><img decoding=\"async\" src=\"\/images\/Vloerprofielen\/aanloop\/dinac%202064%2000.jpg\" \/><\/td>\n<td style=\"width: 5%; border-color: #d2dee8;\"><\/td>\n<td style=\"width: 45%; border: thin solid #d2dee8;\"><img decoding=\"async\" src=\"\/images\/Vloerprofielen\/aanloop\/dinac%202058.14.jpg\" \/><\/td>\n<\/tr>\n<tr>\n<td style=\"font-size: 14px; background-color: #edf1f3; height: 40px; width: 45%; border-right: thin solid #d2dee8; border-bottom: thin solid #d2dee8; border-left: thin solid #d2dee8; text-align: center; vertical-align: middle;\"><b>Dinac 2064.00<\/b><\/td>\n<td style=\"width: 5%;\"><\/td>\n<td style=\"font-size: 14px; background-color: #edf1f3; height: 40px; width: 45%; border-right: thin solid #d2dee8; border-bottom: thin solid #d2dee8; border-left: thin solid #d2dee8; text-align: center; vertical-align: middle;\"><b>Dinac 2058.14<\/b><\/td>\n<\/tr>\n<\/tbody>\n<\/table>\n<p>&nbsp;<\/p>\n<table style=\"border-color: #000000; width: 100%; table-layout: fixed;\" cellspacing=\"0\">\n<tbody>\n<tr>\n<td style=\"width: 45%; border: thin solid #d2dee8;\"><img decoding=\"async\" src=\"\/images\/Vloerprofielen\/aanloop\/dinac%202064.14.jpg\" \/><\/td>\n<td style=\"width: 5%; border-color: #d2dee8;\"><\/td>\n<td style=\"width: 45%; border: thin solid #d2dee8;\"><img decoding=\"async\" src=\"\/images\/Vloerprofielen\/aanloop\/dinac%202062.10.jpg\" \/><\/td>\n<\/tr>\n<tr>\n<td style=\"font-size: 14px; background-color: #edf1f3; height: 40px; width: 45%; border-right: thin solid #d2dee8; border-bottom: thin solid #d2dee8; border-left: thin solid #d2dee8; text-align: center; vertical-align: middle;\"><b>Dinac 2064.14<\/b><\/td>\n<td style=\"width: 5%;\"><\/td>\n<td style=\"font-size: 14px; background-color: #edf1f3; height: 40px; width: 45%; border-right: thin solid #d2dee8; border-bottom: thin solid #d2dee8; border-left: thin solid #d2dee8; text-align: center; vertical-align: middle;\"><b>Dinac 2062.10<\/b><\/td>\n<\/tr>\n<\/tbody>\n<\/table>\n<p>&nbsp;<\/p>\n<table style=\"border-color: #000000; width: 100%; table-layout: fixed;\" cellspacing=\"0\">\n<tbody>\n<tr>\n<td style=\"width: 45%; border: thin solid #d2dee8;\"><img decoding=\"async\" src=\"\/images\/Vloerprofielen\/aanloop\/dinac%202074.34.jpg\" \/><\/td>\n<td style=\"width: 5%; border-color: #d2dee8;\"><\/td>\n<td style=\"width: 45%; border: thin solid #d2dee8;\"><img decoding=\"async\" src=\"\/images\/Vloerprofielen\/aanloop\/dinac%202074.24.jpg\" \/><\/td>\n<\/tr>\n<tr>\n<td style=\"font-size: 14px; background-color: #edf1f3; height: 40px; width: 45%; border-right: thin solid #d2dee8; border-bottom: thin solid #d2dee8; border-left: thin solid #d2dee8; text-align: center; vertical-align: middle;\"><b>Dinac 2074.34<\/b><\/td>\n<td style=\"width: 5%;\"><\/td>\n<td style=\"font-size: 14px; background-color: #edf1f3; height: 40px; width: 45%; border-right: thin solid #d2dee8; border-bottom: thin solid #d2dee8; border-left: thin solid #d2dee8; text-align: center; vertical-align: middle;\"><b>Dinac 2074.24<\/b><\/td>\n<\/tr>\n<\/tbody>\n<\/table>\n<p>&nbsp;<\/p>\n<table style=\"border-color: #000000; width: 100%; table-layout: fixed;\" cellspacing=\"0\">\n<tbody>\n<tr>\n<td style=\"width: 45%; border: thin solid #d2dee8;\"><img decoding=\"async\" src=\"\/images\/Vloerprofielen\/aanloop\/dinac%202074.54.jpg\" \/><\/td>\n<td style=\"width: 5%; border-color: #d2dee8;\"><\/td>\n<td style=\"width: 45%; border: thin solid #d2dee8;\"><img decoding=\"async\" src=\"\/images\/Vloerprofielen\/aanloop\/dinac%202074.84.jpg\" \/><\/td>\n<\/tr>\n<tr>\n<td style=\"font-size: 14px; background-color: #edf1f3; height: 40px; width: 45%; border-right: thin solid #d2dee8; border-bottom: thin solid #d2dee8; border-left: thin solid #d2dee8; text-align: center; vertical-align: middle;\"><b>Dinac 2074.54<\/b><\/td>\n<td style=\"width: 5%;\"><\/td>\n<td style=\"font-size: 14px; background-color: #edf1f3; height: 40px; width: 45%; border-right: thin solid #d2dee8; border-bottom: thin solid #d2dee8; border-left: thin solid #d2dee8; text-align: center; vertical-align: middle;\"><b>Dinac 2074.64<\/b><\/td>\n<\/tr>\n<\/tbody>\n<\/table>\n<p>&nbsp;<\/p>\n<table style=\"border-color: #000000; width: 100%; table-layout: fixed;\" cellspacing=\"0\">\n<tbody>\n<tr>\n<td style=\"width: 45%; border: thin solid #d2dee8;\"><img decoding=\"async\" src=\"\/images\/Vloerprofielen\/aanloop\/dinac%202074.64.jpg\" \/><\/td>\n<td style=\"width: 5%; border-color: #d2dee8;\"><\/td>\n<td style=\"width: 45%;\"><\/td>\n<\/tr>\n<tr>\n<td style=\"font-size: 14px; background-color: #edf1f3; height: 40px; width: 45%; border-right: thin solid #d2dee8; border-bottom: thin solid #d2dee8; border-left: thin solid #d2dee8; text-align: center; vertical-align: middle;\"><b>Dinac 2074.84<\/b><\/td>\n<td style=\"width: 5%;\"><\/td>\n<td style=\"width: 45%; text-align: center; vertical-align: middle;\"><\/td>\n<\/tr>\n<\/tbody>\n<\/table>\n<p>&nbsp;<\/p>\n<table style=\"border-color: #000000; width: 100%; table-layout: fixed;\" cellspacing=\"0\">\n<tbody>\n<tr>\n<td style=\"width: 45%; border: thin solid #d2dee8;\"><img decoding=\"async\" src=\"\/images\/Vloerprofielen\/aanloop\/1.jpg\" \/><\/td>\n<td style=\"width: 5%; border-color: #d2dee8;\"><\/td>\n<td style=\"width: 45%; border: thin solid #d2dee8;\"><img decoding=\"async\" src=\"\/images\/Vloerprofielen\/aanloop\/2.jpg\" \/><\/td>\n<\/tr>\n<tr>\n<td style=\"font-size: 14px; background-color: #edf1f3; height: 40px; width: 45%; border-right: thin solid #d2dee8; border-bottom: thin solid #d2dee8; border-left: thin solid #d2dee8; text-align: center; vertical-align: middle;\"><b>Prinz 258.23.11.270<\/b><\/td>\n<td style=\"width: 5%;\"><\/td>\n<td style=\"font-size: 14px; background-color: #edf1f3; height: 40px; width: 45%; border-right: thin solid #d2dee8; border-bottom: thin solid #d2dee8; border-left: thin solid #d2dee8; text-align: center; vertical-align: middle;\"><b>Prinz 259.23.11.270<\/b><\/td>\n<\/tr>\n<\/tbody>\n<\/table>\n","protected":false},"excerpt":{"rendered":"<p>Un profil\u00e9 d&rsquo;approche adapt\u00e9 \u00e0 chaque situation Storax propose un programme de profil\u00e9s d&rsquo;approche Dinac et Prinz adapt\u00e9s \u00e9quipements roulants. Les profil\u00e9s sont pr\u00e9-perc\u00e9s et sont pos\u00e9s sous ou contre le rev\u00eatement de sol. Pour de plus amples informations sur les profil\u00e9s d&rsquo;approche et d&rsquo;extr\u00e9mit\u00e9, t\u00e9l\u00e9chargez la liste de prix Prinz ou contactez notre responsable\u2026<\/p>\n","protected":false},"featured_media":106343,"template":"","meta":{"_acf_changed":false},"product_category":[647],"product_tag":[],"class_list":["post-115159","product","type-product","status-publish","has-post-thumbnail","hentry","product_category-profiles-de-sol"],"acf":[],"yoast_head":"<!-- This site is optimized with the Yoast SEO plugin v27.3 - https:\/\/yoast.com\/product\/yoast-seo-wordpress\/ -->\n<title>Profil\u00e9s d&#039;approche Un profil\u00e9 d&#039;approche adapt\u00e9 \u00e0 chaque situation - Storax Belgium<\/title>\n<meta name=\"robots\" content=\"index, follow, max-snippet:-1, max-image-preview:large, max-video-preview:-1\" \/>\n<link rel=\"canonical\" href=\"https:\/\/storax.be\/fr\/producten\/profiles-de-sol\/profiles-dapproche-un-profile-dapproche-adapte-a-chaque-situation\/\" \/>\n<meta property=\"og:locale\" content=\"fr_FR\" \/>\n<meta property=\"og:type\" content=\"article\" \/>\n<meta property=\"og:title\" content=\"Profil\u00e9s d&#039;approche Un profil\u00e9 d&#039;approche adapt\u00e9 \u00e0 chaque situation - Storax Belgium\" \/>\n<meta property=\"og:description\" content=\"Un profil\u00e9 d&rsquo;approche adapt\u00e9 \u00e0 chaque situation Storax propose un programme de profil\u00e9s d&rsquo;approche Dinac et Prinz adapt\u00e9s \u00e9quipements roulants. Les profil\u00e9s sont pr\u00e9-perc\u00e9s et sont pos\u00e9s sous ou contre le rev\u00eatement de sol. Pour de plus amples informations sur les profil\u00e9s d&rsquo;approche et d&rsquo;extr\u00e9mit\u00e9, t\u00e9l\u00e9chargez la liste de prix Prinz ou contactez notre responsable\u2026\" \/>\n<meta property=\"og:url\" content=\"https:\/\/storax.be\/fr\/producten\/profiles-de-sol\/profiles-dapproche-un-profile-dapproche-adapte-a-chaque-situation\/\" \/>\n<meta property=\"og:site_name\" content=\"Storax Belgium\" \/>\n<meta property=\"article:modified_time\" content=\"2024-05-16T07:39:01+00:00\" \/>\n<meta property=\"og:image\" content=\"https:\/\/storax.be\/wp-content\/uploads\/sites\/2\/2019\/03\/thumb_270x270_494.jpg\" \/>\n\t<meta property=\"og:image:width\" content=\"270\" \/>\n\t<meta property=\"og:image:height\" content=\"270\" \/>\n\t<meta property=\"og:image:type\" content=\"image\/jpeg\" \/>\n<meta name=\"twitter:card\" content=\"summary_large_image\" \/>\n<meta name=\"twitter:label1\" content=\"Dur\u00e9e de lecture estim\u00e9e\" \/>\n\t<meta name=\"twitter:data1\" content=\"1 minute\" \/>\n<script type=\"application\/ld+json\" class=\"yoast-schema-graph\">{\"@context\":\"https:\\\/\\\/schema.org\",\"@graph\":[{\"@type\":\"WebPage\",\"@id\":\"https:\\\/\\\/storax.be\\\/fr\\\/producten\\\/profiles-de-sol\\\/profiles-dapproche-un-profile-dapproche-adapte-a-chaque-situation\\\/\",\"url\":\"https:\\\/\\\/storax.be\\\/fr\\\/producten\\\/profiles-de-sol\\\/profiles-dapproche-un-profile-dapproche-adapte-a-chaque-situation\\\/\",\"name\":\"Profil\u00e9s d'approche Un profil\u00e9 d'approche adapt\u00e9 \u00e0 chaque situation - Storax Belgium\",\"isPartOf\":{\"@id\":\"https:\\\/\\\/storax.be\\\/fr\\\/#website\"},\"primaryImageOfPage\":{\"@id\":\"https:\\\/\\\/storax.be\\\/fr\\\/producten\\\/profiles-de-sol\\\/profiles-dapproche-un-profile-dapproche-adapte-a-chaque-situation\\\/#primaryimage\"},\"image\":{\"@id\":\"https:\\\/\\\/storax.be\\\/fr\\\/producten\\\/profiles-de-sol\\\/profiles-dapproche-un-profile-dapproche-adapte-a-chaque-situation\\\/#primaryimage\"},\"thumbnailUrl\":\"https:\\\/\\\/storax.be\\\/wp-content\\\/uploads\\\/sites\\\/2\\\/2019\\\/03\\\/thumb_270x270_494.jpg\",\"datePublished\":\"2022-08-02T12:55:35+00:00\",\"dateModified\":\"2024-05-16T07:39:01+00:00\",\"breadcrumb\":{\"@id\":\"https:\\\/\\\/storax.be\\\/fr\\\/producten\\\/profiles-de-sol\\\/profiles-dapproche-un-profile-dapproche-adapte-a-chaque-situation\\\/#breadcrumb\"},\"inLanguage\":\"fr-FR\",\"potentialAction\":[{\"@type\":\"ReadAction\",\"target\":[\"https:\\\/\\\/storax.be\\\/fr\\\/producten\\\/profiles-de-sol\\\/profiles-dapproche-un-profile-dapproche-adapte-a-chaque-situation\\\/\"]}]},{\"@type\":\"ImageObject\",\"inLanguage\":\"fr-FR\",\"@id\":\"https:\\\/\\\/storax.be\\\/fr\\\/producten\\\/profiles-de-sol\\\/profiles-dapproche-un-profile-dapproche-adapte-a-chaque-situation\\\/#primaryimage\",\"url\":\"https:\\\/\\\/storax.be\\\/wp-content\\\/uploads\\\/sites\\\/2\\\/2019\\\/03\\\/thumb_270x270_494.jpg\",\"contentUrl\":\"https:\\\/\\\/storax.be\\\/wp-content\\\/uploads\\\/sites\\\/2\\\/2019\\\/03\\\/thumb_270x270_494.jpg\",\"width\":270,\"height\":270},{\"@type\":\"BreadcrumbList\",\"@id\":\"https:\\\/\\\/storax.be\\\/fr\\\/producten\\\/profiles-de-sol\\\/profiles-dapproche-un-profile-dapproche-adapte-a-chaque-situation\\\/#breadcrumb\",\"itemListElement\":[{\"@type\":\"ListItem\",\"position\":1,\"name\":\"Home\",\"item\":\"https:\\\/\\\/storax.be\\\/fr\\\/\"},{\"@type\":\"ListItem\",\"position\":2,\"name\":\"Producten\",\"item\":\"https:\\\/\\\/storax.be\\\/fr\\\/producten\\\/%product_category%\\\/\"},{\"@type\":\"ListItem\",\"position\":3,\"name\":\"Profil\u00e9s de sol\",\"item\":\"https:\\\/\\\/storax.be\\\/fr\\\/producten\\\/profiles-de-sol\\\/\"},{\"@type\":\"ListItem\",\"position\":4,\"name\":\"Profil\u00e9s d&#8217;approche Un profil\u00e9 d&#8217;approche adapt\u00e9 \u00e0 chaque situation\"}]},{\"@type\":\"WebSite\",\"@id\":\"https:\\\/\\\/storax.be\\\/fr\\\/#website\",\"url\":\"https:\\\/\\\/storax.be\\\/fr\\\/\",\"name\":\"Storax Belgium\",\"description\":\"Uw betrouwbare partner voor bouwprojecten\",\"potentialAction\":[{\"@type\":\"SearchAction\",\"target\":{\"@type\":\"EntryPoint\",\"urlTemplate\":\"https:\\\/\\\/storax.be\\\/fr\\\/?s={search_term_string}\"},\"query-input\":{\"@type\":\"PropertyValueSpecification\",\"valueRequired\":true,\"valueName\":\"search_term_string\"}}],\"inLanguage\":\"fr-FR\"}]}<\/script>\n<!-- \/ Yoast SEO plugin. -->","yoast_head_json":{"title":"Profil\u00e9s d'approche Un profil\u00e9 d'approche adapt\u00e9 \u00e0 chaque situation - Storax Belgium","robots":{"index":"index","follow":"follow","max-snippet":"max-snippet:-1","max-image-preview":"max-image-preview:large","max-video-preview":"max-video-preview:-1"},"canonical":"https:\/\/storax.be\/fr\/producten\/profiles-de-sol\/profiles-dapproche-un-profile-dapproche-adapte-a-chaque-situation\/","og_locale":"fr_FR","og_type":"article","og_title":"Profil\u00e9s d'approche Un profil\u00e9 d'approche adapt\u00e9 \u00e0 chaque situation - Storax Belgium","og_description":"Un profil\u00e9 d&rsquo;approche adapt\u00e9 \u00e0 chaque situation Storax propose un programme de profil\u00e9s d&rsquo;approche Dinac et Prinz adapt\u00e9s \u00e9quipements roulants. Les profil\u00e9s sont pr\u00e9-perc\u00e9s et sont pos\u00e9s sous ou contre le rev\u00eatement de sol. Pour de plus amples informations sur les profil\u00e9s d&rsquo;approche et d&rsquo;extr\u00e9mit\u00e9, t\u00e9l\u00e9chargez la liste de prix Prinz ou contactez notre responsable\u2026","og_url":"https:\/\/storax.be\/fr\/producten\/profiles-de-sol\/profiles-dapproche-un-profile-dapproche-adapte-a-chaque-situation\/","og_site_name":"Storax Belgium","article_modified_time":"2024-05-16T07:39:01+00:00","og_image":[{"width":270,"height":270,"url":"https:\/\/storax.be\/wp-content\/uploads\/sites\/2\/2019\/03\/thumb_270x270_494.jpg","type":"image\/jpeg"}],"twitter_card":"summary_large_image","twitter_misc":{"Dur\u00e9e de lecture estim\u00e9e":"1 minute"},"schema":{"@context":"https:\/\/schema.org","@graph":[{"@type":"WebPage","@id":"https:\/\/storax.be\/fr\/producten\/profiles-de-sol\/profiles-dapproche-un-profile-dapproche-adapte-a-chaque-situation\/","url":"https:\/\/storax.be\/fr\/producten\/profiles-de-sol\/profiles-dapproche-un-profile-dapproche-adapte-a-chaque-situation\/","name":"Profil\u00e9s d'approche Un profil\u00e9 d'approche adapt\u00e9 \u00e0 chaque situation - Storax Belgium","isPartOf":{"@id":"https:\/\/storax.be\/fr\/#website"},"primaryImageOfPage":{"@id":"https:\/\/storax.be\/fr\/producten\/profiles-de-sol\/profiles-dapproche-un-profile-dapproche-adapte-a-chaque-situation\/#primaryimage"},"image":{"@id":"https:\/\/storax.be\/fr\/producten\/profiles-de-sol\/profiles-dapproche-un-profile-dapproche-adapte-a-chaque-situation\/#primaryimage"},"thumbnailUrl":"https:\/\/storax.be\/wp-content\/uploads\/sites\/2\/2019\/03\/thumb_270x270_494.jpg","datePublished":"2022-08-02T12:55:35+00:00","dateModified":"2024-05-16T07:39:01+00:00","breadcrumb":{"@id":"https:\/\/storax.be\/fr\/producten\/profiles-de-sol\/profiles-dapproche-un-profile-dapproche-adapte-a-chaque-situation\/#breadcrumb"},"inLanguage":"fr-FR","potentialAction":[{"@type":"ReadAction","target":["https:\/\/storax.be\/fr\/producten\/profiles-de-sol\/profiles-dapproche-un-profile-dapproche-adapte-a-chaque-situation\/"]}]},{"@type":"ImageObject","inLanguage":"fr-FR","@id":"https:\/\/storax.be\/fr\/producten\/profiles-de-sol\/profiles-dapproche-un-profile-dapproche-adapte-a-chaque-situation\/#primaryimage","url":"https:\/\/storax.be\/wp-content\/uploads\/sites\/2\/2019\/03\/thumb_270x270_494.jpg","contentUrl":"https:\/\/storax.be\/wp-content\/uploads\/sites\/2\/2019\/03\/thumb_270x270_494.jpg","width":270,"height":270},{"@type":"BreadcrumbList","@id":"https:\/\/storax.be\/fr\/producten\/profiles-de-sol\/profiles-dapproche-un-profile-dapproche-adapte-a-chaque-situation\/#breadcrumb","itemListElement":[{"@type":"ListItem","position":1,"name":"Home","item":"https:\/\/storax.be\/fr\/"},{"@type":"ListItem","position":2,"name":"Producten","item":"https:\/\/storax.be\/fr\/producten\/%product_category%\/"},{"@type":"ListItem","position":3,"name":"Profil\u00e9s de sol","item":"https:\/\/storax.be\/fr\/producten\/profiles-de-sol\/"},{"@type":"ListItem","position":4,"name":"Profil\u00e9s d&#8217;approche Un profil\u00e9 d&#8217;approche adapt\u00e9 \u00e0 chaque situation"}]},{"@type":"WebSite","@id":"https:\/\/storax.be\/fr\/#website","url":"https:\/\/storax.be\/fr\/","name":"Storax Belgium","description":"Uw betrouwbare partner voor bouwprojecten","potentialAction":[{"@type":"SearchAction","target":{"@type":"EntryPoint","urlTemplate":"https:\/\/storax.be\/fr\/?s={search_term_string}"},"query-input":{"@type":"PropertyValueSpecification","valueRequired":true,"valueName":"search_term_string"}}],"inLanguage":"fr-FR"}]}},"_links":{"self":[{"href":"https:\/\/storax.be\/fr\/wp-json\/wp\/v2\/product\/115159","targetHints":{"allow":["GET"]}}],"collection":[{"href":"https:\/\/storax.be\/fr\/wp-json\/wp\/v2\/product"}],"about":[{"href":"https:\/\/storax.be\/fr\/wp-json\/wp\/v2\/types\/product"}],"wp:featuredmedia":[{"embeddable":true,"href":"https:\/\/storax.be\/fr\/wp-json\/wp\/v2\/media\/106343"}],"wp:attachment":[{"href":"https:\/\/storax.be\/fr\/wp-json\/wp\/v2\/media?parent=115159"}],"wp:term":[{"taxonomy":"product_category","embeddable":true,"href":"https:\/\/storax.be\/fr\/wp-json\/wp\/v2\/product_category?post=115159"},{"taxonomy":"product_tag","embeddable":true,"href":"https:\/\/storax.be\/fr\/wp-json\/wp\/v2\/product_tag?post=115159"}],"curies":[{"name":"wp","href":"https:\/\/api.w.org\/{rel}","templated":true}]}}