{"id":115158,"date":"2022-08-02T12:51:53","date_gmt":"2022-08-02T12:51:53","guid":{"rendered":"https:\/\/storax.be\/?post_type=product&#038;p=115158"},"modified":"2024-05-16T07:39:00","modified_gmt":"2024-05-16T07:39:00","slug":"profiles-de-seuil","status":"publish","type":"product","link":"https:\/\/www.storax.nl\/fr\/producten\/profiles-de-sol\/profiles-de-seuil\/","title":{"rendered":"Profil\u00e9s de seuil"},"content":{"rendered":"<h2 style=\"font-size: 1.5em; line-height: 32px; font-weight: 600; margin-top: 10px;\">Un profil\u00e9 de seuil adapt\u00e9 \u00e0 chaque situation<\/h2>\n<p><span style=\"font-weight: 400;\">Storax distribue les profil\u00e9s de sol Prinz. Voici une s\u00e9lection de seuils plats en aluminium et de profil\u00e9s de seuil pour combler les diff\u00e9rences de niveau. Les profil\u00e9s sont disponibles de stock en couleur argent.<\/span><\/p>\n<p><span style=\"font-weight: 400;\">Pour en savoir plus sur la gamme compl\u00e8te, t\u00e9l\u00e9chargez la <\/span><a href=\"https:\/\/www.storax.nl\/wp-content\/uploads\/sites\/2\/2020\/02\/Storax-Prinz-prijslijst-2020.xlsx\"><span style=\"font-weight: 400;\">liste de prix Prinz<\/span><\/a><span style=\"font-weight: 400;\">.<\/span><br \/>\n<b><br \/>\n<\/b><span style=\"font-weight: 400;\"><strong>Longueur standard<\/strong>\u00a0: 2\u00a0700\u00a0mm<\/span><br \/>\n<b style=\"font-size: 20px; font-weight: 600; padding-bottom: 30px;\">Les profil\u00e9s les plus courants sont disponibles de stock en couleur argent<\/b><\/p>\n<table style=\"border-color: #000000; width: 100%;\" cellspacing=\"0\">\n<tbody>\n<tr>\n<td style=\"width: 45%; border: thin solid #d2dee8;\"><img decoding=\"async\" src=\"\/images\/Vloerprofielen\/dorpel\/130.21.11.270.jpg\" \/><\/td>\n<td style=\"width: 5%; border-color: #d2dee8;\"><\/td>\n<td style=\"width: 45%; border: thin solid #d2dee8;\"><img decoding=\"async\" src=\"\/images\/Vloerprofielen\/dorpel\/130.24.11.270.jpg\" \/><\/td>\n<\/tr>\n<tr>\n<td style=\"font-size: 14px; background-color: #edf1f3; height: 40px; width: 45%; border-right: thin solid #d2dee8; border-bottom: thin solid #d2dee8; border-left: thin solid #d2dee8; text-align: center; vertical-align: middle;\"><b>Prinz 130.21.11.270<\/b><\/td>\n<td style=\"font-size: 14px; height: 40px; width: 5%;\"><\/td>\n<td style=\"font-size: 14px; background-color: #edf1f3; height: 40px; width: 45%; border-right: thin solid #d2dee8; border-bottom: thin solid #d2dee8; border-left: thin solid #d2dee8; text-align: center; vertical-align: middle;\"><b>Prinz 130.24.11.270<\/b><\/td>\n<\/tr>\n<\/tbody>\n<\/table>\n<table style=\"border-color: #000000; width: 100%;\" cellspacing=\"0\">\n<tbody>\n<tr>\n<td style=\"width: 45%; border: thin solid #d2dee8;\"><img decoding=\"async\" src=\"\/images\/Vloerprofielen\/dorpel\/132.21.11.270.jpg\" \/><\/td>\n<td style=\"width: 5%; border-color: #d2dee8;\"><\/td>\n<td style=\"width: 45%; border: thin solid #d2dee8;\"><img decoding=\"async\" src=\"\/images\/Vloerprofielen\/dorpel\/132.24.11.270.jpg\" \/><\/td>\n<\/tr>\n<tr>\n<td style=\"font-size: 14px; background-color: #edf1f3; height: 40px; width: 45%; border-right: thin solid #d2dee8; border-bottom: thin solid #d2dee8; border-left: thin solid #d2dee8; text-align: center; vertical-align: middle;\"><b>Prinz 132.21.11.270<\/b><\/td>\n<td style=\"font-size: 14px; height: 40px; width: 5%;\"><\/td>\n<td style=\"font-size: 14px; background-color: #edf1f3; height: 40px; width: 45%; border-right: thin solid #d2dee8; border-bottom: thin solid #d2dee8; border-left: thin solid #d2dee8; text-align: center; vertical-align: middle;\"><b>Prinz 132.24.11.270<\/b><\/td>\n<\/tr>\n<\/tbody>\n<\/table>\n<table style=\"border-color: #000000; width: 100%;\" cellspacing=\"0\">\n<tbody>\n<tr>\n<td style=\"width: 45%; border: thin solid #d2dee8;\"><img decoding=\"async\" src=\"\/images\/Vloerprofielen\/dorpel\/136.24.11.270.jpg\" \/><\/td>\n<td style=\"width: 5%; border-color: #d2dee8;\"><\/td>\n<td style=\"width: 45%; border: thin solid #d2dee8;\"><img decoding=\"async\" src=\"\/images\/Vloerprofielen\/dorpel\/137.24.11.270.jpg\" \/><\/td>\n<\/tr>\n<tr>\n<td style=\"font-size: 14px; background-color: #edf1f3; height: 40px; width: 45%; border-right: thin solid #d2dee8; border-bottom: thin solid #d2dee8; border-left: thin solid #d2dee8; text-align: center; vertical-align: middle;\"><b>Prinz 136.24.11.270<\/b><\/td>\n<td style=\"font-size: 14px; height: 40px; width: 5%;\"><\/td>\n<td style=\"font-size: 14px; background-color: #edf1f3; height: 40px; width: 45%; border-right: thin solid #d2dee8; border-bottom: thin solid #d2dee8; border-left: thin solid #d2dee8; text-align: center; vertical-align: middle;\"><b>Prinz 137.24.11.270<\/b><\/td>\n<\/tr>\n<\/tbody>\n<\/table>\n<table style=\"border-color: #000000; width: 100%;\" cellspacing=\"0\">\n<tbody>\n<tr>\n<td style=\"width: 45%; border: thin solid #d2dee8;\"><img decoding=\"async\" src=\"\/images\/Vloerprofielen\/dorpel\/145.23.11.270.jpg\" \/><\/td>\n<td style=\"width: 5%; border-color: #d2dee8;\"><\/td>\n<td style=\"width: 45%; border: thin solid #d2dee8;\"><img decoding=\"async\" src=\"\/images\/Vloerprofielen\/dorpel\/145.24.11.270.jpg\" \/><\/td>\n<\/tr>\n<tr>\n<td style=\"font-size: 14px; background-color: #edf1f3; height: 40px; width: 45%; border-right: thin solid #d2dee8; border-bottom: thin solid #d2dee8; border-left: thin solid #d2dee8; text-align: center; vertical-align: middle;\"><b>Prinz 145.23.11.270<\/b><\/td>\n<td style=\"font-size: 14px; height: 40px; width: 5%;\"><\/td>\n<td style=\"font-size: 14px; background-color: #edf1f3; height: 40px; width: 45%; border-right: thin solid #d2dee8; border-bottom: thin solid #d2dee8; border-left: thin solid #d2dee8; text-align: center; vertical-align: middle;\"><b>Prinz 145.24.11.270<\/b><\/td>\n<\/tr>\n<\/tbody>\n<\/table>\n<table style=\"border-color: #000000; width: 100%;\" cellspacing=\"0\">\n<tbody>\n<tr>\n<td style=\"width: 45%; border: thin solid #d2dee8;\"><img decoding=\"async\" src=\"\/images\/Vloerprofielen\/dorpel\/146.24.11.270.jpg\" \/><\/td>\n<td style=\"width: 5%; border-color: #d2dee8;\"><\/td>\n<td style=\"width: 45%; border: thin solid #d2dee8;\"><img decoding=\"async\" src=\"\/images\/Vloerprofielen\/dorpel\/154.24.11.270.jpg\" \/><\/td>\n<\/tr>\n<tr>\n<td style=\"font-size: 14px; background-color: #edf1f3; height: 40px; width: 45%; border-right: thin solid #d2dee8; border-bottom: thin solid #d2dee8; border-left: thin solid #d2dee8; text-align: center; vertical-align: middle;\"><b>Prinz 146.24.11.270<\/b><\/td>\n<td style=\"font-size: 14px; height: 40px; width: 5%;\"><\/td>\n<td style=\"font-size: 14px; background-color: #edf1f3; height: 40px; width: 45%; border-right: thin solid #d2dee8; border-bottom: thin solid #d2dee8; border-left: thin solid #d2dee8; text-align: center; vertical-align: middle;\"><b>Prinz 154.24.11.270<\/b><\/td>\n<\/tr>\n<\/tbody>\n<\/table>\n","protected":false},"excerpt":{"rendered":"<p>Un profil\u00e9 de seuil adapt\u00e9 \u00e0 chaque situation Storax distribue les profil\u00e9s de sol Prinz. Voici une s\u00e9lection de seuils plats en aluminium et de profil\u00e9s de seuil pour combler les diff\u00e9rences de niveau. Les profil\u00e9s sont disponibles de stock en couleur argent. Pour en savoir plus sur la gamme compl\u00e8te, t\u00e9l\u00e9chargez la liste de\u2026<\/p>\n","protected":false},"featured_media":106375,"template":"","meta":{"_acf_changed":false},"product_category":[647],"product_tag":[],"class_list":["post-115158","product","type-product","status-publish","has-post-thumbnail","hentry","product_category-profiles-de-sol"],"acf":[],"yoast_head":"<!-- This site is optimized with the Yoast SEO plugin v27.3 - https:\/\/yoast.com\/product\/yoast-seo-wordpress\/ -->\n<title>Profil\u00e9s de seuil - Storax Belgium<\/title>\n<meta name=\"robots\" content=\"index, follow, max-snippet:-1, max-image-preview:large, max-video-preview:-1\" \/>\n<link rel=\"canonical\" href=\"https:\/\/www.storax.nl\/fr\/producten\/profiles-de-sol\/profiles-de-seuil\/\" \/>\n<meta property=\"og:locale\" content=\"fr_FR\" \/>\n<meta property=\"og:type\" content=\"article\" \/>\n<meta property=\"og:title\" content=\"Profil\u00e9s de seuil - Storax Belgium\" \/>\n<meta property=\"og:description\" content=\"Un profil\u00e9 de seuil adapt\u00e9 \u00e0 chaque situation Storax distribue les profil\u00e9s de sol Prinz. Voici une s\u00e9lection de seuils plats en aluminium et de profil\u00e9s de seuil pour combler les diff\u00e9rences de niveau. Les profil\u00e9s sont disponibles de stock en couleur argent. Pour en savoir plus sur la gamme compl\u00e8te, t\u00e9l\u00e9chargez la liste de\u2026\" \/>\n<meta property=\"og:url\" content=\"https:\/\/www.storax.nl\/fr\/producten\/profiles-de-sol\/profiles-de-seuil\/\" \/>\n<meta property=\"og:site_name\" content=\"Storax Belgium\" \/>\n<meta property=\"article:modified_time\" content=\"2024-05-16T07:39:00+00:00\" \/>\n<meta property=\"og:image\" content=\"https:\/\/storax.be\/wp-content\/uploads\/sites\/2\/2019\/03\/thumb_270x270_493.jpg\" \/>\n\t<meta property=\"og:image:width\" content=\"270\" \/>\n\t<meta property=\"og:image:height\" content=\"270\" \/>\n\t<meta property=\"og:image:type\" content=\"image\/jpeg\" \/>\n<meta name=\"twitter:card\" content=\"summary_large_image\" \/>\n<script type=\"application\/ld+json\" class=\"yoast-schema-graph\">{\"@context\":\"https:\\\/\\\/schema.org\",\"@graph\":[{\"@type\":\"WebPage\",\"@id\":\"https:\\\/\\\/www.storax.nl\\\/fr\\\/producten\\\/profiles-de-sol\\\/profiles-de-seuil\\\/\",\"url\":\"https:\\\/\\\/www.storax.nl\\\/fr\\\/producten\\\/profiles-de-sol\\\/profiles-de-seuil\\\/\",\"name\":\"Profil\u00e9s de seuil - Storax Belgium\",\"isPartOf\":{\"@id\":\"https:\\\/\\\/storax.be\\\/fr\\\/#website\"},\"primaryImageOfPage\":{\"@id\":\"https:\\\/\\\/www.storax.nl\\\/fr\\\/producten\\\/profiles-de-sol\\\/profiles-de-seuil\\\/#primaryimage\"},\"image\":{\"@id\":\"https:\\\/\\\/www.storax.nl\\\/fr\\\/producten\\\/profiles-de-sol\\\/profiles-de-seuil\\\/#primaryimage\"},\"thumbnailUrl\":\"https:\\\/\\\/www.storax.nl\\\/wp-content\\\/uploads\\\/sites\\\/2\\\/2019\\\/03\\\/thumb_270x270_493.jpg\",\"datePublished\":\"2022-08-02T12:51:53+00:00\",\"dateModified\":\"2024-05-16T07:39:00+00:00\",\"breadcrumb\":{\"@id\":\"https:\\\/\\\/www.storax.nl\\\/fr\\\/producten\\\/profiles-de-sol\\\/profiles-de-seuil\\\/#breadcrumb\"},\"inLanguage\":\"fr-FR\",\"potentialAction\":[{\"@type\":\"ReadAction\",\"target\":[\"https:\\\/\\\/www.storax.nl\\\/fr\\\/producten\\\/profiles-de-sol\\\/profiles-de-seuil\\\/\"]}]},{\"@type\":\"ImageObject\",\"inLanguage\":\"fr-FR\",\"@id\":\"https:\\\/\\\/www.storax.nl\\\/fr\\\/producten\\\/profiles-de-sol\\\/profiles-de-seuil\\\/#primaryimage\",\"url\":\"https:\\\/\\\/www.storax.nl\\\/wp-content\\\/uploads\\\/sites\\\/2\\\/2019\\\/03\\\/thumb_270x270_493.jpg\",\"contentUrl\":\"https:\\\/\\\/www.storax.nl\\\/wp-content\\\/uploads\\\/sites\\\/2\\\/2019\\\/03\\\/thumb_270x270_493.jpg\",\"width\":270,\"height\":270},{\"@type\":\"BreadcrumbList\",\"@id\":\"https:\\\/\\\/www.storax.nl\\\/fr\\\/producten\\\/profiles-de-sol\\\/profiles-de-seuil\\\/#breadcrumb\",\"itemListElement\":[{\"@type\":\"ListItem\",\"position\":1,\"name\":\"Home\",\"item\":\"https:\\\/\\\/storax.be\\\/fr\\\/\"},{\"@type\":\"ListItem\",\"position\":2,\"name\":\"Producten\",\"item\":\"https:\\\/\\\/www.storax.nl\\\/fr\\\/producten\\\/%product_category%\\\/\"},{\"@type\":\"ListItem\",\"position\":3,\"name\":\"Profil\u00e9s de sol\",\"item\":\"https:\\\/\\\/www.storax.nl\\\/fr\\\/producten\\\/profiles-de-sol\\\/\"},{\"@type\":\"ListItem\",\"position\":4,\"name\":\"Profil\u00e9s de seuil\"}]},{\"@type\":\"WebSite\",\"@id\":\"https:\\\/\\\/storax.be\\\/fr\\\/#website\",\"url\":\"https:\\\/\\\/storax.be\\\/fr\\\/\",\"name\":\"Storax Belgium\",\"description\":\"Uw betrouwbare partner voor bouwprojecten\",\"potentialAction\":[{\"@type\":\"SearchAction\",\"target\":{\"@type\":\"EntryPoint\",\"urlTemplate\":\"https:\\\/\\\/storax.be\\\/fr\\\/?s={search_term_string}\"},\"query-input\":{\"@type\":\"PropertyValueSpecification\",\"valueRequired\":true,\"valueName\":\"search_term_string\"}}],\"inLanguage\":\"fr-FR\"}]}<\/script>\n<!-- \/ Yoast SEO plugin. -->","yoast_head_json":{"title":"Profil\u00e9s de seuil - Storax Belgium","robots":{"index":"index","follow":"follow","max-snippet":"max-snippet:-1","max-image-preview":"max-image-preview:large","max-video-preview":"max-video-preview:-1"},"canonical":"https:\/\/www.storax.nl\/fr\/producten\/profiles-de-sol\/profiles-de-seuil\/","og_locale":"fr_FR","og_type":"article","og_title":"Profil\u00e9s de seuil - Storax Belgium","og_description":"Un profil\u00e9 de seuil adapt\u00e9 \u00e0 chaque situation Storax distribue les profil\u00e9s de sol Prinz. Voici une s\u00e9lection de seuils plats en aluminium et de profil\u00e9s de seuil pour combler les diff\u00e9rences de niveau. Les profil\u00e9s sont disponibles de stock en couleur argent. Pour en savoir plus sur la gamme compl\u00e8te, t\u00e9l\u00e9chargez la liste de\u2026","og_url":"https:\/\/www.storax.nl\/fr\/producten\/profiles-de-sol\/profiles-de-seuil\/","og_site_name":"Storax Belgium","article_modified_time":"2024-05-16T07:39:00+00:00","og_image":[{"width":270,"height":270,"url":"https:\/\/storax.be\/wp-content\/uploads\/sites\/2\/2019\/03\/thumb_270x270_493.jpg","type":"image\/jpeg"}],"twitter_card":"summary_large_image","schema":{"@context":"https:\/\/schema.org","@graph":[{"@type":"WebPage","@id":"https:\/\/www.storax.nl\/fr\/producten\/profiles-de-sol\/profiles-de-seuil\/","url":"https:\/\/www.storax.nl\/fr\/producten\/profiles-de-sol\/profiles-de-seuil\/","name":"Profil\u00e9s de seuil - Storax Belgium","isPartOf":{"@id":"https:\/\/storax.be\/fr\/#website"},"primaryImageOfPage":{"@id":"https:\/\/www.storax.nl\/fr\/producten\/profiles-de-sol\/profiles-de-seuil\/#primaryimage"},"image":{"@id":"https:\/\/www.storax.nl\/fr\/producten\/profiles-de-sol\/profiles-de-seuil\/#primaryimage"},"thumbnailUrl":"https:\/\/www.storax.nl\/wp-content\/uploads\/sites\/2\/2019\/03\/thumb_270x270_493.jpg","datePublished":"2022-08-02T12:51:53+00:00","dateModified":"2024-05-16T07:39:00+00:00","breadcrumb":{"@id":"https:\/\/www.storax.nl\/fr\/producten\/profiles-de-sol\/profiles-de-seuil\/#breadcrumb"},"inLanguage":"fr-FR","potentialAction":[{"@type":"ReadAction","target":["https:\/\/www.storax.nl\/fr\/producten\/profiles-de-sol\/profiles-de-seuil\/"]}]},{"@type":"ImageObject","inLanguage":"fr-FR","@id":"https:\/\/www.storax.nl\/fr\/producten\/profiles-de-sol\/profiles-de-seuil\/#primaryimage","url":"https:\/\/www.storax.nl\/wp-content\/uploads\/sites\/2\/2019\/03\/thumb_270x270_493.jpg","contentUrl":"https:\/\/www.storax.nl\/wp-content\/uploads\/sites\/2\/2019\/03\/thumb_270x270_493.jpg","width":270,"height":270},{"@type":"BreadcrumbList","@id":"https:\/\/www.storax.nl\/fr\/producten\/profiles-de-sol\/profiles-de-seuil\/#breadcrumb","itemListElement":[{"@type":"ListItem","position":1,"name":"Home","item":"https:\/\/storax.be\/fr\/"},{"@type":"ListItem","position":2,"name":"Producten","item":"https:\/\/www.storax.nl\/fr\/producten\/%product_category%\/"},{"@type":"ListItem","position":3,"name":"Profil\u00e9s de sol","item":"https:\/\/www.storax.nl\/fr\/producten\/profiles-de-sol\/"},{"@type":"ListItem","position":4,"name":"Profil\u00e9s de seuil"}]},{"@type":"WebSite","@id":"https:\/\/storax.be\/fr\/#website","url":"https:\/\/storax.be\/fr\/","name":"Storax Belgium","description":"Uw betrouwbare partner voor bouwprojecten","potentialAction":[{"@type":"SearchAction","target":{"@type":"EntryPoint","urlTemplate":"https:\/\/storax.be\/fr\/?s={search_term_string}"},"query-input":{"@type":"PropertyValueSpecification","valueRequired":true,"valueName":"search_term_string"}}],"inLanguage":"fr-FR"}]}},"_links":{"self":[{"href":"https:\/\/www.storax.nl\/fr\/wp-json\/wp\/v2\/product\/115158","targetHints":{"allow":["GET"]}}],"collection":[{"href":"https:\/\/www.storax.nl\/fr\/wp-json\/wp\/v2\/product"}],"about":[{"href":"https:\/\/www.storax.nl\/fr\/wp-json\/wp\/v2\/types\/product"}],"wp:featuredmedia":[{"embeddable":true,"href":"https:\/\/www.storax.nl\/fr\/wp-json\/wp\/v2\/media\/106375"}],"wp:attachment":[{"href":"https:\/\/www.storax.nl\/fr\/wp-json\/wp\/v2\/media?parent=115158"}],"wp:term":[{"taxonomy":"product_category","embeddable":true,"href":"https:\/\/www.storax.nl\/fr\/wp-json\/wp\/v2\/product_category?post=115158"},{"taxonomy":"product_tag","embeddable":true,"href":"https:\/\/www.storax.nl\/fr\/wp-json\/wp\/v2\/product_tag?post=115158"}],"curies":[{"name":"wp","href":"https:\/\/api.w.org\/{rel}","templated":true}]}}