{"id":115155,"date":"2022-08-02T12:48:01","date_gmt":"2022-08-02T12:48:01","guid":{"rendered":"https:\/\/storax.be\/?post_type=product&#038;p=115155"},"modified":"2024-05-16T07:38:58","modified_gmt":"2024-05-16T07:38:58","slug":"seuils-de-douche","status":"publish","type":"product","link":"https:\/\/storax.be\/fr\/producten\/profiles-de-sol\/seuils-de-douche\/","title":{"rendered":"Seuils de douche"},"content":{"rendered":"<h2 style=\"font-size: 1.5em; line-height: 32px; font-weight: 600; margin-top: 10px;\">Un seuil adapt\u00e9 \u00e0 chaque situation<\/h2>\n<p><span style=\"font-weight: 400;\">Storax propose une vari\u00e9t\u00e9 de seuils de douche pour le secteur des soins de sant\u00e9. Les solutions sont adapt\u00e9es aux fauteuils roulants, tout en assurant la protection souhait\u00e9e contre l&rsquo;eau dans les pi\u00e8ces de douche. La collection comprend des profil\u00e9s de Gradus et de Schl\u00fcter. <\/span><\/p>\n<p>La s\u00e9rie Gradus PCR est disponible en 5 options de couleur<\/p>\n<p><img decoding=\"async\" src=\"\/images\/Vloerprofielen\/douchedorpel\/kleuren.jpg\" \/><\/p>\n<p><strong>Longueur standard<\/strong><\/p>\n<ul>\n<li>Prinz\u00a0: 2\u00a0500\u00a0mm<\/li>\n<li>Gradus\u00a0: 2\u00a0000\u00a0mm<\/li>\n<li>Longueur du rouleau Gradus T200, T250, T300\u00a0: 15\u00a0m\u00e8tres<\/li>\n<li>Storax\u00a0: 3\u00a0000\u00a0mm<\/li>\n<\/ul>\n<p>&nbsp;<\/p>\n<p><strong>Seuil de douche Storax<\/strong><\/p>\n<p><span style=\"font-weight: 400;\">Ce seuil en caoutchouc est facile \u00e0 d\u00e9couper et \u00e0 coller au sol. Barri\u00e8re d&rsquo;eau id\u00e9ale pour les coins de douche, par exemple. La largeur du profil\u00e9 facilite le passage des \u00e9quipements roulants.<\/span><\/p>\n<table style=\"border-color: #000000; width: 100%; table-layout: fixed;\" cellspacing=\"0\">\n<tbody>\n<tr>\n<td style=\"width: 45%; border: thin solid #d2dee8;\" align=\"center\"><img loading=\"lazy\" decoding=\"async\" class=\"\" style=\"font-family: Poppins, sans-serif; font-size: 1rem;\" src=\"https:\/\/www.storax.nl\/wp-content\/uploads\/2019\/03\/Douchedorpel.jpg\" width=\"303\" height=\"303\" \/><\/td>\n<td style=\"width: 5%; border-color: #d2dee8;\"><\/td>\n<td style=\"width: 45%; border: thin solid #d2dee8;\" align=\"center\"><img loading=\"lazy\" decoding=\"async\" class=\"alignnone wp-image-111515\" src=\"https:\/\/storax.be\/wp-content\/uploads\/sites\/2\/2019\/03\/dorpel1-470.jpg\" alt=\"Storax douchedorpel\" width=\"536\" height=\"528\" \/><\/td>\n<\/tr>\n<tr>\n<td style=\"font-size: 14px; background-color: #edf1f3; height: 40px; width: 45%; border-right: thin solid #d2dee8; border-bottom: thin solid #d2dee8; border-left: thin solid #d2dee8; text-align: center; vertical-align: middle;\"><b>Storax Douche Dorpel<\/b><\/td>\n<td style=\"font-size: 14px; height: 40px; width: 5%;\"><\/td>\n<td style=\"font-size: 14px; background-color: #edf1f3; height: 40px; width: 45%; border-right: thin solid #d2dee8; border-bottom: thin solid #d2dee8; border-left: thin solid #d2dee8; text-align: center; vertical-align: middle;\"><b>Storax Douche Dorpel<\/b><\/td>\n<\/tr>\n<\/tbody>\n<\/table>\n<p>&nbsp;<\/p>\n<p><strong>Seuils de douche encastr\u00e9s Gradus<\/strong><\/p>\n<p><span style=\"font-weight: 400;\">Ces seuils conviennent aux rev\u00eatements de sol couramment utilis\u00e9s, tels que le linol\u00e9um et le marmol\u00e9um, dont l&rsquo;\u00e9paisseur est de 2 \u00e0 3,5\u00a0mm. Le rev\u00eatement de sol est pos\u00e9 contre le seuil et peut \u00eatre fix\u00e9 par soudure \u00e0 froid ou par collage sur le PVC continu sous le seuil.<\/span><\/p>\n<table style=\"border-color: #000000; width: 100%; table-layout: fixed;\" cellspacing=\"0\">\n<tbody>\n<tr>\n<td style=\"width: 45%; border: thin solid #d2dee8;\" align=\"center\"><img decoding=\"async\" src=\"\/images\/Vloerprofielen\/douchedorpel\/gradus%20wts1.jpg\" \/><\/td>\n<td style=\"width: 5%; border-color: #d2dee8;\"><\/td>\n<td style=\"width: 45%; border: thin solid #d2dee8;\" align=\"center\"><img decoding=\"async\" src=\"\/images\/Vloerprofielen\/douchedorpel\/gradus%20wts2.jpg\" \/><\/td>\n<\/tr>\n<tr>\n<td style=\"font-size: 14px; background-color: #edf1f3; height: 40px; width: 45%; border-right: thin solid #d2dee8; border-bottom: thin solid #d2dee8; border-left: thin solid #d2dee8; text-align: center; vertical-align: middle;\"><b>Gradus WTS1<\/b><\/td>\n<td style=\"font-size: 14px; height: 40px; width: 5%;\"><\/td>\n<td style=\"font-size: 14px; background-color: #edf1f3; height: 40px; width: 45%; border-right: thin solid #d2dee8; border-bottom: thin solid #d2dee8; border-left: thin solid #d2dee8; text-align: center; vertical-align: middle;\"><b>Gradus WTS2<\/b><\/td>\n<\/tr>\n<\/tbody>\n<\/table>\n<p>&nbsp;<\/p>\n<table style=\"border-color: #000000; width: 100%; table-layout: fixed;\" cellspacing=\"0\">\n<tbody>\n<tr>\n<td style=\"width: 45%; border: thin solid #d2dee8;\" align=\"center\"><img decoding=\"async\" src=\"\/images\/Vloerprofielen\/douchedorpel\/gradus%20wts3.jpg\" \/><\/td>\n<td style=\"width: 5%; border-color: #d2dee8;\"><\/td>\n<td style=\"width: 45%; border-width: thin; border-color: #d2dee8;\"><\/td>\n<\/tr>\n<tr>\n<td style=\"font-size: 14px; background-color: #edf1f3; height: 40px; width: 45%; border-right: thin solid #d2dee8; border-bottom: thin solid #d2dee8; border-left: thin solid #d2dee8; text-align: center; vertical-align: middle;\"><b>Gradus WTS3<\/b><\/td>\n<td style=\"font-size: 14px; height: 40px; width: 5%;\"><\/td>\n<td style=\"font-size: 14px; height: 40px; width: 45%; border-width: thin; border-color: #d2dee8;\"><\/td>\n<\/tr>\n<\/tbody>\n<\/table>\n<p>&nbsp;<\/p>\n<p><strong>Seuils de douche mont\u00e9s en surface Schl\u00fcter<\/strong><\/p>\n<p><span style=\"font-weight: 400;\">Schl\u00fcter propose des seuils de haute qualit\u00e9 en aluminium anodis\u00e9. En combinaison avec les inserts \u00e0 l\u00e8vres Schl\u00fcter<\/span><span style=\"font-weight: 400;\">\u00ae<\/span><span style=\"font-weight: 400;\">-SHOWERPROFILE-WSL ou Schl\u00fcter<\/span><span style=\"font-weight: 400;\">\u00ae<\/span><span style=\"font-weight: 400;\">-SHOWERPROFILE-WSC, ces profil\u00e9s offrent une r\u00e9sistance optimale aux d\u00e9bordements d&rsquo;eau. Le profil\u00e9 de base Schl\u00fcter<\/span><span style=\"font-weight: 400;\">\u00ae<\/span><span style=\"font-weight: 400;\">-SHOWERPROFILE-WSK est coll\u00e9 sur le rev\u00eatement existant et convient donc tout particuli\u00e8rement aux r\u00e9novations. Le profil\u00e9 a une surface visible de 52\u00a0mm de large.<\/span><\/p>\n<table style=\"border-color: #000000; width: 100%; table-layout: fixed;\" cellspacing=\"0\">\n<tbody>\n<tr>\n<td style=\"width: 45%; border: thin solid #d2dee8;\" align=\"center\"><img decoding=\"async\" src=\"\/images\/Vloerprofielen\/douchedorpel\/Schl%C3%BCter%20WSK-WSC.jpg\" \/><\/td>\n<td style=\"width: 5%; border-color: #d2dee8;\"><\/td>\n<td style=\"width: 45%; border: thin solid #d2dee8;\" align=\"center\"><img decoding=\"async\" src=\"\/images\/Vloerprofielen\/douchedorpel\/Schl%C3%BCter%20WSK-WSL.jpg\" \/><\/td>\n<\/tr>\n<tr>\n<td style=\"font-size: 14px; background-color: #edf1f3; height: 40px; width: 45%; border-right: thin solid #d2dee8; border-bottom: thin solid #d2dee8; border-left: thin solid #d2dee8; text-align: center; vertical-align: middle;\"><b>Schl\u00fcter WSK-WSC<\/b><\/td>\n<td style=\"font-size: 14px; height: 40px; width: 5%;\"><\/td>\n<td style=\"font-size: 14px; background-color: #edf1f3; height: 40px; width: 45%; border-right: thin solid #d2dee8; border-bottom: thin solid #d2dee8; border-left: thin solid #d2dee8; text-align: center; vertical-align: middle;\"><b>Schl\u00fcter WSK-WSL<\/b><\/td>\n<\/tr>\n<\/tbody>\n<\/table>\n<p>&nbsp;<\/p>\n<p>&nbsp;<\/p>\n","protected":false},"excerpt":{"rendered":"<p>Un seuil adapt\u00e9 \u00e0 chaque situation Storax propose une vari\u00e9t\u00e9 de seuils de douche pour le secteur des soins de sant\u00e9. Les solutions sont adapt\u00e9es aux fauteuils roulants, tout en assurant la protection souhait\u00e9e contre l&rsquo;eau dans les pi\u00e8ces de douche. La collection comprend des profil\u00e9s de Gradus et de Schl\u00fcter. La s\u00e9rie Gradus PCR\u2026<\/p>\n","protected":false},"featured_media":106353,"template":"","meta":{"_acf_changed":false},"product_category":[647],"product_tag":[],"class_list":["post-115155","product","type-product","status-publish","has-post-thumbnail","hentry","product_category-profiles-de-sol"],"acf":[],"yoast_head":"<!-- This site is optimized with the Yoast SEO plugin v27.3 - https:\/\/yoast.com\/product\/yoast-seo-wordpress\/ -->\n<title>Seuils de douche - Storax Belgium<\/title>\n<meta name=\"robots\" content=\"index, follow, max-snippet:-1, max-image-preview:large, max-video-preview:-1\" \/>\n<link rel=\"canonical\" href=\"https:\/\/storax.be\/fr\/producten\/profiles-de-sol\/seuils-de-douche\/\" \/>\n<meta property=\"og:locale\" content=\"fr_FR\" \/>\n<meta property=\"og:type\" content=\"article\" \/>\n<meta property=\"og:title\" content=\"Seuils de douche - Storax Belgium\" \/>\n<meta property=\"og:description\" content=\"Un seuil adapt\u00e9 \u00e0 chaque situation Storax propose une vari\u00e9t\u00e9 de seuils de douche pour le secteur des soins de sant\u00e9. Les solutions sont adapt\u00e9es aux fauteuils roulants, tout en assurant la protection souhait\u00e9e contre l&rsquo;eau dans les pi\u00e8ces de douche. La collection comprend des profil\u00e9s de Gradus et de Schl\u00fcter. La s\u00e9rie Gradus PCR\u2026\" \/>\n<meta property=\"og:url\" content=\"https:\/\/storax.be\/fr\/producten\/profiles-de-sol\/seuils-de-douche\/\" \/>\n<meta property=\"og:site_name\" content=\"Storax Belgium\" \/>\n<meta property=\"article:modified_time\" content=\"2024-05-16T07:38:58+00:00\" \/>\n<meta property=\"og:image\" content=\"https:\/\/storax.be\/wp-content\/uploads\/sites\/2\/2019\/03\/thumb_270x270_499.jpg\" \/>\n\t<meta property=\"og:image:width\" content=\"270\" \/>\n\t<meta property=\"og:image:height\" content=\"270\" \/>\n\t<meta property=\"og:image:type\" content=\"image\/jpeg\" \/>\n<meta name=\"twitter:card\" content=\"summary_large_image\" \/>\n<meta name=\"twitter:label1\" content=\"Dur\u00e9e de lecture estim\u00e9e\" \/>\n\t<meta name=\"twitter:data1\" content=\"3 minutes\" \/>\n<script type=\"application\/ld+json\" class=\"yoast-schema-graph\">{\"@context\":\"https:\\\/\\\/schema.org\",\"@graph\":[{\"@type\":\"WebPage\",\"@id\":\"https:\\\/\\\/storax.be\\\/fr\\\/producten\\\/profiles-de-sol\\\/seuils-de-douche\\\/\",\"url\":\"https:\\\/\\\/storax.be\\\/fr\\\/producten\\\/profiles-de-sol\\\/seuils-de-douche\\\/\",\"name\":\"Seuils de douche - Storax Belgium\",\"isPartOf\":{\"@id\":\"https:\\\/\\\/storax.be\\\/fr\\\/#website\"},\"primaryImageOfPage\":{\"@id\":\"https:\\\/\\\/storax.be\\\/fr\\\/producten\\\/profiles-de-sol\\\/seuils-de-douche\\\/#primaryimage\"},\"image\":{\"@id\":\"https:\\\/\\\/storax.be\\\/fr\\\/producten\\\/profiles-de-sol\\\/seuils-de-douche\\\/#primaryimage\"},\"thumbnailUrl\":\"https:\\\/\\\/storax.be\\\/wp-content\\\/uploads\\\/sites\\\/2\\\/2019\\\/03\\\/thumb_270x270_499.jpg\",\"datePublished\":\"2022-08-02T12:48:01+00:00\",\"dateModified\":\"2024-05-16T07:38:58+00:00\",\"breadcrumb\":{\"@id\":\"https:\\\/\\\/storax.be\\\/fr\\\/producten\\\/profiles-de-sol\\\/seuils-de-douche\\\/#breadcrumb\"},\"inLanguage\":\"fr-FR\",\"potentialAction\":[{\"@type\":\"ReadAction\",\"target\":[\"https:\\\/\\\/storax.be\\\/fr\\\/producten\\\/profiles-de-sol\\\/seuils-de-douche\\\/\"]}]},{\"@type\":\"ImageObject\",\"inLanguage\":\"fr-FR\",\"@id\":\"https:\\\/\\\/storax.be\\\/fr\\\/producten\\\/profiles-de-sol\\\/seuils-de-douche\\\/#primaryimage\",\"url\":\"https:\\\/\\\/storax.be\\\/wp-content\\\/uploads\\\/sites\\\/2\\\/2019\\\/03\\\/thumb_270x270_499.jpg\",\"contentUrl\":\"https:\\\/\\\/storax.be\\\/wp-content\\\/uploads\\\/sites\\\/2\\\/2019\\\/03\\\/thumb_270x270_499.jpg\",\"width\":270,\"height\":270},{\"@type\":\"BreadcrumbList\",\"@id\":\"https:\\\/\\\/storax.be\\\/fr\\\/producten\\\/profiles-de-sol\\\/seuils-de-douche\\\/#breadcrumb\",\"itemListElement\":[{\"@type\":\"ListItem\",\"position\":1,\"name\":\"Home\",\"item\":\"https:\\\/\\\/storax.be\\\/fr\\\/\"},{\"@type\":\"ListItem\",\"position\":2,\"name\":\"Producten\",\"item\":\"https:\\\/\\\/storax.be\\\/fr\\\/producten\\\/%product_category%\\\/\"},{\"@type\":\"ListItem\",\"position\":3,\"name\":\"Profil\u00e9s de sol\",\"item\":\"https:\\\/\\\/storax.be\\\/fr\\\/producten\\\/profiles-de-sol\\\/\"},{\"@type\":\"ListItem\",\"position\":4,\"name\":\"Seuils de douche\"}]},{\"@type\":\"WebSite\",\"@id\":\"https:\\\/\\\/storax.be\\\/fr\\\/#website\",\"url\":\"https:\\\/\\\/storax.be\\\/fr\\\/\",\"name\":\"Storax Belgium\",\"description\":\"Uw betrouwbare partner voor bouwprojecten\",\"potentialAction\":[{\"@type\":\"SearchAction\",\"target\":{\"@type\":\"EntryPoint\",\"urlTemplate\":\"https:\\\/\\\/storax.be\\\/fr\\\/?s={search_term_string}\"},\"query-input\":{\"@type\":\"PropertyValueSpecification\",\"valueRequired\":true,\"valueName\":\"search_term_string\"}}],\"inLanguage\":\"fr-FR\"}]}<\/script>\n<!-- \/ Yoast SEO plugin. -->","yoast_head_json":{"title":"Seuils de douche - Storax Belgium","robots":{"index":"index","follow":"follow","max-snippet":"max-snippet:-1","max-image-preview":"max-image-preview:large","max-video-preview":"max-video-preview:-1"},"canonical":"https:\/\/storax.be\/fr\/producten\/profiles-de-sol\/seuils-de-douche\/","og_locale":"fr_FR","og_type":"article","og_title":"Seuils de douche - Storax Belgium","og_description":"Un seuil adapt\u00e9 \u00e0 chaque situation Storax propose une vari\u00e9t\u00e9 de seuils de douche pour le secteur des soins de sant\u00e9. Les solutions sont adapt\u00e9es aux fauteuils roulants, tout en assurant la protection souhait\u00e9e contre l&rsquo;eau dans les pi\u00e8ces de douche. La collection comprend des profil\u00e9s de Gradus et de Schl\u00fcter. La s\u00e9rie Gradus PCR\u2026","og_url":"https:\/\/storax.be\/fr\/producten\/profiles-de-sol\/seuils-de-douche\/","og_site_name":"Storax Belgium","article_modified_time":"2024-05-16T07:38:58+00:00","og_image":[{"width":270,"height":270,"url":"https:\/\/storax.be\/wp-content\/uploads\/sites\/2\/2019\/03\/thumb_270x270_499.jpg","type":"image\/jpeg"}],"twitter_card":"summary_large_image","twitter_misc":{"Dur\u00e9e de lecture estim\u00e9e":"3 minutes"},"schema":{"@context":"https:\/\/schema.org","@graph":[{"@type":"WebPage","@id":"https:\/\/storax.be\/fr\/producten\/profiles-de-sol\/seuils-de-douche\/","url":"https:\/\/storax.be\/fr\/producten\/profiles-de-sol\/seuils-de-douche\/","name":"Seuils de douche - Storax Belgium","isPartOf":{"@id":"https:\/\/storax.be\/fr\/#website"},"primaryImageOfPage":{"@id":"https:\/\/storax.be\/fr\/producten\/profiles-de-sol\/seuils-de-douche\/#primaryimage"},"image":{"@id":"https:\/\/storax.be\/fr\/producten\/profiles-de-sol\/seuils-de-douche\/#primaryimage"},"thumbnailUrl":"https:\/\/storax.be\/wp-content\/uploads\/sites\/2\/2019\/03\/thumb_270x270_499.jpg","datePublished":"2022-08-02T12:48:01+00:00","dateModified":"2024-05-16T07:38:58+00:00","breadcrumb":{"@id":"https:\/\/storax.be\/fr\/producten\/profiles-de-sol\/seuils-de-douche\/#breadcrumb"},"inLanguage":"fr-FR","potentialAction":[{"@type":"ReadAction","target":["https:\/\/storax.be\/fr\/producten\/profiles-de-sol\/seuils-de-douche\/"]}]},{"@type":"ImageObject","inLanguage":"fr-FR","@id":"https:\/\/storax.be\/fr\/producten\/profiles-de-sol\/seuils-de-douche\/#primaryimage","url":"https:\/\/storax.be\/wp-content\/uploads\/sites\/2\/2019\/03\/thumb_270x270_499.jpg","contentUrl":"https:\/\/storax.be\/wp-content\/uploads\/sites\/2\/2019\/03\/thumb_270x270_499.jpg","width":270,"height":270},{"@type":"BreadcrumbList","@id":"https:\/\/storax.be\/fr\/producten\/profiles-de-sol\/seuils-de-douche\/#breadcrumb","itemListElement":[{"@type":"ListItem","position":1,"name":"Home","item":"https:\/\/storax.be\/fr\/"},{"@type":"ListItem","position":2,"name":"Producten","item":"https:\/\/storax.be\/fr\/producten\/%product_category%\/"},{"@type":"ListItem","position":3,"name":"Profil\u00e9s de sol","item":"https:\/\/storax.be\/fr\/producten\/profiles-de-sol\/"},{"@type":"ListItem","position":4,"name":"Seuils de douche"}]},{"@type":"WebSite","@id":"https:\/\/storax.be\/fr\/#website","url":"https:\/\/storax.be\/fr\/","name":"Storax Belgium","description":"Uw betrouwbare partner voor bouwprojecten","potentialAction":[{"@type":"SearchAction","target":{"@type":"EntryPoint","urlTemplate":"https:\/\/storax.be\/fr\/?s={search_term_string}"},"query-input":{"@type":"PropertyValueSpecification","valueRequired":true,"valueName":"search_term_string"}}],"inLanguage":"fr-FR"}]}},"_links":{"self":[{"href":"https:\/\/storax.be\/fr\/wp-json\/wp\/v2\/product\/115155","targetHints":{"allow":["GET"]}}],"collection":[{"href":"https:\/\/storax.be\/fr\/wp-json\/wp\/v2\/product"}],"about":[{"href":"https:\/\/storax.be\/fr\/wp-json\/wp\/v2\/types\/product"}],"wp:featuredmedia":[{"embeddable":true,"href":"https:\/\/storax.be\/fr\/wp-json\/wp\/v2\/media\/106353"}],"wp:attachment":[{"href":"https:\/\/storax.be\/fr\/wp-json\/wp\/v2\/media?parent=115155"}],"wp:term":[{"taxonomy":"product_category","embeddable":true,"href":"https:\/\/storax.be\/fr\/wp-json\/wp\/v2\/product_category?post=115155"},{"taxonomy":"product_tag","embeddable":true,"href":"https:\/\/storax.be\/fr\/wp-json\/wp\/v2\/product_tag?post=115155"}],"curies":[{"name":"wp","href":"https:\/\/api.w.org\/{rel}","templated":true}]}}