{"id":115152,"date":"2022-08-02T12:42:05","date_gmt":"2022-08-02T12:42:05","guid":{"rendered":"https:\/\/storax.be\/?post_type=product&#038;p=115152"},"modified":"2024-05-16T07:38:56","modified_gmt":"2024-05-16T07:38:56","slug":"profiles-de-chemins-de-cables","status":"publish","type":"product","link":"https:\/\/storax.be\/fr\/producten\/profiles-de-sol\/profiles-de-chemins-de-cables\/","title":{"rendered":"Profil\u00e9s de chemins de c\u00e2bles"},"content":{"rendered":"<h2 style=\"font-size: 1.5em; line-height: 32px; font-weight: 600; margin-top: 10px;\">Un profil\u00e9 de chemin de c\u00e2bles adapt\u00e9 \u00e0 chaque situation<\/h2>\n<p><span style=\"font-weight: 400;\">Storax fournit des profil\u00e9s de chemins de c\u00e2bles en PVC de Gradus, ainsi qu&rsquo;une s\u00e9rie en aluminium de Prinz. La s\u00e9rie PVC est disponible en 4\u00a0couleurs diff\u00e9rentes.<\/span><\/p>\n<p><strong>Longueur standard<br \/>\n<\/strong><span style=\"font-weight: 400;\">Gradus : 2500 mm<br \/>\n<\/span><span style=\"font-weight: 400;\">Prinz : 2700 mm<\/span><\/p>\n<p><b style=\"font-size: 20px; font-weight: 600; padding-bottom: 30px;\">Les profil\u00e9s les plus courants sont disponibles en stock<\/b><\/p>\n<p>&nbsp;<\/p>\n<table style=\"border-color: #000000; width: 100%; table-layout: fixed;\" cellspacing=\"0\">\n<tbody>\n<tr>\n<td style=\"width: 45%; border: thin solid #d2dee8;\" align=\"center\"><img decoding=\"async\" src=\"\/images\/Vloerprofielen\/kabelgoot\/Gradus%20TD45-TDB45.jpg\" \/><\/td>\n<td style=\"width: 5%; border-color: #d2dee8;\"><\/td>\n<td style=\"width: 45%; border: thin solid #d2dee8;\" align=\"center\"><img decoding=\"async\" src=\"\/images\/Vloerprofielen\/kabelgoot\/Gradus%20TD45-TDB45D.jpg\" \/><\/td>\n<\/tr>\n<tr>\n<td style=\"font-size: 14px; background-color: #edf1f3; height: 40px; width: 45%; border-right: thin solid #d2dee8; border-bottom: thin solid #d2dee8; border-left: thin solid #d2dee8; text-align: center; vertical-align: middle;\"><b>Gradus TD45\/TDB45<\/b><\/td>\n<td style=\"width: 5%;\"><\/td>\n<td style=\"font-size: 14px; background-color: #edf1f3; height: 40px; width: 45%; border-right: thin solid #d2dee8; border-bottom: thin solid #d2dee8; border-left: thin solid #d2dee8; text-align: center; vertical-align: middle;\"><b>Gradus TD45\/TDB45D<\/b><\/td>\n<\/tr>\n<\/tbody>\n<\/table>\n<p>&nbsp;<\/p>\n<table style=\"border-color: #000000; width: 100%; table-layout: fixed;\" cellspacing=\"0\">\n<tbody>\n<tr>\n<td style=\"width: 45%; border: thin solid #d2dee8;\" align=\"center\"><img decoding=\"async\" src=\"\/images\/Vloerprofielen\/kabelgoot\/Gradus%20TD60-TDB60.jpg\" \/><\/td>\n<td style=\"width: 5%; border-color: #d2dee8;\"><\/td>\n<td style=\"width: 45%; border: thin solid #d2dee8;\" align=\"center\"><img decoding=\"async\" src=\"\/images\/Vloerprofielen\/kabelgoot\/Gradus%20RD75-TDB45.jpg\" \/><\/td>\n<\/tr>\n<tr>\n<td style=\"font-size: 14px; background-color: #edf1f3; height: 40px; width: 45%; border-right: thin solid #d2dee8; border-bottom: thin solid #d2dee8; border-left: thin solid #d2dee8; text-align: center; vertical-align: middle;\"><b>Gradus TD60\/TDB60<\/b><\/td>\n<td style=\"width: 5%;\"><\/td>\n<td style=\"font-size: 14px; background-color: #edf1f3; height: 40px; width: 45%; border-right: thin solid #d2dee8; border-bottom: thin solid #d2dee8; border-left: thin solid #d2dee8; text-align: center; vertical-align: middle;\"><b>Gradus RD75\/TDB45<\/b><\/td>\n<\/tr>\n<\/tbody>\n<\/table>\n<p>&nbsp;<\/p>\n<table style=\"border-color: #000000; width: 100%; table-layout: fixed;\" cellspacing=\"0\">\n<tbody>\n<tr>\n<td style=\"width: 45%; border: thin solid #d2dee8;\" align=\"center\"><img decoding=\"async\" src=\"\/images\/Vloerprofielen\/kabelgoot\/Gradus%20RD100-TDB60.jpg\" \/><\/td>\n<td style=\"width: 5%; border-color: #d2dee8;\"><\/td>\n<td style=\"width: 45%; border: thin solid #d2dee8;\" align=\"center\"><img decoding=\"async\" src=\"\/images\/Vloerprofielen\/kabelgoot\/Gradus%20CD65.jpg\" \/><\/td>\n<\/tr>\n<tr>\n<td style=\"font-size: 14px; background-color: #edf1f3; height: 40px; width: 45%; border-right: thin solid #d2dee8; border-bottom: thin solid #d2dee8; border-left: thin solid #d2dee8; text-align: center; vertical-align: middle;\"><b>Gradus RD100\/TDB60<\/b><\/td>\n<td style=\"width: 5%;\"><\/td>\n<td style=\"font-size: 14px; background-color: #edf1f3; height: 40px; width: 45%; border-right: thin solid #d2dee8; border-bottom: thin solid #d2dee8; border-left: thin solid #d2dee8; text-align: center; vertical-align: middle;\"><b>Gradus CD65<\/b><\/td>\n<\/tr>\n<\/tbody>\n<\/table>\n<p>&nbsp;<\/p>\n<table style=\"border-color: #000000; width: 100%; table-layout: fixed;\" cellspacing=\"0\">\n<tbody>\n<tr>\n<td style=\"width: 45%; border: thin solid #d2dee8;\" align=\"center\"><img decoding=\"async\" src=\"\/images\/Vloerprofielen\/kabelgoot\/Prinz%20432.23.11.270.jpg\" \/><\/td>\n<td style=\"width: 5%; border-color: #d2dee8;\"><\/td>\n<td style=\"width: 45%; border: thin solid #d2dee8;\" align=\"center\"><img decoding=\"async\" src=\"\/images\/Vloerprofielen\/kabelgoot\/Prinz%20430.23.11.270.jpg\" \/><\/td>\n<\/tr>\n<tr>\n<td style=\"font-size: 14px; background-color: #edf1f3; height: 40px; width: 45%; border-right: thin solid #d2dee8; border-bottom: thin solid #d2dee8; border-left: thin solid #d2dee8; text-align: center; vertical-align: middle;\"><b>Prinz 432.23.11.270<\/b><\/td>\n<td style=\"width: 5%;\"><\/td>\n<td style=\"font-size: 14px; background-color: #edf1f3; height: 40px; width: 45%; border-right: thin solid #d2dee8; border-bottom: thin solid #d2dee8; border-left: thin solid #d2dee8; text-align: center; vertical-align: middle;\"><b>Prinz 430.23.11.270<\/b><\/td>\n<\/tr>\n<\/tbody>\n<\/table>\n<p>&nbsp;<\/p>\n","protected":false},"excerpt":{"rendered":"<p>Un profil\u00e9 de chemin de c\u00e2bles adapt\u00e9 \u00e0 chaque situation Storax fournit des profil\u00e9s de chemins de c\u00e2bles en PVC de Gradus, ainsi qu&rsquo;une s\u00e9rie en aluminium de Prinz. La s\u00e9rie PVC est disponible en 4\u00a0couleurs diff\u00e9rentes. Longueur standard Gradus : 2500 mm Prinz : 2700 mm Les profil\u00e9s les plus courants sont disponibles en\u2026<\/p>\n","protected":false},"featured_media":106349,"template":"","meta":{"_acf_changed":false},"product_category":[647],"product_tag":[],"class_list":["post-115152","product","type-product","status-publish","has-post-thumbnail","hentry","product_category-profiles-de-sol"],"acf":[],"yoast_head":"<!-- This site is optimized with the Yoast SEO plugin v27.3 - https:\/\/yoast.com\/product\/yoast-seo-wordpress\/ -->\n<title>Profil\u00e9s de chemins de c\u00e2bles - Storax Belgium<\/title>\n<meta name=\"robots\" content=\"index, follow, max-snippet:-1, max-image-preview:large, max-video-preview:-1\" \/>\n<link rel=\"canonical\" href=\"https:\/\/storax.be\/fr\/producten\/profiles-de-sol\/profiles-de-chemins-de-cables\/\" \/>\n<meta property=\"og:locale\" content=\"fr_FR\" \/>\n<meta property=\"og:type\" content=\"article\" \/>\n<meta property=\"og:title\" content=\"Profil\u00e9s de chemins de c\u00e2bles - Storax Belgium\" \/>\n<meta property=\"og:description\" content=\"Un profil\u00e9 de chemin de c\u00e2bles adapt\u00e9 \u00e0 chaque situation Storax fournit des profil\u00e9s de chemins de c\u00e2bles en PVC de Gradus, ainsi qu&rsquo;une s\u00e9rie en aluminium de Prinz. La s\u00e9rie PVC est disponible en 4\u00a0couleurs diff\u00e9rentes. Longueur standard Gradus : 2500 mm Prinz : 2700 mm Les profil\u00e9s les plus courants sont disponibles en\u2026\" \/>\n<meta property=\"og:url\" content=\"https:\/\/storax.be\/fr\/producten\/profiles-de-sol\/profiles-de-chemins-de-cables\/\" \/>\n<meta property=\"og:site_name\" content=\"Storax Belgium\" \/>\n<meta property=\"article:modified_time\" content=\"2024-05-16T07:38:56+00:00\" \/>\n<meta property=\"og:image\" content=\"https:\/\/storax.be\/wp-content\/uploads\/sites\/2\/2019\/03\/thumb_270x270_497.jpg\" \/>\n\t<meta property=\"og:image:width\" content=\"270\" \/>\n\t<meta property=\"og:image:height\" content=\"270\" \/>\n\t<meta property=\"og:image:type\" content=\"image\/jpeg\" \/>\n<meta name=\"twitter:card\" content=\"summary_large_image\" \/>\n<meta name=\"twitter:label1\" content=\"Dur\u00e9e de lecture estim\u00e9e\" \/>\n\t<meta name=\"twitter:data1\" content=\"2 minutes\" \/>\n<script type=\"application\/ld+json\" class=\"yoast-schema-graph\">{\"@context\":\"https:\\\/\\\/schema.org\",\"@graph\":[{\"@type\":\"WebPage\",\"@id\":\"https:\\\/\\\/storax.be\\\/fr\\\/producten\\\/profiles-de-sol\\\/profiles-de-chemins-de-cables\\\/\",\"url\":\"https:\\\/\\\/storax.be\\\/fr\\\/producten\\\/profiles-de-sol\\\/profiles-de-chemins-de-cables\\\/\",\"name\":\"Profil\u00e9s de chemins de c\u00e2bles - Storax Belgium\",\"isPartOf\":{\"@id\":\"https:\\\/\\\/storax.be\\\/fr\\\/#website\"},\"primaryImageOfPage\":{\"@id\":\"https:\\\/\\\/storax.be\\\/fr\\\/producten\\\/profiles-de-sol\\\/profiles-de-chemins-de-cables\\\/#primaryimage\"},\"image\":{\"@id\":\"https:\\\/\\\/storax.be\\\/fr\\\/producten\\\/profiles-de-sol\\\/profiles-de-chemins-de-cables\\\/#primaryimage\"},\"thumbnailUrl\":\"https:\\\/\\\/storax.be\\\/wp-content\\\/uploads\\\/sites\\\/2\\\/2019\\\/03\\\/thumb_270x270_497.jpg\",\"datePublished\":\"2022-08-02T12:42:05+00:00\",\"dateModified\":\"2024-05-16T07:38:56+00:00\",\"breadcrumb\":{\"@id\":\"https:\\\/\\\/storax.be\\\/fr\\\/producten\\\/profiles-de-sol\\\/profiles-de-chemins-de-cables\\\/#breadcrumb\"},\"inLanguage\":\"fr-FR\",\"potentialAction\":[{\"@type\":\"ReadAction\",\"target\":[\"https:\\\/\\\/storax.be\\\/fr\\\/producten\\\/profiles-de-sol\\\/profiles-de-chemins-de-cables\\\/\"]}]},{\"@type\":\"ImageObject\",\"inLanguage\":\"fr-FR\",\"@id\":\"https:\\\/\\\/storax.be\\\/fr\\\/producten\\\/profiles-de-sol\\\/profiles-de-chemins-de-cables\\\/#primaryimage\",\"url\":\"https:\\\/\\\/storax.be\\\/wp-content\\\/uploads\\\/sites\\\/2\\\/2019\\\/03\\\/thumb_270x270_497.jpg\",\"contentUrl\":\"https:\\\/\\\/storax.be\\\/wp-content\\\/uploads\\\/sites\\\/2\\\/2019\\\/03\\\/thumb_270x270_497.jpg\",\"width\":270,\"height\":270},{\"@type\":\"BreadcrumbList\",\"@id\":\"https:\\\/\\\/storax.be\\\/fr\\\/producten\\\/profiles-de-sol\\\/profiles-de-chemins-de-cables\\\/#breadcrumb\",\"itemListElement\":[{\"@type\":\"ListItem\",\"position\":1,\"name\":\"Home\",\"item\":\"https:\\\/\\\/storax.be\\\/fr\\\/\"},{\"@type\":\"ListItem\",\"position\":2,\"name\":\"Producten\",\"item\":\"https:\\\/\\\/storax.be\\\/fr\\\/producten\\\/%product_category%\\\/\"},{\"@type\":\"ListItem\",\"position\":3,\"name\":\"Profil\u00e9s de sol\",\"item\":\"https:\\\/\\\/storax.be\\\/fr\\\/producten\\\/profiles-de-sol\\\/\"},{\"@type\":\"ListItem\",\"position\":4,\"name\":\"Profil\u00e9s de chemins de c\u00e2bles\"}]},{\"@type\":\"WebSite\",\"@id\":\"https:\\\/\\\/storax.be\\\/fr\\\/#website\",\"url\":\"https:\\\/\\\/storax.be\\\/fr\\\/\",\"name\":\"Storax Belgium\",\"description\":\"Uw betrouwbare partner voor bouwprojecten\",\"potentialAction\":[{\"@type\":\"SearchAction\",\"target\":{\"@type\":\"EntryPoint\",\"urlTemplate\":\"https:\\\/\\\/storax.be\\\/fr\\\/?s={search_term_string}\"},\"query-input\":{\"@type\":\"PropertyValueSpecification\",\"valueRequired\":true,\"valueName\":\"search_term_string\"}}],\"inLanguage\":\"fr-FR\"}]}<\/script>\n<!-- \/ Yoast SEO plugin. -->","yoast_head_json":{"title":"Profil\u00e9s de chemins de c\u00e2bles - Storax Belgium","robots":{"index":"index","follow":"follow","max-snippet":"max-snippet:-1","max-image-preview":"max-image-preview:large","max-video-preview":"max-video-preview:-1"},"canonical":"https:\/\/storax.be\/fr\/producten\/profiles-de-sol\/profiles-de-chemins-de-cables\/","og_locale":"fr_FR","og_type":"article","og_title":"Profil\u00e9s de chemins de c\u00e2bles - Storax Belgium","og_description":"Un profil\u00e9 de chemin de c\u00e2bles adapt\u00e9 \u00e0 chaque situation Storax fournit des profil\u00e9s de chemins de c\u00e2bles en PVC de Gradus, ainsi qu&rsquo;une s\u00e9rie en aluminium de Prinz. La s\u00e9rie PVC est disponible en 4\u00a0couleurs diff\u00e9rentes. Longueur standard Gradus : 2500 mm Prinz : 2700 mm Les profil\u00e9s les plus courants sont disponibles en\u2026","og_url":"https:\/\/storax.be\/fr\/producten\/profiles-de-sol\/profiles-de-chemins-de-cables\/","og_site_name":"Storax Belgium","article_modified_time":"2024-05-16T07:38:56+00:00","og_image":[{"width":270,"height":270,"url":"https:\/\/storax.be\/wp-content\/uploads\/sites\/2\/2019\/03\/thumb_270x270_497.jpg","type":"image\/jpeg"}],"twitter_card":"summary_large_image","twitter_misc":{"Dur\u00e9e de lecture estim\u00e9e":"2 minutes"},"schema":{"@context":"https:\/\/schema.org","@graph":[{"@type":"WebPage","@id":"https:\/\/storax.be\/fr\/producten\/profiles-de-sol\/profiles-de-chemins-de-cables\/","url":"https:\/\/storax.be\/fr\/producten\/profiles-de-sol\/profiles-de-chemins-de-cables\/","name":"Profil\u00e9s de chemins de c\u00e2bles - Storax Belgium","isPartOf":{"@id":"https:\/\/storax.be\/fr\/#website"},"primaryImageOfPage":{"@id":"https:\/\/storax.be\/fr\/producten\/profiles-de-sol\/profiles-de-chemins-de-cables\/#primaryimage"},"image":{"@id":"https:\/\/storax.be\/fr\/producten\/profiles-de-sol\/profiles-de-chemins-de-cables\/#primaryimage"},"thumbnailUrl":"https:\/\/storax.be\/wp-content\/uploads\/sites\/2\/2019\/03\/thumb_270x270_497.jpg","datePublished":"2022-08-02T12:42:05+00:00","dateModified":"2024-05-16T07:38:56+00:00","breadcrumb":{"@id":"https:\/\/storax.be\/fr\/producten\/profiles-de-sol\/profiles-de-chemins-de-cables\/#breadcrumb"},"inLanguage":"fr-FR","potentialAction":[{"@type":"ReadAction","target":["https:\/\/storax.be\/fr\/producten\/profiles-de-sol\/profiles-de-chemins-de-cables\/"]}]},{"@type":"ImageObject","inLanguage":"fr-FR","@id":"https:\/\/storax.be\/fr\/producten\/profiles-de-sol\/profiles-de-chemins-de-cables\/#primaryimage","url":"https:\/\/storax.be\/wp-content\/uploads\/sites\/2\/2019\/03\/thumb_270x270_497.jpg","contentUrl":"https:\/\/storax.be\/wp-content\/uploads\/sites\/2\/2019\/03\/thumb_270x270_497.jpg","width":270,"height":270},{"@type":"BreadcrumbList","@id":"https:\/\/storax.be\/fr\/producten\/profiles-de-sol\/profiles-de-chemins-de-cables\/#breadcrumb","itemListElement":[{"@type":"ListItem","position":1,"name":"Home","item":"https:\/\/storax.be\/fr\/"},{"@type":"ListItem","position":2,"name":"Producten","item":"https:\/\/storax.be\/fr\/producten\/%product_category%\/"},{"@type":"ListItem","position":3,"name":"Profil\u00e9s de sol","item":"https:\/\/storax.be\/fr\/producten\/profiles-de-sol\/"},{"@type":"ListItem","position":4,"name":"Profil\u00e9s de chemins de c\u00e2bles"}]},{"@type":"WebSite","@id":"https:\/\/storax.be\/fr\/#website","url":"https:\/\/storax.be\/fr\/","name":"Storax Belgium","description":"Uw betrouwbare partner voor bouwprojecten","potentialAction":[{"@type":"SearchAction","target":{"@type":"EntryPoint","urlTemplate":"https:\/\/storax.be\/fr\/?s={search_term_string}"},"query-input":{"@type":"PropertyValueSpecification","valueRequired":true,"valueName":"search_term_string"}}],"inLanguage":"fr-FR"}]}},"_links":{"self":[{"href":"https:\/\/storax.be\/fr\/wp-json\/wp\/v2\/product\/115152","targetHints":{"allow":["GET"]}}],"collection":[{"href":"https:\/\/storax.be\/fr\/wp-json\/wp\/v2\/product"}],"about":[{"href":"https:\/\/storax.be\/fr\/wp-json\/wp\/v2\/types\/product"}],"wp:featuredmedia":[{"embeddable":true,"href":"https:\/\/storax.be\/fr\/wp-json\/wp\/v2\/media\/106349"}],"wp:attachment":[{"href":"https:\/\/storax.be\/fr\/wp-json\/wp\/v2\/media?parent=115152"}],"wp:term":[{"taxonomy":"product_category","embeddable":true,"href":"https:\/\/storax.be\/fr\/wp-json\/wp\/v2\/product_category?post=115152"},{"taxonomy":"product_tag","embeddable":true,"href":"https:\/\/storax.be\/fr\/wp-json\/wp\/v2\/product_tag?post=115152"}],"curies":[{"name":"wp","href":"https:\/\/api.w.org\/{rel}","templated":true}]}}