{"id":115151,"date":"2019-03-22T06:16:23","date_gmt":"2019-03-22T06:16:23","guid":{"rendered":"https:\/\/storax.be\/?post_type=product&#038;p=115151"},"modified":"2024-07-23T08:49:12","modified_gmt":"2024-07-23T08:49:12","slug":"trapneus-zwaar-verkeer","status":"publish","type":"product","link":"https:\/\/storax.be\/fr\/producten\/nez-de-marche\/trapneus-zwaar-verkeer\/","title":{"rendered":"GXT-Serie"},"content":{"rendered":"\n<h2 class=\"wp-block-heading\"><strong>Nez de marche Gradus en aluminium pour trafic intensif<\/strong><\/h2>\n\n\n\n<p>Les nez de marche de la s\u00e9rie GXT ont une \u00e9paisseur de 5 mm et un insert continu pour une s\u00e9curit\u00e9 maximale. Les nez de marche sont id\u00e9aux pour les sols en PVC\/vinyle &nbsp;plus \u00e9pais ou les rev\u00eatements de moquette plus fins. Les nez de marche ont plusieurs options de finition&nbsp; et une large gamme d&rsquo;options d&rsquo;insertion.<\/p>\n\n\n\n<ul class=\"wp-block-list\"><li>Longueurs standard : 2440, 2750 et 3200 mm<\/li><li>Inserts : pr\u00e9fabriqu\u00e9s dans le profil<\/li><li>Nez de marche pour moquette et PVC de 5 mm d&rsquo;\u00e9paisseur<\/li><\/ul>\n\n\n\n<div class=\"wp-block-columns is-layout-flex wp-container-core-columns-is-layout-9d6595d7 wp-block-columns-is-layout-flex\">\n<div class=\"wp-block-column is-layout-flow wp-block-column-is-layout-flow\">\n<p><strong><strong>Finitions des profil\u00e9s en aluminium<\/strong><\/strong><\/p>\n\n\n\n<p>GXT Aluminium est&nbsp; propose maintenant avec un choix am\u00e9lior\u00e9 de finitions contemporaines telles que l&rsquo;anodisation noire, le laiton antique et les effets de bronze antique.<\/p>\n<\/div>\n\n\n\n<div class=\"wp-block-column is-layout-flow wp-block-column-is-layout-flow\">\n<figure class=\"wp-block-image size-full\"><img loading=\"lazy\" decoding=\"async\" width=\"311\" height=\"250\" src=\"https:\/\/storax.be\/wp-content\/uploads\/sites\/2\/2024\/07\/profils.png\" alt=\"\" class=\"wp-image-117587\" srcset=\"https:\/\/storax.be\/wp-content\/uploads\/sites\/2\/2024\/07\/profils.png 311w, https:\/\/storax.be\/wp-content\/uploads\/sites\/2\/2024\/07\/profils-300x241.png 300w\" sizes=\"auto, (max-width: 311px) 100vw, 311px\" \/><\/figure>\n<\/div>\n<\/div>\n\n\n\n<p class=\"has-text-align-left has-vivid-cyan-blue-color has-text-color\" style=\"font-size:18px\"><strong>Options d&rsquo;insertion&nbsp;<\/strong><\/p>\n\n\n\n<div style=\"height:20px\" aria-hidden=\"true\" class=\"wp-block-spacer\"><\/div>\n\n\n\n<div class=\"wp-block-columns is-layout-flex wp-container-core-columns-is-layout-9d6595d7 wp-block-columns-is-layout-flex\">\n<div class=\"wp-block-column is-layout-flow wp-block-column-is-layout-flow\">\n<p><strong>Insert standard&nbsp;<\/strong><\/p>\n<\/div>\n\n\n\n<div class=\"wp-block-column is-layout-flow wp-block-column-is-layout-flow\">\n<p><strong>Inserts Xtra-grip&nbsp;<\/strong><\/p>\n<\/div>\n\n\n\n<div class=\"wp-block-column is-layout-flow wp-block-column-is-layout-flow\">\n<p><strong>Inserts m\u00e9tallique<\/strong><\/p>\n<\/div>\n<\/div>\n\n\n\n<div class=\"wp-block-columns is-layout-flex wp-container-core-columns-is-layout-9d6595d7 wp-block-columns-is-layout-flex\">\n<div class=\"wp-block-column is-layout-flow wp-block-column-is-layout-flow\">\n<figure class=\"wp-block-image size-large\"><img decoding=\"async\" src=\"https:\/\/www.storax.nl\/wp-content\/uploads\/2024\/02\/Insert-Steel-Blender-3D-1024x518.jpg\" alt=\"\" class=\"wp-image-118935\"\/><\/figure>\n\n\n\n<p>Voir la palette de couleurs&nbsp;<\/p>\n\n\n\n<p>(en bas de page)&nbsp;<\/p>\n<\/div>\n\n\n\n<div class=\"wp-block-column is-layout-flow wp-block-column-is-layout-flow\">\n<figure class=\"wp-block-image size-large\"><img decoding=\"async\" src=\"https:\/\/www.storax.nl\/wp-content\/uploads\/2024\/02\/Insert-Concrete-Render-3D-1024x518.jpg\" alt=\"\" class=\"wp-image-118937\"\/><\/figure>\n\n\n\n<p>Zie kleurenschema<\/p>\n\n\n\n<p><\/p>\n<\/div>\n\n\n\n<div class=\"wp-block-column is-layout-flow wp-block-column-is-layout-flow\">\n<figure class=\"wp-block-image size-large\"><img decoding=\"async\" src=\"https:\/\/www.storax.nl\/wp-content\/uploads\/2024\/02\/Insert-Aluminium-Render-1024x512.jpg\" alt=\"\" class=\"wp-image-118939\"\/><\/figure>\n\n\n\n<p>Zie kleurenschema<\/p>\n\n\n\n<p><\/p>\n<\/div>\n<\/div>\n\n\n\n<p class=\"has-text-align-left has-vivid-cyan-blue-color has-text-color\" style=\"font-size:18px\"><strong>GXT <\/strong>profils<\/p>\n\n\n\n<div class=\"wp-block-columns is-layout-flex wp-container-core-columns-is-layout-9d6595d7 wp-block-columns-is-layout-flex\">\n<div class=\"wp-block-column is-layout-flow wp-block-column-is-layout-flow\" style=\"flex-basis:100%\">\n<div class=\"wp-block-columns is-layout-flex wp-container-core-columns-is-layout-9d6595d7 wp-block-columns-is-layout-flex\">\n<div class=\"wp-block-column is-layout-flow wp-block-column-is-layout-flow\" style=\"flex-basis:100%\">\n<div class=\"wp-block-columns is-layout-flex wp-container-core-columns-is-layout-9d6595d7 wp-block-columns-is-layout-flex\">\n<div class=\"wp-block-column is-layout-flow wp-block-column-is-layout-flow\">\n<figure class=\"wp-block-image size-full\"><img decoding=\"async\" src=\"https:\/\/www.storax.nl\/wp-content\/uploads\/2024\/07\/GXT11.jpg\" alt=\"\" class=\"wp-image-121229\"\/><\/figure>\n<\/div>\n\n\n\n<div class=\"wp-block-column is-layout-flow wp-block-column-is-layout-flow\">\n<figure class=\"wp-block-image size-full\"><img decoding=\"async\" src=\"https:\/\/www.storax.nl\/wp-content\/uploads\/2024\/07\/GXT51.jpg\" alt=\"\" class=\"wp-image-121231\"\/><\/figure>\n<\/div>\n<\/div>\n\n\n\n<div class=\"wp-block-columns is-layout-flex wp-container-core-columns-is-layout-9d6595d7 wp-block-columns-is-layout-flex\">\n<div class=\"wp-block-column is-layout-flow wp-block-column-is-layout-flow\">\n<figure class=\"wp-block-image size-full\"><img decoding=\"async\" src=\"https:\/\/www.storax.nl\/wp-content\/uploads\/2024\/07\/GRXT81.jpg\" alt=\"\" class=\"wp-image-121233\"\/><\/figure>\n<\/div>\n\n\n\n<div class=\"wp-block-column is-layout-flow wp-block-column-is-layout-flow\">\n<figure class=\"wp-block-image size-large\"><img decoding=\"async\" src=\"https:\/\/www.storax.nl\/wp-content\/uploads\/2024\/02\/GRXT81-Render-1024x836.jpg\" alt=\"\" class=\"wp-image-118963\"\/><\/figure>\n<\/div>\n<\/div>\n\n\n\n<div class=\"wp-block-columns is-layout-flex wp-container-core-columns-is-layout-9d6595d7 wp-block-columns-is-layout-flex\">\n<div class=\"wp-block-column is-layout-flow wp-block-column-is-layout-flow\">\n<figure class=\"wp-block-image size-large\"><img decoding=\"async\" src=\"https:\/\/www.storax.nl\/wp-content\/uploads\/2024\/02\/ADXT3-Render-982x1024.jpg\" alt=\"\" class=\"wp-image-118968\"\/><\/figure>\n<\/div>\n\n\n\n<div class=\"wp-block-column is-layout-flow wp-block-column-is-layout-flow\">\n<figure class=\"wp-block-image size-full\"><img decoding=\"async\" src=\"https:\/\/www.storax.nl\/wp-content\/uploads\/2024\/07\/ADXT3-1.jpg\" alt=\"\" class=\"wp-image-121235\"\/><\/figure>\n<\/div>\n<\/div>\n\n\n\n<div class=\"wp-block-columns is-layout-flex wp-container-core-columns-is-layout-9d6595d7 wp-block-columns-is-layout-flex\">\n<div class=\"wp-block-column is-layout-flow wp-block-column-is-layout-flow\">\n<figure class=\"wp-block-image size-full\"><img decoding=\"async\" src=\"https:\/\/www.storax.nl\/wp-content\/uploads\/2024\/07\/GXT13.jpg\" alt=\"\" class=\"wp-image-121237\"\/><\/figure>\n<\/div>\n\n\n\n<div class=\"wp-block-column is-layout-flow wp-block-column-is-layout-flow\">\n<figure class=\"wp-block-image size-full\"><img decoding=\"async\" src=\"https:\/\/www.storax.nl\/wp-content\/uploads\/2024\/07\/GXT53.jpg\" alt=\"\" class=\"wp-image-121239\"\/><\/figure>\n<\/div>\n<\/div>\n\n\n\n<div class=\"wp-block-columns is-layout-flex wp-container-core-columns-is-layout-9d6595d7 wp-block-columns-is-layout-flex\">\n<div class=\"wp-block-column is-layout-flow wp-block-column-is-layout-flow\"><\/div>\n<\/div>\n<\/div>\n<\/div>\n<\/div>\n<\/div>\n","protected":false},"excerpt":{"rendered":"<p>Nez de marche Gradus en aluminium pour trafic intensif Les nez de marche de la s\u00e9rie GXT ont une \u00e9paisseur de 5 mm et un insert continu pour une s\u00e9curit\u00e9 maximale. Les nez de marche sont id\u00e9aux pour les sols en PVC\/vinyle &nbsp;plus \u00e9pais ou les rev\u00eatements de moquette plus fins. Les nez de marche\u2026<\/p>\n","protected":false},"featured_media":106781,"template":"","meta":{"_acf_changed":false},"product_category":[634],"product_tag":[462,482,542,556,576],"class_list":["post-115151","product","type-product","status-publish","has-post-thumbnail","hentry","product_category-nez-de-marche","product_tag-5-mm-fr","product_tag-aluminium-trapneus-fr","product_tag-prefab-antislipinlage-fr","product_tag-tapijt-fr","product_tag-zwaar-verkeer-fr"],"acf":[],"yoast_head":"<!-- This site is optimized with the Yoast SEO plugin v27.3 - https:\/\/yoast.com\/product\/yoast-seo-wordpress\/ -->\n<title>Nez de marche pour trafic intensif - GXT-Serie - Storax Belgium<\/title>\n<meta name=\"description\" content=\"De GXT-serie trapneus is geschikt voor zwaar verkeer. De profielen kunnen worden toegepast in situaties met veel loopverkeer en bagage.\" \/>\n<meta name=\"robots\" content=\"index, follow, max-snippet:-1, max-image-preview:large, max-video-preview:-1\" \/>\n<link rel=\"canonical\" href=\"https:\/\/storax.be\/fr\/producten\/nez-de-marche\/trapneus-zwaar-verkeer\/\" \/>\n<meta property=\"og:locale\" content=\"fr_FR\" \/>\n<meta property=\"og:type\" content=\"article\" \/>\n<meta property=\"og:title\" content=\"Nez de marche pour trafic intensif - GXT-Serie - Storax Belgium\" \/>\n<meta property=\"og:description\" content=\"De GXT-serie trapneus is geschikt voor zwaar verkeer. De profielen kunnen worden toegepast in situaties met veel loopverkeer en bagage.\" \/>\n<meta property=\"og:url\" content=\"https:\/\/storax.be\/fr\/producten\/nez-de-marche\/trapneus-zwaar-verkeer\/\" \/>\n<meta property=\"og:site_name\" content=\"Storax Belgium\" \/>\n<meta property=\"article:modified_time\" content=\"2024-07-23T08:49:12+00:00\" \/>\n<meta property=\"og:image\" content=\"https:\/\/storax.be\/wp-content\/uploads\/sites\/2\/2019\/03\/thumb_270x270_205-1.jpg\" \/>\n\t<meta property=\"og:image:width\" content=\"270\" \/>\n\t<meta property=\"og:image:height\" content=\"270\" \/>\n\t<meta property=\"og:image:type\" content=\"image\/jpeg\" \/>\n<meta name=\"twitter:card\" content=\"summary_large_image\" \/>\n<meta name=\"twitter:label1\" content=\"Dur\u00e9e de lecture estim\u00e9e\" \/>\n\t<meta name=\"twitter:data1\" content=\"4 minutes\" \/>\n<script type=\"application\/ld+json\" class=\"yoast-schema-graph\">{\"@context\":\"https:\\\/\\\/schema.org\",\"@graph\":[{\"@type\":\"WebPage\",\"@id\":\"https:\\\/\\\/storax.be\\\/fr\\\/producten\\\/nez-de-marche\\\/trapneus-zwaar-verkeer\\\/\",\"url\":\"https:\\\/\\\/storax.be\\\/fr\\\/producten\\\/nez-de-marche\\\/trapneus-zwaar-verkeer\\\/\",\"name\":\"Nez de marche pour trafic intensif - GXT-Serie - Storax Belgium\",\"isPartOf\":{\"@id\":\"https:\\\/\\\/storax.be\\\/fr\\\/#website\"},\"primaryImageOfPage\":{\"@id\":\"https:\\\/\\\/storax.be\\\/fr\\\/producten\\\/nez-de-marche\\\/trapneus-zwaar-verkeer\\\/#primaryimage\"},\"image\":{\"@id\":\"https:\\\/\\\/storax.be\\\/fr\\\/producten\\\/nez-de-marche\\\/trapneus-zwaar-verkeer\\\/#primaryimage\"},\"thumbnailUrl\":\"https:\\\/\\\/storax.be\\\/wp-content\\\/uploads\\\/sites\\\/2\\\/2019\\\/03\\\/thumb_270x270_205-1.jpg\",\"datePublished\":\"2019-03-22T06:16:23+00:00\",\"dateModified\":\"2024-07-23T08:49:12+00:00\",\"description\":\"De GXT-serie trapneus is geschikt voor zwaar verkeer. De profielen kunnen worden toegepast in situaties met veel loopverkeer en bagage.\",\"breadcrumb\":{\"@id\":\"https:\\\/\\\/storax.be\\\/fr\\\/producten\\\/nez-de-marche\\\/trapneus-zwaar-verkeer\\\/#breadcrumb\"},\"inLanguage\":\"fr-FR\",\"potentialAction\":[{\"@type\":\"ReadAction\",\"target\":[\"https:\\\/\\\/storax.be\\\/fr\\\/producten\\\/nez-de-marche\\\/trapneus-zwaar-verkeer\\\/\"]}]},{\"@type\":\"ImageObject\",\"inLanguage\":\"fr-FR\",\"@id\":\"https:\\\/\\\/storax.be\\\/fr\\\/producten\\\/nez-de-marche\\\/trapneus-zwaar-verkeer\\\/#primaryimage\",\"url\":\"https:\\\/\\\/storax.be\\\/wp-content\\\/uploads\\\/sites\\\/2\\\/2019\\\/03\\\/thumb_270x270_205-1.jpg\",\"contentUrl\":\"https:\\\/\\\/storax.be\\\/wp-content\\\/uploads\\\/sites\\\/2\\\/2019\\\/03\\\/thumb_270x270_205-1.jpg\",\"width\":270,\"height\":270},{\"@type\":\"BreadcrumbList\",\"@id\":\"https:\\\/\\\/storax.be\\\/fr\\\/producten\\\/nez-de-marche\\\/trapneus-zwaar-verkeer\\\/#breadcrumb\",\"itemListElement\":[{\"@type\":\"ListItem\",\"position\":1,\"name\":\"Home\",\"item\":\"https:\\\/\\\/storax.be\\\/fr\\\/\"},{\"@type\":\"ListItem\",\"position\":2,\"name\":\"Producten\",\"item\":\"https:\\\/\\\/storax.be\\\/fr\\\/producten\\\/%product_category%\\\/\"},{\"@type\":\"ListItem\",\"position\":3,\"name\":\"125 kN\",\"item\":\"https:\\\/\\\/storax.be\\\/fr\\\/product_tag\\\/125-kn-fr\\\/\"},{\"@type\":\"ListItem\",\"position\":4,\"name\":\"GXT-Serie\"}]},{\"@type\":\"WebSite\",\"@id\":\"https:\\\/\\\/storax.be\\\/fr\\\/#website\",\"url\":\"https:\\\/\\\/storax.be\\\/fr\\\/\",\"name\":\"Storax Belgium\",\"description\":\"Uw betrouwbare partner voor bouwprojecten\",\"potentialAction\":[{\"@type\":\"SearchAction\",\"target\":{\"@type\":\"EntryPoint\",\"urlTemplate\":\"https:\\\/\\\/storax.be\\\/fr\\\/?s={search_term_string}\"},\"query-input\":{\"@type\":\"PropertyValueSpecification\",\"valueRequired\":true,\"valueName\":\"search_term_string\"}}],\"inLanguage\":\"fr-FR\"}]}<\/script>\n<!-- \/ Yoast SEO plugin. -->","yoast_head_json":{"title":"Nez de marche pour trafic intensif - GXT-Serie - Storax Belgium","description":"De GXT-serie trapneus is geschikt voor zwaar verkeer. De profielen kunnen worden toegepast in situaties met veel loopverkeer en bagage.","robots":{"index":"index","follow":"follow","max-snippet":"max-snippet:-1","max-image-preview":"max-image-preview:large","max-video-preview":"max-video-preview:-1"},"canonical":"https:\/\/storax.be\/fr\/producten\/nez-de-marche\/trapneus-zwaar-verkeer\/","og_locale":"fr_FR","og_type":"article","og_title":"Nez de marche pour trafic intensif - GXT-Serie - Storax Belgium","og_description":"De GXT-serie trapneus is geschikt voor zwaar verkeer. De profielen kunnen worden toegepast in situaties met veel loopverkeer en bagage.","og_url":"https:\/\/storax.be\/fr\/producten\/nez-de-marche\/trapneus-zwaar-verkeer\/","og_site_name":"Storax Belgium","article_modified_time":"2024-07-23T08:49:12+00:00","og_image":[{"width":270,"height":270,"url":"https:\/\/storax.be\/wp-content\/uploads\/sites\/2\/2019\/03\/thumb_270x270_205-1.jpg","type":"image\/jpeg"}],"twitter_card":"summary_large_image","twitter_misc":{"Dur\u00e9e de lecture estim\u00e9e":"4 minutes"},"schema":{"@context":"https:\/\/schema.org","@graph":[{"@type":"WebPage","@id":"https:\/\/storax.be\/fr\/producten\/nez-de-marche\/trapneus-zwaar-verkeer\/","url":"https:\/\/storax.be\/fr\/producten\/nez-de-marche\/trapneus-zwaar-verkeer\/","name":"Nez de marche pour trafic intensif - GXT-Serie - Storax Belgium","isPartOf":{"@id":"https:\/\/storax.be\/fr\/#website"},"primaryImageOfPage":{"@id":"https:\/\/storax.be\/fr\/producten\/nez-de-marche\/trapneus-zwaar-verkeer\/#primaryimage"},"image":{"@id":"https:\/\/storax.be\/fr\/producten\/nez-de-marche\/trapneus-zwaar-verkeer\/#primaryimage"},"thumbnailUrl":"https:\/\/storax.be\/wp-content\/uploads\/sites\/2\/2019\/03\/thumb_270x270_205-1.jpg","datePublished":"2019-03-22T06:16:23+00:00","dateModified":"2024-07-23T08:49:12+00:00","description":"De GXT-serie trapneus is geschikt voor zwaar verkeer. De profielen kunnen worden toegepast in situaties met veel loopverkeer en bagage.","breadcrumb":{"@id":"https:\/\/storax.be\/fr\/producten\/nez-de-marche\/trapneus-zwaar-verkeer\/#breadcrumb"},"inLanguage":"fr-FR","potentialAction":[{"@type":"ReadAction","target":["https:\/\/storax.be\/fr\/producten\/nez-de-marche\/trapneus-zwaar-verkeer\/"]}]},{"@type":"ImageObject","inLanguage":"fr-FR","@id":"https:\/\/storax.be\/fr\/producten\/nez-de-marche\/trapneus-zwaar-verkeer\/#primaryimage","url":"https:\/\/storax.be\/wp-content\/uploads\/sites\/2\/2019\/03\/thumb_270x270_205-1.jpg","contentUrl":"https:\/\/storax.be\/wp-content\/uploads\/sites\/2\/2019\/03\/thumb_270x270_205-1.jpg","width":270,"height":270},{"@type":"BreadcrumbList","@id":"https:\/\/storax.be\/fr\/producten\/nez-de-marche\/trapneus-zwaar-verkeer\/#breadcrumb","itemListElement":[{"@type":"ListItem","position":1,"name":"Home","item":"https:\/\/storax.be\/fr\/"},{"@type":"ListItem","position":2,"name":"Producten","item":"https:\/\/storax.be\/fr\/producten\/%product_category%\/"},{"@type":"ListItem","position":3,"name":"125 kN","item":"https:\/\/storax.be\/fr\/product_tag\/125-kn-fr\/"},{"@type":"ListItem","position":4,"name":"GXT-Serie"}]},{"@type":"WebSite","@id":"https:\/\/storax.be\/fr\/#website","url":"https:\/\/storax.be\/fr\/","name":"Storax Belgium","description":"Uw betrouwbare partner voor bouwprojecten","potentialAction":[{"@type":"SearchAction","target":{"@type":"EntryPoint","urlTemplate":"https:\/\/storax.be\/fr\/?s={search_term_string}"},"query-input":{"@type":"PropertyValueSpecification","valueRequired":true,"valueName":"search_term_string"}}],"inLanguage":"fr-FR"}]}},"_links":{"self":[{"href":"https:\/\/storax.be\/fr\/wp-json\/wp\/v2\/product\/115151","targetHints":{"allow":["GET"]}}],"collection":[{"href":"https:\/\/storax.be\/fr\/wp-json\/wp\/v2\/product"}],"about":[{"href":"https:\/\/storax.be\/fr\/wp-json\/wp\/v2\/types\/product"}],"wp:featuredmedia":[{"embeddable":true,"href":"https:\/\/storax.be\/fr\/wp-json\/wp\/v2\/media\/106781"}],"wp:attachment":[{"href":"https:\/\/storax.be\/fr\/wp-json\/wp\/v2\/media?parent=115151"}],"wp:term":[{"taxonomy":"product_category","embeddable":true,"href":"https:\/\/storax.be\/fr\/wp-json\/wp\/v2\/product_category?post=115151"},{"taxonomy":"product_tag","embeddable":true,"href":"https:\/\/storax.be\/fr\/wp-json\/wp\/v2\/product_tag?post=115151"}],"curies":[{"name":"wp","href":"https:\/\/api.w.org\/{rel}","templated":true}]}}