{"id":115146,"date":"2022-08-02T12:36:13","date_gmt":"2022-08-02T12:36:13","guid":{"rendered":"https:\/\/storax.be\/?post_type=product&#038;p=115146"},"modified":"2024-05-16T07:38:55","modified_gmt":"2024-05-16T07:38:55","slug":"rolstoeldorpels","status":"publish","type":"product","link":"https:\/\/storax.be\/fr\/producten\/profiles-de-sol\/rolstoeldorpels\/","title":{"rendered":"Seuils pour fauteuils roulants"},"content":{"rendered":"<h2><strong>Le seuil de douche Storax\u00a0: le seuil avec barri\u00e8re d&rsquo;\u00e9tanch\u00e9it\u00e9 int\u00e9gr\u00e9e, est adapt\u00e9 aux fauteuils roulants.<\/strong><\/h2>\n<p>Ce seuil constitue une excellente barri\u00e8re \u00e0 l&rsquo;eau pour les salles de bains des \u00e9tablissements de sant\u00e9, sans entraver la circulation des fauteuils roulants, d\u00e9ambulateurs, lits d&rsquo;h\u00f4pitaux et autres \u00e9quipements roulants.<\/p>\n<p><strong>Avantages<\/strong><\/p>\n<ul>\n<li>installation facile au sol<\/li>\n<li>un seuil, mais pas un obstacle<\/li>\n<li>excellente barri\u00e8re \u00e0 l&rsquo;eau pour les pi\u00e8ces humides<\/li>\n<li>conception ergonomique pour le personnel soignant<\/li>\n<li>adapt\u00e9 aux fauteuils roulants<\/li>\n<li>pr\u00e9vient les chutes des personnes \u00e2g\u00e9es<\/li>\n<li>solution id\u00e9ale pour les salles de bains des \u00e9tablissements de sant\u00e9<\/li>\n<\/ul>\n<p><strong>Dimensions<\/strong><\/p>\n<ul>\n<li>Longueur\u00a0: 3\u00a0100\u00a0mm<\/li>\n<li>Dimensions\u00a0: 85 x 7\u00a0mm<\/li>\n<\/ul>\n<p>Vous recherchez un seuil en aluminium ou bien pouvant \u00eatre install\u00e9 entre le rev\u00eatement de sol en PVC pour la salle de bains\u00a0? D\u00e9couvrez notre gamme compl\u00e8te de <a href=\"https:\/\/storax.be\/produits\/profiles-de-sol\/seuils-de-douche\/\">seuils de douche <\/a><\/p>\n","protected":false},"excerpt":{"rendered":"<p>Le seuil de douche Storax\u00a0: le seuil avec barri\u00e8re d&rsquo;\u00e9tanch\u00e9it\u00e9 int\u00e9gr\u00e9e, est adapt\u00e9 aux fauteuils roulants. Ce seuil constitue une excellente barri\u00e8re \u00e0 l&rsquo;eau pour les salles de bains des \u00e9tablissements de sant\u00e9, sans entraver la circulation des fauteuils roulants, d\u00e9ambulateurs, lits d&rsquo;h\u00f4pitaux et autres \u00e9quipements roulants. Avantages installation facile au sol un seuil, mais\u2026<\/p>\n","protected":false},"featured_media":111543,"template":"","meta":{"_acf_changed":false},"product_category":[647],"product_tag":[],"class_list":["post-115146","product","type-product","status-publish","has-post-thumbnail","hentry","product_category-profiles-de-sol"],"acf":[],"yoast_head":"<!-- This site is optimized with the Yoast SEO plugin v27.3 - https:\/\/yoast.com\/product\/yoast-seo-wordpress\/ -->\n<title>Seuils pour fauteuils roulants - Storax Belgium<\/title>\n<meta name=\"robots\" content=\"index, follow, max-snippet:-1, max-image-preview:large, max-video-preview:-1\" \/>\n<link rel=\"canonical\" href=\"https:\/\/storax.be\/fr\/producten\/profiles-de-sol\/rolstoeldorpels\/\" \/>\n<meta property=\"og:locale\" content=\"fr_FR\" \/>\n<meta property=\"og:type\" content=\"article\" \/>\n<meta property=\"og:title\" content=\"Seuils pour fauteuils roulants - Storax Belgium\" \/>\n<meta property=\"og:description\" content=\"Le seuil de douche Storax\u00a0: le seuil avec barri\u00e8re d&rsquo;\u00e9tanch\u00e9it\u00e9 int\u00e9gr\u00e9e, est adapt\u00e9 aux fauteuils roulants. Ce seuil constitue une excellente barri\u00e8re \u00e0 l&rsquo;eau pour les salles de bains des \u00e9tablissements de sant\u00e9, sans entraver la circulation des fauteuils roulants, d\u00e9ambulateurs, lits d&rsquo;h\u00f4pitaux et autres \u00e9quipements roulants. Avantages installation facile au sol un seuil, mais\u2026\" \/>\n<meta property=\"og:url\" content=\"https:\/\/storax.be\/fr\/producten\/profiles-de-sol\/rolstoeldorpels\/\" \/>\n<meta property=\"og:site_name\" content=\"Storax Belgium\" \/>\n<meta property=\"article:modified_time\" content=\"2024-05-16T07:38:55+00:00\" \/>\n<meta property=\"og:image\" content=\"https:\/\/storax.be\/wp-content\/uploads\/sites\/2\/2019\/03\/Rolstoelvriendelijke-Douche-Dorpel-1-1.png\" \/>\n\t<meta property=\"og:image:width\" content=\"470\" \/>\n\t<meta property=\"og:image:height\" content=\"470\" \/>\n\t<meta property=\"og:image:type\" content=\"image\/png\" \/>\n<meta name=\"twitter:card\" content=\"summary_large_image\" \/>\n<meta name=\"twitter:label1\" content=\"Dur\u00e9e de lecture estim\u00e9e\" \/>\n\t<meta name=\"twitter:data1\" content=\"1 minute\" \/>\n<script type=\"application\/ld+json\" class=\"yoast-schema-graph\">{\"@context\":\"https:\\\/\\\/schema.org\",\"@graph\":[{\"@type\":\"WebPage\",\"@id\":\"https:\\\/\\\/storax.be\\\/fr\\\/producten\\\/profiles-de-sol\\\/rolstoeldorpels\\\/\",\"url\":\"https:\\\/\\\/storax.be\\\/fr\\\/producten\\\/profiles-de-sol\\\/rolstoeldorpels\\\/\",\"name\":\"Seuils pour fauteuils roulants - Storax Belgium\",\"isPartOf\":{\"@id\":\"https:\\\/\\\/storax.be\\\/fr\\\/#website\"},\"primaryImageOfPage\":{\"@id\":\"https:\\\/\\\/storax.be\\\/fr\\\/producten\\\/profiles-de-sol\\\/rolstoeldorpels\\\/#primaryimage\"},\"image\":{\"@id\":\"https:\\\/\\\/storax.be\\\/fr\\\/producten\\\/profiles-de-sol\\\/rolstoeldorpels\\\/#primaryimage\"},\"thumbnailUrl\":\"https:\\\/\\\/storax.be\\\/wp-content\\\/uploads\\\/sites\\\/2\\\/2019\\\/03\\\/Rolstoelvriendelijke-Douche-Dorpel-1-1.png\",\"datePublished\":\"2022-08-02T12:36:13+00:00\",\"dateModified\":\"2024-05-16T07:38:55+00:00\",\"breadcrumb\":{\"@id\":\"https:\\\/\\\/storax.be\\\/fr\\\/producten\\\/profiles-de-sol\\\/rolstoeldorpels\\\/#breadcrumb\"},\"inLanguage\":\"fr-FR\",\"potentialAction\":[{\"@type\":\"ReadAction\",\"target\":[\"https:\\\/\\\/storax.be\\\/fr\\\/producten\\\/profiles-de-sol\\\/rolstoeldorpels\\\/\"]}]},{\"@type\":\"ImageObject\",\"inLanguage\":\"fr-FR\",\"@id\":\"https:\\\/\\\/storax.be\\\/fr\\\/producten\\\/profiles-de-sol\\\/rolstoeldorpels\\\/#primaryimage\",\"url\":\"https:\\\/\\\/storax.be\\\/wp-content\\\/uploads\\\/sites\\\/2\\\/2019\\\/03\\\/Rolstoelvriendelijke-Douche-Dorpel-1-1.png\",\"contentUrl\":\"https:\\\/\\\/storax.be\\\/wp-content\\\/uploads\\\/sites\\\/2\\\/2019\\\/03\\\/Rolstoelvriendelijke-Douche-Dorpel-1-1.png\",\"width\":470,\"height\":470,\"caption\":\"Rolstoelvriendelijke-Douche-Dorpel-1-1\"},{\"@type\":\"BreadcrumbList\",\"@id\":\"https:\\\/\\\/storax.be\\\/fr\\\/producten\\\/profiles-de-sol\\\/rolstoeldorpels\\\/#breadcrumb\",\"itemListElement\":[{\"@type\":\"ListItem\",\"position\":1,\"name\":\"Home\",\"item\":\"https:\\\/\\\/storax.be\\\/fr\\\/\"},{\"@type\":\"ListItem\",\"position\":2,\"name\":\"Producten\",\"item\":\"https:\\\/\\\/storax.be\\\/fr\\\/producten\\\/%product_category%\\\/\"},{\"@type\":\"ListItem\",\"position\":3,\"name\":\"Profil\u00e9s de sol\",\"item\":\"https:\\\/\\\/storax.be\\\/fr\\\/producten\\\/profiles-de-sol\\\/\"},{\"@type\":\"ListItem\",\"position\":4,\"name\":\"Seuils pour fauteuils roulants\"}]},{\"@type\":\"WebSite\",\"@id\":\"https:\\\/\\\/storax.be\\\/fr\\\/#website\",\"url\":\"https:\\\/\\\/storax.be\\\/fr\\\/\",\"name\":\"Storax Belgium\",\"description\":\"Uw betrouwbare partner voor bouwprojecten\",\"potentialAction\":[{\"@type\":\"SearchAction\",\"target\":{\"@type\":\"EntryPoint\",\"urlTemplate\":\"https:\\\/\\\/storax.be\\\/fr\\\/?s={search_term_string}\"},\"query-input\":{\"@type\":\"PropertyValueSpecification\",\"valueRequired\":true,\"valueName\":\"search_term_string\"}}],\"inLanguage\":\"fr-FR\"}]}<\/script>\n<!-- \/ Yoast SEO plugin. -->","yoast_head_json":{"title":"Seuils pour fauteuils roulants - Storax Belgium","robots":{"index":"index","follow":"follow","max-snippet":"max-snippet:-1","max-image-preview":"max-image-preview:large","max-video-preview":"max-video-preview:-1"},"canonical":"https:\/\/storax.be\/fr\/producten\/profiles-de-sol\/rolstoeldorpels\/","og_locale":"fr_FR","og_type":"article","og_title":"Seuils pour fauteuils roulants - Storax Belgium","og_description":"Le seuil de douche Storax\u00a0: le seuil avec barri\u00e8re d&rsquo;\u00e9tanch\u00e9it\u00e9 int\u00e9gr\u00e9e, est adapt\u00e9 aux fauteuils roulants. Ce seuil constitue une excellente barri\u00e8re \u00e0 l&rsquo;eau pour les salles de bains des \u00e9tablissements de sant\u00e9, sans entraver la circulation des fauteuils roulants, d\u00e9ambulateurs, lits d&rsquo;h\u00f4pitaux et autres \u00e9quipements roulants. Avantages installation facile au sol un seuil, mais\u2026","og_url":"https:\/\/storax.be\/fr\/producten\/profiles-de-sol\/rolstoeldorpels\/","og_site_name":"Storax Belgium","article_modified_time":"2024-05-16T07:38:55+00:00","og_image":[{"width":470,"height":470,"url":"https:\/\/storax.be\/wp-content\/uploads\/sites\/2\/2019\/03\/Rolstoelvriendelijke-Douche-Dorpel-1-1.png","type":"image\/png"}],"twitter_card":"summary_large_image","twitter_misc":{"Dur\u00e9e de lecture estim\u00e9e":"1 minute"},"schema":{"@context":"https:\/\/schema.org","@graph":[{"@type":"WebPage","@id":"https:\/\/storax.be\/fr\/producten\/profiles-de-sol\/rolstoeldorpels\/","url":"https:\/\/storax.be\/fr\/producten\/profiles-de-sol\/rolstoeldorpels\/","name":"Seuils pour fauteuils roulants - Storax Belgium","isPartOf":{"@id":"https:\/\/storax.be\/fr\/#website"},"primaryImageOfPage":{"@id":"https:\/\/storax.be\/fr\/producten\/profiles-de-sol\/rolstoeldorpels\/#primaryimage"},"image":{"@id":"https:\/\/storax.be\/fr\/producten\/profiles-de-sol\/rolstoeldorpels\/#primaryimage"},"thumbnailUrl":"https:\/\/storax.be\/wp-content\/uploads\/sites\/2\/2019\/03\/Rolstoelvriendelijke-Douche-Dorpel-1-1.png","datePublished":"2022-08-02T12:36:13+00:00","dateModified":"2024-05-16T07:38:55+00:00","breadcrumb":{"@id":"https:\/\/storax.be\/fr\/producten\/profiles-de-sol\/rolstoeldorpels\/#breadcrumb"},"inLanguage":"fr-FR","potentialAction":[{"@type":"ReadAction","target":["https:\/\/storax.be\/fr\/producten\/profiles-de-sol\/rolstoeldorpels\/"]}]},{"@type":"ImageObject","inLanguage":"fr-FR","@id":"https:\/\/storax.be\/fr\/producten\/profiles-de-sol\/rolstoeldorpels\/#primaryimage","url":"https:\/\/storax.be\/wp-content\/uploads\/sites\/2\/2019\/03\/Rolstoelvriendelijke-Douche-Dorpel-1-1.png","contentUrl":"https:\/\/storax.be\/wp-content\/uploads\/sites\/2\/2019\/03\/Rolstoelvriendelijke-Douche-Dorpel-1-1.png","width":470,"height":470,"caption":"Rolstoelvriendelijke-Douche-Dorpel-1-1"},{"@type":"BreadcrumbList","@id":"https:\/\/storax.be\/fr\/producten\/profiles-de-sol\/rolstoeldorpels\/#breadcrumb","itemListElement":[{"@type":"ListItem","position":1,"name":"Home","item":"https:\/\/storax.be\/fr\/"},{"@type":"ListItem","position":2,"name":"Producten","item":"https:\/\/storax.be\/fr\/producten\/%product_category%\/"},{"@type":"ListItem","position":3,"name":"Profil\u00e9s de sol","item":"https:\/\/storax.be\/fr\/producten\/profiles-de-sol\/"},{"@type":"ListItem","position":4,"name":"Seuils pour fauteuils roulants"}]},{"@type":"WebSite","@id":"https:\/\/storax.be\/fr\/#website","url":"https:\/\/storax.be\/fr\/","name":"Storax Belgium","description":"Uw betrouwbare partner voor bouwprojecten","potentialAction":[{"@type":"SearchAction","target":{"@type":"EntryPoint","urlTemplate":"https:\/\/storax.be\/fr\/?s={search_term_string}"},"query-input":{"@type":"PropertyValueSpecification","valueRequired":true,"valueName":"search_term_string"}}],"inLanguage":"fr-FR"}]}},"_links":{"self":[{"href":"https:\/\/storax.be\/fr\/wp-json\/wp\/v2\/product\/115146","targetHints":{"allow":["GET"]}}],"collection":[{"href":"https:\/\/storax.be\/fr\/wp-json\/wp\/v2\/product"}],"about":[{"href":"https:\/\/storax.be\/fr\/wp-json\/wp\/v2\/types\/product"}],"wp:featuredmedia":[{"embeddable":true,"href":"https:\/\/storax.be\/fr\/wp-json\/wp\/v2\/media\/111543"}],"wp:attachment":[{"href":"https:\/\/storax.be\/fr\/wp-json\/wp\/v2\/media?parent=115146"}],"wp:term":[{"taxonomy":"product_category","embeddable":true,"href":"https:\/\/storax.be\/fr\/wp-json\/wp\/v2\/product_category?post=115146"},{"taxonomy":"product_tag","embeddable":true,"href":"https:\/\/storax.be\/fr\/wp-json\/wp\/v2\/product_tag?post=115146"}],"curies":[{"name":"wp","href":"https:\/\/api.w.org\/{rel}","templated":true}]}}