{"id":115145,"date":"2022-08-02T12:31:13","date_gmt":"2022-08-02T12:31:13","guid":{"rendered":"https:\/\/storax.be\/?post_type=product&#038;p=115145"},"modified":"2024-05-16T07:38:54","modified_gmt":"2024-05-16T07:38:54","slug":"profiles-couvre-joints","status":"publish","type":"product","link":"https:\/\/storax.be\/fr\/producten\/profiles-de-sol\/profiles-couvre-joints\/","title":{"rendered":"Profil\u00e9s couvre-joints"},"content":{"rendered":"<h2 style=\"font-size: 1.5em; line-height: 32px; font-weight: 600; margin-top: 10px;\">Un profil\u00e9 couvre-joint adapt\u00e9 \u00e0 chaque situation<\/h2>\n<p><span style=\"font-weight: 400;\">La gamme de profil\u00e9s couvre-joints se compose de diff\u00e9rentes solutions. La s\u00e9rie Gradus EJC (PVC) et les profil\u00e9s Prinz (\u00e9galement disponibles en acier inoxydable) sont incorpor\u00e9s entre les rev\u00eatements de sol. La s\u00e9rie Dinac est plac\u00e9e sur le joint. La s\u00e9rie EJC est disponible en 4\u00a0couleurs.<\/span><\/p>\n<p><img decoding=\"async\" src=\"\/images\/Vloerprofielen\/voegafdek\/kleur%20ejc.jpg\" \/><br \/>\n<b><br \/>\n<\/b><\/p>\n<p><strong>Longueur standard<\/strong><\/p>\n<ul>\n<li style=\"font-weight: 400;\" aria-level=\"1\"><span style=\"font-weight: 400;\">Dinac\u00a0: 3\u00a0000\u00a0mm<\/span><\/li>\n<li style=\"font-weight: 400;\" aria-level=\"1\"><span style=\"font-weight: 400;\">Longueur standard Prinz\u00a0: 2\u00a0500\u00a0mm<\/span><\/li>\n<li style=\"font-weight: 400;\" aria-level=\"1\"><span style=\"font-weight: 400;\">Longueur du rouleau Gradus\u00a0: 15\u00a0m\u00e8tres<\/span><\/li>\n<\/ul>\n<p><strong>Les profil\u00e9s les plus courants sont disponibles en stock<\/strong><\/p>\n<p>&nbsp;<\/p>\n<table style=\"border-color: #000000; width: 100%; table-layout: fixed;\" cellspacing=\"0\">\n<tbody>\n<tr>\n<td style=\"width: 45%; border: thin solid #d2dee8;\" align=\"center\"><img decoding=\"async\" src=\"\/images\/Vloerprofielen\/voegafdek\/Gradus%20EJC%2050.jpg\" \/><\/td>\n<td style=\"width: 5%; border-color: #d2dee8;\"><\/td>\n<td style=\"width: 45%; border: thin solid #d2dee8;\" align=\"center\"><img decoding=\"async\" src=\"\/images\/Vloerprofielen\/voegafdek\/Gradus%20EJC%2075.jpg\" \/><\/td>\n<\/tr>\n<tr>\n<td style=\"font-size: 14px; background-color: #edf1f3; height: 40px; width: 45%; border-right: thin solid #d2dee8; border-bottom: thin solid #d2dee8; border-left: thin solid #d2dee8; text-align: center; vertical-align: middle;\"><b>Gradus EJC 50<\/b><\/td>\n<td style=\"font-size: 14px; height: 40px; width: 5%;\"><\/td>\n<td style=\"font-size: 14px; background-color: #edf1f3; height: 40px; width: 45%; border-right: thin solid #d2dee8; border-bottom: thin solid #d2dee8; border-left: thin solid #d2dee8; text-align: center; vertical-align: middle;\"><b>Gradus EJC 75<\/b><\/td>\n<\/tr>\n<\/tbody>\n<\/table>\n<p>&nbsp;<\/p>\n<table style=\"border-color: #000000; width: 100%; table-layout: fixed;\" cellspacing=\"0\">\n<tbody>\n<tr>\n<td style=\"width: 45%; border: thin solid #d2dee8;\" align=\"center\"><img decoding=\"async\" src=\"\/images\/Vloerprofielen\/voegafdek\/Gradus%20EJC%2075%203.2.jpg\" \/><\/td>\n<td style=\"width: 5%; border-color: #d2dee8;\"><\/td>\n<td style=\"width: 45%; border: thin solid #d2dee8;\" align=\"center\"><img decoding=\"async\" src=\"\/images\/Vloerprofielen\/voegafdek\/Gradus%20EJC%20125.jpg\" \/><\/td>\n<\/tr>\n<tr>\n<td style=\"font-size: 14px; background-color: #edf1f3; height: 40px; width: 45%; border-right: thin solid #d2dee8; border-bottom: thin solid #d2dee8; border-left: thin solid #d2dee8; text-align: center; vertical-align: middle;\"><b>Gradus EJC 75 3.2<\/b><\/td>\n<td style=\"font-size: 14px; height: 40px; width: 5%;\"><\/td>\n<td style=\"font-size: 14px; background-color: #edf1f3; height: 40px; width: 45%; border-right: thin solid #d2dee8; border-bottom: thin solid #d2dee8; border-left: thin solid #d2dee8; text-align: center; vertical-align: middle;\"><b>Gradus EJC 125<\/b><\/td>\n<\/tr>\n<\/tbody>\n<\/table>\n<p>&nbsp;<\/p>\n<table style=\"border-color: #000000; width: 100%; table-layout: fixed;\" cellspacing=\"0\">\n<tbody>\n<tr>\n<td style=\"width: 45%; border: thin solid #d2dee8;\" align=\"center\"><img decoding=\"async\" src=\"\/images\/Vloerprofielen\/voegafdek\/dinac%200103.jpg\" \/><\/td>\n<td style=\"width: 5%; border-color: #d2dee8;\"><\/td>\n<td style=\"width: 45%; border: thin solid #d2dee8;\" align=\"center\"><img decoding=\"async\" src=\"\/images\/Vloerprofielen\/voegafdek\/dinac%200113.jpg\" \/><\/td>\n<\/tr>\n<tr>\n<td style=\"font-size: 14px; background-color: #edf1f3; height: 40px; width: 45%; border-right: thin solid #d2dee8; border-bottom: thin solid #d2dee8; border-left: thin solid #d2dee8; text-align: center; vertical-align: middle;\"><b>Dinac 0103.11<\/b><\/td>\n<td style=\"font-size: 14px; height: 40px; width: 5%;\"><\/td>\n<td style=\"font-size: 14px; background-color: #edf1f3; height: 40px; width: 45%; border-right: thin solid #d2dee8; border-bottom: thin solid #d2dee8; border-left: thin solid #d2dee8; text-align: center; vertical-align: middle;\"><b>Dinac 0113.11<\/b><\/td>\n<\/tr>\n<\/tbody>\n<\/table>\n<p>&nbsp;<\/p>\n<table style=\"border-color: #000000; width: 100%; table-layout: fixed;\" cellspacing=\"0\">\n<tbody>\n<tr>\n<td style=\"width: 45%; border: thin solid #d2dee8;\" align=\"center\"><img decoding=\"async\" src=\"\/images\/Vloerprofielen\/voegafdek\/dinac%200114.jpg\" \/><\/td>\n<td style=\"width: 5%; border-color: #d2dee8;\"><\/td>\n<td style=\"width: 45%; border: thin solid #d2dee8;\" align=\"center\"><img decoding=\"async\" src=\"\/images\/Vloerprofielen\/voegafdek\/dinac%200115.jpg\" \/><\/td>\n<\/tr>\n<tr>\n<td style=\"font-size: 14px; background-color: #edf1f3; height: 40px; width: 45%; border-right: thin solid #d2dee8; border-bottom: thin solid #d2dee8; border-left: thin solid #d2dee8; text-align: center; vertical-align: middle;\"><b>Dinac 0114.11<\/b><\/td>\n<td style=\"width: 5%;\"><\/td>\n<td style=\"font-size: 14px; background-color: #edf1f3; height: 40px; width: 45%; border-right: thin solid #d2dee8; border-bottom: thin solid #d2dee8; border-left: thin solid #d2dee8; text-align: center; vertical-align: middle;\"><b>Dinac 0115.11<\/b><\/td>\n<\/tr>\n<\/tbody>\n<\/table>\n<p>&nbsp;<\/p>\n<table style=\"border-color: #000000; width: 100%; table-layout: fixed;\" cellspacing=\"0\">\n<tbody>\n<tr>\n<td style=\"width: 45%; border: thin solid #d2dee8;\" align=\"center\"><img decoding=\"async\" src=\"\/images\/Vloerprofielen\/voegafdek\/dinac%200116.jpg\" \/><\/td>\n<td style=\"width: 5%; border-color: #d2dee8;\"><\/td>\n<td style=\"width: 45%; border: thin solid #d2dee8;\" align=\"center\"><img decoding=\"async\" src=\"\/images\/Vloerprofielen\/voegafdek\/dinac%200117.jpg\" \/><\/td>\n<\/tr>\n<tr>\n<td style=\"font-size: 14px; background-color: #edf1f3; height: 40px; width: 45%; border-right: thin solid #d2dee8; border-bottom: thin solid #d2dee8; border-left: thin solid #d2dee8; text-align: center; vertical-align: middle;\"><b>Dinac 0116.11<\/b><\/td>\n<td style=\"width: 5%;\"><\/td>\n<td style=\"font-size: 14px; background-color: #edf1f3; height: 40px; width: 45%; border-right: thin solid #d2dee8; border-bottom: thin solid #d2dee8; border-left: thin solid #d2dee8; text-align: center; vertical-align: middle;\"><b>Dinac 0117.11<\/b><\/td>\n<\/tr>\n<\/tbody>\n<\/table>\n<p>&nbsp;<\/p>\n<table style=\"border-color: #000000; width: 100%; table-layout: fixed;\" cellspacing=\"0\">\n<tbody>\n<tr>\n<td style=\"width: 45%; border: thin solid #d2dee8;\" align=\"center\"><img decoding=\"async\" src=\"\/images\/Vloerprofielen\/voegafdek\/dinac%200118.jpg\" \/><\/td>\n<td style=\"width: 5%; border-color: #d2dee8;\"><\/td>\n<td style=\"font-size: 14px; height: 40px; width: 45%; border-width: thin; border-color: #d2dee8;\"><\/td>\n<\/tr>\n<tr>\n<td style=\"font-size: 14px; background-color: #edf1f3; height: 40px; width: 45%; border-right: thin solid #d2dee8; border-bottom: thin solid #d2dee8; border-left: thin solid #d2dee8; text-align: center; vertical-align: middle;\"><b>Dinac 0118.11<\/b><\/td>\n<td style=\"width: 5%;\"><\/td>\n<td style=\"width: 45%; border-width: thin; border-color: #d2dee8;\"><\/td>\n<\/tr>\n<\/tbody>\n<\/table>\n<p>&nbsp;<\/p>\n<table style=\"border-color: #000000; width: 100%; table-layout: fixed;\" cellspacing=\"0\">\n<tbody>\n<tr>\n<td style=\"width: 45%; border: thin solid #d2dee8;\" align=\"center\"><img decoding=\"async\" src=\"\/images\/Vloerprofielen\/voegafdek\/Prinz%20770.15.06.250.jpg\" \/><\/td>\n<td style=\"width: 5%; border-color: #d2dee8;\"><\/td>\n<td style=\"width: 45%; border: thin solid #d2dee8;\" align=\"center\"><img decoding=\"async\" src=\"\/images\/Vloerprofielen\/voegafdek\/Prinz%20771.15.06.250.jpg\" \/><\/td>\n<\/tr>\n<tr>\n<td style=\"font-size: 14px; background-color: #edf1f3; height: 40px; width: 45%; border-right: thin solid #d2dee8; border-bottom: thin solid #d2dee8; border-left: thin solid #d2dee8; text-align: center; vertical-align: middle;\"><b>Prinz 770.15.06.250<\/b><\/td>\n<td style=\"width: 5%;\"><\/td>\n<td style=\"font-size: 14px; background-color: #edf1f3; height: 40px; width: 45%; border-right: thin solid #d2dee8; border-bottom: thin solid #d2dee8; border-left: thin solid #d2dee8; text-align: center; vertical-align: middle;\"><b>Prinz 771.15.06.250<\/b><\/td>\n<\/tr>\n<\/tbody>\n<\/table>\n<p>&nbsp;<\/p>\n","protected":false},"excerpt":{"rendered":"<p>Un profil\u00e9 couvre-joint adapt\u00e9 \u00e0 chaque situation La gamme de profil\u00e9s couvre-joints se compose de diff\u00e9rentes solutions. La s\u00e9rie Gradus EJC (PVC) et les profil\u00e9s Prinz (\u00e9galement disponibles en acier inoxydable) sont incorpor\u00e9s entre les rev\u00eatements de sol. La s\u00e9rie Dinac est plac\u00e9e sur le joint. La s\u00e9rie EJC est disponible en 4\u00a0couleurs. Longueur standard\u2026<\/p>\n","protected":false},"featured_media":106347,"template":"","meta":{"_acf_changed":false},"product_category":[647],"product_tag":[],"class_list":["post-115145","product","type-product","status-publish","has-post-thumbnail","hentry","product_category-profiles-de-sol"],"acf":[],"yoast_head":"<!-- This site is optimized with the Yoast SEO plugin v27.3 - https:\/\/yoast.com\/product\/yoast-seo-wordpress\/ -->\n<title>Profil\u00e9s couvre-joints - Storax Belgium<\/title>\n<meta name=\"robots\" content=\"index, follow, max-snippet:-1, max-image-preview:large, max-video-preview:-1\" \/>\n<link rel=\"canonical\" href=\"https:\/\/storax.be\/fr\/producten\/profiles-de-sol\/profiles-couvre-joints\/\" \/>\n<meta property=\"og:locale\" content=\"fr_FR\" \/>\n<meta property=\"og:type\" content=\"article\" \/>\n<meta property=\"og:title\" content=\"Profil\u00e9s couvre-joints - Storax Belgium\" \/>\n<meta property=\"og:description\" content=\"Un profil\u00e9 couvre-joint adapt\u00e9 \u00e0 chaque situation La gamme de profil\u00e9s couvre-joints se compose de diff\u00e9rentes solutions. La s\u00e9rie Gradus EJC (PVC) et les profil\u00e9s Prinz (\u00e9galement disponibles en acier inoxydable) sont incorpor\u00e9s entre les rev\u00eatements de sol. La s\u00e9rie Dinac est plac\u00e9e sur le joint. La s\u00e9rie EJC est disponible en 4\u00a0couleurs. Longueur standard\u2026\" \/>\n<meta property=\"og:url\" content=\"https:\/\/storax.be\/fr\/producten\/profiles-de-sol\/profiles-couvre-joints\/\" \/>\n<meta property=\"og:site_name\" content=\"Storax Belgium\" \/>\n<meta property=\"article:modified_time\" content=\"2024-05-16T07:38:54+00:00\" \/>\n<meta property=\"og:image\" content=\"https:\/\/storax.be\/wp-content\/uploads\/sites\/2\/2019\/03\/thumb_270x270_496.jpg\" \/>\n\t<meta property=\"og:image:width\" content=\"270\" \/>\n\t<meta property=\"og:image:height\" content=\"270\" \/>\n\t<meta property=\"og:image:type\" content=\"image\/jpeg\" \/>\n<meta name=\"twitter:card\" content=\"summary_large_image\" \/>\n<meta name=\"twitter:label1\" content=\"Dur\u00e9e de lecture estim\u00e9e\" \/>\n\t<meta name=\"twitter:data1\" content=\"1 minute\" \/>\n<script type=\"application\/ld+json\" class=\"yoast-schema-graph\">{\"@context\":\"https:\\\/\\\/schema.org\",\"@graph\":[{\"@type\":\"WebPage\",\"@id\":\"https:\\\/\\\/storax.be\\\/fr\\\/producten\\\/profiles-de-sol\\\/profiles-couvre-joints\\\/\",\"url\":\"https:\\\/\\\/storax.be\\\/fr\\\/producten\\\/profiles-de-sol\\\/profiles-couvre-joints\\\/\",\"name\":\"Profil\u00e9s couvre-joints - Storax Belgium\",\"isPartOf\":{\"@id\":\"https:\\\/\\\/storax.be\\\/fr\\\/#website\"},\"primaryImageOfPage\":{\"@id\":\"https:\\\/\\\/storax.be\\\/fr\\\/producten\\\/profiles-de-sol\\\/profiles-couvre-joints\\\/#primaryimage\"},\"image\":{\"@id\":\"https:\\\/\\\/storax.be\\\/fr\\\/producten\\\/profiles-de-sol\\\/profiles-couvre-joints\\\/#primaryimage\"},\"thumbnailUrl\":\"https:\\\/\\\/storax.be\\\/wp-content\\\/uploads\\\/sites\\\/2\\\/2019\\\/03\\\/thumb_270x270_496.jpg\",\"datePublished\":\"2022-08-02T12:31:13+00:00\",\"dateModified\":\"2024-05-16T07:38:54+00:00\",\"breadcrumb\":{\"@id\":\"https:\\\/\\\/storax.be\\\/fr\\\/producten\\\/profiles-de-sol\\\/profiles-couvre-joints\\\/#breadcrumb\"},\"inLanguage\":\"fr-FR\",\"potentialAction\":[{\"@type\":\"ReadAction\",\"target\":[\"https:\\\/\\\/storax.be\\\/fr\\\/producten\\\/profiles-de-sol\\\/profiles-couvre-joints\\\/\"]}]},{\"@type\":\"ImageObject\",\"inLanguage\":\"fr-FR\",\"@id\":\"https:\\\/\\\/storax.be\\\/fr\\\/producten\\\/profiles-de-sol\\\/profiles-couvre-joints\\\/#primaryimage\",\"url\":\"https:\\\/\\\/storax.be\\\/wp-content\\\/uploads\\\/sites\\\/2\\\/2019\\\/03\\\/thumb_270x270_496.jpg\",\"contentUrl\":\"https:\\\/\\\/storax.be\\\/wp-content\\\/uploads\\\/sites\\\/2\\\/2019\\\/03\\\/thumb_270x270_496.jpg\",\"width\":270,\"height\":270},{\"@type\":\"BreadcrumbList\",\"@id\":\"https:\\\/\\\/storax.be\\\/fr\\\/producten\\\/profiles-de-sol\\\/profiles-couvre-joints\\\/#breadcrumb\",\"itemListElement\":[{\"@type\":\"ListItem\",\"position\":1,\"name\":\"Home\",\"item\":\"https:\\\/\\\/storax.be\\\/fr\\\/\"},{\"@type\":\"ListItem\",\"position\":2,\"name\":\"Producten\",\"item\":\"https:\\\/\\\/storax.be\\\/fr\\\/producten\\\/%product_category%\\\/\"},{\"@type\":\"ListItem\",\"position\":3,\"name\":\"Profil\u00e9s de sol\",\"item\":\"https:\\\/\\\/storax.be\\\/fr\\\/producten\\\/profiles-de-sol\\\/\"},{\"@type\":\"ListItem\",\"position\":4,\"name\":\"Profil\u00e9s couvre-joints\"}]},{\"@type\":\"WebSite\",\"@id\":\"https:\\\/\\\/storax.be\\\/fr\\\/#website\",\"url\":\"https:\\\/\\\/storax.be\\\/fr\\\/\",\"name\":\"Storax Belgium\",\"description\":\"Uw betrouwbare partner voor bouwprojecten\",\"potentialAction\":[{\"@type\":\"SearchAction\",\"target\":{\"@type\":\"EntryPoint\",\"urlTemplate\":\"https:\\\/\\\/storax.be\\\/fr\\\/?s={search_term_string}\"},\"query-input\":{\"@type\":\"PropertyValueSpecification\",\"valueRequired\":true,\"valueName\":\"search_term_string\"}}],\"inLanguage\":\"fr-FR\"}]}<\/script>\n<!-- \/ Yoast SEO plugin. -->","yoast_head_json":{"title":"Profil\u00e9s couvre-joints - Storax Belgium","robots":{"index":"index","follow":"follow","max-snippet":"max-snippet:-1","max-image-preview":"max-image-preview:large","max-video-preview":"max-video-preview:-1"},"canonical":"https:\/\/storax.be\/fr\/producten\/profiles-de-sol\/profiles-couvre-joints\/","og_locale":"fr_FR","og_type":"article","og_title":"Profil\u00e9s couvre-joints - Storax Belgium","og_description":"Un profil\u00e9 couvre-joint adapt\u00e9 \u00e0 chaque situation La gamme de profil\u00e9s couvre-joints se compose de diff\u00e9rentes solutions. La s\u00e9rie Gradus EJC (PVC) et les profil\u00e9s Prinz (\u00e9galement disponibles en acier inoxydable) sont incorpor\u00e9s entre les rev\u00eatements de sol. La s\u00e9rie Dinac est plac\u00e9e sur le joint. La s\u00e9rie EJC est disponible en 4\u00a0couleurs. Longueur standard\u2026","og_url":"https:\/\/storax.be\/fr\/producten\/profiles-de-sol\/profiles-couvre-joints\/","og_site_name":"Storax Belgium","article_modified_time":"2024-05-16T07:38:54+00:00","og_image":[{"width":270,"height":270,"url":"https:\/\/storax.be\/wp-content\/uploads\/sites\/2\/2019\/03\/thumb_270x270_496.jpg","type":"image\/jpeg"}],"twitter_card":"summary_large_image","twitter_misc":{"Dur\u00e9e de lecture estim\u00e9e":"1 minute"},"schema":{"@context":"https:\/\/schema.org","@graph":[{"@type":"WebPage","@id":"https:\/\/storax.be\/fr\/producten\/profiles-de-sol\/profiles-couvre-joints\/","url":"https:\/\/storax.be\/fr\/producten\/profiles-de-sol\/profiles-couvre-joints\/","name":"Profil\u00e9s couvre-joints - Storax Belgium","isPartOf":{"@id":"https:\/\/storax.be\/fr\/#website"},"primaryImageOfPage":{"@id":"https:\/\/storax.be\/fr\/producten\/profiles-de-sol\/profiles-couvre-joints\/#primaryimage"},"image":{"@id":"https:\/\/storax.be\/fr\/producten\/profiles-de-sol\/profiles-couvre-joints\/#primaryimage"},"thumbnailUrl":"https:\/\/storax.be\/wp-content\/uploads\/sites\/2\/2019\/03\/thumb_270x270_496.jpg","datePublished":"2022-08-02T12:31:13+00:00","dateModified":"2024-05-16T07:38:54+00:00","breadcrumb":{"@id":"https:\/\/storax.be\/fr\/producten\/profiles-de-sol\/profiles-couvre-joints\/#breadcrumb"},"inLanguage":"fr-FR","potentialAction":[{"@type":"ReadAction","target":["https:\/\/storax.be\/fr\/producten\/profiles-de-sol\/profiles-couvre-joints\/"]}]},{"@type":"ImageObject","inLanguage":"fr-FR","@id":"https:\/\/storax.be\/fr\/producten\/profiles-de-sol\/profiles-couvre-joints\/#primaryimage","url":"https:\/\/storax.be\/wp-content\/uploads\/sites\/2\/2019\/03\/thumb_270x270_496.jpg","contentUrl":"https:\/\/storax.be\/wp-content\/uploads\/sites\/2\/2019\/03\/thumb_270x270_496.jpg","width":270,"height":270},{"@type":"BreadcrumbList","@id":"https:\/\/storax.be\/fr\/producten\/profiles-de-sol\/profiles-couvre-joints\/#breadcrumb","itemListElement":[{"@type":"ListItem","position":1,"name":"Home","item":"https:\/\/storax.be\/fr\/"},{"@type":"ListItem","position":2,"name":"Producten","item":"https:\/\/storax.be\/fr\/producten\/%product_category%\/"},{"@type":"ListItem","position":3,"name":"Profil\u00e9s de sol","item":"https:\/\/storax.be\/fr\/producten\/profiles-de-sol\/"},{"@type":"ListItem","position":4,"name":"Profil\u00e9s couvre-joints"}]},{"@type":"WebSite","@id":"https:\/\/storax.be\/fr\/#website","url":"https:\/\/storax.be\/fr\/","name":"Storax Belgium","description":"Uw betrouwbare partner voor bouwprojecten","potentialAction":[{"@type":"SearchAction","target":{"@type":"EntryPoint","urlTemplate":"https:\/\/storax.be\/fr\/?s={search_term_string}"},"query-input":{"@type":"PropertyValueSpecification","valueRequired":true,"valueName":"search_term_string"}}],"inLanguage":"fr-FR"}]}},"_links":{"self":[{"href":"https:\/\/storax.be\/fr\/wp-json\/wp\/v2\/product\/115145","targetHints":{"allow":["GET"]}}],"collection":[{"href":"https:\/\/storax.be\/fr\/wp-json\/wp\/v2\/product"}],"about":[{"href":"https:\/\/storax.be\/fr\/wp-json\/wp\/v2\/types\/product"}],"wp:featuredmedia":[{"embeddable":true,"href":"https:\/\/storax.be\/fr\/wp-json\/wp\/v2\/media\/106347"}],"wp:attachment":[{"href":"https:\/\/storax.be\/fr\/wp-json\/wp\/v2\/media?parent=115145"}],"wp:term":[{"taxonomy":"product_category","embeddable":true,"href":"https:\/\/storax.be\/fr\/wp-json\/wp\/v2\/product_category?post=115145"},{"taxonomy":"product_tag","embeddable":true,"href":"https:\/\/storax.be\/fr\/wp-json\/wp\/v2\/product_tag?post=115145"}],"curies":[{"name":"wp","href":"https:\/\/api.w.org\/{rel}","templated":true}]}}