{"id":115144,"date":"2022-08-02T12:28:34","date_gmt":"2022-08-02T12:28:34","guid":{"rendered":"https:\/\/storax.be\/?post_type=product&#038;p=115144"},"modified":"2024-05-16T07:38:54","modified_gmt":"2024-05-16T07:38:54","slug":"trappes-devacuation-nes","status":"publish","type":"product","link":"https:\/\/storax.be\/fr\/producten\/vluchtluiken-fr\/trappes-devacuation-nes\/","title":{"rendered":"Trappes d&rsquo;\u00e9vacuation NES"},"content":{"rendered":"<h2 style=\"font-size: 1.5em; line-height: 40px; font-weight: 600;\">Sp\u00e9cialement con\u00e7ues pour les issues de secours dans les espaces souterrains<\/h2>\n<p><span style=\"font-weight: 400;\">Storax enrichit sa gamme de trappes avec un mod\u00e8le d&rsquo;\u00e9vacuation unique, sp\u00e9cialement con\u00e7u pour les issues de secours des espaces souterrains. En cas d&rsquo;urgence, la trappe d&rsquo;\u00e9vacuation s&rsquo;ouvre de mani\u00e8re \u00e9lectrique\/hydraulique par un signal de la centrale incendie.<\/span><\/p>\n<p><span style=\"font-weight: 400;\">La particularit\u00e9 de ce syst\u00e8me est que m\u00eame si ce signal n&rsquo;est pas re\u00e7u, en raison d&rsquo;une panne de l&rsquo;alimentation principale ou de secours, la trappe d&rsquo;\u00e9vacuation peut toujours \u00eatre ouverte gr\u00e2ce au syst\u00e8me d&rsquo;\u00e9nergie de secours (NES, <em>NoodEnergieSysteem<\/em><\/span><span style=\"font-weight: 400;\">). Ce syst\u00e8me offre donc une s\u00e9curit\u00e9 suppl\u00e9mentaire, en garantissant l&rsquo;ouverture de la trappe d&rsquo;\u00e9vacuation.<\/span><br \/>\n<b><\/b><\/p>\n<p><strong>Avantages d&rsquo;une trappe d&rsquo;\u00e9vacuation NES<\/strong><\/p>\n<ul>\n<li style=\"font-weight: 400;\" aria-level=\"1\"><span style=\"font-weight: 400;\">double certitude que la trappe s&rsquo;ouvrira, m\u00eame en cas de panne de l&rsquo;alimentation principale ou de secours<\/span><\/li>\n<li style=\"font-weight: 400;\" aria-level=\"1\"><span style=\"font-weight: 400;\">service de maintenance inclus<\/span><\/li>\n<li style=\"font-weight: 400;\" aria-level=\"1\"><span style=\"font-weight: 400;\">trappes d&rsquo;\u00e9vacuation fabriqu\u00e9es sur mesure<\/span><\/li>\n<li style=\"font-weight: 400;\" aria-level=\"1\"><span style=\"font-weight: 400;\">Storax prend en charge l&rsquo;ensemble du processus\u00a0: prise des mesures, dessin, calcul, fabrication et installation<\/span><\/li>\n<\/ul>\n<p><strong>R\u00e9f\u00e9rences des trappes d&rsquo;\u00e9vacuation NES<\/strong><\/p>\n<ul>\n<li style=\"font-weight: 400;\" aria-level=\"1\"><span style=\"font-weight: 400;\">13 stations de m\u00e9tro \u00e0 Rotterdam et Amsterdam<\/span><\/li>\n<li style=\"font-weight: 400;\" aria-level=\"1\"><span style=\"font-weight: 400;\">Parking Hoog Catharijne \u00e0 Utrecht<\/span><\/li>\n<li style=\"font-weight: 400;\" aria-level=\"1\"><span style=\"font-weight: 400;\">Parking Kistdam \u00e0 Amsterdam<\/span><\/li>\n<li style=\"font-weight: 400;\" aria-level=\"1\"><span style=\"font-weight: 400;\">Parking du si\u00e8ge du gouvernement provincial \u00e0 Breda<\/span><\/li>\n<li style=\"font-weight: 400;\" aria-level=\"1\"><span style=\"font-weight: 400;\">Parkings de Meelfabriek \u00e0 Leyde<\/span><\/li>\n<li style=\"font-weight: 400;\" aria-level=\"1\"><span style=\"font-weight: 400;\">Parking du Multifunctioneel Centrum Level \u00e0 Leyde<\/span><\/li>\n<\/ul>\n<p><b>\u00a0<\/b><\/p>\n","protected":false},"excerpt":{"rendered":"<p>Sp\u00e9cialement con\u00e7ues pour les issues de secours dans les espaces souterrains Storax enrichit sa gamme de trappes avec un mod\u00e8le d&rsquo;\u00e9vacuation unique, sp\u00e9cialement con\u00e7u pour les issues de secours des espaces souterrains. En cas d&rsquo;urgence, la trappe d&rsquo;\u00e9vacuation s&rsquo;ouvre de mani\u00e8re \u00e9lectrique\/hydraulique par un signal de la centrale incendie. La particularit\u00e9 de ce syst\u00e8me est\u2026<\/p>\n","protected":false},"featured_media":106338,"template":"","meta":{"_acf_changed":false},"product_category":[649],"product_tag":[],"class_list":["post-115144","product","type-product","status-publish","has-post-thumbnail","hentry","product_category-vluchtluiken-fr"],"acf":[],"yoast_head":"<!-- This site is optimized with the Yoast SEO plugin v27.3 - https:\/\/yoast.com\/product\/yoast-seo-wordpress\/ -->\n<title>Trappes d&#039;\u00e9vacuation NES - Storax Belgium<\/title>\n<meta name=\"robots\" content=\"index, follow, max-snippet:-1, max-image-preview:large, max-video-preview:-1\" \/>\n<link rel=\"canonical\" href=\"https:\/\/storax.be\/fr\/producten\/vluchtluiken-fr\/trappes-devacuation-nes\/\" \/>\n<meta property=\"og:locale\" content=\"fr_FR\" \/>\n<meta property=\"og:type\" content=\"article\" \/>\n<meta property=\"og:title\" content=\"Trappes d&#039;\u00e9vacuation NES - Storax Belgium\" \/>\n<meta property=\"og:description\" content=\"Sp\u00e9cialement con\u00e7ues pour les issues de secours dans les espaces souterrains Storax enrichit sa gamme de trappes avec un mod\u00e8le d&rsquo;\u00e9vacuation unique, sp\u00e9cialement con\u00e7u pour les issues de secours des espaces souterrains. En cas d&rsquo;urgence, la trappe d&rsquo;\u00e9vacuation s&rsquo;ouvre de mani\u00e8re \u00e9lectrique\/hydraulique par un signal de la centrale incendie. La particularit\u00e9 de ce syst\u00e8me est\u2026\" \/>\n<meta property=\"og:url\" content=\"https:\/\/storax.be\/fr\/producten\/vluchtluiken-fr\/trappes-devacuation-nes\/\" \/>\n<meta property=\"og:site_name\" content=\"Storax Belgium\" \/>\n<meta property=\"article:modified_time\" content=\"2024-05-16T07:38:54+00:00\" \/>\n<meta property=\"og:image\" content=\"https:\/\/storax.be\/wp-content\/uploads\/sites\/2\/2019\/03\/thumb_270x270_511.jpg\" \/>\n\t<meta property=\"og:image:width\" content=\"270\" \/>\n\t<meta property=\"og:image:height\" content=\"270\" \/>\n\t<meta property=\"og:image:type\" content=\"image\/jpeg\" \/>\n<meta name=\"twitter:card\" content=\"summary_large_image\" \/>\n<meta name=\"twitter:label1\" content=\"Dur\u00e9e de lecture estim\u00e9e\" \/>\n\t<meta name=\"twitter:data1\" content=\"1 minute\" \/>\n<script type=\"application\/ld+json\" class=\"yoast-schema-graph\">{\"@context\":\"https:\\\/\\\/schema.org\",\"@graph\":[{\"@type\":\"WebPage\",\"@id\":\"https:\\\/\\\/storax.be\\\/fr\\\/producten\\\/vluchtluiken-fr\\\/trappes-devacuation-nes\\\/\",\"url\":\"https:\\\/\\\/storax.be\\\/fr\\\/producten\\\/vluchtluiken-fr\\\/trappes-devacuation-nes\\\/\",\"name\":\"Trappes d'\u00e9vacuation NES - Storax Belgium\",\"isPartOf\":{\"@id\":\"https:\\\/\\\/storax.be\\\/fr\\\/#website\"},\"primaryImageOfPage\":{\"@id\":\"https:\\\/\\\/storax.be\\\/fr\\\/producten\\\/vluchtluiken-fr\\\/trappes-devacuation-nes\\\/#primaryimage\"},\"image\":{\"@id\":\"https:\\\/\\\/storax.be\\\/fr\\\/producten\\\/vluchtluiken-fr\\\/trappes-devacuation-nes\\\/#primaryimage\"},\"thumbnailUrl\":\"https:\\\/\\\/storax.be\\\/wp-content\\\/uploads\\\/sites\\\/2\\\/2019\\\/03\\\/thumb_270x270_511.jpg\",\"datePublished\":\"2022-08-02T12:28:34+00:00\",\"dateModified\":\"2024-05-16T07:38:54+00:00\",\"breadcrumb\":{\"@id\":\"https:\\\/\\\/storax.be\\\/fr\\\/producten\\\/vluchtluiken-fr\\\/trappes-devacuation-nes\\\/#breadcrumb\"},\"inLanguage\":\"fr-FR\",\"potentialAction\":[{\"@type\":\"ReadAction\",\"target\":[\"https:\\\/\\\/storax.be\\\/fr\\\/producten\\\/vluchtluiken-fr\\\/trappes-devacuation-nes\\\/\"]}]},{\"@type\":\"ImageObject\",\"inLanguage\":\"fr-FR\",\"@id\":\"https:\\\/\\\/storax.be\\\/fr\\\/producten\\\/vluchtluiken-fr\\\/trappes-devacuation-nes\\\/#primaryimage\",\"url\":\"https:\\\/\\\/storax.be\\\/wp-content\\\/uploads\\\/sites\\\/2\\\/2019\\\/03\\\/thumb_270x270_511.jpg\",\"contentUrl\":\"https:\\\/\\\/storax.be\\\/wp-content\\\/uploads\\\/sites\\\/2\\\/2019\\\/03\\\/thumb_270x270_511.jpg\",\"width\":270,\"height\":270},{\"@type\":\"BreadcrumbList\",\"@id\":\"https:\\\/\\\/storax.be\\\/fr\\\/producten\\\/vluchtluiken-fr\\\/trappes-devacuation-nes\\\/#breadcrumb\",\"itemListElement\":[{\"@type\":\"ListItem\",\"position\":1,\"name\":\"Home\",\"item\":\"https:\\\/\\\/storax.be\\\/fr\\\/\"},{\"@type\":\"ListItem\",\"position\":2,\"name\":\"Producten\",\"item\":\"https:\\\/\\\/storax.be\\\/fr\\\/producten\\\/%product_category%\\\/\"},{\"@type\":\"ListItem\",\"position\":3,\"name\":\"Trappes de sauvetage\",\"item\":\"https:\\\/\\\/storax.be\\\/fr\\\/producten\\\/vluchtluiken-fr\\\/\"},{\"@type\":\"ListItem\",\"position\":4,\"name\":\"Trappes d&#8217;\u00e9vacuation NES\"}]},{\"@type\":\"WebSite\",\"@id\":\"https:\\\/\\\/storax.be\\\/fr\\\/#website\",\"url\":\"https:\\\/\\\/storax.be\\\/fr\\\/\",\"name\":\"Storax Belgium\",\"description\":\"Uw betrouwbare partner voor bouwprojecten\",\"potentialAction\":[{\"@type\":\"SearchAction\",\"target\":{\"@type\":\"EntryPoint\",\"urlTemplate\":\"https:\\\/\\\/storax.be\\\/fr\\\/?s={search_term_string}\"},\"query-input\":{\"@type\":\"PropertyValueSpecification\",\"valueRequired\":true,\"valueName\":\"search_term_string\"}}],\"inLanguage\":\"fr-FR\"}]}<\/script>\n<!-- \/ Yoast SEO plugin. -->","yoast_head_json":{"title":"Trappes d'\u00e9vacuation NES - Storax Belgium","robots":{"index":"index","follow":"follow","max-snippet":"max-snippet:-1","max-image-preview":"max-image-preview:large","max-video-preview":"max-video-preview:-1"},"canonical":"https:\/\/storax.be\/fr\/producten\/vluchtluiken-fr\/trappes-devacuation-nes\/","og_locale":"fr_FR","og_type":"article","og_title":"Trappes d'\u00e9vacuation NES - Storax Belgium","og_description":"Sp\u00e9cialement con\u00e7ues pour les issues de secours dans les espaces souterrains Storax enrichit sa gamme de trappes avec un mod\u00e8le d&rsquo;\u00e9vacuation unique, sp\u00e9cialement con\u00e7u pour les issues de secours des espaces souterrains. En cas d&rsquo;urgence, la trappe d&rsquo;\u00e9vacuation s&rsquo;ouvre de mani\u00e8re \u00e9lectrique\/hydraulique par un signal de la centrale incendie. La particularit\u00e9 de ce syst\u00e8me est\u2026","og_url":"https:\/\/storax.be\/fr\/producten\/vluchtluiken-fr\/trappes-devacuation-nes\/","og_site_name":"Storax Belgium","article_modified_time":"2024-05-16T07:38:54+00:00","og_image":[{"width":270,"height":270,"url":"https:\/\/storax.be\/wp-content\/uploads\/sites\/2\/2019\/03\/thumb_270x270_511.jpg","type":"image\/jpeg"}],"twitter_card":"summary_large_image","twitter_misc":{"Dur\u00e9e de lecture estim\u00e9e":"1 minute"},"schema":{"@context":"https:\/\/schema.org","@graph":[{"@type":"WebPage","@id":"https:\/\/storax.be\/fr\/producten\/vluchtluiken-fr\/trappes-devacuation-nes\/","url":"https:\/\/storax.be\/fr\/producten\/vluchtluiken-fr\/trappes-devacuation-nes\/","name":"Trappes d'\u00e9vacuation NES - Storax Belgium","isPartOf":{"@id":"https:\/\/storax.be\/fr\/#website"},"primaryImageOfPage":{"@id":"https:\/\/storax.be\/fr\/producten\/vluchtluiken-fr\/trappes-devacuation-nes\/#primaryimage"},"image":{"@id":"https:\/\/storax.be\/fr\/producten\/vluchtluiken-fr\/trappes-devacuation-nes\/#primaryimage"},"thumbnailUrl":"https:\/\/storax.be\/wp-content\/uploads\/sites\/2\/2019\/03\/thumb_270x270_511.jpg","datePublished":"2022-08-02T12:28:34+00:00","dateModified":"2024-05-16T07:38:54+00:00","breadcrumb":{"@id":"https:\/\/storax.be\/fr\/producten\/vluchtluiken-fr\/trappes-devacuation-nes\/#breadcrumb"},"inLanguage":"fr-FR","potentialAction":[{"@type":"ReadAction","target":["https:\/\/storax.be\/fr\/producten\/vluchtluiken-fr\/trappes-devacuation-nes\/"]}]},{"@type":"ImageObject","inLanguage":"fr-FR","@id":"https:\/\/storax.be\/fr\/producten\/vluchtluiken-fr\/trappes-devacuation-nes\/#primaryimage","url":"https:\/\/storax.be\/wp-content\/uploads\/sites\/2\/2019\/03\/thumb_270x270_511.jpg","contentUrl":"https:\/\/storax.be\/wp-content\/uploads\/sites\/2\/2019\/03\/thumb_270x270_511.jpg","width":270,"height":270},{"@type":"BreadcrumbList","@id":"https:\/\/storax.be\/fr\/producten\/vluchtluiken-fr\/trappes-devacuation-nes\/#breadcrumb","itemListElement":[{"@type":"ListItem","position":1,"name":"Home","item":"https:\/\/storax.be\/fr\/"},{"@type":"ListItem","position":2,"name":"Producten","item":"https:\/\/storax.be\/fr\/producten\/%product_category%\/"},{"@type":"ListItem","position":3,"name":"Trappes de sauvetage","item":"https:\/\/storax.be\/fr\/producten\/vluchtluiken-fr\/"},{"@type":"ListItem","position":4,"name":"Trappes d&#8217;\u00e9vacuation NES"}]},{"@type":"WebSite","@id":"https:\/\/storax.be\/fr\/#website","url":"https:\/\/storax.be\/fr\/","name":"Storax Belgium","description":"Uw betrouwbare partner voor bouwprojecten","potentialAction":[{"@type":"SearchAction","target":{"@type":"EntryPoint","urlTemplate":"https:\/\/storax.be\/fr\/?s={search_term_string}"},"query-input":{"@type":"PropertyValueSpecification","valueRequired":true,"valueName":"search_term_string"}}],"inLanguage":"fr-FR"}]}},"_links":{"self":[{"href":"https:\/\/storax.be\/fr\/wp-json\/wp\/v2\/product\/115144","targetHints":{"allow":["GET"]}}],"collection":[{"href":"https:\/\/storax.be\/fr\/wp-json\/wp\/v2\/product"}],"about":[{"href":"https:\/\/storax.be\/fr\/wp-json\/wp\/v2\/types\/product"}],"wp:featuredmedia":[{"embeddable":true,"href":"https:\/\/storax.be\/fr\/wp-json\/wp\/v2\/media\/106338"}],"wp:attachment":[{"href":"https:\/\/storax.be\/fr\/wp-json\/wp\/v2\/media?parent=115144"}],"wp:term":[{"taxonomy":"product_category","embeddable":true,"href":"https:\/\/storax.be\/fr\/wp-json\/wp\/v2\/product_category?post=115144"},{"taxonomy":"product_tag","embeddable":true,"href":"https:\/\/storax.be\/fr\/wp-json\/wp\/v2\/product_tag?post=115144"}],"curies":[{"name":"wp","href":"https:\/\/api.w.org\/{rel}","templated":true}]}}