{"id":115142,"date":"2022-08-02T12:23:55","date_gmt":"2022-08-02T12:23:55","guid":{"rendered":"https:\/\/storax.be\/?post_type=product&#038;p=115142"},"modified":"2024-05-16T07:38:53","modified_gmt":"2024-05-16T07:38:53","slug":"profiles-de-nez-de-marche-inox","status":"publish","type":"product","link":"https:\/\/storax.be\/fr\/producten\/nez-de-marche\/profiles-de-nez-de-marche-inox\/","title":{"rendered":"Profil\u00e9s de nez de marche inox"},"content":{"rendered":"\r\n<p><span style=\"font-weight: 400;\">Storax propose une gamme compl\u00e8te de nez de marche en acier inoxydable en qualit\u00e9 304 ou 316. Les profil\u00e9s antid\u00e9rapants pour escaliers conviennent \u00e0 un usage ext\u00e9rieur. Vous trouverez ci-dessous un aper\u00e7u des profil\u00e9s de nez de marche en acier inoxydable avec ou sans insert antid\u00e9rapant.<\/span><\/p>\r\n\r\n<p>&nbsp;<\/p>\r\n<table style=\"width: 100%;\">\r\n<tbody>\r\n<tr>\r\n<td style=\"width: 100%; height: 36px; text-align: left; line-height: 24px; padding-left: 5px; vertical-align: middle; background-color: #009ee2;\"><span style=\"color: #ffffff;\"><b>Profil\u00e9s de nez de marche en acier inoxydable avec insert<\/b><\/span><\/td>\r\n<\/tr>\r\n<\/tbody>\r\n<\/table>\r\n<table style=\"border-color: #000000; width: 100%;\" cellspacing=\"0\">\r\n<tbody>\r\n<tr>\r\n<td style=\"border: thin solid #d2dee8; width: 45%;\"><img loading=\"lazy\" decoding=\"async\" class=\"alignnone size-medium wp-image-104546\" src=\"https:\/\/storax.be\/wp-content\/uploads\/sites\/2\/2019\/10\/394-300x300.jpg\" alt=\"\" width=\"300\" height=\"300\" srcset=\"https:\/\/storax.be\/wp-content\/uploads\/sites\/2\/2019\/10\/394-300x300.jpg 300w, https:\/\/storax.be\/wp-content\/uploads\/sites\/2\/2019\/10\/394-150x150.jpg 150w, https:\/\/storax.be\/wp-content\/uploads\/sites\/2\/2019\/10\/394.jpg 591w\" sizes=\"auto, (max-width: 300px) 100vw, 300px\" \/><\/td>\r\n<td style=\"border-color: #d2dee8; width: 5%;\">\u00a0<\/td>\r\n<td style=\"border: thin solid #d2dee8; width: 45%;\"><img loading=\"lazy\" decoding=\"async\" class=\"alignnone size-medium wp-image-104547\" src=\"https:\/\/storax.be\/wp-content\/uploads\/sites\/2\/2019\/10\/395-300x300.jpg\" alt=\"\" width=\"300\" height=\"300\" srcset=\"https:\/\/storax.be\/wp-content\/uploads\/sites\/2\/2019\/10\/395-300x300.jpg 300w, https:\/\/storax.be\/wp-content\/uploads\/sites\/2\/2019\/10\/395-150x150.jpg 150w, https:\/\/storax.be\/wp-content\/uploads\/sites\/2\/2019\/10\/395.jpg 591w\" sizes=\"auto, (max-width: 300px) 100vw, 300px\" \/><\/td>\r\n<\/tr>\r\n<tr>\r\n<td style=\"width: 45%; height: 40px; text-align: center; font-size: 14px; vertical-align: middle; border-right-color: #d2dee8; border-bottom-color: #d2dee8; border-left-color: #d2dee8; border-right-width: thin; border-bottom-width: thin; border-left-width: thin; border-right-style: solid; border-bottom-style: solid; border-left-style: solid; background-color: #edf1f3;\"><b>394 RVS mat<\/b><\/td>\r\n<td style=\"width: 5%;\">\u00a0<\/td>\r\n<td style=\"width: 45%; height: 40px; text-align: center; font-size: 14px; vertical-align: middle; border-right-color: #d2dee8; border-bottom-color: #d2dee8; border-left-color: #d2dee8; border-right-width: thin; border-bottom-width: thin; border-left-width: thin; border-right-style: solid; border-bottom-style: solid; border-left-style: solid; background-color: #edf1f3;\"><b>395 RVS mat<\/b><\/td>\r\n<\/tr>\r\n<\/tbody>\r\n<\/table>\r\n<table style=\"border-color: #000000; width: 100%;\" cellspacing=\"0\">\r\n<tbody>\r\n<tr>\r\n<td style=\"border: thin solid #d2dee8; width: 45%;\"><img loading=\"lazy\" decoding=\"async\" class=\"alignnone size-medium wp-image-104548\" src=\"https:\/\/storax.be\/wp-content\/uploads\/sites\/2\/2019\/10\/396-300x300.jpg\" alt=\"\" width=\"300\" height=\"300\" srcset=\"https:\/\/storax.be\/wp-content\/uploads\/sites\/2\/2019\/10\/396-300x300.jpg 300w, https:\/\/storax.be\/wp-content\/uploads\/sites\/2\/2019\/10\/396-150x150.jpg 150w, https:\/\/storax.be\/wp-content\/uploads\/sites\/2\/2019\/10\/396.jpg 591w\" sizes=\"auto, (max-width: 300px) 100vw, 300px\" \/><\/td>\r\n<td style=\"border-color: #d2dee8; width: 5%;\">\u00a0<\/td>\r\n<td style=\"width: 45%;\">\u00a0<\/td>\r\n<\/tr>\r\n<tr>\r\n<td style=\"width: 45%; height: 40px; text-align: center; font-size: 14px; vertical-align: middle; border-right-color: #d2dee8; border-bottom-color: #d2dee8; border-left-color: #d2dee8; border-right-width: thin; border-bottom-width: thin; border-left-width: thin; border-right-style: solid; border-bottom-style: solid; border-left-style: solid; background-color: #edf1f3;\"><b>396 RVS mat<\/b><\/td>\r\n<td style=\"width: 5%;\">\u00a0<\/td>\r\n<\/tr>\r\n<\/tbody>\r\n<\/table>\r\n<p>&lt;!&#8211; \u00a0 <b>\u00a0<\/b><\/p>\r\n<table style=\"width: 100%;\">\r\n<tbody>\r\n<tr>\r\n<td style=\"width: 100%; height: 36px; text-align: left; line-height: 24px; padding-left: 5px; vertical-align: middle; background-color: #009ee2;\"><span style=\"color: #ffffff;\"><b>Nez de marche perfor\u00e9s en acier inoxydable<\/b><\/span><\/td>\r\n<\/tr>\r\n<\/tbody>\r\n<\/table>\r\n<table style=\"border-color: #000000; width: 100%;\" cellspacing=\"0\">\r\n<tbody>\r\n<tr>\r\n<td style=\"border: thin solid #d2dee8; width: 45%;\"><img loading=\"lazy\" decoding=\"async\" class=\"alignnone size-medium wp-image-104564\" src=\"https:\/\/storax.be\/wp-content\/uploads\/sites\/2\/2019\/10\/311-300x227.png\" alt=\"\" width=\"300\" height=\"227\" srcset=\"https:\/\/storax.be\/wp-content\/uploads\/sites\/2\/2019\/10\/311-300x227.png 300w, https:\/\/storax.be\/wp-content\/uploads\/sites\/2\/2019\/10\/311.png 470w\" sizes=\"auto, (max-width: 300px) 100vw, 300px\" \/><\/td>\r\n<td style=\"border-color: #d2dee8; width: 5%;\">\u00a0<\/td>\r\n<td style=\"border: thin solid #d2dee8; width: 45%;\"><img loading=\"lazy\" decoding=\"async\" class=\"alignnone size-medium wp-image-104565\" src=\"https:\/\/storax.be\/wp-content\/uploads\/sites\/2\/2019\/10\/312-300x227.png\" alt=\"\" width=\"300\" height=\"227\" srcset=\"https:\/\/storax.be\/wp-content\/uploads\/sites\/2\/2019\/10\/312-300x227.png 300w, https:\/\/storax.be\/wp-content\/uploads\/sites\/2\/2019\/10\/312.png 470w\" sizes=\"auto, (max-width: 300px) 100vw, 300px\" \/><\/td>\r\n<\/tr>\r\n<tr>\r\n<td style=\"width: 45%; height: 40px; text-align: center; font-size: 14px; vertical-align: middle; border-right-color: #d2dee8; border-bottom-color: #d2dee8; border-left-color: #d2dee8; border-right-width: thin; border-bottom-width: thin; border-left-width: thin; border-right-style: solid; border-bottom-style: solid; border-left-style: solid; background-color: #edf1f3;\"><b>311<\/b><\/td>\r\n<td style=\"width: 5%;\">\u00a0<\/td>\r\n<td style=\"width: 45%; height: 40px; text-align: center; font-size: 14px; vertical-align: middle; border-right-color: #d2dee8; border-bottom-color: #d2dee8; border-left-color: #d2dee8; border-right-width: thin; border-bottom-width: thin; border-left-width: thin; border-right-style: solid; border-bottom-style: solid; border-left-style: solid; background-color: #edf1f3;\"><b>312<\/b><\/td>\r\n<\/tr>\r\n<\/tbody>\r\n<\/table>\r\n<table style=\"border-color: #000000; width: 100%;\" cellspacing=\"0\">\r\n<tbody>\r\n<tr>\r\n<td style=\"border: thin solid #d2dee8; width: 45%;\"><img loading=\"lazy\" decoding=\"async\" class=\"alignnone size-medium wp-image-104566\" src=\"https:\/\/storax.be\/wp-content\/uploads\/sites\/2\/2019\/10\/318-300x227.png\" alt=\"\" width=\"300\" height=\"227\" srcset=\"https:\/\/storax.be\/wp-content\/uploads\/sites\/2\/2019\/10\/318-300x227.png 300w, https:\/\/storax.be\/wp-content\/uploads\/sites\/2\/2019\/10\/318.png 470w\" sizes=\"auto, (max-width: 300px) 100vw, 300px\" \/><\/td>\r\n<td style=\"border-color: #d2dee8; width: 5%;\">\u00a0<\/td>\r\n<td style=\"border: thin solid #d2dee8; width: 45%;\"><img loading=\"lazy\" decoding=\"async\" class=\"alignnone size-medium wp-image-104567\" src=\"https:\/\/storax.be\/wp-content\/uploads\/sites\/2\/2019\/10\/319-300x227.png\" alt=\"\" width=\"300\" height=\"227\" srcset=\"https:\/\/storax.be\/wp-content\/uploads\/sites\/2\/2019\/10\/319-300x227.png 300w, https:\/\/storax.be\/wp-content\/uploads\/sites\/2\/2019\/10\/319.png 470w\" sizes=\"auto, (max-width: 300px) 100vw, 300px\" \/><\/td>\r\n<\/tr>\r\n<tr>\r\n<td style=\"width: 45%; height: 40px; text-align: center; font-size: 14px; vertical-align: middle; border-right-color: #d2dee8; border-bottom-color: #d2dee8; border-left-color: #d2dee8; border-right-width: thin; border-bottom-width: thin; border-left-width: thin; border-right-style: solid; border-bottom-style: solid; border-left-style: solid; background-color: #edf1f3;\"><b>318<\/b><\/td>\r\n<td style=\"width: 5%;\">\u00a0<\/td>\r\n<td style=\"width: 45%; height: 40px; text-align: center; font-size: 14px; vertical-align: middle; border-right-color: #d2dee8; border-bottom-color: #d2dee8; border-left-color: #d2dee8; border-right-width: thin; border-bottom-width: thin; border-left-width: thin; border-right-style: solid; border-bottom-style: solid; border-left-style: solid; background-color: #edf1f3;\"><b>319<\/b><\/td>\r\n<\/tr>\r\n<\/tbody>\r\n<\/table>\r\n<table style=\"border-color: #000000; width: 100%;\" cellspacing=\"0\">\r\n<tbody>\r\n<tr>\r\n<td style=\"border: thin solid #d2dee8; width: 45%;\"><img loading=\"lazy\" decoding=\"async\" class=\"alignnone size-medium wp-image-104568\" src=\"https:\/\/storax.be\/wp-content\/uploads\/sites\/2\/2019\/10\/320-300x227.png\" alt=\"\" width=\"300\" height=\"227\" srcset=\"https:\/\/storax.be\/wp-content\/uploads\/sites\/2\/2019\/10\/320-300x227.png 300w, https:\/\/storax.be\/wp-content\/uploads\/sites\/2\/2019\/10\/320.png 470w\" sizes=\"auto, (max-width: 300px) 100vw, 300px\" \/><\/td>\r\n<td style=\"border-color: #d2dee8; width: 5%;\">\u00a0<\/td>\r\n<td style=\"width: 45%;\">\u00a0<\/td>\r\n<\/tr>\r\n<tr>\r\n<td style=\"width: 45%; height: 40px; text-align: center; font-size: 14px; vertical-align: middle; border-right-color: #d2dee8; border-bottom-color: #d2dee8; border-left-color: #d2dee8; border-right-width: thin; border-bottom-width: thin; border-left-width: thin; border-right-style: solid; border-bottom-style: solid; border-left-style: solid; background-color: #edf1f3;\"><b>320<\/b><\/td>\r\n<td style=\"width: 5%;\">\u00a0<\/td>\r\n<td style=\"width: 45%; height: 40px; text-align: center; font-size: 14px; vertical-align: middle;\">\u00a0<\/td>\r\n<\/tr>\r\n<\/tbody>\r\n<\/table>\r\n\r\n<div class=\"wp-block-spacer\" style=\"height: 50px;\" aria-hidden=\"true\">\u00a0<\/div>\r\n","protected":false},"excerpt":{"rendered":"<p>Storax propose une gamme compl\u00e8te de nez de marche en acier inoxydable en qualit\u00e9 304 ou 316. Les profil\u00e9s antid\u00e9rapants pour escaliers conviennent \u00e0 un usage ext\u00e9rieur. Vous trouverez ci-dessous un aper\u00e7u des profil\u00e9s de nez de marche en acier inoxydable avec ou sans insert antid\u00e9rapant. &nbsp; Profil\u00e9s de nez de marche en acier inoxydable\u2026<\/p>\n","protected":false},"featured_media":109830,"template":"","meta":{"_acf_changed":false},"product_category":[634],"product_tag":[534,549],"class_list":["post-115142","product","type-product","status-publish","has-post-thumbnail","hentry","product_category-nez-de-marche","product_tag-onbekleed-fr","product_tag-rvs-fr"],"acf":[],"yoast_head":"<!-- This site is optimized with the Yoast SEO plugin v27.3 - https:\/\/yoast.com\/product\/yoast-seo-wordpress\/ -->\n<title>Profil\u00e9s de nez de marche inox - Storax Belgium<\/title>\n<meta name=\"robots\" content=\"index, follow, max-snippet:-1, max-image-preview:large, max-video-preview:-1\" \/>\n<link rel=\"canonical\" href=\"https:\/\/storax.be\/fr\/producten\/nez-de-marche\/profiles-de-nez-de-marche-inox\/\" \/>\n<meta property=\"og:locale\" content=\"fr_FR\" \/>\n<meta property=\"og:type\" content=\"article\" \/>\n<meta property=\"og:title\" content=\"Profil\u00e9s de nez de marche inox - Storax Belgium\" \/>\n<meta property=\"og:description\" content=\"Storax propose une gamme compl\u00e8te de nez de marche en acier inoxydable en qualit\u00e9 304 ou 316. Les profil\u00e9s antid\u00e9rapants pour escaliers conviennent \u00e0 un usage ext\u00e9rieur. Vous trouverez ci-dessous un aper\u00e7u des profil\u00e9s de nez de marche en acier inoxydable avec ou sans insert antid\u00e9rapant. &nbsp; Profil\u00e9s de nez de marche en acier inoxydable\u2026\" \/>\n<meta property=\"og:url\" content=\"https:\/\/storax.be\/fr\/producten\/nez-de-marche\/profiles-de-nez-de-marche-inox\/\" \/>\n<meta property=\"og:site_name\" content=\"Storax Belgium\" \/>\n<meta property=\"article:modified_time\" content=\"2024-05-16T07:38:53+00:00\" \/>\n<meta property=\"og:image\" content=\"https:\/\/storax.be\/wp-content\/uploads\/sites\/2\/2019\/10\/rvs.png\" \/>\n\t<meta property=\"og:image:width\" content=\"470\" \/>\n\t<meta property=\"og:image:height\" content=\"470\" \/>\n\t<meta property=\"og:image:type\" content=\"image\/png\" \/>\n<meta name=\"twitter:card\" content=\"summary_large_image\" \/>\n<meta name=\"twitter:label1\" content=\"Dur\u00e9e de lecture estim\u00e9e\" \/>\n\t<meta name=\"twitter:data1\" content=\"2 minutes\" \/>\n<script type=\"application\/ld+json\" class=\"yoast-schema-graph\">{\"@context\":\"https:\\\/\\\/schema.org\",\"@graph\":[{\"@type\":\"WebPage\",\"@id\":\"https:\\\/\\\/storax.be\\\/fr\\\/producten\\\/nez-de-marche\\\/profiles-de-nez-de-marche-inox\\\/\",\"url\":\"https:\\\/\\\/storax.be\\\/fr\\\/producten\\\/nez-de-marche\\\/profiles-de-nez-de-marche-inox\\\/\",\"name\":\"Profil\u00e9s de nez de marche inox - Storax Belgium\",\"isPartOf\":{\"@id\":\"https:\\\/\\\/storax.be\\\/fr\\\/#website\"},\"primaryImageOfPage\":{\"@id\":\"https:\\\/\\\/storax.be\\\/fr\\\/producten\\\/nez-de-marche\\\/profiles-de-nez-de-marche-inox\\\/#primaryimage\"},\"image\":{\"@id\":\"https:\\\/\\\/storax.be\\\/fr\\\/producten\\\/nez-de-marche\\\/profiles-de-nez-de-marche-inox\\\/#primaryimage\"},\"thumbnailUrl\":\"https:\\\/\\\/storax.be\\\/wp-content\\\/uploads\\\/sites\\\/2\\\/2019\\\/10\\\/rvs.png\",\"datePublished\":\"2022-08-02T12:23:55+00:00\",\"dateModified\":\"2024-05-16T07:38:53+00:00\",\"breadcrumb\":{\"@id\":\"https:\\\/\\\/storax.be\\\/fr\\\/producten\\\/nez-de-marche\\\/profiles-de-nez-de-marche-inox\\\/#breadcrumb\"},\"inLanguage\":\"fr-FR\",\"potentialAction\":[{\"@type\":\"ReadAction\",\"target\":[\"https:\\\/\\\/storax.be\\\/fr\\\/producten\\\/nez-de-marche\\\/profiles-de-nez-de-marche-inox\\\/\"]}]},{\"@type\":\"ImageObject\",\"inLanguage\":\"fr-FR\",\"@id\":\"https:\\\/\\\/storax.be\\\/fr\\\/producten\\\/nez-de-marche\\\/profiles-de-nez-de-marche-inox\\\/#primaryimage\",\"url\":\"https:\\\/\\\/storax.be\\\/wp-content\\\/uploads\\\/sites\\\/2\\\/2019\\\/10\\\/rvs.png\",\"contentUrl\":\"https:\\\/\\\/storax.be\\\/wp-content\\\/uploads\\\/sites\\\/2\\\/2019\\\/10\\\/rvs.png\",\"width\":470,\"height\":470},{\"@type\":\"BreadcrumbList\",\"@id\":\"https:\\\/\\\/storax.be\\\/fr\\\/producten\\\/nez-de-marche\\\/profiles-de-nez-de-marche-inox\\\/#breadcrumb\",\"itemListElement\":[{\"@type\":\"ListItem\",\"position\":1,\"name\":\"Home\",\"item\":\"https:\\\/\\\/storax.be\\\/fr\\\/\"},{\"@type\":\"ListItem\",\"position\":2,\"name\":\"Producten\",\"item\":\"https:\\\/\\\/storax.be\\\/fr\\\/producten\\\/%product_category%\\\/\"},{\"@type\":\"ListItem\",\"position\":3,\"name\":\"Nez de marche\",\"item\":\"https:\\\/\\\/storax.be\\\/fr\\\/producten\\\/nez-de-marche\\\/\"},{\"@type\":\"ListItem\",\"position\":4,\"name\":\"Profil\u00e9s de nez de marche inox\"}]},{\"@type\":\"WebSite\",\"@id\":\"https:\\\/\\\/storax.be\\\/fr\\\/#website\",\"url\":\"https:\\\/\\\/storax.be\\\/fr\\\/\",\"name\":\"Storax Belgium\",\"description\":\"Uw betrouwbare partner voor bouwprojecten\",\"potentialAction\":[{\"@type\":\"SearchAction\",\"target\":{\"@type\":\"EntryPoint\",\"urlTemplate\":\"https:\\\/\\\/storax.be\\\/fr\\\/?s={search_term_string}\"},\"query-input\":{\"@type\":\"PropertyValueSpecification\",\"valueRequired\":true,\"valueName\":\"search_term_string\"}}],\"inLanguage\":\"fr-FR\"}]}<\/script>\n<!-- \/ Yoast SEO plugin. -->","yoast_head_json":{"title":"Profil\u00e9s de nez de marche inox - Storax Belgium","robots":{"index":"index","follow":"follow","max-snippet":"max-snippet:-1","max-image-preview":"max-image-preview:large","max-video-preview":"max-video-preview:-1"},"canonical":"https:\/\/storax.be\/fr\/producten\/nez-de-marche\/profiles-de-nez-de-marche-inox\/","og_locale":"fr_FR","og_type":"article","og_title":"Profil\u00e9s de nez de marche inox - Storax Belgium","og_description":"Storax propose une gamme compl\u00e8te de nez de marche en acier inoxydable en qualit\u00e9 304 ou 316. Les profil\u00e9s antid\u00e9rapants pour escaliers conviennent \u00e0 un usage ext\u00e9rieur. Vous trouverez ci-dessous un aper\u00e7u des profil\u00e9s de nez de marche en acier inoxydable avec ou sans insert antid\u00e9rapant. &nbsp; Profil\u00e9s de nez de marche en acier inoxydable\u2026","og_url":"https:\/\/storax.be\/fr\/producten\/nez-de-marche\/profiles-de-nez-de-marche-inox\/","og_site_name":"Storax Belgium","article_modified_time":"2024-05-16T07:38:53+00:00","og_image":[{"width":470,"height":470,"url":"https:\/\/storax.be\/wp-content\/uploads\/sites\/2\/2019\/10\/rvs.png","type":"image\/png"}],"twitter_card":"summary_large_image","twitter_misc":{"Dur\u00e9e de lecture estim\u00e9e":"2 minutes"},"schema":{"@context":"https:\/\/schema.org","@graph":[{"@type":"WebPage","@id":"https:\/\/storax.be\/fr\/producten\/nez-de-marche\/profiles-de-nez-de-marche-inox\/","url":"https:\/\/storax.be\/fr\/producten\/nez-de-marche\/profiles-de-nez-de-marche-inox\/","name":"Profil\u00e9s de nez de marche inox - Storax Belgium","isPartOf":{"@id":"https:\/\/storax.be\/fr\/#website"},"primaryImageOfPage":{"@id":"https:\/\/storax.be\/fr\/producten\/nez-de-marche\/profiles-de-nez-de-marche-inox\/#primaryimage"},"image":{"@id":"https:\/\/storax.be\/fr\/producten\/nez-de-marche\/profiles-de-nez-de-marche-inox\/#primaryimage"},"thumbnailUrl":"https:\/\/storax.be\/wp-content\/uploads\/sites\/2\/2019\/10\/rvs.png","datePublished":"2022-08-02T12:23:55+00:00","dateModified":"2024-05-16T07:38:53+00:00","breadcrumb":{"@id":"https:\/\/storax.be\/fr\/producten\/nez-de-marche\/profiles-de-nez-de-marche-inox\/#breadcrumb"},"inLanguage":"fr-FR","potentialAction":[{"@type":"ReadAction","target":["https:\/\/storax.be\/fr\/producten\/nez-de-marche\/profiles-de-nez-de-marche-inox\/"]}]},{"@type":"ImageObject","inLanguage":"fr-FR","@id":"https:\/\/storax.be\/fr\/producten\/nez-de-marche\/profiles-de-nez-de-marche-inox\/#primaryimage","url":"https:\/\/storax.be\/wp-content\/uploads\/sites\/2\/2019\/10\/rvs.png","contentUrl":"https:\/\/storax.be\/wp-content\/uploads\/sites\/2\/2019\/10\/rvs.png","width":470,"height":470},{"@type":"BreadcrumbList","@id":"https:\/\/storax.be\/fr\/producten\/nez-de-marche\/profiles-de-nez-de-marche-inox\/#breadcrumb","itemListElement":[{"@type":"ListItem","position":1,"name":"Home","item":"https:\/\/storax.be\/fr\/"},{"@type":"ListItem","position":2,"name":"Producten","item":"https:\/\/storax.be\/fr\/producten\/%product_category%\/"},{"@type":"ListItem","position":3,"name":"Nez de marche","item":"https:\/\/storax.be\/fr\/producten\/nez-de-marche\/"},{"@type":"ListItem","position":4,"name":"Profil\u00e9s de nez de marche inox"}]},{"@type":"WebSite","@id":"https:\/\/storax.be\/fr\/#website","url":"https:\/\/storax.be\/fr\/","name":"Storax Belgium","description":"Uw betrouwbare partner voor bouwprojecten","potentialAction":[{"@type":"SearchAction","target":{"@type":"EntryPoint","urlTemplate":"https:\/\/storax.be\/fr\/?s={search_term_string}"},"query-input":{"@type":"PropertyValueSpecification","valueRequired":true,"valueName":"search_term_string"}}],"inLanguage":"fr-FR"}]}},"_links":{"self":[{"href":"https:\/\/storax.be\/fr\/wp-json\/wp\/v2\/product\/115142","targetHints":{"allow":["GET"]}}],"collection":[{"href":"https:\/\/storax.be\/fr\/wp-json\/wp\/v2\/product"}],"about":[{"href":"https:\/\/storax.be\/fr\/wp-json\/wp\/v2\/types\/product"}],"wp:featuredmedia":[{"embeddable":true,"href":"https:\/\/storax.be\/fr\/wp-json\/wp\/v2\/media\/109830"}],"wp:attachment":[{"href":"https:\/\/storax.be\/fr\/wp-json\/wp\/v2\/media?parent=115142"}],"wp:term":[{"taxonomy":"product_category","embeddable":true,"href":"https:\/\/storax.be\/fr\/wp-json\/wp\/v2\/product_category?post=115142"},{"taxonomy":"product_tag","embeddable":true,"href":"https:\/\/storax.be\/fr\/wp-json\/wp\/v2\/product_tag?post=115142"}],"curies":[{"name":"wp","href":"https:\/\/api.w.org\/{rel}","templated":true}]}}