{"id":115132,"date":"2022-08-02T12:06:49","date_gmt":"2022-08-02T12:06:49","guid":{"rendered":"https:\/\/storax.be\/?post_type=product&#038;p=115132"},"modified":"2024-05-16T07:38:51","modified_gmt":"2024-05-16T07:38:51","slug":"v650","status":"publish","type":"product","link":"https:\/\/storax.be\/fr\/producten\/voegen-afdichting-fr\/v650\/","title":{"rendered":"V650"},"content":{"rendered":"<h2><strong>Mortier joint CG2 WA<\/strong><\/h2>\n<p>Caract\u00e9ristiques du produit<\/p>\n<ul>\n<li>Finition de joint d\u00e9corative pour tous les carreaux<\/li>\n<li>Joint polyvalent\u00a0: tous les carreaux, toutes les applications<\/li>\n<li>Ne blanchit pas (sans alt\u00e9ration)<\/li>\n<li>Adapt\u00e9 aux carreaux rectifi\u00e9s<\/li>\n<li>Large choix de teintes en accord avec tous les carreaux tendance ( 19 teintes )<\/li>\n<li>Hydrofug\u00e9<\/li>\n<\/ul>\n<p>Application<\/p>\n<ul>\n<li>R\u00e9alisation de joints pour toutes types de carreaux et fa\u00efence jusqu&rsquo;\u00e0 10\u00a0mm de large sur les sols et les murs int\u00e9rieurs et ext\u00e9rieurs, sur les plans de travail et dans les piscines priv\u00e9es<\/li>\n<li>Adapt\u00e9 aux sols en bois, chauffants hydrauliques (r\u00e9versibles ou non) et sols chauffants \u00e9lectriques (PRE)<\/li>\n<\/ul>\n<p>Conditionnement<\/p>\n<ul>\n<li>Seau de 10\u00a0kg<\/li>\n<li>Seau de 5\u00a0kg<\/li>\n<li>Pot de 1\u00a0kg<\/li>\n<\/ul>\n","protected":false},"excerpt":{"rendered":"<p>Mortier joint CG2 WA Caract\u00e9ristiques du produit Finition de joint d\u00e9corative pour tous les carreaux Joint polyvalent\u00a0: tous les carreaux, toutes les applications Ne blanchit pas (sans alt\u00e9ration) Adapt\u00e9 aux carreaux rectifi\u00e9s Large choix de teintes en accord avec tous les carreaux tendance ( 19 teintes ) Hydrofug\u00e9 Application R\u00e9alisation de joints pour toutes types\u2026<\/p>\n","protected":false},"featured_media":108995,"template":"","meta":{"_acf_changed":false},"product_category":[754],"product_tag":[],"class_list":["post-115132","product","type-product","status-publish","has-post-thumbnail","hentry","product_category-voegen-afdichting-fr"],"acf":[],"yoast_head":"<!-- This site is optimized with the Yoast SEO plugin v27.3 - https:\/\/yoast.com\/product\/yoast-seo-wordpress\/ -->\n<title>V650 - Storax Belgium<\/title>\n<meta name=\"robots\" content=\"index, follow, max-snippet:-1, max-image-preview:large, max-video-preview:-1\" \/>\n<link rel=\"canonical\" href=\"https:\/\/storax.be\/fr\/producten\/voegen-afdichting-fr\/v650\/\" \/>\n<meta property=\"og:locale\" content=\"fr_FR\" \/>\n<meta property=\"og:type\" content=\"article\" \/>\n<meta property=\"og:title\" content=\"V650 - Storax Belgium\" \/>\n<meta property=\"og:description\" content=\"Mortier joint CG2 WA Caract\u00e9ristiques du produit Finition de joint d\u00e9corative pour tous les carreaux Joint polyvalent\u00a0: tous les carreaux, toutes les applications Ne blanchit pas (sans alt\u00e9ration) Adapt\u00e9 aux carreaux rectifi\u00e9s Large choix de teintes en accord avec tous les carreaux tendance ( 19 teintes ) Hydrofug\u00e9 Application R\u00e9alisation de joints pour toutes types\u2026\" \/>\n<meta property=\"og:url\" content=\"https:\/\/storax.be\/fr\/producten\/voegen-afdichting-fr\/v650\/\" \/>\n<meta property=\"og:site_name\" content=\"Storax Belgium\" \/>\n<meta property=\"article:modified_time\" content=\"2024-05-16T07:38:51+00:00\" \/>\n<meta property=\"og:image\" content=\"https:\/\/storax.be\/wp-content\/uploads\/sites\/2\/2020\/01\/V650.jpg\" \/>\n\t<meta property=\"og:image:width\" content=\"470\" \/>\n\t<meta property=\"og:image:height\" content=\"470\" \/>\n\t<meta property=\"og:image:type\" content=\"image\/jpeg\" \/>\n<meta name=\"twitter:card\" content=\"summary_large_image\" \/>\n<meta name=\"twitter:label1\" content=\"Dur\u00e9e de lecture estim\u00e9e\" \/>\n\t<meta name=\"twitter:data1\" content=\"1 minute\" \/>\n<script type=\"application\/ld+json\" class=\"yoast-schema-graph\">{\"@context\":\"https:\\\/\\\/schema.org\",\"@graph\":[{\"@type\":\"WebPage\",\"@id\":\"https:\\\/\\\/storax.be\\\/fr\\\/producten\\\/voegen-afdichting-fr\\\/v650\\\/\",\"url\":\"https:\\\/\\\/storax.be\\\/fr\\\/producten\\\/voegen-afdichting-fr\\\/v650\\\/\",\"name\":\"V650 - Storax Belgium\",\"isPartOf\":{\"@id\":\"https:\\\/\\\/storax.be\\\/fr\\\/#website\"},\"primaryImageOfPage\":{\"@id\":\"https:\\\/\\\/storax.be\\\/fr\\\/producten\\\/voegen-afdichting-fr\\\/v650\\\/#primaryimage\"},\"image\":{\"@id\":\"https:\\\/\\\/storax.be\\\/fr\\\/producten\\\/voegen-afdichting-fr\\\/v650\\\/#primaryimage\"},\"thumbnailUrl\":\"https:\\\/\\\/storax.be\\\/wp-content\\\/uploads\\\/sites\\\/2\\\/2020\\\/01\\\/V650.jpg\",\"datePublished\":\"2022-08-02T12:06:49+00:00\",\"dateModified\":\"2024-05-16T07:38:51+00:00\",\"breadcrumb\":{\"@id\":\"https:\\\/\\\/storax.be\\\/fr\\\/producten\\\/voegen-afdichting-fr\\\/v650\\\/#breadcrumb\"},\"inLanguage\":\"fr-FR\",\"potentialAction\":[{\"@type\":\"ReadAction\",\"target\":[\"https:\\\/\\\/storax.be\\\/fr\\\/producten\\\/voegen-afdichting-fr\\\/v650\\\/\"]}]},{\"@type\":\"ImageObject\",\"inLanguage\":\"fr-FR\",\"@id\":\"https:\\\/\\\/storax.be\\\/fr\\\/producten\\\/voegen-afdichting-fr\\\/v650\\\/#primaryimage\",\"url\":\"https:\\\/\\\/storax.be\\\/wp-content\\\/uploads\\\/sites\\\/2\\\/2020\\\/01\\\/V650.jpg\",\"contentUrl\":\"https:\\\/\\\/storax.be\\\/wp-content\\\/uploads\\\/sites\\\/2\\\/2020\\\/01\\\/V650.jpg\",\"width\":470,\"height\":470},{\"@type\":\"BreadcrumbList\",\"@id\":\"https:\\\/\\\/storax.be\\\/fr\\\/producten\\\/voegen-afdichting-fr\\\/v650\\\/#breadcrumb\",\"itemListElement\":[{\"@type\":\"ListItem\",\"position\":1,\"name\":\"Home\",\"item\":\"https:\\\/\\\/storax.be\\\/fr\\\/\"},{\"@type\":\"ListItem\",\"position\":2,\"name\":\"Producten\",\"item\":\"https:\\\/\\\/storax.be\\\/fr\\\/producten\\\/%product_category%\\\/\"},{\"@type\":\"ListItem\",\"position\":3,\"name\":\"Colles \u00e0 carrelage\",\"item\":\"https:\\\/\\\/storax.be\\\/fr\\\/producten\\\/colles-a-carrelage\\\/\"},{\"@type\":\"ListItem\",\"position\":4,\"name\":\"Mortiers joint\",\"item\":\"https:\\\/\\\/storax.be\\\/fr\\\/producten\\\/voegen-afdichting-fr\\\/\"},{\"@type\":\"ListItem\",\"position\":5,\"name\":\"V650\"}]},{\"@type\":\"WebSite\",\"@id\":\"https:\\\/\\\/storax.be\\\/fr\\\/#website\",\"url\":\"https:\\\/\\\/storax.be\\\/fr\\\/\",\"name\":\"Storax Belgium\",\"description\":\"Uw betrouwbare partner voor bouwprojecten\",\"potentialAction\":[{\"@type\":\"SearchAction\",\"target\":{\"@type\":\"EntryPoint\",\"urlTemplate\":\"https:\\\/\\\/storax.be\\\/fr\\\/?s={search_term_string}\"},\"query-input\":{\"@type\":\"PropertyValueSpecification\",\"valueRequired\":true,\"valueName\":\"search_term_string\"}}],\"inLanguage\":\"fr-FR\"}]}<\/script>\n<!-- \/ Yoast SEO plugin. -->","yoast_head_json":{"title":"V650 - Storax Belgium","robots":{"index":"index","follow":"follow","max-snippet":"max-snippet:-1","max-image-preview":"max-image-preview:large","max-video-preview":"max-video-preview:-1"},"canonical":"https:\/\/storax.be\/fr\/producten\/voegen-afdichting-fr\/v650\/","og_locale":"fr_FR","og_type":"article","og_title":"V650 - Storax Belgium","og_description":"Mortier joint CG2 WA Caract\u00e9ristiques du produit Finition de joint d\u00e9corative pour tous les carreaux Joint polyvalent\u00a0: tous les carreaux, toutes les applications Ne blanchit pas (sans alt\u00e9ration) Adapt\u00e9 aux carreaux rectifi\u00e9s Large choix de teintes en accord avec tous les carreaux tendance ( 19 teintes ) Hydrofug\u00e9 Application R\u00e9alisation de joints pour toutes types\u2026","og_url":"https:\/\/storax.be\/fr\/producten\/voegen-afdichting-fr\/v650\/","og_site_name":"Storax Belgium","article_modified_time":"2024-05-16T07:38:51+00:00","og_image":[{"width":470,"height":470,"url":"https:\/\/storax.be\/wp-content\/uploads\/sites\/2\/2020\/01\/V650.jpg","type":"image\/jpeg"}],"twitter_card":"summary_large_image","twitter_misc":{"Dur\u00e9e de lecture estim\u00e9e":"1 minute"},"schema":{"@context":"https:\/\/schema.org","@graph":[{"@type":"WebPage","@id":"https:\/\/storax.be\/fr\/producten\/voegen-afdichting-fr\/v650\/","url":"https:\/\/storax.be\/fr\/producten\/voegen-afdichting-fr\/v650\/","name":"V650 - Storax Belgium","isPartOf":{"@id":"https:\/\/storax.be\/fr\/#website"},"primaryImageOfPage":{"@id":"https:\/\/storax.be\/fr\/producten\/voegen-afdichting-fr\/v650\/#primaryimage"},"image":{"@id":"https:\/\/storax.be\/fr\/producten\/voegen-afdichting-fr\/v650\/#primaryimage"},"thumbnailUrl":"https:\/\/storax.be\/wp-content\/uploads\/sites\/2\/2020\/01\/V650.jpg","datePublished":"2022-08-02T12:06:49+00:00","dateModified":"2024-05-16T07:38:51+00:00","breadcrumb":{"@id":"https:\/\/storax.be\/fr\/producten\/voegen-afdichting-fr\/v650\/#breadcrumb"},"inLanguage":"fr-FR","potentialAction":[{"@type":"ReadAction","target":["https:\/\/storax.be\/fr\/producten\/voegen-afdichting-fr\/v650\/"]}]},{"@type":"ImageObject","inLanguage":"fr-FR","@id":"https:\/\/storax.be\/fr\/producten\/voegen-afdichting-fr\/v650\/#primaryimage","url":"https:\/\/storax.be\/wp-content\/uploads\/sites\/2\/2020\/01\/V650.jpg","contentUrl":"https:\/\/storax.be\/wp-content\/uploads\/sites\/2\/2020\/01\/V650.jpg","width":470,"height":470},{"@type":"BreadcrumbList","@id":"https:\/\/storax.be\/fr\/producten\/voegen-afdichting-fr\/v650\/#breadcrumb","itemListElement":[{"@type":"ListItem","position":1,"name":"Home","item":"https:\/\/storax.be\/fr\/"},{"@type":"ListItem","position":2,"name":"Producten","item":"https:\/\/storax.be\/fr\/producten\/%product_category%\/"},{"@type":"ListItem","position":3,"name":"Colles \u00e0 carrelage","item":"https:\/\/storax.be\/fr\/producten\/colles-a-carrelage\/"},{"@type":"ListItem","position":4,"name":"Mortiers joint","item":"https:\/\/storax.be\/fr\/producten\/voegen-afdichting-fr\/"},{"@type":"ListItem","position":5,"name":"V650"}]},{"@type":"WebSite","@id":"https:\/\/storax.be\/fr\/#website","url":"https:\/\/storax.be\/fr\/","name":"Storax Belgium","description":"Uw betrouwbare partner voor bouwprojecten","potentialAction":[{"@type":"SearchAction","target":{"@type":"EntryPoint","urlTemplate":"https:\/\/storax.be\/fr\/?s={search_term_string}"},"query-input":{"@type":"PropertyValueSpecification","valueRequired":true,"valueName":"search_term_string"}}],"inLanguage":"fr-FR"}]}},"_links":{"self":[{"href":"https:\/\/storax.be\/fr\/wp-json\/wp\/v2\/product\/115132","targetHints":{"allow":["GET"]}}],"collection":[{"href":"https:\/\/storax.be\/fr\/wp-json\/wp\/v2\/product"}],"about":[{"href":"https:\/\/storax.be\/fr\/wp-json\/wp\/v2\/types\/product"}],"wp:featuredmedia":[{"embeddable":true,"href":"https:\/\/storax.be\/fr\/wp-json\/wp\/v2\/media\/108995"}],"wp:attachment":[{"href":"https:\/\/storax.be\/fr\/wp-json\/wp\/v2\/media?parent=115132"}],"wp:term":[{"taxonomy":"product_category","embeddable":true,"href":"https:\/\/storax.be\/fr\/wp-json\/wp\/v2\/product_category?post=115132"},{"taxonomy":"product_tag","embeddable":true,"href":"https:\/\/storax.be\/fr\/wp-json\/wp\/v2\/product_tag?post=115132"}],"curies":[{"name":"wp","href":"https:\/\/api.w.org\/{rel}","templated":true}]}}